{"id":908940,"date":"2024-11-28T10:10:01","date_gmt":"2024-11-28T10:10:01","guid":{"rendered":"https:\/\/gpdstore.net\/fara-categorie\/gpd-pocket-4-modul-kvm\/"},"modified":"2026-03-29T00:42:43","modified_gmt":"2026-03-29T00:42:43","slug":"gpd-pocket-4-kvm-module","status":"publish","type":"product","link":"https:\/\/gpdstore.net\/ro\/product\/gpd-pocket-4-kvm-module\/","title":{"rendered":"Modul KVM GPD Pocket 4"},"content":{"rendered":"\n<p>GPD Pocket 4 ofer\u0103 un modul KVM exclusiv ca o caracteristic\u0103 op\u021bional\u0103, permi\u021b\u00e2nd utilizatorilor s\u0103 controleze alte sisteme.<\/p>\n\n<p><\/p>\n","protected":false},"excerpt":{"rendered":"<ul>\n<li><strong>Accesoriu oficial GPD<\/strong><\/li>\n<li>Modul de expansiune <strong>KVM<\/strong> <\/li>\n<li>Porturi HDMI \u0219i<strong> USB-C<\/strong> <\/li>\n<li>Instalare u\u0219oar\u0103 \u00een<strong> GPD Pocket 4<\/strong><\/li>\n<\/ul>\n[cg_accordion title=\"INFORMA\u021aII PRIVIND PLATA\"]<\/p>\n<p>Utiliz\u0103m cea mai recent\u0103 tehnologie de procesare a pl\u0103\u021bilor, care v\u0103 permite s\u0103 efectua\u021bi plata prin intermediul cardului de debit\/credit sau PayPal pentru o experien\u021b\u0103 rapid\u0103 \u0219i sigur\u0103.[\/cg_accordion]\n[cg_accordion title=\"GARAN\u021aIE\"]<\/p>\n<p>Garan\u021bie de 2 ani de la <a href=\"https:\/\/droix.net\/\" target=\"_blank\" rel=\"nofollow noopener\">DROIX Global<\/a> pentru lini\u0219tea dumneavoastr\u0103[\/cg_accordion]\n[cg_accordion title=\"ASIGURAREA CALIT\u0102\u021aII \u0218I TESTAREA \u00ceNAINTE DE EXPEDIERE\"]<\/p>\n<p>Asigurarea satisfac\u021biei clien\u021bilor la cel mai \u00eenalt standard: Fiecare dispozitiv este supus unor teste riguroase \u0219i unei verific\u0103ri de asigurare a calit\u0103\u021bii \u00een mai multe puncte \u00eenainte de a fi expediat. Echipa noastr\u0103 dedicat\u0103 verific\u0103 performan\u021ba, func\u021bionalitatea \u0219i integritatea componentelor pentru a garanta c\u0103 dispozitivul dvs. GPD este \u00een stare perfect\u0103 de func\u021bionare la sosire, oferindu-v\u0103 \u00eencredere \u0219i lini\u0219te sufleteasc\u0103. [\/cg_accordion]\n[cg_accordion title=\"PRE\u021aURI, TAXE \u0218I TRANSPORT\"]<\/p>\n<p><strong><u>Not\u0103:<\/u><\/strong><\/p>\n<ul>\n<li>Clien\u021bii din Statele Unite ale Americii: Pre\u021bul afi\u0219at NU include TAXE sau taxe vamale. Responsabilitatea de a v\u0103mui \u0219i de a pl\u0103ti orice tax\u0103\/tax\u0103 asociat\u0103 revine clientului. <\/li>\n<li>Clien\u021bii din UE: Pre\u021bul afi\u0219at include TAXA aplicabil\u0103, care poate fi de p\u00e2n\u0103 la 25% \u00een func\u021bie de \u021bara dumneavoastr\u0103.<\/li>\n<li>Clien\u021bii din Canada: Pre\u021bul afi\u0219at include taxele aplicabile, care pot include 5% GST \u0219i taxe de v\u00e2nzare provinciale suplimentare (PST), taxa de v\u00e2nzare armonizat\u0103 (HST) sau taxa de v\u00e2nzare din Quebec (QST), \u00een func\u021bie de provincia dumneavoastr\u0103.<\/li>\n<\/ul>\n<p>Pentru clien\u021bii no\u0219tri din SUA: Comenzile sunt expediate DAP (Delivered At Place). \u00cen timp ce clien\u021bii sunt responsabili pentru plata oric\u0103ror tarife aplicabile, ne baz\u0103m pe vasta noastr\u0103 experien\u021b\u0103 \u00een expedierea din Regatul Unit pentru a ne asigura c\u0103 pl\u0103ti\u021bi cele mai mici taxe posibile. Pe baza \u00eenregistr\u0103rilor noastre, aceste taxe nu dep\u0103\u0219esc de obicei 10% din valoarea articolului.  <\/p>\n<p><strong>Doar pentru clien\u021bii din UE:<\/strong> Express DDP (Delivered Duty Paid). Aceasta \u00eenseamn\u0103 c\u0103: <\/p>\n<ul>\n<li>Toate taxele vamale \u0219i impozitele sunt incluse \u00een pre\u021bul afi\u0219at pe pagina produsului.<\/li>\n<li>Nu va trebui s\u0103 pl\u0103ti\u021bi nicio tax\u0103 suplimentar\u0103 la livrare.<\/li>\n<li>\u00cen cazul rar al unor probleme legate de vam\u0103, echipa noastr\u0103 se va ocupa de procesul de v\u0103muire \u00een numele dvs. pentru a asigura o livrare f\u0103r\u0103 probleme.<\/li>\n<p>Informa\u021bii importante despre retururi:<\/p>\n<li>Dac\u0103 decide\u021bi s\u0103 returna\u021bi comanda sau s\u0103 solicita\u021bi o rambursare, v\u0103 rug\u0103m s\u0103 re\u021bine\u021bi c\u0103 taxele \u0219i impozitele pl\u0103tite \u00een numele dvs. \u00een conformitate cu termenii DDP nu pot fi rambursate.<\/li>\n<p>V\u0103 rug\u0103m s\u0103 consulta\u021bi <a href=\"https:\/\/droix.net\/terms-and-conditions\/\" target=\"_blank\" rel=\"nofollow noopener\">Termenii \u0219i condi\u021biile<\/a> noastre pentru informa\u021bii detaliate.\n<\/ul>\n<p>[\/cg_accordion]\n[cg_accordion title=\"ASISTEN\u021a\u0102 PENTRU CLIEN\u021aI\"]<\/p>\n<p>Ave\u021bi o \u00eentrebare? Suntem la un scurt mesaj distan\u021b\u0103 de rezolvarea problemei tale! <\/p>\n<p>V\u0103 rug\u0103m s\u0103 consulta\u021bi <a href=\"https:\/\/gpdstore.net\/ro\/terms-of-service\/\" target=\"_blank\" rel=\"nofollow noopener\">Termenii \u0219i condi\u021biile<\/a> noastre pentru informa\u021bii detaliate.\n<\/ul>\n<p>[\/cg_accordion]\n[cg_accordion title=\"CE ESTE INCLUS\"]<\/p>\n<ul>\n<li>1x Modul KVM<\/li>\n<\/ul>\n<p>[\/cg_accordion]\n","protected":false},"featured_media":907914,"template":"","meta":{"_acf_changed":false},"product_brand":[],"product_cat":[5390],"product_tag":[14831],"woo-feed-brand":[5812],"class_list":{"0":"post-908940","1":"product","2":"type-product","3":"status-publish","4":"has-post-thumbnail","6":"product_cat-accesorii","7":"product_tag-25xmsale-ro-2","8":"product_shipping_class-low-end","9":"pa_accessory-type-complemente","10":"pa_accessory-type-suplimente","11":"pa_brand-gpd","12":"woo-feed-brand-gpd-ro","14":"first","15":"instock","16":"sale","17":"taxable","18":"shipping-taxable","19":"purchasable","20":"product-type-simple"},"acf":[],"aioseo_notices":[],"_links":{"self":[{"href":"https:\/\/gpdstore.net\/ro\/wp-json\/wp\/v2\/product\/908940","targetHints":{"allow":["GET"]}}],"collection":[{"href":"https:\/\/gpdstore.net\/ro\/wp-json\/wp\/v2\/product"}],"about":[{"href":"https:\/\/gpdstore.net\/ro\/wp-json\/wp\/v2\/types\/product"}],"wp:featuredmedia":[{"embeddable":true,"href":"https:\/\/gpdstore.net\/ro\/wp-json\/wp\/v2\/media\/907914"}],"wp:attachment":[{"href":"https:\/\/gpdstore.net\/ro\/wp-json\/wp\/v2\/media?parent=908940"}],"wp:term":[{"taxonomy":"product_brand","embeddable":true,"href":"https:\/\/gpdstore.net\/ro\/wp-json\/wp\/v2\/product_brand?post=908940"},{"taxonomy":"product_cat","embeddable":true,"href":"https:\/\/gpdstore.net\/ro\/wp-json\/wp\/v2\/product_cat?post=908940"},{"taxonomy":"product_tag","embeddable":true,"href":"https:\/\/gpdstore.net\/ro\/wp-json\/wp\/v2\/product_tag?post=908940"},{"taxonomy":"woo-feed-brand","embeddable":true,"href":"https:\/\/gpdstore.net\/ro\/wp-json\/wp\/v2\/woo-feed-brand?post=908940"}],"curies":[{"name":"wp","href":"https:\/\/api.w.org\/{rel}","templated":true}]}}