{"id":83838,"date":"2024-05-08T15:41:24","date_gmt":"2024-05-08T15:41:24","guid":{"rendered":"https:\/\/gpdstore.net\/fara-categorie\/statie-de-andocare-gpd-win-4\/"},"modified":"2025-12-23T10:17:56","modified_gmt":"2025-12-23T10:17:56","slug":"gpd-win-4-docking-station","status":"publish","type":"product","link":"https:\/\/gpdstore.net\/ro\/product\/gpd-win-4-docking-station\/","title":{"rendered":"Sta\u021bie de andocare GPD WIN 4"},"content":{"rendered":"\n<h3 class=\"wp-block-heading\"><strong>Transforma\u021bi GPD WIN 4 \u00eentr-un desktop cu sta\u021bia de andocare oficial\u0103<\/strong><\/h3>\n\n<p>Ridica\u021bi experien\u021ba jocurilor dvs. portabile la nivel de desktop cu sta\u021bia de andocare GPD WIN 4. Acest accesoriu esen\u021bial nu numai c\u0103 v\u0103 extinde op\u021biunile de conectivitate, dar spore\u0219te \u0219i func\u021bionalitatea dispozitivului dvs., transform\u00e2ndu-l \u00eentr-un PC desktop complet echipat. <\/p>\n\n<h3 class=\"wp-block-heading\"><strong>Conectivitate USB \u00eembun\u0103t\u0103\u021bit\u0103<\/strong><\/h3>\n\n<p>Sta\u021bia de andocare GPD WIN 4 este echipat\u0103 cu trei porturi USB 3.2 Gen 2 Type-A, oferind viteze de p\u00e2n\u0103 la 10Gbps pentru conectarea unei variet\u0103\u021bi de periferice precum tastaturi, mouse-uri \u0219i dispozitive de stocare externe de mare vitez\u0103.<\/p>\n\n<p>De asemenea, are un port USB 3.2 Gen 2 Type-C proiectat pentru \u00eenc\u0103rcare rapid\u0103, care accept\u0103 \u00eenc\u0103rc\u0103toare de mare putere pentru a v\u0103 \u00eenc\u0103rca rapid dispozitivul.<\/p>\n\n<h3 class=\"wp-block-heading\"><strong>Op\u021biuni superioare de afi\u0219are<\/strong><\/h3>\n\n<p>Experimenta\u021bi imagini de \u00eenalt\u0103 rezolu\u021bie conect\u00e2nd GPD WIN 4 la un monitor extern sau la un televizor prin portul HDMI 2.0. Aceast\u0103 configura\u021bie v\u0103 permite s\u0103 utiliza\u021bi afi\u0219ajul GPD WIN 4 ca un ecran secundar, \u00eembun\u0103t\u0103\u021bind productivitatea \u0219i experien\u021ba de joc cu capacit\u0103\u021bi de afi\u0219are dual\u0103. <\/p>\n\n<h3 class=\"wp-block-heading\"><strong>Conectivitate rapid\u0103 \u0219i sigur\u0103 la internet<\/strong><\/h3>\n\n<p>Sta\u021bia de andocare include un port Ethernet RJ45 de 1 Gbps, oferind o conexiune rapid\u0103 \u0219i sigur\u0103 pentru streaming, jocuri \u0219i transferuri de date, dep\u0103\u0219ind viteza \u0219i securitatea wireless.<\/p>\n\n<h3 class=\"wp-block-heading\"><strong>Design compact pentru portabilitate maxim\u0103<\/strong><\/h3>\n\n<p>Sta\u021bia de andocare GPD WIN 4 are un factor de form\u0103 compact, m\u0103sur\u00e2nd doar 3,4 x 5,6 x 3,2 inci \u0219i c\u00e2nt\u0103rind doar 224 g. Acest lucru o face incredibil de portabil\u0103 \u0219i u\u0219or de integrat \u00een orice spa\u021biu de lucru f\u0103r\u0103 dezordine. Designul s\u0103u include un spate deta\u0219abil care permite conectarea \u0219i transportarea u\u0219oar\u0103 a sta\u021biei de andocare \u0219i a dispozitivului.  <\/p>\n\n<p>\u00cen plus, designul sta\u021biei de andocare las\u0103 liber al doilea port USB Type-C de pe GPD WIN 4, permi\u021b\u00e2ndu-v\u0103 s\u0103 conecta\u021bi periferice de \u00eenalt\u0103 performan\u021b\u0103, cum ar fi un GPU extern, \u00eembun\u0103t\u0103\u021bind \u0219i mai mult configura\u021bia dvs.<\/p>\n\n<h3 class=\"wp-block-heading\"><strong>Avantaje \u0219i dezavantaje ale sta\u021biei de andocare GPD WIN 4<\/strong><\/h3>\n\n<h3 class=\"wp-block-heading\"><strong>Avantaje:<\/strong><\/h3>\n\n<ul class=\"wp-block-list\">\n<li>Multiple porturi USB 3.2 Gen 2 Tip-A pentru diverse periferice<\/li>\n\n\n\n<li>Ie\u0219ire HDMI 2.0 pentru monitoare sau televizoare externe<\/li>\n\n\n\n<li>Ethernet 1Gbps de mare vitez\u0103 pentru conectivitate fiabil\u0103 la internet<\/li>\n\n\n\n<li>Port USB Type-C pentru \u00eenc\u0103rcarea rapid\u0103 a dispozitivului<\/li>\n<\/ul>\n\n<h3 class=\"wp-block-heading\"><strong>Cons:<\/strong><\/h3>\n\n<ul class=\"wp-block-list\">\n<li>Lipse\u0219te un port USB Type-C suplimentar pentru conexiuni periferice<\/li>\n<\/ul>\n\n<h3 class=\"wp-block-heading\"><strong>Beneficiile utiliz\u0103rii unei sta\u021bii de andocare<\/strong><\/h3>\n\n<p>O sta\u021bie de andocare v\u0103 simplific\u0103 fluxul de lucru prin conectarea laptopului la mai multe periferice prin intermediul unui singur cablu. Acest lucru nu numai c\u0103 v\u0103 ajut\u0103 s\u0103 v\u0103 degreva\u021bi spa\u021biul de lucru, dar v\u0103 spore\u0219te \u0219i productivitatea, permi\u021b\u00e2nd configura\u021bii cu dou\u0103 ecrane. \u00cen plus, minimizeaz\u0103 uzura porturilor dispozitivului dvs., prelungind durata de via\u021b\u0103 a GPD WIN 4, deoarece reduce necesitatea frecvent\u0103 de a conecta \u0219i deconecta mai multe cabluri.  <\/p>\n\n<p>Investe\u0219te ast\u0103zi \u00een sta\u021bia de andocare GPD WIN 4 pentru a-\u021bi transforma configura\u021bia de gaming \u0219i a-\u021bi eficientiza spa\u021biul de lucru, f\u0103c\u00e2nd din GPD WIN 4 nu doar un gadget de gaming, ci o sta\u021bie de lucru complet\u0103.<\/p>\n","protected":false},"excerpt":{"rendered":"<ul>\n<li>Stoca\u021bi \u0219i \u00eenc\u0103rca\u021bi <strong>GPD WIN 4<\/strong><\/li>\n<li>Transforma\u021bi Handheld-ul \u00eentr-un <strong>Desktop<\/strong><\/li>\n<li>Conecta\u021bi toate perifericele.<\/li>\n<li>Dock oficial GPD proiectat pentru <strong>GPD WIN 4<\/strong><\/li>\n<li>Mic, u\u0219or \u0219i u\u0219or de transportat<\/li>\n<\/ul>\n[cg_accordion title=\"INFORMA\u021aII PRIVIND PLATA\"]<\/p>\n<p>Utiliz\u0103m cea mai recent\u0103 tehnologie de procesare a pl\u0103\u021bilor, care v\u0103 permite s\u0103 efectua\u021bi plata prin intermediul cardului de debit\/credit sau PayPal pentru o experien\u021b\u0103 rapid\u0103 \u0219i sigur\u0103.[\/cg_accordion]\n[cg_accordion title=\"GARAN\u021aIE\"]<\/p>\n<p>Garan\u021bie de 2 ani de la <a href=\"https:\/\/droix.net\/\" target=\"_blank\" rel=\"nofollow noopener\">DROIX Global<\/a> pentru lini\u0219tea dumneavoastr\u0103[\/cg_accordion]\n[cg_accordion title=\"PRE\u021aURI, TAXE \u0218I TRANSPORT\"]<\/p>\n<p><strong><u>Not\u0103:<\/u><\/strong><br \/>\n &#8211; Clien\u021bii din Statele Unite: Pre\u021bul afi\u0219at include toate taxele aplicabile.<br \/>\n &#8211; Clien\u021bii din UE: Pre\u021bul afi\u0219at include TAXA aplicabil\u0103, care poate fi de p\u00e2n\u0103 la 25% \u00een func\u021bie de \u021bara dumneavoastr\u0103.<br \/>\n &#8211; Clien\u021bii din Canada: Pre\u021bul afi\u0219at include taxele aplicabile, care pot include 5% GST \u0219i taxe de v\u00e2nzare provinciale suplimentare (PST), taxa de v\u00e2nzare armonizat\u0103 (HST) sau taxa de v\u00e2nzare din Quebec (QST), \u00een func\u021bie de provincia dumneavoastr\u0103.[\/cg_accordion]\n[cg_accordion title=\"EXPEDIERE \u0218I RETURNARE\"]<\/p>\n<p>Organizat de <a href=\"https:\/\/droix.net\/\" target=\"_blank\" rel=\"nofollow noopener\">DroiX<\/a>, un distribuitor oficial GPD, livr\u0103m folosind DHL Express DDP (Delivered Duty Paid). Acest lucru \u00eenseamn\u0103 c\u0103: <\/p>\n<p>Express DDP (Delivered Duty Paid). Aceasta \u00eenseamn\u0103 c\u0103:<br \/>\n &#8211; Toate taxele vamale \u0219i impozitele sunt incluse \u00een pre\u021bul afi\u0219at pe pagina produsului.<br \/>\n &#8211; Nu va trebui s\u0103 pl\u0103ti\u021bi nicio tax\u0103 suplimentar\u0103 la livrare.<br \/>\n &#8211; \u00cen cazul rar al unor probleme legate de vam\u0103, echipa noastr\u0103 se va ocupa de procesul de v\u0103muire \u00een numele dvs. pentru a asigura o experien\u021b\u0103 de livrare f\u0103r\u0103 probleme. <\/p>\n<p>Informa\u021bii importante despre return\u0103ri:<br \/>\n &#8211; Dac\u0103 decide\u021bi s\u0103 returna\u021bi comanda sau s\u0103 solicita\u021bi o rambursare, v\u0103 rug\u0103m s\u0103 re\u021bine\u021bi c\u0103 taxele \u0219i impozitele pl\u0103tite \u00een numele dvs. conform condi\u021biilor DDP nu pot fi rambursate.<\/p>\n<p>V\u0103 rug\u0103m s\u0103 consulta\u021bi <a href=\"https:\/\/gpdstore.net\/ro\/terms-of-service\/\" target=\"_blank\" rel=\"nofollow noopener\">Termenii \u0219i condi\u021biile<\/a> noastre pentru informa\u021bii detaliate.[\/cg_accordion]\n[cg_accordion title=\"CE ESTE INCLUS\"]<\/p>\n<ul>\n<li>1x GPD WIN 4 Dock<\/li>\n<\/ul>\n<p>[\/cg_accordion]\n","protected":false},"featured_media":83949,"template":"","meta":{"_acf_changed":false},"product_brand":[],"product_cat":[5390],"product_tag":[6131],"woo-feed-brand":[5812],"class_list":{"0":"post-83838","1":"product","2":"type-product","3":"status-publish","4":"has-post-thumbnail","6":"product_cat-accesorii","7":"product_tag-gpd-win-4-accessory-ro","8":"product_shipping_class-low-end","9":"product_shipping_class-standard","11":"pa_accessory-type-statie-de-andocare","12":"pa_brand-gpd","13":"woo-feed-brand-gpd-ro","15":"first","16":"outofstock","17":"taxable","18":"shipping-taxable","19":"purchasable","20":"product-type-variable","21":"has-default-attributes"},"acf":[],"aioseo_notices":[],"_links":{"self":[{"href":"https:\/\/gpdstore.net\/ro\/wp-json\/wp\/v2\/product\/83838","targetHints":{"allow":["GET"]}}],"collection":[{"href":"https:\/\/gpdstore.net\/ro\/wp-json\/wp\/v2\/product"}],"about":[{"href":"https:\/\/gpdstore.net\/ro\/wp-json\/wp\/v2\/types\/product"}],"wp:featuredmedia":[{"embeddable":true,"href":"https:\/\/gpdstore.net\/ro\/wp-json\/wp\/v2\/media\/83949"}],"wp:attachment":[{"href":"https:\/\/gpdstore.net\/ro\/wp-json\/wp\/v2\/media?parent=83838"}],"wp:term":[{"taxonomy":"product_brand","embeddable":true,"href":"https:\/\/gpdstore.net\/ro\/wp-json\/wp\/v2\/product_brand?post=83838"},{"taxonomy":"product_cat","embeddable":true,"href":"https:\/\/gpdstore.net\/ro\/wp-json\/wp\/v2\/product_cat?post=83838"},{"taxonomy":"product_tag","embeddable":true,"href":"https:\/\/gpdstore.net\/ro\/wp-json\/wp\/v2\/product_tag?post=83838"},{"taxonomy":"woo-feed-brand","embeddable":true,"href":"https:\/\/gpdstore.net\/ro\/wp-json\/wp\/v2\/woo-feed-brand?post=83838"}],"curies":[{"name":"wp","href":"https:\/\/api.w.org\/{rel}","templated":true}]}}