{"id":81726,"date":"2024-04-23T16:13:31","date_gmt":"2024-04-23T16:13:31","guid":{"rendered":"https:\/\/gpdstore.net\/fara-categorie\/stylus-gpd-pentru-gpd-pocket-3-si-win-max-2\/"},"modified":"2025-11-24T11:26:09","modified_gmt":"2025-11-24T11:26:09","slug":"gpd-stylus","status":"publish","type":"product","link":"https:\/\/gpdstore.net\/ro\/product\/gpd-stylus\/","title":{"rendered":"GPD Stylus pentru GPD Pocket 3 &amp; WIN MAX 2"},"content":{"rendered":"\n<p><br\/>V\u0103 prezent\u0103m GPD Stylus: instrumentul dvs. suprem pentru precizie \u0219i confort, conceput pentru a spori func\u021bionalitatea GPD Pocket 3 \u0219i GPD Win Max 2 \u0219i compatibil cu numeroase alte modele de laptopuri \u0219i tablete. Fabricat din aliaj robust de aluminiu, acest stylus este modelat pentru a se potrivi confortabil \u00een m\u00e2n\u0103, fiind ideal pentru utilizare prelungit\u0103 f\u0103r\u0103 disconfort. Se m\u00e2ndre\u0219te cu un v\u00e2rf sensibil la presiune de 4096 de niveluri, de \u00eenalt\u0103 sensibilitate, realizat din cauciuc moale \u0219i flexibil, asigur\u00e2nd c\u0103 fiecare curs\u0103 este la fel de precis\u0103 \u0219i receptiv\u0103 ca stiloul pe h\u00e2rtie. Acest nivel de acurate\u021be este perfect pentru o gam\u0103 larg\u0103 de activit\u0103\u021bi, de la schi\u021be \u0219i editarea fotografiilor p\u00e2n\u0103 la lucr\u0103ri detaliate cu pensula \u0219i scrierea de memorii rapide.   <\/p>\n\n<p>Dincolo de capacit\u0103\u021bile sale precise, GPD Stylus este proiectat pentru a v\u0103 men\u021bine ecranul \u00eentr-o stare impecabil\u0103, datorit\u0103 v\u00e2rfului s\u0103u din cauciuc care protejeaz\u0103 \u00eempotriva zg\u00e2rieturilor \u0219i a resturilor. Nu este doar func\u021bional, ci \u0219i u\u0219or \u0219i u\u0219or de transportat, cu o cataram\u0103 la \u00eendem\u00e2n\u0103 pentru ata\u0219area u\u0219oar\u0103 la un buzunar sau la o geant\u0103 &#8211; ideal pentru profesioni\u0219tii ocupa\u021bi sau creativii \u00een mi\u0219care. \u00cembun\u0103t\u0103\u021bi\u021bi interac\u021biunile dvs. digitale, indiferent dac\u0103 naviga\u021bi prin aplica\u021bii, capta\u021bi idei sau v\u0103 explora\u021bi latura artistic\u0103, cu GPD Stylus &#8211; combina\u021bia perfect\u0103 de func\u021bionalitate \u0219i design inovator.  <\/p>\n","protected":false},"excerpt":{"rendered":"<ul>\n<li>Func\u021bioneaz\u0103 cu<strong> GPD Pocket 3<\/strong> \u0219i GPD WIN MAX 2<\/li>\n<li>Sensibilitate la presiune <strong>de 4096 de niveluri<\/strong> <\/li>\n<li>Elegant \u0219i ergonomic<\/li>\n<li><strong> Cataram\u0103<\/strong> metalic\u0103<\/li>\n<li>Scrierea memoriilor \u0219i introducerea caracterelor<\/li>\n<\/ul>\n<p> [cg_accordion title=\"INFORMA\u021aII PRIVIND PLATA\"] Utiliz\u0103m cea mai recent\u0103 tehnologie \u00een procesarea pl\u0103\u021bilor, care v\u0103 permite s\u0103 efectua\u021bi plata prin Apple Pay, Google Pay, cardul de debit\/credit, PayPal sau metode BNPL precum Klarna, Affirm sau AfterPay pentru o experien\u021b\u0103 rapid\u0103 \u0219i sigur\u0103.[\/cg_accordion] [cg_accordion title=\"GARAN\u021aIE\"] Garan\u021bie de 2 ani de la <a href=\"https:\/\/droix.net\/\" target=\"_blank\" rel=\"nofollow noopener\">DROIX Global<\/a> pentru lini\u0219tea dvs.[\/cg_accordion] [cg_accordion title=\"PRICING, TAXES AND SHIPPING\"] <strong><u>Not\u0103:<\/u><\/strong><\/p>\n<ul>\n<li>Clien\u021bii din Statele Unite ale Americii: Pre\u021bul afi\u0219at NU include TAXE sau taxe vamale. Responsabilitatea de a v\u0103mui \u0219i de a pl\u0103ti orice tax\u0103\/tax\u0103 asociat\u0103 revine clientului. <\/li>\n<li>Clien\u021bii din UE: Pre\u021bul afi\u0219at include TAXA aplicabil\u0103, care poate fi de p\u00e2n\u0103 la 25% \u00een func\u021bie de \u021bara dumneavoastr\u0103.<\/li>\n<li>Clien\u021bii din Canada: Pre\u021bul afi\u0219at include taxele aplicabile, care pot include 5% GST \u0219i taxe de v\u00e2nzare provinciale suplimentare (PST), taxa de v\u00e2nzare armonizat\u0103 (HST) sau taxa de v\u00e2nzare din Quebec (QST), \u00een func\u021bie de provincia dumneavoastr\u0103.<\/li>\n<\/ul>\n<p><strong>Doar pentru clien\u021bii din UE:<\/strong> Express DDP (Delivered Duty Paid). Aceasta \u00eenseamn\u0103 c\u0103: <\/p>\n<ul>\n<li style=\"list-style-type: none;\">\n<ul>\n<li>Toate taxele vamale \u0219i impozitele sunt incluse \u00een pre\u021bul afi\u0219at pe pagina produsului.<\/li>\n<li>Nu va trebui s\u0103 pl\u0103ti\u021bi nicio tax\u0103 suplimentar\u0103 la livrare.<\/li>\n<li>\u00cen cazul rar al unor probleme legate de vam\u0103, echipa noastr\u0103 se va ocupa de procesul de v\u0103muire \u00een numele dvs. pentru a asigura o livrare f\u0103r\u0103 probleme.<\/li>\n<p>Informa\u021bii importante despre retururi:<\/p>\n<li>Dac\u0103 decide\u021bi s\u0103 returna\u021bi comanda sau s\u0103 solicita\u021bi o rambursare, v\u0103 rug\u0103m s\u0103 re\u021bine\u021bi c\u0103 taxele \u0219i impozitele pl\u0103tite \u00een numele dvs. \u00een conformitate cu termenii DDP nu pot fi rambursate.<\/li>\n<p>V\u0103 rug\u0103m s\u0103 consulta\u021bi site-ul nostru<\/ul>\n<\/li>\n<\/ul>\n<p><a href=\"https:\/\/gpdstore.net\/ro\/terms-of-service\/\" target=\"_blank\" rel=\"nofollow noopener\">Termeni \u0219i condi\u021bii<\/a><\/p>\n<ul>pentru informa\u021bii detaliate.<\/ul>\n<p>[\/cg_accordion] [cg_accordion title=\"ASISTEN\u021a\u0102 PENTRU CLIEN\u021aI\"]  Ave\u021bi o \u00eentrebare? Suntem la un scurt mesaj distan\u021b\u0103 de rezolvarea problemei tale!   [\/cg_accordion] [cg_accordion title=\"WHAT'S INCLUDED\"]<\/p>\n<ul>\n<li>1x Stylus GPD<\/li>\n<\/ul>\n<p>[\/cg_accordion]<\/p>\n","protected":false},"featured_media":81728,"template":"","meta":{"_acf_changed":false},"product_brand":[],"product_cat":[5390],"product_tag":[15929,6105],"woo-feed-brand":[5812],"class_list":{"0":"post-81726","1":"product","2":"type-product","3":"status-publish","4":"has-post-thumbnail","6":"product_cat-accesorii","7":"product_tag-15xmsale-ro","8":"product_tag-gpd-wm2-accesoriu","9":"product_shipping_class-low-end","10":"pa_accessory-type-stylus-ro","11":"pa_brand-gpd","12":"woo-feed-brand-gpd-ro","14":"first","15":"instock","16":"sale","17":"taxable","18":"shipping-taxable","19":"purchasable","20":"product-type-variable","21":"has-default-attributes"},"acf":[],"aioseo_notices":[],"_links":{"self":[{"href":"https:\/\/gpdstore.net\/ro\/wp-json\/wp\/v2\/product\/81726","targetHints":{"allow":["GET"]}}],"collection":[{"href":"https:\/\/gpdstore.net\/ro\/wp-json\/wp\/v2\/product"}],"about":[{"href":"https:\/\/gpdstore.net\/ro\/wp-json\/wp\/v2\/types\/product"}],"wp:featuredmedia":[{"embeddable":true,"href":"https:\/\/gpdstore.net\/ro\/wp-json\/wp\/v2\/media\/81728"}],"wp:attachment":[{"href":"https:\/\/gpdstore.net\/ro\/wp-json\/wp\/v2\/media?parent=81726"}],"wp:term":[{"taxonomy":"product_brand","embeddable":true,"href":"https:\/\/gpdstore.net\/ro\/wp-json\/wp\/v2\/product_brand?post=81726"},{"taxonomy":"product_cat","embeddable":true,"href":"https:\/\/gpdstore.net\/ro\/wp-json\/wp\/v2\/product_cat?post=81726"},{"taxonomy":"product_tag","embeddable":true,"href":"https:\/\/gpdstore.net\/ro\/wp-json\/wp\/v2\/product_tag?post=81726"},{"taxonomy":"woo-feed-brand","embeddable":true,"href":"https:\/\/gpdstore.net\/ro\/wp-json\/wp\/v2\/woo-feed-brand?post=81726"}],"curies":[{"name":"wp","href":"https:\/\/api.w.org\/{rel}","templated":true}]}}