{"id":808717,"date":"2024-11-21T09:56:41","date_gmt":"2024-11-21T09:56:41","guid":{"rendered":"https:\/\/gpdstore.net\/?post_type=product&#038;p=808717"},"modified":"2025-12-23T10:03:52","modified_gmt":"2025-12-23T10:03:52","slug":"gpd-duo-protective-case","status":"publish","type":"product","link":"https:\/\/gpdstore.net\/ro\/product\/gpd-duo-protective-case\/","title":{"rendered":"Hus\u0103 de protec\u021bie GPD DUO"},"content":{"rendered":"\n<p>Proteja\u021bi-v\u0103 GPD DUO \u00een stil cu <strong>husa de protec\u021bie oficial\u0103 GPD DUO<\/strong>. Conceput\u0103 exclusiv pentru GPD DUO, aceast\u0103 hus\u0103 elegant\u0103 \u0219i durabil\u0103 ofer\u0103 combina\u021bia perfect\u0103 de func\u021bionalitate \u0219i protec\u021bie. Fie c\u0103 v\u0103 deplasa\u021bi, c\u0103l\u0103tori\u021bi sau pur \u0219i simplu v\u0103 depozita\u021bi dispozitivul, aceast\u0103 hus\u0103 v\u0103 asigur\u0103 c\u0103 GPD DUO r\u0103m\u00e2ne \u00een siguran\u021b\u0103.  <\/p>\n\n<p>Carcasa are un <strong>exterior din \u021bes\u0103tur\u0103 robust\u0103<\/strong> pentru a proteja dispozitivul de deterior\u0103ri externe \u0219i un <strong>interior moale, c\u0103ptu\u0219it<\/strong> pentru a proteja \u00eempotriva zg\u00e2rieturilor \u0219i a impactului. Cu designul s\u0103u compact, aceasta g\u0103zduie\u0219te cu u\u0219urin\u021b\u0103 GPD DUO, l\u0103s\u00e2nd \u00een acela\u0219i timp spa\u021biu pentru accesoriile esen\u021biale. <\/p>\n\n<p>Geanta este echipat\u0103 cu <strong>m\u00e2nere duble<\/strong> pentru transport u\u0219or \u0219i o <strong>curea de um\u0103r reglabil\u0103<\/strong>, oferindu-v\u0103 flexibilitatea de a o transporta \u00een modul care vi se potrive\u0219te cel mai bine. Construc\u021bia sa u\u0219oar\u0103 o face ideal\u0103 pentru utilizatorii \u00een mi\u0219care care doresc protec\u021bie fiabil\u0103 f\u0103r\u0103 volum inutil. <\/p>\n\n<h3 class=\"wp-block-heading\"><strong>Caracteristici principale:<\/strong><\/h3>\n\n<ul class=\"wp-block-list\">\n<li>Produs oficial GPD conceput special pentru GPD DUO<\/li>\n\n\n\n<li>Exterior din \u021bes\u0103tur\u0103 durabil\u0103 pentru protec\u021bie sporit\u0103<\/li>\n\n\n\n<li>Interior moale, c\u0103ptu\u0219it pentru a proteja dispozitivul de zg\u00e2rieturi \u0219i impacturi<\/li>\n\n\n\n<li>M\u00e2nere duble \u0219i curea de um\u0103r reglabil\u0103 pentru op\u021biuni versatile de transport<\/li>\n\n\n\n<li>Design compact \u0219i u\u0219or pentru portabilitate maxim\u0103<\/li>\n<\/ul>\n\n<p>Lua\u021bi GPD DUO oriunde cu \u00eencredere, \u0219tiind c\u0103 este protejat de o hus\u0103 care combin\u0103 caracterul practic, durabilitatea \u0219i stilul.<\/p>\n\n<p><\/p>\n","protected":false},"excerpt":{"rendered":"<ul>\n<li>Produs oficial <strong>GPD<\/strong> <\/li>\n<li>Conceput special pentru <strong>GPD DUO<\/strong><\/li>\n<li>Exterior din \u021bes\u0103tur\u0103 durabil\u0103 pentru protec\u021bie sporit\u0103<\/li>\n<li>Interior moale, c\u0103ptu\u0219it pentru a preveni zg\u00e2rieturile \u0219i loviturile<\/li>\n<li>Include ambele m\u00e2nere duble \u0219i o curea de um\u0103r reglabil\u0103 pentru op\u021biuni versatile de transport<\/li>\n<\/ul>\n[cg_accordion title=\"INFORMA\u021aII PRIVIND PLATA\"]<\/p>\n<p>Utiliz\u0103m cea mai recent\u0103 tehnologie de procesare a pl\u0103\u021bilor, care v\u0103 permite s\u0103 efectua\u021bi plata prin Apple Pay, Google Pay, cardul dvs. de debit\/credit, PayPal sau metode BNPL precum Klarna, Affirm sau AfterPay pentru o experien\u021b\u0103 rapid\u0103 \u0219i sigur\u0103.[\/cg_accordion]\n[cg_accordion title=\"GARAN\u021aIE\"]<\/p>\n<p>Garan\u021bie de 2 ani de la <a href=\"https:\/\/droix.net\/\" target=\"_blank\" rel=\"nofollow noopener\">DROIX Global<\/a> pentru lini\u0219tea dumneavoastr\u0103[\/cg_accordion]\n[cg_accordion title=\"PRE\u021aURI, TAXE \u0218I TRANSPORT\"]<\/p>\n<p><strong><u>Not\u0103:<\/u><\/strong><\/p>\n<ul>\n<li>Clien\u021bii din Statele Unite ale Americii: Pre\u021bul afi\u0219at NU include TAXE sau taxe vamale. Responsabilitatea de a v\u0103mui \u0219i de a pl\u0103ti orice tax\u0103\/tax\u0103 asociat\u0103 revine clientului. <\/li>\n<li>Clien\u021bii din UE: Pre\u021bul afi\u0219at include TAXA aplicabil\u0103, care poate fi de p\u00e2n\u0103 la 25% \u00een func\u021bie de \u021bara dumneavoastr\u0103.<\/li>\n<li>Clien\u021bii din Canada: Pre\u021bul afi\u0219at include taxele aplicabile, care pot include 5% GST \u0219i taxe de v\u00e2nzare provinciale suplimentare (PST), taxa de v\u00e2nzare armonizat\u0103 (HST) sau taxa de v\u00e2nzare din Quebec (QST), \u00een func\u021bie de provincia dumneavoastr\u0103.<\/li>\n<\/ul>\n<p><strong>Doar pentru clien\u021bii din UE:<\/strong> Express DDP (Delivered Duty Paid). Aceasta \u00eenseamn\u0103 c\u0103: <\/p>\n<ul>\n<li>Toate taxele vamale \u0219i impozitele sunt incluse \u00een pre\u021bul afi\u0219at pe pagina produsului.<\/li>\n<li>Nu va trebui s\u0103 pl\u0103ti\u021bi nicio tax\u0103 suplimentar\u0103 la livrare.<\/li>\n<li>\u00cen cazul rar al unor probleme legate de vam\u0103, echipa noastr\u0103 se va ocupa de procesul de v\u0103muire \u00een numele dvs. pentru a asigura o livrare f\u0103r\u0103 probleme.<\/li>\n<p>Informa\u021bii importante despre retururi:<\/p>\n<li>Dac\u0103 decide\u021bi s\u0103 returna\u021bi comanda sau s\u0103 solicita\u021bi o rambursare, v\u0103 rug\u0103m s\u0103 re\u021bine\u021bi c\u0103 taxele \u0219i impozitele pl\u0103tite \u00een numele dvs. \u00een conformitate cu termenii DDP nu pot fi rambursate.<\/li>\n<p>V\u0103 rug\u0103m s\u0103 consulta\u021bi <a href=\"https:\/\/gpdstore.net\/ro\/terms-of-service\/\" target=\"_blank\" rel=\"nofollow noopener\">Termenii \u0219i condi\u021biile<\/a> noastre pentru informa\u021bii detaliate.\n<\/ul>\n<p>[\/cg_accordion]\n[cg_accordion title=\"ASISTEN\u021a\u0102 PENTRU CLIEN\u021aI\"]<\/p>\n<p>Ave\u021bi o \u00eentrebare? Suntem la un scurt mesaj distan\u021b\u0103 de rezolvarea problemei tale!<br \/>\n[\/cg_accordion]\n[cg_accordion title=\"CE ESTE INCLUS\"]<\/p>\n<ul>\n<li>1x cutie GPD DUO<\/li>\n<\/ul>\n<p>[\/cg_accordion]\n","protected":false},"featured_media":818185,"template":"","meta":{"_acf_changed":false},"product_brand":[],"product_cat":[5390],"product_tag":[15762],"woo-feed-brand":[],"class_list":{"0":"post-808717","1":"product","2":"type-product","3":"status-publish","4":"has-post-thumbnail","6":"product_cat-accesorii","7":"product_tag-20xmsale-ro-2","8":"product_shipping_class-low-end","9":"pa_accessory-type-carcasa-protectoare","10":"pa_brand-gpd","12":"first","13":"instock","14":"sale","15":"taxable","16":"shipping-taxable","17":"purchasable","18":"product-type-simple"},"acf":[],"aioseo_notices":[],"_links":{"self":[{"href":"https:\/\/gpdstore.net\/ro\/wp-json\/wp\/v2\/product\/808717","targetHints":{"allow":["GET"]}}],"collection":[{"href":"https:\/\/gpdstore.net\/ro\/wp-json\/wp\/v2\/product"}],"about":[{"href":"https:\/\/gpdstore.net\/ro\/wp-json\/wp\/v2\/types\/product"}],"wp:featuredmedia":[{"embeddable":true,"href":"https:\/\/gpdstore.net\/ro\/wp-json\/wp\/v2\/media\/818185"}],"wp:attachment":[{"href":"https:\/\/gpdstore.net\/ro\/wp-json\/wp\/v2\/media?parent=808717"}],"wp:term":[{"taxonomy":"product_brand","embeddable":true,"href":"https:\/\/gpdstore.net\/ro\/wp-json\/wp\/v2\/product_brand?post=808717"},{"taxonomy":"product_cat","embeddable":true,"href":"https:\/\/gpdstore.net\/ro\/wp-json\/wp\/v2\/product_cat?post=808717"},{"taxonomy":"product_tag","embeddable":true,"href":"https:\/\/gpdstore.net\/ro\/wp-json\/wp\/v2\/product_tag?post=808717"},{"taxonomy":"woo-feed-brand","embeddable":true,"href":"https:\/\/gpdstore.net\/ro\/wp-json\/wp\/v2\/woo-feed-brand?post=808717"}],"curies":[{"name":"wp","href":"https:\/\/api.w.org\/{rel}","templated":true}]}}