{"id":77895,"date":"2024-08-12T15:14:19","date_gmt":"2024-08-12T15:14:19","guid":{"rendered":"https:\/\/gpdstore.net\/fara-categorie\/droix-nh8-hub-usb-cu-nvme\/"},"modified":"2025-12-23T10:14:34","modified_gmt":"2025-12-23T10:14:34","slug":"droix-nh8-nvme-usb-hub","status":"publish","type":"product","link":"https:\/\/gpdstore.net\/ro\/product\/droix-nh8-nvme-usb-hub\/","title":{"rendered":"DroiX NH8 Hub USB cu NVMe"},"content":{"rendered":"\n<h3 class=\"wp-block-heading\">V\u0103 prezent\u0103m DroiX NH8 Hub cu slot NVMe: solu\u021bia dvs. de conectivitate suprem\u0103!<\/h3>\n\n<h3 class=\"wp-block-heading\">Gigabit Ethernet rapid ca fulgerul<\/h3>\n\n<p>P\u0103\u0219i\u021bi \u00een viitorul conectivit\u0103\u021bii la internet cu DroiX NH8 Hub! Cu un port Gigabit Ethernet RJ45 robust 10\/100\/1000M, acest hub ofer\u0103 o conexiune la internet ultra-rapid\u0103, stabil\u0103 \u0219i fiabil\u0103. Fie c\u0103 juca\u021bi, face\u021bi streaming sau ave\u021bi un apel video important, experimenta\u021bi performan\u021ba lin\u0103, f\u0103r\u0103 \u00eent\u00e2rzieri, pe care numai o conexiune prin cablu o poate oferi. Ia-\u021bi adio de la problemele Wi-Fi \u0219i salut\u0103 accesul constant de mare vitez\u0103!   <\/p>\n\n<h3 class=\"wp-block-heading\">Ie\u0219ire video uluitoare<\/h3>\n\n<p>Transforma\u021bi-v\u0103 experien\u021ba vizual\u0103 cu suportul HDMI 2.0 al hub-ului DroiX NH8. Fie c\u0103 v\u0103 scufunda\u021bi \u00eentr-un film 4K, prezenta\u021bi unui client sau juca\u021bi la rezolu\u021bii \u00eenalte, hub-ul produce imagini uimitoare la rezolu\u021bia de 4096&#215;2160 cu o rat\u0103 de re\u00eemprosp\u0103tare lin\u0103 de 60 Hz. Preg\u0103ti\u021bi-v\u0103 s\u0103 fi\u021bi captivat de culorile vibrante \u0219i detaliile clare care v\u0103 vor cufunda \u00een fiecare cadru.  <\/p>\n\n<h3 class=\"wp-block-heading\">Extindere f\u0103r\u0103 efort a spa\u021biului de stocare<\/h3>\n\n<p>R\u0103m\u00e2i f\u0103r\u0103 spa\u021biu de stocare? Hub-ul DroiX NH8 te ajut\u0103. Cu slotul PCIe NVMe \u00eencorporat, extinderea spa\u021biului de stocare nu a fost niciodat\u0103 mai u\u0219oar\u0103. Ideal pentru aplica\u021bii de \u00eenalt\u0103 performan\u021b\u0103 sau pentru stocarea fi\u0219ierelor de mari dimensiuni, acest slot suport\u0103 rate de transfer de date extrem de rapide, asigur\u00e2nd func\u021bionarea f\u0103r\u0103 probleme \u0219i eficient\u0103 a sistemului dvs. Personaliza\u021bi-v\u0103 spa\u021biul de stocare \u00een func\u021bie de nevoile dvs. \u0219i men\u021bine\u021bi performan\u021bele dispozitivului dvs. la maxim.    <\/p>\n\n<h3 class=\"wp-block-heading\">Transfer de date de mare vitez\u0103<\/h3>\n\n<p>Trebuie s\u0103 transfera\u021bi rapid fi\u0219iere mari? Hub-ul DroiX NH8 dispune de un port USB Type-A 3.0, oferind viteze rapide de transfer de date care fac gestionarea fi\u0219ierelor o briz\u0103. Fie c\u0103 conecta\u021bi periferice, \u00eenc\u0103rca\u021bi dispozitive sau transfera\u021bi date, acest hub asigur\u0103 c\u0103 totul se face rapid \u0219i eficient, economisindu-v\u0103 timp pre\u021bios.  <\/p>\n\n<h3 class=\"wp-block-heading\">Compatibilitate universal\u0103 USB Type-C<\/h3>\n\n<p>DroiX NH8 Hub este echipat cu un cablu USB Type-C versatil, oferind compatibilitate universal\u0103 pentru o gam\u0103 larg\u0103 de dispozitive. Acest cablu all-in-one nu numai c\u0103 suport\u0103 transferul rapid de date, dar \u0219i \u00eenc\u0103rcarea eficient\u0103, f\u0103c\u00e2ndu-l un companion esen\u021bial pentru nevoile dvs. de conectivitate. Nu v\u0103 mai chinui\u021bi cu mai multe cabluri &#8211; r\u0103m\u00e2ne\u021bi conectat cu u\u0219urin\u021b\u0103.  <\/p>\n\n<h3 class=\"wp-block-heading\">Acces media f\u0103r\u0103 \u00eentreruperi<\/h3>\n\n<p>Accesa\u021bi \u0219i transfera\u021bi media f\u0103r\u0103 efort cu cititorul de carduri SD integrat al DroiX NH8 Hub. Suport\u00e2nd at\u00e2t carduri Micro SD, c\u00e2t \u0219i SD, aceast\u0103 caracteristic\u0103 v\u0103 permite s\u0103 face\u021bi rapid copii de rezerv\u0103 sau s\u0103 accesa\u021bi fi\u0219ierele, fie c\u0103 este vorba de fotografii, videoclipuri sau documente importante. Comoditatea nu a fost niciodat\u0103 at\u00e2t de accesibil\u0103.  <\/p>\n\n<h3 class=\"wp-block-heading\">Versatilitate de neegalat<\/h3>\n\n<p>Ceea ce diferen\u021biaz\u0103 cu adev\u0103rat hub-ul DroiX NH8 este versatilitatea sa de neegalat. Proiectat pentru a func\u021biona perfect cu o gam\u0103 larg\u0103 de dispozitive USB Type-C &#8211; fie c\u0103 este vorba de PC-uri, mini PC-uri, laptop-uri, dispozitive portabile de jocuri sau altele &#8211; acest hub se adapteaz\u0103 nevoilor tale, oferind performan\u021be de top. Nu este doar un hub; este o putere de conectivitate.  <\/p>\n\n<h3 class=\"wp-block-heading\">Concluzie: \u00cembun\u0103t\u0103\u021bi\u021bi experien\u021ba dvs. de conectivitate<\/h3>\n\n<p>Hub-ul DroiX NH8 este mai mult dec\u00e2t un simplu instrument de conectivitate; este o solu\u021bie cuprinz\u0103toare proiectat\u0103 pentru a satisface nevoile diverse ale utilizatorilor de ast\u0103zi, pasiona\u021bi de tehnologie. Fiecare caracteristic\u0103 reflect\u0103 un design superior, performan\u021be excep\u021bionale \u0219i o abordare avangardist\u0103 a conectivit\u0103\u021bii. \u00cembun\u0103t\u0103\u021bi\u021bi-v\u0103 experien\u021ba \u0219i transforma\u021bi modul \u00een care v\u0103 conecta\u021bi cu DroiX NH8 Hub!  <\/p>\n\n<p>Descoperi\u021bi mai multe \u00een ghidul nostru No\u021biuni <strong>introductive despre hub-ul USB Droix NH8<\/strong>.<\/p>\n\n<p><\/p>\n","protected":false},"excerpt":{"rendered":"<ul>\n<li>DroiX<strong> NH8 <\/strong>Hub USB cu NVMe<\/li>\n<li><strong>10\/100\/1000M<\/strong> Gigabit Ethernet<\/li>\n<li><strong>Slot PCIe NVMe \u00eencorporat<\/strong> pentru extinderea stoc\u0103rii<\/li>\n<li><strong>Afi\u0219aj 4K<\/strong> prin HDMI<\/li>\n<li><strong>Slot pentru card MicroSD \/ SD<\/strong> &#8211; p\u00e2n\u0103 la 5Gbps<\/li>\n<\/ul>\n[cg_accordion title=\"INFORMA\u021aII PRIVIND PLATA\"]<\/p>\n<p>Utiliz\u0103m cea mai recent\u0103 tehnologie de procesare a pl\u0103\u021bilor, care v\u0103 permite s\u0103 efectua\u021bi plata prin intermediul cardului de debit\/credit sau PayPal pentru o experien\u021b\u0103 rapid\u0103 \u0219i sigur\u0103.[\/cg_accordion]\n[cg_accordion title=\"GARAN\u021aIE\"]<\/p>\n<p>Garan\u021bie de 2 ani de la <a href=\"https:\/\/droix.net\/\" target=\"_blank\" rel=\"nofollow noopener\">DROIX Global<\/a> pentru lini\u0219tea dumneavoastr\u0103[\/cg_accordion]\n[cg_accordion title=\"ASIGURAREA CALIT\u0102\u021aII \u0218I TESTAREA \u00ceNAINTE DE EXPEDIERE\"]<\/p>\n<p>Asigurarea satisfac\u021biei clien\u021bilor la cel mai \u00eenalt standard: Fiecare dispozitiv este supus unor teste riguroase \u0219i unei verific\u0103ri de asigurare a calit\u0103\u021bii \u00een mai multe puncte \u00eenainte de a fi expediat. Echipa noastr\u0103 dedicat\u0103 verific\u0103 performan\u021ba, func\u021bionalitatea \u0219i integritatea componentelor pentru a garanta c\u0103 dispozitivul dvs. GPD este \u00een stare perfect\u0103 de func\u021bionare la sosire, oferindu-v\u0103 \u00eencredere \u0219i lini\u0219te sufleteasc\u0103. [\/cg_accordion]\n[cg_accordion title=\"PRE\u021aURI, TAXE \u0218I TRANSPORT\"]<\/p>\n<p><strong><u>Not\u0103:<\/u><\/strong><\/p>\n<ul>\n<li>Clien\u021bii din Statele Unite ale Americii: Pre\u021bul afi\u0219at NU include TAXE sau taxe vamale. Responsabilitatea de a v\u0103mui \u0219i de a pl\u0103ti orice tax\u0103\/tax\u0103 asociat\u0103 revine clientului. <\/li>\n<li>Clien\u021bii din UE: Pre\u021bul afi\u0219at include TAXA aplicabil\u0103, care poate fi de p\u00e2n\u0103 la 25% \u00een func\u021bie de \u021bara dumneavoastr\u0103.<\/li>\n<li>Clien\u021bii din Canada: Pre\u021bul afi\u0219at include taxele aplicabile, care pot include 5% GST \u0219i taxe de v\u00e2nzare provinciale suplimentare (PST), taxa de v\u00e2nzare armonizat\u0103 (HST) sau taxa de v\u00e2nzare din Quebec (QST), \u00een func\u021bie de provincia dumneavoastr\u0103.<\/li>\n<\/ul>\n<p><strong>Doar pentru clien\u021bii din UE:<\/strong> Express DDP (Delivered Duty Paid). Aceasta \u00eenseamn\u0103 c\u0103: <\/p>\n<ul>\n<li>Toate taxele vamale \u0219i impozitele sunt incluse \u00een pre\u021bul afi\u0219at pe pagina produsului.<\/li>\n<li>Nu va trebui s\u0103 pl\u0103ti\u021bi nicio tax\u0103 suplimentar\u0103 la livrare.<\/li>\n<li>\u00cen cazul rar al unor probleme legate de vam\u0103, echipa noastr\u0103 se va ocupa de procesul de v\u0103muire \u00een numele dvs. pentru a asigura o livrare f\u0103r\u0103 probleme.<\/li>\n<p>Informa\u021bii importante despre retururi:<\/p>\n<li>Dac\u0103 decide\u021bi s\u0103 returna\u021bi comanda sau s\u0103 solicita\u021bi o rambursare, v\u0103 rug\u0103m s\u0103 re\u021bine\u021bi c\u0103 taxele \u0219i impozitele pl\u0103tite \u00een numele dvs. \u00een conformitate cu termenii DDP nu pot fi rambursate.<\/li>\n<p>V\u0103 rug\u0103m s\u0103 consulta\u021bi <a href=\"https:\/\/droix.net\/terms-and-conditions\/\" target=\"_blank\" rel=\"nofollow noopener\">Termenii \u0219i condi\u021biile<\/a> noastre pentru informa\u021bii detaliate.\n<\/ul>\n<p>[\/cg_accordion]\n[cg_accordion title=\"ASISTEN\u021a\u0102 PENTRU CLIEN\u021aI\"]<\/p>\n<p>Ave\u021bi o \u00eentrebare? Suntem la un scurt mesaj distan\u021b\u0103 de rezolvarea problemei tale! <\/p>\n<p>V\u0103 rug\u0103m s\u0103 consulta\u021bi <a href=\"https:\/\/gpdstore.net\/ro\/terms-of-service\/\" target=\"_blank\" rel=\"nofollow noopener\">Termenii \u0219i condi\u021biile<\/a> noastre pentru informa\u021bii detaliate.\n<\/ul>\n<p>[\/cg_accordion]\n[cg_accordion title=\"CE ESTE INCLUS\"]<\/p>\n<ul>\n<li>1x DroiX NH8 Hub USB cu NVMe<\/li>\n<\/ul>\n<p>[\/cg_accordion]\n","protected":false},"featured_media":77960,"template":"","meta":{"_acf_changed":false},"product_brand":[],"product_cat":[5390],"product_tag":[14861,6028],"woo-feed-brand":[5447],"class_list":{"0":"post-77895","1":"product","2":"type-product","3":"status-publish","4":"has-post-thumbnail","6":"product_cat-accesorii","7":"product_tag-40xmsale-ro-2","8":"product_tag-droix-hub-ro","9":"product_shipping_class-low-end","10":"pa_brand-droix","11":"pa_i-o-video-1x-hdmi-ro","12":"woo-feed-brand-droix-ro","14":"first","15":"outofstock","16":"sale","17":"taxable","18":"shipping-taxable","19":"purchasable","20":"product-type-variable","21":"has-default-attributes"},"acf":[],"aioseo_notices":[],"_links":{"self":[{"href":"https:\/\/gpdstore.net\/ro\/wp-json\/wp\/v2\/product\/77895","targetHints":{"allow":["GET"]}}],"collection":[{"href":"https:\/\/gpdstore.net\/ro\/wp-json\/wp\/v2\/product"}],"about":[{"href":"https:\/\/gpdstore.net\/ro\/wp-json\/wp\/v2\/types\/product"}],"wp:featuredmedia":[{"embeddable":true,"href":"https:\/\/gpdstore.net\/ro\/wp-json\/wp\/v2\/media\/77960"}],"wp:attachment":[{"href":"https:\/\/gpdstore.net\/ro\/wp-json\/wp\/v2\/media?parent=77895"}],"wp:term":[{"taxonomy":"product_brand","embeddable":true,"href":"https:\/\/gpdstore.net\/ro\/wp-json\/wp\/v2\/product_brand?post=77895"},{"taxonomy":"product_cat","embeddable":true,"href":"https:\/\/gpdstore.net\/ro\/wp-json\/wp\/v2\/product_cat?post=77895"},{"taxonomy":"product_tag","embeddable":true,"href":"https:\/\/gpdstore.net\/ro\/wp-json\/wp\/v2\/product_tag?post=77895"},{"taxonomy":"woo-feed-brand","embeddable":true,"href":"https:\/\/gpdstore.net\/ro\/wp-json\/wp\/v2\/woo-feed-brand?post=77895"}],"curies":[{"name":"wp","href":"https:\/\/api.w.org\/{rel}","templated":true}]}}