{"id":61344,"date":"2024-07-12T09:49:06","date_gmt":"2024-07-12T09:49:06","guid":{"rendered":"https:\/\/gpdstore.net\/fara-categorie\/monitor-portabil-4k-de-156%e2%80%b3-cu-adobe-rgb\/"},"modified":"2025-12-23T10:15:51","modified_gmt":"2025-12-23T10:15:51","slug":"15-6-4k-portable-monitor-with-adobe-rgb","status":"publish","type":"product","link":"https:\/\/gpdstore.net\/ro\/product\/15-6-4k-portable-monitor-with-adobe-rgb\/","title":{"rendered":"Monitor portabil 4K de 15,6\u2033 cu Adobe RGB"},"content":{"rendered":"\n<p>V\u0103 prezent\u0103m monitorul portabil 4K de 15,6&#8243; S23B-5: ecrane mobile de ultim\u0103 genera\u021bie cu defini\u021bie ultra \u00eenalt\u0103<\/p>\n\n<p>C\u0103uta\u021bi un monitor portabil care s\u0103 ofere imagini \u0219i performan\u021be excep\u021bionale \u00een mi\u0219care? Face\u021bi cuno\u0219tin\u021b\u0103 cu monitorul portabil 4K S23B-5. Acest dispozitiv avansat v\u0103 aduce la \u00eendem\u00e2n\u0103 ecrane mobile de ultra \u00eenalt\u0103 defini\u021bie, oferind claritate \u0219i precizie uimitoare 4K UHD. Fie c\u0103 sunte\u021bi gamer, editor video profesionist, designer grafic sau pasionat de productivitatea mobil\u0103, acest monitor portabil de \u00eenalt\u0103 rezolu\u021bie este partenerul dvs. perfect.   <\/p>\n\n<p>Experien\u021b\u0103 vizual\u0103 imersiv\u0103 cu monitoare de c\u0103l\u0103torie 4K UHD Preg\u0103ti\u021bi-v\u0103 s\u0103 fi\u021bi captivat de experien\u021ba vizual\u0103 imersiv\u0103 a modelului S23B-5. Dispun\u00e2nd de un monitor cu ecran tactil de 15,6 inchi, acest dispozitiv se m\u00e2ndre\u0219te cu un afi\u0219aj 4K UHD care aduce con\u021binutul la via\u021b\u0103 cu detalii remarcabile \u0219i culori vibrante. Cu o rezolu\u021bie de 3840 x 2160 \u0219i o ad\u00e2ncime a culorilor de 10 bi\u021bi, fiecare imagine \u0219i videoclip de pe acest ecran portabil 4K este redat cu o claritate uimitoare, asigur\u00e2ndu-se c\u0103 niciun detaliu nu trece neobservat. Fie c\u0103 viziona\u021bi filme, v\u0103 juca\u021bi sau edita\u021bi fotografii \u0219i videoclipuri, S23B-5 v\u0103 ofer\u0103 un festin vizual.   <\/p>\n\n<p>Ecran tactil capacitiv de 10 puncte elegant \u0219i receptiv Interac\u021biunea cu S23B-5 este o pl\u0103cere datorit\u0103 ecranului tactil capacitiv de 10 puncte. Dispun\u00e2nd de un ecran tactil complet laminat G+G, acest monitor portabil ofer\u0103 un r\u0103spuns tactil fin \u0219i precis, permi\u021b\u00e2nd navigarea f\u0103r\u0103 probleme prin meniuri, controlul aplica\u021biilor \u0219i executarea comenzilor. Indiferent dac\u0103 m\u0103ri\u021bi fotografii, derula\u021bi pagini web sau crea\u021bi desene complexe, ecranul tactil S23B-5 asigur\u0103 capacitatea de r\u0103spuns \u0219i acurate\u021bea pentru a stimula productivitatea \u0219i creativitatea.  <\/p>\n\n<p>Dezl\u0103n\u021buie-\u021bi creativitatea din mers Conceput pentru profesioni\u0219tii creativi, S23B-5 este companionul t\u0103u suprem pentru editare video, design grafic \u0219i editare foto. Cu o acoperire 100% a spa\u021biului de culoare Adobe RGB, acest monitor portabil asigur\u0103 culori reale pentru ajust\u0103ri precise ale culorilor \u0219i rezultate uimitoare. Ecranul de \u00eenalt\u0103 rezolu\u021bie cuplat cu ad\u00e2ncimea de culoare pe 10 bi\u021bi permite lucrul cu detalii complexe \u0219i ob\u021binerea unei precizii vizuale esen\u021biale pentru munca creativ\u0103 profesional\u0103.  <\/p>\n\n<p>Conectivitate perfect\u0103 pentru versatilitate sporit\u0103 Conectivitatea este f\u0103r\u0103 efort cu S23B-5. Acest monitor de c\u0103l\u0103torie 4K UHD are un port HD Mini, porturi Type-C pentru transfer de date video \u0219i alimentare, un port pentru c\u0103\u0219ti (3,5 mm) \u0219i un port Micro-USB pentru conectarea perifericelor, precum tastaturi \u0219i mouse-uri. Fie c\u0103 v\u0103 conecta\u021bi smartphone-ul, laptopul, PlayStation, Xbox sau alte dispozitive compatibile, S23B-5 asigur\u0103 compatibilitatea, extinz\u00e2nd suprafa\u021ba ecranului pentru a spori productivitatea sau experien\u021ba de joc oriunde v-a\u021bi afla.  <\/p>\n\n<p>Baterie \u00eencorporat\u0103 pentru utilizare ne\u00eentrerupt\u0103 Pe l\u00e2ng\u0103 putere \u0219i versatilitate, S23B-5 este incredibil de convenabil cu bateria polimeric\u0103 \u00eencorporat\u0103 de 10000 mAh. Bucura\u021bi-v\u0103 de utilizare ne\u00eentrerupt\u0103 \u00een timp ce c\u0103l\u0103tori\u021bi, participa\u021bi la \u00eent\u00e2lniri sau lucra\u021bi de la distan\u021b\u0103. Bateria de lung\u0103 durat\u0103 ofer\u0103 libertatea de a lucra, de a v\u0103 juca sau de a crea f\u0103r\u0103 s\u0103 v\u0103 face\u021bi griji cu privire la alimentare. R\u0103m\u00e2ne\u021bi productiv \u0219i distrat \u00een mi\u0219care.   <\/p>\n\n<p>Calitate de construc\u021bie premium \u0219i design portabil Fabricat din aliaj de aluminiu de \u00eenalt\u0103 calitate, S23B-5 este durabil \u0219i eman\u0103 un aspect \u0219i o senza\u021bie premium. Designul s\u0103u elegant \u0219i sub\u021bire, m\u0103sur\u00e2nd doar 357 x 223 x 9 mm \u0219i c\u00e2nt\u0103rind 1300 g, \u00eel face foarte portabil \u0219i u\u0219or de transportat \u00een geant\u0103 sau rucsac. S23B-5 este conceput pentru a fi partenerul dvs. de \u00eencredere, asigur\u00e2nd f\u0103r\u0103 compromisuri productivitatea sau divertismentul, indiferent unde v\u0103 afla\u021bi.  <\/p>\n\n<p>Experien\u021b\u0103 audio imersiv\u0103 Oferind mai mult dec\u00e2t imagini uimitoare, S23B-5 ofer\u0103 o experien\u021b\u0103 audio imersiv\u0103 cu dou\u0103 difuzoare de 1,0 W. Bucura\u021bi-v\u0103 de un sunet clar \u0219i precis pentru filme, jocuri sau activit\u0103\u021bi multimedia. Fie c\u0103 sunte\u021bi \u00eentr-o videoconferin\u021b\u0103, asculta\u021bi muzic\u0103 sau urm\u0103ri\u021bi emisiuni, S23B-5 v\u0103 \u00eembun\u0103t\u0103\u021be\u0219te experien\u021ba senzorial\u0103, f\u0103c\u00e2nd-o captivant\u0103 \u0219i captivant\u0103.  <\/p>\n\n<p>Confort de vizualizare \u00eembun\u0103t\u0103\u021bit Confortul dvs. conteaz\u0103, \u00een special \u00een timpul vizion\u0103rii prelungite a ecranului. S23B-5 asigur\u0103 un confort vizual optim cu unghiuri largi de vizualizare \u0219i set\u0103ri reglabile. Cu un unghi de vizualizare de 85 de grade \u00een toate direc\u021biile (U\/D\/L\/R), bucura\u021bi-v\u0103 de imagini clare \u0219i culori vibrante din perspective diferite. Fie c\u0103 colabora\u021bi, partaja\u021bi con\u021binut sau ajusta\u021bi monitorul la pozi\u021bia de vizualizare preferat\u0103, S23B-5 suport\u0103 o utilizare confortabil\u0103 \u0219i prelungit\u0103, f\u0103r\u0103 oboseal\u0103 ocular\u0103 sau compromiterea posturii.   <\/p>\n\n<p>Ideal pentru pasiona\u021bii de jocuri Pentru pasiona\u021bii de jocuri, S23B-5 este cel mai bun monitor portabil 4K pentru jocuri. Cu rezolu\u021bie 4K UHD, acurate\u021be precis\u0103 a culorilor \u0219i un timp de r\u0103spuns rapid de 25 ms, acest monitor ofer\u0103 o experien\u021b\u0103 de joc de neegalat. Cufunda\u021bi-v\u0103 \u00een grafic\u0103 realist\u0103, culori bogate \u0219i detalii clare care v\u0103 \u00eenal\u021b\u0103 aventurile de gaming. S23B-5 asigur\u0103 claritatea fiec\u0103rui cadru, permi\u021b\u00e2nd reac\u021bii rapide \u0219i un avantaj competitiv \u00een jocuri de ac\u021biune rapide, RPG-uri imersive sau lumi uimitoare din punct de vedere vizual.   <\/p>\n\n<p>Stimula\u021bi productivitatea \u00een mi\u0219care Mai mult dec\u00e2t divertisment \u0219i jocuri, S23B-5 este o putere de productivitate. Fie c\u0103 sunte\u021bi un nomad digital, un student sau un profesionist care are nevoie de un spa\u021biu de lucru portabil, acest monitor v\u0103 satisface nevoile. Extinde\u021bi ecranul laptopului sau smartphone-ului, multitasking f\u0103r\u0103 efort \u0219i \u00eembun\u0103t\u0103\u021bi\u021bi eficien\u021ba \u0219i fluxul de lucru. Edita\u021bi documente, crea\u021bi prezent\u0103ri sau analiza\u021bi date cu ajutorul ecranului suplimentar oferit de S23B-5. Ecranul s\u0103u de \u00eenalt\u0103 rezolu\u021bie \u0219i reproducerea exact\u0103 a culorilor asigur\u0103 lucrul cu detalii complexe \u0219i men\u021binerea consecven\u021bei \u00eentre dispozitive. S23B-5 este centrul dvs. portabil de productivitate, permi\u021b\u00e2ndu-v\u0103 s\u0103 realiza\u021bi mai multe, chiar \u0219i \u00een mi\u0219care.     <\/p>\n\n<p>Concluzie \u00cen concluzie, monitorul portabil S23B-5 4K este un dispozitiv excep\u021bional care v\u0103 aduce la \u00eendem\u00e2n\u0103 ecrane mobile de ultra \u00eenalt\u0103 defini\u021bie. Cu rezolu\u021bie 4K UHD, ecran tactil capacitiv cu 10 puncte \u0219i gam\u0103 larg\u0103 de culori, acest monitor portabil ofer\u0103 imagini uimitoare \u0219i performan\u021be excep\u021bionale. Fie c\u0103 sunte\u021bi un gamer, un profesionist creativ sau aprecia\u021bi productivitatea \u00een mi\u0219care, S23B-5 este adaptat nevoilor dvs. Op\u021biunile sale versatile de conectivitate, bateria \u00eencorporat\u0103 \u0219i calitatea premium a construc\u021biei \u00eel fac o alegere remarcabil\u0103.   <\/p>\n\n<p>Pro: Imagini uimitoare: S23B-5 ofer\u0103 un ecran 4K UHD cu o acurate\u021be excep\u021bional\u0103 a culorilor, perfect pentru jocuri, editare video, design grafic \u0219i editare foto. Func\u021bionalitate touchscreen: Ecranul tactil capacitiv cu 10 puncte ofer\u0103 o experien\u021b\u0103 de utilizare receptiv\u0103 \u0219i intuitiv\u0103, permi\u021b\u00e2nd navigarea f\u0103r\u0103 efort \u0219i controlul precis. Portabilitate: Sub\u021bire \u0219i u\u0219or, S23B-5 este foarte portabil pentru c\u0103l\u0103torii, c\u0103l\u0103torii de afaceri \u0219i munc\u0103 la distan\u021b\u0103. Conectivitate versatil\u0103: Mai multe porturi, inclusiv HD Mini, Tip C, C\u0103\u0219ti \u0219i Micro-USB asigur\u0103 compatibilitatea cu smartphone-uri, laptopuri \u0219i console de jocuri. Baterie \u00eencorporat\u0103: Cu o baterie polimer 10000 mAh, S23B-5 ofer\u0103 o utilizare ne\u00eentrerupt\u0103 \u00een mi\u0219care, f\u0103r\u0103 a fi necesar\u0103 o surs\u0103 de alimentare.    <\/p>\n\n<p>Contra: Op\u021biuni de dimensiuni limitate: Disponibil doar \u00een dimensiunea de 15,6 inchi, s-ar putea s\u0103 nu se potriveasc\u0103 utilizatorilor care prefer\u0103 monitoare portabile mai mari sau mai mici. Ie\u0219ire audio: Difuzoarele \u00eencorporate pot s\u0103 nu se potriveasc\u0103 cu difuzoarele externe sau c\u0103\u0219tile pentru cei care caut\u0103 o experien\u021b\u0103 audio mai imersiv\u0103. <\/p>\n","protected":false},"excerpt":{"rendered":"<ul>\n<li><strong>100% din<\/strong> gama de <strong>culori Adobe<\/strong> Monitor portabil <strong>UHD 4K de 15,6 inch<\/strong> <\/li>\n<li>Monitor cu ecran tactil capacitiv \u00een 10 puncte<\/li>\n<li>Ecran tactil compatibil cu <strong>MacOS<\/strong><\/li>\n<li>Baterie \u00eencorporat\u0103 de 10000mAh<\/li>\n<li><strong>Alimentat de USB<\/strong>, suport\u0103 mini-HDMI, USB Type-C<\/li>\n<\/ul>\n[cg_accordion title=\"INFORMA\u021aII PRIVIND PLATA\"]<\/p>\n<p>Utiliz\u0103m cea mai recent\u0103 tehnologie de procesare a pl\u0103\u021bilor, care v\u0103 permite s\u0103 efectua\u021bi plata prin Apple Pay, Google Pay, cardul dvs. de debit\/credit, PayPal sau metode BNPL precum Klarna, Affirm sau AfterPay pentru o experien\u021b\u0103 rapid\u0103 \u0219i sigur\u0103.[\/cg_accordion]\n[cg_accordion title=\"GARAN\u021aIE\"]<\/p>\n<p>Garan\u021bie de 2 ani de la <a href=\"https:\/\/droix.net\/\" target=\"_blank\" rel=\"nofollow noopener\">DROIX Global<\/a> pentru lini\u0219tea dumneavoastr\u0103[\/cg_accordion]\n[cg_accordion title=\"PRE\u021aURI, TAXE \u0218I TRANSPORT\"]<\/p>\n<p><strong><u>Not\u0103:<\/u><\/strong><\/p>\n<ul>\n<li>Clien\u021bii din Statele Unite ale Americii: Pre\u021bul afi\u0219at NU include TAXE sau taxe vamale. Responsabilitatea de a v\u0103mui \u0219i de a pl\u0103ti orice tax\u0103\/tax\u0103 asociat\u0103 revine clientului. <\/li>\n<li>Clien\u021bii din UE: Pre\u021bul afi\u0219at include TAXA aplicabil\u0103, care poate fi de p\u00e2n\u0103 la 25% \u00een func\u021bie de \u021bara dumneavoastr\u0103.<\/li>\n<li>Clien\u021bii din Canada: Pre\u021bul afi\u0219at include taxele aplicabile, care pot include 5% GST \u0219i taxe de v\u00e2nzare provinciale suplimentare (PST), taxa de v\u00e2nzare armonizat\u0103 (HST) sau taxa de v\u00e2nzare din Quebec (QST), \u00een func\u021bie de provincia dumneavoastr\u0103.<\/li>\n<\/ul>\n<p><strong>Doar pentru clien\u021bii din UE:<\/strong> Express DDP (Delivered Duty Paid). Aceasta \u00eenseamn\u0103 c\u0103: <\/p>\n<ul>\n<li>Toate taxele vamale \u0219i impozitele sunt incluse \u00een pre\u021bul afi\u0219at pe pagina produsului.<\/li>\n<li>Nu va trebui s\u0103 pl\u0103ti\u021bi nicio tax\u0103 suplimentar\u0103 la livrare.<\/li>\n<li>\u00cen cazul rar al unor probleme legate de vam\u0103, echipa noastr\u0103 se va ocupa de procesul de v\u0103muire \u00een numele dvs. pentru a asigura o livrare f\u0103r\u0103 probleme.<\/li>\n<p>Informa\u021bii importante despre retururi:<\/p>\n<li>Dac\u0103 decide\u021bi s\u0103 returna\u021bi comanda sau s\u0103 solicita\u021bi o rambursare, v\u0103 rug\u0103m s\u0103 re\u021bine\u021bi c\u0103 taxele \u0219i impozitele pl\u0103tite \u00een numele dvs. \u00een conformitate cu termenii DDP nu pot fi rambursate.<\/li>\n<p>V\u0103 rug\u0103m s\u0103 consulta\u021bi <a href=\"https:\/\/gpdstore.net\/ro\/terms-of-service\/\" target=\"_blank\" rel=\"nofollow noopener\">Termenii \u0219i condi\u021biile<\/a> noastre pentru informa\u021bii detaliate.\n<\/ul>\n<p>[\/cg_accordion]\n[cg_accordion title=\"ASISTEN\u021a\u0102 PENTRU CLIEN\u021aI\"]<\/p>\n<p>Ave\u021bi o \u00eentrebare? Suntem la un scurt mesaj distan\u021b\u0103 de rezolvarea problemei tale!<br \/>\n[\/cg_accordion]\n[cg_accordion title=\"CE ESTE INCLUS\"]<\/p>\n<ul>\n<li>1x fi\u0219\u0103 de alimentare (UE \/ SUA)<\/li>\n<li>1x Manual de utilizare<\/li>\n<\/ul>\n<p>[\/cg_accordion]\n","protected":false},"featured_media":61357,"template":"","meta":{"_acf_changed":false},"product_brand":[],"product_cat":[5444],"product_tag":[5514,5446],"woo-feed-brand":[5447],"class_list":{"0":"post-61344","1":"product","2":"type-product","3":"status-publish","4":"has-post-thumbnail","6":"product_cat-monitoare-portabile","7":"product_tag-30gpdsale-ro","8":"product_tag-droix-portabil-monitor","9":"product_shipping_class-standard","10":"pa_brand-droix","11":"woo-feed-brand-droix-ro","13":"first","14":"outofstock","15":"sale","16":"taxable","17":"shipping-taxable","18":"purchasable","19":"product-type-variable","20":"has-default-attributes"},"acf":[],"aioseo_notices":[],"_links":{"self":[{"href":"https:\/\/gpdstore.net\/ro\/wp-json\/wp\/v2\/product\/61344","targetHints":{"allow":["GET"]}}],"collection":[{"href":"https:\/\/gpdstore.net\/ro\/wp-json\/wp\/v2\/product"}],"about":[{"href":"https:\/\/gpdstore.net\/ro\/wp-json\/wp\/v2\/types\/product"}],"wp:featuredmedia":[{"embeddable":true,"href":"https:\/\/gpdstore.net\/ro\/wp-json\/wp\/v2\/media\/61357"}],"wp:attachment":[{"href":"https:\/\/gpdstore.net\/ro\/wp-json\/wp\/v2\/media?parent=61344"}],"wp:term":[{"taxonomy":"product_brand","embeddable":true,"href":"https:\/\/gpdstore.net\/ro\/wp-json\/wp\/v2\/product_brand?post=61344"},{"taxonomy":"product_cat","embeddable":true,"href":"https:\/\/gpdstore.net\/ro\/wp-json\/wp\/v2\/product_cat?post=61344"},{"taxonomy":"product_tag","embeddable":true,"href":"https:\/\/gpdstore.net\/ro\/wp-json\/wp\/v2\/product_tag?post=61344"},{"taxonomy":"woo-feed-brand","embeddable":true,"href":"https:\/\/gpdstore.net\/ro\/wp-json\/wp\/v2\/woo-feed-brand?post=61344"}],"curies":[{"name":"wp","href":"https:\/\/api.w.org\/{rel}","templated":true}]}}