{"id":47828,"date":"2024-07-12T08:46:50","date_gmt":"2024-07-12T08:46:50","guid":{"rendered":"https:\/\/gpdstore.net\/fara-categorie\/monitor-portabil-2k-droix-pm13\/"},"modified":"2025-09-15T21:33:14","modified_gmt":"2025-09-15T21:33:14","slug":"monitor-portabil-2k-droix-pm13","status":"publish","type":"product","link":"https:\/\/gpdstore.net\/ro\/product\/monitor-portabil-2k-droix-pm13\/","title":{"rendered":"Monitor portabil 2K DroiX PM13"},"content":{"rendered":"\n<figure class=\"wp-block-video\"><video controls=\"\" muted=\"\" poster=\"https:\/\/droix.net\/wp-content\/uploads\/2024\/03\/1.jpg\" src=\"https:\/\/droix.net\/wp-content\/uploads\/2024\/06\/pm131.mp4\"><\/video><\/figure>\n\n<div class=\"wp-block-columns is-layout-flex wp-container-core-columns-is-layout-28f84493 wp-block-columns-is-layout-flex\">\n<div class=\"wp-block-column is-layout-flow wp-block-column-is-layout-flow\" style=\"flex-basis:33.33%\">\n<figure class=\"wp-block-image size-large\"><a href=\"https:\/\/droix.net\/wp-content\/uploads\/2024\/03\/DROIX-S13-GENERIC-DONE-LISTING-IMAGE-1-1.png\"><img decoding=\"async\" src=\"https:\/\/droix.net\/wp-content\/uploads\/2024\/03\/DROIX-S13-GENERIC-DONE-LISTING-IMAGE-1-1-1024x1024.png\" alt=\"Imagine a monitorului portabil DroiX, 13 inch, 2K, ultra sub&#x21B;ire, u&#x219;or &#x219;i portabil\" class=\"wp-image-175965\"\/><\/a><\/figure>\n<\/div>\n\n\n\n<div class=\"wp-block-column is-layout-flow wp-block-column-is-layout-flow\" style=\"flex-basis:66.66%\">\n<h2 class=\"wp-block-heading\"><strong>DroiX PM13 &#8211; Monitor portabil ultra-sub\u021bire 4K de 13,0 inch<\/strong><\/h2>\n\n\n\n<p>DroiX PM13 este un monitor portabil 2K de 13&#8243;, elegant \u0219i u\u0219or, care c\u00e2nt\u0103re\u0219te doar 494 de grame. \u00cenvelit \u00eentr-un cadru sub\u021bire din aluminiu \u0219i cu margini ultra-sub\u021biri de 0,11&#8243;, acesta \u00eembin\u0103 cu m\u0103iestrie stilul cu confortul. Ecranul IPS vibrant ofer\u0103 culori bogate \u0219i un unghi de vizualizare extins de 170 de grade, oferind o experien\u021b\u0103 vizual\u0103 captivant\u0103. Compatibil cu numeroase dispozitive prin HDMI \u0219i USB-C, PM13 este cel mai versatil ecran pentru a v\u0103 actualiza configura\u021bia oriunde v-a\u021bi afla.  <\/p>\n<\/div>\n<\/div>\n\n<div class=\"wp-block-columns is-layout-flex wp-container-core-columns-is-layout-28f84493 wp-block-columns-is-layout-flex\">\n<div class=\"wp-block-column is-layout-flow wp-block-column-is-layout-flow\">\n<h3 class=\"wp-block-heading\">Monitorul portabil ideal pentru laptopuri<br\/><em>F\u0103r\u0103 compromisuri<\/em><\/h3>\n\n\n\n<p>Monitorul portabil DroiX PM13 ofer\u0103 o experien\u021b\u0103 de afi\u0219are excep\u021bional\u0103 cu caracteristicile sale remarcabile. Dispun\u00e2nd de luminozitate ridicat\u0103 \u0219i suport HDR, acesta asigur\u0103 o vizibilitate clar\u0103 \u00een orice condi\u021bii de iluminare. Acoperirea 100% sRGB \u0219i cele 16,7 milioane de culori ofer\u0103 acurate\u021bea precis\u0103 a culorilor, esen\u021bial\u0103 pentru editarea foto \u0219i designul grafic. Rezolu\u021bia sa 2K pe un ecran de 13 inchi garanteaz\u0103 o densitate ridicat\u0103 a pixelilor, produc\u00e2nd imagini clare \u0219i vibrante at\u00e2t pentru text, c\u00e2t \u0219i pentru multimedia. Acest lucru face din PM13 o alegere de top pentru profesioni\u0219ti \u0219i entuzia\u0219ti deopotriv\u0103.    <\/p>\n<\/div>\n\n\n\n<div class=\"wp-block-column is-layout-flow wp-block-column-is-layout-flow\">\n<figure class=\"wp-block-image size-full\"><a href=\"https:\/\/droix.net\/wp-content\/uploads\/2024\/03\/2.jpg\"><img decoding=\"async\" src=\"https:\/\/droix.net\/wp-content\/uploads\/2024\/03\/2.jpg\" alt=\"Ecran portabil de &#xEE;nalt&#x103; calitate DroiX PM13 cu suport HDR400, rezolu&#x21B;ie QHD 2160x1350 &#x219;i acoperire 100% sRGB\" class=\"wp-image-182193\"\/><\/a><\/figure>\n<\/div>\n<\/div>\n\n<div class=\"wp-block-columns is-layout-flex wp-container-core-columns-is-layout-28f84493 wp-block-columns-is-layout-flex\">\n<div class=\"wp-block-column is-layout-flow wp-block-column-is-layout-flow\">\n<figure class=\"wp-block-image size-full\"><a href=\"https:\/\/droix.net\/wp-content\/uploads\/2024\/07\/3-1.jpg\"><img decoding=\"async\" src=\"https:\/\/droix.net\/wp-content\/uploads\/2024\/07\/3-1.jpg\" alt=\"Monitor portabil DroiX PM13, creat pentru a redefini compatibilitatea &#x219;i conectivitatea cu o gam&#x103; larg&#x103; de dispozitive. Dispun&#xE2;nd de suport robust pentru tehnologiile USB &#x219;i ActiveDP, acest monitor se integreaz&#x103; perfect cu diverse gadget-uri moderne, de la laptopuri la smartphone-uri &#x219;i multe altele. Proiectat pentru interac&#x21B;iune f&#x103;r&#x103; efort, PM13 func&#x21B;ioneaz&#x103; cu dispozitive care accept&#x103; DisplayPort over USB, au porturi USB Thunderbolt sau respect&#x103; protocolul USB 4 pentru ie&#x219;ire video. Fie c&#x103; juca&#x21B;i &#xEE;n deplasare, cre&#x219;te&#x21B;i productivitatea sau v&#x103; bucura&#x21B;i de con&#x21B;inut multimedia, PM13 este companionul dvs. suprem, oferind flexibilitate &#x219;i performan&#x21B;&#x103; de neegalat oriunde ave&#x21B;i nevoie de el \" class=\"wp-image-182203\"\/><\/a><\/figure>\n<\/div>\n\n\n\n<div class=\"wp-block-column is-layout-flow wp-block-column-is-layout-flow\">\n<h3 class=\"wp-block-heading\">Portabilitate \u0219i putere<br\/><em>Compatibilitate<\/em><\/h3>\n\n\n\n<p>Experimenta\u021bi versatilitatea de ultim\u0103 or\u0103 a monitorului portabil DroiX PM13, creat pentru a redefini compatibilitatea \u0219i conectivitatea cu o gam\u0103 larg\u0103 de dispozitive. Dispun\u00e2nd de suport robust pentru tehnologiile USB \u0219i ActiveDP, acest monitor se integreaz\u0103 perfect cu diverse gadgeturi moderne, de la laptopuri la smartphone-uri \u0219i multe altele. <\/p>\n\n\n\n<p>Proiectat pentru interac\u021biune f\u0103r\u0103 efort, PM13 func\u021bioneaz\u0103 cu dispozitive care accept\u0103 DisplayPort over USB, au porturi USB Thunderbolt sau respect\u0103 protocolul USB 4 pentru ie\u0219ire video. Indiferent dac\u0103 juca\u021bi \u00een deplasare, cre\u0219te\u021bi productivitatea sau v\u0103 bucura\u021bi de con\u021binut multimedia, PM13 este companionul dvs. suprem, oferind flexibilitate \u0219i performan\u021b\u0103 de neegalat oriunde ave\u021bi nevoie de el. <\/p>\n<\/div>\n<\/div>\n\n<div class=\"wp-block-columns is-layout-flex wp-container-core-columns-is-layout-28f84493 wp-block-columns-is-layout-flex\">\n<div class=\"wp-block-column is-layout-flow wp-block-column-is-layout-flow\">\n<h3 class=\"wp-block-heading\">Mai mult dec\u00e2t un monitor portabil<br\/><em>Bogat \u00een func\u021bii<\/em><\/h3>\n\n\n\n<p>Monitorul portabil DroiX PM13 se m\u00e2ndre\u0219te cu un design versatil care include un suport reglabil la 180\u00b0, permi\u021b\u00e2nd utilizatorilor s\u0103 pozi\u021bioneze ecranul \u00een diferite unghiuri pentru un confort optim de vizualizare. \u00cen plus, acesta include suport VESA integrat de 75x75mm, permi\u021b\u00e2nd montarea flexibil\u0103 pe bra\u021be sau suporturi compatibile. Pentru audio, PM13 vine cu difuzoare stereo integrate, fiecare av\u00e2nd o putere nominal\u0103 de 1,0 W. De\u0219i nu sunt excep\u021bional de puternice, aceste difuzoare ofer\u0103 o solu\u021bie audio convenabil\u0103, f\u0103r\u0103 a necesita dispozitive externe.   <\/p>\n\n\n\n<h3 class=\"wp-block-heading\"><br\/><\/h3>\n<\/div>\n\n\n\n<div class=\"wp-block-column is-layout-flow wp-block-column-is-layout-flow\">\n<figure class=\"wp-block-image size-full\"><a href=\"https:\/\/droix.net\/wp-content\/uploads\/2024\/07\/4.jpg\"><img decoding=\"async\" src=\"https:\/\/droix.net\/wp-content\/uploads\/2024\/07\/4.jpg\" alt=\"Monitorul portabil DroiX PM13 dispune de un suport reglabil la 180&#xB0;, permi&#x21B;&#xE2;nd utilizatorilor s&#x103; pozi&#x21B;ioneze ecranul &#xEE;n diferite unghiuri pentru un confort optim de vizualizare. Acesta include suport VESA integrat de 75x75mm pentru montarea flexibil&#x103; pe bra&#x21B;e sau suporturi compatibile. PM13 vine, de asemenea, cu difuzoare stereo &#xEE;ncorporate, fiecare av&#xE2;nd o putere nominal&#x103; de 1,0 W, oferind o solu&#x21B;ie audio convenabil&#x103;, f&#x103;r&#x103; a necesita dispozitive externe.  \" class=\"wp-image-182205\"\/><\/a><\/figure>\n<\/div>\n<\/div>\n\n<div class=\"wp-block-columns is-layout-flex wp-container-core-columns-is-layout-28f84493 wp-block-columns-is-layout-flex\">\n<div class=\"wp-block-column is-layout-flow wp-block-column-is-layout-flow\">\n<figure class=\"wp-block-image size-full\"><a href=\"https:\/\/droix.net\/wp-content\/uploads\/2024\/07\/5.jpg\"><img decoding=\"async\" src=\"https:\/\/droix.net\/wp-content\/uploads\/2024\/07\/5.jpg\" alt=\"Monitorul portabil DroiX PM13 exemplific&#x103; versatilitatea cu op&#x21B;iuni extinse de compatibilitate &#x219;i conectivitate. Acesta dispune de patru moduri: Duplicated Mode pentru oglindirea con&#x21B;inutului, Extend Mode pentru extinderea spa&#x21B;iului de lucru, Second Screen pentru consolele de jocuri &#x219;i Portrait Mode pentru orientare vertical&#x103;. Ideal pentru profesioni&#x219;ti, gameri &#x219;i nomazi digitali, &#xEE;mbun&#x103;t&#x103;&#x21B;ind productivitatea &#x219;i divertismentul &#xEE;n medii diverse  \" class=\"wp-image-182206\"\/><\/a><\/figure>\n<\/div>\n\n\n\n<div class=\"wp-block-column is-layout-flow wp-block-column-is-layout-flow\">\n<h3 class=\"wp-block-heading\">Extensie, duplicare, portret \u0219i multe altele<br\/><em>Versatilitate real\u0103<br\/><\/em><\/h3>\n\n\n\n<p>Monitorul portabil DroiX PM13 exemplific\u0103 versatilitatea cu op\u021biunile sale extinse de compatibilitate \u0219i conectivitate. Acesta ofer\u0103 patru moduri versatile: Duplicated Mode pentru oglindirea con\u021binutului, Extend Mode pentru extinderea spa\u021biului de lucru, Second Screen pentru consolele de jocuri \u0219i Portrait Mode pentru orientare vertical\u0103. Aceast\u0103 adaptabilitate \u00eel face un companion ideal pentru profesioni\u0219ti, gameri \u0219i nomazi digitali, \u00eembun\u0103t\u0103\u021bind productivitatea \u0219i divertismentul \u00een diverse medii.  <\/p>\n\n\n\n<p>4o<\/p>\n<\/div>\n<\/div>\n\n<figure class=\"wp-block-image aligncenter size-large\"><a href=\"https:\/\/droix.net\/wp-content\/uploads\/2024\/07\/7.jpg\"><img decoding=\"async\" src=\"https:\/\/droix.net\/wp-content\/uploads\/2024\/07\/7-1024x420.jpg\" alt=\"Conecteaz&#x103;-&#x21B;i MacBook-ul compatibil cu Thunderbolt 3 sau 4 la monitorul portabil DroiX PM13 prin intermediul portului s&#x103;u Type-C cu suport DP ALT-MODE. Aceast&#x103; conectivitate avansat&#x103; asigur&#x103; at&#xE2;t transmisia video, c&#xE2;t &#x219;i furnizarea de energie printr-un singur cablu Type-C, maximiz&#xE2;nd confortul &#x219;i eficien&#x21B;a. \" class=\"wp-image-182195\"\/><\/a><\/figure>\n\n<p>Conecteaz\u0103-\u021bi MacBook-ul compatibil cu Thunderbolt 3 sau 4 la monitorul portabil DroiX PM13 prin intermediul portului s\u0103u Type-C cu suport DP ALT-MODE. Aceast\u0103 conectivitate avansat\u0103 asigur\u0103 at\u00e2t transmisia video, c\u00e2t \u0219i furnizarea de energie printr-un singur cablu Type-C, maximiz\u00e2nd confortul \u0219i eficien\u021ba. <\/p>\n\n<figure class=\"wp-block-image aligncenter size-large is-resized\"><a href=\"https:\/\/droix.net\/wp-content\/uploads\/2024\/03\/8.jpg\"><img decoding=\"async\" src=\"https:\/\/droix.net\/wp-content\/uploads\/2024\/03\/8-1024x420.jpg\" alt=\"Exploata&#x21B;i capacit&#x103;&#x21B;ile avansate ale Thunderbolt 3, 4 sau USB 3.1 DP ALT-MODE de pe smartphone-ul dvs. pentru a v&#x103; conecta perfect la monitorul portabil DroiX PM13 at&#xE2;t pentru ie&#x219;irea video, c&#xE2;t &#x219;i pentru furnizarea de energie. Utiliza&#x21B;i portul Type-C cu suport DP ALT-MODE pe smartphone-ul dvs. pentru o experien&#x21B;&#x103; simplificat&#x103; cu un singur cablu care gestioneaz&#x103; transmisia video &#x219;i alimentarea cu energie \" class=\"wp-image-182197\" style=\"width:900px;height:auto\"\/><\/a><\/figure>\n\n<p>Conecta\u021bi f\u0103r\u0103 efort laptopul Windows la monitorul portabil DroiX PM13 folosind porturile sale HDMI \u0219i Type-C pentru transmisie video \u0219i alimentare f\u0103r\u0103 \u00eentreruperi. Portul Type-C suport\u0103 livrarea de energie (PD), \u00een timp ce portul HDMI asigur\u0103 o ie\u0219ire video de \u00eenalt\u0103 defini\u021bie, permi\u021b\u00e2ndu-v\u0103 s\u0103 v\u0103 bucura\u021bi de productivitate \u0219i divertisment sporite f\u0103r\u0103 nicio problem\u0103. <\/p>\n\n<figure class=\"wp-block-image aligncenter size-large\"><a href=\"https:\/\/droix.net\/wp-content\/uploads\/2024\/03\/9.jpg\"><img decoding=\"async\" src=\"https:\/\/droix.net\/wp-content\/uploads\/2024\/03\/9-1024x420.jpg\" alt=\"Exploata&#x21B;i capacit&#x103;&#x21B;ile avansate ale Thunderbolt 3, 4 sau USB 3.1 DP ALT-MODE de pe smartphone-ul dvs. pentru a v&#x103; conecta perfect la monitorul portabil DroiX PM13 at&#xE2;t pentru ie&#x219;irea video, c&#xE2;t &#x219;i pentru furnizarea de energie. Utiliza&#x21B;i portul Type-C cu suport DP ALT-MODE pe smartphone-ul dvs. pentru o experien&#x21B;&#x103; simplificat&#x103; cu un singur cablu care gestioneaz&#x103; transmisia video &#x219;i alimentarea cu energie \" class=\"wp-image-182198\"\/><\/a><\/figure>\n\n<p>Exploata\u021bi capacit\u0103\u021bile avansate ale Thunderbolt 3, 4 sau USB 3.1 DP ALT-MODE de pe smartphone-ul dvs. pentru a v\u0103 conecta perfect la monitorul portabil DroiX PM13 at\u00e2t pentru transmisie video, c\u00e2t \u0219i pentru alimentare. Utiliz\u00e2nd portul Type-C cu suport DP ALT-MODE de pe smartphone-ul dvs., v\u0103 pute\u021bi bucura de o experien\u021b\u0103 simplificat\u0103 cu un singur cablu care gestioneaz\u0103 at\u00e2t transmisia video, c\u00e2t \u0219i alimentarea. <\/p>\n\n<figure class=\"wp-block-image aligncenter size-large\"><a href=\"https:\/\/droix.net\/wp-content\/uploads\/2024\/03\/11.jpg\"><img decoding=\"async\" src=\"https:\/\/droix.net\/wp-content\/uploads\/2024\/03\/11-1024x420.jpg\" alt=\"Diferitele modalit&#x103;&#x21B;i de conectare a monitorului portabil DroiX PM13 includ USB, ActiveDP, DisplayPort over USB, porturi USB Thunderbolt &#x219;i protocol USB 4 pentru ie&#x219;ire video, asigur&#xE2;nd conectivitate versatil&#x103;.\" class=\"wp-image-182199\"\/><\/a><\/figure>\n\n<figure class=\"wp-block-image aligncenter size-large\"><a href=\"https:\/\/droix.net\/wp-content\/uploads\/2024\/03\/12.jpg\"><img decoding=\"async\" src=\"https:\/\/droix.net\/wp-content\/uploads\/2024\/03\/12-1024x420.jpg\" alt=\"&#xCE;ntreb&#x103;ri frecvente pentru monitorul portabil DroiX PM13\" class=\"wp-image-182200\"\/><\/a><\/figure>\n\n<h3 class=\"wp-block-heading\"><strong>Concluzie<\/strong><\/h3>\n\n<p>DroiX PM13 redefine\u0219te esen\u021ba monitoarelor portabile, combin\u00e2nd rezolu\u021bia \u00eenalt\u0103, portabilitatea superioar\u0103 \u0219i compatibilitatea extins\u0103 \u00eentr-un design elegant, u\u0219or de utilizat. Este creat pentru cei care refuz\u0103 s\u0103 fac\u0103 compromisuri \u00een ceea ce prive\u0219te calitatea \u0219i func\u021bionalitatea, chiar \u0219i \u00een deplasare. \u00cembr\u0103\u021bi\u0219a\u021bi viitorul monitoarelor portabile cu DroiX PM13 \u0219i experimenta\u021bi pe propria piele combina\u021bia perfect\u0103 de inova\u021bie \u0219i confort.  <\/p>\n\n<p>Nu rata\u021bi ocazia de a v\u0103 \u00eembun\u0103t\u0103\u021bi experien\u021ba monitorului portabil cu DroiX PM13. Precomanda\u021bi acum pentru a v\u0103 asigura un loc printre primii care se vor bucura de acest dispozitiv revolu\u021bionar. Cu o disponibilitate limitat\u0103, aceasta este \u0219ansa dvs. de a trece \u00een fa\u021b\u0103 \u0219i de a experimenta cea mai recent\u0103 tehnologie de afi\u0219are portabil\u0103. Comanda\u021bi ast\u0103zi monitorul dvs. portabil DroiX PM13!   <\/p>\n","protected":false},"excerpt":{"rendered":"<ul>\n<li>Ecran<strong> IPS<\/strong> 2K 13&#8243;<\/li>\n<li>100% acoperire<strong> sRGB<\/strong> <\/li>\n<li>450 <strong>Nits<\/strong> Luminozitate<\/li>\n<li>75x75mm montare<strong> VESA<\/strong> <\/li>\n<li>  Difuzoare <strong> \u00eencorporate<\/strong> <\/li>\n<\/ul>\n<p> [cg_accordion title=\"INFORMA\u021aII PRIVIND PLATA\"] Utiliz\u0103m cea mai recent\u0103 tehnologie \u00een procesarea pl\u0103\u021bilor, care v\u0103 permite s\u0103 efectua\u021bi plata prin intermediul cardului de debit\/credit sau PayPal pentru o experien\u021b\u0103 rapid\u0103 \u0219i sigur\u0103.[\/cg_accordion] [cg_accordion title=\"GARAN\u021aIE\"] Garan\u021bie de 1 sau 2 ani* de la <a href=\"https:\/\/droix.net\/\" target=\"_blank\" rel=\"nofollow noopener\">DroiX Global<\/a> pentru lini\u0219tea dumneavoastr\u0103[\/cg_accordion] [cg_accordion title=\"TRANSPORT MARITIM \u0218I TAXE\"] <strong><u>Not\u0103:<\/u><\/strong> Clien\u021bii din Statele Unite: Pre\u021bul afi\u0219at include toate taxele aplicabile. Clien\u021bii din UE: Pre\u021bul afi\u0219at include TAXA aplicabil\u0103, care poate fi de p\u00e2n\u0103 la 25% \u00een func\u021bie de \u021bara dumneavoastr\u0103. Clien\u021bii din Canada: Pre\u021bul afi\u0219at include 5% GST.   Transportul \u0219i retururile sunt gestionate de <a href=\"https:\/\/droix.net\/\" target=\"_blank\" rel=\"nofollow noopener\">DroiX<\/a>, un distribuitor oficial GPD. Oferim livrare rapid\u0103 DHL Express DDP (Delivered Duty Paid). Toate taxele vamale \u0219i impozitele sunt incluse \u00een pre\u021bul afi\u0219at &#8211; nu vor fi necesare pl\u0103\u021bi suplimentare la livrare. Dac\u0103 apar probleme vamale, echipa noastr\u0103 se va ocupa de procedurile de v\u0103muire \u00een numele dvs. Important: \u00cen cazul return\u0103rilor \u0219i al r\u0103zg\u00e2ndirii, taxele \u0219i impozitele pl\u0103tite \u00een numele dvs. nu pot fi rambursate din cauza condi\u021biilor de expediere DDP. V\u0103 rug\u0103m s\u0103 consulta\u021bi <a href=\"https:\/\/gpdstore.net\/ro\/terms-of-service\/\" target=\"_blank\" rel=\"nofollow noopener\">Termenii \u0219i condi\u021biile<\/a> noastre pentru informa\u021bii detaliate.     [\/cg_accordion] [cg_accordion title=\"WHAT'S INCLUDED\"]<\/p>\n<ul>\n<li>1x Monitor portabil DroiX PM13<\/li>\n<li>1x fi\u0219\u0103 de alimentare (UE \/ SUA)<\/li>\n<li>1x cablu HDMI<\/li>\n<li>1x cablu USB tip C<\/li>\n<li>1x cablu USB tip A la tip C<\/li>\n<li>1x carcas\u0103 protectoare<\/li>\n<li>1x Manual de utilizare<\/li>\n<\/ul>\n<p>[\/cg_accordion]<\/p>\n","protected":false},"featured_media":818499,"template":"","meta":{"_acf_changed":false},"product_brand":[],"product_cat":[5444],"product_tag":[12474,5446],"woo-feed-brand":[5447],"class_list":{"0":"post-47828","1":"product","2":"type-product","3":"status-publish","4":"has-post-thumbnail","6":"product_cat-monitoare-portabile","7":"product_tag-25bfsale-ro","8":"product_tag-droix-portabil-monitor","9":"product_shipping_class-low-end","10":"pa_brand-droix","11":"woo-feed-brand-droix-ro","13":"first","14":"instock","15":"sale","16":"taxable","17":"shipping-taxable","18":"purchasable","19":"product-type-variable","20":"has-default-attributes"},"acf":[],"aioseo_notices":[],"_links":{"self":[{"href":"https:\/\/gpdstore.net\/ro\/wp-json\/wp\/v2\/product\/47828","targetHints":{"allow":["GET"]}}],"collection":[{"href":"https:\/\/gpdstore.net\/ro\/wp-json\/wp\/v2\/product"}],"about":[{"href":"https:\/\/gpdstore.net\/ro\/wp-json\/wp\/v2\/types\/product"}],"wp:featuredmedia":[{"embeddable":true,"href":"https:\/\/gpdstore.net\/ro\/wp-json\/wp\/v2\/media\/818499"}],"wp:attachment":[{"href":"https:\/\/gpdstore.net\/ro\/wp-json\/wp\/v2\/media?parent=47828"}],"wp:term":[{"taxonomy":"product_brand","embeddable":true,"href":"https:\/\/gpdstore.net\/ro\/wp-json\/wp\/v2\/product_brand?post=47828"},{"taxonomy":"product_cat","embeddable":true,"href":"https:\/\/gpdstore.net\/ro\/wp-json\/wp\/v2\/product_cat?post=47828"},{"taxonomy":"product_tag","embeddable":true,"href":"https:\/\/gpdstore.net\/ro\/wp-json\/wp\/v2\/product_tag?post=47828"},{"taxonomy":"woo-feed-brand","embeddable":true,"href":"https:\/\/gpdstore.net\/ro\/wp-json\/wp\/v2\/woo-feed-brand?post=47828"}],"curies":[{"name":"wp","href":"https:\/\/api.w.org\/{rel}","templated":true}]}}