{"id":342538,"date":"2024-08-12T15:37:31","date_gmt":"2024-08-12T15:37:31","guid":{"rendered":"https:\/\/gpdstore.net\/fara-categorie\/hub-usb-transparent-droix-nt8\/"},"modified":"2025-12-23T10:14:21","modified_gmt":"2025-12-23T10:14:21","slug":"droix-nt8-clear-usb-hub","status":"publish","type":"product","link":"https:\/\/gpdstore.net\/ro\/product\/droix-nt8-clear-usb-hub\/","title":{"rendered":"Hub USB transparent DroiX NT8"},"content":{"rendered":"\n<h3 class=\"wp-block-heading\">DroiX NT8 Clear USB Hub: Viitorul conectivit\u0103\u021bii Crystal-Clear!  <\/h3>\n\n<h3 class=\"wp-block-heading\">Experimenta\u021bi vitezele Gigabit Ethernet  <\/h3>\n\n<p>Te-ai s\u0103turat de internetul lent care te \u021bine pe loc? P\u0103\u0219i\u021bi \u00een viitor cu DroiX NT8 Clear USB Hub! Acesta nu este un hub oarecare &#8211; este poarta ta de acces c\u0103tre lumea extrem de rapid\u0103 a Ethernet-ului Gigabit 10\/100\/1000M RJ45. Fie c\u0103 face\u021bi streaming \u00een HD, cucere\u0219ti jocuri online sau navighezi cu mai multe file deschise, vei experimenta conexiuni stabile \u0219i rapide ca fulgerul. Spune\u021bi adio buffering-ului \u0219i lag-ului &#8211; totul se \u00eencarc\u0103 la viteza de acum!    <\/p>\n\n<h3 class=\"wp-block-heading\">Livrare rapid\u0103 \u0219i eficient\u0103 a energiei  <\/h3>\n\n<p>\u00centr-o lume care nu se opre\u0219te niciodat\u0103, dispozitivele dvs. trebuie s\u0103 \u021bin\u0103 pasul. DroiX NT8 este proiectat cu puterea \u00een minte, suport\u00e2nd p\u00e2n\u0103 la 100W \u00eenc\u0103rcare PD. Fie c\u0103 \u00eenc\u0103rca\u021bi un laptop, o consol\u0103 de jocuri portabil\u0103 sau orice dispozitiv USB de tip C, acest hub asigur\u0103 o \u00eenc\u0103rcare rapid\u0103, fiabil\u0103 \u0219i eficient\u0103. Nu mai a\u0219tepta\u021bi &#8211; dispozitivele dvs. vor fi alimentate \u0219i gata oric\u00e2nd.   <\/p>\n\n<h3 class=\"wp-block-heading\">Imagini uimitoare 4K  <\/h3>\n\n<p>Ai poft\u0103 de imagini clare ca cristalul? Hub-ul USB DroiX NT8 Clear ofer\u0103 o experien\u021b\u0103 cinematografic\u0103 chiar la \u00eendem\u00e2na ta. Cu ie\u0219ire video HDMI 2.0, bucura\u021bi-v\u0103 de o rezolu\u021bie 4K 4096&#215;2160 ultra clar\u0103 la 60Hz. Fie c\u0103 este pentru munc\u0103, divertisment sau jocuri, imaginile sunt at\u00e2t de clare \u0219i imersive, \u00eenc\u00e2t v\u0103 ve\u021bi sim\u021bi ca \u0219i cum a\u021bi fi chiar acolo, \u00een mijlocul ac\u021biunii.   <\/p>\n\n<h3 class=\"wp-block-heading\">Conectivitate USB de neegalat  <\/h3>\n\n<p>De ce s\u0103 v\u0103 limita\u021bi doar la c\u00e2teva conexiuni? Hub-ul USB transparent DroiX NT8 ofer\u0103 trei porturi USB Type-A 3.0, asigur\u00e2ndu-v\u0103 c\u0103 v\u0103 pute\u021bi conecta toate dispozitivele f\u0103r\u0103 probleme. Transfera\u021bi date la viteza fulgerului, conecta\u021bi periferice sau \u00eenc\u0103rca\u021bi-v\u0103 dispozitivele &#8211; toate cu versatilitatea \u0219i performan\u021ba pe care le solicita\u021bi. Cu DroiX NT8, sunte\u021bi \u00eentotdeauna gata s\u0103 v\u0103 conecta\u021bi \u0219i s\u0103 pleca\u021bi.   <\/p>\n\n<h3 class=\"wp-block-heading\">Cablu USB tip C de ultim\u0103 genera\u021bie  <\/h3>\n\n<p>Viitorul conectivit\u0103\u021bii este aici cu cablul USB Type-C al DroiX NT8. Conceput\u0103 pentru transferuri de date mai rapide \u0219i \u00eenc\u0103rcare eficient\u0103, aceast\u0103 solu\u021bie modern\u0103 asigur\u0103 o conexiune ra\u021bionalizat\u0103 \u0219i universal\u0103. Compatibil cu o gam\u0103 larg\u0103 de dispozitive, acest hub este cu adev\u0103rat o investi\u021bie preg\u0103tit\u0103 pentru viitor, care v\u0103 men\u021bine conectat cu u\u0219urin\u021b\u0103.  <\/p>\n\n<h3 class=\"wp-block-heading\">Acces media f\u0103r\u0103 efort  <\/h3>\n\n<p>Accesa\u021bi fi\u0219ierele dvs. media \u00een c\u00e2teva secunde cu ajutorul cititoarelor duble de carduri SD de la DroiX NT8. Fie c\u0103 este vorba de fotografii, videoclipuri sau documente importante, aceste cititoare accept\u0103 at\u00e2t carduri Micro SD, c\u00e2t \u0219i SD, oferind viteze de transfer de p\u00e2n\u0103 la 480Mbps. Ve\u021bi avea toate datele esen\u021biale la \u00eendem\u00e2n\u0103, rapid \u0219i f\u0103r\u0103 complica\u021bii.  <\/p>\n\n<h3 class=\"wp-block-heading\">Design compact, impact masiv  <\/h3>\n\n<p>\u00centr-o lume a gadget-urilor voluminoase, DroiX NT8 iese \u00een eviden\u021b\u0103 cu designul s\u0103u elegant \u0219i compact. M\u0103sur\u00e2nd doar 104 x 43 x 13 mm, este partenerul perfect pentru cei afla\u021bi \u00een mi\u0219care. Fie c\u0103 v\u0103 afla\u021bi \u00eentr-o cafenea, la o \u00eent\u00e2lnire sau \u00een c\u0103l\u0103torie, acest hub este suficient de mic pentru a fi transportat oriunde, dar suficient de puternic pentru a avea un mare impact asupra nevoilor dvs. de conectivitate.  <\/p>\n\n<h3 class=\"wp-block-heading\">Compatibilitate universal\u0103  <\/h3>\n\n<p>Hub-ul USB transparent DroiX NT8 nu este doar versatil &#8211; este universal compatibil. Proiectat s\u0103 func\u021bioneze perfect cu dispozitive USB Type-C precum PC-uri, mini PC-uri, laptop-uri, dispozitive portabile de jocuri \u0219i multe altele, este solu\u021bia all-in-one pe care o c\u0103uta\u021bi. Nu mai jongla\u021bi cu mai multe hub-uri &#8211; acesta este singurul de care ve\u021bi avea nevoie vreodat\u0103.  <\/p>\n\n<h3 class=\"wp-block-heading\">Concluzii: O revolu\u021bie a conectivit\u0103\u021bii  <\/h3>\n\n<p>Printre marea de hub-uri USB, DroiX NT8 Clear USB Hub se remarc\u0103. Cu o gam\u0103 impresionant\u0103 de caracteristici, design compact \u0219i compatibilitate universal\u0103, acesta este mai mult dec\u00e2t un simplu hub &#8211; este o revolu\u021bie \u00een conectivitate. Fie c\u0103 sunte\u021bi un pasionat de tehnologie, un gamer sau un profesionist \u00een mi\u0219care, DroiX NT8 este instrumentul suprem pentru a v\u0103 \u00eembun\u0103t\u0103\u021bi experien\u021ba tehnologic\u0103. P\u0103\u0219e\u0219te \u00een viitor cu DroiX NT8 &#8211; dispozitivele tale \u00ee\u021bi vor fi recunosc\u0103toare!   <\/p>\n\n<p>Descoperi\u021bi mai multe \u00een ghidul nostru No\u021biuni <strong>introductive despre hub-ul USB transparent Droix NT8<\/strong>.<\/p>\n","protected":false},"excerpt":{"rendered":"<ul>\n<li>Hub USB transparent DroiX<strong> NT8<\/strong> <\/li>\n<li><strong>10\/100\/1000M<\/strong> Gigabit Ethernet<\/li>\n<li>\u00cenc\u0103rcare PD 100W<\/li>\n<li><strong>Slot pentru card MicroSD \/ SD<\/strong> 480Mbps<\/li>\n<li>Ie\u0219ire <strong>HDMI 4K<\/strong> <\/li>\n<\/ul>\n[cg_accordion title=\"INFORMA\u021aII PRIVIND PLATA\"]<\/p>\n<p>Utiliz\u0103m cea mai recent\u0103 tehnologie de procesare a pl\u0103\u021bilor, care v\u0103 permite s\u0103 efectua\u021bi plata prin Apple Pay, Google Pay, cardul dvs. de debit\/credit, PayPal sau metode BNPL precum Klarna, Affirm sau AfterPay pentru o experien\u021b\u0103 rapid\u0103 \u0219i sigur\u0103.[\/cg_accordion]\n[cg_accordion title=\"GARAN\u021aIE\"]<\/p>\n<p>Garan\u021bie de 2 ani de la <a href=\"https:\/\/droix.net\/\" target=\"_blank\" rel=\"nofollow noopener\">DROIX Global<\/a> pentru lini\u0219tea dumneavoastr\u0103[\/cg_accordion]\n[cg_accordion title=\"PRE\u021aURI, TAXE \u0218I TRANSPORT\"]<\/p>\n<p><strong><u>Not\u0103:<\/u><\/strong><\/p>\n<ul>\n<li>Clien\u021bii din Statele Unite ale Americii: Pre\u021bul afi\u0219at NU include TAXE sau taxe vamale. Responsabilitatea de a v\u0103mui \u0219i de a pl\u0103ti orice tax\u0103\/tax\u0103 asociat\u0103 revine clientului. <\/li>\n<li>Clien\u021bii din UE: Pre\u021bul afi\u0219at include TAXA aplicabil\u0103, care poate fi de p\u00e2n\u0103 la 25% \u00een func\u021bie de \u021bara dumneavoastr\u0103.<\/li>\n<li>Clien\u021bii din Canada: Pre\u021bul afi\u0219at include taxele aplicabile, care pot include 5% GST \u0219i taxe de v\u00e2nzare provinciale suplimentare (PST), taxa de v\u00e2nzare armonizat\u0103 (HST) sau taxa de v\u00e2nzare din Quebec (QST), \u00een func\u021bie de provincia dumneavoastr\u0103.<\/li>\n<\/ul>\n<p><strong>Doar pentru clien\u021bii din UE:<\/strong> Express DDP (Delivered Duty Paid). Aceasta \u00eenseamn\u0103 c\u0103: <\/p>\n<ul>\n<li>Toate taxele vamale \u0219i impozitele sunt incluse \u00een pre\u021bul afi\u0219at pe pagina produsului.<\/li>\n<li>Nu va trebui s\u0103 pl\u0103ti\u021bi nicio tax\u0103 suplimentar\u0103 la livrare.<\/li>\n<li>\u00cen cazul rar al unor probleme legate de vam\u0103, echipa noastr\u0103 se va ocupa de procesul de v\u0103muire \u00een numele dvs. pentru a asigura o livrare f\u0103r\u0103 probleme.<\/li>\n<p>Informa\u021bii importante despre retururi:<\/p>\n<li>Dac\u0103 decide\u021bi s\u0103 returna\u021bi comanda sau s\u0103 solicita\u021bi o rambursare, v\u0103 rug\u0103m s\u0103 re\u021bine\u021bi c\u0103 taxele \u0219i impozitele pl\u0103tite \u00een numele dvs. \u00een conformitate cu termenii DDP nu pot fi rambursate.<\/li>\n<p>V\u0103 rug\u0103m s\u0103 consulta\u021bi <a href=\"https:\/\/gpdstore.net\/ro\/terms-of-service\/\" target=\"_blank\" rel=\"nofollow noopener\">Termenii \u0219i condi\u021biile<\/a> noastre pentru informa\u021bii detaliate.\n<\/ul>\n<p>[\/cg_accordion]\n[cg_accordion title=\"ASISTEN\u021a\u0102 PENTRU CLIEN\u021aI\"]<\/p>\n<p>Ave\u021bi o \u00eentrebare? Suntem la un scurt mesaj distan\u021b\u0103 de rezolvarea problemei tale!<br \/>\n[\/cg_accordion]\n[cg_accordion title=\"CE ESTE INCLUS\"]<\/p>\n<ul>\n<li>1x DroiX NT8 Clear USB Hub<\/li>\n<\/ul>\n<p>[\/cg_accordion]\n","protected":false},"featured_media":342539,"template":"","meta":{"_acf_changed":false},"product_brand":[],"product_cat":[5390],"product_tag":[6028],"woo-feed-brand":[5447],"class_list":{"0":"post-342538","1":"product","2":"type-product","3":"status-publish","4":"has-post-thumbnail","6":"product_cat-accesorii","7":"product_tag-droix-hub-ro","8":"product_shipping_class-low-end","9":"pa_i-o-video-1x-hdmi-ro","10":"woo-feed-brand-droix-ro","12":"first","13":"outofstock","14":"sale","15":"taxable","16":"shipping-taxable","17":"purchasable","18":"product-type-simple"},"acf":[],"aioseo_notices":[],"_links":{"self":[{"href":"https:\/\/gpdstore.net\/ro\/wp-json\/wp\/v2\/product\/342538","targetHints":{"allow":["GET"]}}],"collection":[{"href":"https:\/\/gpdstore.net\/ro\/wp-json\/wp\/v2\/product"}],"about":[{"href":"https:\/\/gpdstore.net\/ro\/wp-json\/wp\/v2\/types\/product"}],"wp:featuredmedia":[{"embeddable":true,"href":"https:\/\/gpdstore.net\/ro\/wp-json\/wp\/v2\/media\/342539"}],"wp:attachment":[{"href":"https:\/\/gpdstore.net\/ro\/wp-json\/wp\/v2\/media?parent=342538"}],"wp:term":[{"taxonomy":"product_brand","embeddable":true,"href":"https:\/\/gpdstore.net\/ro\/wp-json\/wp\/v2\/product_brand?post=342538"},{"taxonomy":"product_cat","embeddable":true,"href":"https:\/\/gpdstore.net\/ro\/wp-json\/wp\/v2\/product_cat?post=342538"},{"taxonomy":"product_tag","embeddable":true,"href":"https:\/\/gpdstore.net\/ro\/wp-json\/wp\/v2\/product_tag?post=342538"},{"taxonomy":"woo-feed-brand","embeddable":true,"href":"https:\/\/gpdstore.net\/ro\/wp-json\/wp\/v2\/woo-feed-brand?post=342538"}],"curies":[{"name":"wp","href":"https:\/\/api.w.org\/{rel}","templated":true}]}}