{"id":279160,"date":"2024-01-24T17:32:18","date_gmt":"2024-01-24T17:32:18","guid":{"rendered":"https:\/\/gpdstore.net\/fara-categorie\/statie-de-andocare-sd1\/"},"modified":"2025-12-23T10:21:30","modified_gmt":"2025-12-23T10:21:30","slug":"sd1-docking-station","status":"publish","type":"product","link":"https:\/\/gpdstore.net\/ro\/product\/sd1-docking-station\/","title":{"rendered":"Sta\u021bie de andocare SD1"},"content":{"rendered":"\n<h1 class=\"wp-block-heading\"><strong>Dezl\u0103n\u021bui\u021bi \u00eentregul poten\u021bial al jocurilor portabile cu sta\u021bia de andocare SD1!<\/strong><\/h1>\n\n<h3 class=\"wp-block-heading\">Integrare perfect\u0103 a jocurilor la \u00eendem\u00e2na dumneavoastr\u0103!<\/h3>\n\n<p>Bine a\u021bi venit la ultima schimbare \u00een materie de accesorii PC pentru jocuri portabile! V\u0103 prezent\u0103m sta\u021bia de andocare SD1, special creat\u0103 pentru juc\u0103torii pasiona\u021bi care doresc o experien\u021b\u0103 de joc ne\u00eentrerupt\u0103 \u0219i f\u0103r\u0103 \u00eentreruperi. Cu aceast\u0103 sta\u021bie de andocare de ultim\u0103 genera\u021bie, juc\u0103torii pot ridica capacit\u0103\u021bile PC-urilor lor portabile de jocuri ca niciodat\u0103 \u00eenainte. De la popularul Steam Deck la rafinatul AYA NEO Geek 1S, SD1 adopt\u0103 versatilitatea, asigur\u00e2ndu-se c\u0103 dispozitivul dvs. portabil preferat prime\u0219te impulsul de care are nevoie. Pur \u0219i simplu andoca\u021bi-l, conecta\u021bi-l cu cablul USB Type-C \u0219i urm\u0103ri\u021bi cum se desf\u0103\u0219oar\u0103 magia.    <\/p>\n\n<h3 class=\"wp-block-heading\"><strong>Conexiune la internet ultra-rapid\u0103 \u0219i stabil\u0103<\/strong><\/h3>\n\n<p>Gata cu \u00eent\u00e2rzierile. Gata cu \u00eentreruperile. Scufunda\u021bi-v\u0103 \u00een universul jocurilor cu RJ45 Gigabit Ethernet de la SD1. Cu viteze de p\u00e2n\u0103 la 1000M, aceast\u0103 sta\u021bie de andocare v\u0103 asigur\u0103 un avantaj \u00een jocurile multiplayer, oferind sesiuni de joc ultra-reactive. Lua\u021bi-v\u0103 adio de la laten\u021ba frustrant\u0103 \u0219i \u00eent\u00e2mpina\u021bi interac\u021biunile de joc fluide, \u00een timp real. C\u00e2nd fiecare milisecund\u0103 conteaz\u0103, SD1 v\u0103 asigur\u0103 c\u0103 sunte\u021bi \u00eentotdeauna cu un pas \u00eenainte.     <\/p>\n\n<h3 class=\"wp-block-heading\"><strong>Experien\u021b\u0103 de afi\u0219are vie \u0219i clar\u0103<\/strong><\/h3>\n\n<p>\u00cembun\u0103t\u0103\u021bi\u021bi experien\u021ba vizual\u0103 de joc! Sta\u021bia de andocare SD1 este dotat\u0103 cu o ie\u0219ire HDMI 2.0, permi\u021b\u00e2nd juc\u0103torilor s\u0103 se cufunde \u00een imagini bogate, 4K, la o frecven\u021b\u0103 de 60 Hz. Cu capacit\u0103\u021bi de rezolu\u021bie de p\u00e2n\u0103 la 4096&#215;2160, fiecare pixel prinde via\u021b\u0103, propuls\u00e2ndu-v\u0103 \u00een centrul ac\u021biunii. Experimenta\u021bi jocurile \u00een toat\u0103 splendoarea lor, cu detalii impecabile, culori vibrante \u0219i claritate de neegalat.   <\/p>\n\n<h3 class=\"wp-block-heading\"><strong>Livrare rapid\u0103 \u0219i eficient\u0103 a energiei<\/strong><\/h3>\n\n<p>Puterea de a juca la nesf\u00e2r\u0219it! Sta\u021bia de andocare SD1 nu se rezum\u0103 doar la conectivitate \u0219i efecte vizuale, ci \u0219i la asigurarea c\u0103 dispozitivul dvs. de joc r\u0103m\u00e2ne \u00eenc\u0103rcat cu energie. Cu o capacitate incredibil\u0103 de \u00eenc\u0103rcare PD de 100 W, aceasta \u00ee\u021bi realimenteaz\u0103 rapid dispozitivul, asigur\u00e2ndu-te c\u0103 nu r\u0103m\u00e2i niciodat\u0103 f\u0103r\u0103 baterie \u00een toiul luptei. Continu\u0103 s\u0103 te joci, cu \u00eencrederea c\u0103 dispozitivul t\u0103u este alimentat continuu de un sistem de \u00eenc\u0103rcare fiabil \u0219i rapid.   <\/p>\n\n<h3 class=\"wp-block-heading\"><strong>Accesibilitate multipl\u0103 la porturi pentru o utilizare \u00eembun\u0103t\u0103\u021bit\u0103<\/strong><\/h3>\n\n<p>Versatilitate la maxim! SD1 este echipat cu trei porturi USB Type-A 3.0, oferind gamerilor luxul de a conecta mai multe periferice. Fie c\u0103 este vorba de un controller suplimentar, o casc\u0103 sau orice alt accesoriu bazat pe USB, sta\u021bia de andocare SD1 v\u0103 asigur\u0103 c\u0103 sunte\u021bi preg\u0103tit pentru orice scenariu de joc. Experimenta\u021bi rate mai rapide de transfer de date \u0219i bucura\u021bi-v\u0103 de un mediu de joc f\u0103r\u0103 dezordine.   <\/p>\n\n<h3 class=\"wp-block-heading\"><strong>Conectivitate robust\u0103 \u0219i eficient\u0103<\/strong><\/h3>\n\n<p>O lume de oportunit\u0103\u021bi de joc deblocat\u0103 cu un singur cablu. SD1 exploateaz\u0103 puterea USB Type-C, asigur\u00e2nd o conexiune stabil\u0103 \u0219i eficient\u0103 \u00eentre sta\u021bia de andocare \u0219i dispozitivul dvs. portabil de jocuri. Aceast\u0103 solu\u021bie inovatoare de conectivitate nu numai c\u0103 promite rate mai rapide de transfer de date, dar asigur\u0103 \u0219i compatibilitatea universal\u0103 cu cele mai recente dispozitive de jocuri.  <\/p>\n\n<h3 class=\"wp-block-heading\"><strong>Construc\u021bie robust\u0103 cu estetic\u0103 elegant\u0103<\/strong><\/h3>\n\n<p>Dincolo de performan\u021bele sale tehnice, SD1 este o dovad\u0103 a designului elegant \u0219i a construc\u021biei robuste. Fabricat din aluminiu gri, acesta radiaz\u0103 o senza\u021bie premium, promi\u021b\u00e2nd \u00een acela\u0219i timp longevitate. Pentru a v\u0103 asigura c\u0103 dispozitivele dvs. de jocuri pre\u021bioase sunt \u00eentotdeauna protejate, acesta este echipat cu tampoane de silicon negru, oferind un strat suplimentar de siguran\u021b\u0103 \u00eempotriva zg\u00e2rieturilor \u0219i alunec\u0103rilor accidentale.  <\/p>\n\n<h3 class=\"wp-block-heading\"><strong>Compatibilitate universal\u0103: O \u00eenc\u00e2ntare pentru gameri!<\/strong><\/h3>\n\n<p>Semnul distinctiv al unui accesoriu excelent este adaptabilitatea, iar SD1 str\u0103luce\u0219te \u00een acest aspect. Conceput\u0103 pentru a g\u0103zdui o gam\u0103 larg\u0103 de PC-uri portabile pentru jocuri, asigur\u0103 c\u0103 niciun gamer nu este l\u0103sat \u00een urm\u0103. Fie c\u0103 de\u021bine\u021bi cel mai recent GPD WIN 4 2023 sau ONEXPLAYER 2, aceast\u0103 sta\u021bie de andocare este solu\u021bia dvs. unic\u0103 pentru capacit\u0103\u021bi de joc \u00eembun\u0103t\u0103\u021bite. Testat cu Steam Deck, ROG Ally, GPD WIN 4, GPD WIN 4 2023, ONEXPLAYER 2, AYA NEO 2S, AYA NEO Geek \u0219i AYA NEO Geek 1S.   <\/p>\n\n<h3 class=\"wp-block-heading\"><strong>\u00cen concluzie<\/strong><\/h3>\n\n<p>P\u0103\u0219e\u0219te \u00een viitorul jocurilor portabile cu sta\u021bia de andocare SD1. Nu este doar o sta\u021bie de andocare; este o experien\u021b\u0103, o c\u0103l\u0103torie, un nou mod de a juca. Ridica\u021bi-v\u0103 nivelul sesiunilor de joc \u0219i \u00eembr\u0103\u021bi\u0219a\u021bi noua er\u0103 a jocurilor portabile cu sta\u021bia de andocare SD1.  <\/p>\n\n<p><\/p>\n","protected":false},"excerpt":{"rendered":"<ul>\n<li>Sta\u021bie de andocare <strong>SD1 <\/strong><\/li>\n<li>Gigabit Ethernet<\/li>\n<li>100W PD USB-C<\/li>\n<li>Ie\u0219ire HDMI<\/li>\n<li><strong>Compatibil cu<\/strong> GPD WIN 4 2024 \u0219i multe altele<\/li>\n<\/ul>\n[cg_accordion title=\"INFORMA\u021aII PRIVIND PLATA\"]<\/p>\n<p>Utiliz\u0103m cea mai recent\u0103 tehnologie de procesare a pl\u0103\u021bilor, care v\u0103 permite s\u0103 efectua\u021bi plata prin Apple Pay, Google Pay, cardul dvs. de debit\/credit, PayPal sau metode BNPL precum Klarna, Affirm sau AfterPay pentru o experien\u021b\u0103 rapid\u0103 \u0219i sigur\u0103.[\/cg_accordion]\n[cg_accordion title=\"GARAN\u021aIE\"]<\/p>\n<p>Garan\u021bie de 2 ani de la <a href=\"https:\/\/droix.net\/\" target=\"_blank\" rel=\"nofollow noopener\">DROIX Global<\/a> pentru lini\u0219tea dumneavoastr\u0103[\/cg_accordion]\n[cg_accordion title=\"PRE\u021aURI, TAXE \u0218I TRANSPORT\"]<\/p>\n<p><strong><u>Not\u0103:<\/u><\/strong><\/p>\n<ul>\n<li>Clien\u021bii din Statele Unite ale Americii: Pre\u021bul afi\u0219at NU include TAXE sau taxe vamale. Responsabilitatea de a v\u0103mui \u0219i de a pl\u0103ti orice tax\u0103\/tax\u0103 asociat\u0103 revine clientului. <\/li>\n<li>Clien\u021bii din UE: Pre\u021bul afi\u0219at include TAXA aplicabil\u0103, care poate fi de p\u00e2n\u0103 la 25% \u00een func\u021bie de \u021bara dumneavoastr\u0103.<\/li>\n<li>Clien\u021bii din Canada: Pre\u021bul afi\u0219at include taxele aplicabile, care pot include 5% GST \u0219i taxe de v\u00e2nzare provinciale suplimentare (PST), taxa de v\u00e2nzare armonizat\u0103 (HST) sau taxa de v\u00e2nzare din Quebec (QST), \u00een func\u021bie de provincia dumneavoastr\u0103.<\/li>\n<\/ul>\n<p><strong>Doar pentru clien\u021bii din UE:<\/strong> Express DDP (Delivered Duty Paid). Aceasta \u00eenseamn\u0103 c\u0103: <\/p>\n<ul>\n<li>Toate taxele vamale \u0219i impozitele sunt incluse \u00een pre\u021bul afi\u0219at pe pagina produsului.<\/li>\n<li>Nu va trebui s\u0103 pl\u0103ti\u021bi nicio tax\u0103 suplimentar\u0103 la livrare.<\/li>\n<li>\u00cen cazul rar al unor probleme legate de vam\u0103, echipa noastr\u0103 se va ocupa de procesul de v\u0103muire \u00een numele dvs. pentru a asigura o livrare f\u0103r\u0103 probleme.<\/li>\n<p>Informa\u021bii importante despre retururi:<\/p>\n<li>Dac\u0103 decide\u021bi s\u0103 returna\u021bi comanda sau s\u0103 solicita\u021bi o rambursare, v\u0103 rug\u0103m s\u0103 re\u021bine\u021bi c\u0103 taxele \u0219i impozitele pl\u0103tite \u00een numele dvs. \u00een conformitate cu termenii DDP nu pot fi rambursate.<\/li>\n<p>V\u0103 rug\u0103m s\u0103 consulta\u021bi <a href=\"https:\/\/gpdstore.net\/ro\/termeni-de-serviciu\/\" target=\"_blank\" rel=\"nofollow noopener\">Termenii \u0219i condi\u021biile<\/a> noastre pentru informa\u021bii detaliate.\n<\/ul>\n<p>[\/cg_accordion]\n[cg_accordion title=\"ASISTEN\u021a\u0102 PENTRU CLIEN\u021aI\"]<\/p>\n<p>Ave\u021bi o \u00eentrebare? Suntem la un scurt mesaj distan\u021b\u0103 de rezolvarea problemei tale!<br \/>\n[\/cg_accordion]\n[cg_accordion title=\"CE ESTE INCLUS\"]<\/p>\n<ul>\n<li>1x Sta\u021bie de andocare SD1<\/li>\n<\/ul>\n<p>[\/cg_accordion]\n","protected":false},"featured_media":279162,"template":"","meta":{"_acf_changed":false},"product_brand":[],"product_cat":[5390],"product_tag":[14861,6028],"woo-feed-brand":[5447],"class_list":{"0":"post-279160","1":"product","2":"type-product","3":"status-publish","4":"has-post-thumbnail","6":"product_cat-accesorii","7":"product_tag-40xmsale-ro-2","8":"product_tag-droix-hub-ro","9":"product_shipping_class-standard","11":"pa_accessory-type-statie-de-andocare","12":"pa_i-o-video-1x-hdmi-ro","13":"woo-feed-brand-droix-ro","15":"first","16":"outofstock","17":"sale","18":"taxable","19":"shipping-taxable","20":"purchasable","21":"product-type-simple"},"acf":[],"aioseo_notices":[],"_links":{"self":[{"href":"https:\/\/gpdstore.net\/ro\/wp-json\/wp\/v2\/product\/279160","targetHints":{"allow":["GET"]}}],"collection":[{"href":"https:\/\/gpdstore.net\/ro\/wp-json\/wp\/v2\/product"}],"about":[{"href":"https:\/\/gpdstore.net\/ro\/wp-json\/wp\/v2\/types\/product"}],"wp:featuredmedia":[{"embeddable":true,"href":"https:\/\/gpdstore.net\/ro\/wp-json\/wp\/v2\/media\/279162"}],"wp:attachment":[{"href":"https:\/\/gpdstore.net\/ro\/wp-json\/wp\/v2\/media?parent=279160"}],"wp:term":[{"taxonomy":"product_brand","embeddable":true,"href":"https:\/\/gpdstore.net\/ro\/wp-json\/wp\/v2\/product_brand?post=279160"},{"taxonomy":"product_cat","embeddable":true,"href":"https:\/\/gpdstore.net\/ro\/wp-json\/wp\/v2\/product_cat?post=279160"},{"taxonomy":"product_tag","embeddable":true,"href":"https:\/\/gpdstore.net\/ro\/wp-json\/wp\/v2\/product_tag?post=279160"},{"taxonomy":"woo-feed-brand","embeddable":true,"href":"https:\/\/gpdstore.net\/ro\/wp-json\/wp\/v2\/woo-feed-brand?post=279160"}],"curies":[{"name":"wp","href":"https:\/\/api.w.org\/{rel}","templated":true}]}}