{"id":269165,"date":"2024-01-23T12:16:16","date_gmt":"2024-01-23T12:16:16","guid":{"rendered":"https:\/\/gpdstore.net\/fara-categorie\/gpd-micro-pc\/"},"modified":"2025-12-23T10:25:25","modified_gmt":"2025-12-23T10:25:25","slug":"gpd-micro-pc","status":"publish","type":"product","link":"https:\/\/gpdstore.net\/ro\/product\/gpd-micro-pc\/","title":{"rendered":"GPD Micro PC UMPC"},"content":{"rendered":"\n<figure class=\"wp-block-video\"><video controls=\"\" muted=\"\" poster=\"https:\/\/gpdstore.net\/wp-content\/uploads\/2024\/01\/gpd-hero.jpg\" src=\"https:\/\/gpdstore.net\/wp-content\/uploads\/2024\/01\/Video-Project-22.mp4\"><\/video><\/figure>\n\n<div class=\"wp-block-columns is-layout-flex wp-container-core-columns-is-layout-28f84493 wp-block-columns-is-layout-flex\">\n<div class=\"wp-block-column is-layout-flow wp-block-column-is-layout-flow\" style=\"flex-basis:33.33%\">\n<figure class=\"wp-block-image size-full\"><img fetchpriority=\"high\" decoding=\"async\" width=\"1200\" height=\"929\" src=\"https:\/\/gpdstore.net\/wp-content\/uploads\/2024\/05\/1271643.jpg\" alt=\"GPD Micro PC, un mini PC compact &#x219;i versatil proiectat pentru calcul &#x219;i productivitate &#xEE;n mi&#x219;care.\" class=\"wp-image-1670\" srcset=\"https:\/\/gpdstore.net\/wp-content\/uploads\/2024\/05\/1271643.jpg 1200w, https:\/\/gpdstore.net\/wp-content\/uploads\/2024\/05\/1271643-150x116.jpg 150w, https:\/\/gpdstore.net\/wp-content\/uploads\/2024\/05\/1271643-600x465.jpg 600w, https:\/\/gpdstore.net\/wp-content\/uploads\/2024\/05\/1271643-768x595.jpg 768w, https:\/\/gpdstore.net\/wp-content\/uploads\/2024\/05\/1271643-990x766.jpg 990w, https:\/\/gpdstore.net\/wp-content\/uploads\/2024\/05\/1271643-441x341.jpg 441w\" sizes=\"(max-width: 1200px) 100vw, 1200px\" \/><\/figure>\n<\/div>\n\n\n\n<div class=\"wp-block-column is-layout-flow wp-block-column-is-layout-flow\" style=\"flex-basis:66.66%\">\n<h2 class=\"wp-block-heading\">Instrument mobil de productivitate cu interfe\u021be multiple: MicroPC-ul de 6&#8243;!<\/h2>\n\n\n\n<p>\u00cen timp ce Microsoft Surface Go a fost celebrat ca o putere compact\u0103, u\u0219oar\u0103 \u0219i accesibil\u0103, MicroPC-ul de 6&#8243; o duce la nivelul urm\u0103tor. Nu numai c\u0103 este mai mic dec\u00e2t Surface Go, dar dispune \u0219i de mai multe interfe\u021be, ceea ce \u00eel face un dispozitiv incredibil de versatil. Aceast\u0103 minune de dimensiunea unei palme, care m\u0103soar\u0103 doar 15 mm \u00een cel mai sub\u021bire punct \u0219i c\u00e2nt\u0103re\u0219te doar 440 g, este proiectat\u0103 pentru ultra-portabilitate f\u0103r\u0103 a compromite performan\u021ba. Cu un consum de energie termic\u0103 de doar 10 W, MicroPC ofer\u0103 performan\u021be egale cu Surface Go, la un pre\u021b mai accesibil. Ideal pentru profesioni\u0219tii din toate industriile, MicroPC este instrumentul mobil de productivitate prin excelen\u021b\u0103!<\/p>\n<\/div>\n<\/div>\n\n<h2 class=\"wp-block-heading has-text-align-center\">Portabilitatea extrem\u0103 \u00eent\u00e2lne\u0219te designul practic: Specifica\u021biile GPD Micro PC \u0219i factorul de form\u0103<\/h2>\n\n<div class=\"wp-block-columns is-layout-flex wp-container-core-columns-is-layout-28f84493 wp-block-columns-is-layout-flex\">\n<div class=\"wp-block-column is-layout-flow wp-block-column-is-layout-flow\">\n<figure class=\"wp-block-image size-full is-resized\"><img decoding=\"async\" width=\"1000\" height=\"899\" src=\"https:\/\/gpdstore.net\/wp-content\/uploads\/2024\/05\/714PPtewL._AC_UF10001000_QL80_.jpg\" alt=\"GPD Micro PC cu un ecran IPS de 6 inchi, ideal pentru calcul portabil &#x219;i sarcini multimedia.\" class=\"wp-image-1675\" style=\"width:299px;height:auto\" srcset=\"https:\/\/gpdstore.net\/wp-content\/uploads\/2024\/05\/714PPtewL._AC_UF10001000_QL80_.jpg 1000w, https:\/\/gpdstore.net\/wp-content\/uploads\/2024\/05\/714PPtewL._AC_UF10001000_QL80_-150x135.jpg 150w, https:\/\/gpdstore.net\/wp-content\/uploads\/2024\/05\/714PPtewL._AC_UF10001000_QL80_-600x539.jpg 600w, https:\/\/gpdstore.net\/wp-content\/uploads\/2024\/05\/714PPtewL._AC_UF10001000_QL80_-768x690.jpg 768w, https:\/\/gpdstore.net\/wp-content\/uploads\/2024\/05\/714PPtewL._AC_UF10001000_QL80_-990x890.jpg 990w, https:\/\/gpdstore.net\/wp-content\/uploads\/2024\/05\/714PPtewL._AC_UF10001000_QL80_-441x396.jpg 441w\" sizes=\"(max-width: 1000px) 100vw, 1000px\" \/><\/figure>\n\n\n\n<h3 class=\"wp-block-heading\">Cel mai bun PC de buzunar: De ce factorul de form\u0103 de 6 inchi este perfect pentru nomazii digitali<\/h3>\n\n\n\n<p>M\u0103sur\u00e2nd doar 6 inci pe 4 inci \u0219i c\u00e2nt\u0103rind doar 440 de grame, acest mini PC este perfect pentru profesioni\u0219ti, studen\u021bi \u0219i nomazi digitali mereu \u00een mi\u0219care. Cu un procesor Intel quad-core, <a href=\"https:\/\/gpdstore.net\/ro\/product-attribute\/memory-ram-capacity\/8gb-ro\/\" target=\"_blank\" rel=\"noreferrer noopener\">8 GB<\/a> de RAM \u0219i <a href=\"https:\/\/gpdstore.net\/ro\/product-attribute\/storage-capacity\/256gb-ro\/\" target=\"_blank\" data-type=\"link\" data-id=\"https:\/\/gpdstore.net\/product-attribute\/storage-capacity\/256gb\/\" rel=\"noreferrer noopener\">256 GB<\/a>, <a href=\"https:\/\/gpdstore.net\/ro\/product-attribute\/storage-capacity\/512gb-ro\/\" target=\"_blank\" rel=\"noreferrer noopener\">512 GB<\/a> sau <a href=\"https:\/\/gpdstore.net\/ro\/product-attribute\/storage-capacity\/1tb-ro\/\" target=\"_blank\" rel=\"noreferrer noopener\">1 TB<\/a> spa\u021biu de stocare, acesta ofer\u0103 performan\u021be rapide pentru multitasking \u0219i divertisment pe ecranul s\u0103u de \u00eenalt\u0103 rezolu\u021bie.<\/p>\n<\/div>\n\n\n\n<div class=\"wp-block-column is-layout-flow wp-block-column-is-layout-flow\">\n<figure class=\"wp-block-image size-full\"><img decoding=\"async\" width=\"300\" height=\"300\" src=\"https:\/\/gpdstore.net\/wp-content\/uploads\/2024\/05\/078e6b89-8d78-4318-bf09-8caf8fecef63.__CR1800840840_PT0_SX300_V1___.jpg\" alt=\"GPD Micro PC, proiectat s&#x103; fie rezistent la impact pentru durabilitate &#xEE;n diverse medii\" class=\"wp-image-1672\" srcset=\"https:\/\/gpdstore.net\/wp-content\/uploads\/2024\/05\/078e6b89-8d78-4318-bf09-8caf8fecef63.__CR1800840840_PT0_SX300_V1___.jpg 300w, https:\/\/gpdstore.net\/wp-content\/uploads\/2024\/05\/078e6b89-8d78-4318-bf09-8caf8fecef63.__CR1800840840_PT0_SX300_V1___-150x150.jpg 150w, https:\/\/gpdstore.net\/wp-content\/uploads\/2024\/05\/078e6b89-8d78-4318-bf09-8caf8fecef63.__CR1800840840_PT0_SX300_V1___-100x100.jpg 100w\" sizes=\"(max-width: 300px) 100vw, 300px\" \/><\/figure>\n\n\n\n<h3 class=\"wp-block-heading\"><strong>Carcas\u0103 ABS de calitate aeronautic\u0103: Examinarea durabilit\u0103\u021bii \u0219i protec\u021biei GPD Micro PC<\/strong><\/h3>\n\n\n\n<p>Fabricat cu r\u0103\u0219in\u0103 sintetic\u0103 ABS LG-DOW 121H, de calitate superioar\u0103, anti\u0219oc, importat\u0103 din Coreea de Sud, acest material ofer\u0103 durabilitate \u0219i protec\u021bie excep\u021bionale. Cu o grosime substan\u021bial\u0103 de 1 mm, se m\u00e2ndre\u0219te cu ignifugare, rezisten\u021b\u0103 la c\u0103ldur\u0103 ridicat\u0103 \u0219i certificare ignifug\u0103 V-0. Duritatea sa Rockwell impresionant\u0103 de p\u00e2n\u0103 la 109 R \u0219i rezisten\u021ba la \u00eendoire de 26000kg\/cm\u00b2<\/p>\n<\/div>\n\n\n\n<div class=\"wp-block-column is-layout-flow wp-block-column-is-layout-flow\">\n<figure class=\"wp-block-image size-full\"><img loading=\"lazy\" decoding=\"async\" width=\"300\" height=\"300\" src=\"https:\/\/gpdstore.net\/wp-content\/uploads\/2024\/05\/84908091-c530-4179-9369-d0a566b13ce8.__CR1260949949_PT0_SX300_V1___.jpg\" alt=\"GPD Micro PC cu suport pentru periferice extinse, permi&#x21B;&#xE2;nd conectivitate &#x219;i func&#x21B;ionalitate versatil&#x103; &#xEE;ntr-o form&#x103; compact&#x103;\" class=\"wp-image-1674\" srcset=\"https:\/\/gpdstore.net\/wp-content\/uploads\/2024\/05\/84908091-c530-4179-9369-d0a566b13ce8.__CR1260949949_PT0_SX300_V1___.jpg 300w, https:\/\/gpdstore.net\/wp-content\/uploads\/2024\/05\/84908091-c530-4179-9369-d0a566b13ce8.__CR1260949949_PT0_SX300_V1___-150x150.jpg 150w, https:\/\/gpdstore.net\/wp-content\/uploads\/2024\/05\/84908091-c530-4179-9369-d0a566b13ce8.__CR1260949949_PT0_SX300_V1___-100x100.jpg 100w\" sizes=\"(max-width: 300px) 100vw, 300px\" \/><\/figure>\n\n\n\n<h3 class=\"wp-block-heading\"><strong>Extinderea spa\u021biului de stocare \u0219i a func\u021bionalit\u0103\u021bii: Utilizarea USB 3.0 \u0219i a slotului Micro SD<\/strong><\/h3>\n\n\n\n<p>Echipat cu trei interfe\u021be USB 3.0 \u0219i un slot Micro SD, acest dispozitiv poate g\u0103zdui p\u00e2n\u0103 la patru dispozitive de stocare externe, oferind practic o capacitate de stocare nelimitat\u0103. Dar versatilitatea nu se opre\u0219te aici. Cu op\u021biunea de a conecta periferice suplimentare prin Hub, v\u0103 pute\u021bi personaliza configura\u021bia pentru a se potrivi nevoilor dvs., fie c\u0103 este vorba de cre\u0219terea productivit\u0103\u021bii sau extinderea func\u021bionalit\u0103\u021bii.<\/p>\n<\/div>\n<\/div>\n\n<figure class=\"wp-block-image size-large\"><img loading=\"lazy\" decoding=\"async\" width=\"1200\" height=\"563\" src=\"https:\/\/gpdstore.net\/wp-content\/uploads\/2024\/05\/1068053-1200x563.jpg\" alt=\"GPD Micro PC, un mini computer compact &#x219;i puternic, ideal pentru calculul mobil &#x219;i productivitatea &#xEE;n mi&#x219;care\" class=\"wp-image-1678\" srcset=\"https:\/\/gpdstore.net\/wp-content\/uploads\/2024\/05\/1068053-1200x563.jpg 1200w, https:\/\/gpdstore.net\/wp-content\/uploads\/2024\/05\/1068053-150x70.jpg 150w, https:\/\/gpdstore.net\/wp-content\/uploads\/2024\/05\/1068053-600x281.jpg 600w, https:\/\/gpdstore.net\/wp-content\/uploads\/2024\/05\/1068053-768x360.jpg 768w, https:\/\/gpdstore.net\/wp-content\/uploads\/2024\/05\/1068053-1536x720.jpg 1536w, https:\/\/gpdstore.net\/wp-content\/uploads\/2024\/05\/1068053-990x464.jpg 990w, https:\/\/gpdstore.net\/wp-content\/uploads\/2024\/05\/1068053-441x207.jpg 441w, https:\/\/gpdstore.net\/wp-content\/uploads\/2024\/05\/1068053.jpg 1920w\" sizes=\"(max-width: 1200px) 100vw, 1200px\" \/><\/figure>\n\n<p><br\/>Experimenta\u021bi performan\u021ba de top \u00eentr-un pachet compact cu GPD Micro PC. Acest mini laptop Windows 10 PRO este adaptat pentru cei care caut\u0103 un PC industrial rapid \u0219i eficient, cu porturi de comunicare robuste.<\/p>\n\n<figure class=\"wp-block-image size-large\"><img loading=\"lazy\" decoding=\"async\" width=\"1200\" height=\"600\" src=\"https:\/\/gpdstore.net\/wp-content\/uploads\/2024\/05\/MicroPC-1200x600.jpg\" alt=\"GPD Micro PC, un computer portabil mic, dar puternic, proiectat pentru sarcini de calcul versatile\" class=\"wp-image-1677\" srcset=\"https:\/\/gpdstore.net\/wp-content\/uploads\/2024\/05\/MicroPC-1200x600.jpg 1200w, https:\/\/gpdstore.net\/wp-content\/uploads\/2024\/05\/MicroPC-150x75.jpg 150w, https:\/\/gpdstore.net\/wp-content\/uploads\/2024\/05\/MicroPC-600x300.jpg 600w, https:\/\/gpdstore.net\/wp-content\/uploads\/2024\/05\/MicroPC-768x384.jpg 768w, https:\/\/gpdstore.net\/wp-content\/uploads\/2024\/05\/MicroPC-1536x768.jpg 1536w, https:\/\/gpdstore.net\/wp-content\/uploads\/2024\/05\/MicroPC-990x495.jpg 990w, https:\/\/gpdstore.net\/wp-content\/uploads\/2024\/05\/MicroPC-441x221.jpg 441w, https:\/\/gpdstore.net\/wp-content\/uploads\/2024\/05\/MicroPC.jpg 1920w\" sizes=\"(max-width: 1200px) 100vw, 1200px\" \/><\/figure>\n\n<p>Func\u021bion\u00e2nd cu un procesor Intel\u00ae Celeron\u00ae N4120 Quad Core de mare vitez\u0103, care atinge o frecven\u021b\u0103 turbo de p\u00e2n\u0103 la 2,6GHz, \u0219i sus\u021binut de <a href=\"https:\/\/gpdstore.net\/ro\/product-attribute\/memory-ram-capacity\/8gb-ro\/\" target=\"_blank\" rel=\"noreferrer noopener\">8GB<\/a> de memorie RAM <a href=\"https:\/\/gpdstore.net\/ro\/product-attribute\/memory-ram-technology\/lpddr4-ro\/\" target=\"_blank\" rel=\"noreferrer noopener\">LPDDR4<\/a> rapid\u0103, Micro PC-ul ofer\u0103 performan\u021be impresionante. Alege\u021bi din trei op\u021biuni de stocare: <a href=\"https:\/\/gpdstore.net\/ro\/product-attribute\/storage-capacity\/256gb-ro\/\" target=\"_blank\" rel=\"noreferrer noopener\">256GB<\/a>, <a href=\"https:\/\/gpdstore.net\/ro\/product-attribute\/storage-capacity\/512gb-ro\/\" target=\"_blank\" rel=\"noreferrer noopener\">512GB<\/a>, sau <a href=\"https:\/\/gpdstore.net\/ro\/product-attribute\/storage-capacity\/1tb-ro\/\" target=\"_blank\" rel=\"noreferrer noopener\">1TB<\/a> NGFF M.2 SSD SATA, cu flexibilitatea de a face upgrade ulterior.<\/p>\n\n<p>Conectivitatea este un punct culminant, rivaliz\u00e2nd chiar \u0219i cu PC-urile industriale de dimensiuni normale, oferind trei porturi USB 3.0 de tip A, un port USB de tip C, un port serial RS232, un port Ethernet RJ45 1GB\/s, un port HDMI \u0219i un cititor de carduri MicroSD. Op\u021biunile wireless includ 802.11b\/g\/n\/ac, 2.4G\/5G Dual-band Wi-Fi \u0219i <a href=\"https:\/\/gpdstore.net\/ro\/product-attribute\/bluetooth\/4-2-ro\/\" target=\"_blank\" rel=\"noreferrer noopener\">Bluetooth 4.2<\/a>.<\/p>\n\n<p>Ecranul de 6 inchi al Micro PC-ului are o rezolu\u021bie de 1280&#215;720, fiind protejat de sticl\u0103 Corning Gorilla Glass 4 rezistent\u0103 la zg\u00e2rieturi. \u00cen ciuda hardware-ului s\u0103u puternic, acest dispozitiv este compact, m\u0103sur\u00e2nd doar 6&#8243; x 4.4&#8243; x 0.9&#8243; c\u00e2nd este \u00eenchis &#8211; suficient de mic pentru a \u00eenc\u0103pea \u00eentr-un buzunar sau \u00eentr-o geant\u0103 mic\u0103.<\/p>\n\n<p>Pentru cea mai bun\u0103 experien\u021b\u0103 micro PC, GPD Micro PC ofer\u0103 portabilitate excep\u021bional\u0103, conectivitate extins\u0103 \u0219i capabilit\u0103\u021bi de \u00eenalt\u0103 performan\u021b\u0103, fiind alegerea ideal\u0103 pentru entuzia\u0219tii micro PC-urilor cu Windows 10..<\/p>\n\n<figure class=\"wp-block-image size-large\"><img loading=\"lazy\" decoding=\"async\" width=\"1200\" height=\"500\" src=\"https:\/\/gpdstore.net\/wp-content\/uploads\/2024\/05\/1068559-1200x500.jpg\" alt=\"GPD Micro PC, un mini computer compact &#x219;i robust, perfect pentru calculul mobil &#x219;i productivitate.\" class=\"wp-image-1676\" srcset=\"https:\/\/gpdstore.net\/wp-content\/uploads\/2024\/05\/1068559-1200x500.jpg 1200w, https:\/\/gpdstore.net\/wp-content\/uploads\/2024\/05\/1068559-150x63.jpg 150w, https:\/\/gpdstore.net\/wp-content\/uploads\/2024\/05\/1068559-600x250.jpg 600w, https:\/\/gpdstore.net\/wp-content\/uploads\/2024\/05\/1068559-768x320.jpg 768w, https:\/\/gpdstore.net\/wp-content\/uploads\/2024\/05\/1068559-1536x640.jpg 1536w, https:\/\/gpdstore.net\/wp-content\/uploads\/2024\/05\/1068559-990x413.jpg 990w, https:\/\/gpdstore.net\/wp-content\/uploads\/2024\/05\/1068559-441x184.jpg 441w, https:\/\/gpdstore.net\/wp-content\/uploads\/2024\/05\/1068559.jpg 1920w\" sizes=\"(max-width: 1200px) 100vw, 1200px\" \/><\/figure>\n","protected":false},"excerpt":{"rendered":"<ul>\n<li>Personalizat pentru profesioni\u0219tii IT<\/li>\n<li>Chipset Intel N4120<\/li>\n<li>Windows 10 <strong>Pro<\/strong><\/li>\n<li>Port serial RS-232<\/li>\n<li>Wi-Fi Dual-Band \u0219i 1 port Gigabit RJ45<\/li>\n<\/ul>\n<p>[cg_accordion title=\"INFORMA\u021aII PRIVIND PLATA\"]  Utiliz\u0103m cea mai recent\u0103 tehnologie de procesare a pl\u0103\u021bilor, care v\u0103 permite s\u0103 efectua\u021bi plata prin intermediul cardului de debit\/credit sau PayPal pentru o experien\u021b\u0103 rapid\u0103 \u0219i sigur\u0103.[\/cg_accordion] [cg_accordion title=\"GARAN\u021aIE\"]  Garan\u021bie de 2 ani de la <a href=\"https:\/\/droix.net\/\" target=\"_blank\" rel=\"nofollow noopener\">DROIX Global<\/a> pentru lini\u0219tea dumneavoastr\u0103[\/cg_accordion] [cg_accordion title=\"ASIGURAREA CALIT\u0102\u021aII \u0218I TESTAREA \u00ceNAINTE DE EXPEDIERE\"]  Asigurarea satisfac\u021biei clien\u021bilor la cel mai \u00eenalt standard: Fiecare dispozitiv este supus unor teste riguroase \u0219i unei verific\u0103ri de asigurare a calit\u0103\u021bii \u00een mai multe puncte \u00eenainte de a fi expediat. Echipa noastr\u0103 dedicat\u0103 verific\u0103 performan\u021ba, func\u021bionalitatea \u0219i integritatea componentelor pentru a garanta c\u0103 dispozitivul dvs. GPD este \u00een stare perfect\u0103 de func\u021bionare la sosire, oferindu-v\u0103 \u00eencredere \u0219i lini\u0219te sufleteasc\u0103. [\/cg_accordion] [cg_accordion title=\"PRICING, TAXES AND SHIPPING\"] <strong><u>Not\u0103:<\/u><\/strong><\/p>\n<ul>\n<li>Clien\u021bii din Statele Unite ale Americii: Pre\u021bul afi\u0219at NU include TAXE sau taxe vamale. Responsabilitatea de a v\u0103mui \u0219i de a pl\u0103ti orice tax\u0103\/tax\u0103 asociat\u0103 revine clientului. <\/li>\n<li>Clien\u021bii din UE: Pre\u021bul afi\u0219at include TAXA aplicabil\u0103, care poate fi de p\u00e2n\u0103 la 25% \u00een func\u021bie de \u021bara dumneavoastr\u0103.<\/li>\n<li>Clien\u021bii din Canada: Pre\u021bul afi\u0219at include taxele aplicabile, care pot include 5% GST \u0219i taxe de v\u00e2nzare provinciale suplimentare (PST), taxa de v\u00e2nzare armonizat\u0103 (HST) sau taxa de v\u00e2nzare din Quebec (QST), \u00een func\u021bie de provincia dumneavoastr\u0103.<\/li>\n<\/ul>\n<p><strong>Doar pentru clien\u021bii din UE:<\/strong> Express DDP (Delivered Duty Paid). Aceasta \u00eenseamn\u0103 c\u0103: <\/p>\n<ul>\n<li style=\"list-style-type: none;\">\n<ul>\n<li>Toate taxele vamale \u0219i impozitele sunt incluse \u00een pre\u021bul afi\u0219at pe pagina produsului.<\/li>\n<li>Nu va trebui s\u0103 pl\u0103ti\u021bi nicio tax\u0103 suplimentar\u0103 la livrare.<\/li>\n<li>\u00cen cazul rar al unor probleme legate de vam\u0103, echipa noastr\u0103 se va ocupa de procesul de v\u0103muire \u00een numele dvs. pentru a asigura o livrare f\u0103r\u0103 probleme.<\/li>\n<p>Informa\u021bii importante despre retururi:<\/p>\n<li>Dac\u0103 decide\u021bi s\u0103 returna\u021bi comanda sau s\u0103 solicita\u021bi o rambursare, v\u0103 rug\u0103m s\u0103 re\u021bine\u021bi c\u0103 taxele \u0219i impozitele pl\u0103tite \u00een numele dvs. \u00een conformitate cu termenii DDP nu pot fi rambursate.<\/li>\n<p>V\u0103 rug\u0103m s\u0103 consulta\u021bi site-ul nostru<\/ul>\n<\/li>\n<\/ul>\n<p><a href=\"https:\/\/droix.net\/terms-and-conditions\/\" target=\"_blank\" rel=\"nofollow noopener\">Termeni \u0219i condi\u021bii<\/a><\/p>\n<ul>pentru informa\u021bii detaliate.<\/ul>\n<p>[\/cg_accordion] [cg_accordion title=\"ASISTEN\u021a\u0102 PENTRU CLIEN\u021aI\"]  Ave\u021bi o \u00eentrebare? Suntem la un scurt mesaj distan\u021b\u0103 de rezolvarea problemei tale!  V\u0103 rug\u0103m s\u0103 consulta\u021bi <a href=\"https:\/\/gpdstore.net\/ro\/terms-of-service\/\" target=\"_blank\" rel=\"nofollow noopener\">Termenii \u0219i condi\u021biile<\/a> noastre pentru informa\u021bii detaliate.  [\/cg_accordion] [cg_accordion title=\"WHAT'S INCLUDED\"]<\/p>\n<ul>\n<li>1x GPD Micro PC<\/li>\n<li>1x adaptor de alimentare<\/li>\n<li>1x cablu USB tip C<\/li>\n<li>1x Manual de utilizare<\/li>\n<\/ul>\n<p>[\/cg_accordion]<\/p>\n","protected":false},"featured_media":270513,"template":"","meta":{"_acf_changed":false},"product_brand":[],"product_cat":[7042],"product_tag":[16884,9521],"woo-feed-brand":[5812],"class_list":{"0":"post-269165","1":"product","2":"type-product","3":"status-publish","4":"has-post-thumbnail","6":"product_cat-mini-laptopuri-gpd","7":"product_tag-10xmsale-ro","8":"product_tag-gpd-micro-pc-ro","9":"product_shipping_class-standard","10":"pa_bluetooth-4-2-ro","11":"pa_brand-gpd","12":"pa_graphics-gpu-model-grafica-uhd-600-ro","13":"pa_i-o-video-1x-hdmi-2-0-tip-a-ro","14":"pa_memory-ram-capacity-8gb-ro","15":"pa_memory-ram-technology-lpddr4-ro","16":"pa_processor-cpu-model-celeron-n4120-processor","17":"pa_storage-capacity-256gb-ro","18":"pa_storage-capacity-256gb","19":"pa_storage-capacity-512gb-ro","20":"pa_storage-capacity-512gb","21":"pa_storage-capacity-1tb-ro","22":"pa_storage-capacity-1tb","23":"pa_storage-technology-ssd-m-2-2242-ro","24":"pa_wi-fi-2-4g-5g-dual-band-ro","25":"woo-feed-brand-gpd-ro","27":"first","28":"outofstock","29":"sale","30":"taxable","31":"shipping-taxable","32":"purchasable","33":"product-type-variable","34":"has-default-attributes"},"acf":[],"aioseo_notices":[],"_links":{"self":[{"href":"https:\/\/gpdstore.net\/ro\/wp-json\/wp\/v2\/product\/269165","targetHints":{"allow":["GET"]}}],"collection":[{"href":"https:\/\/gpdstore.net\/ro\/wp-json\/wp\/v2\/product"}],"about":[{"href":"https:\/\/gpdstore.net\/ro\/wp-json\/wp\/v2\/types\/product"}],"wp:featuredmedia":[{"embeddable":true,"href":"https:\/\/gpdstore.net\/ro\/wp-json\/wp\/v2\/media\/270513"}],"wp:attachment":[{"href":"https:\/\/gpdstore.net\/ro\/wp-json\/wp\/v2\/media?parent=269165"}],"wp:term":[{"taxonomy":"product_brand","embeddable":true,"href":"https:\/\/gpdstore.net\/ro\/wp-json\/wp\/v2\/product_brand?post=269165"},{"taxonomy":"product_cat","embeddable":true,"href":"https:\/\/gpdstore.net\/ro\/wp-json\/wp\/v2\/product_cat?post=269165"},{"taxonomy":"product_tag","embeddable":true,"href":"https:\/\/gpdstore.net\/ro\/wp-json\/wp\/v2\/product_tag?post=269165"},{"taxonomy":"woo-feed-brand","embeddable":true,"href":"https:\/\/gpdstore.net\/ro\/wp-json\/wp\/v2\/woo-feed-brand?post=269165"}],"curies":[{"name":"wp","href":"https:\/\/api.w.org\/{rel}","templated":true}]}}