{"id":231965,"date":"2023-11-29T11:23:37","date_gmt":"2023-11-29T11:23:37","guid":{"rendered":"https:\/\/gpdstore.net\/fara-categorie\/statie-de-andocare-gpd-g1-2024-egpu\/"},"modified":"2026-03-27T11:14:20","modified_gmt":"2026-03-27T11:14:20","slug":"gpd-g1","status":"publish","type":"product","link":"https:\/\/gpdstore.net\/ro\/product\/gpd-g1\/","title":{"rendered":"Sta\u021bie de andocare GPD G1 (2024) eGPU"},"content":{"rendered":"\n<figure class=\"wp-block-image aligncenter size-full\"><img decoding=\"async\" src=\"https:\/\/gpdstore.net\/wp-content\/uploads\/\" alt=\"Imagine a GPD G1 2024 eGPU Docking Station, cu AMD Radeon RX 7600M XT GPU, comutator TGP Toggle &#x219;i conectivitate versatil&#x103;. Perfect pentru gameri &#x219;i profesioni&#x219;ti. Precomand&#x103; acum pentru capabilit&#x103;&#x21B;i revolu&#x21B;ionare\" class=\"wp-image-1471\"\/><\/figure>\n\n<h2 class=\"wp-block-heading\"><strong>Sta\u021bia de andocare GPD G1 2024 eGPU: Un salt revolu\u021bionar<\/strong><\/h2>\n\n<p>GPD G1 2024 eGPU Docking Station reprezint\u0103 un salt semnificativ \u00een lumea unit\u0103\u021bilor externe de procesare grafic\u0103. Conceput\u0103 pentru utilizatorii care necesit\u0103 at\u00e2t mobilitate, c\u00e2t \u0219i calcul de \u00eenalt\u0103 performan\u021b\u0103, aceast\u0103 sta\u021bie de andocare redefine\u0219te standardele din industria eGPU. Cu tehnologie de ultim\u0103 or\u0103, inclusiv placa grafic\u0103 AMD Radeon RX 7600M XT, \u0219i caracteristici inovatoare precum comutatorul TGP Toggle, sta\u021bia de andocare GPD G1 eGPU se adreseaz\u0103 at\u00e2t juc\u0103torilor, c\u00e2t \u0219i profesioni\u0219tilor. Designul s\u0103u elegant \u0219i portabil nu numai c\u0103 v\u0103 \u00eembun\u0103t\u0103\u021be\u0219te spa\u021biul de lucru, dar ofer\u0103 \u0219i performan\u021be puternice oriunde v-a\u021bi afla. Cu GPD G1, \u00eembr\u0103\u021bi\u0219a\u021bi viitorul divertismentului \u0219i productivit\u0103\u021bii f\u0103r\u0103 compromisuri.<\/p>\n\n<figure class=\"wp-block-gallery has-nested-images columns-default is-cropped wp-block-gallery-1 is-layout-flex wp-block-gallery-is-layout-flex\">\n<figure class=\"wp-block-image size-large\"><img decoding=\"async\" data-id=\"1494\" src=\"https:\/\/gpdstore.net\/wp-content\/uploads\/\" alt=\"Imagine care prezint&#x103; un dispozitiv portabil GPD G1 conectat la un laptop GPD WIN MAX 2, cu ambele dispozitive conectate la monitoare externe pentru o configurare extins&#x103; a afi&#x219;ajului\" class=\"wp-image-1494\"\/><\/figure>\n\n\n\n<figure class=\"wp-block-image size-large\"><img decoding=\"async\" data-id=\"1493\" src=\"https:\/\/gpdstore.net\/wp-content\/uploads\/\" alt=\"Imagine &#xEE;nf&#x103;&#x21B;i&#x219;&#xE2;nd un dispozitiv portabil GPD G1 conectat la un laptop WIN 4, al&#x103;turi de monitoare externe, permi&#x21B;&#xE2;nd o configura&#x21B;ie multi-display\" class=\"wp-image-1493\"\/><\/figure>\n\n\n\n<figure class=\"wp-block-image size-large\"><img decoding=\"async\" data-id=\"1467\" src=\"https:\/\/gpdstore.net\/wp-content\/uploads\/\" alt=\"Imagine care prezint&#x103; un dispozitiv portabil GPD G1 conectat la un GPD Pocket 3, cu ambele dispozitive conectate la monitoare externe pentru o configura&#x21B;ie cu mai multe ecrane\" class=\"wp-image-1467\"\/><\/figure>\n\n\n\n<figure class=\"wp-block-image size-large\"><img decoding=\"async\" data-id=\"1464\" src=\"https:\/\/gpdstore.net\/wp-content\/uploads\/\" alt=\"GPD G1 2024, un dispozitiv de gaming portabil elegant, cu un ecran vibrant, comenzi ergonomice &#x219;i un design modern.\" class=\"wp-image-1464\"\/><\/figure>\n\n\n\n<figure class=\"wp-block-image size-large\"><img fetchpriority=\"high\" decoding=\"async\" width=\"1000\" height=\"1000\" data-id=\"1465\" src=\"https:\/\/gpdstore.net\/wp-content\/uploads\/2024\/05\/GPD-G1_2024-USAGE-IMAGE-5.jpg\" alt=\"Imagine a unui dispozitiv portabil GPD G1 conectat la un laptop.\" class=\"wp-image-1465\" srcset=\"https:\/\/gpdstore.net\/wp-content\/uploads\/2024\/05\/GPD-G1_2024-USAGE-IMAGE-5.jpg 1000w, https:\/\/gpdstore.net\/wp-content\/uploads\/2024\/05\/GPD-G1_2024-USAGE-IMAGE-5-600x600.jpg 600w, https:\/\/gpdstore.net\/wp-content\/uploads\/2024\/05\/GPD-G1_2024-USAGE-IMAGE-5-150x150.jpg 150w, https:\/\/gpdstore.net\/wp-content\/uploads\/2024\/05\/GPD-G1_2024-USAGE-IMAGE-5-768x768.jpg 768w, https:\/\/gpdstore.net\/wp-content\/uploads\/2024\/05\/GPD-G1_2024-USAGE-IMAGE-5-990x990.jpg 990w, https:\/\/gpdstore.net\/wp-content\/uploads\/2024\/05\/GPD-G1_2024-USAGE-IMAGE-5-441x441.jpg 441w, https:\/\/gpdstore.net\/wp-content\/uploads\/2024\/05\/GPD-G1_2024-USAGE-IMAGE-5-100x100.jpg 100w\" sizes=\"(max-width: 1000px) 100vw, 1000px\" \/><\/figure>\n\n\n\n<figure class=\"wp-block-image size-large\"><img decoding=\"async\" data-id=\"1466\" src=\"https:\/\/gpdstore.net\/wp-content\/uploads\/\" alt=\"GPD G1 2024 eGPU Docking Station: AMD Radeon RX 7600M XT GPU, comutator TGP &#x219;i conectivitate versatil&#x103;. Ideal pentru gameri &#x219;i profesioni&#x219;ti.\" class=\"wp-image-1466\"\/><\/figure>\n<\/figure>\n\n<div class=\"wp-block-columns is-layout-flex wp-container-core-columns-is-layout-28f84493 wp-block-columns-is-layout-flex\">\n<div class=\"wp-block-column is-layout-flow wp-block-column-is-layout-flow\" style=\"flex-basis:66.66%\">\n<figure class=\"wp-block-image size-full\"><img decoding=\"async\" src=\"https:\/\/gpdstore.net\/wp-content\/uploads\/\" alt=\"Imagine care prezint&#x103; sta&#x21B;ia de andocare GPD G1 2024 eGPU, subliniind GPU-ul AMD Radeon RX 7600M XT, comutatorul TGP Toggle &#x219;i op&#x21B;iunile versatile de conectivitate. Perfect pentru gameri &#x219;i profesioni&#x219;ti care caut&#x103; performan&#x21B;&#x103; de neegalat &#x219;i design elegant.\" class=\"wp-image-995\"\/><\/figure>\n<\/div>\n\n\n\n<div class=\"wp-block-column is-layout-flow wp-block-column-is-layout-flow\" style=\"flex-basis:33.33%\">\n<h2 class=\"wp-block-heading has-text-align-left\"><strong>GPD G1 2024<\/strong> &#8211; <strong><strong>Cel mai mic dock de expansiune pentru pl\u0103ci grafice <\/strong><\/strong> <\/h2>\n\n\n\n<p>Sta\u021bia de andocare eGPU stabile\u0219te noi standarde \u00een tehnologie, oferind performan\u021b\u0103, design \u0219i func\u021bionalitate de neegalat. Cu GPU-ul s\u0103u puternic AMD Radeon RX 7600M XT, comutatorul inovator TGP Toggle \u0219i op\u021biunile versatile de conectivitate, este solu\u021bia suprem\u0103 pentru gameri \u0219i profesioni\u0219ti. Precomanda\u021bi ast\u0103zi GPD G1 2024 eGPU Docking Station \u0219i fi\u021bi printre primii care experimenteaz\u0103 caracteristicile sale revolu\u021bionare. P\u0103\u0219i\u021bi \u00een viitor cu GPD G1 &#8211; unde performan\u021ba \u00eent\u00e2lne\u0219te portabilitatea. <\/p>\n<\/div>\n<\/div>\n\n<h2 class=\"wp-block-heading has-text-align-center\">Controlul performan\u021bei de ultim\u0103 genera\u021bie: TGP \u0219i conectivitate pentru utilizatorii avansa\u021bi<\/h2>\n\n<div class=\"wp-block-columns is-layout-flex wp-container-core-columns-is-layout-28f84493 wp-block-columns-is-layout-flex\">\n<div class=\"wp-block-column is-layout-flow wp-block-column-is-layout-flow\">\n<figure class=\"wp-block-image size-full is-resized\"><img decoding=\"async\" src=\"https:\/\/gpdstore.net\/wp-content\/uploads\/\" alt=\"Imagine a sta&#x21B;iei de andocare GPD G1 2024 eGPU, cu GPU AMD Radeon RX 7600M XT, comutator TGP pentru control sporit al performan&#x21B;ei &#x219;i conectivitate versatil&#x103;. Perfect pentru gameri &#x219;i profesioni&#x219;ti. Precomand&#x103; acum pentru capabilit&#x103;&#x21B;i revolu&#x21B;ionare.\" class=\"wp-image-1510\" style=\"width:281px;height:auto\"\/><\/figure>\n\n\n\n<h3 class=\"wp-block-heading\"><strong>Mod silen\u021bios vs. Performan\u021b\u0103 \u00eembun\u0103t\u0103\u021bit\u0103: Modul \u00een care comutatorul TGP (60W\/100W) v\u0103 optimizeaz\u0103 experien\u021ba<\/strong><\/h3>\n\n\n\n<p>Exclusiv \u201eTGP Toggle Key\u201d, \u00een timpul jocurilor, pute\u021bi comuta liber \u00eentre modul silen\u021bios \u0219i cel de performan\u021b\u0103.<br\/>Comutatorul TGP Toggle permite utilizatorilor s\u0103 aleag\u0103 \u00eentre modul silen\u021bios (60W TGP) pentru mai pu\u021bin zgomot \u0219i modul normal (100W TGP) pentru performan\u021b\u0103 sporit\u0103, oferind flexibilitate \u00een func\u021bie de nevoile utilizatorilor.<\/p>\n<\/div>\n\n\n\n<div class=\"wp-block-column is-layout-flow wp-block-column-is-layout-flow\">\n<figure class=\"wp-block-image size-full is-resized\"><img decoding=\"async\" src=\"https:\/\/gpdstore.net\/wp-content\/uploads\/\" alt=\"Imagine a GPD G1 2024 M.2 Card adaptor de interfa&#x21B;&#x103; NVMe Protocol to Oculink SFF-8612, oferind expansiune compact&#x103; pentru pl&#x103;ci grafice\" class=\"wp-image-1507\" style=\"width:284px;height:auto\"\/><\/figure>\n\n\n\n<h3 class=\"wp-block-heading\"><strong>Avantajul Oculink: De ce interfa\u021ba SFF-8612 ofer\u0103 l\u0103\u021bime de band\u0103 superioar\u0103 pentru eGPU<\/strong><\/h3>\n\n\n\n<p>Pl\u0103cile de baz\u0103 ITX precum Z690I ofer\u0103 de obicei trei interfe\u021be M.2, dintre care una poate fi utilizat\u0103 pentru a conecta placa adaptoare. Un cablu cu dou\u0103 porturi Oculink SF-8611 poate fi apoi utilizat pentru a conecta interfa\u021ba Oculink SFF-8612 a pl\u0103cii adaptoare la interfa\u021ba Oculink SFF-8612 a GPD G1<\/p>\n<\/div>\n\n\n\n<div class=\"wp-block-column is-layout-flow wp-block-column-is-layout-flow\">\n<figure class=\"wp-block-image size-full is-resized\"><img decoding=\"async\" src=\"https:\/\/gpdstore.net\/wp-content\/uploads\/\" alt=\"Imagine a cardului adaptor de interfa&#x21B;&#x103; GPD G1 2024 SFF-8612, cel mai mic dock de expansiune pentru pl&#x103;ci grafice.\" class=\"wp-image-1508\" style=\"width:227px;height:auto\"\/><\/figure>\n\n\n\n<h3 class=\"wp-block-heading\"><strong>Rezolvarea problemei jum\u0103t\u0103\u021bii de \u00een\u0103l\u021bime: utilizarea suportului lung \u0219i scurt pentru montarea pl\u0103cii grafice<\/strong><\/h3>\n\n\n\n<p>Pl\u0103cile grafice cu jum\u0103tate de \u00een\u0103l\u021bime potrivite pentru carcasele ITX sunt rare, iar pl\u0103cile grafice de \u00eenalt\u0103 performan\u021b\u0103 cu jum\u0103tate de \u00een\u0103l\u021bime sunt aproape inexistente. Prin urmare, pute\u021bi instala un card adaptor de interfa\u021b\u0103 PCIe 3.0 x4 la Oculink SFF-8612 pentru a conecta GPD G1. Suportul lung \u0219i suportul scurt pot fi \u00eenlocuite cu u\u0219urin\u021b\u0103.<\/p>\n\n\n\n<h3 class=\"wp-block-heading\"><strong><br\/><\/strong><\/h3>\n<\/div>\n<\/div>\n\n<h2 class=\"wp-block-heading\"><strong>Prezentare general\u0103 a produsului<\/strong><\/h2>\n\n<p>Sta\u021bia de andocare GPD G1 2024 eGPU \u00eentruchipeaz\u0103 avansul tehnologic \u0219i designul ergonomic. Propulsat de GPU-ul AMD Radeon RX 7600M XT \u0219i arhitectura RDNA 3.0, acesta ofer\u0103 performan\u021be grafice de neegalat, potrivite pentru jocurile AAA la rezolu\u021bii de p\u00e2n\u0103 la 4K. De la pasiona\u021bii de jocuri care caut\u0103 performan\u021be high-end la profesioni\u0219tii care au nevoie de putere de calcul \u00een deplasare, acest dispozitiv se adreseaz\u0103 unei game diverse de utilizatori.<\/p>\n\n<figure class=\"wp-block-image size-full\"><img decoding=\"async\" src=\"https:\/\/gpdstore.net\/wp-content\/uploads\/\" alt=\"Imagine a GPD G1 2024 eGPU Docking Station cu AMD Radeon RX 7600M XT GPU, comutator TGP &#x219;i  \" class=\"wp-image-1511\"\/><\/figure>\n\n<p>Sta\u021bia de andocare GPD G1 2024 eGPU ofer\u0103 o versatilitate excep\u021bional\u0103 cu op\u021biunile sale de conectivitate OcuLink \u0219i USB 4, suport\u00e2nd o gam\u0103 larg\u0103 de PC-uri \u0219i dispozitive portabile pentru jocuri. Designul s\u0103u compact \u0219i u\u0219or, m\u0103sur\u00e2nd doar 22,5 \u00d7 11,1 \u00d7 3,0 cm \u0219i c\u00e2nt\u0103rind 920 g, asigur\u0103 portabilitatea f\u0103r\u0103 a sacrifica performan\u021ba. Fie c\u0103 sunte\u021bi acas\u0103 sau \u00een deplasare, sta\u021bia de andocare GPD G1 eGPU \u00eembun\u0103t\u0103\u021be\u0219te cu u\u0219urin\u021b\u0103 at\u00e2t sesiunile de jocuri, c\u00e2t \u0219i sarcinile de productivitate. \u00cen plus, compatibilitatea sa cu ROG ALLY X \u00eei extinde utilizarea pe mai multe sisteme de jocuri.<\/p>\n\n<figure class=\"wp-block-image aligncenter size-full\"><img decoding=\"async\" width=\"900\" height=\"559\" src=\"https:\/\/gpdstore.net\/wp-content\/uploads\/2024\/05\/3-1.png\" alt=\"Dimensiunile GPD G1 eGPU: Compact &#x219;i eficient din punct de vedere al spa&#x21B;iului pentru o integrare perfect&#x103;.\" class=\"wp-image-1512\" srcset=\"https:\/\/gpdstore.net\/wp-content\/uploads\/2024\/05\/3-1.png 900w, https:\/\/gpdstore.net\/wp-content\/uploads\/2024\/05\/3-1-600x373.png 600w, https:\/\/gpdstore.net\/wp-content\/uploads\/2024\/05\/3-1-768x477.png 768w, https:\/\/gpdstore.net\/wp-content\/uploads\/2024\/05\/3-1-320x200.png 320w, https:\/\/gpdstore.net\/wp-content\/uploads\/2024\/05\/3-1-360x224.png 360w, https:\/\/gpdstore.net\/wp-content\/uploads\/2024\/05\/3-1-441x274.png 441w, https:\/\/gpdstore.net\/wp-content\/uploads\/2024\/05\/3-1-150x93.png 150w\" sizes=\"(max-width: 900px) 100vw, 900px\" \/><\/figure>\n\n<h2 class=\"wp-block-heading\"><strong>Caracteristici detaliate<\/strong><\/h2>\n\n<p><strong>Performan\u021b\u0103:<\/strong> Construit\u0103 pentru a satisface cerin\u021bele celor mai exigente aplica\u021bii de gaming \u0219i creative, sta\u021bia de andocare GPD G1 2024 dispune de GPU AMD Radeon RX 7600M XT, cu 32 de unit\u0103\u021bi de calcul tactate la 2300Mhz \u0219i 8GB memorie GDDR6. \u00cenc\u0103rc\u0103torul GaN \u00eencorporat de 240W al dispozitivului ofer\u0103 putere suficient\u0103 pentru performan\u021b\u0103 sus\u021binut\u0103. <\/p>\n\n<p><strong>Performan\u021b\u0103 grafic\u0103:<\/strong> Inima performan\u021bei excep\u021bionale a modelului GPD G1 se afl\u0103 \u00een GPU-ul s\u0103u. Capabil s\u0103 ruleze jocuri \u0219i aplica\u021bii la o rezolu\u021bie de p\u00e2n\u0103 la 4K, acesta ofer\u0103 imagini vibrante \u0219i un gameplay fluid, perfect pentru titlurile AAA. <\/p>\n\n<figure class=\"wp-block-image aligncenter size-full\"><img decoding=\"async\" src=\"https:\/\/gpdstore.net\/wp-content\/uploads\/\" alt=\"Imagine a GPD G1 2024 eGPU Docking Station cu AMD Radeon RX 7600M XT GPU, comutator TGP &#x219;i op&#x21B;iuni versatile de conectivitate. Ideal pentru gameri &#x219;i profesioni&#x219;ti. Precomand&#x103; acum pentru capabilit&#x103;&#x21B;i revolu&#x21B;ionare.\" class=\"wp-image-1505\"\/><\/figure>\n\n<h2 class=\"wp-block-heading\"><strong>Porturi HDMI \u0219i USB actualizate<\/strong><\/h2>\n\n<p>Modelul GPD G1 2024 eGPU dispune de un port HDMI 2.1 actualizat care accept\u0103 ie\u0219ire 4K 120Hz \u0219i un port USB 4 cu putere de ie\u0219ire de 65W, \u00eembun\u0103t\u0103\u021bind calitatea vizual\u0103 \u0219i compatibilitatea dispozitivelor.<\/p>\n\n<h2 class=\"wp-block-heading\"><strong>Experien\u021ba utilizatorului<\/strong><\/h2>\n\n<p>GPD G1 redefine\u0219te experien\u021ba utilizatorului, oferind performan\u021be de gaming de nivel desktop \u00eentr-un format portabil. Cu mai multe porturi USB \u0219i ie\u0219iri HDMI \u0219i DisplayPort duale, utilizatorii pot crea configura\u021bii de jocuri imersive sau medii multitasking productive. Designul ergonomic al dispozitivului \u0219i procesul u\u0219or de configurare asigur\u0103 c\u0103 utilizatorii pot \u00eencepe s\u0103 se joace sau s\u0103 lucreze \u00een c\u00e2teva minute.<\/p>\n\n<div class=\"wp-block-columns is-layout-flex wp-container-core-columns-is-layout-28f84493 wp-block-columns-is-layout-flex\">\n<div class=\"wp-block-column is-layout-flow wp-block-column-is-layout-flow\" style=\"flex-basis:100%\">\n<h2 class=\"wp-block-heading\"><strong>Concluzie<\/strong><\/h2>\n<\/div>\n<\/div>\n\n<p>Sta\u021bia de andocare GPD G1 2024 eGPU conduce inova\u021bia tehnologic\u0103, combin\u00e2nd performan\u021b\u0103 superioar\u0103, design elegant \u0219i func\u021bionalitate excep\u021bional\u0103. Echipat cu formidabilul GPU AMD Radeon RX 7600M XT \u0219i un comutator TGP Toggle de pionierat, acesta ofer\u0103 op\u021biuni de conectivitate versatile \u0219i este compatibil cu ROG Ally X. Sta\u021bia de andocare GPD G1 eGPU este alegerea definitiv\u0103 pentru cei care vizeaz\u0103 cele mai \u00eenalte niveluri de jocuri \u0219i productivitate.  P\u0103\u0219i\u021bi \u00een viitorul divertismentului cu un dispozitiv care se elibereaz\u0103 de limit\u0103rile calculatoarelor conven\u021bionale.<\/p>\n\n<h2 class=\"wp-block-heading has-text-align-center\">Cele mai bune dispozitive portabile pentru jocuri PC pentru GPD G1<\/h2>\n\n<p>GPD G1 2024 este un eGPU de ultim\u0103 genera\u021bie care cre\u0219te dramatic performan\u021bele de gaming ale diferitelor PC-uri portabile, fiind un accesoriu ideal pentru GPD Win Max 2 2024, Win 4 2024 \u0219i Win Mini 2024. GPD Win Max 2 2024 se m\u00e2ndre\u0219te cu un ecran mare de 10,1 inchi, un procesor puternic Intel 12th Gen \u0219i o tastatur\u0103 de dimensiuni normale, oferind o solu\u021bie versatil\u0103 at\u00e2t pentru jocuri, c\u00e2t \u0219i pentru productivitate. GPD Win 4 2024 are un design compact cu o tastatur\u0103 glisant\u0103 \u0219i este echipat cu un procesor AMD Ryzen 7 7840U, ating\u00e2nd un echilibru perfect \u00eentre portabilitate \u0219i putere. GPD Win Mini 2024, cel mai nou \u0219i mai mic din gam\u0103, ofer\u0103 performan\u021be impresionante prin designul s\u0103u eficient \u0219i componentele interne high-end, fiind alegerea ideal\u0103 pentru gamerii \u00een mi\u0219care. Atunci c\u00e2nd sunt asociate cu GPD G1 2024, aceste dispozitive se transform\u0103 \u00een centrale de gaming portabile, capabile s\u0103 gestioneze cu u\u0219urin\u021b\u0103 cele mai recente titluri AAA \u0219i s\u0103 ofere o experien\u021b\u0103 de gaming imersiv\u0103 \u0219i f\u0103r\u0103 \u00eentreruperi&#8230;    <\/p>\n","protected":false},"excerpt":{"rendered":"<ul>\n<li>GPU: AMD Radeon\u2122<strong> RX 7600M XT<\/strong> eGPU  <\/li>\n<li>COMPATIBILITATE:<strong> OCuLink, USB 4, Thunderbolt 3 &amp; 4<\/strong><\/li>\n<li>OCULINK:<strong> Conectivitate PCI Express<\/strong><\/li>\n<li>USB 4:<strong> p\u00e2n\u0103 la 40 Gbps<\/strong><\/li>\n<li>Conceput pentru: <strong>GPD<\/strong> WIN MAX 2, WIN 4, WIN Mini, ROG Ally X  <\/li>\n<\/ul>\n[cg_accordion title=\"INFORMA\u021aII PRIVIND PLATA\"]<\/p>\n<p>Utiliz\u0103m cea mai recent\u0103 tehnologie de procesare a pl\u0103\u021bilor, care v\u0103 permite s\u0103 efectua\u021bi plata prin intermediul cardului de debit\/credit sau PayPal pentru o experien\u021b\u0103 rapid\u0103 \u0219i sigur\u0103.[\/cg_accordion]\n[cg_accordion title=\"GARAN\u021aIE\"]<\/p>\n<p>Garan\u021bie de 2 ani de la <a href=\"https:\/\/droix.net\/\" target=\"_blank\" rel=\"nofollow noopener\">DROIX Global<\/a> pentru lini\u0219tea dumneavoastr\u0103[\/cg_accordion]\n[cg_accordion title=\"ASIGURAREA CALIT\u0102\u021aII \u0218I TESTAREA \u00ceNAINTE DE EXPEDIERE\"]<\/p>\n<p>Asigurarea satisfac\u021biei clien\u021bilor la cel mai \u00eenalt standard: Fiecare dispozitiv este supus unor teste riguroase \u0219i unei verific\u0103ri de asigurare a calit\u0103\u021bii \u00een mai multe puncte \u00eenainte de a fi expediat. Echipa noastr\u0103 dedicat\u0103 verific\u0103 performan\u021ba, func\u021bionalitatea \u0219i integritatea componentelor pentru a garanta c\u0103 dispozitivul dvs. GPD este \u00een stare perfect\u0103 de func\u021bionare la sosire, oferindu-v\u0103 \u00eencredere \u0219i lini\u0219te sufleteasc\u0103. [\/cg_accordion]\n[cg_accordion title=\"PRE\u021aURI, TAXE \u0218I TRANSPORT\"]<\/p>\n<p><strong><u>Not\u0103:<\/u><\/strong><\/p>\n<ul>\n<li>Clien\u021bii din Statele Unite ale Americii: Pre\u021bul afi\u0219at NU include TAXE sau taxe vamale. Responsabilitatea de a v\u0103mui \u0219i de a pl\u0103ti orice tax\u0103\/tax\u0103 asociat\u0103 revine clientului. <\/li>\n<li>Clien\u021bii din UE: Pre\u021bul afi\u0219at include TAXA aplicabil\u0103, care poate fi de p\u00e2n\u0103 la 25% \u00een func\u021bie de \u021bara dumneavoastr\u0103.<\/li>\n<li>Clien\u021bii din Canada: Pre\u021bul afi\u0219at include taxele aplicabile, care pot include 5% GST \u0219i taxe de v\u00e2nzare provinciale suplimentare (PST), taxa de v\u00e2nzare armonizat\u0103 (HST) sau taxa de v\u00e2nzare din Quebec (QST), \u00een func\u021bie de provincia dumneavoastr\u0103.<\/li>\n<\/ul>\n<p><strong>Doar pentru clien\u021bii din UE:<\/strong> Express DDP (Delivered Duty Paid). Aceasta \u00eenseamn\u0103 c\u0103: <\/p>\n<ul>\n<li>Toate taxele vamale \u0219i impozitele sunt incluse \u00een pre\u021bul afi\u0219at pe pagina produsului.<\/li>\n<li>Nu va trebui s\u0103 pl\u0103ti\u021bi nicio tax\u0103 suplimentar\u0103 la livrare.<\/li>\n<li>\u00cen cazul rar al unor probleme legate de vam\u0103, echipa noastr\u0103 se va ocupa de procesul de v\u0103muire \u00een numele dvs. pentru a asigura o livrare f\u0103r\u0103 probleme.<\/li>\n<p>Informa\u021bii importante despre retururi:<\/p>\n<li>Dac\u0103 decide\u021bi s\u0103 returna\u021bi comanda sau s\u0103 solicita\u021bi o rambursare, v\u0103 rug\u0103m s\u0103 re\u021bine\u021bi c\u0103 taxele \u0219i impozitele pl\u0103tite \u00een numele dvs. \u00een conformitate cu termenii DDP nu pot fi rambursate.<\/li>\n<p>V\u0103 rug\u0103m s\u0103 consulta\u021bi <a href=\"https:\/\/droix.net\/terms-and-conditions\/\" target=\"_blank\" rel=\"nofollow noopener\">Termenii \u0219i condi\u021biile<\/a> noastre pentru informa\u021bii detaliate.\n<\/ul>\n<p>[\/cg_accordion]\n[cg_accordion title=\"ASISTEN\u021a\u0102 PENTRU CLIEN\u021aI\"]<\/p>\n<p>Ave\u021bi o \u00eentrebare? Suntem la un scurt mesaj distan\u021b\u0103 de rezolvarea problemei tale! <\/p>\n<p>V\u0103 rug\u0103m s\u0103 consulta\u021bi <a href=\"https:\/\/gpdstore.net\/ro\/terms-of-service\/\" target=\"_blank\" rel=\"nofollow noopener\">Termenii \u0219i condi\u021biile<\/a> noastre pentru informa\u021bii detaliate.\n<\/ul>\n<p>[\/cg_accordion]\n[cg_accordion title=\"CE ESTE INCLUS\"]<\/p>\n<ul>\n<li>1x GPD G1 2024<\/li>\n<li>1x adaptor de alimentare<\/li>\n<li>1x cablu USB tip C<\/li>\n<li>1x Manual de utilizare<\/li>\n<\/ul>\n<p>[\/cg_accordion]\n","protected":false},"featured_media":233547,"template":"","meta":{"_acf_changed":false},"product_brand":[],"product_cat":[5390],"product_tag":[16884,5962],"woo-feed-brand":[5812],"class_list":{"0":"post-231965","1":"product","2":"type-product","3":"status-publish","4":"has-post-thumbnail","6":"product_cat-accesorii","7":"product_tag-10xmsale-ro","8":"product_tag-gpd-g1-ro","9":"product_shipping_class-premium","10":"pa_brand-gpd","11":"pa_graphics-gpu-model-radeon-rx-7600m-xt-ro","12":"pa_i-o-video-1x-oculink-ro-2","13":"pa_i-o-video-prin-1x-usb-4-0-type-c-40gb-s","14":"woo-feed-brand-gpd-ro","16":"first","17":"outofstock","18":"taxable","19":"shipping-taxable","20":"purchasable","21":"product-type-variable","22":"has-default-attributes"},"acf":[],"aioseo_notices":[],"_links":{"self":[{"href":"https:\/\/gpdstore.net\/ro\/wp-json\/wp\/v2\/product\/231965","targetHints":{"allow":["GET"]}}],"collection":[{"href":"https:\/\/gpdstore.net\/ro\/wp-json\/wp\/v2\/product"}],"about":[{"href":"https:\/\/gpdstore.net\/ro\/wp-json\/wp\/v2\/types\/product"}],"wp:featuredmedia":[{"embeddable":true,"href":"https:\/\/gpdstore.net\/ro\/wp-json\/wp\/v2\/media\/233547"}],"wp:attachment":[{"href":"https:\/\/gpdstore.net\/ro\/wp-json\/wp\/v2\/media?parent=231965"}],"wp:term":[{"taxonomy":"product_brand","embeddable":true,"href":"https:\/\/gpdstore.net\/ro\/wp-json\/wp\/v2\/product_brand?post=231965"},{"taxonomy":"product_cat","embeddable":true,"href":"https:\/\/gpdstore.net\/ro\/wp-json\/wp\/v2\/product_cat?post=231965"},{"taxonomy":"product_tag","embeddable":true,"href":"https:\/\/gpdstore.net\/ro\/wp-json\/wp\/v2\/product_tag?post=231965"},{"taxonomy":"woo-feed-brand","embeddable":true,"href":"https:\/\/gpdstore.net\/ro\/wp-json\/wp\/v2\/woo-feed-brand?post=231965"}],"curies":[{"name":"wp","href":"https:\/\/api.w.org\/{rel}","templated":true}]}}