{"id":206566,"date":"2023-03-26T17:56:24","date_gmt":"2023-03-26T17:56:24","guid":{"rendered":"https:\/\/gpdstore.net\/fara-categorie\/gpd-win-max-2021-pc-portabil-pentru-jocuri\/"},"modified":"2025-12-23T10:34:09","modified_gmt":"2025-12-23T10:34:09","slug":"gpd-win-max-2021","status":"publish","type":"product","link":"https:\/\/gpdstore.net\/ro\/product\/gpd-win-max-2021\/","title":{"rendered":"GPD WIN MAX 2021 PC portabil pentru jocuri"},"content":{"rendered":"\n<p>GPD WIN MAX 2021 este un ultrabook de gaming care a fost proiectat pentru jocuri pe PC \u00een mi\u0219care. Acest dispozitiv puternic este disponibil \u00een dou\u0103 versiuni, una cu procesor Intel\u00ae Core\u2122 i7-1195G7 \u0219i cealalt\u0103 cu procesor AMD Ryzen\u2122 7 4800U. \u00cen afar\u0103 de op\u021biunile diferite de CPU, ambele versiuni ale dispozitivului sunt exact la fel.  <\/p>\n\n<p>La GPD Store, suntem m\u00e2ndri s\u0103 oferim GPD WIN MAX 2021 gamerilor care doresc un dispozitiv portabil performant pentru jocuri PC pe care s\u0103 \u00eel poat\u0103 lua cu ei oriunde. Acest ultrabook este perfect pentru gamerii care doresc s\u0103 se bucure de jocurile lor preferate \u00een mi\u0219care, f\u0103r\u0103 a sacrifica performan\u021ba sau calitatea. <\/p>\n\n<p>GPD WIN MAX 2021 este un ultrabook puternic pentru jocuri, care dispune de un ecran tactil IPS de 8,0 inchi cu o rezolu\u021bie de 1280 x 800 pixeli. Dispozitivul vine cu o grafic\u0103 integrat\u0103 Intel\u00ae Iris\u00ae Xe sau AMD Radeon\u2122 Graphics, ceea ce \u00eel face perfect pentru rularea de jocuri \u0219i aplica\u021bii solicitante. <\/p>\n\n<p>\u00cen ceea ce prive\u0219te puterea de procesare, GPD WIN MAX 2021 este disponibil cu procesor Intel\u00ae Core\u2122 i7-1195G7 sau AMD Ryzen\u2122 7 4800U CPU. Aceste procesoare puternice asigur\u0103 faptul c\u0103 dispozitivul poate gestiona cu u\u0219urin\u021b\u0103 chiar \u0219i cele mai solicitante jocuri \u0219i aplica\u021bii. <\/p>\n\n<p>GPD WIN MAX 2021 are, de asemenea, 16GB LPDDR4X 4266 MT\/s RAM \u0219i 1TB M.2 NVMe SSD de stocare, asigur\u00e2ndu-v\u0103 c\u0103 ave\u021bi suficient spa\u021biu pentru a v\u0103 stoca jocurile \u0219i alte date.  De asemenea, dispozitivul are o varietate de porturi, inclusiv un port USB Type-C, un port USB 3.0, un port HDMI \u0219i o muf\u0103 pentru c\u0103\u0219ti de 3,5 mm.<\/p>\n\n<p>Una dintre caracteristicile deosebite ale GPD WIN MAX 2021 este dimensiunea sa compact\u0103. \u00cen ciuda faptului c\u0103 este un ultrabook puternic, dispozitivul m\u0103soar\u0103 doar 8,5 x 5,7 x 1,1 inci \u0219i c\u00e2nt\u0103re\u0219te doar 1,5 kilograme. Acest lucru \u00eel face u\u0219or de luat cu dvs. oriunde a\u021bi merge, fie c\u0103 c\u0103l\u0103tori\u021bi sau dori\u021bi doar s\u0103 v\u0103 bucura\u021bi de jocurile preferate \u00een timp ce sta\u021bi pe canapea.  <\/p>\n\n<p>GPD WIN MAX 2021 are, de asemenea, un controler de joc \u00eencorporat, complet cu un D-pad, stick-uri analogice \u0219i butoane de declan\u0219are. Acest lucru faciliteaz\u0103 redarea jocurilor dvs. preferate f\u0103r\u0103 a fi nevoie s\u0103 conecta\u021bi un controler extern. Dispozitivul are, de asemenea, o tastatur\u0103 QWERTY complet\u0103, facilit\u00e2nd tastarea \u0219i navigarea prin meniuri.  <\/p>\n\n<p>La GPD Store, credem c\u0103 GPD WIN MAX 2021 este ultrabook-ul perfect pentru gamerii care doresc un dispozitiv portabil de gaming PC de \u00eenalt\u0103 performan\u021b\u0103 pe care s\u0103 \u00eel poat\u0103 lua cu ei oriunde. Acest dispozitiv puternic este perfect pentru juc\u0103torii care doresc s\u0103 se bucure de jocurile lor preferate \u00een mi\u0219care, f\u0103r\u0103 a sacrifica performan\u021ba sau calitatea. <\/p>\n\n<p>Indiferent dac\u0103 sunte\u021bi un juc\u0103tor ocazional sau un juc\u0103tor hardcore, GPD WIN MAX 2021 este dispozitivul perfect pentru dvs. Cu procesorul s\u0103u puternic, grafica de \u00eenalt\u0103 calitate \u0219i dimensiunea compact\u0103, acesta este ultrabook-ul suprem pentru jocurile pe PC \u00een mi\u0219care. Deci, de ce s\u0103 a\u0219tepta\u021bi? Vizita\u021bi Magazinul GPD ast\u0103zi \u0219i pune\u021bi m\u00e2na pe GPD WIN MAX 2021.   <\/p>\n","protected":false},"excerpt":{"rendered":"<ul>\n<li>AMD <strong>Ryzen 7 6800U<\/strong> @2.7GHz TDP 15-28W<\/li>\n<li>AMD Radeon 680M <strong>12 CU la 2200 MHz<\/strong><\/li>\n<li><strong>p\u00e2n\u0103 la 32GB LPDDR5-6400 MT\/s<\/strong><\/li>\n<li><strong>p\u00e2n\u0103 la 2 TB<\/strong> SSD PCI-E <strong>NVMe<\/strong> de mare vitez\u0103<\/li>\n<li>Suport WiFi 6 \u0219i Bluetooth <strong>5.2<\/strong>  <\/li>\n<\/ul>\n<p> [cg_accordion title=\"INFORMA\u021aII PRIVIND PLATA\"] Utiliz\u0103m cea mai recent\u0103 tehnologie \u00een procesarea pl\u0103\u021bilor, care v\u0103 permite s\u0103 efectua\u021bi plata prin Apple Pay, Google Pay, cardul de debit\/credit, PayPal sau metode BNPL precum Klarna, Affirm sau AfterPay pentru o experien\u021b\u0103 rapid\u0103 \u0219i sigur\u0103.[\/cg_accordion] [cg_accordion title=\"GARAN\u021aIE\"] Garan\u021bie de 2 ani de la <a href=\"https:\/\/droix.net\/\" target=\"_blank\" rel=\"nofollow noopener\">DROIX Global<\/a> pentru lini\u0219tea dvs.[\/cg_accordion] [cg_accordion title=\"PRICING, TAXES AND SHIPPING\"] <strong><u>Not\u0103:<\/u><\/strong><\/p>\n<ul>\n<li>Clien\u021bii din Statele Unite ale Americii: Pre\u021bul afi\u0219at NU include TAXE sau taxe vamale. Responsabilitatea de a v\u0103mui \u0219i de a pl\u0103ti orice tax\u0103\/tax\u0103 asociat\u0103 revine clientului. <\/li>\n<li>Clien\u021bii din UE: Pre\u021bul afi\u0219at include TAXA aplicabil\u0103, care poate fi de p\u00e2n\u0103 la 25% \u00een func\u021bie de \u021bara dumneavoastr\u0103.<\/li>\n<li>Clien\u021bii din Canada: Pre\u021bul afi\u0219at include taxele aplicabile, care pot include 5% GST \u0219i taxe de v\u00e2nzare provinciale suplimentare (PST), taxa de v\u00e2nzare armonizat\u0103 (HST) sau taxa de v\u00e2nzare din Quebec (QST), \u00een func\u021bie de provincia dumneavoastr\u0103.<\/li>\n<\/ul>\n<p><strong>Doar pentru clien\u021bii din UE:<\/strong> Express DDP (Delivered Duty Paid). Aceasta \u00eenseamn\u0103 c\u0103: <\/p>\n<ul>\n<li style=\"list-style-type: none;\">\n<ul>\n<li>Toate taxele vamale \u0219i impozitele sunt incluse \u00een pre\u021bul afi\u0219at pe pagina produsului.<\/li>\n<li>Nu va trebui s\u0103 pl\u0103ti\u021bi nicio tax\u0103 suplimentar\u0103 la livrare.<\/li>\n<li>\u00cen cazul rar al unor probleme legate de vam\u0103, echipa noastr\u0103 se va ocupa de procesul de v\u0103muire \u00een numele dvs. pentru a asigura o livrare f\u0103r\u0103 probleme.<\/li>\n<p>Informa\u021bii importante despre retururi:<\/p>\n<li>Dac\u0103 decide\u021bi s\u0103 returna\u021bi comanda sau s\u0103 solicita\u021bi o rambursare, v\u0103 rug\u0103m s\u0103 re\u021bine\u021bi c\u0103 taxele \u0219i impozitele pl\u0103tite \u00een numele dvs. \u00een conformitate cu termenii DDP nu pot fi rambursate.<\/li>\n<p>V\u0103 rug\u0103m s\u0103 consulta\u021bi site-ul nostru<\/ul>\n<\/li>\n<\/ul>\n<p><a href=\"https:\/\/gpdstore.net\/ro\/terms-of-service\/\" target=\"_blank\" rel=\"nofollow noopener\">Termeni \u0219i condi\u021bii<\/a><\/p>\n<ul>pentru informa\u021bii detaliate.<\/ul>\n<p>[\/cg_accordion] [cg_accordion title=\"ASISTEN\u021a\u0102 PENTRU CLIEN\u021aI\"]  Ave\u021bi o \u00eentrebare? Suntem la un scurt mesaj distan\u021b\u0103 de rezolvarea problemei tale!   [\/cg_accordion] [cg_accordion title=\"WHAT'S INCLUDED\"]<\/p>\n<ul>\n<li>1x GPD WIN MAX 2021<\/li>\n<li>1x adaptor de alimentare<\/li>\n<li>1x cablu USB tip C<\/li>\n<li>1x Manual de utilizare<\/li>\n<\/ul>\n<p>[\/cg_accordion]<\/p>\n","protected":false},"featured_media":206570,"template":"","meta":{"_acf_changed":false},"product_brand":[],"product_cat":[5809],"product_tag":[9115],"woo-feed-brand":[5812],"class_list":{"0":"post-206566","1":"product","2":"type-product","3":"status-publish","4":"has-post-thumbnail","6":"product_cat-gpd-pc-portabil-pentru-jocuri-ro","7":"product_tag-gpd-win-max-ro","8":"product_shipping_class-premium","9":"pa_bluetooth-5-ro","10":"pa_bluetooth-5-2-ro","11":"pa_display-type-h-ips-ro","12":"pa_graphics-gpu-model-grafica-radeon-ro","13":"pa_graphics-gpu-model-grafica-intel-iris-xe-ro","14":"pa_i-o-video-1x-hdmi-2-0b-ro","15":"pa_memory-ram-capacity-16gb-ro-2","16":"pa_memory-ram-technology-lpddr4x-ro","17":"pa_processor-cpu-model-amd-ryzen-7-4800u","18":"pa_processor-cpu-model-intel-core-i7-1195g7","19":"pa_storage-capacity-1tb-ro","20":"pa_wi-fi-wi-fi-6-ro","21":"woo-feed-brand-gpd-ro","23":"first","24":"outofstock","25":"sale","26":"taxable","27":"shipping-taxable","28":"purchasable","29":"product-type-variable","30":"has-default-attributes"},"acf":[],"aioseo_notices":[],"_links":{"self":[{"href":"https:\/\/gpdstore.net\/ro\/wp-json\/wp\/v2\/product\/206566","targetHints":{"allow":["GET"]}}],"collection":[{"href":"https:\/\/gpdstore.net\/ro\/wp-json\/wp\/v2\/product"}],"about":[{"href":"https:\/\/gpdstore.net\/ro\/wp-json\/wp\/v2\/types\/product"}],"wp:featuredmedia":[{"embeddable":true,"href":"https:\/\/gpdstore.net\/ro\/wp-json\/wp\/v2\/media\/206570"}],"wp:attachment":[{"href":"https:\/\/gpdstore.net\/ro\/wp-json\/wp\/v2\/media?parent=206566"}],"wp:term":[{"taxonomy":"product_brand","embeddable":true,"href":"https:\/\/gpdstore.net\/ro\/wp-json\/wp\/v2\/product_brand?post=206566"},{"taxonomy":"product_cat","embeddable":true,"href":"https:\/\/gpdstore.net\/ro\/wp-json\/wp\/v2\/product_cat?post=206566"},{"taxonomy":"product_tag","embeddable":true,"href":"https:\/\/gpdstore.net\/ro\/wp-json\/wp\/v2\/product_tag?post=206566"},{"taxonomy":"woo-feed-brand","embeddable":true,"href":"https:\/\/gpdstore.net\/ro\/wp-json\/wp\/v2\/woo-feed-brand?post=206566"}],"curies":[{"name":"wp","href":"https:\/\/api.w.org\/{rel}","templated":true}]}}