{"id":205370,"date":"2023-03-26T17:49:20","date_gmt":"2023-03-26T17:49:20","guid":{"rendered":"https:\/\/gpdstore.net\/fara-categorie\/biwin-2230-nvme-storage\/"},"modified":"2025-12-23T10:31:15","modified_gmt":"2025-12-23T10:31:15","slug":"biwin-2230-nvme-storage","status":"publish","type":"product","link":"https:\/\/gpdstore.net\/ro\/product\/biwin-2230-nvme-storage\/","title":{"rendered":"BiWin 2230 NVMe Storage"},"content":{"rendered":"\n<p>C\u0103uta\u021bi un upgrade de stocare de \u00eenalt\u0103 performan\u021b\u0103 pentru GPD WIN MAX 2 sau Valve Steam Deck? Nu c\u0103uta\u021bi mai departe dec\u00e2t BiWin 22*30 PCI-e NVMe SSD! Acest SSD compact, dar puternic, este conceput pentru a oferi viteze de citire \u0219i scriere ultra-rapide, asigur\u00e2nd \u00eenc\u0103rcarea rapid\u0103 \u0219i rularea f\u0103r\u0103 probleme a jocurilor \u0219i aplica\u021biilor tale preferate.  <\/p>\n\n<p>Cu doar 22 mm x 30 mm, BiWin 22*30 este unul dintre cele mai mici SSD-uri NVMe de pe pia\u021b\u0103 \u00een prezent. Dar nu v\u0103 l\u0103sa\u021bi p\u0103c\u0103li\u021bi de dimensiunile sale compacte &#8211; acest SSD este foarte puternic! Cu viteze de citire de p\u00e2n\u0103 la 3500MB\/s \u0219i viteze de scriere de p\u00e2n\u0103 la 3000MB\/s, este mai mult dec\u00e2t capabil s\u0103 \u021bin\u0103 pasul chiar \u0219i cu cele mai solicitante jocuri \u0219i aplica\u021bii.  <\/p>\n\n<p>Unul dintre cele mai mari avantaje ale BiWin 2230<em>este compatibilitatea sa at\u00e2t cu GPD WIN MAX 2, c\u00e2t \u0219i cu Steam Deck de la Valve. Dac\u0103 dori\u021bi s\u0103 actualiza\u021bi spa\u021biul de stocare de pe oricare dintre aceste dispozitive, BiWin 2230<\/em>este alegerea perfect\u0103. Pur \u0219i simplu instala\u021bi SSD-ul \u00een slotul NVMe al dispozitivului \u0219i sunte\u021bi gata de plecare! <\/p>\n\n<p>Un alt avantaj al BiWin 22*30 este compatibilitatea sa cu o gam\u0103 larg\u0103 de sisteme de operare, inclusiv Windows, Linux, \u0219i macOS. Acest lucru \u00eel face o alegere versatil\u0103 pentru oricine dore\u0219te s\u0103 \u00ee\u0219i actualizeze spa\u021biul de stocare, indiferent de sistemul pe care \u00eel utilizeaz\u0103. <\/p>\n\n<p>Desigur, unul dintre cele mai bune locuri pentru a achizi\u021biona BiWin 22*30 este Magazinul GPD. \u00cen calitate de retailer de top al produselor GPD, Magazinul GPD este locul perfect pentru a g\u0103si toate accesoriile \u0219i upgrade-urile de care ave\u021bi nevoie pentru a profita la maximum de GPD WIN MAX 2 sau Steam Deck. \u0218i cu livrare rapid\u0103, pre\u021buri excelente \u0219i servicii pentru clien\u021bi de top, pute\u021bi cump\u0103ra cu \u00eencredere, \u0219tiind c\u0103 ob\u021bine\u021bi cea mai bun\u0103 afacere posibil\u0103.  <\/p>\n\n<p>Deci, dac\u0103 sunte\u021bi \u00een c\u0103utarea unui upgrade SSD NVMe de \u00eenalt\u0103 performan\u021b\u0103 pentru GPD WIN MAX 2 sau Steam Deck, nu c\u0103uta\u021bi mai departe de BiWin 22*30. Cu dimensiunea sa compact\u0103, vitezele sale fulminante \u0219i compatibilitatea larg\u0103, este alegerea perfect\u0103 pentru oricine dore\u0219te s\u0103 \u00ee\u0219i duc\u0103 experien\u021ba de gaming \u0219i calcul la nivelul urm\u0103tor. Iar cu magazinul GPD la doar un clic distan\u021b\u0103, nu a fost niciodat\u0103 mai u\u0219or s\u0103 ob\u021bine\u021bi produsele de care ave\u021bi nevoie pentru a reu\u0219i!  <\/p>\n","protected":false},"excerpt":{"rendered":"<ul>\n<li>Compatibil cu Valve Steam Deck, GPD WIN MAX 2, GPD WIN 4<\/li>\n<li>P\u00e2n\u0103 la 3200 MB\/s la citire | 2600 MB\/s la scriere<\/li>\n<li>0.107ms Laten\u021b\u0103 la citire | 0.109ms Laten\u021b\u0103 la scriere<\/li>\n<li>Colectarea gunoiului, TRIM \u0219i Standby modern acceptate<\/li>\n<\/ul>\n[cg_accordion title=\"INFORMA\u021aII PRIVIND PLATA\"]<\/p>\n<p>Utiliz\u0103m cea mai recent\u0103 tehnologie de procesare a pl\u0103\u021bilor, care v\u0103 permite s\u0103 efectua\u021bi plata prin Apple Pay, Google Pay, cardul dvs. de debit\/credit, PayPal sau metode BNPL precum Klarna, Affirm sau AfterPay pentru o experien\u021b\u0103 rapid\u0103 \u0219i sigur\u0103.[\/cg_accordion]\n[cg_accordion title=\"GARAN\u021aIE\"]<\/p>\n<p>Garan\u021bie de 2 ani de la <a href=\"https:\/\/droix.net\/\" target=\"_blank\" rel=\"nofollow noopener\">DROIX Global<\/a> pentru lini\u0219tea dumneavoastr\u0103[\/cg_accordion]\n[cg_accordion title=\"PRE\u021aURI, TAXE \u0218I TRANSPORT\"]<\/p>\n<p><strong><u>Not\u0103:<\/u><\/strong><\/p>\n<ul>\n<li>Clien\u021bii din Statele Unite ale Americii: Pre\u021bul afi\u0219at NU include TAXE sau taxe vamale. Responsabilitatea de a v\u0103mui \u0219i de a pl\u0103ti orice tax\u0103\/tax\u0103 asociat\u0103 revine clientului. <\/li>\n<li>Clien\u021bii din UE: Pre\u021bul afi\u0219at include TAXA aplicabil\u0103, care poate fi de p\u00e2n\u0103 la 25% \u00een func\u021bie de \u021bara dumneavoastr\u0103.<\/li>\n<li>Clien\u021bii din Canada: Pre\u021bul afi\u0219at include taxele aplicabile, care pot include 5% GST \u0219i taxe de v\u00e2nzare provinciale suplimentare (PST), taxa de v\u00e2nzare armonizat\u0103 (HST) sau taxa de v\u00e2nzare din Quebec (QST), \u00een func\u021bie de provincia dumneavoastr\u0103.<\/li>\n<\/ul>\n<p><strong>Doar pentru clien\u021bii din UE:<\/strong> Express DDP (Delivered Duty Paid). Aceasta \u00eenseamn\u0103 c\u0103: <\/p>\n<ul>\n<li>Toate taxele vamale \u0219i impozitele sunt incluse \u00een pre\u021bul afi\u0219at pe pagina produsului.<\/li>\n<li>Nu va trebui s\u0103 pl\u0103ti\u021bi nicio tax\u0103 suplimentar\u0103 la livrare.<\/li>\n<li>\u00cen cazul rar al unor probleme legate de vam\u0103, echipa noastr\u0103 se va ocupa de procesul de v\u0103muire \u00een numele dvs. pentru a asigura o livrare f\u0103r\u0103 probleme.<\/li>\n<p>Informa\u021bii importante despre retururi:<\/p>\n<li>Dac\u0103 decide\u021bi s\u0103 returna\u021bi comanda sau s\u0103 solicita\u021bi o rambursare, v\u0103 rug\u0103m s\u0103 re\u021bine\u021bi c\u0103 taxele \u0219i impozitele pl\u0103tite \u00een numele dvs. \u00een conformitate cu termenii DDP nu pot fi rambursate.<\/li>\n<p>V\u0103 rug\u0103m s\u0103 consulta\u021bi <a href=\"https:\/\/gpdstore.net\/ro\/terms-of-service\/\" target=\"_blank\" rel=\"nofollow noopener\">Termenii \u0219i condi\u021biile<\/a> noastre pentru informa\u021bii detaliate.\n<\/ul>\n<p>[\/cg_accordion]\n[cg_accordion title=\"ASISTEN\u021a\u0102 PENTRU CLIEN\u021aI\"]<\/p>\n<p>Ave\u021bi o \u00eentrebare? Suntem la un scurt mesaj distan\u021b\u0103 de rezolvarea problemei tale!<br \/>\n[\/cg_accordion]\n[cg_accordion title=\"CE ESTE INCLUS\"]<\/p>\n<ul>\n<li>1x BiWIN 2230 NVMe<\/li>\n<\/ul>\n<p>[\/cg_accordion]\n","protected":false},"featured_media":205415,"template":"","meta":{"_acf_changed":false},"product_brand":[],"product_cat":[5390],"product_tag":[9046],"woo-feed-brand":[],"class_list":{"0":"post-205370","1":"product","2":"type-product","3":"status-publish","4":"has-post-thumbnail","6":"product_cat-accesorii","7":"product_tag-hardware-ro-2","8":"product_shipping_class-low-end","9":"pa_accessory-type-suplimente","10":"pa_brand-biwin","12":"first","13":"outofstock","14":"sold-individually","15":"taxable","16":"shipping-taxable","17":"purchasable","18":"product-type-simple"},"acf":[],"aioseo_notices":[],"_links":{"self":[{"href":"https:\/\/gpdstore.net\/ro\/wp-json\/wp\/v2\/product\/205370","targetHints":{"allow":["GET"]}}],"collection":[{"href":"https:\/\/gpdstore.net\/ro\/wp-json\/wp\/v2\/product"}],"about":[{"href":"https:\/\/gpdstore.net\/ro\/wp-json\/wp\/v2\/types\/product"}],"wp:featuredmedia":[{"embeddable":true,"href":"https:\/\/gpdstore.net\/ro\/wp-json\/wp\/v2\/media\/205415"}],"wp:attachment":[{"href":"https:\/\/gpdstore.net\/ro\/wp-json\/wp\/v2\/media?parent=205370"}],"wp:term":[{"taxonomy":"product_brand","embeddable":true,"href":"https:\/\/gpdstore.net\/ro\/wp-json\/wp\/v2\/product_brand?post=205370"},{"taxonomy":"product_cat","embeddable":true,"href":"https:\/\/gpdstore.net\/ro\/wp-json\/wp\/v2\/product_cat?post=205370"},{"taxonomy":"product_tag","embeddable":true,"href":"https:\/\/gpdstore.net\/ro\/wp-json\/wp\/v2\/product_tag?post=205370"},{"taxonomy":"woo-feed-brand","embeddable":true,"href":"https:\/\/gpdstore.net\/ro\/wp-json\/wp\/v2\/woo-feed-brand?post=205370"}],"curies":[{"name":"wp","href":"https:\/\/api.w.org\/{rel}","templated":true}]}}