{"id":203135,"date":"2023-03-26T17:20:14","date_gmt":"2023-03-26T17:20:14","guid":{"rendered":"https:\/\/gpdstore.net\/fara-categorie\/gpd-win-max-2-pc-portabil-pentru-jocuri\/"},"modified":"2026-04-02T03:46:55","modified_gmt":"2026-04-02T03:46:55","slug":"gpd-win-max-2","status":"publish","type":"product","link":"https:\/\/gpdstore.net\/ro\/product\/gpd-win-max-2\/","title":{"rendered":"GPD WIN MAX 2 PC portabil pentru jocuri"},"content":{"rendered":"\n<p>GPD WIN MAX 2, disponibil la GPD Store, este un Ultrabook impresionant care combin\u0103 munca \u0219i joaca \u00eentr-un singur dispozitiv. Acest PC portabil pentru jocuri se m\u00e2ndre\u0219te cu un procesor AMD Ryzen 7 6800U de \u00eenalt\u0103 performan\u021b\u0103, cu opt nuclee \u0219i \u0219aisprezece thread-uri, capabil s\u0103 ating\u0103 p\u00e2n\u0103 la 4,7GHz \u00eentre un TDP configurabil de 15W-28W. AMD Radeon 680M ofer\u0103 o putere de p\u00e2n\u0103 la 2,2GHz, asigur\u00e2nd imagini fluide pe ecranul tactil IPS de 10,1&#8243;.  <\/p>\n\n<p>M\u0103sur\u00e2nd compact 8,9 x 6,2 x 0,9 inch (22,7 \u00d7 16,0 \u00d7 2,3 cm) \u0219i c\u00e2nt\u0103rind pu\u021bin peste un kilogram, GPD WIN MAX 2 este foarte portabil \u0219i poate \u00eenc\u0103pea cu u\u0219urin\u021b\u0103 \u00eentr-o geant\u0103 sau \u00eentr-o hus\u0103 de laptop. Acest PC portabil pentru jocuri accept\u0103 p\u00e2n\u0103 la 32 GB de memorie RAM LPDDR5-6400 MT\/s \u0219i p\u00e2n\u0103 la 2 TB de SSD, cu un slot suplimentar pe partea din spate pentru SSD m.2 PCIe 3.0 de p\u00e2n\u0103 la 2 TB.  <\/p>\n\n<p>De asemenea, GPD WIN MAX 2 este echipat cu comenzi complete pentru jocuri, inclusiv dou\u0103 stick-uri analogice cu senzor cu efect Hall, un D-Pad pentru jocuri \u0219i declan\u0219atoare cu efect Hall. Exist\u0103 chiar \u0219i dou\u0103 butoane suplimentare pe spate care pot fi configurate dup\u0103 bunul plac. Acest Ultrabook dispune, de asemenea, de WiFi 6 rapid \u0219i Bluetooth 5.2, cu suport 4G LTE op\u021bional pentru date mobile.  <\/p>\n\n<p>GPD WIN MAX 2 este alimentat de o baterie Li-polymer de 67Wh, care asigur\u0103 p\u00e2n\u0103 la 14 ore de utilizare u\u0219oar\u0103, 6-8 ore de utilizare moderat\u0103 \u0219i 3 ore de utilizare intens\u0103. \u00cen plus, cu un port Thunderbolt 4, pute\u021bi conecta o plac\u0103 grafic\u0103 extern\u0103 (eGPU) pentru o performan\u021b\u0103 \u0219i mai rapid\u0103. Exist\u0103 chiar \u0219i un HDMI 2.1 \u00eencorporat pentru afi\u0219area pe dou\u0103 monitoare.  <\/p>\n\n<p>\u00cen general, GPD WIN MAX 2 este un PC de gaming portabil excep\u021bional, care face tranzi\u021bia f\u0103r\u0103 probleme \u00eentre munc\u0103 \u0219i joac\u0103, cu o durat\u0103 mare de via\u021b\u0103 a bateriei. Fie c\u0103 lucra\u021bi la documente de birou solicitante sau v\u0103 r\u0103sf\u0103\u021ba\u021bi cu jocurile AAA preferate, acest Ultrabook v\u0103 acoper\u0103. <\/p>\n\n<p><\/p>\n","protected":false},"excerpt":{"rendered":"<ul>\n<li>AMD <strong>Ryzen 7 6800U<\/strong> @2.7GHz TDP 15-28W<\/li>\n<li>AMD Radeon 680M <strong>12 CU la 2200 MHz<\/strong><\/li>\n<li><strong>p\u00e2n\u0103 la 32GB LPDDR5-6400 MT\/s<\/strong><\/li>\n<li><strong>p\u00e2n\u0103 la 2 TB<\/strong> SSD PCI-E <strong>NVMe<\/strong> de mare vitez\u0103<\/li>\n<li>Suport WiFi 6 \u0219i Bluetooth <strong>5.2<\/strong>  <\/li>\n<\/ul>\n[cg_accordion title=\"INFORMA\u021aII PRIVIND PLATA\"]<\/p>\n<p>Utiliz\u0103m cea mai recent\u0103 tehnologie de procesare a pl\u0103\u021bilor, care v\u0103 permite s\u0103 efectua\u021bi plata prin intermediul cardului de debit\/credit sau PayPal pentru o experien\u021b\u0103 rapid\u0103 \u0219i sigur\u0103.[\/cg_accordion]\n[cg_accordion title=\"GARAN\u021aIE\"]<\/p>\n<p>Garan\u021bie de 2 ani de la <a href=\"https:\/\/droix.net\/\" target=\"_blank\" rel=\"nofollow noopener\">DROIX Global<\/a> pentru lini\u0219tea dumneavoastr\u0103[\/cg_accordion]\n[cg_accordion title=\"PRE\u021aURI, TAXE \u0218I TRANSPORT\"]<\/p>\n<p><strong><u>Not\u0103:<\/u><\/strong><\/p>\n<ul>\n<li>Clien\u021bii din Statele Unite ale Americii: Pre\u021bul afi\u0219at NU include TAXE sau taxe vamale. Responsabilitatea de a v\u0103mui \u0219i de a pl\u0103ti orice tax\u0103\/tax\u0103 asociat\u0103 revine clientului. <\/li>\n<li>Clien\u021bii din UE: Pre\u021bul afi\u0219at include TAXA aplicabil\u0103, care poate fi de p\u00e2n\u0103 la 25% \u00een func\u021bie de \u021bara dumneavoastr\u0103.<\/li>\n<li>Clien\u021bii din Canada: Pre\u021bul afi\u0219at include taxele aplicabile, care pot include 5% GST \u0219i taxe de v\u00e2nzare provinciale suplimentare (PST), taxa de v\u00e2nzare armonizat\u0103 (HST) sau taxa de v\u00e2nzare din Quebec (QST), \u00een func\u021bie de provincia dumneavoastr\u0103.<\/li>\n<\/ul>\n<p><strong>Doar pentru clien\u021bii din UE:<\/strong> Express DDP (Delivered Duty Paid). Aceasta \u00eenseamn\u0103 c\u0103: <\/p>\n<ul>\n<li>Toate taxele vamale \u0219i impozitele sunt incluse \u00een pre\u021bul afi\u0219at pe pagina produsului.<\/li>\n<li>Nu va trebui s\u0103 pl\u0103ti\u021bi nicio tax\u0103 suplimentar\u0103 la livrare.<\/li>\n<li>\u00cen cazul rar al unor probleme legate de vam\u0103, echipa noastr\u0103 se va ocupa de procesul de v\u0103muire \u00een numele dvs. pentru a asigura o livrare f\u0103r\u0103 probleme.<\/li>\n<p>Informa\u021bii importante despre retururi:<\/p>\n<li>Dac\u0103 decide\u021bi s\u0103 returna\u021bi comanda sau s\u0103 solicita\u021bi o rambursare, v\u0103 rug\u0103m s\u0103 re\u021bine\u021bi c\u0103 taxele \u0219i impozitele pl\u0103tite \u00een numele dvs. \u00een conformitate cu termenii DDP nu pot fi rambursate.<\/li>\n<p>V\u0103 rug\u0103m s\u0103 consulta\u021bi <a href=\"https:\/\/droix.net\/terms-and-conditions\/\" target=\"_blank\" rel=\"nofollow noopener\">Termenii \u0219i condi\u021biile<\/a> noastre pentru informa\u021bii detaliate.\n<\/ul>\n<p>[\/cg_accordion]\n[cg_accordion title=\"ASISTEN\u021a\u0102 PENTRU CLIEN\u021aI\"]<\/p>\n<p>Ave\u021bi o \u00eentrebare? Suntem la un scurt mesaj distan\u021b\u0103 de rezolvarea problemei tale! <\/p>\n<p>V\u0103 rug\u0103m s\u0103 consulta\u021bi <a href=\"https:\/\/gpdstore.net\/ro\/terms-of-service\/\" target=\"_blank\" rel=\"nofollow noopener\">Termenii \u0219i condi\u021biile<\/a> noastre pentru informa\u021bii detaliate.\n<\/ul>\n<p>[\/cg_accordion]\n[cg_accordion title=\"CE ESTE INCLUS\"]<\/p>\n<ul>\n<li>1x GPD WIN MAX 2<\/li>\n<li>1x adaptor de alimentare<\/li>\n<li>1x cablu USB tip C<\/li>\n<li>1x Manual de utilizare<\/li>\n<\/ul>\n<p>[\/cg_accordion]\n","protected":false},"featured_media":203137,"template":"","meta":{"_acf_changed":false},"product_brand":[],"product_cat":[5809],"product_tag":[17865],"woo-feed-brand":[5812],"class_list":{"0":"post-203135","1":"product","2":"type-product","3":"status-publish","4":"has-post-thumbnail","6":"product_cat-gpd-pc-portabil-pentru-jocuri-ro","7":"product_tag-gpd-win-max-2-ro","8":"product_shipping_class-premium","9":"pa_bluetooth-5-2-ro","10":"pa_display-type-h-ips-ro","11":"pa_graphics-gpu-model-radeon-680m-ro","12":"pa_i-o-video-1x-hdmi-2-1-ro","13":"pa_i-o-video-prin-1x-usb-4-0-type-c-40gb-s","14":"pa_memory-ram-capacity-16gb-ro-2","15":"pa_memory-ram-capacity-32gb-ro","16":"pa_memory-ram-technology-lpddr5-ro","17":"pa_processor-cpu-model-ryzen-7-6800u","18":"pa_storage-capacity-1tb-ro","19":"pa_storage-capacity-2tb-ro","20":"pa_wi-fi-wi-fi-6-ro","21":"woo-feed-brand-gpd-ro","23":"first","24":"outofstock","25":"taxable","26":"shipping-taxable","27":"purchasable","28":"product-type-variable","29":"has-default-attributes"},"acf":[],"aioseo_notices":[],"_links":{"self":[{"href":"https:\/\/gpdstore.net\/ro\/wp-json\/wp\/v2\/product\/203135","targetHints":{"allow":["GET"]}}],"collection":[{"href":"https:\/\/gpdstore.net\/ro\/wp-json\/wp\/v2\/product"}],"about":[{"href":"https:\/\/gpdstore.net\/ro\/wp-json\/wp\/v2\/types\/product"}],"wp:featuredmedia":[{"embeddable":true,"href":"https:\/\/gpdstore.net\/ro\/wp-json\/wp\/v2\/media\/203137"}],"wp:attachment":[{"href":"https:\/\/gpdstore.net\/ro\/wp-json\/wp\/v2\/media?parent=203135"}],"wp:term":[{"taxonomy":"product_brand","embeddable":true,"href":"https:\/\/gpdstore.net\/ro\/wp-json\/wp\/v2\/product_brand?post=203135"},{"taxonomy":"product_cat","embeddable":true,"href":"https:\/\/gpdstore.net\/ro\/wp-json\/wp\/v2\/product_cat?post=203135"},{"taxonomy":"product_tag","embeddable":true,"href":"https:\/\/gpdstore.net\/ro\/wp-json\/wp\/v2\/product_tag?post=203135"},{"taxonomy":"woo-feed-brand","embeddable":true,"href":"https:\/\/gpdstore.net\/ro\/wp-json\/wp\/v2\/woo-feed-brand?post=203135"}],"curies":[{"name":"wp","href":"https:\/\/api.w.org\/{rel}","templated":true}]}}