{"id":191852,"date":"2023-03-26T13:55:57","date_gmt":"2023-03-26T13:55:57","guid":{"rendered":"https:\/\/gpdstore.net\/fara-categorie\/gpd-pocket-3-mini-laptop\/"},"modified":"2026-01-07T00:10:46","modified_gmt":"2026-01-07T00:10:46","slug":"gpd-pocket-3","status":"publish","type":"product","link":"https:\/\/gpdstore.net\/ro\/product\/gpd-pocket-3\/","title":{"rendered":"GPD Pocket 3 Mini Laptop"},"content":{"rendered":"\n<figure class=\"wp-block-video\"><video controls=\"\" poster=\"https:\/\/gpdstore.net\/wp-content\/uploads\/2023\/03\/s-l1600-2025-11-11T121147209.webp\" src=\"https:\/\/gpdstore.net\/wp-content\/uploads\/2023\/03\/kaezXFcAdRaf7bFG0dm_1100204901809_mp4_265_hd-1.mp4\"><\/video><\/figure>\n\n<div class=\"wp-block-columns is-layout-flex wp-container-core-columns-is-layout-28f84493 wp-block-columns-is-layout-flex\">\n<div class=\"wp-block-column is-layout-flow wp-block-column-is-layout-flow\" style=\"flex-basis:33.33%\">\n<figure class=\"wp-block-image size-full\"><a href=\"https:\/\/gpdstore.net\/wp-content\/uploads\/2023\/03\/Wholesale-Price-GPD-Pocket-3-Mini-Laptop-16GB-1TB-i7-GPD-Pocket-3jpg_.webp\"><img fetchpriority=\"high\" decoding=\"async\" width=\"800\" height=\"800\" src=\"https:\/\/gpdstore.net\/wp-content\/uploads\/2023\/03\/Wholesale-Price-GPD-Pocket-3-Mini-Laptop-16GB-1TB-i7-GPD-Pocket-3jpg_.webp\" alt=\"GPD Pocket 3, un mini laptop compact &#x219;i puternic proiectat pentru calcul versatil &#x219;i portabilitate.\" class=\"wp-image-1263941\" srcset=\"https:\/\/gpdstore.net\/wp-content\/uploads\/2023\/03\/Wholesale-Price-GPD-Pocket-3-Mini-Laptop-16GB-1TB-i7-GPD-Pocket-3jpg_.webp 800w, https:\/\/gpdstore.net\/wp-content\/uploads\/2023\/03\/Wholesale-Price-GPD-Pocket-3-Mini-Laptop-16GB-1TB-i7-GPD-Pocket-3jpg_-600x600.webp 600w, https:\/\/gpdstore.net\/wp-content\/uploads\/2023\/03\/Wholesale-Price-GPD-Pocket-3-Mini-Laptop-16GB-1TB-i7-GPD-Pocket-3jpg_-150x150.webp 150w, https:\/\/gpdstore.net\/wp-content\/uploads\/2023\/03\/Wholesale-Price-GPD-Pocket-3-Mini-Laptop-16GB-1TB-i7-GPD-Pocket-3jpg_-768x768.webp 768w, https:\/\/gpdstore.net\/wp-content\/uploads\/2023\/03\/Wholesale-Price-GPD-Pocket-3-Mini-Laptop-16GB-1TB-i7-GPD-Pocket-3jpg_-65x65.webp 65w, https:\/\/gpdstore.net\/wp-content\/uploads\/2023\/03\/Wholesale-Price-GPD-Pocket-3-Mini-Laptop-16GB-1TB-i7-GPD-Pocket-3jpg_-360x360.webp 360w, https:\/\/gpdstore.net\/wp-content\/uploads\/2023\/03\/Wholesale-Price-GPD-Pocket-3-Mini-Laptop-16GB-1TB-i7-GPD-Pocket-3jpg_-441x441.webp 441w, https:\/\/gpdstore.net\/wp-content\/uploads\/2023\/03\/Wholesale-Price-GPD-Pocket-3-Mini-Laptop-16GB-1TB-i7-GPD-Pocket-3jpg_-100x100.webp 100w\" sizes=\"(max-width: 800px) 100vw, 800px\" \/><\/a><\/figure>\n<\/div>\n\n\n\n<div class=\"wp-block-column is-layout-flow wp-block-column-is-layout-flow\" style=\"flex-basis:66.66%\">\n<h2 class=\"wp-block-heading\"><strong><br\/><\/strong><strong>GPD Pocket 3: putere compact\u0103 cu performan\u021be<br\/>Intel Pentium Gold 7505<\/strong><\/h2>\n\n\n\n<p><strong>GPD Pocket 3<\/strong> este acum disponibil \u00eentr-o configura\u021bie simplificat\u0103 cu <a href=\"https:\/\/www.intel.com\/content\/www\/us\/en\/products\/sku\/208667\/intel-pentium-gold-7505-processor-4m-cache-up-to-3-50-ghz-with-ipu\/specifications.html\" target=\"_blank\" rel=\"noopener nofollow\" title=\"\">procesor Intel Pentium Gold 7505<\/a>. Cu patru nuclee \u0219i opt fire de execu\u021bie \u0219i viteze de amplificare de p\u00e2n\u0103 la 3,5 GHz, acest procesor ofer\u0103 performan\u021be solide pentru productivitatea zilnic\u0103 \u0219i multitasking. <\/p>\n\n\n\n<p>\u00cemperecheat cu 16 GB de memorie RAM LPDDR4x care ruleaz\u0103 la 3733 MHz \u0219i un SSD M.2 <a href=\"https:\/\/droix.net\/product\/ayn-odin-2-super-dock\/\" target=\"_blank\" rel=\"noopener nofollow\" title=\"\">NVMe<\/a> rapid, Pocket 3 ofer\u0103 o experien\u021b\u0103 fluent\u0103 pentru sarcini precum editarea documentelor, navigarea pe web, streaming video \u0219i lucr\u0103ri creative u\u0219oare. Designul s\u0103u compact \u0219i sistemul modular de porturi \u00eel fac ideal pentru profesioni\u0219tii \u0219i entuzia\u0219tii care au nevoie de un dispozitiv Windows puternic, dar portabil. <\/p>\n\n\n\n<p>Fie c\u0103 lucra\u021bi de la distan\u021b\u0103, c\u0103l\u0103tori\u021bi sau ave\u021bi nevoie de un PC ultra-portabil versatil, GPD Pocket 3 cu Intel Pentium Gold atinge echilibrul perfect \u00eentre performan\u021b\u0103 \u0219i portabilitate.<\/p>\n<\/div>\n<\/div>\n\n<h2 class=\"wp-block-heading has-text-align-center\">Proiectat pentru profesioni\u0219ti: Versatilitate, control \u0219i excelen\u021b\u0103 \u00een design<\/h2>\n\n<div class=\"wp-block-columns is-layout-flex wp-container-core-columns-is-layout-28f84493 wp-block-columns-is-layout-flex\">\n<div class=\"wp-block-column is-layout-flow wp-block-column-is-layout-flow\">\n<figure class=\"wp-block-image size-full\"><img decoding=\"async\" width=\"300\" height=\"300\" src=\"https:\/\/gpdstore.net\/wp-content\/uploads\/2023\/03\/87affa8a-19ce-4c6d-891b-43840ae1d1f6__CR00300300_PT0_SX300_V1___.jpg\" alt=\"Mini laptop GPD Pocket 3 cu ecran rotativ la 180 de grade &#x219;i capacitate de rotire la 180 de grade, oferind op&#x21B;iuni flexibile de vizualizare &#x219;i utilizare\" class=\"wp-image-1263942\" srcset=\"https:\/\/gpdstore.net\/wp-content\/uploads\/2023\/03\/87affa8a-19ce-4c6d-891b-43840ae1d1f6__CR00300300_PT0_SX300_V1___.jpg 300w, https:\/\/gpdstore.net\/wp-content\/uploads\/2023\/03\/87affa8a-19ce-4c6d-891b-43840ae1d1f6__CR00300300_PT0_SX300_V1___-150x150.jpg 150w, https:\/\/gpdstore.net\/wp-content\/uploads\/2023\/03\/87affa8a-19ce-4c6d-891b-43840ae1d1f6__CR00300300_PT0_SX300_V1___-65x65.jpg 65w, https:\/\/gpdstore.net\/wp-content\/uploads\/2023\/03\/87affa8a-19ce-4c6d-891b-43840ae1d1f6__CR00300300_PT0_SX300_V1___-100x100.jpg 100w\" sizes=\"(max-width: 300px) 100vw, 300px\" \/><\/figure>\n\n\n\n<h3 class=\"wp-block-heading\"><strong><strong>Un ecran care se adapteaz\u0103:<\/strong> Ecranul pivotant la 180\u00b0 cu durabilitate prin metalurgia pulberilor.<\/strong><\/h3>\n\n\n\n<p>Ecranul nostru pivotant proiectat \u00een mod inovator, realizat folosind tehnologia avansat\u0103 a metalurgiei pulberilor, permite o rota\u021bie lin\u0103 de 180 de grade cu o singur\u0103 m\u00e2n\u0103 \u00een jurul axei Y. Acesta a trecut cu succes teste riguroase de durabilitate, rezist\u00e2nd la 100.000 de opera\u021biuni robotizate continue (inclusiv rota\u021bie, deschidere \u0219i \u00eenchidere), cu o rat\u0103 impresionant\u0103 de service de 99,3%. <\/p>\n<\/div>\n\n\n\n<div class=\"wp-block-column is-layout-flow wp-block-column-is-layout-flow\">\n<figure class=\"wp-block-image size-full\"><img decoding=\"async\" width=\"300\" height=\"300\" src=\"https:\/\/gpdstore.net\/wp-content\/uploads\/2023\/03\/9728f488-7c9a-4702-8194-6d4228a0fa83__CR00300300_PT0_SX300_V1___.jpg\" alt=\"Mini laptop GPD Pocket 3 cu suport pentru stylus, care permite o introducere precis&#x103; &#x219;i o productivitate sporit&#x103;.\" class=\"wp-image-1263943\" srcset=\"https:\/\/gpdstore.net\/wp-content\/uploads\/2023\/03\/9728f488-7c9a-4702-8194-6d4228a0fa83__CR00300300_PT0_SX300_V1___.jpg 300w, https:\/\/gpdstore.net\/wp-content\/uploads\/2023\/03\/9728f488-7c9a-4702-8194-6d4228a0fa83__CR00300300_PT0_SX300_V1___-150x150.jpg 150w, https:\/\/gpdstore.net\/wp-content\/uploads\/2023\/03\/9728f488-7c9a-4702-8194-6d4228a0fa83__CR00300300_PT0_SX300_V1___-65x65.jpg 65w, https:\/\/gpdstore.net\/wp-content\/uploads\/2023\/03\/9728f488-7c9a-4702-8194-6d4228a0fa83__CR00300300_PT0_SX300_V1___-100x100.jpg 100w\" sizes=\"(max-width: 300px) 100vw, 300px\" \/><\/figure>\n\n\n\n<h3 class=\"wp-block-heading\"><strong><strong><strong>Introducere precis\u0103:<\/strong> Utiliza\u021bi tastatura QWERTY premiat\u0103 Red Dot \u0219i stylusul cu 4096 de niveluri.<\/strong><\/strong><\/h3>\n\n\n\n<p>Pocket 3 dispune de suport activ pentru stylus cu 4096 de niveluri de sensibilitate la presiune, oferind o precizie original\u0103 a scrisului de m\u00e2n\u0103. Compatibil cu Surface Pen prin protocolul Microsoft MPP 2.0, acesta permite luarea de noti\u021be, adnot\u0103ri \u0219i semn\u0103turi f\u0103r\u0103 \u00eentreruperi, permi\u021b\u00e2nd crearea de con\u021binut precis \u0219i creativ \u00een orice moment. <\/p>\n<\/div>\n\n\n\n<div class=\"wp-block-column is-layout-flow wp-block-column-is-layout-flow\">\n<figure class=\"wp-block-image size-full\"><img loading=\"lazy\" decoding=\"async\" width=\"300\" height=\"300\" src=\"https:\/\/gpdstore.net\/wp-content\/uploads\/2023\/03\/a2d68f01-c1f4-4886-afb1-90dae8b01b16__CR00300300_PT0_SX300_V1___.jpg\" alt=\"Mini laptop GPD Pocket 3 cu o camer&#x103; ultra-sub&#x21B;ire 1080P, oferind o calitate video de &#xEE;nalt&#x103; defini&#x21B;ie pentru apeluri video clare &#x219;i precise\" class=\"wp-image-1263944\" srcset=\"https:\/\/gpdstore.net\/wp-content\/uploads\/2023\/03\/a2d68f01-c1f4-4886-afb1-90dae8b01b16__CR00300300_PT0_SX300_V1___.jpg 300w, https:\/\/gpdstore.net\/wp-content\/uploads\/2023\/03\/a2d68f01-c1f4-4886-afb1-90dae8b01b16__CR00300300_PT0_SX300_V1___-150x150.jpg 150w, https:\/\/gpdstore.net\/wp-content\/uploads\/2023\/03\/a2d68f01-c1f4-4886-afb1-90dae8b01b16__CR00300300_PT0_SX300_V1___-65x65.jpg 65w, https:\/\/gpdstore.net\/wp-content\/uploads\/2023\/03\/a2d68f01-c1f4-4886-afb1-90dae8b01b16__CR00300300_PT0_SX300_V1___-100x100.jpg 100w\" sizes=\"(max-width: 300px) 100vw, 300px\" \/><\/figure>\n\n\n\n<h3 class=\"wp-block-heading\"><strong><strong><strong>Comunicare clar\u0103:<\/strong> Conectare oriunde cu camera cu unghi larg 1080P Ultra-Thin.<\/strong><\/strong><\/h3>\n\n\n\n<p>Minicamer\u0103 ultra-sub\u021bire de \u00eenalt\u0103 defini\u021bie 1080P cu 2 milioane de pixeli \u0219i un c\u00e2mp vizual larg de 77\u00b0. Acest lucru v\u0103 permite s\u0103 comunica\u021bi cu familia prin webcast live sau s\u0103 \u021bine\u021bi conferin\u021be video cu colegii oric\u00e2nd \u0219i oriunde. <\/p>\n<\/div>\n<\/div>\n\n<div class=\"wp-block-columns is-layout-flex wp-container-core-columns-is-layout-28f84493 wp-block-columns-is-layout-flex\">\n<div class=\"wp-block-column is-layout-flow wp-block-column-is-layout-flow\">\n<figure class=\"wp-block-image size-full\"><img loading=\"lazy\" decoding=\"async\" width=\"300\" height=\"400\" src=\"https:\/\/gpdstore.net\/wp-content\/uploads\/2023\/03\/dfaad9ca-c981-4178-9f69-19a4a5cf5f38__CR00300400_PT0_SX300_V1___.jpg\" alt=\"Mini laptop GPD Pocket 3 cu control KVM, care ofer&#x103; integrare &#x219;i gestionare f&#x103;r&#x103; probleme a mai multor dispozitive de la o singur&#x103; interfa&#x21B;&#x103;\" class=\"wp-image-1263945\" srcset=\"https:\/\/gpdstore.net\/wp-content\/uploads\/2023\/03\/dfaad9ca-c981-4178-9f69-19a4a5cf5f38__CR00300400_PT0_SX300_V1___.jpg 300w, https:\/\/gpdstore.net\/wp-content\/uploads\/2023\/03\/dfaad9ca-c981-4178-9f69-19a4a5cf5f38__CR00300400_PT0_SX300_V1___-150x200.jpg 150w\" sizes=\"(max-width: 300px) 100vw, 300px\" \/><\/figure>\n<\/div>\n\n\n\n<div class=\"wp-block-column is-layout-flow wp-block-column-is-layout-flow\">\n<h3 class=\"wp-block-heading\"><strong>Putere de administrare IT:<\/strong> Acces la server la nivel hardware prin intermediul modulului KVM interschimbabil la cald.<\/h3>\n\n\n\n<p>Spre deosebire de &#8220;desktop de la distan\u021b\u0103&#8221;, modulul de control KVM este utilizat pentru controlul accesului la nivel hardware care acoper\u0103 \u00eentregul proces de utilizare a serverului vizat, de la pornire, set\u0103rile BIOS p\u00e2n\u0103 la opera\u021biunile din cadrul sistemului de operare.<\/p>\n\n\n\n<p>Acesta poate fi \u00eenlocuit la cald, dar nu are IP KVM, deci nu accept\u0103 gestionarea de la distan\u021b\u0103 \u0219i este potrivit pentru gestionarea echipamentelor de re\u021bea local\u0103 care nu au tastatur\u0103, mouse \u0219i afi\u0219aj.<\/p>\n\n\n\n<p>* Modul KVM\/Modul RS-232\/Stylus V\u00e2ndut separat<\/p>\n<\/div>\n\n\n\n<div class=\"wp-block-column is-layout-flow wp-block-column-is-layout-flow\">\n<figure class=\"wp-block-image size-full\"><img loading=\"lazy\" decoding=\"async\" width=\"350\" height=\"175\" src=\"https:\/\/gpdstore.net\/wp-content\/uploads\/2023\/03\/c011901a-1c49-4ed6-b6e2-a74a6089bf57__CR00350175_PT0_SX350_V1___-1.jpg\" alt=\"Mini laptop GPD Pocket 3 cu tastatur&#x103; QWERTY, proiectat pentru o tastare confortabil&#x103; &#x219;i eficient&#x103; &#xEE;ntr-un format compact\" class=\"wp-image-1263946\" srcset=\"https:\/\/gpdstore.net\/wp-content\/uploads\/2023\/03\/c011901a-1c49-4ed6-b6e2-a74a6089bf57__CR00350175_PT0_SX350_V1___-1.jpg 350w, https:\/\/gpdstore.net\/wp-content\/uploads\/2023\/03\/c011901a-1c49-4ed6-b6e2-a74a6089bf57__CR00350175_PT0_SX350_V1___-1-150x75.jpg 150w\" sizes=\"(max-width: 350px) 100vw, 350px\" \/><\/figure>\n\n\n\n<h3 class=\"wp-block-heading\"><strong>Tastatur\u0103 &#8220;QWERTY&#8221;<\/strong><\/h3>\n\n\n\n<p>Tastatura noastr\u0103 &#8220;QWERTY&#8221; \u00een stil ciocolat\u0103 chiclet, care a c\u00e2\u0219tigat premiul german Red Dot, este optimizat\u0103 pentru tastarea cu ambele m\u00e2ini prin concentrarea celor mai importante taste \u00een centru, ceea ce face foarte confortabil s\u0103 juca\u021bi jocuri controlate de tastatur\u0103 \u0219i mouse pe acest dispozitiv!<\/p>\n<\/div>\n<\/div>\n\n<h2 class=\"wp-block-heading has-text-align-center\">Intr\u0103ri de nivel profesional: Control hardware \u0219i tastare ergonomic\u0103<\/h2>\n\n<figure class=\"wp-block-image aligncenter size-full\"><img loading=\"lazy\" decoding=\"async\" width=\"1024\" height=\"678\" src=\"https:\/\/gpdstore.net\/wp-content\/uploads\/2023\/03\/GPD-POCKET-3-MARKETING-IMAGE-2-1024x678-1.jpg\" alt=\"Mini laptop GPD Pocket 3 capabil s&#x103; conecteze mai multe ecrane pentru productivitate sporit&#x103; &#x219;i multitasking\" class=\"wp-image-1263947\" srcset=\"https:\/\/gpdstore.net\/wp-content\/uploads\/2023\/03\/GPD-POCKET-3-MARKETING-IMAGE-2-1024x678-1.jpg 1024w, https:\/\/gpdstore.net\/wp-content\/uploads\/2023\/03\/GPD-POCKET-3-MARKETING-IMAGE-2-1024x678-1-600x397.jpg 600w, https:\/\/gpdstore.net\/wp-content\/uploads\/2023\/03\/GPD-POCKET-3-MARKETING-IMAGE-2-1024x678-1-768x509.jpg 768w, https:\/\/gpdstore.net\/wp-content\/uploads\/2023\/03\/GPD-POCKET-3-MARKETING-IMAGE-2-1024x678-1-360x238.jpg 360w, https:\/\/gpdstore.net\/wp-content\/uploads\/2023\/03\/GPD-POCKET-3-MARKETING-IMAGE-2-1024x678-1-990x655.jpg 990w, https:\/\/gpdstore.net\/wp-content\/uploads\/2023\/03\/GPD-POCKET-3-MARKETING-IMAGE-2-1024x678-1-441x292.jpg 441w, https:\/\/gpdstore.net\/wp-content\/uploads\/2023\/03\/GPD-POCKET-3-MARKETING-IMAGE-2-1024x678-1-150x99.jpg 150w\" sizes=\"(max-width: 1024px) 100vw, 1024px\" \/><\/figure>\n\n<p>GPD a revenit cu cea de-a treia itera\u021bie a liniei lor populare de mini laptopuri, cu bine-numitul <strong>GPD Pocket 3<\/strong>! Acest laptop cu factor de form\u0103 mic plin de func\u021bii este complet echipat \u0219i suficient de flexibil pentru a v\u0103 satisface toate nevoile de calcul de zi cu zi cu u\u0219urin\u021b\u0103<\/p>\n\n<p>Pe l\u00e2ng\u0103 multitudinea de interfe\u021be pe care dispozitivul le are deja (USB, Thunderbolt, RJ45 etc.), GPD Pocket 3 dispune \u0219i de o &#8220;interfa\u021b\u0103 modular\u0103 de conectare&#8221;. Acest lucru v\u0103 permite s\u0103 ajusta\u021bi liber porturile de pe <strong>GPD Pocket 3<\/strong> \u00een func\u021bie de nevoile dvs. Dori\u021bi un port USB suplimentar pentru un alt dispozitiv? Nicio problem\u0103. Ave\u021bi nevoie de o interfa\u021b\u0103 cu un server? Este u\u0219or cu modulul KVM dedicat!*     <\/p>\n\n<p>La sf\u00e2r\u0219itul zilei, <strong>GPD Pocket 3<\/strong> este plin de caracteristici \u0219i func\u021bii utile. Microfon \u00eencorporat? \u00cel ave\u021bi. Ecran rotativ la 360 de grade? Sigur! Port HDMI? Deja exist\u0103!      <\/p>\n\n<p>Indiferent dac\u0103 sunte\u021bi interesat de modelul high-end sau de cel de baz\u0103, ve\u021bi ob\u021bine un laptop care este foarte portabil \u0219i personalizabil pentru a vi se potrivi perfect.<\/p>\n\n<figure class=\"wp-block-image aligncenter size-full\"><img loading=\"lazy\" decoding=\"async\" width=\"970\" height=\"600\" src=\"https:\/\/gpdstore.net\/wp-content\/uploads\/2023\/03\/28ee65cf-aa50-4535-b107-c1d20069d506__CR00970600_PT0_SX970_V1___.jpg\" alt=\"Parametrii sistemului laptopului GPD Pocket 3 mini, inclusiv specifica&#x21B;iile procesorului, memoriei, spa&#x21B;iului de stocare &#x219;i ecranului, pentru o performan&#x21B;&#x103; optim&#x103;.\" class=\"wp-image-1263948\" srcset=\"https:\/\/gpdstore.net\/wp-content\/uploads\/2023\/03\/28ee65cf-aa50-4535-b107-c1d20069d506__CR00970600_PT0_SX970_V1___.jpg 970w, https:\/\/gpdstore.net\/wp-content\/uploads\/2023\/03\/28ee65cf-aa50-4535-b107-c1d20069d506__CR00970600_PT0_SX970_V1___-600x371.jpg 600w, https:\/\/gpdstore.net\/wp-content\/uploads\/2023\/03\/28ee65cf-aa50-4535-b107-c1d20069d506__CR00970600_PT0_SX970_V1___-768x475.jpg 768w, https:\/\/gpdstore.net\/wp-content\/uploads\/2023\/03\/28ee65cf-aa50-4535-b107-c1d20069d506__CR00970600_PT0_SX970_V1___-360x223.jpg 360w, https:\/\/gpdstore.net\/wp-content\/uploads\/2023\/03\/28ee65cf-aa50-4535-b107-c1d20069d506__CR00970600_PT0_SX970_V1___-441x273.jpg 441w, https:\/\/gpdstore.net\/wp-content\/uploads\/2023\/03\/28ee65cf-aa50-4535-b107-c1d20069d506__CR00970600_PT0_SX970_V1___-150x93.jpg 150w\" sizes=\"(max-width: 970px) 100vw, 970px\" \/><\/figure>\n","protected":false},"excerpt":{"rendered":"<ul>\n<li>Intel\u00ae Pentium\u00ae Gold 7505 p\u00e2n\u0103 la 3.50GHz ; 4 nuclee\/8 fire<\/li>\n<li><strong>16GB LPDDR4x RAM<\/strong> @3733Mhz<\/li>\n<li><strong>Thunderbolt 4 \/ Ecran tactil de 8&#8243; \/ Scanner de amprente digitale<\/strong><\/li>\n<li><strong>P\u00e2n\u0103 la 4 TB<\/strong> de SSD PCI-E NVMe<\/li>\n<li>Modular cu <strong>porturi KVM\/RS-232 <\/strong>(v\u00e2ndut separat)<\/li>\n<\/ul>\n<p><img loading=\"lazy\" decoding=\"async\" src=\"https:\/\/gpdstore.net\/wp-content\/uploads\/2024\/08\/POCKET-4-FREEBIE-LONG.jpg\" alt=\"Banner promo\u021bional pentru GPD Pocket 4 care ofer\u0103 gratuit o hus\u0103 de protec\u021bie. Textul este urm\u0103torul: \"Cadouri gratuite - carcas\u0103 de protec\u021bie - ad\u0103ugat\u0103 automat la co\u0219\", \u00eenso\u021bit de o imagine a unei carcase de protec\u021bie negre elegante\" width=\"1000\" height=\"140\" class=\"alignnone size-full wp-image-973719\" srcset=\"https:\/\/gpdstore.net\/wp-content\/uploads\/2024\/08\/POCKET-4-FREEBIE-LONG.jpg 1000w, https:\/\/gpdstore.net\/wp-content\/uploads\/2024\/08\/POCKET-4-FREEBIE-LONG-600x84.jpg 600w, https:\/\/gpdstore.net\/wp-content\/uploads\/2024\/08\/POCKET-4-FREEBIE-LONG-768x108.jpg 768w, https:\/\/gpdstore.net\/wp-content\/uploads\/2024\/08\/POCKET-4-FREEBIE-LONG-360x50.jpg 360w, https:\/\/gpdstore.net\/wp-content\/uploads\/2024\/08\/POCKET-4-FREEBIE-LONG-990x139.jpg 990w, https:\/\/gpdstore.net\/wp-content\/uploads\/2024\/08\/POCKET-4-FREEBIE-LONG-441x62.jpg 441w, https:\/\/gpdstore.net\/wp-content\/uploads\/2024\/08\/POCKET-4-FREEBIE-LONG-150x21.jpg 150w\" sizes=\"(max-width: 1000px) 100vw, 1000px\" \/><\/p>\n<p> [cg_accordion title=\"INFORMA\u021aII PRIVIND PLATA\"] Utiliz\u0103m cea mai recent\u0103 tehnologie \u00een procesarea pl\u0103\u021bilor, care v\u0103 permite s\u0103 efectua\u021bi plata prin intermediul cardului de debit\/credit sau PayPal pentru o experien\u021b\u0103 rapid\u0103 \u0219i sigur\u0103.[\/cg_accordion] [cg_accordion title=\"GARAN\u021aIE\"] Garan\u021bie de 2 ani de la <a href=\"https:\/\/droix.net\/\" target=\"_blank\" rel=\"nofollow noopener\">DROIX Global<\/a> pentru lini\u0219tea dvs.[\/cg_accordion] [cg_accordion title=\"ASIGURAREA CALIT\u0102\u021aII \u0218I TESTAREA \u00ceNAINTE DE EXPEDIERE\"] Asigurarea satisfac\u021biei clien\u021bilor la cel mai \u00eenalt standard: Fiecare dispozitiv este supus unor teste riguroase \u0219i unei verific\u0103ri de asigurare a calit\u0103\u021bii \u00een mai multe puncte \u00eenainte de a fi expediat. Echipa noastr\u0103 dedicat\u0103 verific\u0103 performan\u021ba, func\u021bionalitatea \u0219i integritatea componentelor pentru a garanta c\u0103 dispozitivul dvs. GPD este \u00een stare perfect\u0103 de func\u021bionare la sosire, oferindu-v\u0103 \u00eencredere \u0219i pace sufleteasc\u0103.[\/cg_accordion] [cg_accordion title=\"PRE\u021aURI, TAXE \u0218I TRANSPORT\"] <strong><u>Not\u0103:<\/u><\/strong><\/p>\n<ul>\n<li>Clien\u021bii din Statele Unite ale Americii: Pre\u021bul afi\u0219at NU include TAXE sau taxe vamale. Responsabilitatea de a v\u0103mui \u0219i de a pl\u0103ti orice tax\u0103\/tax\u0103 asociat\u0103 revine clientului. <\/li>\n<li>Clien\u021bii din UE: Pre\u021bul afi\u0219at include TAXA aplicabil\u0103, care poate fi de p\u00e2n\u0103 la 25% \u00een func\u021bie de \u021bara dumneavoastr\u0103.<\/li>\n<li>Clien\u021bii din Canada: Pre\u021bul afi\u0219at include taxele aplicabile, care pot include 5% GST \u0219i taxe de v\u00e2nzare provinciale suplimentare (PST), taxa de v\u00e2nzare armonizat\u0103 (HST) sau taxa de v\u00e2nzare din Quebec (QST), \u00een func\u021bie de provincia dumneavoastr\u0103.<\/li>\n<\/ul>\n<p><strong>Doar pentru clien\u021bii din UE:<\/strong> Express DDP (Delivered Duty Paid). Aceasta \u00eenseamn\u0103 c\u0103: <\/p>\n<ul>\n<li style=\"list-style-type: none;\">\n<ul>\n<li>Toate taxele vamale \u0219i impozitele sunt incluse \u00een pre\u021bul afi\u0219at pe pagina produsului.<\/li>\n<li>Nu va trebui s\u0103 pl\u0103ti\u021bi nicio tax\u0103 suplimentar\u0103 la livrare.<\/li>\n<li>\u00cen cazul rar al unor probleme legate de vam\u0103, echipa noastr\u0103 se va ocupa de procesul de v\u0103muire \u00een numele dvs. pentru a asigura o livrare f\u0103r\u0103 probleme.<\/li>\n<p>Informa\u021bii importante despre retururi:<\/p>\n<li>Dac\u0103 decide\u021bi s\u0103 returna\u021bi comanda sau s\u0103 solicita\u021bi o rambursare, v\u0103 rug\u0103m s\u0103 re\u021bine\u021bi c\u0103 taxele \u0219i impozitele pl\u0103tite \u00een numele dvs. \u00een conformitate cu termenii DDP nu pot fi rambursate.<\/li>\n<p>V\u0103 rug\u0103m s\u0103 consulta\u021bi site-ul nostru<\/ul>\n<\/li>\n<\/ul>\n<p><a href=\"https:\/\/droix.net\/terms-and-conditions\/\" target=\"_blank\" rel=\"nofollow noopener\">Termeni \u0219i condi\u021bii<\/a><\/p>\n<ul>pentru informa\u021bii detaliate.<\/ul>\n<p>[\/cg_accordion] [cg_accordion title=\"ASISTEN\u021a\u0102 PENTRU CLIEN\u021aI\"]  Ave\u021bi o \u00eentrebare? Suntem la un scurt mesaj distan\u021b\u0103 de rezolvarea problemei tale!  V\u0103 rug\u0103m s\u0103 consulta\u021bi <a href=\"https:\/\/gpdstore.net\/en-gb\/terms-of-service\/\" target=\"_blank\" rel=\"nofollow noopener\">Termenii \u0219i condi\u021biile<\/a> noastre pentru informa\u021bii detaliate.  [\/cg_accordion] [cg_accordion title=\"CE ESTE INCLUS\"]<\/p>\n<ul>\n<li>1x GPD Pocket 3<\/li>\n<li>1x adaptor de alimentare<\/li>\n<li>1x cablu USB tip C<\/li>\n<li>1x Manual de utilizare<\/li>\n<li>1x Stylus GPD<\/li>\n<\/ul>\n<p>[\/cg_accordion]<\/p>\n","protected":false},"featured_media":30512,"template":"","meta":{"_acf_changed":false},"product_brand":[],"product_cat":[7042,7043,8586],"product_tag":[14535,8587],"woo-feed-brand":[5812],"class_list":{"0":"post-191852","1":"product","2":"type-product","3":"status-publish","4":"has-post-thumbnail","6":"product_cat-mini-laptopuri-gpd","7":"product_cat-laptopuri","8":"product_cat-tableta-laptop","9":"product_tag-8xmsale-ro-2","10":"product_tag-gpd-pocket-3-ro","11":"product_shipping_class-premium","12":"pa_bluetooth-5-ro","13":"pa_brand-gpd","14":"pa_display-type-h-ips-ro","15":"pa_graphics-gpu-model-core-i3-1125g4-grafica-uhd-ro","16":"pa_graphics-gpu-model-core-i7-1195g7-grafica-iris-xe-ro","17":"pa_graphics-gpu-model-pentium-gold-7505-grafica-uhd-ro","18":"pa_i-o-video-1x-hdmi-2-0b-ro","19":"pa_i-o-video-prin-1x-usb-4-0-type-c-40gb-s","20":"pa_memory-ram-capacity-16gb-ro-2","21":"pa_memory-ram-capacity-8gb-ro","22":"pa_memory-ram-technology-lpddr4x-ro","23":"pa_processor-cpu-model-intel-core-i3-1125g4","24":"pa_processor-cpu-model-intel-core-i7-1195g7","25":"pa_processor-cpu-model-intel-pentium-gold-7505","26":"pa_processor-cpu-model-pentium-silver-n6000","27":"pa_storage-capacity-1tb-ro","28":"pa_storage-capacity-512gb-ro","29":"pa_wi-fi-wi-fi-6-ro","30":"woo-feed-brand-gpd-ro","32":"first","33":"instock","34":"sale","35":"taxable","36":"shipping-taxable","37":"purchasable","38":"product-type-variable","39":"has-default-attributes"},"acf":[],"aioseo_notices":[],"_links":{"self":[{"href":"https:\/\/gpdstore.net\/ro\/wp-json\/wp\/v2\/product\/191852","targetHints":{"allow":["GET"]}}],"collection":[{"href":"https:\/\/gpdstore.net\/ro\/wp-json\/wp\/v2\/product"}],"about":[{"href":"https:\/\/gpdstore.net\/ro\/wp-json\/wp\/v2\/types\/product"}],"wp:featuredmedia":[{"embeddable":true,"href":"https:\/\/gpdstore.net\/ro\/wp-json\/wp\/v2\/media\/30512"}],"wp:attachment":[{"href":"https:\/\/gpdstore.net\/ro\/wp-json\/wp\/v2\/media?parent=191852"}],"wp:term":[{"taxonomy":"product_brand","embeddable":true,"href":"https:\/\/gpdstore.net\/ro\/wp-json\/wp\/v2\/product_brand?post=191852"},{"taxonomy":"product_cat","embeddable":true,"href":"https:\/\/gpdstore.net\/ro\/wp-json\/wp\/v2\/product_cat?post=191852"},{"taxonomy":"product_tag","embeddable":true,"href":"https:\/\/gpdstore.net\/ro\/wp-json\/wp\/v2\/product_tag?post=191852"},{"taxonomy":"woo-feed-brand","embeddable":true,"href":"https:\/\/gpdstore.net\/ro\/wp-json\/wp\/v2\/woo-feed-brand?post=191852"}],"curies":[{"name":"wp","href":"https:\/\/api.w.org\/{rel}","templated":true}]}}