{"id":191045,"date":"2023-03-24T18:47:23","date_gmt":"2023-03-24T18:47:23","guid":{"rendered":"https:\/\/gpdstore.net\/fara-categorie\/gpd-win-4-pc-portabil-pentru-jocuri\/"},"modified":"2025-12-23T10:36:56","modified_gmt":"2025-12-23T10:36:56","slug":"gpd-win-4","status":"publish","type":"product","link":"https:\/\/gpdstore.net\/ro\/product\/gpd-win-4\/","title":{"rendered":"GPD WIN 4 PC portabil pentru jocuri"},"content":{"rendered":"\n<p>Dac\u0103 sunte\u021bi un juc\u0103tor avid c\u0103ruia \u00eei place s\u0103 se deplaseze cu jocurile, ve\u021bi fi \u00eenc\u00e2ntat s\u0103 afla\u021bi despre cel mai recent PC portabil pentru jocuri de la GPD, GPD WIN 4. Cu dimensiunea sa compact\u0103 \u0219i specifica\u021biile sale puternice, acest dispozitiv \u00eei va impresiona cu siguran\u021b\u0103 chiar \u0219i pe cei mai exigen\u021bi gameri. <\/p>\n\n<p>Cu doar 22,0 \u00d7 9,2 \u00d7 2,8 cm (8,6 x 3,6 x 1,10 inch) \u0219i c\u00e2nt\u0103rind doar aproximativ 570 g, GPD WIN 4 este incredibil de portabil. Este chiar mai mic dec\u00e2t predecesorul s\u0103u, GPD WIN 3, ceea ce \u00eel face u\u0219or de introdus \u00eentr-o geant\u0103 mic\u0103 sau \u00een buzunarul gecii \u0219i de luat cu dvs. oriunde a\u021bi merge. <\/p>\n\n<p>Una dintre caracteristicile remarcabile ale GPD WIN 4 este procesorul AMD Ryzen 7 6800U cu opt nuclee \u0219i \u0219aisprezece fire de execu\u021bie de p\u00e2n\u0103 la 4,7GHz @ 28W TDP. Acesta, \u00eempreun\u0103 cu procesorul Radeon 680M de p\u00e2n\u0103 la 2,2Ghz, permite redarea f\u0103r\u0103 probleme a celor mai recente jocuri AAA pentru Windows pe acest PC portabil pentru jocuri, la set\u0103ri acceptabile. Indiferent dac\u0103 v\u0103 plac jocurile de tip first-person shooter, jocurile de rol sau simul\u0103rile sportive, GPD WIN 4 are tot ce v\u0103 trebuie.  <\/p>\n\n<p>\u00cen ceea ce prive\u0219te memoria \u0219i stocarea, GPD WIN 4 ofer\u0103 o gam\u0103 de 16GB sau 32GB LPDDR5-6400 MT&#8217;s RAM \u0219i p\u00e2n\u0103 la 2TB de SSD rapid care suport\u0103 p\u00e2n\u0103 la M.2 PCIe 4.0 NVMe 2280 SSD. Acest lucru \u00eenseamn\u0103 c\u0103 ve\u021bi avea suficient spa\u021biu pentru a v\u0103 stoca jocurile \u0219i alte fi\u0219iere, iar cu vitezele fulminante de citire \u0219i scriere ale SSD, nu va trebui s\u0103 a\u0219tepta\u021bi mult pentru \u00eenc\u0103rcarea jocurilor.  <\/p>\n\n<p>De asemenea, GPD WIN 4 dispune de conectivitate wireless rapid\u0103 cu 802.11 a\/b\/g\/n\/ac\/ax WiFi 6 \u0219i Bluetooth 5.2. Iar dac\u0103 sunte\u021bi \u00een mi\u0219care \u0219i ave\u021bi nevoie de acces la internet, pute\u021bi achizi\u021biona un modul ata\u0219abil v\u00e2ndut separat care accept\u0103 cartele nano-sim 4G LTE pentru date mobile. <\/p>\n\n<p>Dispozitivul dispune de un ecran tactil H-IPS de 6 inchi cu o rezolu\u021bie nativ\u0103 de 1920&#215;1080, care suport\u0103 at\u00e2t 40 Hz, c\u00e2t \u0219i 60 Hz pentru rate de cadre configurabile. Acest lucru asigur\u0103 faptul c\u0103 jocurile mai vechi vor rula f\u0103r\u0103 probleme pe GPD WIN 4, f\u0103r\u0103 probleme de rota\u021bie a ecranului care pot ap\u0103rea cu alte dispozitive portabile. <\/p>\n\n<p>GPD WIN 4 ofer\u0103, de asemenea, o schem\u0103 impresionant\u0103 de control \u0219i design care aminte\u0219te de Sony PSP, oferind joystick-uri cu senzor Hall dublu, D-pad \u00een stil clasic \u0219i butoane de declan\u0219are analogice liniare cu iluminare LED. \u00cen plus, exist\u0103 dou\u0103 butoane personalizabile pe partea din spate a dispozitivului, permi\u021b\u00e2ndu-v\u0103 s\u0103 v\u0103 configura\u021bi comenzile dup\u0103 cum dori\u021bi. <\/p>\n\n<p>Dac\u0103 dori\u021bi s\u0103 \u00eempinge\u021bi performan\u021ba GPD WIN 4 \u0219i mai departe, pute\u021bi conecta o plac\u0103 grafic\u0103 extern\u0103 (eGPU) prin portul USB 4 de mare vitez\u0103, care accept\u0103 p\u00e2n\u0103 la 40Gbps. Dispozitivul are, de asemenea, un port USB 3.2 Gen 2 pentru date \u0219i \u00eenc\u0103rcare, precum \u0219i un port USB Type-A pentru periferice suplimentare. <\/p>\n\n<p>Cu o baterie li-polimer de 45,62Wh, GPD WIN 4 poate rezista p\u00e2n\u0103 la 10 ore cu utilizare u\u0219oar\u0103, 3-6 ore cu utilizare moderat\u0103 \u0219i aproximativ 2 ore de utilizare intens\u0103. Acest lucru \u00eenseamn\u0103 c\u0103 v\u0103 pute\u021bi juca jocurile preferate \u00een mi\u0219care, f\u0103r\u0103 s\u0103 v\u0103 face\u021bi griji c\u0103 r\u0103m\u00e2ne\u021bi f\u0103r\u0103 energie. <\/p>\n\n<p>\u00cen concluzie, GPD WIN 4 este o putere de joc foarte portabil\u0103, perfect\u0103 pentru jocuri \u00een mi\u0219care. Fie c\u0103 v\u0103 deplasa\u021bi la serviciu, c\u0103l\u0103tori\u021bi sau pur \u0219i simplu v\u0103 relaxa\u021bi acas\u0103, acest PC portabil pentru jocuri v\u0103 va oferi cu siguran\u021b\u0103 ore \u00eentregi de divertisment. Deci, de ce s\u0103 nu v\u0103 cump\u0103ra\u021bi unul ast\u0103zi \u0219i s\u0103 experimenta\u021bi experien\u021ba AAA de \u00eenalt\u0103 calitate  <\/p>\n","protected":false},"excerpt":{"rendered":"<ul>\n<li><strong>AMD Ryzen 7 6800U<\/strong> \/ AMD Radeon 680M<\/li>\n<li><strong>p\u00e2n\u0103 la 32GB<\/strong> LPDDR5 @ 6400 MT\/s<\/li>\n<li><strong>p\u00e2n\u0103 la 2TB<\/strong> High-Speed PCI-E <strong>M.2<\/strong> 2280 SSD<\/li>\n<li>Afi\u0219aj cu ecran tactil <strong>de 6&#8243; cu tehnologie H-IPS<\/strong> <\/li>\n<li>Suport <strong>WiFi 6<\/strong> \u0219i <strong>Bluetooth 5.2<\/strong>  <\/li>\n<\/ul>\n<p><img fetchpriority=\"high\" decoding=\"async\" src=\"https:\/\/gpdstore.net\/wp-content\/uploads\/2024\/03\/WIN-4-FREE-GIFTS.jpg\" alt=\"\" width=\"2000\" height=\"500\" class=\"alignnone size-full wp-image-4175\" srcset=\"https:\/\/gpdstore.net\/wp-content\/uploads\/2024\/03\/WIN-4-FREE-GIFTS.jpg 2000w, https:\/\/gpdstore.net\/wp-content\/uploads\/2024\/03\/WIN-4-FREE-GIFTS-600x150.jpg 600w, https:\/\/gpdstore.net\/wp-content\/uploads\/2024\/03\/WIN-4-FREE-GIFTS-1200x300.jpg 1200w, https:\/\/gpdstore.net\/wp-content\/uploads\/2024\/03\/WIN-4-FREE-GIFTS-768x192.jpg 768w, https:\/\/gpdstore.net\/wp-content\/uploads\/2024\/03\/WIN-4-FREE-GIFTS-1536x384.jpg 1536w, https:\/\/gpdstore.net\/wp-content\/uploads\/2024\/03\/WIN-4-FREE-GIFTS-360x90.jpg 360w, https:\/\/gpdstore.net\/wp-content\/uploads\/2024\/03\/WIN-4-FREE-GIFTS-990x248.jpg 990w, https:\/\/gpdstore.net\/wp-content\/uploads\/2024\/03\/WIN-4-FREE-GIFTS-441x110.jpg 441w, https:\/\/gpdstore.net\/wp-content\/uploads\/2024\/03\/WIN-4-FREE-GIFTS-150x38.jpg 150w\" sizes=\"(max-width: 2000px) 100vw, 2000px\" \/><\/p>\n[cg_accordion title=\"INFORMA\u021aII PRIVIND PLATA\"]<\/p>\n<p>Utiliz\u0103m cea mai recent\u0103 tehnologie de procesare a pl\u0103\u021bilor, care v\u0103 permite s\u0103 efectua\u021bi plata prin intermediul cardului de debit\/credit sau PayPal pentru o experien\u021b\u0103 rapid\u0103 \u0219i sigur\u0103.[\/cg_accordion]\n[cg_accordion title=\"GARAN\u021aIE\"]<\/p>\n<p>Garan\u021bie de 2 ani de la <a href=\"https:\/\/droix.net\/\" target=\"_blank\" rel=\"nofollow noopener\">DROIX Global<\/a> pentru lini\u0219tea dumneavoastr\u0103[\/cg_accordion]\n[cg_accordion title=\"ASIGURAREA CALIT\u0102\u021aII \u0218I TESTAREA \u00ceNAINTE DE EXPEDIERE\"]<\/p>\n<p>Asigurarea satisfac\u021biei clien\u021bilor la cel mai \u00eenalt standard: Fiecare dispozitiv este supus unor teste riguroase \u0219i unei verific\u0103ri de asigurare a calit\u0103\u021bii \u00een mai multe puncte \u00eenainte de a fi expediat. Echipa noastr\u0103 dedicat\u0103 verific\u0103 performan\u021ba, func\u021bionalitatea \u0219i integritatea componentelor pentru a garanta c\u0103 dispozitivul dvs. GPD este \u00een stare perfect\u0103 de func\u021bionare la sosire, oferindu-v\u0103 \u00eencredere \u0219i lini\u0219te sufleteasc\u0103. [\/cg_accordion]\n[cg_accordion title=\"PRE\u021aURI, TAXE \u0218I TRANSPORT\"]<\/p>\n<p><strong><u>Not\u0103:<\/u><\/strong><\/p>\n<ul>\n<li>Clien\u021bii din Statele Unite ale Americii: Pre\u021bul afi\u0219at NU include TAXE sau taxe vamale. Responsabilitatea de a v\u0103mui \u0219i de a pl\u0103ti orice tax\u0103\/tax\u0103 asociat\u0103 revine clientului. <\/li>\n<li>Clien\u021bii din UE: Pre\u021bul afi\u0219at include TAXA aplicabil\u0103, care poate fi de p\u00e2n\u0103 la 25% \u00een func\u021bie de \u021bara dumneavoastr\u0103.<\/li>\n<li>Clien\u021bii din Canada: Pre\u021bul afi\u0219at include taxele aplicabile, care pot include 5% GST \u0219i taxe de v\u00e2nzare provinciale suplimentare (PST), taxa de v\u00e2nzare armonizat\u0103 (HST) sau taxa de v\u00e2nzare din Quebec (QST), \u00een func\u021bie de provincia dumneavoastr\u0103.<\/li>\n<\/ul>\n<p><strong>Doar pentru clien\u021bii din UE:<\/strong> Express DDP (Delivered Duty Paid). Aceasta \u00eenseamn\u0103 c\u0103: <\/p>\n<ul>\n<li>Toate taxele vamale \u0219i impozitele sunt incluse \u00een pre\u021bul afi\u0219at pe pagina produsului.<\/li>\n<li>Nu va trebui s\u0103 pl\u0103ti\u021bi nicio tax\u0103 suplimentar\u0103 la livrare.<\/li>\n<li>\u00cen cazul rar al unor probleme legate de vam\u0103, echipa noastr\u0103 se va ocupa de procesul de v\u0103muire \u00een numele dvs. pentru a asigura o livrare f\u0103r\u0103 probleme.<\/li>\n<p>Informa\u021bii importante despre retururi:<\/p>\n<li>Dac\u0103 decide\u021bi s\u0103 returna\u021bi comanda sau s\u0103 solicita\u021bi o rambursare, v\u0103 rug\u0103m s\u0103 re\u021bine\u021bi c\u0103 taxele \u0219i impozitele pl\u0103tite \u00een numele dvs. \u00een conformitate cu termenii DDP nu pot fi rambursate.<\/li>\n<p>V\u0103 rug\u0103m s\u0103 consulta\u021bi <a href=\"https:\/\/droix.net\/terms-and-conditions\/\" target=\"_blank\" rel=\"nofollow noopener\">Termenii \u0219i condi\u021biile<\/a> noastre pentru informa\u021bii detaliate.\n<\/ul>\n<p>[\/cg_accordion]\n[cg_accordion title=\"ASISTEN\u021a\u0102 PENTRU CLIEN\u021aI\"]<\/p>\n<p>Ave\u021bi o \u00eentrebare? Suntem la un scurt mesaj distan\u021b\u0103 de rezolvarea problemei tale! <\/p>\n<p>V\u0103 rug\u0103m s\u0103 consulta\u021bi <a href=\"https:\/\/gpdstore.net\/ro\/terms-of-service\/\" target=\"_blank\" rel=\"nofollow noopener\">Termenii \u0219i condi\u021biile<\/a> noastre pentru informa\u021bii detaliate.\n<\/ul>\n<p>[\/cg_accordion]\n[cg_accordion title=\"CE ESTE INCLUS\"]<\/p>\n<ul>\n<li>1x GPD WIN 4<\/li>\n<li>1x adaptor de alimentare<\/li>\n<li>1x cablu USB tip C<\/li>\n<li>1x Manual de utilizare<\/li>\n<\/ul>\n<p>[\/cg_accordion]\n","protected":false},"featured_media":191139,"template":"","meta":{"_acf_changed":false},"product_brand":[],"product_cat":[5809],"product_tag":[7914,17834],"woo-feed-brand":[5812],"class_list":{"0":"post-191045","1":"product","2":"type-product","3":"status-publish","4":"has-post-thumbnail","6":"product_cat-gpd-pc-portabil-pentru-jocuri-ro","7":"product_tag-10gpdsale-ro","8":"product_tag-gpd-win-4-ro","9":"product_shipping_class-premium","10":"pa_bluetooth-5-2-ro","11":"pa_display-type-h-ips-ro","12":"pa_graphics-gpu-model-radeon-680m-ro","13":"pa_i-o-video-prin-1x-usb-4-0-type-c-40gb-s","14":"pa_memory-ram-capacity-16gb-ro-2","15":"pa_memory-ram-capacity-32gb-ro","16":"pa_memory-ram-technology-lpddr5-ro","17":"pa_processor-cpu-model-ryzen-7-6800u","18":"pa_storage-capacity-512gb-ro","19":"pa_storage-capacity-1tb-ro","20":"pa_storage-capacity-2tb-ro","21":"pa_wi-fi-wi-fi-6-ro","22":"woo-feed-brand-gpd-ro","24":"first","25":"outofstock","26":"sale","27":"taxable","28":"shipping-taxable","29":"purchasable","30":"product-type-variable","31":"has-default-attributes"},"acf":[],"aioseo_notices":[],"_links":{"self":[{"href":"https:\/\/gpdstore.net\/ro\/wp-json\/wp\/v2\/product\/191045","targetHints":{"allow":["GET"]}}],"collection":[{"href":"https:\/\/gpdstore.net\/ro\/wp-json\/wp\/v2\/product"}],"about":[{"href":"https:\/\/gpdstore.net\/ro\/wp-json\/wp\/v2\/types\/product"}],"wp:featuredmedia":[{"embeddable":true,"href":"https:\/\/gpdstore.net\/ro\/wp-json\/wp\/v2\/media\/191139"}],"wp:attachment":[{"href":"https:\/\/gpdstore.net\/ro\/wp-json\/wp\/v2\/media?parent=191045"}],"wp:term":[{"taxonomy":"product_brand","embeddable":true,"href":"https:\/\/gpdstore.net\/ro\/wp-json\/wp\/v2\/product_brand?post=191045"},{"taxonomy":"product_cat","embeddable":true,"href":"https:\/\/gpdstore.net\/ro\/wp-json\/wp\/v2\/product_cat?post=191045"},{"taxonomy":"product_tag","embeddable":true,"href":"https:\/\/gpdstore.net\/ro\/wp-json\/wp\/v2\/product_tag?post=191045"},{"taxonomy":"woo-feed-brand","embeddable":true,"href":"https:\/\/gpdstore.net\/ro\/wp-json\/wp\/v2\/woo-feed-brand?post=191045"}],"curies":[{"name":"wp","href":"https:\/\/api.w.org\/{rel}","templated":true}]}}