{"id":187552,"date":"2023-03-24T15:50:53","date_gmt":"2023-03-24T15:50:53","guid":{"rendered":"https:\/\/gpdstore.net\/fara-categorie\/gpd-stylus-4096-pp\/"},"modified":"2025-12-23T10:33:54","modified_gmt":"2025-12-23T10:33:54","slug":"gpd-stylus-4096-pp","status":"publish","type":"product","link":"https:\/\/gpdstore.net\/ro\/product\/gpd-stylus-4096-pp\/","title":{"rendered":"GPD Stylus 4096 PP"},"content":{"rendered":"\n<p>\u00cembun\u0103t\u0103\u021bi\u021bi-v\u0103 jocurile \u0219i productivitatea \u00een mi\u0219care cu Stylus-ul nostru Ultrabook &#8211; special conceput pentru dispozitivele GPD. Stiloul GPD dispune de 4096 de puncte de presiune pentru o introducere precis\u0103 \u0219i natural\u0103, \u00een timp ce culoarea gri elegant\u0103 \u0219i bateria intern\u0103 ofer\u0103 o experien\u021b\u0103 de utilizare premium. Perfect compatibil cu GPD Pocket 3 \u0219i WIN Max 2, stylusul nostru ofer\u0103 un control \u0219i o precizie mai mare pentru jocurile \u0219i aplica\u021biile tale preferate. Fie c\u0103 desenezi, iei noti\u021be sau navighezi pe dispozitiv, stylusul nostru GPD este accesoriul ideal pentru ultrabook-ul t\u0103u. Comanda\u021bi acum pentru a v\u0103 duce productivitatea \u0219i creativitatea la nivelul urm\u0103tor!    <\/p>\n","protected":false},"excerpt":{"rendered":"<ul>\n<li>Compatibil cu <strong>GPD Pocket 3<\/strong> \u0219i <strong>GPD WIN MAX 2<\/strong><\/li>\n<li>Sensibilitate la presiune a stiloului <strong>de 4096 de niveluri<\/strong> <\/li>\n<li>Design <strong>elegant<\/strong>, ergonomic<\/li>\n<li>Baterie <strong>re\u00eenc\u0103rcabil\u0103<\/strong> cu p\u00e2n\u0103 la 10 ore de autonomie<\/li>\n<li>Scrierea memoriilor \u0219i introducerea caracterelor<\/li>\n<\/ul>\n[cg_accordion title=\"INFORMA\u021aII PRIVIND PLATA\"]<\/p>\n<p>Utiliz\u0103m cea mai recent\u0103 tehnologie de procesare a pl\u0103\u021bilor, care v\u0103 permite s\u0103 efectua\u021bi plata prin Apple Pay, Google Pay, cardul dvs. de debit\/credit, PayPal sau metode BNPL precum Klarna, Affirm sau AfterPay pentru o experien\u021b\u0103 rapid\u0103 \u0219i sigur\u0103.[\/cg_accordion]\n[cg_accordion title=\"GARAN\u021aIE\"]<\/p>\n<p>Garan\u021bie de 2 ani de la <a href=\"https:\/\/droix.net\/\" target=\"_blank\" rel=\"nofollow noopener\">DROIX Global<\/a> pentru lini\u0219tea dumneavoastr\u0103[\/cg_accordion]\n[cg_accordion title=\"PRE\u021aURI, TAXE \u0218I TRANSPORT\"]<\/p>\n<p><strong><u>Not\u0103:<\/u><\/strong><\/p>\n<ul>\n<li>Clien\u021bii din Statele Unite ale Americii: Pre\u021bul afi\u0219at NU include TAXE sau taxe vamale. Responsabilitatea de a v\u0103mui \u0219i de a pl\u0103ti orice tax\u0103\/tax\u0103 asociat\u0103 revine clientului. <\/li>\n<li>Clien\u021bii din UE: Pre\u021bul afi\u0219at include TAXA aplicabil\u0103, care poate fi de p\u00e2n\u0103 la 25% \u00een func\u021bie de \u021bara dumneavoastr\u0103.<\/li>\n<li>Clien\u021bii din Canada: Pre\u021bul afi\u0219at include taxele aplicabile, care pot include 5% GST \u0219i taxe de v\u00e2nzare provinciale suplimentare (PST), taxa de v\u00e2nzare armonizat\u0103 (HST) sau taxa de v\u00e2nzare din Quebec (QST), \u00een func\u021bie de provincia dumneavoastr\u0103.<\/li>\n<\/ul>\n<p><strong>Doar pentru clien\u021bii din UE:<\/strong> Express DDP (Delivered Duty Paid). Aceasta \u00eenseamn\u0103 c\u0103: <\/p>\n<ul>\n<li>Toate taxele vamale \u0219i impozitele sunt incluse \u00een pre\u021bul afi\u0219at pe pagina produsului.<\/li>\n<li>Nu va trebui s\u0103 pl\u0103ti\u021bi nicio tax\u0103 suplimentar\u0103 la livrare.<\/li>\n<li>\u00cen cazul rar al unor probleme legate de vam\u0103, echipa noastr\u0103 se va ocupa de procesul de v\u0103muire \u00een numele dvs. pentru a asigura o livrare f\u0103r\u0103 probleme.<\/li>\n<p>Informa\u021bii importante despre retururi:<\/p>\n<li>Dac\u0103 decide\u021bi s\u0103 returna\u021bi comanda sau s\u0103 solicita\u021bi o rambursare, v\u0103 rug\u0103m s\u0103 re\u021bine\u021bi c\u0103 taxele \u0219i impozitele pl\u0103tite \u00een numele dvs. \u00een conformitate cu termenii DDP nu pot fi rambursate.<\/li>\n<p>V\u0103 rug\u0103m s\u0103 consulta\u021bi <a href=\"https:\/\/gpdstore.net\/ro\/terms-of-service\/\" target=\"_blank\" rel=\"nofollow noopener\">Termenii \u0219i condi\u021biile<\/a> noastre pentru informa\u021bii detaliate.\n<\/ul>\n<p>[\/cg_accordion]\n[cg_accordion title=\"ASISTEN\u021a\u0102 PENTRU CLIEN\u021aI\"]<\/p>\n<p>Ave\u021bi o \u00eentrebare? Suntem la un scurt mesaj distan\u021b\u0103 de rezolvarea problemei tale!<br \/>\n[\/cg_accordion]\n[cg_accordion title=\"CE ESTE INCLUS\"]<\/p>\n<ul>\n<li>1x Stylus GPD<\/li>\n<\/ul>\n<p>[\/cg_accordion]\n","protected":false},"featured_media":187557,"template":"","meta":{"_acf_changed":false},"product_brand":[],"product_cat":[5390],"product_tag":[6105],"woo-feed-brand":[5812],"class_list":{"0":"post-187552","1":"product","2":"type-product","3":"status-publish","4":"has-post-thumbnail","6":"product_cat-accesorii","7":"product_tag-gpd-wm2-accesoriu","8":"product_shipping_class-low-end","9":"pa_accessory-type-stylus-ro","10":"pa_brand-gpd","11":"woo-feed-brand-gpd-ro","13":"first","14":"outofstock","15":"sale","16":"taxable","17":"shipping-taxable","18":"purchasable","19":"product-type-simple"},"acf":[],"aioseo_notices":[],"_links":{"self":[{"href":"https:\/\/gpdstore.net\/ro\/wp-json\/wp\/v2\/product\/187552","targetHints":{"allow":["GET"]}}],"collection":[{"href":"https:\/\/gpdstore.net\/ro\/wp-json\/wp\/v2\/product"}],"about":[{"href":"https:\/\/gpdstore.net\/ro\/wp-json\/wp\/v2\/types\/product"}],"wp:featuredmedia":[{"embeddable":true,"href":"https:\/\/gpdstore.net\/ro\/wp-json\/wp\/v2\/media\/187557"}],"wp:attachment":[{"href":"https:\/\/gpdstore.net\/ro\/wp-json\/wp\/v2\/media?parent=187552"}],"wp:term":[{"taxonomy":"product_brand","embeddable":true,"href":"https:\/\/gpdstore.net\/ro\/wp-json\/wp\/v2\/product_brand?post=187552"},{"taxonomy":"product_cat","embeddable":true,"href":"https:\/\/gpdstore.net\/ro\/wp-json\/wp\/v2\/product_cat?post=187552"},{"taxonomy":"product_tag","embeddable":true,"href":"https:\/\/gpdstore.net\/ro\/wp-json\/wp\/v2\/product_tag?post=187552"},{"taxonomy":"woo-feed-brand","embeddable":true,"href":"https:\/\/gpdstore.net\/ro\/wp-json\/wp\/v2\/woo-feed-brand?post=187552"}],"curies":[{"name":"wp","href":"https:\/\/api.w.org\/{rel}","templated":true}]}}