{"id":171231,"date":"2023-11-17T16:30:05","date_gmt":"2023-11-17T16:30:05","guid":{"rendered":"https:\/\/gpdstore.net\/fara-categorie\/gpd-win-max-2-2023-pc-portabil-pentru-jocuri\/"},"modified":"2025-12-19T16:33:27","modified_gmt":"2025-12-19T16:33:27","slug":"gpd-win-max-2-2023","status":"publish","type":"product","link":"https:\/\/gpdstore.net\/ro\/product\/gpd-win-max-2-2023\/","title":{"rendered":"GPD WIN MAX 2 2023 PC portabil pentru jocuri"},"content":{"rendered":"\n<figure class=\"wp-block-video\"><video controls=\"\" muted=\"\" poster=\"https:\/\/gpdstore.net\/wp-content\/uploads\/2024\/03\/q2hzxpbiybborpwbpolh-ezgif.com-webp-to-png-converter.png\" src=\"https:\/\/gpdstore.net\/wp-content\/uploads\/2024\/05\/gpd-win-max-2.mp4\"><\/video><\/figure>\n\n<div class=\"wp-block-columns is-layout-flex wp-container-core-columns-is-layout-28f84493 wp-block-columns-is-layout-flex\">\n<div class=\"wp-block-column is-layout-flow wp-block-column-is-layout-flow\" style=\"flex-basis:33.33%\">\n<figure class=\"wp-block-image size-full\"><img fetchpriority=\"high\" decoding=\"async\" width=\"669\" height=\"582\" src=\"https:\/\/gpdstore.net\/wp-content\/uploads\/2024\/05\/7044098-1.png\" alt=\"gpd win max 2\" class=\"wp-image-1642\" srcset=\"https:\/\/gpdstore.net\/wp-content\/uploads\/2024\/05\/7044098-1.png 669w, https:\/\/gpdstore.net\/wp-content\/uploads\/2024\/05\/7044098-1-150x130.png 150w, https:\/\/gpdstore.net\/wp-content\/uploads\/2024\/05\/7044098-1-600x522.png 600w, https:\/\/gpdstore.net\/wp-content\/uploads\/2024\/05\/7044098-1-441x384.png 441w\" sizes=\"(max-width: 669px) 100vw, 669px\" \/><\/figure>\n<\/div>\n\n\n\n<div class=\"wp-block-column is-layout-flow wp-block-column-is-layout-flow\" style=\"flex-basis:66.66%\">\n<h2 class=\"wp-block-heading\"><strong>GPD WIN MAX 2 2023 Handheld Gaming PC &#8211; AMD Ryzen 7 7840U (Zen 4), 10.1&#8243; 2.5K Display, 64GB RAM, OcuLink Support<\/strong><\/h2>\n\n\n\n<p>Why pay 2025 flagship prices when the GPD WIN MAX 2 2023 remains a top-tier contender? Powered by the legendary AMD Ryzen 7 7840U, this device is the ultimate &#8220;Silicon Sweet Spot&#8221; for gamers and professionals who demand 2.5K resolution and desktop-grade multitasking without the 2025 premium.<\/p>\n<\/div>\n<\/div>\n\n<h2 class=\"wp-block-heading has-text-align-center\">Proiectate pentru excelen\u021b\u0103: Comenzi de precizie, versatilitate profesional\u0103 \u0219i r\u0103cire inteligent\u0103<\/h2>\n\n<div class=\"wp-block-columns is-layout-flex wp-container-core-columns-is-layout-28f84493 wp-block-columns-is-layout-flex\">\n<div class=\"wp-block-column is-layout-flow wp-block-column-is-layout-flow\">\n<figure class=\"wp-block-image size-full\"><img decoding=\"async\" width=\"300\" height=\"300\" src=\"https:\/\/gpdstore.net\/wp-content\/uploads\/2024\/05\/074b1b41-54da-4de3-8a68-9035e22feb91.__CR880899899_PT0_SX300_V1___-1.jpg\" alt=\"&#xEE;ndep&#x103;rtarea butonului pentru gpd win max 2\" class=\"wp-image-1643\" srcset=\"https:\/\/gpdstore.net\/wp-content\/uploads\/2024\/05\/074b1b41-54da-4de3-8a68-9035e22feb91.__CR880899899_PT0_SX300_V1___-1.jpg 300w, https:\/\/gpdstore.net\/wp-content\/uploads\/2024\/05\/074b1b41-54da-4de3-8a68-9035e22feb91.__CR880899899_PT0_SX300_V1___-1-150x150.jpg 150w, https:\/\/gpdstore.net\/wp-content\/uploads\/2024\/05\/074b1b41-54da-4de3-8a68-9035e22feb91.__CR880899899_PT0_SX300_V1___-1-100x100.jpg 100w\" sizes=\"(max-width: 300px) 100vw, 300px\" \/><\/figure>\n\n\n\n<h3 class=\"wp-block-heading\"><strong><strong><strong>Avantajul senzorului Hall:<\/strong> modul \u00een care induc\u021bia magnetic\u0103 elimin\u0103 &#8220;derapajul Stick&#8221; \u0219i uzura fizic\u0103.<\/strong><\/strong><\/h3>\n\n\n\n<p>Batonul cu poten\u021biometru tradi\u021bional care se bazeaz\u0103 pe peria de rezisten\u021b\u0103 pentru a genera semnalul de tensiune este predispus la probleme de \u201ederiv\u0103\u201d cauzate de uzur\u0103 \u00een timpul utiliz\u0103rii pe termen lung. Cu WIN Max 2 2023, am introdus pentru prima dat\u0103 stick-uri cu senzor Hall cu bobine de induc\u021bie \u00eencorporate. Principiul de func\u021bionare al induc\u021biei magnetice (fluxuri magnetice diferite sunt generate atunci c\u00e2nd stick-ul se rote\u0219te \u00een pozi\u021bii diferite, care la r\u00e2ndul lor genereaz\u0103 semnale de tensiune diferite) determin\u0103 faptul c\u0103 stick-urile cu senzor Hall nu se uzeaz\u0103 \u0219i nu se rup \u0219i, prin urmare, nu vor avea problema derap\u0103rii stick-ului<\/p>\n<\/div>\n\n\n\n<div class=\"wp-block-column is-layout-flow wp-block-column-is-layout-flow\">\n<figure class=\"wp-block-image size-full\"><img decoding=\"async\" src=\"https:\/\/gpdstore.net\/wp-content\/uploads\/\" alt=\"capace magnetice pentru gpd\" class=\"wp-image-1645\"\/><\/figure>\n\n\n\n<h3 class=\"wp-block-heading\"><strong><strong><strong><strong>Magnetic Stealth Covers:<\/strong> Hide the joysticks for a clean, professional look in meetings.<\/strong><\/strong><\/strong><\/h3>\n\n\n\n<p>Controlerul de joc \u00eencorporat \u00een PC-ul portabil pentru jocuri \u00eel poate face neadecvat pentru locul de munc\u0103! Pentru a rezolva aceast\u0103 problem\u0103, am ad\u0103ugat dou\u0103 capace de stick pentru WIN Max 2 2023. Designul magnetic asigur\u0103 c\u0103 cele dou\u0103 capace nu vor c\u0103dea atunci c\u00e2nd utiliza\u021bi dispozitivul. Atunci c\u00e2nd juca\u021bi jocuri, pute\u021bi, de asemenea, s\u0103 depozita\u021bi capacele \u00een compartimentul din spate, ceea ce ajut\u0103 la prevenirea pierderii accidentale!<\/p>\n<\/div>\n\n\n\n<div class=\"wp-block-column is-layout-flow wp-block-column-is-layout-flow\">\n<figure class=\"wp-block-image size-full\"><img decoding=\"async\" width=\"300\" height=\"300\" src=\"https:\/\/gpdstore.net\/wp-content\/uploads\/2024\/05\/5f397565-522a-44f6-910c-e7d2cec4ed88.__CR107012291229_PT0_SX300_V1___-1.jpg\" alt=\"r&#x103;cire win max 2\" class=\"wp-image-1646\" srcset=\"https:\/\/gpdstore.net\/wp-content\/uploads\/2024\/05\/5f397565-522a-44f6-910c-e7d2cec4ed88.__CR107012291229_PT0_SX300_V1___-1.jpg 300w, https:\/\/gpdstore.net\/wp-content\/uploads\/2024\/05\/5f397565-522a-44f6-910c-e7d2cec4ed88.__CR107012291229_PT0_SX300_V1___-1-150x150.jpg 150w, https:\/\/gpdstore.net\/wp-content\/uploads\/2024\/05\/5f397565-522a-44f6-910c-e7d2cec4ed88.__CR107012291229_PT0_SX300_V1___-1-100x100.jpg 100w\" sizes=\"(max-width: 300px) 100vw, 300px\" \/><\/figure>\n\n\n\n<h3 class=\"wp-block-heading\"><strong><strong>Hardware avansat:<\/strong> Utilizarea unui turbosuflant\u0103 de \u00eenalt\u0103 performan\u021b\u0103 \u0219i a dou\u0103 conducte de c\u0103ldur\u0103 pentru un flux de aer robust.<\/strong><\/h3>\n\n\n\n<p>GPD WIN MAX 2 2023 vine cu un sistem de r\u0103cire \u00eembun\u0103t\u0103\u021bit pentru PC, cu un turbosuflant\u0103 mare + conducte duble de c\u0103ldur\u0103, care se m\u00e2ndre\u0219te cu un volum mare de suflare lateral\u0103 a aerului \u0219i un control foarte inteligent al vitezei. C\u00e2nd temperatura intern\u0103 este mai mic\u0103 de 40\u00b0C, viteza ventilatorului nu va dep\u0103\u0219i 20% din capacitatea sa maxim\u0103. Atunci c\u00e2nd temperatura intern\u0103 dep\u0103\u0219e\u0219te 40\u00b0C, viteza ventilatorului cre\u0219te \u00een trepte PWM de 2% p\u00e2n\u0103 la atingerea pragului maxim (100%).<\/p>\n<\/div>\n<\/div>\n\n<h3 class=\"wp-block-heading\"><strong>O \u00ceNC\u00c2NTARE VIZUAL\u0102: ECRAN DE CONTROL TACTIL DE 10,1&#8243;<\/strong><\/h3>\n\n<figure class=\"wp-block-image size-large\"><img loading=\"lazy\" decoding=\"async\" width=\"1200\" height=\"782\" src=\"https:\/\/gpdstore.net\/wp-content\/uploads\/2024\/05\/7044066-1-1200x782.png\" alt=\"GPD win max cu PC\" class=\"wp-image-1648\" srcset=\"https:\/\/gpdstore.net\/wp-content\/uploads\/2024\/05\/7044066-1-1200x782.png 1200w, https:\/\/gpdstore.net\/wp-content\/uploads\/2024\/05\/7044066-1-150x98.png 150w, https:\/\/gpdstore.net\/wp-content\/uploads\/2024\/05\/7044066-1-600x391.png 600w, https:\/\/gpdstore.net\/wp-content\/uploads\/2024\/05\/7044066-1-768x501.png 768w, https:\/\/gpdstore.net\/wp-content\/uploads\/2024\/05\/7044066-1-990x645.png 990w, https:\/\/gpdstore.net\/wp-content\/uploads\/2024\/05\/7044066-1-441x287.png 441w, https:\/\/gpdstore.net\/wp-content\/uploads\/2024\/05\/7044066-1.png 1442w\" sizes=\"(max-width: 1200px) 100vw, 1200px\" \/><\/figure>\n\n<p>Preg\u0103ti\u021bi-v\u0103 s\u0103 fi\u021bi uimi\u021bi de ecranul tactil de 10,1&#8243; cu 10 puncte Touch Control al GPD WIN MAX 2 2023. Cu un raport de aspect 16:10 \u0219i o rezolu\u021bie de 1920&#215;1200, acest ecran vibrant ofer\u0103 imagini uimitoare. Suport\u00e2nd rezolu\u021bii de p\u00e2n\u0103 la 2560&#215;1600 \u0219i o densitate a pixelilor de 299 <a href=\"https:\/\/www.displayninja.com\/what-is-pixel-density\/\">PPI<\/a>, fiecare detaliu este net \u0219i clar pentru o experien\u021b\u0103 de joc captivant\u0103.  <\/p>\n\n<h2 class=\"wp-block-heading\"><strong><strong>Zen 4 Performance: The Emulation King<\/strong><\/strong><\/h2>\n\n<p>The 7840U Phoenix architecture remains a fan favorite in 2025 for its incredible efficiency.<\/p>\n\n<p>Native OcuLink: Skip the USB4 bottlenecks. Connect directly to the GPD G1 eGPU for a 4K desktop experience.<\/p>\n\n<p>Pro-Grade Emulation: Native AVX-512 support allows for superior PS3 (RPCS3) and Xbox 360 (Xenia) performance compared to many newer, more expensive handhelds.<\/p>\n\n<p>Software Boosted: Fully compatible with AMD AFMF 2 and FSR 3.1, allowing you to play AAA titles at smooth frame rates on the 10.1&#8243; screen.<\/p>\n\n<h2 class=\"wp-block-heading\"><strong>GRAFIC\u0102 CARE UIME\u0218TE: GPU AMD RADEON 780M<\/strong><\/h2>\n\n<p>Fii uimit de imaginile uimitoare ale GPD WIN MAX 2 2023, datorit\u0103 GPU-ului <a href=\"https:\/\/www.notebookcheck.net\/AMD-Radeon-780M-GPU-Benchmarks-and-Specs.680539.0.html\" target=\"_blank\" rel=\"noreferrer noopener nofollow\">AMD Radeon 780M<\/a>. Aceast\u0103 plac\u0103 grafic\u0103 puternic\u0103 ofer\u0103 rate de cadre fluide \u0219i grafic\u0103 uluitoare pentru o experien\u021b\u0103 de joc uimitoare din punct de vedere vizual.<\/p>\n\n<h2 class=\"wp-block-heading\"><strong>MEMORIE DE NEEGALAT: P\u00c2N\u0102 LA 64GB LPDDR5 RAM<\/strong><\/h2>\n\n<p>GPD WIN MAX 2 2023 este echipat cu memorie RAM <a href=\"https:\/\/en.wikipedia.org\/wiki\/LPDDR\">LPDDR5<\/a> de 6400 MT\/s, care asigur\u0103 timpi rapizi de \u00eenc\u0103rcare, multitasking f\u0103r\u0103 \u00eentreruperi \u0219i un gameplay fluid \u00een scenarii solicitante.<\/p>\n\n<h2 class=\"wp-block-heading\"><strong>SPA\u021aIU DE STOCARE AMPLU: M.2 NVME 2280 SSD 4TB <\/strong><\/h2>\n\n<p>Uita\u021bi de lipsa spa\u021biului de stocare cu SSD-ul spa\u021bios M.2 <a href=\"https:\/\/en.wikipedia.org\/wiki\/NVM_Express#:~:text=NVM%20Express%20(NVMe)%20or%20Non,via%20the%20PCI%20Express%20bus.\">NVME<\/a> 2280 cu o capacitate uria\u0219\u0103 de 4 TB. Ia-\u021bi adio de la \u0219tergerea jocurilor pentru spa\u021biu; cu GPD WIN MAX 2 2023, posibilit\u0103\u021bile sunt nelimitate.<\/p>\n\n<h2 class=\"wp-block-heading\"><strong>R\u0102M\u00c2NE\u021aI CONECTAT: WI-FI 6 \u0218I BLUETOOTH 5.2<\/strong><\/h2>\n\n<p>Conectivitatea este esen\u021bial\u0103 cu <a href=\"https:\/\/www.theverge.com\/2019\/2\/21\/18232026\/wi-fi-6-speed-explained-router-wifi-how-does-work\">WiFi 6<\/a> pentru conexiuni la internet stabile \u0219i rapide ca fulgerul, asigur\u00e2nd experien\u021be de joc online fluide. <a href=\"https:\/\/www.bluetooth.com\/bluetooth-resources\/whats-new-in-core-spec-version-5-2\/\">Bluetooth 5.2<\/a> v\u0103 permite s\u0103 conecta\u021bi periferice wireless pentru o experien\u021b\u0103 de joc cu adev\u0103rat captivant\u0103.<\/p>\n\n<h2 class=\"wp-block-heading\"><strong>CONECTIVITATE F\u0102R\u0102 \u00ceNTRERUPERI: PORTURI VERSATILE<\/strong><\/h2>\n\n<p>GPD WIN MAX 2 2023 dispune de o gam\u0103 larg\u0103 de porturi pentru toate nevoile de gaming \u0219i periferice. Cu 1x USB 4, 1x USB 3.2 Gen 2 Type-C, 2x porturi USB 3.2 Gen 2 Type-A \u0219i un port <a href=\"https:\/\/blog.fosketts.net\/2017\/06\/22\/what-is-oculink\/\" target=\"_blank\" rel=\"noreferrer noopener nofollow\">OCuLink<\/a>(SFF-8612), conecta\u021bi dispozitive externe cu u\u0219urin\u021b\u0103. <\/p>\n\n<h2 class=\"wp-block-heading\"><strong>CARACTERISTICI \u00ceMBUN\u0102T\u0102\u021aITE PENTRU UN CONFORT DE NEEGALAT<\/strong><\/h2>\n\n<p>GPD WIN MAX 2 2023 ofer\u0103 o experien\u021b\u0103 de joc f\u0103r\u0103 \u00eentreruperi cu un senzor de amprent\u0103 pentru deblocarea rapid\u0103 \u0219i sigur\u0103 a dispozitivului. Un Microsoft Precision Touchpad (PTP) asigur\u0103 un control fluid \u0219i precis al cursorului, iar tastatura retroiluminat\u0103 permite jocurile \u00een medii cu iluminare redus\u0103. <\/p>\n\n<h2 class=\"wp-block-heading\"><strong>PUTERE CARE DUREAZ\u0102: DURAT\u0102 DE VIA\u021a\u0102 \u00ceNDELUNGAT\u0102 A BATERIEI<\/strong><\/h2>\n\n<p>Bateria Li-polimer de 67Wh a GPD WIN MAX 2 2023 ofer\u0103 p\u00e2n\u0103 la 3 ore de utilizare intens\u0103, 6-8 ore de utilizare moderat\u0103 \u0219i un num\u0103r impresionant de 14 ore de utilizare u\u0219oar\u0103, asigur\u00e2nd o surs\u0103 de energie fiabil\u0103 \u0219i de lung\u0103 durat\u0103 pentru gameri.<\/p>\n\n<h2 class=\"wp-block-heading\"><strong>DESIGN COMPACT \u0218I U\u0218OR<\/strong><\/h2>\n\n<p>GPD WIN MAX 2 2023 ofer\u0103 performan\u021be puternice \u00eentr-un design compact \u0219i u\u0219or, m\u0103sur\u00e2nd doar 8,9 x 6,2 x 0,9 inci \u0219i c\u00e2nt\u0103rind doar 1005 g. Fabricat cu materiale de \u00eenalt\u0103 calitate, asigur\u0103 durabilitate \u0219i calitate de construc\u021bie pentru jocuri \u00een mi\u0219care. <\/p>\n\n<h2 class=\"wp-block-heading\"><strong>WINDOWS 11 HOME PREINSTALAT<\/strong><\/h2>\n\n<p>GPD WIN MAX 2 2023 vine preinstalat cu <a href=\"https:\/\/www.microsoft.com\/en-gb\/windows\/windows-11\" target=\"_blank\" rel=\"noreferrer noopener nofollow\">Windows 11 Home<\/a>, oferind o experien\u021b\u0103 de joc optimizat\u0103 cu interfa\u021ba sa intuitiv\u0103 \u0219i caracteristici de joc \u00eembun\u0103t\u0103\u021bite.<\/p>\n\n<h2 class=\"wp-block-heading\"><strong>CONCLUZII<\/strong><\/h2>\n\n<p>GPD WIN MAX 2 2023 este cel mai bun PC portabil pentru jocuri, oferind performan\u021be de gaming high-end \u00eentr-un factor de form\u0103 compact. Cu CPU AMD Ryzen 7 7840U sau Ryzen 5 7640U, GPU AMD Radeon 780M \u0219i p\u00e2n\u0103 la 64 GB RAM, acesta asigur\u0103 performan\u021be remarcabile pentru jocurile solicitante. Ecranul de control tactil de 10,1&#8243;, op\u021biunile versatile de conectivitate \u0219i caracteristicile convenabile fac ca jocurile \u00een deplasare s\u0103 fie floare la ureche. Cu o durat\u0103 de via\u021b\u0103 \u00eendelungat\u0103 a bateriei \u0219i un design compact, bucura\u021bi-v\u0103 de jocuri f\u0103r\u0103 limite.   <\/p>\n\n<h3 class=\"wp-block-heading\"><strong>Avantajele GPD WIN MAX 2 2023:<\/strong><\/h3>\n\n<ol class=\"wp-block-list\">\n<li>Powerful Performance: AMD Ryzen 7 7840U CPU and Ryzen 5 7640U with AMD Radeon 780M GPU deliver impressive performance for demanding games.<\/li>\n\n\n\n<li>Compact and Portable: The GPD WIN MAX 2 2023 offers unparalleled portability, making it easy to game on the go.<\/li>\n\n\n\n<li>Stunning Display: The 10.1&#8243; touch control display provides vibrant visuals and a high-resolution experience.<\/li>\n\n\n\n<li>Versatile Connectivity: The GPD WIN MAX 2 2023 offers a range of ports and wireless connectivity options, ensuring seamless integration with peripherals and online gaming experiences.<\/li>\n\n\n\n<li>Ample Storage: The spacious 4TB SSD eliminates the need to constantly delete and reinstall games.<\/li>\n<\/ol>\n\n<h3 class=\"wp-block-heading\">Order Your GPD WIN MAX 2 \u2013 In Stock &amp; Ready to Ship<\/h3>\n\n<p>Get the industry\u2019s most versatile work-and-play hybrid with a full 12-month official warranty.<\/p>\n\n<ul class=\"wp-block-list\">\n<li>Status: In Stock (Ships within 24 hours).<\/li>\n\n\n\n<li>Shipping: Insured worldwide express delivery.<\/li>\n\n\n\n<li>Support: Authorized GPD technical assistance included.<\/li>\n<\/ul>\n\n<p>Citi\u021bi recenzia noastr\u0103 complet\u0103 GPD WIN MAX 2 2023 <a href=\"https:\/\/droix.net\/blogs\/gpd-win-max-2-2023-review\/\">aici<\/a> pentru func\u021bii detaliate, benchmark-uri, gameplay \u0219i performan\u021be de emulare.<\/p>\n","protected":false},"excerpt":{"rendered":"<ul>\n<li>CPU: AMD Ryzen 5 \/ 7<strong> 7640U \/ 7840U <\/strong> <\/li>\n<li>GPU: AMD Radeon<strong> 760M \/ 780M<\/strong><\/li>\n<li>RAM: p\u00e2n\u0103 la<strong> 64GB LPDDR5X @ 6400 MT\/s<\/strong><\/li>\n<li>STOCARE: p\u00e2n\u0103 la<strong> 4TB<\/strong> <strong>Gen 3<\/strong> PCI-E NVMe SSD<\/li>\n<li>CONECTIVITATE: Suport Wi-Fi<strong> 6<\/strong> \u0219i Bluetooth <strong>5.2<\/strong> <\/li>\n<\/ul>\n[cg_accordion title=\"INFORMA\u021aII PRIVIND PLATA\"]<\/p>\n<p>Utiliz\u0103m cea mai recent\u0103 tehnologie de procesare a pl\u0103\u021bilor, care v\u0103 permite s\u0103 efectua\u021bi plata prin intermediul cardului de debit\/credit sau PayPal pentru o experien\u021b\u0103 rapid\u0103 \u0219i sigur\u0103.[\/cg_accordion]\n[cg_accordion title=\"GARAN\u021aIE\"]<\/p>\n<p>Garan\u021bie de 2 ani de la <a href=\"https:\/\/droix.net\/\" target=\"_blank\" rel=\"nofollow noopener\">DROIX Global<\/a> pentru lini\u0219tea dumneavoastr\u0103[\/cg_accordion]\n[cg_accordion title=\"ASIGURAREA CALIT\u0102\u021aII \u0218I TESTAREA \u00ceNAINTE DE EXPEDIERE\"]<\/p>\n<p>Asigurarea satisfac\u021biei clien\u021bilor la cel mai \u00eenalt standard: Fiecare dispozitiv este supus unor teste riguroase \u0219i unei verific\u0103ri de asigurare a calit\u0103\u021bii \u00een mai multe puncte \u00eenainte de a fi expediat. Echipa noastr\u0103 dedicat\u0103 verific\u0103 performan\u021ba, func\u021bionalitatea \u0219i integritatea componentelor pentru a garanta c\u0103 dispozitivul dvs. GPD este \u00een stare perfect\u0103 de func\u021bionare la sosire, oferindu-v\u0103 \u00eencredere \u0219i lini\u0219te sufleteasc\u0103. [\/cg_accordion]\n[cg_accordion title=\"PRE\u021aURI, TAXE \u0218I TRANSPORT\"]<\/p>\n<p><strong><u>Not\u0103:<\/u><\/strong><\/p>\n<ul>\n<li>Clien\u021bii din Statele Unite ale Americii: Pre\u021bul afi\u0219at NU include TAXE sau taxe vamale. Responsabilitatea de a v\u0103mui \u0219i de a pl\u0103ti orice tax\u0103\/tax\u0103 asociat\u0103 revine clientului. <\/li>\n<li>Clien\u021bii din UE: Pre\u021bul afi\u0219at include TAXA aplicabil\u0103, care poate fi de p\u00e2n\u0103 la 25% \u00een func\u021bie de \u021bara dumneavoastr\u0103.<\/li>\n<li>Clien\u021bii din Canada: Pre\u021bul afi\u0219at include taxele aplicabile, care pot include 5% GST \u0219i taxe de v\u00e2nzare provinciale suplimentare (PST), taxa de v\u00e2nzare armonizat\u0103 (HST) sau taxa de v\u00e2nzare din Quebec (QST), \u00een func\u021bie de provincia dumneavoastr\u0103.<\/li>\n<\/ul>\n<p><strong>Doar pentru clien\u021bii din UE:<\/strong> Express DDP (Delivered Duty Paid). Aceasta \u00eenseamn\u0103 c\u0103: <\/p>\n<ul>\n<li>Toate taxele vamale \u0219i impozitele sunt incluse \u00een pre\u021bul afi\u0219at pe pagina produsului.<\/li>\n<li>Nu va trebui s\u0103 pl\u0103ti\u021bi nicio tax\u0103 suplimentar\u0103 la livrare.<\/li>\n<li>\u00cen cazul rar al unor probleme legate de vam\u0103, echipa noastr\u0103 se va ocupa de procesul de v\u0103muire \u00een numele dvs. pentru a asigura o livrare f\u0103r\u0103 probleme.<\/li>\n<p>Informa\u021bii importante despre retururi:<\/p>\n<li>Dac\u0103 decide\u021bi s\u0103 returna\u021bi comanda sau s\u0103 solicita\u021bi o rambursare, v\u0103 rug\u0103m s\u0103 re\u021bine\u021bi c\u0103 taxele \u0219i impozitele pl\u0103tite \u00een numele dvs. \u00een conformitate cu termenii DDP nu pot fi rambursate.<\/li>\n<p>V\u0103 rug\u0103m s\u0103 consulta\u021bi <a href=\"https:\/\/droix.net\/terms-and-conditions\/\" target=\"_blank\" rel=\"nofollow noopener\">Termenii \u0219i condi\u021biile<\/a> noastre pentru informa\u021bii detaliate.\n<\/ul>\n<p>[\/cg_accordion]\n[cg_accordion title=\"ASISTEN\u021a\u0102 PENTRU CLIEN\u021aI\"]<\/p>\n<p>Ave\u021bi o \u00eentrebare? Suntem la un scurt mesaj distan\u021b\u0103 de rezolvarea problemei tale! <\/p>\n<p>V\u0103 rug\u0103m s\u0103 consulta\u021bi <a href=\"https:\/\/gpdstore.net\/ro\/terms-of-service\/\" target=\"_blank\" rel=\"nofollow noopener\">Termenii \u0219i condi\u021biile<\/a> noastre pentru informa\u021bii detaliate.\n<\/ul>\n<p>[\/cg_accordion]\n[cg_accordion title=\"CE ESTE INCLUS\"]<\/p>\n<ul>\n<li>1x GPD WIN MAX 2 2023<\/li>\n<li>1x adaptor de alimentare<\/li>\n<li>1x cablu USB tip C<\/li>\n<li>1x Manual de utilizare<\/li>\n<\/ul>\n<p>[\/cg_accordion]\n","protected":false},"featured_media":171531,"template":"","meta":{"_acf_changed":false},"product_brand":[],"product_cat":[5809],"product_tag":[15929,17865],"woo-feed-brand":[5812],"class_list":{"0":"post-171231","1":"product","2":"type-product","3":"status-publish","4":"has-post-thumbnail","6":"product_cat-gpd-pc-portabil-pentru-jocuri-ro","7":"product_tag-15xmsale-ro","8":"product_tag-gpd-win-max-2-ro","9":"product_shipping_class-premium","10":"pa_bluetooth-5-2-ro","11":"pa_brand-gpd","12":"pa_graphics-gpu-model-grafica-intel-iris-xe-ro","13":"pa_graphics-gpu-model-radeon-760m-ro","14":"pa_i-o-video-1x-hdmi-2-1-ro","15":"pa_i-o-video-1x-oculink-ro-2","16":"pa_i-o-video-prin-1x-usb-4-0-type-c-40gb-s","17":"pa_memory-ram-capacity-16gb-ro-2","18":"pa_memory-ram-capacity-32gb-ro","19":"pa_memory-ram-capacity-64gb-ro","20":"pa_memory-ram-technology-lpddr5x-ro","21":"pa_processor-cpu-model-amd-ryzen-5-7640u","22":"pa_processor-cpu-model-amd-ryzen-7-7840u","23":"pa_storage-capacity-1tb-ro","24":"pa_storage-capacity-2tb-ro","25":"pa_storage-capacity-4tb-ro","26":"pa_storage-technology-pcie-gen-3-ro","27":"pa_wi-fi-wi-fi-6-ro","28":"woo-feed-brand-gpd-ro","30":"first","31":"outofstock","32":"sale","33":"taxable","34":"shipping-taxable","35":"purchasable","36":"product-type-variable","37":"has-default-attributes"},"acf":[],"aioseo_notices":[],"_links":{"self":[{"href":"https:\/\/gpdstore.net\/ro\/wp-json\/wp\/v2\/product\/171231","targetHints":{"allow":["GET"]}}],"collection":[{"href":"https:\/\/gpdstore.net\/ro\/wp-json\/wp\/v2\/product"}],"about":[{"href":"https:\/\/gpdstore.net\/ro\/wp-json\/wp\/v2\/types\/product"}],"wp:featuredmedia":[{"embeddable":true,"href":"https:\/\/gpdstore.net\/ro\/wp-json\/wp\/v2\/media\/171531"}],"wp:attachment":[{"href":"https:\/\/gpdstore.net\/ro\/wp-json\/wp\/v2\/media?parent=171231"}],"wp:term":[{"taxonomy":"product_brand","embeddable":true,"href":"https:\/\/gpdstore.net\/ro\/wp-json\/wp\/v2\/product_brand?post=171231"},{"taxonomy":"product_cat","embeddable":true,"href":"https:\/\/gpdstore.net\/ro\/wp-json\/wp\/v2\/product_cat?post=171231"},{"taxonomy":"product_tag","embeddable":true,"href":"https:\/\/gpdstore.net\/ro\/wp-json\/wp\/v2\/product_tag?post=171231"},{"taxonomy":"woo-feed-brand","embeddable":true,"href":"https:\/\/gpdstore.net\/ro\/wp-json\/wp\/v2\/woo-feed-brand?post=171231"}],"curies":[{"name":"wp","href":"https:\/\/api.w.org\/{rel}","templated":true}]}}