{"id":134962,"date":"2024-01-23T13:57:51","date_gmt":"2024-01-23T13:57:51","guid":{"rendered":"https:\/\/gpdstore.net\/fara-categorie\/cablu-usb-4-0-tip-c\/"},"modified":"2025-12-23T10:23:17","modified_gmt":"2025-12-23T10:23:17","slug":"usb-4-0-type-c-cable","status":"publish","type":"product","link":"https:\/\/gpdstore.net\/ro\/product\/usb-4-0-type-c-cable\/","title":{"rendered":"Cablu USB 4.0 tip C"},"content":{"rendered":"\n<h3 class=\"wp-block-heading\"><strong>\u00cembun\u0103t\u0103\u021bi\u021bi conectivitatea cu cablul nostru de ultim\u0103 genera\u021bie USB 4.0 Type-C<\/strong><br\/><strong>Explora\u021bi puterea conectivit\u0103\u021bii f\u0103r\u0103 sudur\u0103<\/strong><\/h3>\n\n<h4 class=\"wp-block-heading\"><strong>Dezl\u0103n\u021bui\u021bi poten\u021bialul datelor<\/strong><\/h4>\n\n<p>Dezl\u0103n\u021bui\u021bi poten\u021bialul datelor cu cablul nostru revolu\u021bionar USB 4.0 Type-C. Cu o vitez\u0103 impresionant\u0103 de transfer de date de 40Gbps, acesta asigur\u0103 transferuri rapide de fi\u0219iere, elimin\u00e2nd complica\u021biile transmisiilor \u00eent\u00e2rziate. <\/p>\n\n<h4 class=\"wp-block-heading\"><strong>Compatibilitate preg\u0103tit\u0103 pentru viitor<\/strong><\/h4>\n\n<p>R\u0103m\u00e2ne\u021bi \u00een fruntea tehnologiei cu compatibilitatea cablului nostru cu Thunderbolt 3 \u0219i 4. Acest lucru garanteaz\u0103 integrarea f\u0103r\u0103 probleme cu cele mai recente dispozitive, asigur\u00e2nd c\u0103 solu\u021bia dvs. de conectivitate r\u0103m\u00e2ne la zi \u0219i \u00een viitor. <\/p>\n\n<h4 class=\"wp-block-heading\"><strong>Livrare de energie de neegalat<\/strong><\/h4>\n\n<p>Experimenta\u021bi capacit\u0103\u021bile de livrare a energiei de nivel superior cu cablul nostru USB 4.0 Type-C, care ofer\u0103 o putere excep\u021bional\u0103 de 240 W. Acest lucru se traduce printr-o \u00eenc\u0103rcare mai rapid\u0103 \u0219i o durat\u0103 de func\u021bionare extins\u0103 a dispozitivului, permi\u021b\u00e2nd o conectivitate ne\u00eentrerupt\u0103. <\/p>\n\n<h4 class=\"wp-block-heading\"><strong>Imersiune \u00een fidelitatea vizual\u0103 excep\u021bional\u0103<\/strong><\/h4>\n\n<p>Cufund\u0103-te \u00eentr-o lume de o claritate uimitoare cu suport pentru p\u00e2n\u0103 la 8K la 60Hz. Fiecare detaliu prinde via\u021b\u0103 cu o precizie remarcabil\u0103, adres\u00e2ndu-se creatorilor de con\u021binut de \u00eenalt\u0103 rezolu\u021bie, gamerilor \u0219i entuzia\u0219tilor divertismentului. <\/p>\n\n<h4 class=\"wp-block-heading\"><strong>Ecran inovator de utilizare a energiei<\/strong><\/h4>\n\n<p>R\u0103m\u00e2ne\u021bi informat cu privire la consumul de energie cu ajutorul ecranului integrat pe conectorul USB, care ofer\u0103 informa\u021bii \u00een timp real despre utilizarea energiei. Monitoriza\u021bi utilizarea energiei de c\u0103tre dispozitivele dvs. pentru o experien\u021b\u0103 de \u00eenc\u0103rcare mai eficient\u0103 \u0219i mai controlat\u0103. <\/p>\n\n<h4 class=\"wp-block-heading\"><strong>Solu\u021bii personalizate pentru cerin\u021bele dumneavoastr\u0103<\/strong><\/h4>\n\n<p>Selecta\u021bi lungimea care se potrive\u0219te cel mai bine configura\u021biei dvs., op\u021biunile incluz\u00e2nd cablul standard de 0,8 m \u0219i 1,5 m sau cablul \u00een form\u0103 de L, disponibil \u0219i \u00een variantele de 0,8 m \u0219i 1,5 m. Fie c\u0103 acorda\u021bi prioritate flexibilit\u0103\u021bii sau ave\u021bi nevoie de o solu\u021bie care s\u0103 economiseasc\u0103 spa\u021biu, cablul nostru USB 4.0 Type-C r\u0103spunde nevoilor dvs. de conectivitate. <\/p>\n\n<h4 class=\"wp-block-heading\"><strong>Experimenta\u021bi conectivitatea f\u0103r\u0103 compromisuri<\/strong><\/h4>\n\n<p>Realizat cu precizie \u0219i expertiz\u0103, cablul nostru USB 4.0 Type-C este cel mai bun companion pentru pasiona\u021bii de tehnologie, profesioni\u0219tii creativi \u0219i utilizatorii obi\u0219nui\u021bi care cer excelen\u021b\u0103 \u00een solu\u021biile lor de conectivitate. \u00cembr\u0103\u021bi\u0219a\u021bi o lume a posibilit\u0103\u021bilor nelimitate cu cablul USB 4.0 Type-C. <\/p>\n","protected":false},"excerpt":{"rendered":"<ul>\n<li>Viteza de transfer a datelor <strong>40Gbps<\/strong> <\/li>\n<li>Thunderbolt <strong>3<\/strong> &amp; <strong>4<\/strong><\/li>\n<li>P\u00e2n\u0103 la <strong>240W<\/strong> Power Delivery<\/li>\n<li>Suport\u0103 ie\u0219ire video de p\u00e2n\u0103 la <strong>8K @ 60Hz<\/strong> <\/li>\n<li><strong>Afi\u0219aj de putere<\/strong> \u00eencorporat<\/li>\n<\/ul>\n[cg_accordion title=\"INFORMA\u021aII PRIVIND PLATA\"]<\/p>\n<p>Utiliz\u0103m cea mai recent\u0103 tehnologie de procesare a pl\u0103\u021bilor, care v\u0103 permite s\u0103 efectua\u021bi plata prin intermediul cardului de debit\/credit sau PayPal pentru o experien\u021b\u0103 rapid\u0103 \u0219i sigur\u0103.[\/cg_accordion]\n[cg_accordion title=\"GARAN\u021aIE\"]<\/p>\n<p>Garan\u021bie de 2 ani de la <a href=\"https:\/\/droix.net\/\" target=\"_blank\" rel=\"nofollow noopener\">DROIX Global<\/a> pentru lini\u0219tea dumneavoastr\u0103[\/cg_accordion]\n[cg_accordion title=\"PRE\u021aURI, TAXE \u0218I TRANSPORT\"]<\/p>\n<p><strong><u>Not\u0103:<\/u><\/strong><\/p>\n<ul>\n<li>Clien\u021bii din Statele Unite ale Americii: Pre\u021bul afi\u0219at NU include TAXE sau taxe vamale. Responsabilitatea de a v\u0103mui \u0219i de a pl\u0103ti orice tax\u0103\/tax\u0103 asociat\u0103 revine clientului. <\/li>\n<li>Clien\u021bii din UE: Pre\u021bul afi\u0219at include TAXA aplicabil\u0103, care poate fi de p\u00e2n\u0103 la 25% \u00een func\u021bie de \u021bara dumneavoastr\u0103.<\/li>\n<li>Clien\u021bii din Canada: Pre\u021bul afi\u0219at include taxele aplicabile, care pot include 5% GST \u0219i taxe de v\u00e2nzare provinciale suplimentare (PST), taxa de v\u00e2nzare armonizat\u0103 (HST) sau taxa de v\u00e2nzare din Quebec (QST), \u00een func\u021bie de provincia dumneavoastr\u0103.<\/li>\n<\/ul>\n<p><strong>Doar pentru clien\u021bii din UE:<\/strong> Express DDP (Delivered Duty Paid). Aceasta \u00eenseamn\u0103 c\u0103: <\/p>\n<ul>\n<li>Toate taxele vamale \u0219i impozitele sunt incluse \u00een pre\u021bul afi\u0219at pe pagina produsului.<\/li>\n<li>Nu va trebui s\u0103 pl\u0103ti\u021bi nicio tax\u0103 suplimentar\u0103 la livrare.<\/li>\n<li>\u00cen cazul rar al unor probleme legate de vam\u0103, echipa noastr\u0103 se va ocupa de procesul de v\u0103muire \u00een numele dvs. pentru a asigura o livrare f\u0103r\u0103 probleme.<\/li>\n<p>Informa\u021bii importante despre retururi:<\/p>\n<li>Dac\u0103 decide\u021bi s\u0103 returna\u021bi comanda sau s\u0103 solicita\u021bi o rambursare, v\u0103 rug\u0103m s\u0103 re\u021bine\u021bi c\u0103 taxele \u0219i impozitele pl\u0103tite \u00een numele dvs. \u00een conformitate cu termenii DDP nu pot fi rambursate.<\/li>\n<p>V\u0103 rug\u0103m s\u0103 consulta\u021bi <a href=\"https:\/\/droix.net\/terms-and-conditions\/\" target=\"_blank\" rel=\"nofollow noopener\">Termenii \u0219i condi\u021biile<\/a> noastre pentru informa\u021bii detaliate.\n<\/ul>\n<p>[\/cg_accordion]\n[cg_accordion title=\"ASISTEN\u021a\u0102 PENTRU CLIEN\u021aI\"]<\/p>\n<p>Ave\u021bi o \u00eentrebare? Suntem la un scurt mesaj distan\u021b\u0103 de rezolvarea problemei tale! <\/p>\n<p>V\u0103 rug\u0103m s\u0103 consulta\u021bi <a href=\"https:\/\/gpdstore.net\/ro\/terms-of-service\/\" target=\"_blank\" rel=\"nofollow noopener\">Termenii \u0219i condi\u021biile<\/a> noastre pentru informa\u021bii detaliate.\n<\/ul>\n<p>[\/cg_accordion]\n[cg_accordion title=\"CE ESTE INCLUS\"]<\/p>\n<ul>\n<li>1x cablu USB 4.0 tip C<\/li>\n<\/ul>\n<p>[\/cg_accordion]\n","protected":false},"featured_media":135135,"template":"","meta":{"_acf_changed":false},"product_brand":[],"product_cat":[5390],"product_tag":[12586,7270],"woo-feed-brand":[5447],"class_list":{"0":"post-134962","1":"product","2":"type-product","3":"status-publish","4":"has-post-thumbnail","6":"product_cat-accesorii","7":"product_tag-40bfsale-ro","8":"product_tag-general-accesoriu","9":"product_shipping_class-low-end","10":"pa_accessory-type-cablu","11":"pa_i-o-video-1x-prin-usb-4-0-tip-c-dp-8k60hz","12":"woo-feed-brand-droix-ro","14":"first","15":"outofstock","16":"sale","17":"taxable","18":"shipping-taxable","19":"purchasable","20":"product-type-variable","21":"has-default-attributes"},"acf":[],"aioseo_notices":[],"_links":{"self":[{"href":"https:\/\/gpdstore.net\/ro\/wp-json\/wp\/v2\/product\/134962","targetHints":{"allow":["GET"]}}],"collection":[{"href":"https:\/\/gpdstore.net\/ro\/wp-json\/wp\/v2\/product"}],"about":[{"href":"https:\/\/gpdstore.net\/ro\/wp-json\/wp\/v2\/types\/product"}],"wp:featuredmedia":[{"embeddable":true,"href":"https:\/\/gpdstore.net\/ro\/wp-json\/wp\/v2\/media\/135135"}],"wp:attachment":[{"href":"https:\/\/gpdstore.net\/ro\/wp-json\/wp\/v2\/media?parent=134962"}],"wp:term":[{"taxonomy":"product_brand","embeddable":true,"href":"https:\/\/gpdstore.net\/ro\/wp-json\/wp\/v2\/product_brand?post=134962"},{"taxonomy":"product_cat","embeddable":true,"href":"https:\/\/gpdstore.net\/ro\/wp-json\/wp\/v2\/product_cat?post=134962"},{"taxonomy":"product_tag","embeddable":true,"href":"https:\/\/gpdstore.net\/ro\/wp-json\/wp\/v2\/product_tag?post=134962"},{"taxonomy":"woo-feed-brand","embeddable":true,"href":"https:\/\/gpdstore.net\/ro\/wp-json\/wp\/v2\/woo-feed-brand?post=134962"}],"curies":[{"name":"wp","href":"https:\/\/api.w.org\/{rel}","templated":true}]}}