{"id":132770,"date":"2024-01-23T15:11:56","date_gmt":"2024-01-23T15:11:56","guid":{"rendered":"https:\/\/gpdstore.net\/fara-categorie\/gripuri-gpd-win-mini\/"},"modified":"2025-12-23T10:22:06","modified_gmt":"2025-12-23T10:22:06","slug":"gpd-win-mini-grips","status":"publish","type":"product","link":"https:\/\/gpdstore.net\/ro\/product\/gpd-win-mini-grips\/","title":{"rendered":"GPD WIN M\u00e2nere mini"},"content":{"rendered":"\n<p><strong>GPD WIN Mini Grips &#8211; \u00cembun\u0103t\u0103\u021be\u0219te-\u021bi experien\u021ba de joc<\/strong> <\/p>\n\n<p>\u00cembun\u0103t\u0103\u021be\u0219te-\u021bi nivelul GPD WIN Mini cu m\u00e2nerele oficiale GPD WIN Mini. Pe l\u00e2ng\u0103 faptul c\u0103 ofer\u0103 o prindere mai bun\u0103 pe GPD WIN Mini, acestea pot face ca GPD WIN Mini s\u0103 arate un pic mai elegant. <\/p>\n","protected":false},"excerpt":{"rendered":"<ul>\n<li>Oficial GPD WIN Mini Grips<\/li>\n<li>Asigurarea unei \u021binute superioare<\/li>\n<li>Confort pentru sesiuni prelungite<\/li>\n<li>Instalare \u0219i demontare u\u0219oar\u0103<\/li>\n<li>Totul inclus; \u0218uruburi, \u0219urubelni\u021b\u0103 \u0219i m\u00e2nere<\/li>\n<\/ul>\n<p> [cg_accordion title=\"INFORMA\u021aII PRIVIND PLATA\"] Utiliz\u0103m cea mai recent\u0103 tehnologie \u00een procesarea pl\u0103\u021bilor, care v\u0103 permite s\u0103 efectua\u021bi plata prin Apple Pay, Google Pay, cardul de debit\/credit, PayPal sau metode BNPL precum Klarna, Affirm sau AfterPay pentru o experien\u021b\u0103 rapid\u0103 \u0219i sigur\u0103.[\/cg_accordion] [cg_accordion title=\"GARAN\u021aIE\"] Garan\u021bie de 2 ani de la <a href=\"https:\/\/droix.net\/\" target=\"_blank\" rel=\"nofollow noopener\">DROIX Global<\/a> pentru lini\u0219tea dvs.[\/cg_accordion] [cg_accordion title=\"PRICING, TAXES AND SHIPPING\"] <strong><u>Not\u0103:<\/u><\/strong><\/p>\n<ul>\n<li>Clien\u021bii din Statele Unite ale Americii: Pre\u021bul afi\u0219at NU include TAXE sau taxe vamale. Responsabilitatea de a v\u0103mui \u0219i de a pl\u0103ti orice tax\u0103\/tax\u0103 asociat\u0103 revine clientului. <\/li>\n<li>Clien\u021bii din UE: Pre\u021bul afi\u0219at include TAXA aplicabil\u0103, care poate fi de p\u00e2n\u0103 la 25% \u00een func\u021bie de \u021bara dumneavoastr\u0103.<\/li>\n<li>Clien\u021bii din Canada: Pre\u021bul afi\u0219at include taxele aplicabile, care pot include 5% GST \u0219i taxe de v\u00e2nzare provinciale suplimentare (PST), taxa de v\u00e2nzare armonizat\u0103 (HST) sau taxa de v\u00e2nzare din Quebec (QST), \u00een func\u021bie de provincia dumneavoastr\u0103.<\/li>\n<\/ul>\n<p><strong>Doar pentru clien\u021bii din UE:<\/strong> Express DDP (Delivered Duty Paid). Aceasta \u00eenseamn\u0103 c\u0103: <\/p>\n<ul>\n<li style=\"list-style-type: none;\">\n<ul>\n<li>Toate taxele vamale \u0219i impozitele sunt incluse \u00een pre\u021bul afi\u0219at pe pagina produsului.<\/li>\n<li>Nu va trebui s\u0103 pl\u0103ti\u021bi nicio tax\u0103 suplimentar\u0103 la livrare.<\/li>\n<li>\u00cen cazul rar al unor probleme legate de vam\u0103, echipa noastr\u0103 se va ocupa de procesul de v\u0103muire \u00een numele dvs. pentru a asigura o livrare f\u0103r\u0103 probleme.<\/li>\n<p>Informa\u021bii importante despre retururi:<\/p>\n<li>Dac\u0103 decide\u021bi s\u0103 returna\u021bi comanda sau s\u0103 solicita\u021bi o rambursare, v\u0103 rug\u0103m s\u0103 re\u021bine\u021bi c\u0103 taxele \u0219i impozitele pl\u0103tite \u00een numele dvs. \u00een conformitate cu termenii DDP nu pot fi rambursate.<\/li>\n<p>V\u0103 rug\u0103m s\u0103 consulta\u021bi site-ul nostru<\/ul>\n<\/li>\n<\/ul>\n<p><a href=\"https:\/\/gpdstore.net\/ro\/terms-of-service\/\" target=\"_blank\" rel=\"nofollow noopener\">Termeni \u0219i condi\u021bii<\/a><\/p>\n<ul>pentru informa\u021bii detaliate.<\/ul>\n<p>[\/cg_accordion] [cg_accordion title=\"ASISTEN\u021a\u0102 PENTRU CLIEN\u021aI\"]  Ave\u021bi o \u00eentrebare? Suntem la un scurt mesaj distan\u021b\u0103 de rezolvarea problemei tale!   [\/cg_accordion] [cg_accordion title=\"WHAT'S INCLUDED\"]<\/p>\n<ul>\n<li>1x GPD WIN Mini Grips<\/li>\n<\/ul>\n<p>[\/cg_accordion]<\/p>\n","protected":false},"featured_media":132806,"template":"","meta":{"_acf_changed":false},"product_brand":[],"product_cat":[5390],"product_tag":[12474,7186],"woo-feed-brand":[5812],"class_list":{"0":"post-132770","1":"product","2":"type-product","3":"status-publish","4":"has-post-thumbnail","6":"product_cat-accesorii","7":"product_tag-25bfsale-ro","8":"product_tag-gpd-win-mini-accesoriu","9":"product_shipping_class-standard","11":"pa_accessory-type-prindere","12":"pa_brand-gpd","13":"woo-feed-brand-gpd-ro","15":"first","16":"outofstock","17":"sale","18":"taxable","19":"shipping-taxable","20":"purchasable","21":"product-type-variable","22":"has-default-attributes"},"acf":[],"aioseo_notices":[],"_links":{"self":[{"href":"https:\/\/gpdstore.net\/ro\/wp-json\/wp\/v2\/product\/132770","targetHints":{"allow":["GET"]}}],"collection":[{"href":"https:\/\/gpdstore.net\/ro\/wp-json\/wp\/v2\/product"}],"about":[{"href":"https:\/\/gpdstore.net\/ro\/wp-json\/wp\/v2\/types\/product"}],"wp:featuredmedia":[{"embeddable":true,"href":"https:\/\/gpdstore.net\/ro\/wp-json\/wp\/v2\/media\/132806"}],"wp:attachment":[{"href":"https:\/\/gpdstore.net\/ro\/wp-json\/wp\/v2\/media?parent=132770"}],"wp:term":[{"taxonomy":"product_brand","embeddable":true,"href":"https:\/\/gpdstore.net\/ro\/wp-json\/wp\/v2\/product_brand?post=132770"},{"taxonomy":"product_cat","embeddable":true,"href":"https:\/\/gpdstore.net\/ro\/wp-json\/wp\/v2\/product_cat?post=132770"},{"taxonomy":"product_tag","embeddable":true,"href":"https:\/\/gpdstore.net\/ro\/wp-json\/wp\/v2\/product_tag?post=132770"},{"taxonomy":"woo-feed-brand","embeddable":true,"href":"https:\/\/gpdstore.net\/ro\/wp-json\/wp\/v2\/woo-feed-brand?post=132770"}],"curies":[{"name":"wp","href":"https:\/\/api.w.org\/{rel}","templated":true}]}}