{"id":128219,"date":"2024-08-22T08:22:33","date_gmt":"2024-08-22T08:22:33","guid":{"rendered":"https:\/\/gpdstore.net\/fara-categorie\/gpd-p2-max-2022-mini-laptop\/"},"modified":"2025-12-23T10:07:46","modified_gmt":"2025-12-23T10:07:46","slug":"gpd-p2-max-2022-mini-laptop","status":"publish","type":"product","link":"https:\/\/gpdstore.net\/ro\/product\/gpd-p2-max-2022-mini-laptop\/","title":{"rendered":"GPD P2 Max 2022 Mini laptop"},"content":{"rendered":"\n<figure class=\"wp-block-image aligncenter\"><a href=\"https:\/\/droix.net\/wp-content\/uploads\/2022\/01\/GPD-P2-MAX-2022-MARKETING-IMAGE-1.png\"><img decoding=\"async\" src=\"https:\/\/droix.net\/wp-content\/uploads\/2022\/01\/GPD-P2-MAX-2022-MARKETING-IMAGE-1.png\" alt=\"GPD P2 Max 2022 Ultrabook cu stylus\" class=\"wp-image-10581\"\/><\/a><\/figure>\n\n<figure class=\"wp-block-image aligncenter\"><a href=\"https:\/\/droix.net\/wp-content\/uploads\/2022\/01\/GPD-P2-MAX-2022-MARKETING-IMAGE-2.png\"><img decoding=\"async\" src=\"https:\/\/droix.net\/wp-content\/uploads\/2022\/01\/GPD-P2-MAX-2022-MARKETING-IMAGE-2.png\" alt=\"GPD P2 Max 2022 Ultrabook cu tastatur&#x103;\" class=\"wp-image-10582\"\/><\/a><\/figure>\n\n<figure class=\"wp-block-image aligncenter\"><a href=\"https:\/\/droix.net\/wp-content\/uploads\/2022\/01\/GPD-P2-MAX-2022-MARKETING-IMAGE-3.png\"><img decoding=\"async\" src=\"https:\/\/droix.net\/wp-content\/uploads\/2022\/01\/GPD-P2-MAX-2022-MARKETING-IMAGE-3.png\" alt=\"GPD P2 Max 2022 Ultrabook cu senzor de amprent&#x103;\" class=\"wp-image-10583\"\/><\/a><\/figure>\n\n<figure class=\"wp-block-image aligncenter\"><a href=\"https:\/\/droix.net\/wp-content\/uploads\/2022\/01\/GPD-P2-MAX-2022-MARKETING-IMAGE-4.png\"><img decoding=\"async\" src=\"https:\/\/droix.net\/wp-content\/uploads\/2022\/01\/GPD-P2-MAX-2022-MARKETING-IMAGE-4.png\" alt=\"GPD P2 Max 2022 Ultrabook cu procesor\" class=\"wp-image-10584\"\/><\/a><\/figure>\n\n<figure class=\"wp-block-image aligncenter\"><a href=\"https:\/\/droix.net\/wp-content\/uploads\/2022\/01\/GPD-P2-MAX-2022-MARKETING-IMAGE-5.png\"><img decoding=\"async\" src=\"https:\/\/droix.net\/wp-content\/uploads\/2022\/01\/GPD-P2-MAX-2022-MARKETING-IMAGE-5.png\" alt=\"GPD P2 Max 2022 Ultrabook care arat&#x103; usb c\" class=\"wp-image-10585\"\/><\/a><\/figure>\n\n<p><span data-contrast=\"none\">Un refresh al unui ultrabook popular este aici! <strong>GPD P2 Max 2022<\/strong> urc\u0103 pe scen\u0103 cu o serie de actualiz\u0103ri pentru a-l men\u021bine la zi \u0219i relevant \u00een epoca actual\u0103! Este companionul perfect pentru navetele lungi, pentru scriitorul care c\u0103l\u0103tore\u0219te \u0219i pentru toate celelalte tipuri de situa\u021bii.  <\/span><\/p>\n\n<p><span data-contrast=\"none\">La baza <strong>P2 Max 2022<\/strong> se afl\u0103 Intel Pentium N6000. Acest procesor quad-core combin\u0103 eficien\u021ba energetic\u0103 cu performan\u021ba respectabil\u0103. Se descurc\u0103 confortabil cu orice sarcini de zi cu zi.  <\/span><\/p>\n\n<p><span data-contrast=\"none\"><strong>16 GB de memorie RAM LPDDR4x<\/strong> sus\u021bin performan\u021ba stabil\u0103 \u0219i fiabil\u0103 \u00een timpul multitasking-ului \u0219i al produc\u021biei\/edit\u0103rii de con\u021binut. Combina\u021bi acest lucru cu <strong>1 TB de<\/strong> stocare <strong>NVMe rapid\u0103<\/strong> \u0219i ob\u021bine\u021bi o sta\u021bie de lucru extrem de flexibil\u0103, dar \u0219i foarte portabil\u0103. <\/span><\/p>\n\n<p><span data-contrast=\"none\"><strong>Ecranul<\/strong> mare <strong>de 8,9 inchi<\/strong> are o rezolu\u021bie uria\u0219\u0103 de 2560x1600p, oferindu-v\u0103 imagini clare pentru toate emisiunile, fotografiile, videoclipurile \u0219i multe altele. Acest ecran este, de asemenea, <strong>sensibil la atingere<\/strong> \u0219i poate fi utilizat chiar \u0219i cu stylus-uri! <\/span><\/p>\n\n<p><span data-contrast=\"none\">\u00cen ceea ce prive\u0219te conectivitatea, acest <strong>mini laptop<\/strong> are suficient disponibil f\u0103r\u0103 a deveni prea voluminos. Cu dou\u0103 porturi USB tip A, un port USB tip C, o muf\u0103 audio de 3,5 mm   <\/span><strong><span data-contrast=\"none\">\u0219i<\/span><\/strong><span data-contrast=\"none\">  un port Micro HDMI, P2 Max 2022 este la fel de confortabil \u00een poala dvs. pe c\u00e2t este ata\u0219at la o sta\u021bie de andocare! Pentru cei care prefer\u0103 conectivitatea wireless, <strong>GPD P2 Max 2022<\/strong> dispune de Wi-Fi 6 pentru vitez\u0103 \u0219i stabilitate maxim\u0103 a re\u021belei. <\/span>.<\/p>\n\n<p><\/p>\n","protected":false},"excerpt":{"rendered":"<ul>\n<li>Procesor Intel\u00ae Pentium\u00ae Silver N6000<\/li>\n<li><strong>16GB LPDDR4x RAM<\/strong> @2933Mhz<\/li>\n<li><strong>Ecran tactil de 8,9&#8243; \/ scaner de amprente digitale<\/strong><\/li>\n<li><strong>1 TB<\/strong> de PCI-E NVMe SSD<\/li>\n<li>Compatibil cu <strong>Windows 11<\/strong><\/li>\n<\/ul>\n<p> [cg_accordion title=\"INFORMA\u021aII PRIVIND PLATA\"] Utiliz\u0103m cea mai recent\u0103 tehnologie \u00een procesarea pl\u0103\u021bilor, care v\u0103 permite s\u0103 efectua\u021bi plata prin Apple Pay, Google Pay, cardul de debit\/credit, PayPal sau metode BNPL precum Klarna, Affirm sau AfterPay pentru o experien\u021b\u0103 rapid\u0103 \u0219i sigur\u0103.[\/cg_accordion] [cg_accordion title=\"GARAN\u021aIE\"] Garan\u021bie de 2 ani de la <a href=\"https:\/\/droix.net\/\" target=\"_blank\" rel=\"nofollow noopener\">DROIX Global<\/a> pentru lini\u0219tea dvs.[\/cg_accordion] [cg_accordion title=\"PRICING, TAXES AND SHIPPING\"] <strong><u>Not\u0103:<\/u><\/strong><\/p>\n<ul>\n<li>Clien\u021bii din Statele Unite ale Americii: Pre\u021bul afi\u0219at NU include TAXE sau taxe vamale. Responsabilitatea de a v\u0103mui \u0219i de a pl\u0103ti orice tax\u0103\/tax\u0103 asociat\u0103 revine clientului. <\/li>\n<li>Clien\u021bii din UE: Pre\u021bul afi\u0219at include TAXA aplicabil\u0103, care poate fi de p\u00e2n\u0103 la 25% \u00een func\u021bie de \u021bara dumneavoastr\u0103.<\/li>\n<li>Clien\u021bii din Canada: Pre\u021bul afi\u0219at include taxele aplicabile, care pot include 5% GST \u0219i taxe de v\u00e2nzare provinciale suplimentare (PST), taxa de v\u00e2nzare armonizat\u0103 (HST) sau taxa de v\u00e2nzare din Quebec (QST), \u00een func\u021bie de provincia dumneavoastr\u0103.<\/li>\n<\/ul>\n<p><strong>Doar pentru clien\u021bii din UE:<\/strong> Express DDP (Delivered Duty Paid). Aceasta \u00eenseamn\u0103 c\u0103: <\/p>\n<ul>\n<li style=\"list-style-type: none;\">\n<ul>\n<li>Toate taxele vamale \u0219i impozitele sunt incluse \u00een pre\u021bul afi\u0219at pe pagina produsului.<\/li>\n<li>Nu va trebui s\u0103 pl\u0103ti\u021bi nicio tax\u0103 suplimentar\u0103 la livrare.<\/li>\n<li>\u00cen cazul rar al unor probleme legate de vam\u0103, echipa noastr\u0103 se va ocupa de procesul de v\u0103muire \u00een numele dvs. pentru a asigura o livrare f\u0103r\u0103 probleme.<\/li>\n<p>Informa\u021bii importante despre retururi:<\/p>\n<li>Dac\u0103 decide\u021bi s\u0103 returna\u021bi comanda sau s\u0103 solicita\u021bi o rambursare, v\u0103 rug\u0103m s\u0103 re\u021bine\u021bi c\u0103 taxele \u0219i impozitele pl\u0103tite \u00een numele dvs. \u00een conformitate cu termenii DDP nu pot fi rambursate.<\/li>\n<p>V\u0103 rug\u0103m s\u0103 consulta\u021bi site-ul nostru<\/ul>\n<\/li>\n<\/ul>\n<p><a href=\"https:\/\/gpdstore.net\/ro\/terms-of-service\/\" target=\"_blank\" rel=\"nofollow noopener\">Termeni \u0219i condi\u021bii<\/a><\/p>\n<ul>pentru informa\u021bii detaliate.<\/ul>\n<p>[\/cg_accordion] [cg_accordion title=\"ASISTEN\u021a\u0102 PENTRU CLIEN\u021aI\"]  Ave\u021bi o \u00eentrebare? Suntem la un scurt mesaj distan\u021b\u0103 de rezolvarea problemei tale!   [\/cg_accordion] [cg_accordion title=\"WHAT'S INCLUDED\"]<\/p>\n<ul>\n<li>1x cablu USB tip C<\/li>\n<li>1x adaptor de alimentare<\/li>\n<li>1x Manual de utilizare<\/li>\n<\/ul>\n<p>[\/cg_accordion]<\/p>\n","protected":false},"featured_media":128301,"template":"","meta":{"_acf_changed":false},"product_brand":[],"product_cat":[7042,7043],"product_tag":[7044],"woo-feed-brand":[5812],"class_list":{"0":"post-128219","1":"product","2":"type-product","3":"status-publish","4":"has-post-thumbnail","6":"product_cat-mini-laptopuri-gpd","7":"product_cat-laptopuri","8":"product_tag-gpd-p2-max-ro-2","9":"product_shipping_class-premium","10":"pa_bluetooth-5-ro","11":"pa_brand-gpd","12":"pa_display-type-h-ips-ro","13":"pa_graphics-gpu-model-grafica-intel-uhd-ro","14":"pa_i-o-video-prin-1x-usb-3-2-gen-2-tip-c","15":"pa_memory-ram-capacity-16gb-ro-2","16":"pa_memory-ram-technology-lpddr4x-ro","17":"pa_storage-capacity-1tb-ro","18":"pa_wi-fi-wi-fi-6-ro","19":"woo-feed-brand-gpd-ro","21":"first","22":"outofstock","23":"sale","24":"taxable","25":"shipping-taxable","26":"purchasable","27":"product-type-variable","28":"has-default-attributes"},"acf":[],"aioseo_notices":[],"_links":{"self":[{"href":"https:\/\/gpdstore.net\/ro\/wp-json\/wp\/v2\/product\/128219","targetHints":{"allow":["GET"]}}],"collection":[{"href":"https:\/\/gpdstore.net\/ro\/wp-json\/wp\/v2\/product"}],"about":[{"href":"https:\/\/gpdstore.net\/ro\/wp-json\/wp\/v2\/types\/product"}],"wp:featuredmedia":[{"embeddable":true,"href":"https:\/\/gpdstore.net\/ro\/wp-json\/wp\/v2\/media\/128301"}],"wp:attachment":[{"href":"https:\/\/gpdstore.net\/ro\/wp-json\/wp\/v2\/media?parent=128219"}],"wp:term":[{"taxonomy":"product_brand","embeddable":true,"href":"https:\/\/gpdstore.net\/ro\/wp-json\/wp\/v2\/product_brand?post=128219"},{"taxonomy":"product_cat","embeddable":true,"href":"https:\/\/gpdstore.net\/ro\/wp-json\/wp\/v2\/product_cat?post=128219"},{"taxonomy":"product_tag","embeddable":true,"href":"https:\/\/gpdstore.net\/ro\/wp-json\/wp\/v2\/product_tag?post=128219"},{"taxonomy":"woo-feed-brand","embeddable":true,"href":"https:\/\/gpdstore.net\/ro\/wp-json\/wp\/v2\/woo-feed-brand?post=128219"}],"curies":[{"name":"wp","href":"https:\/\/api.w.org\/{rel}","templated":true}]}}