{"id":1275870,"date":"2026-01-22T10:18:28","date_gmt":"2026-01-22T10:18:28","guid":{"rendered":"https:\/\/gpdstore.net\/product\/biwin-rd510-mini-cititor-ssd\/"},"modified":"2026-03-29T00:46:58","modified_gmt":"2026-03-29T00:46:58","slug":"biwin-rd510-mini-ssd-reader","status":"publish","type":"product","link":"https:\/\/gpdstore.net\/ro\/product\/biwin-rd510-mini-ssd-reader\/","title":{"rendered":"Biwin RD510 Mini cititor SSD"},"content":{"rendered":"\n<h2 class=\"wp-block-heading\">Biwin Mini Reader SSD: Cea mai bun\u0103 solu\u021bie de stocare USB 4.0 pentru profesioni\u0219ti<\/h2>\n\n<p><strong>Biwin RD510 Mini SSD Reader<\/strong> reprezint\u0103 o descoperire \u00een tehnologia de stocare portabil\u0103. Acest cititor de \u00eenalt\u0103 performan\u021b\u0103 este primul de acest tip, proiectat special pentru factorul de form\u0103 ultra-compact &#8220;Mini SSD&#8221;. Aceste unit\u0103\u021bi minuscule, care m\u0103soar\u0103 doar 15,0 mm \u00d7 17,0 mm \u00d7 1,4 mm, necesit\u0103 o carcas\u0103 precis\u0103 pentru a func\u021biona la maxim<sup>.2<\/sup> Deoarece aceast\u0103 solu\u021bie <strong>biwin ssd<\/strong> este adaptat\u0103 pentru dimensiuni at\u00e2t de mici, ofer\u0103 un nivel de portabilitate nemaiv\u0103zut p\u00e2n\u0103 acum pe pia\u021ba hardware-ului profesional.  <\/p>\n\n<h2 class=\"wp-block-heading\">Viteze extraordinar de rapide cu Biwin RD510 Mini SSD Reader<\/h2>\n\n<p>Performan\u021ba este punctul \u00een care acest <strong>mini cititor SSD Biwinn<\/strong> str\u0103luce\u0219te cu adev\u0103rat. Acesta utilizeaz\u0103 protocolul avansat USB 4.0 pentru a oferi viteze uluitoare de transfer de date de p\u00e2n\u0103 la 40 Gbps<sup>.3<\/sup> \u00cen consecin\u021b\u0103, <strong>Biwin RD510 Mini SSD Reader<\/strong> atinge viteze de citire secven\u021bial\u0103 de 3300 MB\/s \u0219i viteze de scriere de 3000 MB\/s<sup>.4<\/sup> Aceste cifre reprezint\u0103 o potrivire perfect\u0103 pentru utilizatorii care manipuleaz\u0103 frecvent fi\u0219iere video 8K sau depozite masive de software. <\/p>\n\n<p>\u00cen plus, arhitectura <strong>driverului biwin ssd<\/strong> este optimizat\u0103 pentru sistemele de operare moderne pentru a asigura simplitatea plug-and-play. Ve\u021bi constata c\u0103 backup-urile de date la scar\u0103 larg\u0103 sunt finalizate \u00een c\u00e2teva secunde, \u00een loc de minute. Deoarece interfa\u021ba este at\u00e2t de eficient\u0103, laten\u021ba este men\u021binut\u0103 la un minim absolut \u00een timpul aplica\u021biilor profesionale intensive.  <\/p>\n\n<h2 class=\"wp-block-heading\">R\u0103cire activ\u0103 pentru performan\u021b\u0103 sus\u021binut\u0103 a SSD Biwin<\/h2>\n\n<p>Men\u021binerea vitezelor ridicate duce adesea la provoc\u0103ri termice. Prin urmare, <strong>Biwin RD510 Mini SSD Reader<\/strong> este echipat cu un ventilator de r\u0103cire \u00eencorporat pentru gestionarea activ\u0103 a c\u0103ldurii. Aceast\u0103 solu\u021bie termic\u0103 previne sc\u0103derile de performan\u021b\u0103 asociate cu supra\u00eenc\u0103lzirea. \u00cen consecin\u021b\u0103, <strong>SSD-ul<\/strong> dvs. <strong>biwin<\/strong> \u00ee\u0219i va men\u021bine viteza maxim\u0103 chiar \u0219i \u00een timpul migr\u0103rilor de date care dureaz\u0103 ore \u00eentregi.   <\/p>\n\n<p>Construc\u021bia robust\u0103 a <strong>Biwin RD510 Mini SSD Reader<\/strong> asigur\u0103 c\u0103 poate supravie\u021bui deplas\u0103rilor zilnice. \u00cen timp ce exteriorul arat\u0103 elegant \u0219i profesional, componentele interne sunt protejate \u00eempotriva \u0219ocurilor fizice. Func\u021bionarea stabil\u0103 \u0219i ne\u00eentrerupt\u0103 este prioritar\u0103, ceea ce, \u00een cele din urm\u0103, contribuie la prelungirea duratei de via\u021b\u0103 a mediilor dvs. de stocare.  <\/p>\n\n<h2 class=\"wp-block-heading\">Conectivitate multiplatform\u0103 pentru Biwinn Mini SSD Reader<\/h2>\n\n<p>Versatilitatea este un punct forte al acestui <strong>cititor biwinn mini ssd<\/strong>. Acesta este livrat cu un cablu USB 4.0 Type-C la Type-C de \u00eenalt\u0103 calitate pentru a debloca \u00eentregul poten\u021bial al hardware-ului<sup>.5<\/sup> Astfel, <strong>Biwin RD510 Mini SSD Reader<\/strong> este compatibil cu o gam\u0103 larg\u0103 de ecosisteme moderne. <\/p>\n\n<figure class=\"wp-block-table\"><table class=\"has-fixed-layout\"><thead><tr><td><strong>Categoria sistemului<\/strong><\/td><td><strong>Platforme acceptate<\/strong><\/td><\/tr><\/thead><tbody><tr><td><strong>Calculatoare<\/strong><\/td><td>Windows 10\/11, macOS 11.0+<\/td><\/tr><tr><td><strong>Mobil<\/strong><\/td><td>iOS 17.0+, Android 11.0+<\/td><\/tr><tr><td><strong>Jocuri de noroc<\/strong><\/td><td>PlayStation 5 (Sistem 08+)<\/td><\/tr><tr><td><strong>Sisteme de operare<\/strong><\/td><td>HyperOS 1.0+, HarmonyOS 3.0+<\/td><\/tr><\/tbody><\/table><\/figure>\n","protected":false},"excerpt":{"rendered":"<ul>\n<li><strong>Biwin RD510<\/strong> USB 4.0 Mini cititor SSD<\/li>\n<li><strong>Interfa\u021b\u0103 USB 4.0<\/strong> &#8211; Transfer de date de mare vitez\u0103 de p\u00e2n\u0103 la 40Gbps<\/li>\n<li><strong>3300MB\/s Citire &amp; 3000MB\/s Scriere<\/strong> &#8211; Optimizat pentru video 8K \u0219i fi\u0219iere mari<\/li>\n<li><strong>Sistem activ de r\u0103cire<\/strong> &#8211; ventilator \u00eencorporat pentru performan\u021b\u0103 maxim\u0103 sus\u021binut\u0103<\/li>\n<li><strong>Design ultra-portabil<\/strong> &#8211; Conceput special pentru factorul de form\u0103 Mini SSD<\/li>\n<\/ul>\n[cg_accordion title=\"INFORMA\u021aII PRIVIND PLATA\"]<\/p>\n<p>Utiliz\u0103m cea mai recent\u0103 tehnologie de procesare a pl\u0103\u021bilor, care v\u0103 permite s\u0103 efectua\u021bi plata prin intermediul cardului de debit\/credit sau PayPal pentru o experien\u021b\u0103 rapid\u0103 \u0219i sigur\u0103.[\/cg_accordion]\n[cg_accordion title=\"GARAN\u021aIE\"]<\/p>\n<p>Garan\u021bie de 2 ani de la <a href=\"https:\/\/droix.net\/\" target=\"_blank\" rel=\"nofollow noopener\">DROIX Global<\/a> pentru lini\u0219tea dumneavoastr\u0103[\/cg_accordion]\n[cg_accordion title=\"ASIGURAREA CALIT\u0102\u021aII \u0218I TESTAREA \u00ceNAINTE DE EXPEDIERE\"]<\/p>\n<p>Asigurarea satisfac\u021biei clien\u021bilor la cel mai \u00eenalt standard: Fiecare dispozitiv este supus unor teste riguroase \u0219i unei verific\u0103ri de asigurare a calit\u0103\u021bii \u00een mai multe puncte \u00eenainte de a fi expediat. Echipa noastr\u0103 dedicat\u0103 verific\u0103 performan\u021ba, func\u021bionalitatea \u0219i integritatea componentelor pentru a garanta c\u0103 dispozitivul dvs. GPD este \u00een stare perfect\u0103 de func\u021bionare la sosire, oferindu-v\u0103 \u00eencredere \u0219i lini\u0219te sufleteasc\u0103. [\/cg_accordion]\n[cg_accordion title=\"PRE\u021aURI, TAXE \u0218I TRANSPORT\"]<\/p>\n<p><strong><u>Not\u0103:<\/u><\/strong><\/p>\n<ul>\n<li>Clien\u021bii din Statele Unite ale Americii: Pre\u021bul afi\u0219at NU include TAXE sau taxe vamale. Responsabilitatea de a v\u0103mui \u0219i de a pl\u0103ti orice tax\u0103\/tax\u0103 asociat\u0103 revine clientului. <\/li>\n<li>Clien\u021bii din UE: Pre\u021bul afi\u0219at include TAXA aplicabil\u0103, care poate fi de p\u00e2n\u0103 la 25% \u00een func\u021bie de \u021bara dumneavoastr\u0103.<\/li>\n<li>Clien\u021bii din Canada: Pre\u021bul afi\u0219at include taxele aplicabile, care pot include 5% GST \u0219i taxe de v\u00e2nzare provinciale suplimentare (PST), taxa de v\u00e2nzare armonizat\u0103 (HST) sau taxa de v\u00e2nzare din Quebec (QST), \u00een func\u021bie de provincia dumneavoastr\u0103.<\/li>\n<\/ul>\n<p>Pentru clien\u021bii no\u0219tri din SUA: Comenzile sunt expediate DAP (Delivered At Place). \u00cen timp ce clien\u021bii sunt responsabili pentru plata oric\u0103ror tarife aplicabile, ne baz\u0103m pe vasta noastr\u0103 experien\u021b\u0103 \u00een expedierea din Regatul Unit pentru a ne asigura c\u0103 pl\u0103ti\u021bi cele mai mici taxe posibile. Pe baza \u00eenregistr\u0103rilor noastre, aceste taxe nu dep\u0103\u0219esc de obicei 10% din valoarea articolului.  <\/p>\n<p><strong>Doar pentru clien\u021bii din UE:<\/strong> Express DDP (Delivered Duty Paid). Aceasta \u00eenseamn\u0103 c\u0103: <\/p>\n<ul>\n<li>Toate taxele vamale \u0219i impozitele sunt incluse \u00een pre\u021bul afi\u0219at pe pagina produsului.<\/li>\n<li>Nu va trebui s\u0103 pl\u0103ti\u021bi nicio tax\u0103 suplimentar\u0103 la livrare.<\/li>\n<li>\u00cen cazul rar al unor probleme legate de vam\u0103, echipa noastr\u0103 se va ocupa de procesul de v\u0103muire \u00een numele dvs. pentru a asigura o livrare f\u0103r\u0103 probleme.<\/li>\n<p>Informa\u021bii importante despre retururi:<\/p>\n<li>Dac\u0103 decide\u021bi s\u0103 returna\u021bi comanda sau s\u0103 solicita\u021bi o rambursare, v\u0103 rug\u0103m s\u0103 re\u021bine\u021bi c\u0103 taxele \u0219i impozitele pl\u0103tite \u00een numele dvs. \u00een conformitate cu termenii DDP nu pot fi rambursate.<\/li>\n<p>V\u0103 rug\u0103m s\u0103 consulta\u021bi <a href=\"https:\/\/droix.net\/terms-and-conditions\/\" target=\"_blank\" rel=\"nofollow noopener\">Termenii \u0219i condi\u021biile<\/a> noastre pentru informa\u021bii detaliate.\n<\/ul>\n<p>[\/cg_accordion]\n[cg_accordion title=\"ASISTEN\u021a\u0102 PENTRU CLIEN\u021aI\"]<\/p>\n<p>Ave\u021bi o \u00eentrebare? Suntem la un scurt mesaj distan\u021b\u0103 de rezolvarea problemei tale! <\/p>\n<p>V\u0103 rug\u0103m s\u0103 consulta\u021bi <a href=\"https:\/\/gpdstore.net\/terms-of-service\/\" target=\"_blank\" rel=\"nofollow noopener\">Termenii \u0219i condi\u021biile<\/a> noastre pentru informa\u021bii detaliate.\n<\/ul>\n<p>[\/cg_accordion]\n[cg_accordion title=\"CE ESTE INCLUS\"]<\/p>\n<ul>\n<li>1x Biwin RD510 Mini cititor SSD<\/li>\n<\/ul>\n<p>[\/cg_accordion]\n","protected":false},"featured_media":1275873,"template":"","meta":{"_acf_changed":false},"product_brand":[],"product_cat":[5390],"product_tag":[],"woo-feed-brand":[],"class_list":{"0":"post-1275870","1":"product","2":"type-product","3":"status-publish","4":"has-post-thumbnail","6":"product_cat-accesorii","7":"product_shipping_class-low-end","9":"pa_brand-biwin","11":"first","12":"outofstock","13":"sale","14":"taxable","15":"shipping-taxable","16":"purchasable","17":"product-type-simple"},"acf":[],"aioseo_notices":[],"_links":{"self":[{"href":"https:\/\/gpdstore.net\/ro\/wp-json\/wp\/v2\/product\/1275870","targetHints":{"allow":["GET"]}}],"collection":[{"href":"https:\/\/gpdstore.net\/ro\/wp-json\/wp\/v2\/product"}],"about":[{"href":"https:\/\/gpdstore.net\/ro\/wp-json\/wp\/v2\/types\/product"}],"wp:featuredmedia":[{"embeddable":true,"href":"https:\/\/gpdstore.net\/ro\/wp-json\/wp\/v2\/media\/1275873"}],"wp:attachment":[{"href":"https:\/\/gpdstore.net\/ro\/wp-json\/wp\/v2\/media?parent=1275870"}],"wp:term":[{"taxonomy":"product_brand","embeddable":true,"href":"https:\/\/gpdstore.net\/ro\/wp-json\/wp\/v2\/product_brand?post=1275870"},{"taxonomy":"product_cat","embeddable":true,"href":"https:\/\/gpdstore.net\/ro\/wp-json\/wp\/v2\/product_cat?post=1275870"},{"taxonomy":"product_tag","embeddable":true,"href":"https:\/\/gpdstore.net\/ro\/wp-json\/wp\/v2\/product_tag?post=1275870"},{"taxonomy":"woo-feed-brand","embeddable":true,"href":"https:\/\/gpdstore.net\/ro\/wp-json\/wp\/v2\/woo-feed-brand?post=1275870"}],"curies":[{"name":"wp","href":"https:\/\/api.w.org\/{rel}","templated":true}]}}