{"id":1258296,"date":"2025-10-21T14:46:01","date_gmt":"2025-10-21T14:46:01","guid":{"rendered":"https:\/\/gpdstore.net\/product\/statie-de-andocare-gpd-win-5\/"},"modified":"2026-01-19T14:33:18","modified_gmt":"2026-01-19T14:33:18","slug":"gpd-win-5-docking-station","status":"publish","type":"product","link":"https:\/\/gpdstore.net\/ro\/product\/gpd-win-5-docking-station\/","title":{"rendered":"Sta\u021bie de andocare GPD WIN 5"},"content":{"rendered":"\n<p><strong>Sta\u021bia de andocare GPD WIN 5<\/strong> (adesea denumit\u0103 Smart Dock) este hub-ul desktop esen\u021bial, proiectat pentru a elibera \u00eentregul poten\u021bial al <a href=\"https:\/\/gpdstore.net\/ro\/product\/gpd-win-5\/\" target=\"_blank\" rel=\"noopener\" title=\"\">PC-ului dvs. portabil de jocuri GPD WIN 5<\/a>. Transforma\u021bi centrala de putere portabil\u0103 \u00eentr-o configura\u021bie complet\u0103 de jocuri \u0219i productivitate pentru desktop cu o singur\u0103 conexiune simpl\u0103, asigur\u00e2nd o putere maxim\u0103 \u0219i o integrare perfect\u0103 a perifericelor.<\/p>\n\n<hr class=\"wp-block-separator has-alpha-channel-opacity\"\/>\n\n<h2 class=\"wp-block-heading\">Caracteristici principale:<\/h2>\n\n<p>\u26a1 <strong>Maximum Power Delivery pentru performan\u021be de v\u00e2rf<\/strong> Dock-ul este proiectat s\u0103 se conecteze la portul de alimentare dedicat al GPD WIN 5, permi\u021b\u00e2nd dispozitivului s\u0103 func\u021bioneze la <strong>100W<\/strong> de la \u00eenc\u0103rc\u0103torul s\u0103u. Acest lucru permite APU-ului Strix Halo de \u00eenalt\u0103 performan\u021b\u0103 s\u0103 \u00ee\u0219i sus\u021bin\u0103 TDP-ul maxim pentru ratele de cadre din clasa desktop f\u0103r\u0103 strangulare termic\u0103. <\/p>\n\n<p>\ud83d\udcbb <strong>Transformare instantanee \u00een desktop<\/strong> Andoca\u021bi u\u0219or GPD WIN 5 pentru a v\u0103 conecta instantaneu la toate perifericele desktop.<sup><\/sup> Transforma\u021bi-v\u0103 consola portabil\u0103 \u00eentr-un PC Windows 11 cu drepturi depline, preg\u0103tit pentru jocuri competitive, munc\u0103 sau consum media.<sup><\/sup><\/p>\n\n<p>\ud83d\udda5\ufe0f <strong>Ie\u0219ire la ecran 4K de mare vitez\u0103<\/strong> Echipat cu un <strong>port HDMI 2.1<\/strong> dedicat, Smart Dock poate trimite o <strong>rezolu\u021bie de<\/strong> p\u00e2n\u0103 la <strong>4K la <sup><\/sup>144 Hz<\/strong> c\u0103tre un monitor de jocuri sau un televizor extern, oferind o experien\u021b\u0103 de \u00eenalt\u0103 fidelitate, fin\u0103 ca un unt, care rivalizeaz\u0103 cu PC-urile desktop tradi\u021bionale.<sup><\/sup><\/p>\n\n<p><strong>\ud83d\udd0c Extindere I\/O cuprinz\u0103toare<\/strong> Extinde\u021bi semnificativ op\u021biunile de conectivitate pentru a g\u0103zdui toate echipamentele dvs. de joc \u0219i de lucru:<\/p>\n\n<ul class=\"wp-block-list\">\n<li><strong>1x port HDMI 2.1:<\/strong> Pentru ie\u0219ire de afi\u0219are de \u00eenalt\u0103 rezolu\u021bie, cu rat\u0103 de re\u00eemprosp\u0103tare ridicat\u0103.<\/li>\n\n\n\n<li><strong>3x porturi USB tip A:<\/strong> Conecta\u021bi tastaturi externe, mouse-uri, unit\u0103\u021bi flash \u0219i alte periferice.<\/li>\n\n\n\n<li><strong>1x port Ethernet (RJ45):<\/strong> Asigur\u0103 o conexiune cu fir stabil\u0103, cu laten\u021b\u0103 redus\u0103, pentru jocuri online competitive.<\/li>\n\n\n\n<li><strong>1x port USB tip C:<\/strong> Pentru date sau conexiuni periferice suplimentare.<\/li>\n<\/ul>\n\n<p>\ud83d\udd0b <strong>All-in-One Smart Cradle<\/strong> Designul unic se dubleaz\u0103 ca suport sigur \u0219i hub de alimentare. Acesta ofer\u0103 un loc de odihn\u0103 stabil \u0219i vertical pentru GPD WIN 5, \u00een timp ce \u00eencarc\u0103 activ sistemul \u0219i ofer\u0103 energia necesar\u0103 pentru jocuri sus\u021binute de \u00eenalt\u0103 performan\u021b\u0103. <\/p>\n\n<h2 class=\"wp-block-heading\">De ce s\u0103 alege\u021bi GPD WIN 5 Docking Station?<\/h2>\n\n<p>GPD WIN 5 este construit pentru a \u00eenlocui un desktop, iar acest Smart Dock este puntea de leg\u0103tur\u0103. Elimin\u0103 aglomera\u021bia de cabluri, asigur\u00e2ndu-se \u00een acela\u0219i timp c\u0103 puternicul cip Strix Halo prime\u0219te \u00eentreaga putere de 100 W de care are nevoie pentru a oferi performan\u021be de clas\u0103 RTX 4060 pe ecranul mare. Este accesoriul esen\u021bial pentru cea mai bun\u0103 experien\u021b\u0103 de gaming plug-and-play pe desktop. <\/p>\n\n<hr class=\"wp-block-separator has-alpha-channel-opacity\"\/>\n\n<h3 class=\"wp-block-heading\">Specifica\u021bii:<\/h3>\n\n<figure class=\"wp-block-table\"><table class=\"has-fixed-layout\"><thead><tr><td>Detaliu<\/td><td>Specifica\u021bii<\/td><\/tr><\/thead><tbody><tr><td><strong>Compatibilitate<\/strong><\/td><td>PC portabil pentru jocuri GPD WIN 5<\/td><\/tr><tr><td><strong>Ie\u0219ire video<\/strong><\/td><td>1\u00d7HDMI 2.1 (p\u00e2n\u0103 la 4K @144 Hz)<\/td><\/tr><tr><td><strong>Porturi USB<\/strong><\/td><td>3\u00d7USB tip A, 1\u00d7USB tip C<\/td><\/tr><tr><td><strong>Re\u021bea<\/strong><\/td><td>1\u00d7 Port Ethernet (RJ45)<\/td><\/tr><tr><td><strong>Putere de intrare<\/strong><\/td><td>Barrel Jack (proiectat pentru 100 W GPD WIN 5 Charger)<\/td><\/tr><tr><td><strong>Func\u021bia<\/strong><\/td><td>Docare, \u00cenc\u0103rcare, Afi\u0219are, Suport<\/td><\/tr><\/tbody><\/table><\/figure>\n\n<p><\/p>\n","protected":false},"excerpt":{"rendered":"<ul>\n<li><strong>Trecere de putere 180W:<\/strong> Ofer\u0103 putere maxim\u0103 pentru performan\u021be de v\u00e2rf.<\/li>\n<li><strong>Mod desktop:<\/strong> Transform\u0103 instantaneu dispozitivul portabil \u00eentr-un PC desktop complet.<\/li>\n<li><strong>Ie\u0219ire afi\u0219aj 4K:<\/strong> Dispune de HDMI 2.1 pentru monitoare externe de \u00eenalt\u0103 rezolu\u021bie.<\/li>\n<li><strong>Jocuri prin cablu:<\/strong> Include un port Ethernet pentru jocuri online stabile, f\u0103r\u0103 \u00eent\u00e2rzieri.<\/li>\n<li><strong>Potrivire oficial\u0103:<\/strong> Accesoriu GPD WIN personalizat pentru GPD WIN 5.<\/li>\n<\/ul>\n[cg_accordion title=\"INFORMA\u021aII PRIVIND PLATA\"]<\/p>\n<p>Utiliz\u0103m cea mai recent\u0103 tehnologie de procesare a pl\u0103\u021bilor, care v\u0103 permite s\u0103 efectua\u021bi plata prin intermediul cardului de debit\/credit sau PayPal pentru o experien\u021b\u0103 rapid\u0103 \u0219i sigur\u0103.[\/cg_accordion]\n[cg_accordion title=\"GARAN\u021aIE\"]<\/p>\n<p>Garan\u021bie de 2 ani de la <a href=\"https:\/\/droix.net\/\" target=\"_blank\" rel=\"nofollow noopener\">DROIX Global<\/a> pentru lini\u0219tea dumneavoastr\u0103[\/cg_accordion]\n[cg_accordion title=\"ASIGURAREA CALIT\u0102\u021aII \u0218I TESTAREA \u00ceNAINTE DE EXPEDIERE\"]<\/p>\n<p>Asigurarea satisfac\u021biei clien\u021bilor la cel mai \u00eenalt standard: Fiecare dispozitiv este supus unor teste riguroase \u0219i unei verific\u0103ri de asigurare a calit\u0103\u021bii \u00een mai multe puncte \u00eenainte de a fi expediat. Echipa noastr\u0103 dedicat\u0103 verific\u0103 performan\u021ba, func\u021bionalitatea \u0219i integritatea componentelor pentru a garanta c\u0103 dispozitivul dvs. GPD este \u00een stare perfect\u0103 de func\u021bionare la sosire, oferindu-v\u0103 \u00eencredere \u0219i lini\u0219te sufleteasc\u0103. [\/cg_accordion]\n[cg_accordion title=\"PRE\u021aURI, TAXE \u0218I TRANSPORT\"]<\/p>\n<p><strong><u>Not\u0103:<\/u><\/strong><\/p>\n<ul>\n<li>Clien\u021bii din Statele Unite ale Americii: Pre\u021bul afi\u0219at NU include TAXE sau taxe vamale. Responsabilitatea de a v\u0103mui \u0219i de a pl\u0103ti orice tax\u0103\/tax\u0103 asociat\u0103 revine clientului. <\/li>\n<li>Clien\u021bii din UE: Pre\u021bul afi\u0219at include TAXA aplicabil\u0103, care poate fi de p\u00e2n\u0103 la 25% \u00een func\u021bie de \u021bara dumneavoastr\u0103.<\/li>\n<li>Clien\u021bii din Canada: Pre\u021bul afi\u0219at include taxele aplicabile, care pot include 5% GST \u0219i taxe de v\u00e2nzare provinciale suplimentare (PST), taxa de v\u00e2nzare armonizat\u0103 (HST) sau taxa de v\u00e2nzare din Quebec (QST), \u00een func\u021bie de provincia dumneavoastr\u0103.<\/li>\n<\/ul>\n<p>Pentru clien\u021bii no\u0219tri din SUA: Comenzile sunt expediate DAP (Delivered At Place). \u00cen timp ce clien\u021bii sunt responsabili pentru plata oric\u0103ror tarife aplicabile, ne baz\u0103m pe vasta noastr\u0103 experien\u021b\u0103 \u00een expedierea din Regatul Unit pentru a ne asigura c\u0103 pl\u0103ti\u021bi cele mai mici taxe posibile. Pe baza \u00eenregistr\u0103rilor noastre, aceste taxe nu dep\u0103\u0219esc de obicei 10% din valoarea articolului.  <\/p>\n<p><strong>Doar pentru clien\u021bii din UE:<\/strong> Express DDP (Delivered Duty Paid). Aceasta \u00eenseamn\u0103 c\u0103: <\/p>\n<ul>\n<li>Toate taxele vamale \u0219i impozitele sunt incluse \u00een pre\u021bul afi\u0219at pe pagina produsului.<\/li>\n<li>Nu va trebui s\u0103 pl\u0103ti\u021bi nicio tax\u0103 suplimentar\u0103 la livrare.<\/li>\n<li>\u00cen cazul rar al unor probleme legate de vam\u0103, echipa noastr\u0103 se va ocupa de procesul de v\u0103muire \u00een numele dvs. pentru a asigura o livrare f\u0103r\u0103 probleme.<\/li>\n<p>Informa\u021bii importante despre retururi:<\/p>\n<li>Dac\u0103 decide\u021bi s\u0103 returna\u021bi comanda sau s\u0103 solicita\u021bi o rambursare, v\u0103 rug\u0103m s\u0103 re\u021bine\u021bi c\u0103 taxele \u0219i impozitele pl\u0103tite \u00een numele dvs. \u00een conformitate cu termenii DDP nu pot fi rambursate.<\/li>\n<p>V\u0103 rug\u0103m s\u0103 consulta\u021bi <a href=\"https:\/\/droix.net\/terms-and-conditions\/\" target=\"_blank\" rel=\"nofollow noopener\">Termenii \u0219i condi\u021biile<\/a> noastre pentru informa\u021bii detaliate.\n<\/ul>\n<p>[\/cg_accordion]\n[cg_accordion title=\"ASISTEN\u021a\u0102 PENTRU CLIEN\u021aI\"]<\/p>\n<p>Ave\u021bi o \u00eentrebare? Suntem la un scurt mesaj distan\u021b\u0103 de rezolvarea problemei tale! <\/p>\n<p>V\u0103 rug\u0103m s\u0103 consulta\u021bi <a href=\"https:\/\/gpdstore.net\/ro\/terms-of-service\/\" target=\"_blank\" rel=\"nofollow noopener\">Termenii \u0219i condi\u021biile<\/a> noastre pentru informa\u021bii detaliate.\n<\/ul>\n<p>[\/cg_accordion]\n[cg_accordion title=\"CE ESTE INCLUS\"]<\/p>\n<ul>\n<li>1x Sta\u021bie de andocare oficial\u0103 GPD WIN 5<\/li>\n<\/ul>\n<p>[\/cg_accordion]\n","protected":false},"featured_media":1261032,"template":"","meta":{"_acf_changed":false},"product_brand":[],"product_cat":[5390],"product_tag":[],"woo-feed-brand":[],"class_list":{"0":"post-1258296","1":"product","2":"type-product","3":"status-publish","4":"has-post-thumbnail","6":"product_cat-accesorii","7":"product_shipping_class-low-end","8":"product_shipping_class-premium","9":"pa_accessory-type-statie-de-andocare","10":"pa_brand-gpd","12":"first","13":"instock","14":"taxable","15":"shipping-taxable","16":"purchasable","17":"product-type-variable","18":"has-default-attributes"},"acf":[],"aioseo_notices":[],"_links":{"self":[{"href":"https:\/\/gpdstore.net\/ro\/wp-json\/wp\/v2\/product\/1258296","targetHints":{"allow":["GET"]}}],"collection":[{"href":"https:\/\/gpdstore.net\/ro\/wp-json\/wp\/v2\/product"}],"about":[{"href":"https:\/\/gpdstore.net\/ro\/wp-json\/wp\/v2\/types\/product"}],"wp:featuredmedia":[{"embeddable":true,"href":"https:\/\/gpdstore.net\/ro\/wp-json\/wp\/v2\/media\/1261032"}],"wp:attachment":[{"href":"https:\/\/gpdstore.net\/ro\/wp-json\/wp\/v2\/media?parent=1258296"}],"wp:term":[{"taxonomy":"product_brand","embeddable":true,"href":"https:\/\/gpdstore.net\/ro\/wp-json\/wp\/v2\/product_brand?post=1258296"},{"taxonomy":"product_cat","embeddable":true,"href":"https:\/\/gpdstore.net\/ro\/wp-json\/wp\/v2\/product_cat?post=1258296"},{"taxonomy":"product_tag","embeddable":true,"href":"https:\/\/gpdstore.net\/ro\/wp-json\/wp\/v2\/product_tag?post=1258296"},{"taxonomy":"woo-feed-brand","embeddable":true,"href":"https:\/\/gpdstore.net\/ro\/wp-json\/wp\/v2\/woo-feed-brand?post=1258296"}],"curies":[{"name":"wp","href":"https:\/\/api.w.org\/{rel}","templated":true}]}}