{"id":1251779,"date":"2025-10-15T11:30:11","date_gmt":"2025-10-15T11:30:11","guid":{"rendered":"https:\/\/gpdstore.net\/product\/husa-gpd-win-5\/"},"modified":"2026-01-19T14:31:48","modified_gmt":"2026-01-19T14:31:48","slug":"gpd-win-5-case","status":"publish","type":"product","link":"https:\/\/gpdstore.net\/ro\/product\/gpd-win-5-case\/","title":{"rendered":"Hus\u0103 GPD WIN 5"},"content":{"rendered":"\n<p><strong>Geanta GPD WIN 5<\/strong> este o carcas\u0103 robust\u0103, personalizat\u0103 \u0219i preg\u0103tit\u0103 de c\u0103l\u0103torie, proiectat\u0103 exclusiv pentru revolu\u021bionarul GPD WIN <strong>5Geanta GPD WIN 5<\/strong> este o carcas\u0103 robust\u0103, personalizat\u0103 \u0219i preg\u0103tit\u0103 de c\u0103l\u0103torie, proiectat\u0103 exclusiv pentru revolu\u021bionarul PC portabil pentru jocuri GPD WIN 5. Construit\u0103 pentru a rezista rigorilor c\u0103l\u0103toriei \u0219i pentru a proteja ma\u0219ina dvs. de \u00eenalt\u0103 performan\u021b\u0103 cu materiale premium \u0219i design inteligent, aceast\u0103 carcas\u0103 ofer\u0103 securitate maxim\u0103 \u0219i portabilitate elegant\u0103 &#8211; perfect\u0103 pentru juc\u0103torii de elit\u0103 \u00een mi\u0219care. <\/p>\n\n<hr class=\"wp-block-separator has-alpha-channel-opacity\"\/>\n\n<h3 class=\"wp-block-heading\">Caracteristici principale:<\/h3>\n\n<p>\ud83c\udfae <strong>Protec\u021bie personalizat\u0103 pentru GPD WIN 5<\/strong> Conceput\u0103 exclusiv pentru GPD WIN 5, aceast\u0103 hus\u0103 asigur\u0103 o potrivire perfect\u0103 pentru dispozitivul portabil, protej\u00e2ndu-l \u00eempotriva mi\u0219c\u0103rilor \u0219i a deterior\u0103rii cauzate de \u0219ocurile interne \u00een timpul transportului.<\/p>\n\n<p>\ud83d\udcbc C <strong>onstruc\u021bie hard shell<\/strong> <strong>Exteriorul<\/strong> durabil <strong>al hard shell-ului EVA<\/strong> ofer\u0103 protec\u021bie sporit\u0103 \u00eempotriva loviturilor, c\u0103derilor \u0219i zg\u00e2rieturilor, protej\u00e2nd consola \u0219i componentele sale interne puternice \u00een orice situa\u021bie de c\u0103l\u0103torie solicitant\u0103.<sup><\/sup><\/p>\n\n<p>\ud83d\udc5c <strong>C\u0103ptu\u0219eal\u0103 interioar\u0103 moale<\/strong> \u00cen interior, <strong>c\u0103ptu\u0219eala din \u021bes\u0103tur\u0103 de plu\u0219<\/strong> \u0219i spuma de absorb\u021bie a \u0219ocurilor asigur\u0103 o \u00eengrijire delicat\u0103 pentru consola dvs. \u0219i ecranul s\u0103u mare de 7 inchi, prevenind zg\u00e2rieturile \u0219i abraziunea suprafe\u021bei.<\/p>\n\n<p>\ud83d\udd0b <strong>Compartiment modular de depozitare a accesoriilor<\/strong> Include un <strong>compartiment interior<\/strong> spa\u021bios <strong>,<\/strong> ideal pentru depozitarea componentelor esen\u021biale, cum ar fi acumulatorul deta\u0219abil de 80Wh, adaptorul de alimentare de 180W sau alte elemente esen\u021biale mici &#8211; pentru a v\u0103 p\u0103stra tot echipamentul organizat \u0219i \u00eentr-un singur loc.<\/p>\n\n<p><strong>\ud83e\uddf2 \u00cenchidere sigur\u0103 cu fermoar<\/strong> Un <strong>fermoar<\/strong> rezistent, de \u00eenalt\u0103 calitate, p\u0103streaz\u0103 geanta sigilat\u0103 \u0219i protejat\u0103, asigur\u00e2nd c\u0103 dispozitivul dvs. portabil de mare valoare este \u00een siguran\u021b\u0103, indiferent dac\u0103 face\u021bi naveta, c\u0103l\u0103tori\u021bi sau \u00eel depozita\u021bi.<sup><\/sup><\/p>\n\n<p><strong>\ud83c\udf1f Design sub\u021bire \u0219i u\u0219or \u00cen<\/strong> ciuda protec\u021biei sale robuste, factorul de form\u0103 compact este proiectat pentru portabilitate maxim\u0103. Introduce\u021bi-l \u00een rucsac sau transporta\u021bi-l singur cu u\u0219urin\u021b\u0103, \u0219tiind c\u0103 centrala dvs. de jocuri este \u00een siguran\u021b\u0103. <\/p>\n\n<hr class=\"wp-block-separator has-alpha-channel-opacity\"\/>\n\n<h3 class=\"wp-block-heading\">De ce s\u0103 alege\u021bi husa GPD WIN 5?<\/h3>\n\n<p>Conceput\u0103 pentru cei mai exigen\u021bi gameri, aceast\u0103 carcas\u0103 combin\u0103 durabilitatea robust\u0103 cu un spa\u021biu de depozitare bine g\u00e2ndit \u0219i esen\u021bial pentru componentele modulare unice ale GPD WIN 5 \u0219i \u00eenc\u0103rc\u0103torul puternic. Fie c\u0103 v\u0103 conecta\u021bi pentru o sesiune cu TDP ridicat sau juca\u021bi deconectat, husa GPD WIN 5 este partenerul ideal pentru a v\u0103 p\u0103stra consola portabil\u0103 Strix Halo \u00een siguran\u021b\u0103 \u0219i preg\u0103tit\u0103 pentru ac\u021biune. \ud83d\ude80<\/p>\n\n<hr class=\"wp-block-separator has-alpha-channel-opacity\"\/>\n\n<h3 class=\"wp-block-heading\">Specifica\u021bii:<\/h3>\n\n<figure class=\"wp-block-table\"><table class=\"has-fixed-layout\"><thead><tr><td>Detaliu<\/td><td>Specifica\u021bii<\/td><\/tr><\/thead><tbody><tr><td><strong>Material<\/strong><\/td><td>EVA Hard Shell + Interior din \u021bes\u0103tur\u0103 moale<\/td><\/tr><tr><td><strong>Compatibilitate<\/strong><\/td><td><a href=\"https:\/\/gpdstore.net\/ro\/product\/gpd-win-5\/\" target=\"_blank\" rel=\"noopener\" title=\"\">PC portabil pentru jocuri GPD WIN 5<\/a><\/td><\/tr><tr><td><strong>Tip de \u00eenchidere<\/strong><\/td><td>Fermoar<\/td><\/tr><tr><td><strong>Depozitare<\/strong><\/td><td>Buzunar\/ compartiment interior cu plas\u0103 pentru accesorii (inclusiv baterie deta\u0219abil\u0103 \u0219i \u00eenc\u0103rc\u0103tor)<\/td><\/tr><tr><td><strong>Dimensiuni<\/strong><\/td><td><strong>288 \u00d7 136 \u00d7 80 (25\/55) mm<\/strong><\/td><\/tr><\/tbody><\/table><\/figure>\n\n<p><\/p>\n","protected":false},"excerpt":{"rendered":"<ul>\n<li><strong>Potrivire oficial\u0103:<\/strong> Proiectat special pentru PC-ul portabil GPD WIN 5.<\/li>\n<li><strong>Curele sigure:<\/strong> \u021aine dispozitivul \u0219i acumulatorul s\u0103u extern ferm \u00een pozi\u021bie.<\/li>\n<li><strong>C\u0103ptu\u0219eal\u0103 moale:<\/strong> Previne zg\u00e2rieturile \u0219i protejeaz\u0103 ecranul de 7 inchi 120Hz.<\/li>\n<li><strong>Curea de m\u00e2n\u0103:<\/strong> Permite transportul u\u0219or \u0219i sigur \u00een deplasare.<\/li>\n<li><strong>Carcas\u0103 rigid\u0103:<\/strong> Ofer\u0103 protec\u021bie durabil\u0103 \u0219i rigid\u0103 pentru PC-ul dvs. de jocuri de \u00eenalt\u0103 performan\u021b\u0103.<\/li>\n<\/ul>\n[cg_accordion title=\"INFORMA\u021aII PRIVIND PLATA\"]<\/p>\n<p>Utiliz\u0103m cea mai recent\u0103 tehnologie de procesare a pl\u0103\u021bilor, care v\u0103 permite s\u0103 efectua\u021bi plata prin intermediul cardului de debit\/credit sau PayPal pentru o experien\u021b\u0103 rapid\u0103 \u0219i sigur\u0103.[\/cg_accordion]\n[cg_accordion title=\"GARAN\u021aIE\"]<\/p>\n<p>Garan\u021bie de 2 ani de la <a href=\"https:\/\/droix.net\/\" target=\"_blank\" rel=\"nofollow noopener\">DROIX Global<\/a> pentru lini\u0219tea dumneavoastr\u0103[\/cg_accordion]\n[cg_accordion title=\"ASIGURAREA CALIT\u0102\u021aII \u0218I TESTAREA \u00ceNAINTE DE EXPEDIERE\"]<\/p>\n<p>Asigurarea satisfac\u021biei clien\u021bilor la cel mai \u00eenalt standard: Fiecare dispozitiv este supus unor teste riguroase \u0219i unei verific\u0103ri de asigurare a calit\u0103\u021bii \u00een mai multe puncte \u00eenainte de a fi expediat. Echipa noastr\u0103 dedicat\u0103 verific\u0103 performan\u021ba, func\u021bionalitatea \u0219i integritatea componentelor pentru a garanta c\u0103 dispozitivul dvs. GPD este \u00een stare perfect\u0103 de func\u021bionare la sosire, oferindu-v\u0103 \u00eencredere \u0219i lini\u0219te sufleteasc\u0103. [\/cg_accordion]\n[cg_accordion title=\"PRE\u021aURI, TAXE \u0218I TRANSPORT\"]<\/p>\n<p><strong><u>Not\u0103:<\/u><\/strong><\/p>\n<ul>\n<li>Clien\u021bii din Statele Unite ale Americii: Pre\u021bul afi\u0219at NU include TAXE sau taxe vamale. Responsabilitatea de a v\u0103mui \u0219i de a pl\u0103ti orice tax\u0103\/tax\u0103 asociat\u0103 revine clientului. <\/li>\n<li>Clien\u021bii din UE: Pre\u021bul afi\u0219at include TAXA aplicabil\u0103, care poate fi de p\u00e2n\u0103 la 25% \u00een func\u021bie de \u021bara dumneavoastr\u0103.<\/li>\n<li>Clien\u021bii din Canada: Pre\u021bul afi\u0219at include taxele aplicabile, care pot include 5% GST \u0219i taxe de v\u00e2nzare provinciale suplimentare (PST), taxa de v\u00e2nzare armonizat\u0103 (HST) sau taxa de v\u00e2nzare din Quebec (QST), \u00een func\u021bie de provincia dumneavoastr\u0103.<\/li>\n<\/ul>\n<p>Pentru clien\u021bii no\u0219tri din SUA: Comenzile sunt expediate DAP (Delivered At Place). \u00cen timp ce clien\u021bii sunt responsabili pentru plata oric\u0103ror tarife aplicabile, ne baz\u0103m pe vasta noastr\u0103 experien\u021b\u0103 \u00een expedierea din Regatul Unit pentru a ne asigura c\u0103 pl\u0103ti\u021bi cele mai mici taxe posibile. Pe baza \u00eenregistr\u0103rilor noastre, aceste taxe nu dep\u0103\u0219esc de obicei 10% din valoarea articolului.  <\/p>\n<p><strong>Doar pentru clien\u021bii din UE:<\/strong> Express DDP (Delivered Duty Paid). Aceasta \u00eenseamn\u0103 c\u0103: <\/p>\n<ul>\n<li>Toate taxele vamale \u0219i impozitele sunt incluse \u00een pre\u021bul afi\u0219at pe pagina produsului.<\/li>\n<li>Nu va trebui s\u0103 pl\u0103ti\u021bi nicio tax\u0103 suplimentar\u0103 la livrare.<\/li>\n<li>\u00cen cazul rar al unor probleme legate de vam\u0103, echipa noastr\u0103 se va ocupa de procesul de v\u0103muire \u00een numele dvs. pentru a asigura o livrare f\u0103r\u0103 probleme.<\/li>\n<p>Informa\u021bii importante despre retururi:<\/p>\n<li>Dac\u0103 decide\u021bi s\u0103 returna\u021bi comanda sau s\u0103 solicita\u021bi o rambursare, v\u0103 rug\u0103m s\u0103 re\u021bine\u021bi c\u0103 taxele \u0219i impozitele pl\u0103tite \u00een numele dvs. \u00een conformitate cu termenii DDP nu pot fi rambursate.<\/li>\n<p>V\u0103 rug\u0103m s\u0103 consulta\u021bi <a href=\"https:\/\/droix.net\/terms-and-conditions\/\" target=\"_blank\" rel=\"nofollow noopener\">Termenii \u0219i condi\u021biile<\/a> noastre pentru informa\u021bii detaliate.\n<\/ul>\n<p>[\/cg_accordion]\n[cg_accordion title=\"ASISTEN\u021a\u0102 PENTRU CLIEN\u021aI\"]<\/p>\n<p>Ave\u021bi o \u00eentrebare? Suntem la un scurt mesaj distan\u021b\u0103 de rezolvarea problemei tale! <\/p>\n<p>V\u0103 rug\u0103m s\u0103 consulta\u021bi <a href=\"https:\/\/gpdstore.net\/ro\/terms-of-service\/\" target=\"_blank\" rel=\"nofollow noopener\">Termenii \u0219i condi\u021biile<\/a> noastre pentru informa\u021bii detaliate.\n<\/ul>\n<p>[\/cg_accordion]\n[cg_accordion title=\"CE ESTE INCLUS\"]<\/p>\n<ul>\n<li>1x hus\u0103 GPD WIN 5<\/li>\n<\/ul>\n<p>[\/cg_accordion]\n","protected":false},"featured_media":1250961,"template":"","meta":{"_acf_changed":false},"product_brand":[],"product_cat":[5390],"product_tag":[],"woo-feed-brand":[],"class_list":{"0":"post-1251779","1":"product","2":"type-product","3":"status-publish","4":"has-post-thumbnail","6":"product_cat-accesorii","7":"product_shipping_class-low-end","8":"pa_accessory-type-carcasa-protectoare","9":"pa_brand-gpd","11":"first","12":"instock","13":"taxable","14":"shipping-taxable","15":"purchasable","16":"product-type-variable","17":"has-default-attributes"},"acf":[],"aioseo_notices":[],"_links":{"self":[{"href":"https:\/\/gpdstore.net\/ro\/wp-json\/wp\/v2\/product\/1251779","targetHints":{"allow":["GET"]}}],"collection":[{"href":"https:\/\/gpdstore.net\/ro\/wp-json\/wp\/v2\/product"}],"about":[{"href":"https:\/\/gpdstore.net\/ro\/wp-json\/wp\/v2\/types\/product"}],"wp:featuredmedia":[{"embeddable":true,"href":"https:\/\/gpdstore.net\/ro\/wp-json\/wp\/v2\/media\/1250961"}],"wp:attachment":[{"href":"https:\/\/gpdstore.net\/ro\/wp-json\/wp\/v2\/media?parent=1251779"}],"wp:term":[{"taxonomy":"product_brand","embeddable":true,"href":"https:\/\/gpdstore.net\/ro\/wp-json\/wp\/v2\/product_brand?post=1251779"},{"taxonomy":"product_cat","embeddable":true,"href":"https:\/\/gpdstore.net\/ro\/wp-json\/wp\/v2\/product_cat?post=1251779"},{"taxonomy":"product_tag","embeddable":true,"href":"https:\/\/gpdstore.net\/ro\/wp-json\/wp\/v2\/product_tag?post=1251779"},{"taxonomy":"woo-feed-brand","embeddable":true,"href":"https:\/\/gpdstore.net\/ro\/wp-json\/wp\/v2\/woo-feed-brand?post=1251779"}],"curies":[{"name":"wp","href":"https:\/\/api.w.org\/{rel}","templated":true}]}}