{"id":221259,"date":"2023-03-23T16:49:44","date_gmt":"2023-03-23T16:49:44","guid":{"rendered":"https:\/\/gpdstore.net\/politica-privind-modulele-cookie\/"},"modified":"2024-12-11T13:42:19","modified_gmt":"2024-12-11T13:42:19","slug":"politica-privind-modulele-cookie","status":"publish","type":"page","link":"https:\/\/gpdstore.net\/ro\/politica-privind-modulele-cookie\/","title":{"rendered":"Politica privind modulele cookie"},"content":{"rendered":"\n<p>Urm\u0103toarea Politic\u0103 privind modulele cookie trebuie luat\u0103 \u00een considerare \u00een concordan\u021b\u0103 cu (\u00cemperecheat\u0103 cu), &#8220;ca una&#8221; cu <a href=\"https:\/\/gpdstore.net\/ro\/termeni-de-serviciu\/\" target=\"_blank\" data-type=\"URL\" data-id=\"\/terms-of-service\/\" rel=\"noreferrer noopener\">Termenii \u0219i condi\u021biile<\/a>, <a href=\"https:\/\/gpdstore.net\/ro\/politica-de-rambursare-si-returnare\/\" target=\"_blank\" data-type=\"URL\" data-id=\"\/refund-and-returns-policy\/\" rel=\"noreferrer noopener\">Politica privind return\u0103rile \u0219i ramburs\u0103rile<\/a> \u0219i <a href=\"https:\/\/gpdstore.net\/ro\/politica-de-confidentialitate\/\" target=\"_blank\" data-type=\"URL\" data-id=\"\/privacy-policy\/\" rel=\"noreferrer noopener\">Politica de confiden\u021bialitate<\/a><\/p>\n\n<ol class=\"wp-block-list\">\n<li>Ace\u0219ti termeni de v\u00e2nzare se aplic\u0103 tuturor bunurilor furnizate de DroiX US Corp (Furnizorul).\n<ol class=\"wp-block-list\">\n<li>\u00cen prezentul contract, trimiterile sunt la: Noi (DroiX US Corp) suntem Furnizorul, iar dumneavoastr\u0103 (Clientul)<\/li>\n<\/ol>\n<\/li>\n<\/ol>\n\n<ol class=\"wp-block-list\">\n<li>Site-ul furnizorului utilizeaz\u0103 module cookie pentru a distinge clientul, adic\u0103 dumneavoastr\u0103, de al\u021bi utilizatori ai site-ului. Acest lucru ajut\u0103 furnizorul s\u0103 v\u0103 ofere o experien\u021b\u0103 bun\u0103 atunci c\u00e2nd naviga\u021bi pe site-ul web al furnizorului \u0219i, de asemenea, permite furnizorului s\u0103 \u00eembun\u0103t\u0103\u021beasc\u0103 site-ul nostru. Continu\u00e2nd s\u0103 naviga\u021bi pe site, sunte\u021bi de acord cu utilizarea cookie-urilor de c\u0103tre Furnizor.  <\/li>\n\n\n\n<li>Un cookie este un fi\u0219ier mic de litere \u0219i numere pe care Furnizorul \u00eel stocheaz\u0103 \u00een browserul dvs. sau pe hard diskul computerului sau al telefonului dvs. mobil, dac\u0103 sunte\u021bi de acord. Cookie-urile con\u021bin informa\u021bii care sunt transferate pe hard disk-ul computerului dumneavoastr\u0103. <\/li>\n\n\n\n<li>Furnizorul utilizeaz\u0103 urm\u0103toarele module cookie:\n<ol class=\"wp-block-list\">\n<li>Module cookie strict necesare. Acestea sunt module cookie care sunt necesare pentru func\u021bionarea site-ului web al furnizorului. Acestea includ, de exemplu, module cookie care v\u0103 permit s\u0103 v\u0103 conecta\u021bi la zonele securizate ale site-ului web al furnizorului \u0219i s\u0103 efectua\u021bi tranzac\u021bii.  <\/li>\n\n\n\n<li>Cookie-uri analitice\/de performan\u021b\u0103. Acestea permit furnizorului s\u0103 recunoasc\u0103 \u0219i s\u0103 numere num\u0103rul de vizitatori \u0219i s\u0103 vad\u0103 cum se deplaseaz\u0103 vizitatorii pe site-ul web al furnizorului atunci c\u00e2nd \u00eel utilizeaz\u0103. Acest lucru ajut\u0103 furnizorul s\u0103 \u00eembun\u0103t\u0103\u021beasc\u0103 modul de func\u021bionare a site-ului, de exemplu, asigur\u00e2ndu-se c\u0103 utilizatorii g\u0103sesc ceea ce caut\u0103 cu u\u0219urin\u021b\u0103 \u0219i f\u0103r\u0103 probleme.  <\/li>\n\n\n\n<li>Furnizorul utilizeaz\u0103 module cookie Google Analytics. Google Analytics colecteaz\u0103 informa\u021bii \u00een mod anonim. Acesta raporteaz\u0103 tendin\u021bele site-ului f\u0103r\u0103 a identifica vizitatorii individuali. Pute\u021bi renun\u021ba la Google Analytics f\u0103r\u0103 a afecta modul \u00een care vizita\u021bi acest site. Pentru mai multe informa\u021bii despre Google Analytics, v\u0103 rug\u0103m s\u0103 face\u021bi clic aici.    <\/li>\n\n\n\n<li>Module cookie de direc\u021bionare. Aceste module cookie \u00eenregistreaz\u0103 vizita dvs. pe site-ul web al furnizorului, paginile pe care le-a\u021bi vizitat \u0219i linkurile pe care le-a\u021bi urmat. Furnizorul utilizeaz\u0103 aceste informa\u021bii pentru a face site-ul web \u0219i publicitatea afi\u0219at\u0103 pe acesta mai relevante pentru interesele dumneavoastr\u0103. Furnizorul poate, de asemenea, s\u0103 partajeze aceste informa\u021bii cu ter\u021be p\u0103r\u021bi \u00een acest scop.   <\/li>\n<\/ol>\n<\/li>\n\n\n\n<li>V\u0103 rug\u0103m s\u0103 re\u021bine\u021bi c\u0103 p\u0103r\u021bile ter\u021be (inclusiv, de exemplu, re\u021belele de publicitate \u0219i furnizorii de servicii externe, cum ar fi serviciile de analiz\u0103 a traficului web) pot utiliza, de asemenea, module cookie, asupra c\u0103rora Furnizorul nu are niciun control. Aceste module cookie sunt susceptibile de a fi module cookie analitice\/de performan\u021b\u0103 sau module cookie de direc\u021bionare. <\/li>\n\n\n\n<li>Pute\u021bi bloca modulele cookie prin activarea set\u0103rii browserului dvs. care v\u0103 permite s\u0103 refuza\u021bi setarea tuturor sau a unor module cookie. Cu toate acestea, dac\u0103 utiliza\u021bi set\u0103rile browserului pentru a bloca toate modulele cookie (inclusiv modulele cookie esen\u021biale), este posibil s\u0103 nu pute\u021bi accesa integral sau par\u021bial site-ul web al furnizorului. <\/li>\n<\/ol>\n\n<p>Ultima actualizare a Politicii privind cookie-urile: 23 martie, 2023 &#8211; 4:48PM.<\/p>\n","protected":false},"excerpt":{"rendered":"<p>Urm\u0103toarea Politic\u0103 privind modulele cookie trebuie luat\u0103 \u00een considerare \u00een concordan\u021b\u0103 cu (\u00cemperecheat\u0103 cu), &#8220;ca una&#8221; cu Termenii \u0219i condi\u021biile, Politica privind return\u0103rile \u0219i ramburs\u0103rile \u0219i Politica de confiden\u021bialitate Ultima actualizare a Politicii privind cookie-urile: 23 martie, 2023 &#8211; 4:48PM.<\/p>\n","protected":false},"author":1,"featured_media":0,"parent":0,"menu_order":0,"comment_status":"closed","ping_status":"closed","template":"template-fullwidth.php","meta":{"_acf_changed":false,"footnotes":""},"class_list":["post-221259","page","type-page","status-publish","hentry"],"acf":[],"aioseo_notices":[],"_links":{"self":[{"href":"https:\/\/gpdstore.net\/ro\/wp-json\/wp\/v2\/pages\/221259","targetHints":{"allow":["GET"]}}],"collection":[{"href":"https:\/\/gpdstore.net\/ro\/wp-json\/wp\/v2\/pages"}],"about":[{"href":"https:\/\/gpdstore.net\/ro\/wp-json\/wp\/v2\/types\/page"}],"author":[{"embeddable":true,"href":"https:\/\/gpdstore.net\/ro\/wp-json\/wp\/v2\/users\/1"}],"replies":[{"embeddable":true,"href":"https:\/\/gpdstore.net\/ro\/wp-json\/wp\/v2\/comments?post=221259"}],"version-history":[{"count":0,"href":"https:\/\/gpdstore.net\/ro\/wp-json\/wp\/v2\/pages\/221259\/revisions"}],"wp:attachment":[{"href":"https:\/\/gpdstore.net\/ro\/wp-json\/wp\/v2\/media?parent=221259"}],"curies":[{"name":"wp","href":"https:\/\/api.w.org\/{rel}","templated":true}]}}