{"id":220755,"date":"2023-03-23T16:38:25","date_gmt":"2023-03-23T16:38:25","guid":{"rendered":"https:\/\/gpdstore.net\/despre-noi\/"},"modified":"2024-12-11T13:38:57","modified_gmt":"2024-12-11T13:38:57","slug":"despre-noi","status":"publish","type":"page","link":"https:\/\/gpdstore.net\/ro\/despre-noi\/","title":{"rendered":"Despre noi"},"content":{"rendered":"\t\t<div data-elementor-type=\"wp-page\" data-elementor-id=\"220755\" class=\"elementor elementor-220755 elementor-10\" data-elementor-settings=\"{&quot;element_pack_global_tooltip_width&quot;:{&quot;unit&quot;:&quot;px&quot;,&quot;size&quot;:&quot;&quot;,&quot;sizes&quot;:[]},&quot;element_pack_global_tooltip_width_tablet&quot;:{&quot;unit&quot;:&quot;px&quot;,&quot;size&quot;:&quot;&quot;,&quot;sizes&quot;:[]},&quot;element_pack_global_tooltip_width_mobile&quot;:{&quot;unit&quot;:&quot;px&quot;,&quot;size&quot;:&quot;&quot;,&quot;sizes&quot;:[]},&quot;element_pack_global_tooltip_padding&quot;:{&quot;unit&quot;:&quot;px&quot;,&quot;top&quot;:&quot;&quot;,&quot;right&quot;:&quot;&quot;,&quot;bottom&quot;:&quot;&quot;,&quot;left&quot;:&quot;&quot;,&quot;isLinked&quot;:true},&quot;element_pack_global_tooltip_padding_tablet&quot;:{&quot;unit&quot;:&quot;px&quot;,&quot;top&quot;:&quot;&quot;,&quot;right&quot;:&quot;&quot;,&quot;bottom&quot;:&quot;&quot;,&quot;left&quot;:&quot;&quot;,&quot;isLinked&quot;:true},&quot;element_pack_global_tooltip_padding_mobile&quot;:{&quot;unit&quot;:&quot;px&quot;,&quot;top&quot;:&quot;&quot;,&quot;right&quot;:&quot;&quot;,&quot;bottom&quot;:&quot;&quot;,&quot;left&quot;:&quot;&quot;,&quot;isLinked&quot;:true},&quot;element_pack_global_tooltip_border_radius&quot;:{&quot;unit&quot;:&quot;px&quot;,&quot;top&quot;:&quot;&quot;,&quot;right&quot;:&quot;&quot;,&quot;bottom&quot;:&quot;&quot;,&quot;left&quot;:&quot;&quot;,&quot;isLinked&quot;:true},&quot;element_pack_global_tooltip_border_radius_tablet&quot;:{&quot;unit&quot;:&quot;px&quot;,&quot;top&quot;:&quot;&quot;,&quot;right&quot;:&quot;&quot;,&quot;bottom&quot;:&quot;&quot;,&quot;left&quot;:&quot;&quot;,&quot;isLinked&quot;:true},&quot;element_pack_global_tooltip_border_radius_mobile&quot;:{&quot;unit&quot;:&quot;px&quot;,&quot;top&quot;:&quot;&quot;,&quot;right&quot;:&quot;&quot;,&quot;bottom&quot;:&quot;&quot;,&quot;left&quot;:&quot;&quot;,&quot;isLinked&quot;:true}}\" data-elementor-post-type=\"page\">\n\t\t\t\t\t\t<section class=\"elementor-section elementor-top-section elementor-element elementor-element-9ee181d elementor-section-height-min-height elementor-section-content-middle elementor-reverse-mobile elementor-section-boxed elementor-section-height-default elementor-section-items-middle\" data-id=\"9ee181d\" data-element_type=\"section\" data-settings=\"{&quot;background_background&quot;:&quot;classic&quot;,&quot;background_motion_fx_motion_fx_scrolling&quot;:&quot;yes&quot;,&quot;background_motion_fx_blur_effect&quot;:&quot;yes&quot;,&quot;background_motion_fx_range&quot;:&quot;viewport&quot;,&quot;background_motion_fx_motion_fx_mouse&quot;:&quot;yes&quot;,&quot;background_motion_fx_mouseTrack_effect&quot;:&quot;yes&quot;,&quot;background_motion_fx_blur_direction&quot;:&quot;out-in&quot;,&quot;background_motion_fx_blur_level&quot;:{&quot;unit&quot;:&quot;px&quot;,&quot;size&quot;:7,&quot;sizes&quot;:[]},&quot;background_motion_fx_blur_range&quot;:{&quot;unit&quot;:&quot;%&quot;,&quot;size&quot;:&quot;&quot;,&quot;sizes&quot;:{&quot;start&quot;:20,&quot;end&quot;:80}},&quot;background_motion_fx_devices&quot;:[&quot;desktop&quot;,&quot;tablet&quot;,&quot;mobile&quot;],&quot;background_motion_fx_mouseTrack_speed&quot;:{&quot;unit&quot;:&quot;px&quot;,&quot;size&quot;:1,&quot;sizes&quot;:[]}}\">\n\t\t\t\t\t\t<div class=\"elementor-container elementor-column-gap-no\">\n\t\t\t\t\t<div class=\"elementor-column elementor-col-100 elementor-top-column elementor-element elementor-element-53c0e4e\" data-id=\"53c0e4e\" data-element_type=\"column\" data-settings=\"{&quot;background_background&quot;:&quot;classic&quot;}\">\n\t\t\t<div class=\"elementor-widget-wrap elementor-element-populated\">\n\t\t\t\t\t\t<div class=\"elementor-element elementor-element-d21bfa3 elementor-widget elementor-widget-heading\" data-id=\"d21bfa3\" data-element_type=\"widget\" data-widget_type=\"heading.default\">\n\t\t\t\t<div class=\"elementor-widget-container\">\n\t\t\t\t\t<h2 class=\"elementor-heading-title elementor-size-default\">GPD<br>x<br>DROIX<\/h2>\t\t\t\t<\/div>\n\t\t\t\t<\/div>\n\t\t\t\t<div class=\"elementor-element elementor-element-4bf96d9 elementor-widget elementor-widget-text-editor\" data-id=\"4bf96d9\" data-element_type=\"widget\" data-widget_type=\"text-editor.default\">\n\t\t\t\t<div class=\"elementor-widget-container\">\n\t\t\t\t\t\t\t\t\t<p>Bine a\u021bi venit la GPD Store, destina\u021bia dvs. unic\u0103 pentru cele mai moderne PC-uri de gaming portabile de pe pia\u021b\u0103.<\/p>\n<p>Suntem un retailer m\u00e2ndru de produse GPD (GamePad Digital), oferindu-v\u0103 cele mai recente \u0219i mai inovatoare dispozitive, inclusiv GPD WIN 4, GPD Pocket 4, GPD Pocket 3 \u0219i multe alte gadgeturi GPD. Angajamentul nostru de a oferi experien\u021be de joc de calitate superioar\u0103 ne face alegerea potrivit\u0103 pentru entuzia\u0219tii care caut\u0103 centrale portabile. <\/p>\n<p>La GPD Store, \u00een\u021belegem c\u0103 experien\u021ba perfect\u0103 de joc merge dincolo de dispozitivul \u00een sine. De aceea, am \u00eencheiat un parteneriat cu DroiX, un nume de \u00eencredere \u00een logistic\u0103 \u0219i asisten\u021b\u0103 pentru clien\u021bi, pentru a ne asigura c\u0103 c\u0103l\u0103toria dvs. de cump\u0103r\u0103turi cu noi este u\u0219oar\u0103 \u0219i f\u0103r\u0103 probleme. De la plasarea comenzii p\u00e2n\u0103 la primirea dispozitivului \u0219i nu numai, expertiza DroiX garanteaz\u0103 o experien\u021b\u0103 f\u0103r\u0103 probleme, permi\u021b\u00e2ndu-v\u0103 s\u0103 v\u0103 concentra\u021bi pe ceea ce conteaz\u0103 cel mai mult &#8211; s\u0103 v\u0103 scufunda\u021bi \u00een jocurile preferate.  <\/p>\n<p>Misiunea noastr\u0103 la GPD Store este s\u0103 v\u0103 oferim cea mai bun\u0103 experien\u021b\u0103 de joc portabil, sus\u021binut\u0103 de dedicarea noastr\u0103 de nezdruncinat pentru satisfac\u021bia clien\u021bilor. Fiind noi \u00een\u0219ine pasiona\u021bi de jocuri, apreciem importan\u021ba de a avea dispozitivul potrivit \u00een m\u00e2inile tale. De aceea, ne str\u0103duim \u00een permanen\u021b\u0103 s\u0103 oferim cele mai bune produse GPD de pe pia\u021b\u0103, \u00eempreun\u0103 cu servicii pentru clien\u021bi de top.  <\/p>\n<p>C\u00e2nd face\u021bi cump\u0103r\u0103turi la GPD Store, nu cump\u0103ra\u021bi doar un dispozitiv; v\u0103 al\u0103tura\u021bi unei comunit\u0103\u021bi de juc\u0103tori care apreciaz\u0103 echilibrul perfect \u00eentre putere \u0219i portabilitate. V\u0103 invit\u0103m s\u0103 explora\u021bi gama noastr\u0103 de produse \u0219i s\u0103 experimenta\u021bi diferen\u021ba pe care o ofer\u0103 GPD Store. Preg\u0103ti\u021bi-v\u0103 s\u0103 v\u0103 ridica\u021bi nivelul de joc cu noi!  <\/p>\n\t\t\t\t\t\t\t\t<\/div>\n\t\t\t\t<\/div>\n\t\t\t\t\t<\/div>\n\t\t<\/div>\n\t\t\t\t\t<\/div>\n\t\t<\/section>\n\t\t\t\t<\/div>\n\t\t","protected":false},"excerpt":{"rendered":"<p>GPDxDROIX Bine a\u021bi venit la GPD Store, destina\u021bia dvs. unic\u0103 pentru cele mai moderne PC-uri de gaming portabile de pe pia\u021b\u0103. Suntem un retailer m\u00e2ndru de produse GPD (GamePad Digital), oferindu-v\u0103 cele mai recente \u0219i mai inovatoare dispozitive, inclusiv GPD WIN 4, GPD Pocket 4, GPD Pocket 3 \u0219i multe alte gadgeturi GPD. Angajamentul nostru [&hellip;]<\/p>\n","protected":false},"author":1,"featured_media":0,"parent":0,"menu_order":0,"comment_status":"closed","ping_status":"closed","template":"template-fullwidth-no-heading.php","meta":{"_acf_changed":false,"footnotes":""},"class_list":["post-220755","page","type-page","status-publish","hentry"],"acf":[],"aioseo_notices":[],"_links":{"self":[{"href":"https:\/\/gpdstore.net\/ro\/wp-json\/wp\/v2\/pages\/220755","targetHints":{"allow":["GET"]}}],"collection":[{"href":"https:\/\/gpdstore.net\/ro\/wp-json\/wp\/v2\/pages"}],"about":[{"href":"https:\/\/gpdstore.net\/ro\/wp-json\/wp\/v2\/types\/page"}],"author":[{"embeddable":true,"href":"https:\/\/gpdstore.net\/ro\/wp-json\/wp\/v2\/users\/1"}],"replies":[{"embeddable":true,"href":"https:\/\/gpdstore.net\/ro\/wp-json\/wp\/v2\/comments?post=220755"}],"version-history":[{"count":0,"href":"https:\/\/gpdstore.net\/ro\/wp-json\/wp\/v2\/pages\/220755\/revisions"}],"wp:attachment":[{"href":"https:\/\/gpdstore.net\/ro\/wp-json\/wp\/v2\/media?parent=220755"}],"curies":[{"name":"wp","href":"https:\/\/api.w.org\/{rel}","templated":true}]}}