{"id":908943,"date":"2024-11-28T10:10:01","date_gmt":"2024-11-28T10:10:01","guid":{"rendered":"https:\/\/gpdstore.net\/sem%20categoria\/gpd-pocket-4-modulo-kvm\/"},"modified":"2026-03-29T00:42:40","modified_gmt":"2026-03-29T00:42:40","slug":"gpd-pocket-4-kvm-module","status":"publish","type":"product","link":"https:\/\/gpdstore.net\/pt-pt\/product\/gpd-pocket-4-kvm-module\/","title":{"rendered":"M\u00f3dulo KVM GPD Pocket 4"},"content":{"rendered":"\n<p>O GPD Pocket 4 oferece um m\u00f3dulo KVM exclusivo como funcionalidade opcional, permitindo aos utilizadores controlar outros sistemas.<\/p>\n\n<p><\/p>\n","protected":false},"excerpt":{"rendered":"<ul>\n<li><strong>Acess\u00f3rio oficial do GPD<\/strong><\/li>\n<li>M\u00f3dulo de expans\u00e3o <strong>KVM<\/strong> <\/li>\n<li>Portas HDMI e<strong> USB-C<\/strong> <\/li>\n<li>Instala facilmente no<strong> GPD Pocket 4<\/strong><\/li>\n<\/ul>\n[cg_accordion title=\"INFORMA\u00c7\u00d5ES DE PAGAMENTO\"]<\/p>\n<p>Utilizamos a mais recente tecnologia em processamento de pagamentos, o que lhe permite efetuar o checkout atrav\u00e9s do seu cart\u00e3o de d\u00e9bito\/cr\u00e9dito ou PayPal para uma experi\u00eancia r\u00e1pida e segura.[\/cg_accordion]\n[cg_accordion title=\"GARANTIA\"]<\/p>\n<p>2 anos de garantia da <a href=\"https:\/\/droix.net\/\" target=\"_blank\" rel=\"nofollow noopener\">DROIX Global<\/a> para a sua paz de esp\u00edrito[\/cg_accordion]\n[cg_accordion title=\"GARANTIA DE QUALIDADE E ENSAIOS PR\u00c9-EXPEDI\u00c7\u00c3O\"]<\/p>\n<p>Garante a satisfa\u00e7\u00e3o do cliente ao mais alto n\u00edvel: Todos os dispositivos s\u00e3o submetidos a testes rigorosos e a uma verifica\u00e7\u00e3o de garantia de qualidade multiponto antes de serem enviados. A nossa equipa dedicada verifica o desempenho, a funcionalidade e a integridade dos componentes para garantir que o teu dispositivo GPD est\u00e1 em perfeitas condi\u00e7\u00f5es de funcionamento \u00e0 chegada, proporcionando-te confian\u00e7a e paz de esp\u00edrito. [\/cg_accordion]\n[cg_accordion title=\"PRE\u00c7OS, IMPOSTOS E ENVIO\"]<\/p>\n<p><strong><u>Nota:<\/u><\/strong><\/p>\n<ul>\n<li>Clientes dos Estados Unidos: O pre\u00e7o apresentado N\u00c3O inclui TAXAS nem impostos. A responsabilidade pelo desalfandegamento e pelo pagamento de quaisquer impostos\/taxas associadas recai sobre o cliente. <\/li>\n<li>Clientes da UE: O pre\u00e7o apresentado inclui o IMPOSTO aplic\u00e1vel, que pode ir at\u00e9 25% consoante o pa\u00eds.<\/li>\n<li>Clientes do Canad\u00e1: O pre\u00e7o apresentado inclui os impostos aplic\u00e1veis, que podem incluir 5% de GST e impostos adicionais sobre vendas provinciais (PST), imposto sobre vendas harmonizado (HST) ou imposto sobre vendas do Quebec (QST), dependendo da sua prov\u00edncia.<\/li>\n<\/ul>\n<p>Para os nossos clientes dos EUA: As encomendas s\u00e3o enviadas DAP (Delivered At Place). Embora os clientes sejam respons\u00e1veis pelo pagamento de quaisquer tarifas aplic\u00e1veis, baseamo-nos na nossa vasta experi\u00eancia de envio a partir do Reino Unido para garantir que pagas o m\u00ednimo poss\u00edvel. Com base nos nossos registos, estes encargos n\u00e3o excedem normalmente 10% do valor do artigo.  <\/p>\n<p><strong>APENAS para clientes da UE:<\/strong> Expresso DDP (Delivered Duty Paid). Isto significa que: <\/p>\n<ul>\n<li>Todos os direitos aduaneiros e impostos est\u00e3o inclu\u00eddos no pre\u00e7o apresentado na p\u00e1gina do produto.<\/li>\n<li>N\u00e3o ter\u00e1 de pagar quaisquer encargos adicionais aquando da entrega.<\/li>\n<li>Na rara eventualidade de problemas relacionados com a alf\u00e2ndega, a nossa equipa tratar\u00e1 do processo de desalfandegamento em seu nome para garantir uma experi\u00eancia de entrega sem problemas.<\/li>\n<p>Informa\u00e7\u00f5es importantes sobre as devolu\u00e7\u00f5es:<\/p>\n<li>Se decidir devolver a sua encomenda ou solicitar um reembolso, tenha em aten\u00e7\u00e3o que os impostos e direitos pagos em seu nome ao abrigo das condi\u00e7\u00f5es DDP n\u00e3o podem ser reembolsados.<\/li>\n<p>Consulte os nossos <a href=\"https:\/\/droix.net\/terms-and-conditions\/\" target=\"_blank\" rel=\"nofollow noopener\">Termos e Condi\u00e7\u00f5es<\/a> para obter informa\u00e7\u00f5es pormenorizadas.\n<\/ul>\n<p>[\/cg_accordion]\n[cg_accordion title=\"APOIO AO CLIENTE\"]<\/p>\n<p>Tem uma pergunta? Estamos a uma curta mensagem de texto de ter o seu problema resolvido! <\/p>\n<p>Consulte os nossos <a href=\"https:\/\/gpdstore.net\/pt-pt\/terms-of-service\/\" target=\"_blank\" rel=\"nofollow noopener\">Termos e Condi\u00e7\u00f5es<\/a> para obter informa\u00e7\u00f5es pormenorizadas.\n<\/ul>\n<p>[\/cg_accordion]\n[cg_accordion title=\"O QUE EST\u00c1 INCLU\u00cdDO\"]<\/p>\n<ul>\n<li>1x M\u00f3dulo KVM<\/li>\n<\/ul>\n<p>[\/cg_accordion]\n","protected":false},"featured_media":907913,"template":"","meta":{"_acf_changed":false},"product_brand":[],"product_cat":[5392],"product_tag":[18488],"woo-feed-brand":[5757],"class_list":{"0":"post-908943","1":"product","2":"type-product","3":"status-publish","4":"has-post-thumbnail","6":"product_cat-acessorios","7":"product_tag-25xmsale-pt-pt","8":"product_shipping_class-low-end","9":"pa_accessory-type-complementos","10":"pa_accessory-type-suplementos","11":"pa_brand-gpd","12":"woo-feed-brand-gpd-pt-pt","14":"first","15":"outofstock","16":"sale","17":"taxable","18":"shipping-taxable","19":"purchasable","20":"product-type-simple"},"acf":[],"aioseo_notices":[],"_links":{"self":[{"href":"https:\/\/gpdstore.net\/pt-pt\/wp-json\/wp\/v2\/product\/908943","targetHints":{"allow":["GET"]}}],"collection":[{"href":"https:\/\/gpdstore.net\/pt-pt\/wp-json\/wp\/v2\/product"}],"about":[{"href":"https:\/\/gpdstore.net\/pt-pt\/wp-json\/wp\/v2\/types\/product"}],"wp:featuredmedia":[{"embeddable":true,"href":"https:\/\/gpdstore.net\/pt-pt\/wp-json\/wp\/v2\/media\/907913"}],"wp:attachment":[{"href":"https:\/\/gpdstore.net\/pt-pt\/wp-json\/wp\/v2\/media?parent=908943"}],"wp:term":[{"taxonomy":"product_brand","embeddable":true,"href":"https:\/\/gpdstore.net\/pt-pt\/wp-json\/wp\/v2\/product_brand?post=908943"},{"taxonomy":"product_cat","embeddable":true,"href":"https:\/\/gpdstore.net\/pt-pt\/wp-json\/wp\/v2\/product_cat?post=908943"},{"taxonomy":"product_tag","embeddable":true,"href":"https:\/\/gpdstore.net\/pt-pt\/wp-json\/wp\/v2\/product_tag?post=908943"},{"taxonomy":"woo-feed-brand","embeddable":true,"href":"https:\/\/gpdstore.net\/pt-pt\/wp-json\/wp\/v2\/woo-feed-brand?post=908943"}],"curies":[{"name":"wp","href":"https:\/\/api.w.org\/{rel}","templated":true}]}}