{"id":908867,"date":"2024-11-28T09:55:52","date_gmt":"2024-11-28T09:55:52","guid":{"rendered":"https:\/\/gpdstore.net\/sem%20categoria\/gpd-pocket-4-modulo-4g-lte\/"},"modified":"2026-01-06T02:08:05","modified_gmt":"2026-01-06T02:08:05","slug":"gpd-pocket-4-4g-lte-module","status":"publish","type":"product","link":"https:\/\/gpdstore.net\/pt-pt\/product\/gpd-pocket-4-4g-lte-module\/","title":{"rendered":"GPD Pocket 4 M\u00f3dulo 4G LTE"},"content":{"rendered":"\n<p>O GPD Pocket 4 oferece um m\u00f3dulo 4G LTE exclusivo como funcionalidade opcional, permitindo aos utilizadores ligarem-se a todas as redes m\u00f3veis para jogarem em movimento.<\/p>\n\n<p><\/p>\n","protected":false},"excerpt":{"rendered":"<ul>\n<li><strong>Acess\u00f3rio oficial do GPD<\/strong><\/li>\n<li>M\u00f3dulo de expans\u00e3o <strong>4G LTE<\/strong> para jogos em movimento<\/li>\n<li>Ranhura para<strong> cart\u00e3o SIM<\/strong><\/li>\n<li>Instala facilmente no<strong> GPD Pocket 4<\/strong><\/li>\n<\/ul>\n[cg_accordion title=\"INFORMA\u00c7\u00d5ES DE PAGAMENTO\"]<\/p>\n<p>Utilizamos a mais recente tecnologia em processamento de pagamentos, o que lhe permite efetuar o checkout atrav\u00e9s do seu cart\u00e3o de d\u00e9bito\/cr\u00e9dito ou PayPal para uma experi\u00eancia r\u00e1pida e segura.[\/cg_accordion]\n[cg_accordion title=\"GARANTIA\"]<\/p>\n<p>2 anos de garantia da <a href=\"https:\/\/droix.net\/\" target=\"_blank\" rel=\"nofollow noopener\">DROIX Global<\/a> para a sua paz de esp\u00edrito[\/cg_accordion]\n[cg_accordion title=\"PRE\u00c7OS, IMPOSTOS E ENVIO\"]<\/p>\n<p><strong><u>Nota:<\/u><\/strong><\/p>\n<ul>\n<li>Clientes dos Estados Unidos: O pre\u00e7o apresentado N\u00c3O inclui TAXAS nem impostos. A responsabilidade pelo desalfandegamento e pelo pagamento de quaisquer impostos\/taxas associadas recai sobre o cliente. <\/li>\n<li>Clientes da UE: O pre\u00e7o apresentado inclui o IMPOSTO aplic\u00e1vel, que pode ir at\u00e9 25% consoante o pa\u00eds.<\/li>\n<li>Clientes do Canad\u00e1: O pre\u00e7o apresentado inclui os impostos aplic\u00e1veis, que podem incluir 5% de GST e impostos adicionais sobre vendas provinciais (PST), imposto sobre vendas harmonizado (HST) ou imposto sobre vendas do Quebec (QST), dependendo da sua prov\u00edncia.<\/li>\n<\/ul>\n<p><strong>APENAS para clientes da UE:<\/strong> Expresso DDP (Delivered Duty Paid). Isto significa que: <\/p>\n<ul>\n<li>Todos os direitos aduaneiros e impostos est\u00e3o inclu\u00eddos no pre\u00e7o apresentado na p\u00e1gina do produto.<\/li>\n<li>N\u00e3o ter\u00e1 de pagar quaisquer encargos adicionais aquando da entrega.<\/li>\n<li>Na rara eventualidade de problemas relacionados com a alf\u00e2ndega, a nossa equipa tratar\u00e1 do processo de desalfandegamento em seu nome para garantir uma experi\u00eancia de entrega sem problemas.<\/li>\n<p>Informa\u00e7\u00f5es importantes sobre as devolu\u00e7\u00f5es:<\/p>\n<li>Se decidir devolver a sua encomenda ou solicitar um reembolso, tenha em aten\u00e7\u00e3o que os impostos e direitos pagos em seu nome ao abrigo das condi\u00e7\u00f5es DDP n\u00e3o podem ser reembolsados.<\/li>\n<p>Consulte os nossos <a href=\"https:\/\/droix.net\/terms-and-conditions\/\" target=\"_blank\" rel=\"nofollow noopener\">Termos e Condi\u00e7\u00f5es<\/a> para obter informa\u00e7\u00f5es pormenorizadas.\n<\/ul>\n<p>[\/cg_accordion]\n[cg_accordion title=\"APOIO AO CLIENTE\"]<\/p>\n<p>Tem uma pergunta? Estamos a uma curta mensagem de texto de ter o seu problema resolvido! <\/p>\n<p>Consulte os nossos <a href=\"https:\/\/gpdstore.net\/pt-pt\/terms-of-service\/\" target=\"_blank\" rel=\"nofollow noopener\">Termos e Condi\u00e7\u00f5es<\/a> para obter informa\u00e7\u00f5es pormenorizadas.\n<\/ul>\n<p>[\/cg_accordion]\n[cg_accordion title=\"O QUE EST\u00c1 INCLU\u00cdDO\"]<\/p>\n<ul>\n<li>1x M\u00f3dulo 4G LTE<\/li>\n<\/ul>\n<p>[\/cg_accordion]\n","protected":false},"featured_media":907156,"template":"","meta":{"_acf_changed":false},"product_brand":[],"product_cat":[5392],"product_tag":[18488],"woo-feed-brand":[5757],"class_list":{"0":"post-908867","1":"product","2":"type-product","3":"status-publish","4":"has-post-thumbnail","6":"product_cat-acessorios","7":"product_tag-25xmsale-pt-pt","8":"product_shipping_class-standard","9":"pa_accessory-type-suplementos","10":"woo-feed-brand-gpd-pt-pt","12":"first","13":"instock","14":"sale","15":"taxable","16":"shipping-taxable","17":"purchasable","18":"product-type-simple"},"acf":[],"aioseo_notices":[],"_links":{"self":[{"href":"https:\/\/gpdstore.net\/pt-pt\/wp-json\/wp\/v2\/product\/908867","targetHints":{"allow":["GET"]}}],"collection":[{"href":"https:\/\/gpdstore.net\/pt-pt\/wp-json\/wp\/v2\/product"}],"about":[{"href":"https:\/\/gpdstore.net\/pt-pt\/wp-json\/wp\/v2\/types\/product"}],"wp:featuredmedia":[{"embeddable":true,"href":"https:\/\/gpdstore.net\/pt-pt\/wp-json\/wp\/v2\/media\/907156"}],"wp:attachment":[{"href":"https:\/\/gpdstore.net\/pt-pt\/wp-json\/wp\/v2\/media?parent=908867"}],"wp:term":[{"taxonomy":"product_brand","embeddable":true,"href":"https:\/\/gpdstore.net\/pt-pt\/wp-json\/wp\/v2\/product_brand?post=908867"},{"taxonomy":"product_cat","embeddable":true,"href":"https:\/\/gpdstore.net\/pt-pt\/wp-json\/wp\/v2\/product_cat?post=908867"},{"taxonomy":"product_tag","embeddable":true,"href":"https:\/\/gpdstore.net\/pt-pt\/wp-json\/wp\/v2\/product_tag?post=908867"},{"taxonomy":"woo-feed-brand","embeddable":true,"href":"https:\/\/gpdstore.net\/pt-pt\/wp-json\/wp\/v2\/woo-feed-brand?post=908867"}],"curies":[{"name":"wp","href":"https:\/\/api.w.org\/{rel}","templated":true}]}}