{"id":84253,"date":"2024-05-08T15:41:24","date_gmt":"2024-05-08T15:41:24","guid":{"rendered":"https:\/\/gpdstore.net\/sem%20categoria\/estacao-de-ancoragem-gpd-win-4\/"},"modified":"2025-12-23T10:17:55","modified_gmt":"2025-12-23T10:17:55","slug":"gpd-win-4-docking-station","status":"publish","type":"product","link":"https:\/\/gpdstore.net\/pt-pt\/product\/gpd-win-4-docking-station\/","title":{"rendered":"Esta\u00e7\u00e3o de ancoragem GPD WIN 4"},"content":{"rendered":"\n<h3 class=\"wp-block-heading\"><strong>Transforme o seu GPD WIN 4 num computador de secret\u00e1ria com a esta\u00e7\u00e3o de ancoragem oficial<\/strong><\/h3>\n\n<p>Eleve a sua experi\u00eancia de jogo port\u00e1til a n\u00edveis de secret\u00e1ria com a esta\u00e7\u00e3o de ancoragem GPD WIN 4. Este acess\u00f3rio essencial n\u00e3o s\u00f3 expande as suas op\u00e7\u00f5es de conetividade como tamb\u00e9m melhora a funcionalidade do seu dispositivo, transformando-o num PC de secret\u00e1ria totalmente equipado.<\/p>\n\n<h3 class=\"wp-block-heading\"><strong>Conectividade USB melhorada<\/strong><\/h3>\n\n<p>A esta\u00e7\u00e3o de ancoragem GPD WIN 4 est\u00e1 equipada com tr\u00eas portas USB 3.2 Gen 2 Tipo-A, proporcionando velocidades at\u00e9 10 Gbps para ligar uma variedade de perif\u00e9ricos, como teclados, ratos e dispositivos de armazenamento externo de alta velocidade.<\/p>\n\n<p>Inclui tamb\u00e9m uma porta USB 3.2 Gen 2 Type-C concebida para carregamento r\u00e1pido, suportando carregadores de alta pot\u00eancia para recarregar rapidamente o teu dispositivo.<\/p>\n\n<h3 class=\"wp-block-heading\"><strong>Op\u00e7\u00f5es de visualiza\u00e7\u00e3o superiores<\/strong><\/h3>\n\n<p>Experimente imagens de alta resolu\u00e7\u00e3o ligando o GPD WIN 4 a um monitor externo ou a um televisor atrav\u00e9s da porta HDMI 2.0. Esta configura\u00e7\u00e3o permite-lhe utilizar o ecr\u00e3 do GPD WIN 4 como um ecr\u00e3 secund\u00e1rio, melhorando a sua produtividade e experi\u00eancia de jogo com capacidades de ecr\u00e3 duplo.<\/p>\n\n<h3 class=\"wp-block-heading\"><strong>Conectividade r\u00e1pida e segura com a Internet<\/strong><\/h3>\n\n<p>A esta\u00e7\u00e3o de ancoragem inclui uma porta Ethernet RJ45 de 1Gbps, proporcionando uma liga\u00e7\u00e3o r\u00e1pida e segura para streaming, jogos e transfer\u00eancias de dados, ultrapassando as velocidades sem fios e a seguran\u00e7a.<\/p>\n\n<h3 class=\"wp-block-heading\"><strong>Design compacto para m\u00e1xima portabilidade<\/strong><\/h3>\n\n<p>A esta\u00e7\u00e3o de ancoragem GPD WIN 4 possui um formato compacto, medindo apenas 3,4 x 5,6 x 3,2 polegadas e pesando apenas 224g. Isto torna-a incrivelmente port\u00e1til e f\u00e1cil de integrar em qualquer espa\u00e7o de trabalho sem desordem. O seu design inclui uma parte traseira amov\u00edvel que permite ligar e transportar facilmente a base e o dispositivo.  <\/p>\n\n<p>Al\u00e9m disso, o design da esta\u00e7\u00e3o de ancoragem deixa livre a segunda porta USB Type-C no GPD WIN 4, permitindo-lhe ligar perif\u00e9ricos de alto desempenho, como uma GPU externa, melhorando ainda mais a sua configura\u00e7\u00e3o.<\/p>\n\n<h3 class=\"wp-block-heading\"><strong>Pr\u00f3s e contras da esta\u00e7\u00e3o de ancoragem GPD WIN 4<\/strong><\/h3>\n\n<h3 class=\"wp-block-heading\"><strong>Pr\u00f3s:<\/strong><\/h3>\n\n<ul class=\"wp-block-list\">\n<li>M\u00faltiplas portas USB 3.2 Gen 2 Tipo A para v\u00e1rios perif\u00e9ricos<\/li>\n\n\n\n<li>Sa\u00edda HDMI 2.0 para monitores externos ou televisores<\/li>\n\n\n\n<li>Ethernet de 1 Gbps de alta velocidade para uma conetividade fi\u00e1vel \u00e0 Internet<\/li>\n\n\n\n<li>Porta USB tipo C para carregamento r\u00e1pido do dispositivo<\/li>\n<\/ul>\n\n<h3 class=\"wp-block-heading\"><strong>Contras:<\/strong><\/h3>\n\n<ul class=\"wp-block-list\">\n<li>N\u00e3o tem uma porta USB Type-C adicional para liga\u00e7\u00f5es de perif\u00e9ricos<\/li>\n<\/ul>\n\n<h3 class=\"wp-block-heading\"><strong>Vantagens da utiliza\u00e7\u00e3o de uma esta\u00e7\u00e3o de ancoragem<\/strong><\/h3>\n\n<p>Uma esta\u00e7\u00e3o de ancoragem simplifica o seu fluxo de trabalho, ligando o seu computador port\u00e1til a v\u00e1rios perif\u00e9ricos atrav\u00e9s de um \u00fanico cabo. Isto n\u00e3o s\u00f3 ajuda a organizar o seu espa\u00e7o de trabalho como tamb\u00e9m aumenta a sua produtividade ao permitir configura\u00e7\u00f5es de dois ecr\u00e3s. Al\u00e9m disso, minimiza o desgaste das portas do seu dispositivo, prolongando a vida \u00fatil do seu GPD WIN 4, uma vez que reduz a necessidade frequente de ligar e desligar v\u00e1rios cabos.<\/p>\n\n<p>Invista hoje na esta\u00e7\u00e3o de ancoragem GPD WIN 4 para transformar a sua configura\u00e7\u00e3o de jogos e otimizar o seu espa\u00e7o de trabalho, tornando o GPD WIN 4 n\u00e3o apenas um gadget de jogos, mas uma esta\u00e7\u00e3o de trabalho completa.<\/p>\n","protected":false},"excerpt":{"rendered":"<ul>\n<li>Armazenar e carregar o seu <strong>GPD WIN 4<\/strong><\/li>\n<li>Transforma o teu computador de m\u00e3o num <strong>computador de secret\u00e1ria<\/strong><\/li>\n<li>Liga todos os teus perif\u00e9ricos.<\/li>\n<li>Base de liga\u00e7\u00e3o oficial GPD concebida para o <strong>GPD WIN 4<\/strong><\/li>\n<li>Pequeno, leve e f\u00e1cil de transportar<\/li>\n<\/ul>\n[cg_accordion title=\"INFORMA\u00c7\u00d5ES DE PAGAMENTO\"]<\/p>\n<p>Utilizamos a mais recente tecnologia em processamento de pagamentos, o que lhe permite efetuar o checkout atrav\u00e9s do seu cart\u00e3o de d\u00e9bito\/cr\u00e9dito ou PayPal para uma experi\u00eancia r\u00e1pida e segura.[\/cg_accordion]\n[cg_accordion title=\"GARANTIA\"]<\/p>\n<p>2 anos de garantia da <a href=\"https:\/\/droix.net\/\" target=\"_blank\" rel=\"nofollow noopener\">DROIX Global<\/a> para a sua paz de esp\u00edrito[\/cg_accordion]\n[cg_accordion title=\"PRE\u00c7OS, IMPOSTOS E ENVIO\"]<\/p>\n<p><strong><u>Nota:<\/u><\/strong><br \/>\n &#8211; Clientes dos Estados Unidos: O pre\u00e7o apresentado inclui todos os impostos aplic\u00e1veis.<br \/>\n &#8211; Clientes da UE: O pre\u00e7o apresentado inclui o IMPOSTO aplic\u00e1vel, que pode ir at\u00e9 25% consoante o pa\u00eds.<br \/>\n &#8211; Clientes do Canad\u00e1: O pre\u00e7o apresentado inclui os impostos aplic\u00e1veis, que podem incluir 5% de GST e impostos adicionais sobre vendas provinciais (PST), imposto sobre vendas harmonizado (HST) ou imposto sobre vendas do Quebeque (QST), consoante a sua prov\u00edncia.[\/cg_accordion]\n[cg_accordion title=\"ENVIO E DEVOLU\u00c7\u00d5ES\"]<\/p>\n<p>Organizado por <a href=\"https:\/\/droix.net\/\" target=\"_blank\" rel=\"nofollow noopener\">DroiX<\/a>, um distribuidor oficial GPD, n\u00f3s enviamos usando DHL Express DDP (Delivered Duty Paid). Isso significa que: <\/p>\n<p>Expresso DDP (Delivered Duty Paid). Isto significa que:<br \/>\n &#8211; Todos os direitos aduaneiros e impostos est\u00e3o inclu\u00eddos no pre\u00e7o apresentado na p\u00e1gina do produto.<br \/>\n &#8211; N\u00e3o ter\u00e1 de pagar quaisquer encargos adicionais aquando da entrega.<br \/>\n &#8211; No caso raro de problemas relacionados com a alf\u00e2ndega, a nossa equipa tratar\u00e1 do processo de desalfandegamento em seu nome para garantir uma experi\u00eancia de entrega sem problemas. <\/p>\n<p>Informa\u00e7\u00f5es importantes sobre devolu\u00e7\u00f5es:<br \/>\n &#8211; Se decidir devolver a sua encomenda ou solicitar um reembolso, tenha em aten\u00e7\u00e3o que os impostos e direitos pagos em seu nome ao abrigo dos termos do DDP n\u00e3o podem ser reembolsados.<\/p>\n<p>Consulte os nossos <a href=\"https:\/\/gpdstore.net\/pt-pt\/terms-of-service\/\" target=\"_blank\" rel=\"nofollow noopener\">Termos e Condi\u00e7\u00f5es<\/a> para obter informa\u00e7\u00f5es pormenorizadas.[\/cg_accordion]\n[cg_accordion title=\"O QUE EST\u00c1 INCLU\u00cdDO\"]<\/p>\n<ul>\n<li>1x GPD WIN 4 Dock<\/li>\n<\/ul>\n<p>[\/cg_accordion]\n","protected":false},"featured_media":84326,"template":"","meta":{"_acf_changed":false},"product_brand":[],"product_cat":[5392],"product_tag":[6142],"woo-feed-brand":[5757],"class_list":{"0":"post-84253","1":"product","2":"type-product","3":"status-publish","4":"has-post-thumbnail","6":"product_cat-acessorios","7":"product_tag-gpd-win-4-accessory-pt-pt","8":"product_shipping_class-low-end","9":"product_shipping_class-standard","11":"pa_accessory-type-estacao-de-ancoragem","12":"pa_brand-gpd","13":"woo-feed-brand-gpd-pt-pt","15":"first","16":"outofstock","17":"taxable","18":"shipping-taxable","19":"purchasable","20":"product-type-variable","21":"has-default-attributes"},"acf":[],"aioseo_notices":[],"_links":{"self":[{"href":"https:\/\/gpdstore.net\/pt-pt\/wp-json\/wp\/v2\/product\/84253","targetHints":{"allow":["GET"]}}],"collection":[{"href":"https:\/\/gpdstore.net\/pt-pt\/wp-json\/wp\/v2\/product"}],"about":[{"href":"https:\/\/gpdstore.net\/pt-pt\/wp-json\/wp\/v2\/types\/product"}],"wp:featuredmedia":[{"embeddable":true,"href":"https:\/\/gpdstore.net\/pt-pt\/wp-json\/wp\/v2\/media\/84326"}],"wp:attachment":[{"href":"https:\/\/gpdstore.net\/pt-pt\/wp-json\/wp\/v2\/media?parent=84253"}],"wp:term":[{"taxonomy":"product_brand","embeddable":true,"href":"https:\/\/gpdstore.net\/pt-pt\/wp-json\/wp\/v2\/product_brand?post=84253"},{"taxonomy":"product_cat","embeddable":true,"href":"https:\/\/gpdstore.net\/pt-pt\/wp-json\/wp\/v2\/product_cat?post=84253"},{"taxonomy":"product_tag","embeddable":true,"href":"https:\/\/gpdstore.net\/pt-pt\/wp-json\/wp\/v2\/product_tag?post=84253"},{"taxonomy":"woo-feed-brand","embeddable":true,"href":"https:\/\/gpdstore.net\/pt-pt\/wp-json\/wp\/v2\/woo-feed-brand?post=84253"}],"curies":[{"name":"wp","href":"https:\/\/api.w.org\/{rel}","templated":true}]}}