{"id":82311,"date":"2024-04-23T16:13:31","date_gmt":"2024-04-23T16:13:31","guid":{"rendered":"https:\/\/gpdstore.net\/sem%20categoria\/gpd-stylus-para-gpd-pocket-3-e-win-max-2\/"},"modified":"2025-11-24T11:25:56","modified_gmt":"2025-11-24T11:25:56","slug":"gpd-stylus","status":"publish","type":"product","link":"https:\/\/gpdstore.net\/pt-pt\/product\/gpd-stylus\/","title":{"rendered":"GPD Stylus para GPD Pocket 3 &amp; WIN MAX 2"},"content":{"rendered":"\n<p><br\/>Apresentamos o GPD Stylus: a tua melhor ferramenta de precis\u00e3o e conforto, concebida para melhorar a funcionalidade dos teus GPD Pocket 3 e GPD Win Max 2, e compat\u00edvel com v\u00e1rios outros modelos de computadores port\u00e1teis e tablets. Fabricado em liga de alum\u00ednio robusta, este stylus foi concebido para se adaptar confortavelmente \u00e0 tua m\u00e3o, tornando-o ideal para uma utiliza\u00e7\u00e3o prolongada sem desconforto. Possui uma ponta de alta sensibilidade, sens\u00edvel \u00e0 press\u00e3o de 4096 n\u00edveis, fabricada em borracha macia e flex\u00edvel, assegurando que cada tra\u00e7o \u00e9 t\u00e3o preciso e reativo como uma caneta no papel. Este n\u00edvel de precis\u00e3o \u00e9 perfeito para uma vasta gama de actividades, desde esbo\u00e7os e edi\u00e7\u00e3o de fotografias a trabalhos detalhados com pincel e escrita de memorandos r\u00e1pidos.   <\/p>\n\n<p>Para al\u00e9m das suas capacidades precisas, o GPD Stylus foi concebido para manter o teu ecr\u00e3 em condi\u00e7\u00f5es imaculadas, gra\u00e7as \u00e0 sua ponta de borracha que protege contra riscos e detritos. N\u00e3o s\u00f3 \u00e9 funcional, como tamb\u00e9m \u00e9 leve e convenientemente port\u00e1til, com uma pr\u00e1tica fivela para f\u00e1cil fixa\u00e7\u00e3o a um bolso ou mala &#8211; ideal para o profissional ocupado ou criativo em movimento. Eleva as tuas intera\u00e7\u00f5es digitais, quer estejas a navegar pelas aplica\u00e7\u00f5es, a captar ideias ou a explorar o teu lado art\u00edstico, com o GPD Stylus &#8211; a mistura perfeita de praticidade e design inovador.  <\/p>\n","protected":false},"excerpt":{"rendered":"<ul>\n<li>Funciona com<strong> GPD Pocket 3<\/strong> e GPD WIN MAX 2<\/li>\n<li>Sensibilidade \u00e0 press\u00e3o <strong>de 4096 n\u00edveis<\/strong> <\/li>\n<li>Elegante e ergon\u00f3mico<\/li>\n<li><strong> Fivela<\/strong> de metal<\/li>\n<li>Escrita de notas e introdu\u00e7\u00e3o de caracteres<\/li>\n<\/ul>\n<p> [cg_accordion title=\"INFORMA\u00c7\u00d5ES DE PAGAMENTO\"] Utilizamos a mais recente tecnologia de processamento de pagamentos, que lhe permite efetuar o checkout atrav\u00e9s de Apple Pay, Google Pay, cart\u00e3o de d\u00e9bito\/cr\u00e9dito, PayPal ou m\u00e9todos BNPL, como Klarna, Affirm ou AfterPay, para uma experi\u00eancia r\u00e1pida e segura.[\/cg_accordion] [cg_accordion title=\"GARANTIA\"] 2 anos de garantia da <a href=\"https:\/\/droix.net\/\" target=\"_blank\" rel=\"nofollow noopener\">DROIX Global<\/a> para sua tranquilidade[\/cg_accordion] [cg_accordion title=\"PRICING, TAXES AND SHIPPING\"] <strong><u>Nota:<\/u><\/strong><\/p>\n<ul>\n<li>Clientes dos Estados Unidos: O pre\u00e7o apresentado N\u00c3O inclui TAXAS nem impostos. A responsabilidade pelo desalfandegamento e pelo pagamento de quaisquer impostos\/taxas associadas recai sobre o cliente. <\/li>\n<li>Clientes da UE: O pre\u00e7o apresentado inclui o IMPOSTO aplic\u00e1vel, que pode ir at\u00e9 25% consoante o pa\u00eds.<\/li>\n<li>Clientes do Canad\u00e1: O pre\u00e7o apresentado inclui os impostos aplic\u00e1veis, que podem incluir 5% de GST e impostos adicionais sobre vendas provinciais (PST), imposto sobre vendas harmonizado (HST) ou imposto sobre vendas do Quebec (QST), dependendo da sua prov\u00edncia.<\/li>\n<\/ul>\n<p><strong>APENAS para clientes da UE:<\/strong> Expresso DDP (Delivered Duty Paid). Isto significa que: <\/p>\n<ul>\n<li style=\"list-style-type: none;\">\n<ul>\n<li>Todos os direitos aduaneiros e impostos est\u00e3o inclu\u00eddos no pre\u00e7o apresentado na p\u00e1gina do produto.<\/li>\n<li>N\u00e3o ter\u00e1 de pagar quaisquer encargos adicionais aquando da entrega.<\/li>\n<li>Na rara eventualidade de problemas relacionados com a alf\u00e2ndega, a nossa equipa tratar\u00e1 do processo de desalfandegamento em seu nome para garantir uma experi\u00eancia de entrega sem problemas.<\/li>\n<p>Informa\u00e7\u00f5es importantes sobre as devolu\u00e7\u00f5es:<\/p>\n<li>Se decidir devolver a sua encomenda ou solicitar um reembolso, tenha em aten\u00e7\u00e3o que os impostos e direitos pagos em seu nome ao abrigo das condi\u00e7\u00f5es DDP n\u00e3o podem ser reembolsados.<\/li>\n<p>Consulte a nossa<\/ul>\n<\/li>\n<\/ul>\n<p><a href=\"https:\/\/gpdstore.net\/pt-pt\/terms-of-service\/\" target=\"_blank\" rel=\"nofollow noopener\">Termos e condi\u00e7\u00f5es<\/a><\/p>\n<ul>para obter informa\u00e7\u00f5es pormenorizadas.<\/ul>\n<p>[\/cg_accordion] [cg_accordion title=\"APOIO AO CLIENTE\"]  Tem uma pergunta? Estamos a uma curta mensagem de texto de ter o seu problema resolvido!   [\/cg_accordion] [cg_accordion title=\"WHAT'S INCLUDED\"]<\/p>\n<ul>\n<li>1x Agulha GPD<\/li>\n<\/ul>\n<p>[\/cg_accordion]<\/p>\n","protected":false},"featured_media":82395,"template":"","meta":{"_acf_changed":false},"product_brand":[],"product_cat":[5392],"product_tag":[15924,6113],"woo-feed-brand":[5757],"class_list":{"0":"post-82311","1":"product","2":"type-product","3":"status-publish","4":"has-post-thumbnail","6":"product_cat-acessorios","7":"product_tag-15xmsale-pt-pt","8":"product_tag-gpd-wm2-acessorio","9":"product_shipping_class-low-end","10":"pa_accessory-type-estilete-pt-pt","11":"pa_brand-gpd","12":"woo-feed-brand-gpd-pt-pt","14":"first","15":"instock","16":"sale","17":"taxable","18":"shipping-taxable","19":"purchasable","20":"product-type-variable","21":"has-default-attributes"},"acf":[],"aioseo_notices":[],"_links":{"self":[{"href":"https:\/\/gpdstore.net\/pt-pt\/wp-json\/wp\/v2\/product\/82311","targetHints":{"allow":["GET"]}}],"collection":[{"href":"https:\/\/gpdstore.net\/pt-pt\/wp-json\/wp\/v2\/product"}],"about":[{"href":"https:\/\/gpdstore.net\/pt-pt\/wp-json\/wp\/v2\/types\/product"}],"wp:featuredmedia":[{"embeddable":true,"href":"https:\/\/gpdstore.net\/pt-pt\/wp-json\/wp\/v2\/media\/82395"}],"wp:attachment":[{"href":"https:\/\/gpdstore.net\/pt-pt\/wp-json\/wp\/v2\/media?parent=82311"}],"wp:term":[{"taxonomy":"product_brand","embeddable":true,"href":"https:\/\/gpdstore.net\/pt-pt\/wp-json\/wp\/v2\/product_brand?post=82311"},{"taxonomy":"product_cat","embeddable":true,"href":"https:\/\/gpdstore.net\/pt-pt\/wp-json\/wp\/v2\/product_cat?post=82311"},{"taxonomy":"product_tag","embeddable":true,"href":"https:\/\/gpdstore.net\/pt-pt\/wp-json\/wp\/v2\/product_tag?post=82311"},{"taxonomy":"woo-feed-brand","embeddable":true,"href":"https:\/\/gpdstore.net\/pt-pt\/wp-json\/wp\/v2\/woo-feed-brand?post=82311"}],"curies":[{"name":"wp","href":"https:\/\/api.w.org\/{rel}","templated":true}]}}