{"id":808716,"date":"2024-11-21T09:56:41","date_gmt":"2024-11-21T09:56:41","guid":{"rendered":"https:\/\/gpdstore.net\/?post_type=product&#038;p=808716"},"modified":"2025-12-23T10:03:51","modified_gmt":"2025-12-23T10:03:51","slug":"gpd-duo-protective-case","status":"publish","type":"product","link":"https:\/\/gpdstore.net\/pt-pt\/product\/gpd-duo-protective-case\/","title":{"rendered":"Capa protetora GPD DUO"},"content":{"rendered":"\n<p>Protege o teu GPD DUO com estilo com a <strong>Capa Protetora Oficial GPD DUO<\/strong>. Concebida exclusivamente para o GPD DUO, esta capa elegante e duradoura oferece a combina\u00e7\u00e3o perfeita de funcionalidade e prote\u00e7\u00e3o. Quer estejas a deslocar-te, a viajar ou simplesmente a guardar o teu dispositivo, esta capa garante que o teu GPD DUO se mant\u00e9m seguro e protegido.  <\/p>\n\n<p>A capa possui um <strong>exterior em tecido resistente<\/strong> para proteger o teu dispositivo de danos externos e um <strong>interior macio e almofadado<\/strong> para proteger contra riscos e impactos. Com o seu design compacto, acomoda facilmente o teu GPD DUO, deixando espa\u00e7o para os acess\u00f3rios essenciais. <\/p>\n\n<p>A mala est\u00e1 equipada com <strong>pegas duplas<\/strong> para facilitar o transporte e uma <strong>al\u00e7a de ombro ajust\u00e1vel<\/strong>, dando-te a flexibilidade de a transportares da forma que mais te conv\u00e9m. A sua constru\u00e7\u00e3o leve torna-a ideal para utilizadores em movimento que pretendem uma prote\u00e7\u00e3o fi\u00e1vel sem volume desnecess\u00e1rio. <\/p>\n\n<h3 class=\"wp-block-heading\"><strong>Carater\u00edsticas principais:<\/strong><\/h3>\n\n<ul class=\"wp-block-list\">\n<li>Produto oficial GPD concebido especificamente para o GPD DUO<\/li>\n\n\n\n<li>Exterior em tecido dur\u00e1vel para maior prote\u00e7\u00e3o<\/li>\n\n\n\n<li>Interior macio e almofadado para proteger o teu dispositivo de riscos e impactos<\/li>\n\n\n\n<li>Pegas duplas e al\u00e7a de ombro ajust\u00e1vel para op\u00e7\u00f5es de transporte vers\u00e1teis<\/li>\n\n\n\n<li>Design compacto e leve para m\u00e1xima portabilidade<\/li>\n<\/ul>\n\n<p>Leva o teu GPD DUO para qualquer lugar com confian\u00e7a, sabendo que est\u00e1 protegido por uma capa que combina praticidade, durabilidade e estilo.<\/p>\n\n<p><\/p>\n","protected":false},"excerpt":{"rendered":"<ul>\n<li>Produto oficial <strong>do GPD<\/strong> <\/li>\n<li>Concebido especificamente para o <strong>GPD DUO<\/strong><\/li>\n<li>Exterior em tecido dur\u00e1vel para maior prote\u00e7\u00e3o<\/li>\n<li>Interior macio e almofadado para evitar riscos e impactos<\/li>\n<li>Inclui duas pegas duplas e uma al\u00e7a de ombro ajust\u00e1vel para op\u00e7\u00f5es de transporte vers\u00e1teis<\/li>\n<\/ul>\n[cg_accordion title=\"INFORMA\u00c7\u00d5ES DE PAGAMENTO\"]<\/p>\n<p>Utilizamos a tecnologia mais recente no processamento de pagamentos, o que te permite fazer o checkout atrav\u00e9s do Apple Pay, Google Pay, o teu cart\u00e3o de d\u00e9bito\/cr\u00e9dito, PayPal ou m\u00e9todos BNPL, como Klarna, Affirm ou AfterPay, para uma experi\u00eancia r\u00e1pida e segura.[\/cg_accordion]\n[cg_accordion title=\"GARANTIA\"]<\/p>\n<p>2 anos de garantia da <a href=\"https:\/\/droix.net\/\" target=\"_blank\" rel=\"nofollow noopener\">DROIX Global<\/a> para a tua paz de esp\u00edrito[\/cg_accordion]\n[cg_accordion title=\"PRE\u00c7OS, IMPOSTOS E ENVIO\"]<\/p>\n<p><strong><u>Nota:<\/u><\/strong><\/p>\n<ul>\n<li>Clientes dos Estados Unidos: O pre\u00e7o apresentado N\u00c3O inclui TAXAS nem impostos. O cliente \u00e9 respons\u00e1vel pelo desalfandegamento e pelo pagamento de quaisquer impostos ou taxas associadas. <\/li>\n<li>Clientes da UE: O pre\u00e7o apresentado inclui o IMPOSTO aplic\u00e1vel, que pode ir at\u00e9 25%, dependendo do teu pa\u00eds.<\/li>\n<li>Clientes do Canad\u00e1: O pre\u00e7o apresentado inclui os impostos aplic\u00e1veis, que podem incluir 5% de GST e impostos adicionais sobre vendas provinciais (PST), imposto sobre vendas harmonizado (HST) ou imposto sobre vendas do Quebeque (QST), dependendo da tua prov\u00edncia.<\/li>\n<\/ul>\n<p><strong>APENAS para clientes da UE:<\/strong> Entrega expressa DDP (Delivered Duty Paid). Isto significa que: <\/p>\n<ul>\n<li>Todos os direitos aduaneiros e impostos est\u00e3o inclu\u00eddos no pre\u00e7o apresentado na p\u00e1gina do produto.<\/li>\n<li>N\u00e3o ter\u00e1s de pagar quaisquer encargos adicionais aquando da entrega.<\/li>\n<li>Na rara eventualidade de problemas relacionados com a alf\u00e2ndega, a nossa equipa tratar\u00e1 do processo de desalfandegamento em teu nome para garantir uma experi\u00eancia de entrega sem problemas.<\/li>\n<p>Informa\u00e7\u00f5es importantes sobre devolu\u00e7\u00f5es:<\/p>\n<li>Se decidires devolver a tua encomenda ou pedir um reembolso, tem em aten\u00e7\u00e3o que os impostos e direitos pagos em teu nome ao abrigo das condi\u00e7\u00f5es DDP n\u00e3o podem ser reembolsados.<\/li>\n<p>Consulta os nossos <a href=\"https:\/\/gpdstore.net\/pt-pt\/terms-of-service\/\" target=\"_blank\" rel=\"nofollow noopener\">Termos e Condi\u00e7\u00f5es<\/a> para obteres informa\u00e7\u00f5es pormenorizadas.\n<\/ul>\n<p>[\/cg_accordion]\n[cg_accordion title=\"APOIO AO CLIENTE\"]<\/p>\n<p>Tens uma pergunta? Estamos a uma curta mensagem de texto de ter o teu problema resolvido!<br \/>\n[\/cg_accordion]\n[cg_accordion title=\"O QUE EST\u00c1 INCLU\u00cdDO\"]<\/p>\n<ul>\n<li>1x Mala GPD DUO<\/li>\n<\/ul>\n<p>[\/cg_accordion]\n","protected":false},"featured_media":818184,"template":"","meta":{"_acf_changed":false},"product_brand":[],"product_cat":[5392],"product_tag":[15763],"woo-feed-brand":[],"class_list":{"0":"post-808716","1":"product","2":"type-product","3":"status-publish","4":"has-post-thumbnail","6":"product_cat-acessorios","7":"product_tag-20xmsale-pt-pt-2","8":"product_shipping_class-low-end","9":"pa_accessory-type-estojo-de-protecao","10":"pa_brand-gpd","12":"first","13":"instock","14":"sale","15":"taxable","16":"shipping-taxable","17":"purchasable","18":"product-type-simple"},"acf":[],"aioseo_notices":[],"_links":{"self":[{"href":"https:\/\/gpdstore.net\/pt-pt\/wp-json\/wp\/v2\/product\/808716","targetHints":{"allow":["GET"]}}],"collection":[{"href":"https:\/\/gpdstore.net\/pt-pt\/wp-json\/wp\/v2\/product"}],"about":[{"href":"https:\/\/gpdstore.net\/pt-pt\/wp-json\/wp\/v2\/types\/product"}],"wp:featuredmedia":[{"embeddable":true,"href":"https:\/\/gpdstore.net\/pt-pt\/wp-json\/wp\/v2\/media\/818184"}],"wp:attachment":[{"href":"https:\/\/gpdstore.net\/pt-pt\/wp-json\/wp\/v2\/media?parent=808716"}],"wp:term":[{"taxonomy":"product_brand","embeddable":true,"href":"https:\/\/gpdstore.net\/pt-pt\/wp-json\/wp\/v2\/product_brand?post=808716"},{"taxonomy":"product_cat","embeddable":true,"href":"https:\/\/gpdstore.net\/pt-pt\/wp-json\/wp\/v2\/product_cat?post=808716"},{"taxonomy":"product_tag","embeddable":true,"href":"https:\/\/gpdstore.net\/pt-pt\/wp-json\/wp\/v2\/product_tag?post=808716"},{"taxonomy":"woo-feed-brand","embeddable":true,"href":"https:\/\/gpdstore.net\/pt-pt\/wp-json\/wp\/v2\/woo-feed-brand?post=808716"}],"curies":[{"name":"wp","href":"https:\/\/api.w.org\/{rel}","templated":true}]}}