{"id":78269,"date":"2024-08-12T15:14:19","date_gmt":"2024-08-12T15:14:19","guid":{"rendered":"https:\/\/gpdstore.net\/sem%20categoria\/hub-usb-droix-nh8-com-nvme\/"},"modified":"2025-12-23T10:14:32","modified_gmt":"2025-12-23T10:14:32","slug":"droix-nh8-nvme-usb-hub","status":"publish","type":"product","link":"https:\/\/gpdstore.net\/pt-pt\/product\/droix-nh8-nvme-usb-hub\/","title":{"rendered":"Hub USB DroiX NH8 com NVMe"},"content":{"rendered":"\n<h3 class=\"wp-block-heading\">Apresentando o Hub DroiX NH8 com Slot NVMe: A tua melhor solu\u00e7\u00e3o de conetividade!<\/h3>\n\n<h3 class=\"wp-block-heading\">Ethernet Gigabit ultra-r\u00e1pida<\/h3>\n\n<p>Entra no futuro da conetividade com a Internet com o Hub DroiX NH8! Com uma robusta porta Gigabit Ethernet 10\/100\/1000M RJ45, este hub oferece uma conex\u00e3o de internet ultra-r\u00e1pida, est\u00e1vel e ultra-confi\u00e1vel. Quer estejas a jogar, a fazer streaming ou a fazer uma chamada de v\u00eddeo importante, experimenta o desempenho suave e sem atrasos que s\u00f3 uma liga\u00e7\u00e3o com fios pode proporcionar. Diz adeus aos problemas de Wi-Fi e ol\u00e1 ao acesso de alta velocidade consistente!   <\/p>\n\n<h3 class=\"wp-block-heading\">Sa\u00edda de v\u00eddeo de cortar a respira\u00e7\u00e3o<\/h3>\n\n<p>Transforma a tua experi\u00eancia visual com o suporte HDMI 2.0 do DroiX NH8 Hub. Quer estejas a mergulhar num filme 4K, a fazer uma apresenta\u00e7\u00e3o a um cliente ou a jogar em altas resolu\u00e7\u00f5es, o hub produz imagens impressionantes com uma resolu\u00e7\u00e3o de 4096&#215;2160 com uma taxa de atualiza\u00e7\u00e3o suave de 60Hz. Prepara-te para ser cativado pelas cores vibrantes e detalhes n\u00edtidos que te v\u00e3o envolver em cada fotograma.  <\/p>\n\n<h3 class=\"wp-block-heading\">Expans\u00e3o de armazenamento sem esfor\u00e7o<\/h3>\n\n<p>Est\u00e1s a ficar sem espa\u00e7o de armazenamento? O Hub DroiX NH8 tem tudo o que precisas. Com o seu slot PCIe NVMe embutido, expandir o teu armazenamento nunca foi t\u00e3o f\u00e1cil. Ideal para aplica\u00e7\u00f5es de alto desempenho ou armazenamento de ficheiros grandes, esta ranhura suporta taxas de transfer\u00eancia de dados extremamente r\u00e1pidas, garantindo que o teu sistema funciona de forma suave e eficiente. Personaliza o teu armazenamento de acordo com as tuas necessidades e mant\u00e9m o desempenho do teu dispositivo no seu melhor.    <\/p>\n\n<h3 class=\"wp-block-heading\">Transfer\u00eancia de dados a alta velocidade<\/h3>\n\n<p>Precisas de transferir ficheiros grandes num instante? O Hub DroiX NH8 possui uma porta USB Type-A 3.0, oferecendo velocidades r\u00e1pidas de transfer\u00eancia de dados que tornam o gerenciamento de arquivos uma brisa. Quer estejas a ligar perif\u00e9ricos, a carregar dispositivos ou a mover dados, este hub garante que tudo \u00e9 feito de forma r\u00e1pida e eficiente, poupando-te tempo valioso.  <\/p>\n\n<h3 class=\"wp-block-heading\">Compatibilidade universal com USB tipo C<\/h3>\n\n<p>O DroiX NH8 Hub vem equipado com um cabo USB Type-C vers\u00e1til, que oferece compatibilidade universal com uma vasta gama de dispositivos. Este cabo tudo-em-um n\u00e3o s\u00f3 suporta uma r\u00e1pida transfer\u00eancia de dados, mas tamb\u00e9m um carregamento eficiente, tornando-o um companheiro essencial para as tuas necessidades de conetividade. Acabaram-se as dificuldades com v\u00e1rios cabos &#8211; mant\u00e9m-te ligado com facilidade.  <\/p>\n\n<h3 class=\"wp-block-heading\">Acesso ininterrupto aos meios de comunica\u00e7\u00e3o<\/h3>\n\n<p>Acede e transfere os teus media sem esfor\u00e7o com o leitor de cart\u00f5es SD integrado no DroiX NH8 Hub. Suportando ambos os cart\u00f5es Micro SD e SD, esta carater\u00edstica permite-te rapidamente fazer backup ou aceder aos teus ficheiros, quer sejam fotos, v\u00eddeos ou documentos importantes. A conveni\u00eancia nunca foi t\u00e3o acess\u00edvel.  <\/p>\n\n<h3 class=\"wp-block-heading\">Versatilidade inigual\u00e1vel<\/h3>\n\n<p>O que realmente diferencia o DroiX NH8 Hub \u00e9 a sua versatilidade incompar\u00e1vel. Concebido para funcionar sem problemas com uma vasta gama de dispositivos USB Tipo C &#8211; sejam PCs, mini PCs, computadores port\u00e1teis, dispositivos de jogos port\u00e1teis ou mais &#8211; este hub adapta-se \u00e0s tuas necessidades, proporcionando um desempenho de topo em toda a linha. N\u00e3o \u00e9 apenas um hub; \u00e9 uma pot\u00eancia de conetividade.  <\/p>\n\n<h3 class=\"wp-block-heading\">Conclus\u00e3o: Melhora a tua experi\u00eancia de conetividade<\/h3>\n\n<p>O Hub DroiX NH8 \u00e9 mais do que apenas uma ferramenta de conetividade; \u00e9 uma solu\u00e7\u00e3o abrangente projetada para atender \u00e0s diversas necessidades dos usu\u00e1rios experientes em tecnologia de hoje. Cada recurso \u00e9 um reflexo do design superior, do desempenho excecional e de uma abordagem voltada para o futuro da conetividade. Melhora a tua experi\u00eancia e transforma a forma como te ligas com o DroiX NH8 Hub!  <\/p>\n\n<p>Explora mais no nosso guia de <strong>Introdu\u00e7\u00e3o ao Hub USB Droix NH8<\/strong>.<\/p>\n\n<p><\/p>\n","protected":false},"excerpt":{"rendered":"<ul>\n<li>Hub USB DroiX<strong> NH8 <\/strong>com NVMe<\/li>\n<li>Ethernet Gigabit <strong>10\/100\/1000M<\/strong> <\/li>\n<li><strong>Ranhura PCIe NVMe incorporada<\/strong> para expans\u00e3o do armazenamento<\/li>\n<li><strong>Sa\u00edda de ecr\u00e3 4K<\/strong> atrav\u00e9s de HDMI<\/li>\n<li><strong>Ranhura para cart\u00e3o MicroSD \/ SD<\/strong> &#8211; At\u00e9 5 Gbps<\/li>\n<\/ul>\n[cg_accordion title=\"INFORMA\u00c7\u00d5ES DE PAGAMENTO\"]<\/p>\n<p>Utilizamos a mais recente tecnologia em processamento de pagamentos, o que lhe permite efetuar o checkout atrav\u00e9s do seu cart\u00e3o de d\u00e9bito\/cr\u00e9dito ou PayPal para uma experi\u00eancia r\u00e1pida e segura.[\/cg_accordion]\n[cg_accordion title=\"GARANTIA\"]<\/p>\n<p>2 anos de garantia da <a href=\"https:\/\/droix.net\/\" target=\"_blank\" rel=\"nofollow noopener\">DROIX Global<\/a> para a sua paz de esp\u00edrito[\/cg_accordion]\n[cg_accordion title=\"GARANTIA DE QUALIDADE E ENSAIOS PR\u00c9-EXPEDI\u00c7\u00c3O\"]<\/p>\n<p>Garante a satisfa\u00e7\u00e3o do cliente ao mais alto n\u00edvel: Todos os dispositivos s\u00e3o submetidos a testes rigorosos e a uma verifica\u00e7\u00e3o de garantia de qualidade multiponto antes de serem enviados. A nossa equipa dedicada verifica o desempenho, a funcionalidade e a integridade dos componentes para garantir que o teu dispositivo GPD est\u00e1 em perfeitas condi\u00e7\u00f5es de funcionamento \u00e0 chegada, proporcionando-te confian\u00e7a e paz de esp\u00edrito. [\/cg_accordion]\n[cg_accordion title=\"PRE\u00c7OS, IMPOSTOS E ENVIO\"]<\/p>\n<p><strong><u>Nota:<\/u><\/strong><\/p>\n<ul>\n<li>Clientes dos Estados Unidos: O pre\u00e7o apresentado N\u00c3O inclui TAXAS nem impostos. A responsabilidade pelo desalfandegamento e pelo pagamento de quaisquer impostos\/taxas associadas recai sobre o cliente. <\/li>\n<li>Clientes da UE: O pre\u00e7o apresentado inclui o IMPOSTO aplic\u00e1vel, que pode ir at\u00e9 25% consoante o pa\u00eds.<\/li>\n<li>Clientes do Canad\u00e1: O pre\u00e7o apresentado inclui os impostos aplic\u00e1veis, que podem incluir 5% de GST e impostos adicionais sobre vendas provinciais (PST), imposto sobre vendas harmonizado (HST) ou imposto sobre vendas do Quebec (QST), dependendo da sua prov\u00edncia.<\/li>\n<\/ul>\n<p><strong>APENAS para clientes da UE:<\/strong> Expresso DDP (Delivered Duty Paid). Isto significa que: <\/p>\n<ul>\n<li>Todos os direitos aduaneiros e impostos est\u00e3o inclu\u00eddos no pre\u00e7o apresentado na p\u00e1gina do produto.<\/li>\n<li>N\u00e3o ter\u00e1 de pagar quaisquer encargos adicionais aquando da entrega.<\/li>\n<li>Na rara eventualidade de problemas relacionados com a alf\u00e2ndega, a nossa equipa tratar\u00e1 do processo de desalfandegamento em seu nome para garantir uma experi\u00eancia de entrega sem problemas.<\/li>\n<p>Informa\u00e7\u00f5es importantes sobre as devolu\u00e7\u00f5es:<\/p>\n<li>Se decidir devolver a sua encomenda ou solicitar um reembolso, tenha em aten\u00e7\u00e3o que os impostos e direitos pagos em seu nome ao abrigo das condi\u00e7\u00f5es DDP n\u00e3o podem ser reembolsados.<\/li>\n<p>Consulte os nossos <a href=\"https:\/\/droix.net\/terms-and-conditions\/\" target=\"_blank\" rel=\"nofollow noopener\">Termos e Condi\u00e7\u00f5es<\/a> para obter informa\u00e7\u00f5es pormenorizadas.\n<\/ul>\n<p>[\/cg_accordion]\n[cg_accordion title=\"APOIO AO CLIENTE\"]<\/p>\n<p>Tem uma pergunta? Estamos a uma curta mensagem de texto de ter o seu problema resolvido! <\/p>\n<p>Consulte os nossos <a href=\"https:\/\/gpdstore.net\/pt-pt\/terms-of-service\/\" target=\"_blank\" rel=\"nofollow noopener\">Termos e Condi\u00e7\u00f5es<\/a> para obter informa\u00e7\u00f5es pormenorizadas.\n<\/ul>\n<p>[\/cg_accordion]\n[cg_accordion title=\"O QUE EST\u00c1 INCLU\u00cdDO\"]<\/p>\n<ul>\n<li>1x Hub USB DroiX NH8 com NVMe<\/li>\n<\/ul>\n<p>[\/cg_accordion]\n","protected":false},"featured_media":78345,"template":"","meta":{"_acf_changed":false},"product_brand":[],"product_cat":[5392],"product_tag":[14799,6042],"woo-feed-brand":[5451],"class_list":{"0":"post-78269","1":"product","2":"type-product","3":"status-publish","4":"has-post-thumbnail","6":"product_cat-acessorios","7":"product_tag-40xmsale-pt-pt","8":"product_tag-droix-hub-pt-pt","9":"product_shipping_class-low-end","10":"pa_brand-droix","11":"pa_i-o-video-1x-hdmi-pt-pt","12":"woo-feed-brand-droix-pt-pt","14":"first","15":"outofstock","16":"sale","17":"taxable","18":"shipping-taxable","19":"purchasable","20":"product-type-variable","21":"has-default-attributes"},"acf":[],"aioseo_notices":[],"_links":{"self":[{"href":"https:\/\/gpdstore.net\/pt-pt\/wp-json\/wp\/v2\/product\/78269","targetHints":{"allow":["GET"]}}],"collection":[{"href":"https:\/\/gpdstore.net\/pt-pt\/wp-json\/wp\/v2\/product"}],"about":[{"href":"https:\/\/gpdstore.net\/pt-pt\/wp-json\/wp\/v2\/types\/product"}],"wp:featuredmedia":[{"embeddable":true,"href":"https:\/\/gpdstore.net\/pt-pt\/wp-json\/wp\/v2\/media\/78345"}],"wp:attachment":[{"href":"https:\/\/gpdstore.net\/pt-pt\/wp-json\/wp\/v2\/media?parent=78269"}],"wp:term":[{"taxonomy":"product_brand","embeddable":true,"href":"https:\/\/gpdstore.net\/pt-pt\/wp-json\/wp\/v2\/product_brand?post=78269"},{"taxonomy":"product_cat","embeddable":true,"href":"https:\/\/gpdstore.net\/pt-pt\/wp-json\/wp\/v2\/product_cat?post=78269"},{"taxonomy":"product_tag","embeddable":true,"href":"https:\/\/gpdstore.net\/pt-pt\/wp-json\/wp\/v2\/product_tag?post=78269"},{"taxonomy":"woo-feed-brand","embeddable":true,"href":"https:\/\/gpdstore.net\/pt-pt\/wp-json\/wp\/v2\/woo-feed-brand?post=78269"}],"curies":[{"name":"wp","href":"https:\/\/api.w.org\/{rel}","templated":true}]}}