{"id":66436,"date":"2024-05-17T08:24:33","date_gmt":"2024-05-17T08:24:33","guid":{"rendered":"https:\/\/gpdstore.net\/sem%20categoria\/estacao-de-ancoragem-gpd-g1-2023-egpu\/"},"modified":"2025-12-23T10:18:41","modified_gmt":"2025-12-23T10:18:41","slug":"gpd-g1-2023-egpu-docking-station","status":"publish","type":"product","link":"https:\/\/gpdstore.net\/pt-pt\/product\/gpd-g1-2023-egpu-docking-station\/","title":{"rendered":"GPD G1 (2023) Esta\u00e7\u00e3o de ancoragem eGPU"},"content":{"rendered":"\n<h3 class=\"wp-block-heading\">Apresentamos a GPD G1: Esta\u00e7\u00e3o de ancoragem com GPU externa<\/h3>\n\n<p>Desbloqueie a derradeira experi\u00eancia de jogo com a inovadora esta\u00e7\u00e3o de ancoragem GPD G1. Concebido para melhorar o seu desempenho nos jogos, este dispositivo inovador \u00e9 compat\u00edvel com o GPD WIN MAX 2 2023, GPD Mini e GPD WIN 4 2023 atualizado, suportados pela Oculink. Com compatibilidade com Oculink e USB 4.0, o GPD G1 traz versatilidade e conveni\u00eancia \u00e0 sua configura\u00e7\u00e3o de jogos.<\/p>\n\n<h3 class=\"wp-block-heading\">Unidade de processamento gr\u00e1fico potente<\/h3>\n\n<p>No seu n\u00facleo, a GPD G1 Docking Station inclui a GPU AMD Radeon RX 7600M XT, utilizando a mais recente arquitetura RDNA 3.0. Esta GPU externa com conetividade Oculink proporciona visuais espantosos e um desempenho excecional. Quer esteja a explorar mundos extensos ou no calor da batalha, o GPD G1 garante que todos os detalhes s\u00e3o reproduzidos com precis\u00e3o. Com um clock de base de 1500 MHz, um clock de jogo de 2300 MHz e um clock de impulso de 2615 MHz, o GPD G1 fornece a pot\u00eancia necess\u00e1ria para dominar qualquer jogo.<\/p>\n\n<h3 class=\"wp-block-heading\">Jogos suaves e responsivos<\/h3>\n\n<p>Equipado com 8 GB de RAM GDDR6, o GPD G1 suporta multitarefas sem interrup\u00e7\u00f5es e uma jogabilidade suave. Um rel\u00f3gio de mem\u00f3ria de 2250 MHz garante tempos de carregamento r\u00e1pidos e um atraso m\u00ednimo. Diga adeus \u00e0s velocidades de fotogramas inst\u00e1veis e desfrute de sess\u00f5es de jogo sem interrup\u00e7\u00f5es. Com suporte para USB 4.0, o GPD G1 satisfaz as suas exig\u00eancias em termos de jogos, proporcionando um desempenho de topo para os seus jogos favoritos.<\/p>\n\n<h3 class=\"wp-block-heading\">Liberta a tua conetividade<\/h3>\n\n<p>A GPD G1 Dock oferece op\u00e7\u00f5es de conetividade alargadas com portas Oculink (SFF-8612) e USB 4, garantindo a compatibilidade com uma vasta gama de dispositivos, incluindo Thunderbolt 3 e Thunderbolt 4. Ligue facilmente o seu GPD WIN MAX 2 2023, GPD Mini ou GPD WIN 4 atualizado atrav\u00e9s do Oculink e experimente jogos melhorados. O GPD G1 tamb\u00e9m suporta USB 4, permitindo gr\u00e1ficos melhorados em v\u00e1rios sistemas.<\/p>\n\n<h3 class=\"wp-block-heading\">Expande os teus horizontes visuais<\/h3>\n\n<p>Expanda a sua configura\u00e7\u00e3o visual com a gama abrangente de portas de v\u00eddeo do GPD G1. Com uma porta HDMI 2.1 e duas portas DisplayPort 1.4a, \u00e9 poss\u00edvel ligar at\u00e9 tr\u00eas ecr\u00e3s externos para uma experi\u00eancia de jogo panor\u00e2mica. Mergulhe na a\u00e7\u00e3o com a GPD G1 eGPU, dando vida aos seus jogos com um realismo sem paralelo.<\/p>\n\n<h3 class=\"wp-block-heading\">Transfer\u00eancias de dados sem problemas<\/h3>\n\n<p>A esta\u00e7\u00e3o de ancoragem GPD G1 inclui tr\u00eas portas USB 3.2 para liga\u00e7\u00f5es perif\u00e9ricas f\u00e1ceis, mantendo a sua configura\u00e7\u00e3o de jogos organizada. Uma porta SD 4.0 permite transfer\u00eancias r\u00e1pidas de ficheiros e acesso a suportes. Ligue-se a um dispositivo anfitri\u00e3o USB4 e maximize as suas velocidades de transfer\u00eancia de dados.<\/p>\n\n<h3 class=\"wp-block-heading\">Arrefecimento eficiente para um desempenho m\u00e1ximo<\/h3>\n\n<p>O sistema de arrefecimento ativo do GPD G1 dissipa o calor de forma eficiente, garantindo temperaturas est\u00e1veis da GPU durante sess\u00f5es de jogo intensas. Diga adeus ao sobreaquecimento e desfrute de uma jogabilidade sem interrup\u00e7\u00f5es, com o mecanismo de arrefecimento a ar a manter o desempenho ideal do sistema.<\/p>\n\n<h3 class=\"wp-block-heading\">Fonte de alimenta\u00e7\u00e3o sem compromissos<\/h3>\n\n<p>A GPD G1 Docking Station inclui uma fonte de alimenta\u00e7\u00e3o GaN de 240 W incorporada, fornecendo energia fi\u00e1vel \u00e0 sua GPU. Com uma pot\u00eancia gr\u00e1fica total de 120W, o GPD G1 est\u00e1 optimizado para jogos de alto desempenho, processando gr\u00e1ficos de forma r\u00e1pida e precisa.<\/p>\n\n<h3 class=\"wp-block-heading\">Design compacto, grande desempenho<\/h3>\n\n<p>Apesar das suas dimens\u00f5es compactas (225 \u00d7 111 \u00d7 30 mm) e da sua constru\u00e7\u00e3o leve (0,92 kg), o GPD G1 tem um desempenho poderoso. Quer esteja em casa, em viagem ou em eventos de jogos, o GPD G1 \u00e9 uma pot\u00eancia port\u00e1til para qualquer entusiasta de jogos.<\/p>\n\n<h3 class=\"wp-block-heading\">Conclus\u00e3o<\/h3>\n\n<p>A GPD G1 eGPU Docking Station \u00e9 o derradeiro acess\u00f3rio para os jogadores que procuram pot\u00eancia, versatilidade e comodidade. Compat\u00edvel com o futuro GPD WIN MAX 2 2023, GPD Mini e GPD WIN 4 atualizado, juntamente com suporte Oculink e USB 4.0, esta esta\u00e7\u00e3o de ancoragem oferece uma conetividade sem paralelo. A GPU AMD Radeon RX 7600M XT garante visuais e desempenho de cortar a respira\u00e7\u00e3o, enquanto 8 GB de RAM GDDR6 suportam jogos suaves e de resposta r\u00e1pida. Expanda a sua configura\u00e7\u00e3o visual, desfrute de transfer\u00eancias de dados sem problemas e beneficie de uma refrigera\u00e7\u00e3o eficiente e de uma fonte de alimenta\u00e7\u00e3o fi\u00e1vel. Melhore a sua experi\u00eancia de jogo com a esta\u00e7\u00e3o de ancoragem GPD G1.<\/p>\n\n<h3 class=\"wp-block-heading\">Pr\u00f3s e contras<\/h3>\n\n<p><strong>Pr\u00f3s:<\/strong><\/p>\n\n<ul class=\"wp-block-list\">\n<li><strong>Compatibilidade vers\u00e1til:<\/strong> Suporta GPD WIN MAX 2 2024, GPD Mini 2024, GPD WIN 4 2023 e Win 4 2024 actualizados e dispositivos USB 4, oferecendo gr\u00e1ficos melhorados em v\u00e1rios sistemas.<\/li>\n\n\n\n<li><strong>Desempenho gr\u00e1fico poderoso:<\/strong> Inclui a GPU AMD Radeon RX 7600M XT com arquitetura RDNA 3.0, proporcionando gr\u00e1ficos excepcionais e uma jogabilidade suave.<\/li>\n\n\n\n<li><strong>Configura\u00e7\u00e3o visual expans\u00edvel:<\/strong> V\u00e1rias portas gr\u00e1ficas e de v\u00eddeo, incluindo HDMI 2.1 e DP 1.4a, suportam at\u00e9 tr\u00eas ecr\u00e3s externos para uma experi\u00eancia de jogo envolvente.<\/li>\n\n\n\n<li><strong>Sistema de arrefecimento eficiente:<\/strong> O mecanismo de arrefecimento ativo evita o sobreaquecimento, garantindo um desempenho \u00f3timo durante sess\u00f5es de jogo prolongadas.<\/li>\n\n\n\n<li><strong>Design port\u00e1til e compacto:<\/strong> As dimens\u00f5es compactas e a constru\u00e7\u00e3o leve tornam-no altamente port\u00e1til, ideal para jogadores em movimento.<\/li>\n<\/ul>\n\n<p><strong>Cons :<\/strong><\/p>\n\n<ul class=\"wp-block-list\">\n<li><strong>Compatibilidade limitada com marcas:<\/strong> A compatibilidade com dispositivos n\u00e3o-GPD e com dispositivos sem portas USB 4 pode ser limitada.<\/li>\n\n\n\n<li><strong>Op\u00e7\u00f5es limitadas de GPU:<\/strong> A \u00fanica op\u00e7\u00e3o de GPU \u00e9 a AMD Radeon RX 7600M XT, que pode n\u00e3o satisfazer os utilizadores que procuram op\u00e7\u00f5es de GPU diferentes ou personaliz\u00e1veis&#8230;<\/li>\n<\/ul>\n","protected":false},"excerpt":{"rendered":"<ul>\n<li>GPU: AMD Radeon\u2122<strong> RX 7600M XT<\/strong> eGPU<\/li>\n<li>COMPATIBILIDADE:<strong> OCuLink, USB 4, Thunderbolt 3 e 4<\/strong><\/li>\n<li>OCULINK:<strong> Conectividade PCI Express<\/strong><\/li>\n<li>USB 4:<strong> at\u00e9 40 Gbps<\/strong><\/li>\n<li>DISPOSITIVOS GPD OCULINK: <strong>WIN 4 2023<\/strong>,<strong> WIN MAX 2 2023<\/strong> e<strong> WIN Mini<\/strong><\/li>\n<\/ul>\n[cg_accordion title=\"INFORMA\u00c7\u00d5ES DE PAGAMENTO\"]<\/p>\n<p>Utilizamos a mais recente tecnologia em processamento de pagamentos, o que lhe permite efetuar o checkout atrav\u00e9s do seu cart\u00e3o de d\u00e9bito\/cr\u00e9dito ou PayPal para uma experi\u00eancia r\u00e1pida e segura.[\/cg_accordion]\n[cg_accordion title=\"GARANTIA\"]<\/p>\n<p>2 anos de garantia da <a href=\"https:\/\/droix.net\/\" target=\"_blank\" rel=\"nofollow noopener\">DROIX Global<\/a> para a sua paz de esp\u00edrito[\/cg_accordion]\n[cg_accordion title=\"PRE\u00c7OS, IMPOSTOS E ENVIO\"]<\/p>\n<p><strong><u>Nota:<\/u><\/strong><\/p>\n<ul>\n<li>Clientes dos Estados Unidos: O pre\u00e7o apresentado N\u00c3O inclui TAXAS nem impostos. A responsabilidade pelo desalfandegamento e pelo pagamento de quaisquer impostos\/taxas associadas recai sobre o cliente. <\/li>\n<li>Clientes da UE: O pre\u00e7o apresentado inclui o IMPOSTO aplic\u00e1vel, que pode ir at\u00e9 25% consoante o pa\u00eds.<\/li>\n<li>Clientes do Canad\u00e1: O pre\u00e7o apresentado inclui os impostos aplic\u00e1veis, que podem incluir 5% de GST e impostos adicionais sobre vendas provinciais (PST), imposto sobre vendas harmonizado (HST) ou imposto sobre vendas do Quebec (QST), dependendo da sua prov\u00edncia.<\/li>\n<\/ul>\n<p><strong>APENAS para clientes da UE:<\/strong> Expresso DDP (Delivered Duty Paid). Isto significa que: <\/p>\n<ul>\n<li>Todos os direitos aduaneiros e impostos est\u00e3o inclu\u00eddos no pre\u00e7o apresentado na p\u00e1gina do produto.<\/li>\n<li>N\u00e3o ter\u00e1 de pagar quaisquer encargos adicionais aquando da entrega.<\/li>\n<li>Na rara eventualidade de problemas relacionados com a alf\u00e2ndega, a nossa equipa tratar\u00e1 do processo de desalfandegamento em seu nome para garantir uma experi\u00eancia de entrega sem problemas.<\/li>\n<p>Informa\u00e7\u00f5es importantes sobre as devolu\u00e7\u00f5es:<\/p>\n<li>Se decidir devolver a sua encomenda ou solicitar um reembolso, tenha em aten\u00e7\u00e3o que os impostos e direitos pagos em seu nome ao abrigo das condi\u00e7\u00f5es DDP n\u00e3o podem ser reembolsados.<\/li>\n<p>Consulte os nossos <a href=\"https:\/\/droix.net\/terms-and-conditions\/\" target=\"_blank\" rel=\"nofollow noopener\">Termos e Condi\u00e7\u00f5es<\/a> para obter informa\u00e7\u00f5es pormenorizadas.\n<\/ul>\n<p>[\/cg_accordion]\n[cg_accordion title=\"APOIO AO CLIENTE\"]<\/p>\n<p>Tem uma pergunta? Estamos a uma curta mensagem de texto de ter o seu problema resolvido! [\/cg_accordion]\n<p>Consulte os nossos <a href=\"https:\/\/gpdstore.net\/pt-pt\/terms-of-service\/\" target=\"_blank\" rel=\"nofollow noopener\">Termos e Condi\u00e7\u00f5es<\/a> para obter informa\u00e7\u00f5es pormenorizadas.\n<\/ul>\n<p>[\/]<\/p>\n[cg_accordion title=\"O QUE EST\u00c1 INCLU\u00cdDO\"]<\/p>\n<ul>\n<li>1x GPD G1 2023<\/li>\n<li>1x Adaptador de alimenta\u00e7\u00e3o<\/li>\n<li>1x Cabo USB tipo C<\/li>\n<li>1x Manual do utilizador<\/li>\n<\/ul>\n<p>[\/cg_accordion]\n","protected":false},"featured_media":66736,"template":"","meta":{"_acf_changed":false},"product_brand":[],"product_cat":[5392],"product_tag":[17958,5756],"woo-feed-brand":[5757],"class_list":{"0":"post-66436","1":"product","2":"type-product","3":"status-publish","4":"has-post-thumbnail","6":"product_cat-acessorios","7":"product_tag-10bfsale-pt-pt","8":"product_tag-gpd-g1-pt-pt","9":"product_shipping_class-premium","10":"pa_brand-biwin","11":"pa_brand-droix","12":"pa_brand-gpd","13":"pa_brand-gulikit","14":"pa_graphics-gpu-model-radeon-rx-7600m-xt-pt-pt","15":"pa_i-o-video-1x-oculink-pt-pt","16":"pa_i-o-video-via-1x-usb-4-0-type-c-40gb-s-pt-pt","17":"woo-feed-brand-gpd-pt-pt","19":"first","20":"outofstock","21":"sale","22":"taxable","23":"shipping-taxable","24":"purchasable","25":"product-type-variable","26":"has-default-attributes"},"acf":[],"aioseo_notices":[],"_links":{"self":[{"href":"https:\/\/gpdstore.net\/pt-pt\/wp-json\/wp\/v2\/product\/66436","targetHints":{"allow":["GET"]}}],"collection":[{"href":"https:\/\/gpdstore.net\/pt-pt\/wp-json\/wp\/v2\/product"}],"about":[{"href":"https:\/\/gpdstore.net\/pt-pt\/wp-json\/wp\/v2\/types\/product"}],"wp:featuredmedia":[{"embeddable":true,"href":"https:\/\/gpdstore.net\/pt-pt\/wp-json\/wp\/v2\/media\/66736"}],"wp:attachment":[{"href":"https:\/\/gpdstore.net\/pt-pt\/wp-json\/wp\/v2\/media?parent=66436"}],"wp:term":[{"taxonomy":"product_brand","embeddable":true,"href":"https:\/\/gpdstore.net\/pt-pt\/wp-json\/wp\/v2\/product_brand?post=66436"},{"taxonomy":"product_cat","embeddable":true,"href":"https:\/\/gpdstore.net\/pt-pt\/wp-json\/wp\/v2\/product_cat?post=66436"},{"taxonomy":"product_tag","embeddable":true,"href":"https:\/\/gpdstore.net\/pt-pt\/wp-json\/wp\/v2\/product_tag?post=66436"},{"taxonomy":"woo-feed-brand","embeddable":true,"href":"https:\/\/gpdstore.net\/pt-pt\/wp-json\/wp\/v2\/woo-feed-brand?post=66436"}],"curies":[{"name":"wp","href":"https:\/\/api.w.org\/{rel}","templated":true}]}}