{"id":61419,"date":"2024-07-12T09:49:06","date_gmt":"2024-07-12T09:49:06","guid":{"rendered":"https:\/\/gpdstore.net\/sem%20categoria\/monitor-portatil-4k-de-156%e2%80%b3-com-adobe-rgb\/"},"modified":"2025-12-23T10:15:50","modified_gmt":"2025-12-23T10:15:50","slug":"15-6-4k-portable-monitor-with-adobe-rgb","status":"publish","type":"product","link":"https:\/\/gpdstore.net\/pt-pt\/product\/15-6-4k-portable-monitor-with-adobe-rgb\/","title":{"rendered":"Monitor port\u00e1til 4K de 15,6\u2033 com Adobe RGB"},"content":{"rendered":"\n<p>Apresentamos o monitor port\u00e1til 4K de 15,6&#8243; S23B-5: Ecr\u00e3s m\u00f3veis de ultra-alta defini\u00e7\u00e3o de \u00faltima gera\u00e7\u00e3o<\/p>\n\n<p>Procura um monitor port\u00e1til que ofere\u00e7a imagens e desempenho excepcionais em movimento? Conhe\u00e7a o monitor port\u00e1til 4K S23B-5. Este dispositivo avan\u00e7ado traz os ecr\u00e3s m\u00f3veis de ultra-alta defini\u00e7\u00e3o para a ponta dos seus dedos, oferecendo uma impressionante nitidez e precis\u00e3o 4K UHD. Quer seja um jogador, um editor de v\u00eddeo profissional, um designer gr\u00e1fico ou um entusiasta da produtividade m\u00f3vel, este monitor port\u00e1til de alta resolu\u00e7\u00e3o \u00e9 o seu companheiro perfeito.<\/p>\n\n<p>Experi\u00eancia visual imersiva com monitores de viagem 4K UHD Prepare-se para ser cativado pela experi\u00eancia visual imersiva do S23B-5. Com um monitor de ecr\u00e3 t\u00e1til de 15,6 polegadas, este dispositivo possui um ecr\u00e3 4K UHD que d\u00e1 vida ao conte\u00fado com detalhes not\u00e1veis e cores vibrantes. Com uma resolu\u00e7\u00e3o de 3840 x 2160 e uma profundidade de cor de 10 bits, todas as imagens e v\u00eddeos neste ecr\u00e3 port\u00e1til 4K s\u00e3o reproduzidos com uma nitidez espantosa, garantindo que nenhum detalhe passa despercebido. Quer esteja a ver filmes, a jogar jogos ou a editar fotografias e v\u00eddeos, o S23B-5 proporciona um banquete visual.<\/p>\n\n<p>Ecr\u00e3 t\u00e1til capacitivo de 10 pontos elegante e reativo Interagir com o S23B-5 \u00e9 um prazer gra\u00e7as ao seu ecr\u00e3 t\u00e1til capacitivo de 10 pontos. Com um ecr\u00e3 t\u00e1til totalmente laminado G+G, este monitor port\u00e1til oferece uma resposta t\u00e1til suave e precisa, permitindo uma navega\u00e7\u00e3o perfeita pelos menus, controlo de aplica\u00e7\u00f5es e execu\u00e7\u00e3o de comandos. Quer esteja a fazer zoom em fotografias, a percorrer p\u00e1ginas da Web ou a criar designs complexos, o ecr\u00e3 t\u00e1til S23B-5 garante capacidade de resposta e precis\u00e3o para aumentar a produtividade e a criatividade.<\/p>\n\n<p>Liberte a sua criatividade em movimento Concebido para profissionais criativos, o S23B-5 \u00e9 o seu melhor companheiro para edi\u00e7\u00e3o de v\u00eddeo, design gr\u00e1fico e edi\u00e7\u00e3o de fotografias. Com uma cobertura de 100% do espa\u00e7o de cores Adobe RGB, este monitor port\u00e1til garante cores realistas para ajustes de cor precisos e resultados impressionantes. O ecr\u00e3 de alta resolu\u00e7\u00e3o, associado a uma profundidade de cor de 10 bits, permite trabalhar com detalhes complexos e obter uma precis\u00e3o visual essencial para o trabalho criativo profissional.<\/p>\n\n<p>Conectividade perfeita para uma maior versatilidade A conetividade \u00e9 f\u00e1cil com o S23B-5. Este monitor de viagem 4K UHD inclui uma miniporta HD, portas Type-C para transfer\u00eancia de dados de v\u00eddeo e fonte de alimenta\u00e7\u00e3o, uma porta para auscultadores (3,5 mm) e uma porta Micro-USB para ligar perif\u00e9ricos como teclados e ratos. Quer esteja a ligar o seu smartphone, port\u00e1til, PlayStation, Xbox ou outros dispositivos compat\u00edveis, o S23B-5 garante a compatibilidade, aumentando o espa\u00e7o do seu ecr\u00e3 para aumentar a produtividade ou a experi\u00eancia de jogo onde quer que esteja.<\/p>\n\n<p>Bateria incorporada para uma utiliza\u00e7\u00e3o ininterrupta Para al\u00e9m de potente e vers\u00e1til, o S23B-5 \u00e9 incrivelmente pr\u00e1tico com a sua bateria de pol\u00edmero de 10000 mAh incorporada. Desfrute de uma utiliza\u00e7\u00e3o sem interrup\u00e7\u00f5es enquanto viaja, participa em reuni\u00f5es ou trabalha remotamente. A bateria de longa dura\u00e7\u00e3o proporciona a liberdade de trabalhar, divertir-se ou criar sem se preocupar com a alimenta\u00e7\u00e3o. Mantenha-se produtivo e entretido em movimento.<\/p>\n\n<p>Qualidade de constru\u00e7\u00e3o premium e design port\u00e1til Fabricado em liga de alum\u00ednio de alta qualidade, o S23B-5 \u00e9 dur\u00e1vel e tem um aspeto e toque premium. O seu design elegante e fino, medindo apenas 357 x 223 x 9 mm e pesando 1300 g, torna-o altamente port\u00e1til e f\u00e1cil de transportar na sua mala ou mochila. O S23B-5 foi concebido para ser o seu companheiro de confian\u00e7a, assegurando que n\u00e3o compromete a produtividade ou o entretenimento, onde quer que esteja.<\/p>\n\n<p>Experi\u00eancia de \u00e1udio envolvente Oferecendo mais do que imagens deslumbrantes, o S23B-5 proporciona uma experi\u00eancia de \u00e1udio envolvente com duas colunas de 1,0 W. Desfruta de um som n\u00edtido e claro para filmes, jogos ou actividades multim\u00e9dia. Quer seja numa videoconfer\u00eancia, a ouvir m\u00fasica ou a ver programas, o S23B-5 melhora a tua experi\u00eancia sensorial, tornando-a envolvente e cativante.  <\/p>\n\n<p>Conforto de visualiza\u00e7\u00e3o melhorado O seu conforto \u00e9 importante, especialmente durante um tempo de ecr\u00e3 prolongado. O S23B-5 garante um conforto de visualiza\u00e7\u00e3o \u00f3timo com \u00e2ngulos de visualiza\u00e7\u00e3o amplos e defini\u00e7\u00f5es ajust\u00e1veis. Com um \u00e2ngulo de visualiza\u00e7\u00e3o de 85 graus em todas as direc\u00e7\u00f5es (U\/D\/L\/R), desfrute de imagens n\u00edtidas e cores vibrantes de diferentes perspectivas. Quer esteja a colaborar, a partilhar conte\u00fados ou a ajustar o monitor para a sua posi\u00e7\u00e3o de visualiza\u00e7\u00e3o preferida, o S23B-5 permite uma utiliza\u00e7\u00e3o confort\u00e1vel e prolongada sem cansar os olhos ou comprometer a postura.<\/p>\n\n<p>Ideal para entusiastas de jogos Para os entusiastas de jogos, o S23B-5 \u00e9 o seu derradeiro monitor port\u00e1til 4K para jogos. Com uma resolu\u00e7\u00e3o 4K UHD, uma precis\u00e3o de cor precisa e um tempo de resposta r\u00e1pido de 25 ms, este monitor proporciona uma experi\u00eancia de jogo inigual\u00e1vel. Mergulhe em gr\u00e1ficos realistas, cores ricas e detalhes n\u00edtidos que elevam as suas aventuras de jogo. O S23B-5 garante que cada fotograma \u00e9 n\u00edtido, permitindo reac\u00e7\u00f5es r\u00e1pidas e uma vantagem competitiva em jogos de a\u00e7\u00e3o de ritmo acelerado, RPGs envolventes ou mundos visualmente deslumbrantes.<\/p>\n\n<p>Aumente a produtividade em movimento Mais do que entretenimento e jogos, o S23B-5 \u00e9 uma m\u00e1quina de produtividade. Quer seja um n\u00f3mada digital, um estudante ou um profissional que precisa de um espa\u00e7o de trabalho port\u00e1til, este monitor satisfaz as suas necessidades. Aumente o ecr\u00e3 do seu computador port\u00e1til ou smartphone, execute v\u00e1rias tarefas sem esfor\u00e7o e aumente a efici\u00eancia e o fluxo de trabalho. Edite documentos, crie apresenta\u00e7\u00f5es ou analise dados com o espa\u00e7o de ecr\u00e3 adicional oferecido pelo S23B-5. O seu ecr\u00e3 de alta resolu\u00e7\u00e3o e a reprodu\u00e7\u00e3o precisa das cores permitem trabalhar com detalhes complexos e manter a consist\u00eancia entre dispositivos. O S23B-5 \u00e9 o seu centro de produtividade port\u00e1til, permitindo-lhe fazer mais, mesmo em movimento.<\/p>\n\n<p>Conclus\u00e3o Em conclus\u00e3o, o monitor port\u00e1til S23B-5 4K \u00e9 um dispositivo excecional que traz ecr\u00e3s m\u00f3veis de ultra-alta defini\u00e7\u00e3o para a ponta dos seus dedos. Com uma resolu\u00e7\u00e3o 4K UHD, um ecr\u00e3 t\u00e1til capacitivo de 10 pontos e uma ampla gama de cores, este monitor port\u00e1til oferece imagens deslumbrantes e um desempenho excecional. Quer seja um jogador, um profissional criativo ou valorize a produtividade em movimento, o S23B-5 est\u00e1 adaptado \u00e0s suas necessidades. As suas op\u00e7\u00f5es de conetividade vers\u00e1teis, a bateria incorporada e a qualidade de constru\u00e7\u00e3o de primeira qualidade fazem dele uma escolha de destaque.<\/p>\n\n<p>Pr\u00f3s: Visuais impressionantes: O S23B-5 oferece um ecr\u00e3 4K UHD com uma precis\u00e3o de cor excecional, perfeito para jogos, edi\u00e7\u00e3o de v\u00eddeo, design gr\u00e1fico e edi\u00e7\u00e3o de fotografias. Funcionalidade do ecr\u00e3 t\u00e1til: O ecr\u00e3 t\u00e1til capacitivo de 10 pontos proporciona uma experi\u00eancia de utiliza\u00e7\u00e3o \u00e1gil e intuitiva, permitindo uma navega\u00e7\u00e3o sem esfor\u00e7o e um controlo preciso. Portabilidade: Fino e leve, o S23B-5 \u00e9 altamente port\u00e1til para viagens, desloca\u00e7\u00f5es profissionais e trabalho remoto. Conectividade vers\u00e1til: V\u00e1rias portas, incluindo HD Mini, Tipo C, Auscultadores e Micro-USB, garantem a compatibilidade com smartphones, computadores port\u00e1teis e consolas de jogos. Bateria incorporada: Com uma bateria de pol\u00edmero de 10000 mAh, o S23B-5 oferece uma utiliza\u00e7\u00e3o ininterrupta em movimento, sem necessidade de uma fonte de alimenta\u00e7\u00e3o.<\/p>\n\n<p>Contras: Op\u00e7\u00f5es de tamanho limitadas: Dispon\u00edvel apenas no tamanho de 15,6 polegadas, pode n\u00e3o se adequar aos utilizadores que preferem monitores port\u00e1teis maiores ou mais pequenos. Sa\u00edda de \u00e1udio: Os altifalantes incorporados podem n\u00e3o corresponder aos altifalantes externos ou aos auscultadores para quem procura uma experi\u00eancia de \u00e1udio mais envolvente.<\/p>\n","protected":false},"excerpt":{"rendered":"<ul>\n<li><strong>100% da<\/strong> gama de <strong>cores Adobe<\/strong> Monitor port\u00e1til <strong>UHD 4K de 15,6 polegadas<\/strong> <\/li>\n<li>Monitor de ecr\u00e3 t\u00e1til capacitivo de 10 pontos<\/li>\n<li>Ecr\u00e3 t\u00e1til compat\u00edvel com <strong>MacOS<\/strong><\/li>\n<li>Bateria incorporada de 10000mAh<\/li>\n<li><strong>Alimentado por USB<\/strong>, suporta mini-HDMI, USB Type-C<\/li>\n<\/ul>\n[cg_accordion title=\"INFORMA\u00c7\u00d5ES DE PAGAMENTO\"]<\/p>\n<p>Utilizamos a mais recente tecnologia de processamento de pagamentos, que lhe permite efetuar o checkout atrav\u00e9s de Apple Pay, Google Pay, cart\u00e3o de d\u00e9bito\/cr\u00e9dito, PayPal ou m\u00e9todos BNPL, como Klarna, Affirm ou AfterPay, para uma experi\u00eancia r\u00e1pida e segura.[\/cg_accordion]\n[cg_accordion title=\"GARANTIA\"]<\/p>\n<p>2 anos de garantia da <a href=\"https:\/\/droix.net\/\" target=\"_blank\" rel=\"nofollow noopener\">DROIX Global<\/a> para a sua paz de esp\u00edrito[\/cg_accordion]\n[cg_accordion title=\"PRE\u00c7OS, IMPOSTOS E ENVIO\"]<\/p>\n<p><strong><u>Nota:<\/u><\/strong><\/p>\n<ul>\n<li>Clientes dos Estados Unidos: O pre\u00e7o apresentado N\u00c3O inclui TAXAS nem impostos. A responsabilidade pelo desalfandegamento e pelo pagamento de quaisquer impostos\/taxas associadas recai sobre o cliente. <\/li>\n<li>Clientes da UE: O pre\u00e7o apresentado inclui o IMPOSTO aplic\u00e1vel, que pode ir at\u00e9 25% consoante o pa\u00eds.<\/li>\n<li>Clientes do Canad\u00e1: O pre\u00e7o apresentado inclui os impostos aplic\u00e1veis, que podem incluir 5% de GST e impostos adicionais sobre vendas provinciais (PST), imposto sobre vendas harmonizado (HST) ou imposto sobre vendas do Quebec (QST), dependendo da sua prov\u00edncia.<\/li>\n<\/ul>\n<p><strong>APENAS para clientes da UE:<\/strong> Expresso DDP (Delivered Duty Paid). Isto significa que: <\/p>\n<ul>\n<li>Todos os direitos aduaneiros e impostos est\u00e3o inclu\u00eddos no pre\u00e7o apresentado na p\u00e1gina do produto.<\/li>\n<li>N\u00e3o ter\u00e1 de pagar quaisquer encargos adicionais aquando da entrega.<\/li>\n<li>Na rara eventualidade de problemas relacionados com a alf\u00e2ndega, a nossa equipa tratar\u00e1 do processo de desalfandegamento em seu nome para garantir uma experi\u00eancia de entrega sem problemas.<\/li>\n<p>Informa\u00e7\u00f5es importantes sobre as devolu\u00e7\u00f5es:<\/p>\n<li>Se decidir devolver a sua encomenda ou solicitar um reembolso, tenha em aten\u00e7\u00e3o que os impostos e direitos pagos em seu nome ao abrigo das condi\u00e7\u00f5es DDP n\u00e3o podem ser reembolsados.<\/li>\n<p>Consulte os nossos <a href=\"https:\/\/gpdstore.net\/pt-pt\/terms-of-service\/\" target=\"_blank\" rel=\"nofollow noopener\">Termos e Condi\u00e7\u00f5es<\/a> para obter informa\u00e7\u00f5es pormenorizadas.\n<\/ul>\n<p>[\/cg_accordion]\n[cg_accordion title=\"APOIO AO CLIENTE\"]<\/p>\n<p>Tem uma pergunta? Estamos a uma curta mensagem de texto de ter o seu problema resolvido!<br \/>\n[\/cg_accordion]\n[cg_accordion title=\"O QUE EST\u00c1 INCLU\u00cdDO\"]<\/p>\n<ul>\n<li>1x Ficha de alimenta\u00e7\u00e3o (UE\/EUA)<\/li>\n<li>1x Manual do utilizador<\/li>\n<\/ul>\n<p>[\/cg_accordion]\n","protected":false},"featured_media":61460,"template":"","meta":{"_acf_changed":false},"product_brand":[],"product_cat":[5448],"product_tag":[5516,5450],"woo-feed-brand":[5451],"class_list":{"0":"post-61419","1":"product","2":"type-product","3":"status-publish","4":"has-post-thumbnail","6":"product_cat-monitores-portateis","7":"product_tag-30gpdsale-pt-pt","8":"product_tag-droix-portatil-monitor","9":"product_shipping_class-standard","10":"pa_brand-droix","11":"woo-feed-brand-droix-pt-pt","13":"first","14":"outofstock","15":"sale","16":"taxable","17":"shipping-taxable","18":"purchasable","19":"product-type-variable","20":"has-default-attributes"},"acf":[],"aioseo_notices":[],"_links":{"self":[{"href":"https:\/\/gpdstore.net\/pt-pt\/wp-json\/wp\/v2\/product\/61419","targetHints":{"allow":["GET"]}}],"collection":[{"href":"https:\/\/gpdstore.net\/pt-pt\/wp-json\/wp\/v2\/product"}],"about":[{"href":"https:\/\/gpdstore.net\/pt-pt\/wp-json\/wp\/v2\/types\/product"}],"wp:featuredmedia":[{"embeddable":true,"href":"https:\/\/gpdstore.net\/pt-pt\/wp-json\/wp\/v2\/media\/61460"}],"wp:attachment":[{"href":"https:\/\/gpdstore.net\/pt-pt\/wp-json\/wp\/v2\/media?parent=61419"}],"wp:term":[{"taxonomy":"product_brand","embeddable":true,"href":"https:\/\/gpdstore.net\/pt-pt\/wp-json\/wp\/v2\/product_brand?post=61419"},{"taxonomy":"product_cat","embeddable":true,"href":"https:\/\/gpdstore.net\/pt-pt\/wp-json\/wp\/v2\/product_cat?post=61419"},{"taxonomy":"product_tag","embeddable":true,"href":"https:\/\/gpdstore.net\/pt-pt\/wp-json\/wp\/v2\/product_tag?post=61419"},{"taxonomy":"woo-feed-brand","embeddable":true,"href":"https:\/\/gpdstore.net\/pt-pt\/wp-json\/wp\/v2\/woo-feed-brand?post=61419"}],"curies":[{"name":"wp","href":"https:\/\/api.w.org\/{rel}","templated":true}]}}