{"id":48108,"date":"2024-07-12T08:46:50","date_gmt":"2024-07-12T08:46:50","guid":{"rendered":"https:\/\/gpdstore.net\/sem%20categoria\/monitor-portatil-droix-pm13-2k\/"},"modified":"2025-09-15T21:33:12","modified_gmt":"2025-09-15T21:33:12","slug":"monitor-portatil-droix-pm13-2k","status":"publish","type":"product","link":"https:\/\/gpdstore.net\/pt-pt\/product\/monitor-portatil-droix-pm13-2k\/","title":{"rendered":"Monitor Port\u00e1til DroiX PM13 2K"},"content":{"rendered":"\n<figure class=\"wp-block-video\"><video controls=\"\" muted=\"\" poster=\"https:\/\/droix.net\/wp-content\/uploads\/2024\/03\/1.jpg\" src=\"https:\/\/droix.net\/wp-content\/uploads\/2024\/06\/pm131.mp4\"><\/video><\/figure>\n\n<div class=\"wp-block-columns is-layout-flex wp-container-core-columns-is-layout-28f84493 wp-block-columns-is-layout-flex\">\n<div class=\"wp-block-column is-layout-flow wp-block-column-is-layout-flow\" style=\"flex-basis:33.33%\">\n<figure class=\"wp-block-image size-large\"><a href=\"https:\/\/droix.net\/wp-content\/uploads\/2024\/03\/DROIX-S13-GENERIC-DONE-LISTING-IMAGE-1-1.png\"><img decoding=\"async\" src=\"https:\/\/droix.net\/wp-content\/uploads\/2024\/03\/DROIX-S13-GENERIC-DONE-LISTING-IMAGE-1-1-1024x1024.png\" alt=\"Imagem do Monitor Port&#xE1;til DroiX, 13 polegadas, 2K, Ultra Fino, leve e port&#xE1;til\" class=\"wp-image-175965\"\/><\/a><\/figure>\n<\/div>\n\n\n\n<div class=\"wp-block-column is-layout-flow wp-block-column-is-layout-flow\" style=\"flex-basis:66.66%\">\n<h2 class=\"wp-block-heading\"><strong>DroiX PM13 &#8211; Monitor Port\u00e1til Ultra-Fino 4K de 13.0 polegadas<\/strong><\/h2>\n\n\n\n<p>O DroiX PM13 \u00e9 um monitor port\u00e1til de 13&#8243; 2K elegante e leve, com apenas 494 gramas. Envolvido numa estrutura fina de alum\u00ednio e com molduras ultrafinas de 0,11&#8243;, combina magistralmente estilo com conveni\u00eancia. O ecr\u00e3 IPS vibrante oferece cores ricas e um \u00e2ngulo de visualiza\u00e7\u00e3o expansivo de 170 graus, proporcionando uma experi\u00eancia visual cativante. Com compatibilidade com v\u00e1rios dispositivos via HDMI e USB-C, o PM13 \u00e9 o derradeiro ecr\u00e3 vers\u00e1til para atualizares a tua configura\u00e7\u00e3o onde quer que estejas.  <\/p>\n<\/div>\n<\/div>\n\n<div class=\"wp-block-columns is-layout-flex wp-container-core-columns-is-layout-28f84493 wp-block-columns-is-layout-flex\">\n<div class=\"wp-block-column is-layout-flow wp-block-column-is-layout-flow\">\n<h3 class=\"wp-block-heading\">O monitor port\u00e1til ideal para computadores port\u00e1teis<br\/><em>Sem compromissos<\/em><\/h3>\n\n\n\n<p>O monitor port\u00e1til DroiX PM13 oferece uma experi\u00eancia de visualiza\u00e7\u00e3o excecional com os seus excelentes recursos. Com alto brilho e suporte HDR, garante uma visibilidade clara em qualquer condi\u00e7\u00e3o de ilumina\u00e7\u00e3o. A cobertura 100% sRGB e 16,7 milh\u00f5es de cores proporcionam a precis\u00e3o de cores crucial para edi\u00e7\u00e3o de fotos e design gr\u00e1fico. A resolu\u00e7\u00e3o de 2K num ecr\u00e3 de 13 polegadas garante uma elevada densidade de p\u00edxeis, produzindo imagens n\u00edtidas e vibrantes tanto para texto como para multim\u00e9dia. Isto faz com que o PM13 seja uma escolha de topo tanto para profissionais como para entusiastas.    <\/p>\n<\/div>\n\n\n\n<div class=\"wp-block-column is-layout-flow wp-block-column-is-layout-flow\">\n<figure class=\"wp-block-image size-full\"><a href=\"https:\/\/droix.net\/wp-content\/uploads\/2024\/03\/2.jpg\"><img decoding=\"async\" src=\"https:\/\/droix.net\/wp-content\/uploads\/2024\/03\/2.jpg\" alt=\"Ecr&#xE3; port&#xE1;til de alta qualidade DroiX PM13 com suporte HDR400, resolu&#xE7;&#xE3;o QHD 2160x1350 e cobertura 100% sRGB\" class=\"wp-image-182193\"\/><\/a><\/figure>\n<\/div>\n<\/div>\n\n<div class=\"wp-block-columns is-layout-flex wp-container-core-columns-is-layout-28f84493 wp-block-columns-is-layout-flex\">\n<div class=\"wp-block-column is-layout-flow wp-block-column-is-layout-flow\">\n<figure class=\"wp-block-image size-full\"><a href=\"https:\/\/droix.net\/wp-content\/uploads\/2024\/07\/3-1.jpg\"><img decoding=\"async\" src=\"https:\/\/droix.net\/wp-content\/uploads\/2024\/07\/3-1.jpg\" alt=\"O monitor port&#xE1;til DroiX PM13 foi concebido para redefinir a compatibilidade e a conetividade com uma vasta gama de dispositivos. Com um suporte robusto para as tecnologias USB e ActiveDP, este monitor integra-se perfeitamente em v&#xE1;rios dispositivos modernos, desde computadores port&#xE1;teis a smartphones e muito mais. Concebido para uma intera&#xE7;&#xE3;o sem esfor&#xE7;o, o PM13 funciona com dispositivos que suportam DisplayPort sobre USB, t&#xEA;m portas USB Thunderbolt ou seguem o protocolo USB 4 para sa&#xED;da de v&#xED;deo. Quer estejas a jogar em movimento, a aumentar a produtividade ou a desfrutar de conte&#xFA;dos multim&#xE9;dia, o PM13 &#xE9; o teu melhor companheiro, oferecendo uma flexibilidade e desempenho inigual&#xE1;veis onde quer que precises   \" class=\"wp-image-182203\"\/><\/a><\/figure>\n<\/div>\n\n\n\n<div class=\"wp-block-column is-layout-flow wp-block-column-is-layout-flow\">\n<h3 class=\"wp-block-heading\">Portabilidade e pot\u00eancia<br\/><em>Compatibilidade<\/em><\/h3>\n\n\n\n<p>Experimenta a versatilidade de ponta do monitor port\u00e1til DroiX PM13, concebido para redefinir a compatibilidade e a conetividade com uma vasta gama de dispositivos. Com um suporte robusto para as tecnologias USB e ActiveDP, este monitor integra-se perfeitamente com v\u00e1rios aparelhos modernos, desde computadores port\u00e1teis a smartphones e muito mais. <\/p>\n\n\n\n<p>Concebido para uma intera\u00e7\u00e3o sem esfor\u00e7o, o PM13 funciona com dispositivos que suportam DisplayPort sobre USB, t\u00eam portas USB Thunderbolt ou seguem o protocolo USB 4 para sa\u00edda de v\u00eddeo. Quer estejas a jogar em movimento, a aumentar a produtividade ou a desfrutar de conte\u00fados multim\u00e9dia, o PM13 \u00e9 o teu melhor companheiro, oferecendo uma flexibilidade e desempenho inigual\u00e1veis onde quer que precises. <\/p>\n<\/div>\n<\/div>\n\n<div class=\"wp-block-columns is-layout-flex wp-container-core-columns-is-layout-28f84493 wp-block-columns-is-layout-flex\">\n<div class=\"wp-block-column is-layout-flow wp-block-column-is-layout-flow\">\n<h3 class=\"wp-block-heading\">Mais do que um monitor port\u00e1til<br\/><em>Com muitas funcionalidades<\/em><\/h3>\n\n\n\n<p>O monitor port\u00e1til DroiX PM13 possui um design vers\u00e1til com um suporte ajust\u00e1vel de 180\u00b0, permitindo aos utilizadores posicionar o ecr\u00e3 em v\u00e1rios \u00e2ngulos para um conforto de visualiza\u00e7\u00e3o ideal. Al\u00e9m disso, inclui um suporte de montagem VESA de 75x75mm integrado, permitindo uma montagem flex\u00edvel em bra\u00e7os ou suportes compat\u00edveis. Para o \u00e1udio, o PM13 inclui altifalantes est\u00e9reo incorporados, cada um com uma pot\u00eancia de 1,0 W. Embora n\u00e3o sejam excecionalmente potentes, estes altifalantes oferecem uma solu\u00e7\u00e3o de \u00e1udio conveniente sem necessidade de dispositivos externos.   <\/p>\n\n\n\n<h3 class=\"wp-block-heading\"><br\/><\/h3>\n<\/div>\n\n\n\n<div class=\"wp-block-column is-layout-flow wp-block-column-is-layout-flow\">\n<figure class=\"wp-block-image size-full\"><a href=\"https:\/\/droix.net\/wp-content\/uploads\/2024\/07\/4.jpg\"><img decoding=\"async\" src=\"https:\/\/droix.net\/wp-content\/uploads\/2024\/07\/4.jpg\" alt=\"O monitor port&#xE1;til DroiX PM13 possui um suporte ajust&#xE1;vel de 180&#xB0;, permitindo aos utilizadores posicionar o ecr&#xE3; em v&#xE1;rios &#xE2;ngulos para um conforto de visualiza&#xE7;&#xE3;o ideal. Inclui um suporte de montagem VESA de 75x75mm integrado para uma montagem flex&#xED;vel em bra&#xE7;os ou suportes compat&#xED;veis. O PM13 tamb&#xE9;m inclui altifalantes est&#xE9;reo incorporados, cada um com uma pot&#xEA;ncia de 1,0 W, proporcionando uma solu&#xE7;&#xE3;o de &#xE1;udio pr&#xE1;tica sem necessidade de dispositivos externos.  \" class=\"wp-image-182205\"\/><\/a><\/figure>\n<\/div>\n<\/div>\n\n<div class=\"wp-block-columns is-layout-flex wp-container-core-columns-is-layout-28f84493 wp-block-columns-is-layout-flex\">\n<div class=\"wp-block-column is-layout-flow wp-block-column-is-layout-flow\">\n<figure class=\"wp-block-image size-full\"><a href=\"https:\/\/droix.net\/wp-content\/uploads\/2024\/07\/5.jpg\"><img decoding=\"async\" src=\"https:\/\/droix.net\/wp-content\/uploads\/2024\/07\/5.jpg\" alt=\"O monitor port&#xE1;til DroiX PM13 exemplifica a versatilidade com extensas op&#xE7;&#xF5;es de compatibilidade e conetividade. Apresenta quatro modos: Modo Duplicado para espelhar conte&#xFA;dos, Modo Extend para expandir o espa&#xE7;o de trabalho, Segundo Ecr&#xE3; para consolas de jogos e Modo Retrato para orienta&#xE7;&#xE3;o vertical. Ideal para profissionais, jogadores e n&#xF3;madas digitais, aumentando a produtividade e o entretenimento em diversos ambientes  \" class=\"wp-image-182206\"\/><\/a><\/figure>\n<\/div>\n\n\n\n<div class=\"wp-block-column is-layout-flow wp-block-column-is-layout-flow\">\n<h3 class=\"wp-block-heading\">Extens\u00e3o, duplica\u00e7\u00e3o, retrato e muito mais<br\/><em>Verdadeira versatilidade<br\/><\/em><\/h3>\n\n\n\n<p>O monitor port\u00e1til DroiX PM13 exemplifica a versatilidade com as suas extensas op\u00e7\u00f5es de compatibilidade e conetividade. Oferece quatro modos vers\u00e1teis: Modo Duplicado para espelhar conte\u00fados, Modo Extend para expandir o espa\u00e7o de trabalho, Segundo Ecr\u00e3 para consolas de jogos e Modo Retrato para orienta\u00e7\u00e3o vertical. Esta adaptabilidade faz dele o companheiro ideal para profissionais, jogadores e n\u00f3madas digitais, melhorando a produtividade e o entretenimento em v\u00e1rios ambientes.  <\/p>\n\n\n\n<p>4o<\/p>\n<\/div>\n<\/div>\n\n<figure class=\"wp-block-image aligncenter size-large\"><a href=\"https:\/\/droix.net\/wp-content\/uploads\/2024\/07\/7.jpg\"><img decoding=\"async\" src=\"https:\/\/droix.net\/wp-content\/uploads\/2024\/07\/7-1024x420.jpg\" alt=\"Liga o teu MacBook com Thunderbolt 3 ou 4 ao monitor port&#xE1;til DroiX PM13 atrav&#xE9;s da sua porta Type-C com suporte DP ALT-MODE. Esta conetividade avan&#xE7;ada garante tanto a transmiss&#xE3;o de v&#xED;deo como o fornecimento de energia atrav&#xE9;s de um &#xFA;nico cabo Type-C, maximizando a conveni&#xEA;ncia e a efici&#xEA;ncia. \" class=\"wp-image-182195\"\/><\/a><\/figure>\n\n<p>Liga o teu MacBook com Thunderbolt 3 ou 4 ao monitor port\u00e1til DroiX PM13 atrav\u00e9s da sua porta Type-C com suporte DP ALT-MODE. Esta conetividade avan\u00e7ada garante tanto a transmiss\u00e3o de v\u00eddeo como o fornecimento de energia atrav\u00e9s de um \u00fanico cabo Type-C, maximizando a conveni\u00eancia e a efici\u00eancia. <\/p>\n\n<figure class=\"wp-block-image aligncenter size-large is-resized\"><a href=\"https:\/\/droix.net\/wp-content\/uploads\/2024\/03\/8.jpg\"><img decoding=\"async\" src=\"https:\/\/droix.net\/wp-content\/uploads\/2024\/03\/8-1024x420.jpg\" alt=\"Aproveita as capacidades avan&#xE7;adas do Thunderbolt 3, 4 ou USB 3.1 DP ALT-MODE no teu smartphone para te ligares perfeitamente ao monitor port&#xE1;til DroiX PM13, tanto para a sa&#xED;da de v&#xED;deo como para o fornecimento de energia. Utiliza a porta Type-C com suporte DP ALT-MODE no teu smartphone para uma experi&#xEA;ncia simplificada com um &#xFA;nico cabo para transmiss&#xE3;o de v&#xED;deo e fornecimento de energia \" class=\"wp-image-182197\" style=\"width:900px;height:auto\"\/><\/a><\/figure>\n\n<p>Liga sem esfor\u00e7o o teu port\u00e1til Windows ao monitor port\u00e1til DroiX PM13 utilizando as suas portas HDMI e Type-C para uma transmiss\u00e3o de v\u00eddeo e alimenta\u00e7\u00e3o de energia sem problemas. A porta Type-C suporta fornecimento de energia (PD), enquanto a porta HDMI assegura a sa\u00edda de v\u00eddeo de alta defini\u00e7\u00e3o, permitindo-te desfrutar de maior produtividade e entretenimento sem qualquer problema. <\/p>\n\n<figure class=\"wp-block-image aligncenter size-large\"><a href=\"https:\/\/droix.net\/wp-content\/uploads\/2024\/03\/9.jpg\"><img decoding=\"async\" src=\"https:\/\/droix.net\/wp-content\/uploads\/2024\/03\/9-1024x420.jpg\" alt=\"Aproveita as capacidades avan&#xE7;adas do Thunderbolt 3, 4 ou USB 3.1 DP ALT-MODE no teu smartphone para te ligares perfeitamente ao monitor port&#xE1;til DroiX PM13, tanto para a sa&#xED;da de v&#xED;deo como para o fornecimento de energia. Utiliza a porta Type-C com suporte DP ALT-MODE no teu smartphone para uma experi&#xEA;ncia simplificada com um &#xFA;nico cabo para transmiss&#xE3;o de v&#xED;deo e fornecimento de energia \" class=\"wp-image-182198\"\/><\/a><\/figure>\n\n<p>Aproveita as capacidades avan\u00e7adas do Thunderbolt 3, 4 ou USB 3.1 DP ALT-MODE no teu smartphone para te ligares perfeitamente ao monitor port\u00e1til DroiX PM13, tanto para a sa\u00edda de v\u00eddeo como para o fornecimento de energia. Utilizando a porta Type-C com suporte DP ALT-MODE no teu smartphone, podes desfrutar de uma experi\u00eancia simplificada com um \u00fanico cabo que lida tanto com a transmiss\u00e3o de v\u00eddeo como com a fonte de alimenta\u00e7\u00e3o. <\/p>\n\n<figure class=\"wp-block-image aligncenter size-large\"><a href=\"https:\/\/droix.net\/wp-content\/uploads\/2024\/03\/11.jpg\"><img decoding=\"async\" src=\"https:\/\/droix.net\/wp-content\/uploads\/2024\/03\/11-1024x420.jpg\" alt=\"As v&#xE1;rias formas de ligar o monitor port&#xE1;til DroiX PM13 incluem USB, ActiveDP, DisplayPort sobre USB, portas USB Thunderbolt e protocolo USB 4 para sa&#xED;da de v&#xED;deo, garantindo uma conetividade vers&#xE1;til.\" class=\"wp-image-182199\"\/><\/a><\/figure>\n\n<figure class=\"wp-block-image aligncenter size-large\"><a href=\"https:\/\/droix.net\/wp-content\/uploads\/2024\/03\/12.jpg\"><img decoding=\"async\" src=\"https:\/\/droix.net\/wp-content\/uploads\/2024\/03\/12-1024x420.jpg\" alt=\"FAQ para o monitor port&#xE1;til DroiX PM13\" class=\"wp-image-182200\"\/><\/a><\/figure>\n\n<h3 class=\"wp-block-heading\"><strong>Conclus\u00e3o<\/strong><\/h3>\n\n<p>O DroiX PM13 redefine a ess\u00eancia dos monitores port\u00e1teis, combinando alta resolu\u00e7\u00e3o, portabilidade superior e ampla compatibilidade num design elegante e f\u00e1cil de usar. Foi criado para aqueles que se recusam a comprometer a qualidade e a funcionalidade, mesmo em movimento. Abra\u00e7a o futuro dos monitores port\u00e1teis com o DroiX PM13 e experimenta a mistura perfeita de inova\u00e7\u00e3o e conveni\u00eancia em primeira m\u00e3o.  <\/p>\n\n<p>N\u00e3o percas a oportunidade de elevar a tua experi\u00eancia de monitor port\u00e1til com o DroiX PM13. Faz a pr\u00e9-encomenda agora para garantires o teu lugar entre os primeiros a desfrutar deste dispositivo inovador. Com disponibilidade limitada, esta \u00e9 a tua oportunidade de dar um passo \u00e0 frente e experimentar o que h\u00e1 de mais moderno em tecnologia de monitores port\u00e1teis. Encomenda o teu monitor port\u00e1til DroiX PM13 hoje mesmo!   <\/p>\n","protected":false},"excerpt":{"rendered":"<ul>\n<li>Ecr\u00e3<strong> IPS<\/strong> de 13&#8243; 2K<\/li>\n<li>Cobertura 100%<strong> sRGB<\/strong> <\/li>\n<li>450 <strong>Nits<\/strong> de brilho<\/li>\n<li>Montagem<strong> VESA<\/strong> 75x75mm<\/li>\n<li>  Altifalantes <strong> incorporados<\/strong> <\/li>\n<\/ul>\n<p> [cg_accordion title=\"INFORMA\u00c7\u00d5ES DE PAGAMENTO\"] N\u00f3s usamos a \u00faltima tecnologia em processamento de pagamentos, o que te permite fazer o checkout atrav\u00e9s do seu cart\u00e3o de d\u00e9bito\/cr\u00e9dito, ou PayPal para uma experi\u00eancia r\u00e1pida e segura.[\/cg_accordion] [cg_accordion title=\"GARANTIA\"] 1 ou 2 anos* de garantia da <a href=\"https:\/\/droix.net\/\" target=\"_blank\" rel=\"nofollow noopener\">DroiX Global<\/a> para a tua paz de esp\u00edrito[\/cg_accordion] [cg_accordion title=\"TRANSPORTE E IMPOSTOS\"] <strong><u>Nota:<\/u><\/strong> Clientes dos Estados Unidos: O pre\u00e7o apresentado inclui todos os impostos aplic\u00e1veis. Clientes da UE: O pre\u00e7o apresentado inclui o IMPOSTO aplic\u00e1vel, que pode ir at\u00e9 25%, dependendo do teu pa\u00eds. Clientes do Canad\u00e1: O pre\u00e7o apresentado inclui 5% de GST. O envio e as devolu\u00e7\u00f5es s\u00e3o feitos pela <a href=\"https:\/\/droix.net\/\" target=\"_blank\" rel=\"nofollow noopener\">DroiX<\/a>, um distribuidor oficial da GPD. N\u00f3s oferecemos o envio r\u00e1pido DHL Express DDP (Delivered Duty Paid). Todas as taxas alfandeg\u00e1rias e impostos est\u00e3o inclu\u00eddos no pre\u00e7o apresentado &#8211; nenhum pagamento adicional ser\u00e1 exigido no momento da entrega. Se surgirem problemas alfandeg\u00e1rios, a nossa equipa tratar\u00e1 dos procedimentos de desalfandegamento em teu nome. Importante: Em caso de devolu\u00e7\u00e3o ou mudan\u00e7a de ideias, os impostos e taxas pagos em teu nome n\u00e3o podem ser reembolsados devido aos termos de envio DDP. Consulta os nossos <a href=\"https:\/\/gpdstore.net\/pt-pt\/terms-of-service\/\" target=\"_blank\" rel=\"nofollow noopener\">Termos e Condi\u00e7\u00f5es<\/a> para obteres informa\u00e7\u00f5es detalhadas.        [\/cg_accordion] [cg_accordion title=\"WHAT'S INCLUDED\"]<\/p>\n<ul>\n<li>1x Monitor Port\u00e1til DroiX PM13<\/li>\n<li>1x Ficha de alimenta\u00e7\u00e3o (UE\/EUA)<\/li>\n<li>1x Cabo HDMI<\/li>\n<li>1x Cabo USB Tipo C<\/li>\n<li>1x Cabo USB Tipo A para Tipo C<\/li>\n<li>1x Estojo de prote\u00e7\u00e3o<\/li>\n<li>1x Manual do utilizador<\/li>\n<\/ul>\n<p>[\/cg_accordion]<\/p>\n","protected":false},"featured_media":818498,"template":"","meta":{"_acf_changed":false},"product_brand":[],"product_cat":[5448],"product_tag":[12475,5450],"woo-feed-brand":[5451],"class_list":{"0":"post-48108","1":"product","2":"type-product","3":"status-publish","4":"has-post-thumbnail","6":"product_cat-monitores-portateis","7":"product_tag-25bfsale-pt-pt","8":"product_tag-droix-portatil-monitor","9":"product_shipping_class-low-end","10":"pa_brand-droix","11":"woo-feed-brand-droix-pt-pt","13":"first","14":"instock","15":"sale","16":"taxable","17":"shipping-taxable","18":"purchasable","19":"product-type-variable","20":"has-default-attributes"},"acf":[],"aioseo_notices":[],"_links":{"self":[{"href":"https:\/\/gpdstore.net\/pt-pt\/wp-json\/wp\/v2\/product\/48108","targetHints":{"allow":["GET"]}}],"collection":[{"href":"https:\/\/gpdstore.net\/pt-pt\/wp-json\/wp\/v2\/product"}],"about":[{"href":"https:\/\/gpdstore.net\/pt-pt\/wp-json\/wp\/v2\/types\/product"}],"wp:featuredmedia":[{"embeddable":true,"href":"https:\/\/gpdstore.net\/pt-pt\/wp-json\/wp\/v2\/media\/818498"}],"wp:attachment":[{"href":"https:\/\/gpdstore.net\/pt-pt\/wp-json\/wp\/v2\/media?parent=48108"}],"wp:term":[{"taxonomy":"product_brand","embeddable":true,"href":"https:\/\/gpdstore.net\/pt-pt\/wp-json\/wp\/v2\/product_brand?post=48108"},{"taxonomy":"product_cat","embeddable":true,"href":"https:\/\/gpdstore.net\/pt-pt\/wp-json\/wp\/v2\/product_cat?post=48108"},{"taxonomy":"product_tag","embeddable":true,"href":"https:\/\/gpdstore.net\/pt-pt\/wp-json\/wp\/v2\/product_tag?post=48108"},{"taxonomy":"woo-feed-brand","embeddable":true,"href":"https:\/\/gpdstore.net\/pt-pt\/wp-json\/wp\/v2\/woo-feed-brand?post=48108"}],"curies":[{"name":"wp","href":"https:\/\/api.w.org\/{rel}","templated":true}]}}