{"id":347669,"date":"2024-07-12T13:07:42","date_gmt":"2024-07-12T13:07:42","guid":{"rendered":"https:\/\/gpdstore.net\/sem%20categoria\/monitor-portatil-4k-de-156-com-ecra-tatil\/"},"modified":"2025-12-23T10:14:13","modified_gmt":"2025-12-23T10:14:13","slug":"15-6-4k-portable-monitor-with-touchscreen","status":"publish","type":"product","link":"https:\/\/gpdstore.net\/pt-pt\/product\/15-6-4k-portable-monitor-with-touchscreen\/","title":{"rendered":"Monitor port\u00e1til 4K de 15,6&#8243; com ecr\u00e3 t\u00e1til"},"content":{"rendered":"\n<p>Apresentamos o monitor port\u00e1til S23b-1 4K: Melhora a tua experi\u00eancia visual em qualquer lugar<\/p>\n\n<p>Experimente uma nitidez e um brilho visuais sem paralelo com o monitor port\u00e1til S23b-1 4K. Concebido para aqueles que exigem o melhor em ecr\u00e3s port\u00e1teis, este monitor oferece uma impressionante resolu\u00e7\u00e3o 4K UHD num ecr\u00e3 compacto de 15,6 polegadas. Quer esteja a editar fotografias de alta resolu\u00e7\u00e3o, a conceber gr\u00e1ficos complexos ou a mergulhar em mundos de jogo imersivos, o S23b-1 garante que todos os detalhes ganham vida com uma precis\u00e3o excecional e cores vibrantes.<\/p>\n\n<p>Concebido com um painel LCD TFT IPS, desfruta de uma precis\u00e3o de cor superior e de \u00e2ngulos de visualiza\u00e7\u00e3o amplos, perfeito para partilhar conte\u00fados com amigos ou colaborar com colegas. O ecr\u00e3 t\u00e1til capacitivo G+G melhora a sua intera\u00e7\u00e3o, oferecendo um controlo preciso com uma navega\u00e7\u00e3o perfeita atrav\u00e9s de menus e documentos.<\/p>\n\n<p>A conetividade \u00e9 f\u00e1cil com a miniporta HDMI e as duas portas Type-C, que suportam o fornecimento de energia e a transfer\u00eancia de dados a alta velocidade entre v\u00e1rios dispositivos. Para maior comodidade, existe uma porta para auscultadores para audi\u00e7\u00e3o privada e uma porta Micro-USB para perif\u00e9ricos como teclados e ratos.<\/p>\n\n<p>Fabricado em liga de alum\u00ednio dur\u00e1vel, o S23b-1 combina um perfil elegante e incrivelmente fino com uma portabilidade leve, tornando-o o companheiro ideal para viagens ou desloca\u00e7\u00f5es entre espa\u00e7os de trabalho. A caixa dobr\u00e1vel funciona como suporte para um posicionamento est\u00e1vel em qualquer superf\u00edcie plana, garantindo versatilidade onde quer que v\u00e1.<\/p>\n\n<p>Pr\u00f3s:<\/p>\n\n<ul class=\"wp-block-list\">\n<li>Impressionante ecr\u00e3 4K UHD para imagens envolventes<\/li>\n\n\n\n<li>Op\u00e7\u00f5es de conetividade vers\u00e1teis, incluindo portas HDMI Mini e Type-C<\/li>\n\n\n\n<li>Design elegante e leve, fabricado em liga de alum\u00ednio de alta qualidade<\/li>\n\n\n\n<li>Ecr\u00e3 t\u00e1til capacitivo G+G de resposta r\u00e1pida para uma intera\u00e7\u00e3o intuitiva<\/li>\n<\/ul>\n\n<p>Contras:<\/p>\n\n<ul class=\"wp-block-list\">\n<li>Limitado ao tamanho de ecr\u00e3 de 15,6 polegadas<\/li>\n\n\n\n<li>Os altifalantes incorporados podem n\u00e3o corresponder \u00e0 qualidade de \u00e1udio externa<\/li>\n<\/ul>\n\n<p>Quer sejas um profissional criativo, um jogador \u00e1vido ou um entusiasta em movimento, o Monitor Port\u00e1til S23b-1 4K redefine a excel\u00eancia dos monitores port\u00e1teis, proporcionando um desempenho excecional numa embalagem compacta.<\/p>\n","protected":false},"excerpt":{"rendered":"<ul>\n<li>Monitor port\u00e1til <strong>4K de 15,6&#8243;<\/strong> com ecr\u00e3 t\u00e1til para alta defini\u00e7\u00e3o<\/li>\n<li>Tamanho compacto de 14,17 x 8,4 x 0,43 polegadas e pesa <strong>920g<\/strong><\/li>\n<li>Ecr\u00e3 t\u00e1til compat\u00edvel com <strong>MacOS<\/strong><\/li>\n<li>O ecr\u00e3 t\u00e1til <strong>suporta a introdu\u00e7\u00e3o de toque<\/strong> em dispositivos compat\u00edveis<\/li>\n<li><strong>Alimentado por USB<\/strong>, suporta mini-HDMI, USB Type-C<\/li>\n<\/ul>\n[cg_accordion title=\"INFORMA\u00c7\u00d5ES DE PAGAMENTO\"]<\/p>\n<p>Utilizamos a mais recente tecnologia em processamento de pagamentos, o que lhe permite efetuar o checkout atrav\u00e9s do seu cart\u00e3o de d\u00e9bito\/cr\u00e9dito ou PayPal para uma experi\u00eancia r\u00e1pida e segura.[\/cg_accordion]\n[cg_accordion title=\"GARANTIA\"]<\/p>\n<p>2 anos de garantia da <a href=\"https:\/\/droix.net\/\" target=\"_blank\" rel=\"nofollow noopener\">DROIX Global<\/a> para a sua paz de esp\u00edrito[\/cg_accordion]\n[cg_accordion title=\"PRE\u00c7OS, IMPOSTOS E ENVIO\"]<\/p>\n<p><strong><u>Nota:<\/u><\/strong><\/p>\n<ul>\n<li>Clientes dos Estados Unidos: O pre\u00e7o apresentado N\u00c3O inclui TAXAS nem impostos. A responsabilidade pelo desalfandegamento e pelo pagamento de quaisquer impostos\/taxas associadas recai sobre o cliente. <\/li>\n<li>Clientes da UE: O pre\u00e7o apresentado inclui o IMPOSTO aplic\u00e1vel, que pode ir at\u00e9 25% consoante o pa\u00eds.<\/li>\n<li>Clientes do Canad\u00e1: O pre\u00e7o apresentado inclui os impostos aplic\u00e1veis, que podem incluir 5% de GST e impostos adicionais sobre vendas provinciais (PST), imposto sobre vendas harmonizado (HST) ou imposto sobre vendas do Quebec (QST), dependendo da sua prov\u00edncia.<\/li>\n<\/ul>\n<p><strong>APENAS para clientes da UE:<\/strong> Expresso DDP (Delivered Duty Paid). Isto significa que: <\/p>\n<ul>\n<li>Todos os direitos aduaneiros e impostos est\u00e3o inclu\u00eddos no pre\u00e7o apresentado na p\u00e1gina do produto.<\/li>\n<li>N\u00e3o ter\u00e1 de pagar quaisquer encargos adicionais aquando da entrega.<\/li>\n<li>Na rara eventualidade de problemas relacionados com a alf\u00e2ndega, a nossa equipa tratar\u00e1 do processo de desalfandegamento em seu nome para garantir uma experi\u00eancia de entrega sem problemas.<\/li>\n<p>Informa\u00e7\u00f5es importantes sobre as devolu\u00e7\u00f5es:<\/p>\n<li>Se decidir devolver a sua encomenda ou solicitar um reembolso, tenha em aten\u00e7\u00e3o que os impostos e direitos pagos em seu nome ao abrigo das condi\u00e7\u00f5es DDP n\u00e3o podem ser reembolsados.<\/li>\n<p>Consulte os nossos <a href=\"https:\/\/droix.net\/terms-and-conditions\/\" target=\"_blank\" rel=\"nofollow noopener\">Termos e Condi\u00e7\u00f5es<\/a> para obter informa\u00e7\u00f5es pormenorizadas.\n<\/ul>\n<p>[\/cg_accordion]\n[cg_accordion title=\"APOIO AO CLIENTE\"]<\/p>\n<p>Tem uma pergunta? Estamos a uma curta mensagem de texto de ter o seu problema resolvido! <\/p>\n<p>Consulte os nossos <a href=\"https:\/\/gpdstore.net\/pt-pt\/terms-of-service\/\" target=\"_blank\" rel=\"nofollow noopener\">Termos e Condi\u00e7\u00f5es<\/a> para obter informa\u00e7\u00f5es pormenorizadas.\n<\/ul>\n<p>[\/cg_accordion]\n[cg_accordion title=\"O QUE EST\u00c1 INCLU\u00cdDO\"]<\/p>\n<ul>\n<li>1x Ficha de alimenta\u00e7\u00e3o (UE\/EUA)<\/li>\n<li>1x Manual do utilizador<\/li>\n<\/ul>\n<p>[\/cg_accordion]\n","protected":false},"featured_media":347913,"template":"","meta":{"_acf_changed":false},"product_brand":[],"product_cat":[5448],"product_tag":[5516,5450],"woo-feed-brand":[5451],"class_list":{"0":"post-347669","1":"product","2":"type-product","3":"status-publish","4":"has-post-thumbnail","6":"product_cat-monitores-portateis","7":"product_tag-30gpdsale-pt-pt","8":"product_tag-droix-portatil-monitor","9":"product_shipping_class-standard","10":"pa_brand-droix","11":"woo-feed-brand-droix-pt-pt","13":"first","14":"outofstock","15":"sale","16":"taxable","17":"shipping-taxable","18":"purchasable","19":"product-type-variable","20":"has-default-attributes"},"acf":[],"aioseo_notices":[],"_links":{"self":[{"href":"https:\/\/gpdstore.net\/pt-pt\/wp-json\/wp\/v2\/product\/347669","targetHints":{"allow":["GET"]}}],"collection":[{"href":"https:\/\/gpdstore.net\/pt-pt\/wp-json\/wp\/v2\/product"}],"about":[{"href":"https:\/\/gpdstore.net\/pt-pt\/wp-json\/wp\/v2\/types\/product"}],"wp:featuredmedia":[{"embeddable":true,"href":"https:\/\/gpdstore.net\/pt-pt\/wp-json\/wp\/v2\/media\/347913"}],"wp:attachment":[{"href":"https:\/\/gpdstore.net\/pt-pt\/wp-json\/wp\/v2\/media?parent=347669"}],"wp:term":[{"taxonomy":"product_brand","embeddable":true,"href":"https:\/\/gpdstore.net\/pt-pt\/wp-json\/wp\/v2\/product_brand?post=347669"},{"taxonomy":"product_cat","embeddable":true,"href":"https:\/\/gpdstore.net\/pt-pt\/wp-json\/wp\/v2\/product_cat?post=347669"},{"taxonomy":"product_tag","embeddable":true,"href":"https:\/\/gpdstore.net\/pt-pt\/wp-json\/wp\/v2\/product_tag?post=347669"},{"taxonomy":"woo-feed-brand","embeddable":true,"href":"https:\/\/gpdstore.net\/pt-pt\/wp-json\/wp\/v2\/woo-feed-brand?post=347669"}],"curies":[{"name":"wp","href":"https:\/\/api.w.org\/{rel}","templated":true}]}}