{"id":342924,"date":"2024-08-12T15:37:31","date_gmt":"2024-08-12T15:37:31","guid":{"rendered":"https:\/\/gpdstore.net\/sem%20categoria\/hub-usb-droix-nt8-clear\/"},"modified":"2025-12-23T10:14:19","modified_gmt":"2025-12-23T10:14:19","slug":"droix-nt8-clear-usb-hub","status":"publish","type":"product","link":"https:\/\/gpdstore.net\/pt-pt\/product\/droix-nt8-clear-usb-hub\/","title":{"rendered":"Hub USB DroiX NT8 Clear"},"content":{"rendered":"\n<h3 class=\"wp-block-heading\">Hub USB DroiX NT8 Clear: O futuro da conetividade cristalina!  <\/h3>\n\n<h3 class=\"wp-block-heading\">Experimenta velocidades Gigabit Ethernet  <\/h3>\n\n<p>Cansado da Internet lenta que te impede de avan\u00e7ar? Entra no futuro com o Hub USB DroiX NT8 Clear! Este n\u00e3o \u00e9 um hub qualquer &#8211; \u00e9 a tua porta de entrada para o mundo extremamente r\u00e1pido da Ethernet Gigabit 10\/100\/1000M RJ45. Quer estejas a fazer streaming em HD, a conquistar jogos online ou a navegar com v\u00e1rios separadores abertos, vais ter liga\u00e7\u00f5es est\u00e1veis e extremamente r\u00e1pidas. Diz adeus ao buffering e ao lag &#8211; tudo carrega \u00e0 velocidade do agora!<\/p>\n\n<h3 class=\"wp-block-heading\">Fornecimento de energia r\u00e1pido e eficiente  <\/h3>\n\n<p>Num mundo que nunca p\u00e1ra, os teus dispositivos t\u00eam de acompanhar o ritmo. O DroiX NT8 foi concebido com a pot\u00eancia em mente, suportando at\u00e9 100W de carregamento PD. Quer estejas a carregar um port\u00e1til, uma consola de jogos port\u00e1til ou qualquer dispositivo USB Tipo C, este hub garante um carregamento r\u00e1pido, fi\u00e1vel e eficiente. N\u00e3o h\u00e1 mais esperas &#8211; os teus dispositivos estar\u00e3o ligados e prontos sempre que estiveres.<\/p>\n\n<h3 class=\"wp-block-heading\">Imagens 4K impressionantes  <\/h3>\n\n<p>Queres ver imagens claras como cristal? O Hub USB DroiX NT8 Clear proporciona uma experi\u00eancia cinematogr\u00e1fica na ponta dos teus dedos. Com a sa\u00edda de v\u00eddeo HDMI 2.0, desfruta de uma resolu\u00e7\u00e3o 4K ultra n\u00edtida de 4096&#215;2160 a 60Hz. Quer seja para trabalho, entretenimento ou jogos, os visuais s\u00e3o t\u00e3o n\u00edtidos e envolventes que vais sentir que est\u00e1s mesmo no meio da a\u00e7\u00e3o.<\/p>\n\n<h3 class=\"wp-block-heading\">Conectividade USB inigual\u00e1vel  <\/h3>\n\n<p>Porqu\u00ea limitar-te apenas a algumas liga\u00e7\u00f5es? O Hub USB DroiX NT8 Clear oferece tr\u00eas portas USB Type-A 3.0, garantindo que podes ligar todos os teus dispositivos sem problemas. Transfere dados \u00e0 velocidade da luz, liga perif\u00e9ricos ou carrega os teus dispositivos &#8211; tudo com a versatilidade e o desempenho que exiges. Com o DroiX NT8, est\u00e1s sempre pronto para te ligares e ires embora.<\/p>\n\n<h3 class=\"wp-block-heading\">Cabo USB tipo C topo de gama  <\/h3>\n\n<p>O futuro da conetividade est\u00e1 aqui com o cabo USB Type-C do DroiX NT8. Concebida para transfer\u00eancias de dados mais r\u00e1pidas e um carregamento eficiente, esta solu\u00e7\u00e3o moderna assegura uma liga\u00e7\u00e3o simplificada e universal. Compat\u00edvel com uma vasta gama de dispositivos, este hub \u00e9 verdadeiramente um investimento \u00e0 prova de futuro que te mant\u00e9m ligado com facilidade.<\/p>\n\n<h3 class=\"wp-block-heading\">Acesso aos meios de comunica\u00e7\u00e3o sem esfor\u00e7o  <\/h3>\n\n<p>Acede aos teus ficheiros multim\u00e9dia em segundos com o leitor duplo de cart\u00f5es SD do DroiX NT8. Quer se trate de fotografias, v\u00eddeos ou documentos importantes, estes leitores suportam cart\u00f5es Micro SD e SD, oferecendo velocidades de transfer\u00eancia at\u00e9 480 Mbps. Ter\u00e1s todos os teus dados essenciais na ponta dos dedos, de forma r\u00e1pida e sem complica\u00e7\u00f5es.<\/p>\n\n<h3 class=\"wp-block-heading\">Design compacto, grande impacto  <\/h3>\n\n<p>Num mundo de aparelhos volumosos, o DroiX NT8 destaca-se pelo seu design elegante e compacto. Com apenas 104 x 43 x 13 mm, \u00e9 o companheiro perfeito para quem est\u00e1 em movimento. Quer estejas num caf\u00e9, numa reuni\u00e3o ou em viagem, este hub \u00e9 suficientemente pequeno para levar para qualquer lado, mas suficientemente potente para ter um grande impacto nas tuas necessidades de conetividade.<\/p>\n\n<h3 class=\"wp-block-heading\">Compatibilidade universal  <\/h3>\n\n<p>O Hub USB DroiX NT8 Clear n\u00e3o \u00e9 apenas vers\u00e1til &#8211; \u00e9 universalmente compat\u00edvel. Concebido para funcionar sem problemas com dispositivos USB tipo C, como PCs, mini PCs, computadores port\u00e1teis, dispositivos de jogos port\u00e1teis e muito mais, \u00e9 a solu\u00e7\u00e3o tudo-em-um que tens procurado. Acabaram-se os malabarismos com v\u00e1rios hubs &#8211; este \u00e9 o \u00fanico de que vais precisar.<\/p>\n\n<h3 class=\"wp-block-heading\">Conclus\u00e3o: Uma revolu\u00e7\u00e3o na conetividade  <\/h3>\n\n<p>Entre o mar de hubs USB, o Hub USB DroiX NT8 Clear se destaca. Com o seu impressionante conjunto de funcionalidades, design compacto e compatibilidade universal, \u00e9 mais do que um simples hub &#8211; \u00e9 uma revolu\u00e7\u00e3o na conetividade. Quer sejas um entusiasta da tecnologia, um jogador ou um profissional em movimento, o DroiX NT8 \u00e9 a melhor ferramenta para elevar a tua experi\u00eancia tecnol\u00f3gica. Entra no futuro com o DroiX NT8 &#8211; os teus aparelhos v\u00e3o agradecer!<\/p>\n\n<p>Explora mais no nosso guia de <strong>Introdu\u00e7\u00e3o ao Hub USB Droix NT8 Clear<\/strong>.<\/p>\n","protected":false},"excerpt":{"rendered":"<ul>\n<li>Hub USB DroiX<strong> NT8<\/strong> Clear<\/li>\n<li>Ethernet Gigabit <strong>10\/100\/1000M<\/strong> <\/li>\n<li>Carregamento PD de 100W<\/li>\n<li><strong>Ranhura para cart\u00e3o MicroSD \/ SD<\/strong> 480Mbps<\/li>\n<li>Sa\u00edda <strong>HDMI 4K<\/strong> <\/li>\n<\/ul>\n[cg_accordion title=\"INFORMA\u00c7\u00d5ES DE PAGAMENTO\"]<\/p>\n<p>Utilizamos a mais recente tecnologia de processamento de pagamentos, que lhe permite efetuar o checkout atrav\u00e9s de Apple Pay, Google Pay, cart\u00e3o de d\u00e9bito\/cr\u00e9dito, PayPal ou m\u00e9todos BNPL, como Klarna, Affirm ou AfterPay, para uma experi\u00eancia r\u00e1pida e segura.[\/cg_accordion]\n[cg_accordion title=\"GARANTIA\"]<\/p>\n<p>2 anos de garantia da <a href=\"https:\/\/droix.net\/\" target=\"_blank\" rel=\"nofollow noopener\">DROIX Global<\/a> para a sua paz de esp\u00edrito[\/cg_accordion]\n[cg_accordion title=\"PRE\u00c7OS, IMPOSTOS E ENVIO\"]<\/p>\n<p><strong><u>Nota:<\/u><\/strong><\/p>\n<ul>\n<li>Clientes dos Estados Unidos: O pre\u00e7o apresentado N\u00c3O inclui TAXAS nem impostos. A responsabilidade pelo desalfandegamento e pelo pagamento de quaisquer impostos\/taxas associadas recai sobre o cliente. <\/li>\n<li>Clientes da UE: O pre\u00e7o apresentado inclui o IMPOSTO aplic\u00e1vel, que pode ir at\u00e9 25% consoante o pa\u00eds.<\/li>\n<li>Clientes do Canad\u00e1: O pre\u00e7o apresentado inclui os impostos aplic\u00e1veis, que podem incluir 5% de GST e impostos adicionais sobre vendas provinciais (PST), imposto sobre vendas harmonizado (HST) ou imposto sobre vendas do Quebec (QST), dependendo da sua prov\u00edncia.<\/li>\n<\/ul>\n<p><strong>APENAS para clientes da UE:<\/strong> Expresso DDP (Delivered Duty Paid). Isto significa que: <\/p>\n<ul>\n<li>Todos os direitos aduaneiros e impostos est\u00e3o inclu\u00eddos no pre\u00e7o apresentado na p\u00e1gina do produto.<\/li>\n<li>N\u00e3o ter\u00e1 de pagar quaisquer encargos adicionais aquando da entrega.<\/li>\n<li>Na rara eventualidade de problemas relacionados com a alf\u00e2ndega, a nossa equipa tratar\u00e1 do processo de desalfandegamento em seu nome para garantir uma experi\u00eancia de entrega sem problemas.<\/li>\n<p>Informa\u00e7\u00f5es importantes sobre as devolu\u00e7\u00f5es:<\/p>\n<li>Se decidir devolver a sua encomenda ou solicitar um reembolso, tenha em aten\u00e7\u00e3o que os impostos e direitos pagos em seu nome ao abrigo das condi\u00e7\u00f5es DDP n\u00e3o podem ser reembolsados.<\/li>\n<p>Consulte os nossos <a href=\"https:\/\/gpdstore.net\/pt-pt\/terms-of-service\/\" target=\"_blank\" rel=\"nofollow noopener\">Termos e Condi\u00e7\u00f5es<\/a> para obter informa\u00e7\u00f5es pormenorizadas.\n<\/ul>\n<p>[\/cg_accordion]\n[cg_accordion title=\"APOIO AO CLIENTE\"]<\/p>\n<p>Tem uma pergunta? Estamos a uma curta mensagem de texto de ter o seu problema resolvido!<br \/>\n[\/cg_accordion]\n[cg_accordion title=\"O QUE EST\u00c1 INCLU\u00cdDO\"]<\/p>\n<ul>\n<li>1x Hub USB DroiX NT8 Clear<\/li>\n<\/ul>\n<p>[\/cg_accordion]\n","protected":false},"featured_media":342928,"template":"","meta":{"_acf_changed":false},"product_brand":[],"product_cat":[5392],"product_tag":[6042],"woo-feed-brand":[5451],"class_list":{"0":"post-342924","1":"product","2":"type-product","3":"status-publish","4":"has-post-thumbnail","6":"product_cat-acessorios","7":"product_tag-droix-hub-pt-pt","8":"product_shipping_class-low-end","9":"pa_i-o-video-1x-hdmi-pt-pt","10":"woo-feed-brand-droix-pt-pt","12":"first","13":"outofstock","14":"sale","15":"taxable","16":"shipping-taxable","17":"purchasable","18":"product-type-simple"},"acf":[],"aioseo_notices":[],"_links":{"self":[{"href":"https:\/\/gpdstore.net\/pt-pt\/wp-json\/wp\/v2\/product\/342924","targetHints":{"allow":["GET"]}}],"collection":[{"href":"https:\/\/gpdstore.net\/pt-pt\/wp-json\/wp\/v2\/product"}],"about":[{"href":"https:\/\/gpdstore.net\/pt-pt\/wp-json\/wp\/v2\/types\/product"}],"wp:featuredmedia":[{"embeddable":true,"href":"https:\/\/gpdstore.net\/pt-pt\/wp-json\/wp\/v2\/media\/342928"}],"wp:attachment":[{"href":"https:\/\/gpdstore.net\/pt-pt\/wp-json\/wp\/v2\/media?parent=342924"}],"wp:term":[{"taxonomy":"product_brand","embeddable":true,"href":"https:\/\/gpdstore.net\/pt-pt\/wp-json\/wp\/v2\/product_brand?post=342924"},{"taxonomy":"product_cat","embeddable":true,"href":"https:\/\/gpdstore.net\/pt-pt\/wp-json\/wp\/v2\/product_cat?post=342924"},{"taxonomy":"product_tag","embeddable":true,"href":"https:\/\/gpdstore.net\/pt-pt\/wp-json\/wp\/v2\/product_tag?post=342924"},{"taxonomy":"woo-feed-brand","embeddable":true,"href":"https:\/\/gpdstore.net\/pt-pt\/wp-json\/wp\/v2\/woo-feed-brand?post=342924"}],"curies":[{"name":"wp","href":"https:\/\/api.w.org\/{rel}","templated":true}]}}