{"id":286614,"date":"2024-03-18T17:00:25","date_gmt":"2024-03-18T17:00:25","guid":{"rendered":"https:\/\/gpdstore.net\/sem%20categoria\/complemento-gpd-win-max-2-2024-4g-lte\/"},"modified":"2026-04-13T11:46:27","modified_gmt":"2026-04-13T11:46:27","slug":"gpd-win-max-2-4g-lte-add-on","status":"publish","type":"product","link":"https:\/\/gpdstore.net\/pt-pt\/product\/gpd-win-max-2-4g-lte-add-on\/","title":{"rendered":"GPD WIN MAX 2 \/ 2024 4G LTE Add-on"},"content":{"rendered":"\n<p><br\/>Apresentamos-te a mais recente expans\u00e3o do m\u00f3dulo 4G LTE para o GPD WIN MAX 2 \/ GPD WIN MAX 2 2024. Esta expans\u00e3o inovadora permite que os entusiastas dos jogos se entreguem a maratonas de jogos ininterruptas onde quer que estejam, gra\u00e7as \u00e0 sua conetividade 4G sem falhas e ao suporte abrangente do operador. <\/p>\n\n<p>Criado em resposta ao feedback dos utilizadores e meticulosamente concebido para ultrapassar obst\u00e1culos t\u00e9cnicos, este m\u00f3dulo 4G LTE acomoda redes 4G TD-LTE, FDD-LTE e 3G CDMA, proporcionando um desempenho semelhante ao dos computadores port\u00e1teis convencionais. A sua integra\u00e7\u00e3o perfeita na s\u00e9rie WIN Max 2 2024 desbloqueia um reino de experi\u00eancias de jogo complexas, anteriormente fora do alcance dos dispositivos port\u00e1teis. <\/p>\n","protected":false},"excerpt":{"rendered":"<ul>\n<li>M\u00f3dulo oficial GPD WIN MAX 2 2024 LTE<\/li>\n<li>Suporta &#8211; 4G TD-LTE, FDD-LTE, 3G CDMA.<\/li>\n<li>Suporte para 4G TD-LTE, FDD-LTE e 3G CDMA<\/li>\n<li>Ranhura Nano-SIM para uma utiliza\u00e7\u00e3o f\u00e1cil<\/li>\n<li>Modelo Quectel EG25-G<\/li>\n<\/ul>\n<pre><b>IMPORTANTE<\/b>\nA INSTALA\u00c7\u00c3O REQUER UM DISPOSITIVO DE ABERTURA\nOS COMPONENTES S\u00c3O PEQUENOS E DELICADOS\nN\u00c3O NOS RESPONSABILIZAMOS POR QUAISQUER DANOS CAUSADOS PELO CLIENTE<\/pre>\n[cg_accordion title=\"INFORMA\u00c7\u00d5ES DE PAGAMENTO\"]<\/p>\n<p>Utilizamos a mais recente tecnologia de processamento de pagamentos, que lhe permite efetuar o checkout atrav\u00e9s de Apple Pay, Google Pay, cart\u00e3o de d\u00e9bito\/cr\u00e9dito, PayPal ou m\u00e9todos BNPL, como Klarna, Affirm ou AfterPay, para uma experi\u00eancia r\u00e1pida e segura.[\/cg_accordion]\n[cg_accordion title=\"GARANTIA\"]<\/p>\n<p>2 anos de garantia da <a href=\"https:\/\/droix.net\/\" target=\"_blank\" rel=\"nofollow noopener\">DROIX Global<\/a> para a sua paz de esp\u00edrito[\/cg_accordion]\n[cg_accordion title=\"PRE\u00c7OS, IMPOSTOS E ENVIO\"]<\/p>\n<p><strong><u>Nota:<\/u><\/strong><\/p>\n<ul>\n<li>Clientes dos Estados Unidos: O pre\u00e7o apresentado N\u00c3O inclui TAXAS nem impostos. A responsabilidade pelo desalfandegamento e pelo pagamento de quaisquer impostos\/taxas associadas recai sobre o cliente. <\/li>\n<li>Clientes da UE: O pre\u00e7o apresentado inclui o IMPOSTO aplic\u00e1vel, que pode ir at\u00e9 25% consoante o pa\u00eds.<\/li>\n<li>Clientes do Canad\u00e1: O pre\u00e7o apresentado inclui os impostos aplic\u00e1veis, que podem incluir 5% de GST e impostos adicionais sobre vendas provinciais (PST), imposto sobre vendas harmonizado (HST) ou imposto sobre vendas do Quebec (QST), dependendo da sua prov\u00edncia.<\/li>\n<\/ul>\n<p><strong>APENAS para clientes da UE:<\/strong> Expresso DDP (Delivered Duty Paid). Isto significa que: <\/p>\n<ul>\n<li>Todos os direitos aduaneiros e impostos est\u00e3o inclu\u00eddos no pre\u00e7o apresentado na p\u00e1gina do produto.<\/li>\n<li>N\u00e3o ter\u00e1 de pagar quaisquer encargos adicionais aquando da entrega.<\/li>\n<li>Na rara eventualidade de problemas relacionados com a alf\u00e2ndega, a nossa equipa tratar\u00e1 do processo de desalfandegamento em seu nome para garantir uma experi\u00eancia de entrega sem problemas.<\/li>\n<p>Informa\u00e7\u00f5es importantes sobre as devolu\u00e7\u00f5es:<\/p>\n<li>Se decidir devolver a sua encomenda ou solicitar um reembolso, tenha em aten\u00e7\u00e3o que os impostos e direitos pagos em seu nome ao abrigo das condi\u00e7\u00f5es DDP n\u00e3o podem ser reembolsados.<\/li>\n<p>Consulte os nossos <a href=\"https:\/\/gpdstore.net\/pt-pt\/terms-of-service\/\" target=\"_blank\" rel=\"nofollow noopener\">Termos e Condi\u00e7\u00f5es<\/a> para obter informa\u00e7\u00f5es pormenorizadas.\n<\/ul>\n<p>[\/cg_accordion]\n[cg_accordion title=\"APOIO AO CLIENTE\"]<\/p>\n<p>Tem uma pergunta? Estamos a uma curta mensagem de texto de ter o seu problema resolvido!<br \/>\n[\/cg_accordion]\n[cg_accordion title=\"O QUE EST\u00c1 INCLU\u00cdDO\"]<\/p>\n<ul>\n<li>1x M\u00f3dulo GPD WIN MAX 2 LTE<\/li>\n<\/ul>\n<p>[\/cg_accordion]\n","protected":false},"featured_media":286958,"template":"","meta":{"_acf_changed":false},"product_brand":[],"product_cat":[5392],"product_tag":[15763,6113],"woo-feed-brand":[5757],"class_list":{"0":"post-286614","1":"product","2":"type-product","3":"status-publish","4":"has-post-thumbnail","6":"product_cat-acessorios","7":"product_tag-20xmsale-pt-pt-2","8":"product_tag-gpd-wm2-acessorio","9":"product_shipping_class-low-end","10":"pa_accessory-type-suplementos","11":"pa_brand-gpd","12":"woo-feed-brand-gpd-pt-pt","14":"first","15":"outofstock","16":"sale","17":"taxable","18":"shipping-taxable","19":"purchasable","20":"product-type-simple"},"acf":[],"aioseo_notices":[],"_links":{"self":[{"href":"https:\/\/gpdstore.net\/pt-pt\/wp-json\/wp\/v2\/product\/286614","targetHints":{"allow":["GET"]}}],"collection":[{"href":"https:\/\/gpdstore.net\/pt-pt\/wp-json\/wp\/v2\/product"}],"about":[{"href":"https:\/\/gpdstore.net\/pt-pt\/wp-json\/wp\/v2\/types\/product"}],"wp:featuredmedia":[{"embeddable":true,"href":"https:\/\/gpdstore.net\/pt-pt\/wp-json\/wp\/v2\/media\/286958"}],"wp:attachment":[{"href":"https:\/\/gpdstore.net\/pt-pt\/wp-json\/wp\/v2\/media?parent=286614"}],"wp:term":[{"taxonomy":"product_brand","embeddable":true,"href":"https:\/\/gpdstore.net\/pt-pt\/wp-json\/wp\/v2\/product_brand?post=286614"},{"taxonomy":"product_cat","embeddable":true,"href":"https:\/\/gpdstore.net\/pt-pt\/wp-json\/wp\/v2\/product_cat?post=286614"},{"taxonomy":"product_tag","embeddable":true,"href":"https:\/\/gpdstore.net\/pt-pt\/wp-json\/wp\/v2\/product_tag?post=286614"},{"taxonomy":"woo-feed-brand","embeddable":true,"href":"https:\/\/gpdstore.net\/pt-pt\/wp-json\/wp\/v2\/woo-feed-brand?post=286614"}],"curies":[{"name":"wp","href":"https:\/\/api.w.org\/{rel}","templated":true}]}}