{"id":272159,"date":"2024-01-23T12:16:16","date_gmt":"2024-01-23T12:16:16","guid":{"rendered":"https:\/\/gpdstore.net\/sem%20categoria\/gpd-micro-pc\/"},"modified":"2025-12-23T10:25:20","modified_gmt":"2025-12-23T10:25:20","slug":"gpd-micro-pc","status":"publish","type":"product","link":"https:\/\/gpdstore.net\/pt-pt\/product\/gpd-micro-pc\/","title":{"rendered":"GPD Micro PC UMPC"},"content":{"rendered":"\n<figure class=\"wp-block-video\"><video controls=\"\" muted=\"\" poster=\"https:\/\/gpdstore.net\/wp-content\/uploads\/2024\/01\/gpd-hero.jpg\" src=\"https:\/\/gpdstore.net\/wp-content\/uploads\/2024\/01\/Video-Project-22.mp4\"><\/video><\/figure>\n\n<div class=\"wp-block-columns is-layout-flex wp-container-core-columns-is-layout-28f84493 wp-block-columns-is-layout-flex\">\n<div class=\"wp-block-column is-layout-flow wp-block-column-is-layout-flow\" style=\"flex-basis:33.33%\">\n<figure class=\"wp-block-image size-full\"><img fetchpriority=\"high\" decoding=\"async\" width=\"1200\" height=\"929\" src=\"https:\/\/gpdstore.net\/wp-content\/uploads\/2024\/05\/1271643.jpg\" alt=\"GPD Micro PC, um mini PC compacto e vers&#xE1;til concebido para computa&#xE7;&#xE3;o e produtividade em movimento.\" class=\"wp-image-1670\" srcset=\"https:\/\/gpdstore.net\/wp-content\/uploads\/2024\/05\/1271643.jpg 1200w, https:\/\/gpdstore.net\/wp-content\/uploads\/2024\/05\/1271643-150x116.jpg 150w, https:\/\/gpdstore.net\/wp-content\/uploads\/2024\/05\/1271643-600x465.jpg 600w, https:\/\/gpdstore.net\/wp-content\/uploads\/2024\/05\/1271643-768x595.jpg 768w, https:\/\/gpdstore.net\/wp-content\/uploads\/2024\/05\/1271643-990x766.jpg 990w, https:\/\/gpdstore.net\/wp-content\/uploads\/2024\/05\/1271643-441x341.jpg 441w\" sizes=\"(max-width: 1200px) 100vw, 1200px\" \/><\/figure>\n<\/div>\n\n\n\n<div class=\"wp-block-column is-layout-flow wp-block-column-is-layout-flow\" style=\"flex-basis:66.66%\">\n<h2 class=\"wp-block-heading\">Ferramenta de produtividade m\u00f3vel multi-interface: o MicroPC de 6&#8243;!<\/h2>\n\n\n\n<p>Embora o Microsoft Surface Go tenha sido celebrado como uma pot\u00eancia compacta, leve e acess\u00edvel, o MicroPC de 6&#8243; leva-o para o n\u00edvel seguinte. N\u00e3o s\u00f3 \u00e9 mais pequeno do que o Surface Go, como tamb\u00e9m possui mais interfaces, o que o torna um dispositivo incrivelmente vers\u00e1til. Esta maravilha do tamanho da palma da m\u00e3o, medindo apenas 15 mm no seu ponto mais fino e pesando apenas 440 g, foi concebida para ser ultra-port\u00e1til sem comprometer o desempenho. Com um consumo de energia de conce\u00e7\u00e3o t\u00e9rmica de apenas 10 W, o MicroPC proporciona um desempenho equivalente ao do Surface Go, tudo a um pre\u00e7o mais econ\u00f3mico. Ideal para profissionais de todos os sectores, o MicroPC \u00e9 a ferramenta de produtividade m\u00f3vel por excel\u00eancia!<\/p>\n<\/div>\n<\/div>\n\n<h2 class=\"wp-block-heading has-text-align-center\">Portabilidade extrema e design pr\u00e1tico: Especifica\u00e7\u00f5es e formato do GPD Micro PC<\/h2>\n\n<div class=\"wp-block-columns is-layout-flex wp-container-core-columns-is-layout-28f84493 wp-block-columns-is-layout-flex\">\n<div class=\"wp-block-column is-layout-flow wp-block-column-is-layout-flow\">\n<figure class=\"wp-block-image size-full is-resized\"><img decoding=\"async\" width=\"1000\" height=\"899\" src=\"https:\/\/gpdstore.net\/wp-content\/uploads\/2024\/05\/714PPtewL._AC_UF10001000_QL80_.jpg\" alt=\"GPD Micro PC com um ecr&#xE3; IPS de 6 polegadas, ideal para computa&#xE7;&#xE3;o port&#xE1;til e tarefas multim&#xE9;dia.\" class=\"wp-image-1675\" style=\"width:299px;height:auto\" srcset=\"https:\/\/gpdstore.net\/wp-content\/uploads\/2024\/05\/714PPtewL._AC_UF10001000_QL80_.jpg 1000w, https:\/\/gpdstore.net\/wp-content\/uploads\/2024\/05\/714PPtewL._AC_UF10001000_QL80_-150x135.jpg 150w, https:\/\/gpdstore.net\/wp-content\/uploads\/2024\/05\/714PPtewL._AC_UF10001000_QL80_-600x539.jpg 600w, https:\/\/gpdstore.net\/wp-content\/uploads\/2024\/05\/714PPtewL._AC_UF10001000_QL80_-768x690.jpg 768w, https:\/\/gpdstore.net\/wp-content\/uploads\/2024\/05\/714PPtewL._AC_UF10001000_QL80_-990x890.jpg 990w, https:\/\/gpdstore.net\/wp-content\/uploads\/2024\/05\/714PPtewL._AC_UF10001000_QL80_-441x396.jpg 441w\" sizes=\"(max-width: 1000px) 100vw, 1000px\" \/><\/figure>\n\n\n\n<h3 class=\"wp-block-heading\">O derradeiro PC de bolso: Porque \u00e9 que o formato de 6 polegadas \u00e9 perfeito para os n\u00f3madas digitais<\/h3>\n\n\n\n<p>Com apenas 6 polegadas por 4 polegadas e pesando apenas 440 gramas, este mini PC \u00e9 perfeito para profissionais, estudantes e n\u00f3madas digitais sempre em movimento. Com um processador Intel quad-core, <a href=\"https:\/\/gpdstore.net\/pt-pt\/product-attribute\/memory-ram-capacity\/8-gb-pt-pt\/\" target=\"_blank\" rel=\"noreferrer noopener\">8GB<\/a> de RAM e <a href=\"https:\/\/gpdstore.net\/pt-pt\/product-attribute\/storage-capacity\/256-gb-pt-pt\/\" target=\"_blank\" data-type=\"link\" data-id=\"https:\/\/gpdstore.net\/product-attribute\/storage-capacity\/256gb\/\" rel=\"noreferrer noopener\">256GB<\/a>, <a href=\"https:\/\/gpdstore.net\/pt-pt\/product-attribute\/storage-capacity\/512-gb-pt-pt\/\" target=\"_blank\" rel=\"noreferrer noopener\">512GB<\/a> ou <a href=\"https:\/\/gpdstore.net\/pt-pt\/product-attribute\/storage-capacity\/1tb-pt-pt-2\/\" target=\"_blank\" rel=\"noreferrer noopener\">1TB de<\/a> armazenamento, proporciona um desempenho r\u00e1pido para multitarefas e entretenimento no seu ecr\u00e3 de alta resolu\u00e7\u00e3o.<\/p>\n<\/div>\n\n\n\n<div class=\"wp-block-column is-layout-flow wp-block-column-is-layout-flow\">\n<figure class=\"wp-block-image size-full\"><img decoding=\"async\" width=\"300\" height=\"300\" src=\"https:\/\/gpdstore.net\/wp-content\/uploads\/2024\/05\/078e6b89-8d78-4318-bf09-8caf8fecef63.__CR1800840840_PT0_SX300_V1___.jpg\" alt=\"GPD Micro PC, concebido para ser resistente ao impacto para durabilidade em v&#xE1;rios ambientes\" class=\"wp-image-1672\" srcset=\"https:\/\/gpdstore.net\/wp-content\/uploads\/2024\/05\/078e6b89-8d78-4318-bf09-8caf8fecef63.__CR1800840840_PT0_SX300_V1___.jpg 300w, https:\/\/gpdstore.net\/wp-content\/uploads\/2024\/05\/078e6b89-8d78-4318-bf09-8caf8fecef63.__CR1800840840_PT0_SX300_V1___-150x150.jpg 150w, https:\/\/gpdstore.net\/wp-content\/uploads\/2024\/05\/078e6b89-8d78-4318-bf09-8caf8fecef63.__CR1800840840_PT0_SX300_V1___-100x100.jpg 100w\" sizes=\"(max-width: 300px) 100vw, 300px\" \/><\/figure>\n\n\n\n<h3 class=\"wp-block-heading\"><strong>Concha em ABS de qualidade aeron\u00e1utica: Analisa a durabilidade e a prote\u00e7\u00e3o do GPD Micro PC<\/strong><\/h3>\n\n\n\n<p>Fabricado com resina sint\u00e9tica ABS anti-choque de primeira qualidade para avia\u00e7\u00e3o LG-DOW 121H, importada da Coreia do Sul, este material oferece uma durabilidade e prote\u00e7\u00e3o excepcionais. Com uma espessura substancial de 1 mm, possui retardamento de chama, resist\u00eancia ao calor elevado e certifica\u00e7\u00e3o V-0 \u00e0 prova de fogo. A sua impressionante dureza Rockwell de at\u00e9 109 R e resist\u00eancia \u00e0 flex\u00e3o de 26000kg\/cm\u00b2<\/p>\n<\/div>\n\n\n\n<div class=\"wp-block-column is-layout-flow wp-block-column-is-layout-flow\">\n<figure class=\"wp-block-image size-full\"><img loading=\"lazy\" decoding=\"async\" width=\"300\" height=\"300\" src=\"https:\/\/gpdstore.net\/wp-content\/uploads\/2024\/05\/84908091-c530-4179-9369-d0a566b13ce8.__CR1260949949_PT0_SX300_V1___.jpg\" alt=\"GPD Micro PC com suporte para perif&#xE9;ricos alargados, permitindo conetividade e funcionalidade vers&#xE1;teis num formato compacto\" class=\"wp-image-1674\" srcset=\"https:\/\/gpdstore.net\/wp-content\/uploads\/2024\/05\/84908091-c530-4179-9369-d0a566b13ce8.__CR1260949949_PT0_SX300_V1___.jpg 300w, https:\/\/gpdstore.net\/wp-content\/uploads\/2024\/05\/84908091-c530-4179-9369-d0a566b13ce8.__CR1260949949_PT0_SX300_V1___-150x150.jpg 150w, https:\/\/gpdstore.net\/wp-content\/uploads\/2024\/05\/84908091-c530-4179-9369-d0a566b13ce8.__CR1260949949_PT0_SX300_V1___-100x100.jpg 100w\" sizes=\"(max-width: 300px) 100vw, 300px\" \/><\/figure>\n\n\n\n<h3 class=\"wp-block-heading\"><strong>Expande o armazenamento e a funcionalidade: Utiliza o USB 3.0 e a ranhura para Micro SD<\/strong><\/h3>\n\n\n\n<p>Equipado com tr\u00eas interfaces USB 3.0 e uma ranhura Micro SD, este dispositivo pode acomodar at\u00e9 quatro dispositivos de armazenamento externo, oferecendo uma capacidade de armazenamento praticamente ilimitada. Mas a versatilidade n\u00e3o se fica por aqui. Com a op\u00e7\u00e3o de ligar perif\u00e9ricos adicionais atrav\u00e9s do Hub, podes personalizar a tua configura\u00e7\u00e3o de acordo com as tuas necessidades, quer seja para aumentar a produtividade ou expandir a funcionalidade.<\/p>\n<\/div>\n<\/div>\n\n<figure class=\"wp-block-image size-large\"><img loading=\"lazy\" decoding=\"async\" width=\"1200\" height=\"563\" src=\"https:\/\/gpdstore.net\/wp-content\/uploads\/2024\/05\/1068053-1200x563.jpg\" alt=\"GPD Micro PC, um minicomputador compacto e potente, ideal para computa&#xE7;&#xE3;o m&#xF3;vel e produtividade em movimento\" class=\"wp-image-1678\" srcset=\"https:\/\/gpdstore.net\/wp-content\/uploads\/2024\/05\/1068053-1200x563.jpg 1200w, https:\/\/gpdstore.net\/wp-content\/uploads\/2024\/05\/1068053-150x70.jpg 150w, https:\/\/gpdstore.net\/wp-content\/uploads\/2024\/05\/1068053-600x281.jpg 600w, https:\/\/gpdstore.net\/wp-content\/uploads\/2024\/05\/1068053-768x360.jpg 768w, https:\/\/gpdstore.net\/wp-content\/uploads\/2024\/05\/1068053-1536x720.jpg 1536w, https:\/\/gpdstore.net\/wp-content\/uploads\/2024\/05\/1068053-990x464.jpg 990w, https:\/\/gpdstore.net\/wp-content\/uploads\/2024\/05\/1068053-441x207.jpg 441w, https:\/\/gpdstore.net\/wp-content\/uploads\/2024\/05\/1068053.jpg 1920w\" sizes=\"(max-width: 1200px) 100vw, 1200px\" \/><\/figure>\n\n<p><br\/>Experimenta um desempenho de topo num pacote compacto com o GPD Micro PC. Este mini port\u00e1til Windows 10 PRO foi concebido para quem procura um PC industrial r\u00e1pido e eficiente com portas de comunica\u00e7\u00e3o robustas.<\/p>\n\n<figure class=\"wp-block-image size-large\"><img loading=\"lazy\" decoding=\"async\" width=\"1200\" height=\"600\" src=\"https:\/\/gpdstore.net\/wp-content\/uploads\/2024\/05\/MicroPC-1200x600.jpg\" alt=\"GPD Micro PC, um pequeno mas poderoso computador port&#xE1;til concebido para tarefas inform&#xE1;ticas vers&#xE1;teis\" class=\"wp-image-1677\" srcset=\"https:\/\/gpdstore.net\/wp-content\/uploads\/2024\/05\/MicroPC-1200x600.jpg 1200w, https:\/\/gpdstore.net\/wp-content\/uploads\/2024\/05\/MicroPC-150x75.jpg 150w, https:\/\/gpdstore.net\/wp-content\/uploads\/2024\/05\/MicroPC-600x300.jpg 600w, https:\/\/gpdstore.net\/wp-content\/uploads\/2024\/05\/MicroPC-768x384.jpg 768w, https:\/\/gpdstore.net\/wp-content\/uploads\/2024\/05\/MicroPC-1536x768.jpg 1536w, https:\/\/gpdstore.net\/wp-content\/uploads\/2024\/05\/MicroPC-990x495.jpg 990w, https:\/\/gpdstore.net\/wp-content\/uploads\/2024\/05\/MicroPC-441x221.jpg 441w, https:\/\/gpdstore.net\/wp-content\/uploads\/2024\/05\/MicroPC.jpg 1920w\" sizes=\"(max-width: 1200px) 100vw, 1200px\" \/><\/figure>\n\n<p>Com um processador Intel\u00ae Celeron\u00ae N4120 Quad Core de alta velocidade, que atinge uma frequ\u00eancia turbo de at\u00e9 2,6 GHz, e apoiado por <a href=\"https:\/\/gpdstore.net\/pt-pt\/product-attribute\/memory-ram-capacity\/8-gb-pt-pt\/\" target=\"_blank\" rel=\"noreferrer noopener\">8 GB<\/a> de RAM <a href=\"https:\/\/gpdstore.net\/pt-pt\/product-attribute\/memory-ram-technology\/lpddr4-pt-pt\/\" target=\"_blank\" rel=\"noreferrer noopener\">LPDDR4<\/a> r\u00e1pida, o Micro PC proporciona um desempenho impressionante. Escolha entre tr\u00eas op\u00e7\u00f5es de armazenamento: <a href=\"https:\/\/gpdstore.net\/pt-pt\/product-attribute\/storage-capacity\/256-gb-pt-pt\/\" target=\"_blank\" rel=\"noreferrer noopener\">256GB<\/a>, <a href=\"https:\/\/gpdstore.net\/pt-pt\/product-attribute\/storage-capacity\/512-gb-pt-pt\/\" target=\"_blank\" rel=\"noreferrer noopener\">512GB<\/a>, ou <a href=\"https:\/\/gpdstore.net\/pt-pt\/product-attribute\/storage-capacity\/1tb-pt-pt-2\/\" target=\"_blank\" rel=\"noreferrer noopener\">1TB<\/a> NGFF M.2 SSD SATA, com a flexibilidade de fazeres uma atualiza\u00e7\u00e3o mais tarde.<\/p>\n\n<p>A conetividade \u00e9 um destaque, rivalizando mesmo com PCs industriais de tamanho normal, com tr\u00eas portas USB 3.0 Tipo A, uma porta USB Tipo C, uma porta s\u00e9rie RS232, uma porta Ethernet RJ45 de 1GB\/s, uma porta HDMI e um leitor de cart\u00f5es MicroSD. As op\u00e7\u00f5es sem fios incluem 802.11b\/g\/n\/ac, Wi-Fi de banda dupla 2.4G\/5G e <a href=\"https:\/\/gpdstore.net\/pt-pt\/product-attribute\/bluetooth\/4-2-pt-pt\/\" target=\"_blank\" rel=\"noreferrer noopener\">Bluetooth 4.2<\/a>.<\/p>\n\n<p>O ecr\u00e3 de 6 polegadas do Micro PC tem uma resolu\u00e7\u00e3o de 1280&#215;720, protegido por Corning Gorilla Glass 4 resistente a riscos. Apesar do seu potente hardware, este dispositivo \u00e9 compacto, medindo apenas 6&#8243; x 4,4&#8243; x 0,9&#8243; quando fechado &#8211; suficientemente pequeno para caber num bolso ou numa mala pequena.<\/p>\n\n<p>Para a melhor experi\u00eancia de micro PC, o GPD Micro oferece uma portabilidade excecional, conetividade extensiva e capacidades de alto desempenho, tornando-o a escolha ideal para os entusiastas de micro PC Windows 10&#8230;<\/p>\n\n<figure class=\"wp-block-image size-large\"><img loading=\"lazy\" decoding=\"async\" width=\"1200\" height=\"500\" src=\"https:\/\/gpdstore.net\/wp-content\/uploads\/2024\/05\/1068559-1200x500.jpg\" alt=\"GPD Micro PC, um minicomputador compacto e robusto perfeito para computa&#xE7;&#xE3;o m&#xF3;vel e produtividade.\" class=\"wp-image-1676\" srcset=\"https:\/\/gpdstore.net\/wp-content\/uploads\/2024\/05\/1068559-1200x500.jpg 1200w, https:\/\/gpdstore.net\/wp-content\/uploads\/2024\/05\/1068559-150x63.jpg 150w, https:\/\/gpdstore.net\/wp-content\/uploads\/2024\/05\/1068559-600x250.jpg 600w, https:\/\/gpdstore.net\/wp-content\/uploads\/2024\/05\/1068559-768x320.jpg 768w, https:\/\/gpdstore.net\/wp-content\/uploads\/2024\/05\/1068559-1536x640.jpg 1536w, https:\/\/gpdstore.net\/wp-content\/uploads\/2024\/05\/1068559-990x413.jpg 990w, https:\/\/gpdstore.net\/wp-content\/uploads\/2024\/05\/1068559-441x184.jpg 441w, https:\/\/gpdstore.net\/wp-content\/uploads\/2024\/05\/1068559.jpg 1920w\" sizes=\"(max-width: 1200px) 100vw, 1200px\" \/><\/figure>\n","protected":false},"excerpt":{"rendered":"<ul>\n<li>Adaptado para profissionais de TI<\/li>\n<li>Chipset Intel N4120<\/li>\n<li>Windows 10 <strong>Pro<\/strong><\/li>\n<li>Porta de s\u00e9rie RS-232<\/li>\n<li>Wi-Fi de banda dupla e 1 porta Gigabit RJ45<\/li>\n<\/ul>\n<p>[cg_accordion title=\"INFORMA\u00c7\u00d5ES DE PAGAMENTO\"]  Utilizamos a tecnologia mais recente no processamento de pagamentos, o que te permite fazer o checkout atrav\u00e9s do teu cart\u00e3o de d\u00e9bito\/cr\u00e9dito ou PayPal para uma experi\u00eancia r\u00e1pida e segura.[\/cg_accordion] [cg_accordion title=\"GARANTIA\"]  2 anos de garantia da <a href=\"https:\/\/droix.net\/\" target=\"_blank\" rel=\"nofollow noopener\">DROIX Global<\/a> para a tua paz de esp\u00edrito[\/cg_accordion] [cg_accordion title=\"GARANTIA DE QUALIDADE E ENSAIOS PR\u00c9-EXPEDI\u00c7\u00c3O\"]  Garante a satisfa\u00e7\u00e3o do cliente ao mais alto n\u00edvel: Todos os dispositivos s\u00e3o submetidos a testes rigorosos e a uma verifica\u00e7\u00e3o de garantia de qualidade multiponto antes de serem enviados. A nossa equipa dedicada verifica o desempenho, a funcionalidade e a integridade dos componentes para garantir que o teu dispositivo GPD est\u00e1 em perfeitas condi\u00e7\u00f5es de funcionamento \u00e0 chegada, proporcionando-te confian\u00e7a e paz de esp\u00edrito. [\/cg_accordion] [cg_accordion title=\"PRICING, TAXES AND SHIPPING\"] <strong><u>Nota:<\/u><\/strong><\/p>\n<ul>\n<li>Clientes dos Estados Unidos: O pre\u00e7o apresentado N\u00c3O inclui TAXAS nem impostos. A responsabilidade pelo desalfandegamento e pelo pagamento de quaisquer impostos\/taxas associadas recai sobre o cliente. <\/li>\n<li>Clientes da UE: O pre\u00e7o apresentado inclui o IMPOSTO aplic\u00e1vel, que pode ir at\u00e9 25% consoante o pa\u00eds.<\/li>\n<li>Clientes do Canad\u00e1: O pre\u00e7o apresentado inclui os impostos aplic\u00e1veis, que podem incluir 5% de GST e impostos adicionais sobre vendas provinciais (PST), imposto sobre vendas harmonizado (HST) ou imposto sobre vendas do Quebec (QST), dependendo da sua prov\u00edncia.<\/li>\n<\/ul>\n<p><strong>APENAS para clientes da UE:<\/strong> Expresso DDP (Delivered Duty Paid). Isto significa que: <\/p>\n<ul>\n<li style=\"list-style-type: none;\">\n<ul>\n<li>Todos os direitos aduaneiros e impostos est\u00e3o inclu\u00eddos no pre\u00e7o apresentado na p\u00e1gina do produto.<\/li>\n<li>N\u00e3o ter\u00e1 de pagar quaisquer encargos adicionais aquando da entrega.<\/li>\n<li>Na rara eventualidade de problemas relacionados com a alf\u00e2ndega, a nossa equipa tratar\u00e1 do processo de desalfandegamento em seu nome para garantir uma experi\u00eancia de entrega sem problemas.<\/li>\n<p>Informa\u00e7\u00f5es importantes sobre as devolu\u00e7\u00f5es:<\/p>\n<li>Se decidir devolver a sua encomenda ou solicitar um reembolso, tenha em aten\u00e7\u00e3o que os impostos e direitos pagos em seu nome ao abrigo das condi\u00e7\u00f5es DDP n\u00e3o podem ser reembolsados.<\/li>\n<p>Consulte a nossa<\/ul>\n<\/li>\n<\/ul>\n<p><a href=\"https:\/\/droix.net\/terms-and-conditions\/\" target=\"_blank\" rel=\"nofollow noopener\">Termos e condi\u00e7\u00f5es<\/a><\/p>\n<ul>para obter informa\u00e7\u00f5es pormenorizadas.<\/ul>\n<p>[\/cg_accordion] [cg_accordion title=\"APOIO AO CLIENTE\"]  Tem uma pergunta? Estamos a uma curta mensagem de texto de ter o seu problema resolvido!  Consulte os nossos <a href=\"https:\/\/gpdstore.net\/pt-pt\/terms-of-service\/\" target=\"_blank\" rel=\"nofollow noopener\">Termos e Condi\u00e7\u00f5es<\/a> para obter informa\u00e7\u00f5es pormenorizadas.  [\/cg_accordion] [cg_accordion title=\"WHAT'S INCLUDED\"]<\/p>\n<ul>\n<li>1x GPD Micro PC<\/li>\n<li>1x Adaptador de alimenta\u00e7\u00e3o<\/li>\n<li>1x Cabo USB tipo C<\/li>\n<li>1x Manual do utilizador<\/li>\n<\/ul>\n<p>[\/cg_accordion]<\/p>\n","protected":false},"featured_media":272604,"template":"","meta":{"_acf_changed":false},"product_brand":[],"product_cat":[7060],"product_tag":[16885,9534],"woo-feed-brand":[5757],"class_list":{"0":"post-272159","1":"product","2":"type-product","3":"status-publish","4":"has-post-thumbnail","6":"product_cat-mini-computadores-portateis-gpd","7":"product_tag-10xmsale-pt-pt","8":"product_tag-gpd-micro-pc-pt-pt","9":"product_shipping_class-standard","10":"pa_bluetooth-4-2-pt-pt","11":"pa_brand-gpd","12":"pa_graphics-gpu-model-graficos-uhd-600-pt-pt","13":"pa_i-o-video-1x-hdmi-2-0-tipo-a-pt-pt","14":"pa_memory-ram-capacity-8-gb-pt-pt","15":"pa_memory-ram-technology-lpddr4-pt-pt","16":"pa_processor-cpu-model-celeron-n4120-processor","17":"pa_storage-capacity-1tb","18":"pa_storage-capacity-1tb-pt-pt-2","19":"pa_storage-capacity-256-gb-pt-pt","20":"pa_storage-capacity-256gb","21":"pa_storage-capacity-512-gb-pt-pt","22":"pa_storage-capacity-512gb","23":"pa_storage-technology-ssd-m-2-2242-pt-pt","24":"pa_wi-fi-banda-dupla-2-4g-5g","25":"woo-feed-brand-gpd-pt-pt","27":"first","28":"outofstock","29":"sale","30":"taxable","31":"shipping-taxable","32":"purchasable","33":"product-type-variable","34":"has-default-attributes"},"acf":[],"aioseo_notices":[],"_links":{"self":[{"href":"https:\/\/gpdstore.net\/pt-pt\/wp-json\/wp\/v2\/product\/272159","targetHints":{"allow":["GET"]}}],"collection":[{"href":"https:\/\/gpdstore.net\/pt-pt\/wp-json\/wp\/v2\/product"}],"about":[{"href":"https:\/\/gpdstore.net\/pt-pt\/wp-json\/wp\/v2\/types\/product"}],"wp:featuredmedia":[{"embeddable":true,"href":"https:\/\/gpdstore.net\/pt-pt\/wp-json\/wp\/v2\/media\/272604"}],"wp:attachment":[{"href":"https:\/\/gpdstore.net\/pt-pt\/wp-json\/wp\/v2\/media?parent=272159"}],"wp:term":[{"taxonomy":"product_brand","embeddable":true,"href":"https:\/\/gpdstore.net\/pt-pt\/wp-json\/wp\/v2\/product_brand?post=272159"},{"taxonomy":"product_cat","embeddable":true,"href":"https:\/\/gpdstore.net\/pt-pt\/wp-json\/wp\/v2\/product_cat?post=272159"},{"taxonomy":"product_tag","embeddable":true,"href":"https:\/\/gpdstore.net\/pt-pt\/wp-json\/wp\/v2\/product_tag?post=272159"},{"taxonomy":"woo-feed-brand","embeddable":true,"href":"https:\/\/gpdstore.net\/pt-pt\/wp-json\/wp\/v2\/woo-feed-brand?post=272159"}],"curies":[{"name":"wp","href":"https:\/\/api.w.org\/{rel}","templated":true}]}}