{"id":255024,"date":"2024-01-24T17:32:18","date_gmt":"2024-01-24T17:32:18","guid":{"rendered":"https:\/\/gpdstore.net\/sem%20categoria\/estacao-de-ancoragem-sd1\/"},"modified":"2025-12-23T10:21:29","modified_gmt":"2025-12-23T10:21:29","slug":"sd1-docking-station","status":"publish","type":"product","link":"https:\/\/gpdstore.net\/pt-pt\/product\/sd1-docking-station\/","title":{"rendered":"Esta\u00e7\u00e3o de ancoragem SD1"},"content":{"rendered":"\n<h1 class=\"wp-block-heading\"><strong>Liberta todo o potencial dos jogos port\u00e1teis com a esta\u00e7\u00e3o de ancoragem SD1!<\/strong><\/h1>\n\n<h3 class=\"wp-block-heading\">Integra\u00e7\u00e3o perfeita de jogos na ponta dos teus dedos!<\/h3>\n\n<p>Bem-vindo \u00e0 derradeira mudan\u00e7a nos acess\u00f3rios para PC de jogos port\u00e1teis! Apresentamos a esta\u00e7\u00e3o de ancoragem SD1, criada especificamente para jogadores apaixonados que desejam uma experi\u00eancia de jogo cont\u00ednua e ininterrupta. Com esta esta\u00e7\u00e3o de ancoragem de \u00faltima gera\u00e7\u00e3o, os jogadores podem elevar as capacidades dos seus PCs para jogos port\u00e1teis como nunca antes. Desde o popular Steam Deck at\u00e9 ao requintado AYA NEO Geek 1S, a SD1 abra\u00e7a a versatilidade, assegurando que o seu dispositivo port\u00e1til favorito recebe o impulso de que necessita. Basta acopl\u00e1-lo, conect\u00e1-lo com o cabo USB Tipo C e ver a magia acontecer.    <\/p>\n\n<h3 class=\"wp-block-heading\"><strong>Liga\u00e7\u00e3o \u00e0 Internet ultra-r\u00e1pida e est\u00e1vel<\/strong><\/h3>\n\n<p>N\u00e3o h\u00e1 mais atrasos. N\u00e3o h\u00e1 mais interrup\u00e7\u00f5es. Mergulha no universo dos jogos com a Ethernet Gigabit RJ45 da SD1. Com velocidades at\u00e9 1000M, esta esta\u00e7\u00e3o de ancoragem garante-te uma vantagem nos jogos multijogador, proporcionando sess\u00f5es de jogo ultra-responsivas. Diz adeus \u00e0 lat\u00eancia frustrante e d\u00e1 as boas-vindas \u00e0s intera\u00e7\u00f5es de jogo suaves e em tempo real. Quando cada milissegundo conta, a SD1 garante que est\u00e1s sempre um passo \u00e0 frente.     <\/p>\n\n<h3 class=\"wp-block-heading\"><strong>Experi\u00eancia de visualiza\u00e7\u00e3o v\u00edvida e n\u00edtida<\/strong><\/h3>\n\n<p>Melhora a tua experi\u00eancia visual de jogo! A esta\u00e7\u00e3o de ancoragem SD1 vem equipada com uma sa\u00edda HDMI 2.0, permitindo aos jogadores mergulharem em imagens 4K ricas a 60 Hz suaves como seda. Com capacidades de resolu\u00e7\u00e3o que v\u00e3o at\u00e9 4096&#215;2160, cada pixel ganha vida, colocando-te no centro da a\u00e7\u00e3o. Experimenta os jogos em toda a sua gl\u00f3ria, com detalhes impec\u00e1veis, cores vibrantes e uma nitidez incompar\u00e1vel.   <\/p>\n\n<h3 class=\"wp-block-heading\"><strong>Fornecimento de energia r\u00e1pido e eficiente<\/strong><\/h3>\n\n<p>O poder para jogares sem parar! A esta\u00e7\u00e3o de ancoragem SD1 n\u00e3o se limita \u00e0 conetividade e aos efeitos visuais; tamb\u00e9m se destina a garantir que o teu dispositivo de jogo se mant\u00e9m carregado. Com uma incr\u00edvel capacidade de carregamento PD de 100 W, reabastece rapidamente o teu dispositivo, garantindo que nunca ficas sem bateria no calor da batalha. Continua a jogar, com a confian\u00e7a de que o teu dispositivo \u00e9 continuamente alimentado por um sistema de carregamento r\u00e1pido e fi\u00e1vel.   <\/p>\n\n<h3 class=\"wp-block-heading\"><strong>Acessibilidade a v\u00e1rias portas para uma melhor utiliza\u00e7\u00e3o<\/strong><\/h3>\n\n<p>Versatilidade no seu melhor! A SD1 est\u00e1 equipada com tr\u00eas portas USB Type-A 3.0, oferecendo aos jogadores o luxo de ligar v\u00e1rios perif\u00e9ricos. Quer se trate de um controlador extra, de uns auscultadores ou de qualquer outro acess\u00f3rio baseado em USB, a esta\u00e7\u00e3o de ancoragem SD1 garante que est\u00e1s preparado para qualquer cen\u00e1rio de jogo. Experimenta taxas de transfer\u00eancia de dados mais r\u00e1pidas e desfruta de um ambiente de jogo sem confus\u00e3o.   <\/p>\n\n<h3 class=\"wp-block-heading\"><strong>Conectividade robusta e eficiente<\/strong><\/h3>\n\n<p>Um mundo de oportunidades de jogo desbloqueado com um \u00fanico cabo. O SD1 aproveita o poder do USB Type-C, garantindo uma liga\u00e7\u00e3o est\u00e1vel e eficiente entre a esta\u00e7\u00e3o de ancoragem e o teu dispositivo de jogo port\u00e1til. Esta solu\u00e7\u00e3o de conetividade inovadora n\u00e3o s\u00f3 promete taxas de transfer\u00eancia de dados mais r\u00e1pidas, como tamb\u00e9m garante compatibilidade universal com os mais recentes dispositivos de jogos.  <\/p>\n\n<h3 class=\"wp-block-heading\"><strong>Constru\u00e7\u00e3o robusta com uma est\u00e9tica elegante<\/strong><\/h3>\n\n<p>Para al\u00e9m das suas proezas t\u00e9cnicas, o SD1 \u00e9 um testemunho de um design elegante e de uma constru\u00e7\u00e3o robusta. Fabricado em alum\u00ednio cinzento, irradia um toque premium e promete longevidade. Para garantir que os teus preciosos dispositivos de jogo est\u00e3o sempre protegidos, est\u00e1 equipado com almofadas de silicone pretas, oferecendo uma camada extra de seguran\u00e7a contra riscos e deslizes inadvertidos.  <\/p>\n\n<h3 class=\"wp-block-heading\"><strong>Compatibilidade universal: Um prazer para os jogadores!<\/strong><\/h3>\n\n<p>A marca de um grande acess\u00f3rio \u00e9 a sua adaptabilidade, e o SD1 brilha neste aspeto. Concebida para acomodar uma vasta gama de PCs de jogos port\u00e1teis, garante que nenhum jogador \u00e9 deixado para tr\u00e1s. Quer possua o mais recente GPD WIN 4 2023 ou o ONEXPLAYER 2, esta esta\u00e7\u00e3o de ancoragem \u00e9 a sua solu\u00e7\u00e3o \u00fanica para capacidades de jogo melhoradas. Testado com Steam Deck, ROG Ally, GPD WIN 4, GPD WIN 4 2023, ONEXPLAYER 2, AYA NEO 2S, AYA NEO Geek e AYA NEO Geek 1S.   <\/p>\n\n<h3 class=\"wp-block-heading\"><strong>Em conclus\u00e3o<\/strong><\/h3>\n\n<p>Entra no futuro dos jogos port\u00e1teis com a esta\u00e7\u00e3o de ancoragem SD1. N\u00e3o se trata apenas de uma esta\u00e7\u00e3o de ancoragem; \u00e9 uma experi\u00eancia, uma viagem, uma nova forma de jogar. Eleva as tuas sess\u00f5es de jogo e abra\u00e7a a nova era dos jogos port\u00e1teis com a esta\u00e7\u00e3o de ancoragem SD1.  <\/p>\n\n<p><\/p>\n","protected":false},"excerpt":{"rendered":"<ul>\n<li>Esta\u00e7\u00e3o de ancoragem <strong>SD1 <\/strong><\/li>\n<li>Gigabit Ethernet<\/li>\n<li>100W PD USB-C<\/li>\n<li>Sa\u00edda HDMI<\/li>\n<li><strong>Compat\u00edvel com<\/strong> GPD WIN 4 2024 e muitos outros<\/li>\n<\/ul>\n[cg_accordion title=\"INFORMA\u00c7\u00d5ES DE PAGAMENTO\"]<\/p>\n<p>Utilizamos a mais recente tecnologia de processamento de pagamentos, que lhe permite efetuar o checkout atrav\u00e9s de Apple Pay, Google Pay, cart\u00e3o de d\u00e9bito\/cr\u00e9dito, PayPal ou m\u00e9todos BNPL, como Klarna, Affirm ou AfterPay, para uma experi\u00eancia r\u00e1pida e segura.[\/cg_accordion]\n[cg_accordion title=\"GARANTIA\"]<\/p>\n<p>2 anos de garantia da <a href=\"https:\/\/droix.net\/\" target=\"_blank\" rel=\"nofollow noopener\">DROIX Global<\/a> para a sua paz de esp\u00edrito[\/cg_accordion]\n[cg_accordion title=\"PRE\u00c7OS, IMPOSTOS E ENVIO\"]<\/p>\n<p><strong><u>Nota:<\/u><\/strong><\/p>\n<ul>\n<li>Clientes dos Estados Unidos: O pre\u00e7o apresentado N\u00c3O inclui TAXAS nem impostos. A responsabilidade pelo desalfandegamento e pelo pagamento de quaisquer impostos\/taxas associadas recai sobre o cliente. <\/li>\n<li>Clientes da UE: O pre\u00e7o apresentado inclui o IMPOSTO aplic\u00e1vel, que pode ir at\u00e9 25% consoante o pa\u00eds.<\/li>\n<li>Clientes do Canad\u00e1: O pre\u00e7o apresentado inclui os impostos aplic\u00e1veis, que podem incluir 5% de GST e impostos adicionais sobre vendas provinciais (PST), imposto sobre vendas harmonizado (HST) ou imposto sobre vendas do Quebec (QST), dependendo da sua prov\u00edncia.<\/li>\n<\/ul>\n<p><strong>APENAS para clientes da UE:<\/strong> Expresso DDP (Delivered Duty Paid). Isto significa que: <\/p>\n<ul>\n<li>Todos os direitos aduaneiros e impostos est\u00e3o inclu\u00eddos no pre\u00e7o apresentado na p\u00e1gina do produto.<\/li>\n<li>N\u00e3o ter\u00e1 de pagar quaisquer encargos adicionais aquando da entrega.<\/li>\n<li>Na rara eventualidade de problemas relacionados com a alf\u00e2ndega, a nossa equipa tratar\u00e1 do processo de desalfandegamento em seu nome para garantir uma experi\u00eancia de entrega sem problemas.<\/li>\n<p>Informa\u00e7\u00f5es importantes sobre as devolu\u00e7\u00f5es:<\/p>\n<li>Se decidir devolver a sua encomenda ou solicitar um reembolso, tenha em aten\u00e7\u00e3o que os impostos e direitos pagos em seu nome ao abrigo das condi\u00e7\u00f5es DDP n\u00e3o podem ser reembolsados.<\/li>\n<p>Consulte os nossos <a href=\"https:\/\/gpdstore.net\/pt-pt\/termos-de-servico\/\" target=\"_blank\" rel=\"nofollow noopener\">Termos e Condi\u00e7\u00f5es<\/a> para obter informa\u00e7\u00f5es pormenorizadas.\n<\/ul>\n<p>[\/cg_accordion]\n[cg_accordion title=\"APOIO AO CLIENTE\"]<\/p>\n<p>Tem uma pergunta? Estamos a uma curta mensagem de texto de ter o seu problema resolvido!<br \/>\n[\/cg_accordion]\n[cg_accordion title=\"O QUE EST\u00c1 INCLU\u00cdDO\"]<\/p>\n<ul>\n<li>1x Esta\u00e7\u00e3o de ancoragem SD1<\/li>\n<\/ul>\n<p>[\/cg_accordion]\n","protected":false},"featured_media":255514,"template":"","meta":{"_acf_changed":false},"product_brand":[],"product_cat":[5392],"product_tag":[14799,6042],"woo-feed-brand":[5451],"class_list":{"0":"post-255024","1":"product","2":"type-product","3":"status-publish","4":"has-post-thumbnail","6":"product_cat-acessorios","7":"product_tag-40xmsale-pt-pt","8":"product_tag-droix-hub-pt-pt","9":"product_shipping_class-low-end","10":"product_shipping_class-standard","12":"pa_accessory-type-estacao-de-ancoragem","13":"pa_i-o-video-1x-hdmi-pt-pt","14":"woo-feed-brand-droix-pt-pt","16":"first","17":"outofstock","18":"sale","19":"taxable","20":"shipping-taxable","21":"purchasable","22":"product-type-simple"},"acf":[],"aioseo_notices":[],"_links":{"self":[{"href":"https:\/\/gpdstore.net\/pt-pt\/wp-json\/wp\/v2\/product\/255024","targetHints":{"allow":["GET"]}}],"collection":[{"href":"https:\/\/gpdstore.net\/pt-pt\/wp-json\/wp\/v2\/product"}],"about":[{"href":"https:\/\/gpdstore.net\/pt-pt\/wp-json\/wp\/v2\/types\/product"}],"wp:featuredmedia":[{"embeddable":true,"href":"https:\/\/gpdstore.net\/pt-pt\/wp-json\/wp\/v2\/media\/255514"}],"wp:attachment":[{"href":"https:\/\/gpdstore.net\/pt-pt\/wp-json\/wp\/v2\/media?parent=255024"}],"wp:term":[{"taxonomy":"product_brand","embeddable":true,"href":"https:\/\/gpdstore.net\/pt-pt\/wp-json\/wp\/v2\/product_brand?post=255024"},{"taxonomy":"product_cat","embeddable":true,"href":"https:\/\/gpdstore.net\/pt-pt\/wp-json\/wp\/v2\/product_cat?post=255024"},{"taxonomy":"product_tag","embeddable":true,"href":"https:\/\/gpdstore.net\/pt-pt\/wp-json\/wp\/v2\/product_tag?post=255024"},{"taxonomy":"woo-feed-brand","embeddable":true,"href":"https:\/\/gpdstore.net\/pt-pt\/wp-json\/wp\/v2\/woo-feed-brand?post=255024"}],"curies":[{"name":"wp","href":"https:\/\/api.w.org\/{rel}","templated":true}]}}