{"id":235988,"date":"2023-11-29T11:23:37","date_gmt":"2023-11-29T11:23:37","guid":{"rendered":"https:\/\/gpdstore.net\/sem%20categoria\/estacao-de-ancoragem-gpd-g1-2024-egpu\/"},"modified":"2026-03-27T11:14:17","modified_gmt":"2026-03-27T11:14:17","slug":"gpd-g1","status":"publish","type":"product","link":"https:\/\/gpdstore.net\/pt-pt\/product\/gpd-g1\/","title":{"rendered":"Esta\u00e7\u00e3o de ancoragem GPD G1 (2024) eGPU"},"content":{"rendered":"\n<figure class=\"wp-block-image aligncenter size-full\"><img decoding=\"async\" src=\"https:\/\/gpdstore.net\/wp-content\/uploads\/\" alt=\"Imagem da esta&#xE7;&#xE3;o de ancoragem GPD G1 2024 eGPU, com GPU AMD Radeon RX 7600M XT, TGP Toggle Switch e conetividade vers&#xE1;til. Perfeito para jogadores e profissionais. Faz j&#xE1; a pr&#xE9;-encomenda para obteres capacidades revolucion&#xE1;rias\" class=\"wp-image-1471\"\/><\/figure>\n\n<h2 class=\"wp-block-heading\"><strong>A esta\u00e7\u00e3o de ancoragem GPD G1 2024 eGPU: Um salto revolucion\u00e1rio<\/strong><\/h2>\n\n<p>A GPD G1 2024 eGPU Docking Station representa um salto significativo no mundo das unidades de processamento gr\u00e1fico externas. Concebida para utilizadores que necessitam de mobilidade e de computa\u00e7\u00e3o de elevado desempenho, esta esta\u00e7\u00e3o de ancoragem redefine os padr\u00f5es da ind\u00fastria de eGPU. Com tecnologia de ponta, incluindo a placa gr\u00e1fica AMD Radeon RX 7600M XT, e carater\u00edsticas inovadoras como o TGP Toggle Switch, a esta\u00e7\u00e3o de ancoragem GPD G1 eGPU destina-se tanto a jogadores como a profissionais. O seu design elegante e port\u00e1til n\u00e3o s\u00f3 melhora o teu espa\u00e7o de trabalho como tamb\u00e9m proporciona um desempenho poderoso onde quer que estejas. Com o GPD G1, abra\u00e7a o futuro do entretenimento e da produtividade sem compromissos.<\/p>\n\n<figure class=\"wp-block-gallery has-nested-images columns-default is-cropped wp-block-gallery-1 is-layout-flex wp-block-gallery-is-layout-flex\">\n<figure class=\"wp-block-image size-large\"><img decoding=\"async\" data-id=\"1494\" src=\"https:\/\/gpdstore.net\/wp-content\/uploads\/\" alt=\"Imagem que mostra um dispositivo port&#xE1;til GPD G1 ligado a um computador port&#xE1;til GPD WIN MAX 2, com ambos os dispositivos ligados a monitores externos para uma configura&#xE7;&#xE3;o de visualiza&#xE7;&#xE3;o alargada\" class=\"wp-image-1494\"\/><\/figure>\n\n\n\n<figure class=\"wp-block-image size-large\"><img decoding=\"async\" data-id=\"1493\" src=\"https:\/\/gpdstore.net\/wp-content\/uploads\/\" alt=\"Imagem que mostra um dispositivo port&#xE1;til GPD G1 ligado a um computador port&#xE1;til WIN 4, juntamente com monitores externos, permitindo uma configura&#xE7;&#xE3;o com v&#xE1;rios ecr&#xE3;s\" class=\"wp-image-1493\"\/><\/figure>\n\n\n\n<figure class=\"wp-block-image size-large\"><img decoding=\"async\" data-id=\"1467\" src=\"https:\/\/gpdstore.net\/wp-content\/uploads\/\" alt=\"Imagem que mostra um dispositivo port&#xE1;til GPD G1 ligado a um GPD Pocket 3, com ambos os dispositivos ligados a monitores externos para uma configura&#xE7;&#xE3;o com v&#xE1;rios ecr&#xE3;s\" class=\"wp-image-1467\"\/><\/figure>\n\n\n\n<figure class=\"wp-block-image size-large\"><img decoding=\"async\" data-id=\"1464\" src=\"https:\/\/gpdstore.net\/wp-content\/uploads\/\" alt=\"GPD G1 2024, um elegante dispositivo de jogo port&#xE1;til com um ecr&#xE3; vibrante, controlos ergon&#xF3;micos e um design moderno.\" class=\"wp-image-1464\"\/><\/figure>\n\n\n\n<figure class=\"wp-block-image size-large\"><img fetchpriority=\"high\" decoding=\"async\" width=\"1000\" height=\"1000\" data-id=\"1465\" src=\"https:\/\/gpdstore.net\/wp-content\/uploads\/2024\/05\/GPD-G1_2024-USAGE-IMAGE-5.jpg\" alt=\"Imagem de um dispositivo port&#xE1;til GPD G1 ligado a um computador port&#xE1;til.\" class=\"wp-image-1465\" srcset=\"https:\/\/gpdstore.net\/wp-content\/uploads\/2024\/05\/GPD-G1_2024-USAGE-IMAGE-5.jpg 1000w, https:\/\/gpdstore.net\/wp-content\/uploads\/2024\/05\/GPD-G1_2024-USAGE-IMAGE-5-600x600.jpg 600w, https:\/\/gpdstore.net\/wp-content\/uploads\/2024\/05\/GPD-G1_2024-USAGE-IMAGE-5-150x150.jpg 150w, https:\/\/gpdstore.net\/wp-content\/uploads\/2024\/05\/GPD-G1_2024-USAGE-IMAGE-5-768x768.jpg 768w, https:\/\/gpdstore.net\/wp-content\/uploads\/2024\/05\/GPD-G1_2024-USAGE-IMAGE-5-990x990.jpg 990w, https:\/\/gpdstore.net\/wp-content\/uploads\/2024\/05\/GPD-G1_2024-USAGE-IMAGE-5-441x441.jpg 441w, https:\/\/gpdstore.net\/wp-content\/uploads\/2024\/05\/GPD-G1_2024-USAGE-IMAGE-5-100x100.jpg 100w\" sizes=\"(max-width: 1000px) 100vw, 1000px\" \/><\/figure>\n\n\n\n<figure class=\"wp-block-image size-large\"><img decoding=\"async\" data-id=\"1466\" src=\"https:\/\/gpdstore.net\/wp-content\/uploads\/\" alt=\"GPD G1 2024 eGPU Docking Station: GPU AMD Radeon RX 7600M XT, TGP Toggle Switch e conetividade vers&#xE1;til. Ideal para jogadores e profissionais.\" class=\"wp-image-1466\"\/><\/figure>\n<\/figure>\n\n<div class=\"wp-block-columns is-layout-flex wp-container-core-columns-is-layout-28f84493 wp-block-columns-is-layout-flex\">\n<div class=\"wp-block-column is-layout-flow wp-block-column-is-layout-flow\" style=\"flex-basis:66.66%\">\n<figure class=\"wp-block-image size-full\"><img decoding=\"async\" src=\"https:\/\/gpdstore.net\/wp-content\/uploads\/\" alt=\"Imagem que mostra a GPD G1 2024 eGPU Docking Station, destacando a sua GPU AMD Radeon RX 7600M XT, TGP Toggle Switch e op&#xE7;&#xF5;es de conetividade vers&#xE1;teis. Perfeito para jogadores e profissionais que procuram um desempenho inigual&#xE1;vel e um design elegante.\" class=\"wp-image-995\"\/><\/figure>\n<\/div>\n\n\n\n<div class=\"wp-block-column is-layout-flow wp-block-column-is-layout-flow\" style=\"flex-basis:33.33%\">\n<h2 class=\"wp-block-heading has-text-align-left\"><strong>GPD G1 2024<\/strong> &#8211; <strong>O<\/strong> MAIS PEQUENO SUPORTE DE EXPANS\u00c3O PARA PLACAS GR\u00c1FICAS <strong><strong>A base de expans\u00e3o de placas gr\u00e1ficas mais pequena <\/strong><\/strong> <\/h2>\n\n\n\n<p>A esta\u00e7\u00e3o de ancoragem eGPU estabelece novos padr\u00f5es em termos de tecnologia, oferecendo um desempenho, design e funcionalidade inigual\u00e1veis. Com a sua potente GPU AMD Radeon RX 7600M XT, o inovador TGP Toggle Switch e op\u00e7\u00f5es de conetividade vers\u00e1teis, \u00e9 a solu\u00e7\u00e3o ideal para jogadores e profissionais. Encomenda hoje a GPD G1 2024 eGPU Docking Station e s\u00ea um dos primeiros a experimentar as suas carater\u00edsticas inovadoras. Entra no futuro com a GPD G1 &#8211; onde o desempenho encontra a portabilidade. <\/p>\n<\/div>\n<\/div>\n\n<h2 class=\"wp-block-heading has-text-align-center\">Controlo de Desempenho da Pr\u00f3xima Gera\u00e7\u00e3o: TGP e conetividade para utilizadores avan\u00e7ados<\/h2>\n\n<div class=\"wp-block-columns is-layout-flex wp-container-core-columns-is-layout-28f84493 wp-block-columns-is-layout-flex\">\n<div class=\"wp-block-column is-layout-flow wp-block-column-is-layout-flow\">\n<figure class=\"wp-block-image size-full is-resized\"><img decoding=\"async\" src=\"https:\/\/gpdstore.net\/wp-content\/uploads\/\" alt=\"Imagem da GPD G1 2024 eGPU Docking Station, com GPU AMD Radeon RX 7600M XT, TGP Toggle Switch para um melhor controlo do desempenho e conetividade vers&#xE1;til. Perfeito para jogadores e profissionais. Faz a pr&#xE9;-encomenda agora para obteres capacidades revolucion&#xE1;rias.\" class=\"wp-image-1510\" style=\"width:281px;height:auto\"\/><\/figure>\n\n\n\n<h3 class=\"wp-block-heading\"><strong>Modo silencioso vs. desempenho melhorado: Como o comutador TGP (60W\/100W) optimiza a tua experi\u00eancia<\/strong><\/h3>\n\n\n\n<p>Exclusiva \u201cTGP Toggle Key\u201d, durante os jogos, pode alternar livremente entre os modos silencioso e de desempenho.<br\/>A TGP Toggle Switch permite aos utilizadores escolher entre o modo silencioso (60W TGP) para menos ru\u00eddo e o modo normal (100W TGP) para um melhor desempenho, oferecendo flexibilidade com base nas necessidades dos utilizadores.<\/p>\n<\/div>\n\n\n\n<div class=\"wp-block-column is-layout-flow wp-block-column-is-layout-flow\">\n<figure class=\"wp-block-image size-full is-resized\"><img decoding=\"async\" src=\"https:\/\/gpdstore.net\/wp-content\/uploads\/\" alt=\"Imagem do GPD G1 2024 M.2 Protocolo NVMe para placa adaptadora de interface Oculink SFF-8612, oferecendo expans&#xE3;o compacta para placas gr&#xE1;ficas\" class=\"wp-image-1507\" style=\"width:284px;height:auto\"\/><\/figure>\n\n\n\n<h3 class=\"wp-block-heading\"><strong>A vantagem do Oculink: Por que a interface SFF-8612 oferece largura de banda superior para eGPUs<\/strong><\/h3>\n\n\n\n<p>As placas-m\u00e3e ITX, como a Z690I, normalmente fornecem tr\u00eas interfaces M.2, uma das quais pode ser usada para conectar a placa adaptadora. Um cabo de porta dupla Oculink SF-8611 pode ent\u00e3o ser usado para ligar a interface Oculink SFF-8612 da placa adaptadora \u00e0 interface Oculink SFF-8612 do GPD G1<\/p>\n<\/div>\n\n\n\n<div class=\"wp-block-column is-layout-flow wp-block-column-is-layout-flow\">\n<figure class=\"wp-block-image size-full is-resized\"><img decoding=\"async\" src=\"https:\/\/gpdstore.net\/wp-content\/uploads\/\" alt=\"Imagem da placa adaptadora de interface GPD G1 2024 SFF-8612, a base de expans&#xE3;o de placas gr&#xE1;ficas mais pequena.\" class=\"wp-image-1508\" style=\"width:227px;height:auto\"\/><\/figure>\n\n\n\n<h3 class=\"wp-block-heading\"><strong>Resolver o problema da meia altura: Utilizar o suporte longo e curto para a instala\u00e7\u00e3o da placa gr\u00e1fica<\/strong><\/h3>\n\n\n\n<p>As placas gr\u00e1ficas de meia altura adequadas para caixas ITX s\u00e3o raras e as placas gr\u00e1ficas de meia altura de alto desempenho s\u00e3o quase inexistentes. Por isso, podes instalar uma placa adaptadora de interface PCIe 3.0 x4 para Oculink SFF-8612 para ligar o GPD G1. O suporte longo e o suporte curto podem ser facilmente substitu\u00eddos.<\/p>\n\n\n\n<h3 class=\"wp-block-heading\"><strong><br\/><\/strong><\/h3>\n<\/div>\n<\/div>\n\n<h2 class=\"wp-block-heading\"><strong>Vis\u00e3o geral do produto<\/strong><\/h2>\n\n<p>A GPD G1 2024 eGPU Docking Station incorpora o avan\u00e7o tecnol\u00f3gico e o design ergon\u00f3mico. Equipado com a GPU AMD Radeon RX 7600M XT e a arquitetura RDNA 3.0, oferece um desempenho gr\u00e1fico sem paralelo, adequado para jogos AAA com uma resolu\u00e7\u00e3o at\u00e9 4K. Desde os entusiastas de jogos que procuram um desempenho de topo at\u00e9 aos profissionais que necessitam de pot\u00eancia de computa\u00e7\u00e3o em movimento, este dispositivo destina-se a uma gama diversificada de utilizadores.<\/p>\n\n<figure class=\"wp-block-image size-full\"><img decoding=\"async\" src=\"https:\/\/gpdstore.net\/wp-content\/uploads\/\" alt=\"Imagem da esta&#xE7;&#xE3;o de ancoragem GPD G1 2024 eGPU com GPU AMD Radeon RX 7600M XT, interrutor de altern&#xE2;ncia TGP e  \" class=\"wp-image-1511\"\/><\/figure>\n\n<p>A esta\u00e7\u00e3o de ancoragem GPD G1 2024 eGPU oferece uma versatilidade excecional com as suas op\u00e7\u00f5es de conetividade OcuLink e USB 4, suportando uma vasta gama de PCs e dispositivos de jogos port\u00e1teis. O seu design compacto e leve, com apenas 22,5 \u00d7 11,1 \u00d7 3,0 cm e 920 g de peso, garante a portabilidade sem sacrificar o desempenho. Quer estejas em casa ou em viagem, a esta\u00e7\u00e3o de ancoragem GPD G1 eGPU melhora as sess\u00f5es de jogo e as tarefas de produtividade com facilidade. Para al\u00e9m disso, a sua compatibilidade com o ROG ALLY X expande a sua utiliza\u00e7\u00e3o para mais sistemas de jogo.<\/p>\n\n<figure class=\"wp-block-image aligncenter size-full\"><img decoding=\"async\" width=\"900\" height=\"559\" src=\"https:\/\/gpdstore.net\/wp-content\/uploads\/2024\/05\/3-1.png\" alt=\"Dimens&#xF5;es do GPD G1 eGPU: Compacto e eficiente em termos de espa&#xE7;o para uma integra&#xE7;&#xE3;o perfeita.\" class=\"wp-image-1512\" srcset=\"https:\/\/gpdstore.net\/wp-content\/uploads\/2024\/05\/3-1.png 900w, https:\/\/gpdstore.net\/wp-content\/uploads\/2024\/05\/3-1-600x373.png 600w, https:\/\/gpdstore.net\/wp-content\/uploads\/2024\/05\/3-1-768x477.png 768w, https:\/\/gpdstore.net\/wp-content\/uploads\/2024\/05\/3-1-320x200.png 320w, https:\/\/gpdstore.net\/wp-content\/uploads\/2024\/05\/3-1-360x224.png 360w, https:\/\/gpdstore.net\/wp-content\/uploads\/2024\/05\/3-1-441x274.png 441w, https:\/\/gpdstore.net\/wp-content\/uploads\/2024\/05\/3-1-150x93.png 150w\" sizes=\"(max-width: 900px) 100vw, 900px\" \/><\/figure>\n\n<h2 class=\"wp-block-heading\"><strong>Carater\u00edsticas pormenorizadas<\/strong><\/h2>\n\n<p><strong>Desempenho:<\/strong> Concebida para satisfazer as exig\u00eancias das aplica\u00e7\u00f5es criativas e de jogos mais exigentes, a esta\u00e7\u00e3o de ancoragem GPD G1 2024 inclui a GPU AMD Radeon RX 7600M XT, com 32 unidades de computa\u00e7\u00e3o com uma velocidade at\u00e9 2300 MHz e 8 GB de mem\u00f3ria GDDR6. O carregador GaN integrado de 240 W do dispositivo fornece energia suficiente para um desempenho sustentado. <\/p>\n\n<p><strong>Desempenho gr\u00e1fico:<\/strong> O cora\u00e7\u00e3o do desempenho excecional do GPD G1 reside na sua GPU. Capaz de conduzir jogos e aplica\u00e7\u00f5es com uma resolu\u00e7\u00e3o at\u00e9 4K, proporciona visuais vibrantes e uma jogabilidade fluida, perfeita para t\u00edtulos AAA. <\/p>\n\n<figure class=\"wp-block-image aligncenter size-full\"><img decoding=\"async\" src=\"https:\/\/gpdstore.net\/wp-content\/uploads\/\" alt=\"Imagem da esta&#xE7;&#xE3;o de ancoragem GPD G1 2024 eGPU com GPU AMD Radeon RX 7600M XT, TGP Toggle Switch e op&#xE7;&#xF5;es de conetividade vers&#xE1;teis. Ideal para jogadores e profissionais. Faz a pr&#xE9;-encomenda agora para obteres capacidades revolucion&#xE1;rias.\" class=\"wp-image-1505\"\/><\/figure>\n\n<h2 class=\"wp-block-heading\"><strong>Portas HDMI e USB actualizadas<\/strong><\/h2>\n\n<p>O modelo GPD G1 2024 eGPU inclui uma porta HDMI 2.1 actualizada com suporte de sa\u00edda 4K 120Hz e uma porta USB 4 com sa\u00edda de energia de 65W, melhorando a qualidade visual e a compatibilidade de dispositivos.<\/p>\n\n<h2 class=\"wp-block-heading\"><strong>Experi\u00eancia do utilizador<\/strong><\/h2>\n\n<p>O GPD G1 redefine a experi\u00eancia do utilizador ao oferecer um desempenho de jogo ao n\u00edvel do computador de secret\u00e1ria num formato port\u00e1til. Com v\u00e1rias portas USB e sa\u00eddas HDMI e DisplayPort duplas, os utilizadores podem criar configura\u00e7\u00f5es de jogos envolventes ou ambientes multitarefa produtivos. O design ergon\u00f3mico do dispositivo e o processo de configura\u00e7\u00e3o f\u00e1cil garantem que os utilizadores podem come\u00e7ar a jogar ou a trabalhar em poucos minutos.<\/p>\n\n<div class=\"wp-block-columns is-layout-flex wp-container-core-columns-is-layout-28f84493 wp-block-columns-is-layout-flex\">\n<div class=\"wp-block-column is-layout-flow wp-block-column-is-layout-flow\" style=\"flex-basis:100%\">\n<h2 class=\"wp-block-heading\"><strong>Conclus\u00e3o<\/strong><\/h2>\n<\/div>\n<\/div>\n\n<p>A GPD G1 2024 eGPU Docking Station lidera a inova\u00e7\u00e3o tecnol\u00f3gica, combinando desempenho superior, design elegante e funcionalidade excecional. Equipada com a formid\u00e1vel GPU AMD Radeon RX 7600M XT e um TGP Toggle Switch pioneiro, proporciona op\u00e7\u00f5es de conetividade vers\u00e1teis e \u00e9 compat\u00edvel com o ROG Ally X. A esta\u00e7\u00e3o de ancoragem GPD G1 eGPU \u00e9 a escolha definitiva para aqueles que ambicionam os mais elevados n\u00edveis de gaming e produtividade.  Entra no futuro do entretenimento com um dispositivo que se liberta das limita\u00e7\u00f5es da computa\u00e7\u00e3o convencional.<\/p>\n\n<h2 class=\"wp-block-heading has-text-align-center\">As melhores consolas de jogos para PC para o GPD G1<\/h2>\n\n<p>O GPD G1 2024 \u00e9 um eGPU de \u00faltima gera\u00e7\u00e3o que aumenta drasticamente o desempenho de jogos de v\u00e1rios PCs port\u00e1teis, tornando-o um acess\u00f3rio ideal para o GPD Win Max 2 2024, Win 4 2024 e Win Mini 2024. O GPD Win Max 2 2024 possui um grande ecr\u00e3 de 10,1 polegadas, um potente processador Intel de 12\u00aa gera\u00e7\u00e3o e um teclado de tamanho normal, oferecendo uma solu\u00e7\u00e3o vers\u00e1til para jogos e produtividade. O GPD Win 4 2024 apresenta um design compacto com um teclado deslizante e \u00e9 alimentado por um processador AMD Ryzen 7 7840U, atingindo um equil\u00edbrio perfeito entre portabilidade e pot\u00eancia. O GPD Win Mini 2024, o mais recente e mais pequeno da linha, proporciona um desempenho impressionante com o seu design eficiente e componentes internos topo de gama, tornando-o a escolha ideal para jogadores em movimento. Quando emparelhados com o GPD G1 2024, estes dispositivos transformam-se em pot\u00eancias de jogos port\u00e1teis, capazes de lidar com os mais recentes t\u00edtulos AAA com facilidade e proporcionar uma experi\u00eancia de jogo imersiva e sem falhas&#8230;    <\/p>\n","protected":false},"excerpt":{"rendered":"<ul>\n<li>GPU: AMD Radeon\u2122<strong> RX 7600M XT<\/strong> eGPU  <\/li>\n<li>COMPATIBILIDADE:<strong> OCuLink, USB 4, Thunderbolt 3 e 4<\/strong><\/li>\n<li>OCULINK:<strong> Conectividade PCI Express<\/strong><\/li>\n<li>USB 4:<strong> at\u00e9 40 Gbps<\/strong><\/li>\n<li>Concebido para: <strong>GPD<\/strong> WIN MAX 2, WIN 4, WIN Mini, ROG Ally X  <\/li>\n<\/ul>\n[cg_accordion title=\"INFORMA\u00c7\u00d5ES DE PAGAMENTO\"]<\/p>\n<p>Utilizamos a mais recente tecnologia em processamento de pagamentos, o que lhe permite efetuar o checkout atrav\u00e9s do seu cart\u00e3o de d\u00e9bito\/cr\u00e9dito ou PayPal para uma experi\u00eancia r\u00e1pida e segura.[\/cg_accordion]\n[cg_accordion title=\"GARANTIA\"]<\/p>\n<p>2 anos de garantia da <a href=\"https:\/\/droix.net\/\" target=\"_blank\" rel=\"nofollow noopener\">DROIX Global<\/a> para a sua paz de esp\u00edrito[\/cg_accordion]\n[cg_accordion title=\"GARANTIA DE QUALIDADE E ENSAIOS PR\u00c9-EXPEDI\u00c7\u00c3O\"]<\/p>\n<p>Garante a satisfa\u00e7\u00e3o do cliente ao mais alto n\u00edvel: Todos os dispositivos s\u00e3o submetidos a testes rigorosos e a uma verifica\u00e7\u00e3o de garantia de qualidade multiponto antes de serem enviados. A nossa equipa dedicada verifica o desempenho, a funcionalidade e a integridade dos componentes para garantir que o teu dispositivo GPD est\u00e1 em perfeitas condi\u00e7\u00f5es de funcionamento \u00e0 chegada, proporcionando-te confian\u00e7a e paz de esp\u00edrito. [\/cg_accordion]\n[cg_accordion title=\"PRE\u00c7OS, IMPOSTOS E ENVIO\"]<\/p>\n<p><strong><u>Nota:<\/u><\/strong><\/p>\n<ul>\n<li>Clientes dos Estados Unidos: O pre\u00e7o apresentado N\u00c3O inclui TAXAS nem impostos. A responsabilidade pelo desalfandegamento e pelo pagamento de quaisquer impostos\/taxas associadas recai sobre o cliente. <\/li>\n<li>Clientes da UE: O pre\u00e7o apresentado inclui o IMPOSTO aplic\u00e1vel, que pode ir at\u00e9 25% consoante o pa\u00eds.<\/li>\n<li>Clientes do Canad\u00e1: O pre\u00e7o apresentado inclui os impostos aplic\u00e1veis, que podem incluir 5% de GST e impostos adicionais sobre vendas provinciais (PST), imposto sobre vendas harmonizado (HST) ou imposto sobre vendas do Quebec (QST), dependendo da sua prov\u00edncia.<\/li>\n<\/ul>\n<p><strong>APENAS para clientes da UE:<\/strong> Expresso DDP (Delivered Duty Paid). Isto significa que: <\/p>\n<ul>\n<li>Todos os direitos aduaneiros e impostos est\u00e3o inclu\u00eddos no pre\u00e7o apresentado na p\u00e1gina do produto.<\/li>\n<li>N\u00e3o ter\u00e1 de pagar quaisquer encargos adicionais aquando da entrega.<\/li>\n<li>Na rara eventualidade de problemas relacionados com a alf\u00e2ndega, a nossa equipa tratar\u00e1 do processo de desalfandegamento em seu nome para garantir uma experi\u00eancia de entrega sem problemas.<\/li>\n<p>Informa\u00e7\u00f5es importantes sobre as devolu\u00e7\u00f5es:<\/p>\n<li>Se decidir devolver a sua encomenda ou solicitar um reembolso, tenha em aten\u00e7\u00e3o que os impostos e direitos pagos em seu nome ao abrigo das condi\u00e7\u00f5es DDP n\u00e3o podem ser reembolsados.<\/li>\n<p>Consulte os nossos <a href=\"https:\/\/droix.net\/terms-and-conditions\/\" target=\"_blank\" rel=\"nofollow noopener\">Termos e Condi\u00e7\u00f5es<\/a> para obter informa\u00e7\u00f5es pormenorizadas.\n<\/ul>\n<p>[\/cg_accordion]\n[cg_accordion title=\"APOIO AO CLIENTE\"]<\/p>\n<p>Tem uma pergunta? Estamos a uma curta mensagem de texto de ter o seu problema resolvido! <\/p>\n<p>Consulte os nossos <a href=\"https:\/\/gpdstore.net\/pt-pt\/terms-of-service\/\" target=\"_blank\" rel=\"nofollow noopener\">Termos e Condi\u00e7\u00f5es<\/a> para obter informa\u00e7\u00f5es pormenorizadas.\n<\/ul>\n<p>[\/cg_accordion]\n[cg_accordion title=\"O QUE EST\u00c1 INCLU\u00cdDO\"]<\/p>\n<ul>\n<li>1x GPD G1 2024<\/li>\n<li>1x Adaptador de alimenta\u00e7\u00e3o<\/li>\n<li>1x Cabo USB tipo C<\/li>\n<li>1x Manual do utilizador<\/li>\n<\/ul>\n<p>[\/cg_accordion]\n","protected":false},"featured_media":238208,"template":"","meta":{"_acf_changed":false},"product_brand":[],"product_cat":[5392],"product_tag":[16885,5756],"woo-feed-brand":[5757],"class_list":{"0":"post-235988","1":"product","2":"type-product","3":"status-publish","4":"has-post-thumbnail","6":"product_cat-acessorios","7":"product_tag-10xmsale-pt-pt","8":"product_tag-gpd-g1-pt-pt","9":"product_shipping_class-premium","10":"pa_brand-gpd","11":"pa_graphics-gpu-model-radeon-rx-7600m-xt-pt-pt","12":"pa_i-o-video-1x-oculink-pt-pt","13":"pa_i-o-video-via-1x-usb-4-0-type-c-40gb-s-pt-pt","14":"woo-feed-brand-gpd-pt-pt","16":"first","17":"outofstock","18":"taxable","19":"shipping-taxable","20":"purchasable","21":"product-type-variable","22":"has-default-attributes"},"acf":[],"aioseo_notices":[],"_links":{"self":[{"href":"https:\/\/gpdstore.net\/pt-pt\/wp-json\/wp\/v2\/product\/235988","targetHints":{"allow":["GET"]}}],"collection":[{"href":"https:\/\/gpdstore.net\/pt-pt\/wp-json\/wp\/v2\/product"}],"about":[{"href":"https:\/\/gpdstore.net\/pt-pt\/wp-json\/wp\/v2\/types\/product"}],"wp:featuredmedia":[{"embeddable":true,"href":"https:\/\/gpdstore.net\/pt-pt\/wp-json\/wp\/v2\/media\/238208"}],"wp:attachment":[{"href":"https:\/\/gpdstore.net\/pt-pt\/wp-json\/wp\/v2\/media?parent=235988"}],"wp:term":[{"taxonomy":"product_brand","embeddable":true,"href":"https:\/\/gpdstore.net\/pt-pt\/wp-json\/wp\/v2\/product_brand?post=235988"},{"taxonomy":"product_cat","embeddable":true,"href":"https:\/\/gpdstore.net\/pt-pt\/wp-json\/wp\/v2\/product_cat?post=235988"},{"taxonomy":"product_tag","embeddable":true,"href":"https:\/\/gpdstore.net\/pt-pt\/wp-json\/wp\/v2\/product_tag?post=235988"},{"taxonomy":"woo-feed-brand","embeddable":true,"href":"https:\/\/gpdstore.net\/pt-pt\/wp-json\/wp\/v2\/woo-feed-brand?post=235988"}],"curies":[{"name":"wp","href":"https:\/\/api.w.org\/{rel}","templated":true}]}}