{"id":207022,"date":"2023-03-26T17:56:24","date_gmt":"2023-03-26T17:56:24","guid":{"rendered":"https:\/\/gpdstore.net\/sem%20categoria\/pc-portatil-para-jogos-gpd-win-max-2021\/"},"modified":"2025-12-23T10:34:00","modified_gmt":"2025-12-23T10:34:00","slug":"gpd-win-max-2021","status":"publish","type":"product","link":"https:\/\/gpdstore.net\/pt-pt\/product\/gpd-win-max-2021\/","title":{"rendered":"GPD WIN 2021 Gaming Handheld PC"},"content":{"rendered":"\n<p>O GPD WIN MAX 2021 \u00e9 um ultrabook para jogos que foi concebido para jogos de PC em movimento. Este poderoso dispositivo est\u00e1 dispon\u00edvel em duas vers\u00f5es, uma com o processador Intel\u00ae Core\u2122 i7-1195G7 e a outra com o processador AMD Ryzen\u2122 7 4800U. Para al\u00e9m das diferentes op\u00e7\u00f5es de CPU, ambas as vers\u00f5es do dispositivo s\u00e3o exatamente iguais.  <\/p>\n\n<p>Na GPD Store, temos o orgulho de oferecer o GPD WIN MAX 2021 aos jogadores que pretendem um dispositivo port\u00e1til de alto desempenho para jogos de PC que possam levar consigo para qualquer lugar. Este ultrabook \u00e9 perfeito para os jogadores que querem desfrutar dos seus jogos favoritos em movimento, sem terem de sacrificar o desempenho ou a qualidade. <\/p>\n\n<p>O GPD WIN MAX 2021 \u00e9 um poderoso ultrabook para jogos que inclui um ecr\u00e3 t\u00e1til IPS de 8,0 polegadas com uma resolu\u00e7\u00e3o de 1280 x 800 pixels. O dispositivo vem com uma placa gr\u00e1fica Intel\u00ae Iris\u00ae Xe integrada ou uma placa gr\u00e1fica AMD Radeon\u2122, o que o torna perfeito para executar jogos e aplica\u00e7\u00f5es exigentes. <\/p>\n\n<p>Em termos de capacidade de processamento, o GPD WIN MAX 2021 est\u00e1 dispon\u00edvel com o processador Intel\u00ae Core\u2122 i7-1195G7 ou com o CPU AMD Ryzen\u2122 7 4800U. Estes processadores potentes garantem que o dispositivo consegue lidar facilmente com os jogos e aplica\u00e7\u00f5es mais exigentes. <\/p>\n\n<p>O GPD WIN MAX 2021 tamb\u00e9m inclui 16GB de RAM LPDDR4X 4266 MT\/s e 1TB de armazenamento SSD M.2 NVMe, garantindo que tens muito espa\u00e7o para armazenar os teus jogos e outros dados.  O dispositivo tamb\u00e9m possui uma variedade de portas, incluindo uma porta USB Type-C, uma porta USB 3.0, uma porta HDMI e uma entrada para auscultadores de 3,5 mm.<\/p>\n\n<p>Uma das carater\u00edsticas mais importantes do GPD WIN MAX 2021 \u00e9 o seu tamanho compacto. Apesar de ser um ultrabook potente, o dispositivo mede apenas 8,5 x 5,7 x 1,1 polegadas e pesa apenas 1,5 libras. Isto torna-o f\u00e1cil de levar contigo para onde quer que v\u00e1s, quer estejas a viajar ou apenas queiras desfrutar dos teus jogos favoritos enquanto est\u00e1s no sof\u00e1.  <\/p>\n\n<p>O GPD WIN MAX 2021 tamb\u00e9m possui um controlador de jogo integrado, completo com um D-pad, sticks anal\u00f3gicos e bot\u00f5es de gatilho. Isto torna mais f\u00e1cil jogar os teus jogos favoritos sem teres de ligar um controlador externo. O dispositivo tamb\u00e9m inclui um teclado QWERTY completo, facilitando a escrita e a navega\u00e7\u00e3o pelos menus.  <\/p>\n\n<p>Na GPD Store, acreditamos que o GPD WIN MAX 2021 \u00e9 o ultrabook perfeito para os jogadores que pretendem um computador port\u00e1til de alto desempenho para jogos de PC que possam levar consigo para qualquer lugar. Este potente dispositivo \u00e9 perfeito para os jogadores que querem desfrutar dos seus jogos favoritos em movimento, sem terem de sacrificar o desempenho ou a qualidade. <\/p>\n\n<p>Quer sejas um jogador casual ou um jogador hardcore, o GPD WIN MAX 2021 \u00e9 o dispositivo perfeito para ti. Com o seu potente processador, gr\u00e1ficos de alta qualidade e tamanho compacto, \u00e9 o melhor ultrabook para jogos de PC em movimento. Ent\u00e3o, porqu\u00ea esperar? Visita a GPD Store hoje mesmo e p\u00f5e as m\u00e3os no GPD WIN MAX 2021.   <\/p>\n","protected":false},"excerpt":{"rendered":"<ul>\n<li>AMD <strong>Ryzen 7 6800U<\/strong> @2.7GHz TDP 15-28W<\/li>\n<li>AMD Radeon 680M <strong>12 CUs @2200 MHz<\/strong><\/li>\n<li><strong>at\u00e9 32GB LPDDR5-6400 MT\/s<\/strong><\/li>\n<li><strong>at\u00e9 2TB<\/strong> SSD PCI-E <strong>NVMe<\/strong> de alta velocidade<\/li>\n<li>Suporte para WiFi 6 e Bluetooth <strong>5.2<\/strong>  <\/li>\n<\/ul>\n<p> [cg_accordion title=\"INFORMA\u00c7\u00d5ES DE PAGAMENTO\"] Utilizamos a mais recente tecnologia de processamento de pagamentos, que lhe permite efetuar o checkout atrav\u00e9s de Apple Pay, Google Pay, cart\u00e3o de d\u00e9bito\/cr\u00e9dito, PayPal ou m\u00e9todos BNPL, como Klarna, Affirm ou AfterPay, para uma experi\u00eancia r\u00e1pida e segura.[\/cg_accordion] [cg_accordion title=\"GARANTIA\"] 2 anos de garantia da <a href=\"https:\/\/droix.net\/\" target=\"_blank\" rel=\"nofollow noopener\">DROIX Global<\/a> para sua tranquilidade[\/cg_accordion] [cg_accordion title=\"PRICING, TAXES AND SHIPPING\"] <strong><u>Nota:<\/u><\/strong><\/p>\n<ul>\n<li>Clientes dos Estados Unidos: O pre\u00e7o apresentado N\u00c3O inclui TAXAS nem impostos. A responsabilidade pelo desalfandegamento e pelo pagamento de quaisquer impostos\/taxas associadas recai sobre o cliente. <\/li>\n<li>Clientes da UE: O pre\u00e7o apresentado inclui o IMPOSTO aplic\u00e1vel, que pode ir at\u00e9 25% consoante o pa\u00eds.<\/li>\n<li>Clientes do Canad\u00e1: O pre\u00e7o apresentado inclui os impostos aplic\u00e1veis, que podem incluir 5% de GST e impostos adicionais sobre vendas provinciais (PST), imposto sobre vendas harmonizado (HST) ou imposto sobre vendas do Quebec (QST), dependendo da sua prov\u00edncia.<\/li>\n<\/ul>\n<p><strong>APENAS para clientes da UE:<\/strong> Expresso DDP (Delivered Duty Paid). Isto significa que: <\/p>\n<ul>\n<li style=\"list-style-type: none;\">\n<ul>\n<li>Todos os direitos aduaneiros e impostos est\u00e3o inclu\u00eddos no pre\u00e7o apresentado na p\u00e1gina do produto.<\/li>\n<li>N\u00e3o ter\u00e1 de pagar quaisquer encargos adicionais aquando da entrega.<\/li>\n<li>Na rara eventualidade de problemas relacionados com a alf\u00e2ndega, a nossa equipa tratar\u00e1 do processo de desalfandegamento em seu nome para garantir uma experi\u00eancia de entrega sem problemas.<\/li>\n<p>Informa\u00e7\u00f5es importantes sobre as devolu\u00e7\u00f5es:<\/p>\n<li>Se decidir devolver a sua encomenda ou solicitar um reembolso, tenha em aten\u00e7\u00e3o que os impostos e direitos pagos em seu nome ao abrigo das condi\u00e7\u00f5es DDP n\u00e3o podem ser reembolsados.<\/li>\n<p>Consulte a nossa<\/ul>\n<\/li>\n<\/ul>\n<p><a href=\"https:\/\/gpdstore.net\/pt-pt\/terms-of-service\/\" target=\"_blank\" rel=\"nofollow noopener\">Termos e condi\u00e7\u00f5es<\/a><\/p>\n<ul>para obter informa\u00e7\u00f5es pormenorizadas.<\/ul>\n<p>[\/cg_accordion] [cg_accordion title=\"APOIO AO CLIENTE\"]  Tem uma pergunta? Estamos a uma curta mensagem de texto de ter o seu problema resolvido!   [\/cg_accordion] [cg_accordion title=\"WHAT'S INCLUDED\"]<\/p>\n<ul>\n<li>1x GPD WIN MAX 2021<\/li>\n<li>1x Adaptador de alimenta\u00e7\u00e3o<\/li>\n<li>1x Cabo USB tipo C<\/li>\n<li>1x Manual do utilizador<\/li>\n<\/ul>\n<p>[\/cg_accordion]<\/p>\n","protected":false},"featured_media":207026,"template":"","meta":{"_acf_changed":false},"product_brand":[],"product_cat":[5901],"product_tag":[9143],"woo-feed-brand":[5757],"class_list":{"0":"post-207022","1":"product","2":"type-product","3":"status-publish","4":"has-post-thumbnail","6":"product_cat-gpd-handheld-pc-para-jogos-2","7":"product_tag-gpd-win-max-pt-pt","8":"product_shipping_class-premium","9":"pa_bluetooth-5-pt-pt","10":"pa_bluetooth-5-2-pt-pt","11":"pa_display-type-h-ips-pt-pt","12":"pa_graphics-gpu-model-graficos-radeon-pt-pt","13":"pa_graphics-gpu-model-graficos-intel-iris-xe-pt-pt","14":"pa_i-o-video-1x-hdmi-2-0b-pt-pt","15":"pa_memory-ram-capacity-16-gb-pt-pt-2","16":"pa_memory-ram-technology-lpddr4x-pt-pt-2","17":"pa_processor-cpu-model-amd-ryzen-7-4800u","18":"pa_processor-cpu-model-intel-core-i7-1195g7","19":"pa_storage-capacity-1tb-pt-pt-2","20":"pa_wi-fi-wi-fi-6-pt-pt","21":"woo-feed-brand-gpd-pt-pt","23":"first","24":"outofstock","25":"sale","26":"taxable","27":"shipping-taxable","28":"purchasable","29":"product-type-variable","30":"has-default-attributes"},"acf":[],"aioseo_notices":[],"_links":{"self":[{"href":"https:\/\/gpdstore.net\/pt-pt\/wp-json\/wp\/v2\/product\/207022","targetHints":{"allow":["GET"]}}],"collection":[{"href":"https:\/\/gpdstore.net\/pt-pt\/wp-json\/wp\/v2\/product"}],"about":[{"href":"https:\/\/gpdstore.net\/pt-pt\/wp-json\/wp\/v2\/types\/product"}],"wp:featuredmedia":[{"embeddable":true,"href":"https:\/\/gpdstore.net\/pt-pt\/wp-json\/wp\/v2\/media\/207026"}],"wp:attachment":[{"href":"https:\/\/gpdstore.net\/pt-pt\/wp-json\/wp\/v2\/media?parent=207022"}],"wp:term":[{"taxonomy":"product_brand","embeddable":true,"href":"https:\/\/gpdstore.net\/pt-pt\/wp-json\/wp\/v2\/product_brand?post=207022"},{"taxonomy":"product_cat","embeddable":true,"href":"https:\/\/gpdstore.net\/pt-pt\/wp-json\/wp\/v2\/product_cat?post=207022"},{"taxonomy":"product_tag","embeddable":true,"href":"https:\/\/gpdstore.net\/pt-pt\/wp-json\/wp\/v2\/product_tag?post=207022"},{"taxonomy":"woo-feed-brand","embeddable":true,"href":"https:\/\/gpdstore.net\/pt-pt\/wp-json\/wp\/v2\/woo-feed-brand?post=207022"}],"curies":[{"name":"wp","href":"https:\/\/api.w.org\/{rel}","templated":true}]}}