{"id":206311,"date":"2023-03-26T17:49:20","date_gmt":"2023-03-26T17:49:20","guid":{"rendered":"https:\/\/gpdstore.net\/sem%20categoria\/armazenamento-biwin-2230-nvme\/"},"modified":"2025-12-23T10:31:14","modified_gmt":"2025-12-23T10:31:14","slug":"biwin-2230-nvme-storage","status":"publish","type":"product","link":"https:\/\/gpdstore.net\/pt-pt\/product\/biwin-2230-nvme-storage\/","title":{"rendered":"Armazenamento BiWin 2230 NVMe"},"content":{"rendered":"\n<p>Est\u00e1s \u00e0 procura de uma atualiza\u00e7\u00e3o de armazenamento de alto desempenho para o teu GPD WIN MAX 2 ou Valve Steam Deck? N\u00e3o procures mais do que o SSD BiWin 22*30 PCI-e NVMe! Este SSD compacto, mas poderoso, foi concebido para proporcionar velocidades de leitura e escrita extremamente r\u00e1pidas, garantindo que os teus jogos e aplica\u00e7\u00f5es favoritos carregam rapidamente e funcionam sem problemas.  <\/p>\n\n<p>Com apenas 22 mm x 30 mm, o BiWin 22*30 \u00e9 um dos SSDs NVMe mais pequenos do mercado atual. Mas n\u00e3o se deixe enganar pelo seu tamanho compacto &#8211; este SSD \u00e9 muito potente! Com velocidades de leitura de at\u00e9 3500MB\/s e velocidades de escrita de at\u00e9 3000MB\/s, \u00e9 mais do que capaz de acompanhar at\u00e9 os jogos e aplica\u00e7\u00f5es mais exigentes.  <\/p>\n\n<p>Uma das maiores vantagens do BiWin 2230<em>\u00e9 a sua compatibilidade tanto com o GPD WIN MAX 2 como com o Steam Deck da Valve. Se pretendes atualizar o armazenamento em qualquer um destes dispositivos, o BiWin 2230<\/em>\u00e9 a escolha perfeita. Basta instalares o SSD na ranhura NVMe do dispositivo e est\u00e1s pronto para come\u00e7ar! <\/p>\n\n<p>Outra vantagem do BiWin 22*30 \u00e9 a sua compatibilidade com uma vasta gama de sistemas operativos, incluindo Windows, Linux e macOS. Isto torna-o uma escolha vers\u00e1til para quem procura atualizar o seu armazenamento, independentemente do sistema que est\u00e1 a utilizar. <\/p>\n\n<p>Naturalmente, um dos melhores s\u00edtios para comprar o BiWin 22*30 \u00e9 na Loja GPD. Como um dos principais retalhistas de produtos GPD, a Loja GPD \u00e9 o local perfeito para encontrar todos os acess\u00f3rios e actualiza\u00e7\u00f5es de que precisas para tirar o m\u00e1ximo partido do teu GPD WIN MAX 2 ou Steam Deck. E com envios r\u00e1pidos, pre\u00e7os excelentes e um servi\u00e7o de apoio ao cliente de alto n\u00edvel, podes comprar com confian\u00e7a, sabendo que est\u00e1s a obter o melhor neg\u00f3cio poss\u00edvel.  <\/p>\n\n<p>Por isso, se est\u00e1s \u00e0 procura de uma atualiza\u00e7\u00e3o de SSD NVMe de alto desempenho para o teu GPD WIN MAX 2 ou Steam Deck, n\u00e3o procures mais do que o BiWin 22*30. Com o seu tamanho compacto, velocidades extremamente r\u00e1pidas e ampla compatibilidade, \u00e9 a escolha perfeita para quem procura levar a sua experi\u00eancia de jogo e computa\u00e7\u00e3o para o pr\u00f3ximo n\u00edvel. E com a Loja GPD a apenas um clique de dist\u00e2ncia, nunca foi t\u00e3o f\u00e1cil obter os produtos de que precisas para ter sucesso!  <\/p>\n","protected":false},"excerpt":{"rendered":"<ul>\n<li>Compat\u00edvel com o Valve Steam Deck, GPD WIN MAX 2, GPD WIN 4<\/li>\n<li>At\u00e9 3200 MB\/s de leitura | 2600 MB\/s de escrita<\/li>\n<li>0,107ms Lat\u00eancia de leitura | 0,109ms Lat\u00eancia de escrita<\/li>\n<li>Suporta recolha de lixo, TRIM e Modern Standby<\/li>\n<\/ul>\n[cg_accordion title=\"INFORMA\u00c7\u00d5ES DE PAGAMENTO\"]<\/p>\n<p>Utilizamos a mais recente tecnologia de processamento de pagamentos, que lhe permite efetuar o checkout atrav\u00e9s de Apple Pay, Google Pay, cart\u00e3o de d\u00e9bito\/cr\u00e9dito, PayPal ou m\u00e9todos BNPL, como Klarna, Affirm ou AfterPay, para uma experi\u00eancia r\u00e1pida e segura.[\/cg_accordion]\n[cg_accordion title=\"GARANTIA\"]<\/p>\n<p>2 anos de garantia da <a href=\"https:\/\/droix.net\/\" target=\"_blank\" rel=\"nofollow noopener\">DROIX Global<\/a> para a sua paz de esp\u00edrito[\/cg_accordion]\n[cg_accordion title=\"PRE\u00c7OS, IMPOSTOS E ENVIO\"]<\/p>\n<p><strong><u>Nota:<\/u><\/strong><\/p>\n<ul>\n<li>Clientes dos Estados Unidos: O pre\u00e7o apresentado N\u00c3O inclui TAXAS nem impostos. A responsabilidade pelo desalfandegamento e pelo pagamento de quaisquer impostos\/taxas associadas recai sobre o cliente. <\/li>\n<li>Clientes da UE: O pre\u00e7o apresentado inclui o IMPOSTO aplic\u00e1vel, que pode ir at\u00e9 25% consoante o pa\u00eds.<\/li>\n<li>Clientes do Canad\u00e1: O pre\u00e7o apresentado inclui os impostos aplic\u00e1veis, que podem incluir 5% de GST e impostos adicionais sobre vendas provinciais (PST), imposto sobre vendas harmonizado (HST) ou imposto sobre vendas do Quebec (QST), dependendo da sua prov\u00edncia.<\/li>\n<\/ul>\n<p><strong>APENAS para clientes da UE:<\/strong> Expresso DDP (Delivered Duty Paid). Isto significa que: <\/p>\n<ul>\n<li>Todos os direitos aduaneiros e impostos est\u00e3o inclu\u00eddos no pre\u00e7o apresentado na p\u00e1gina do produto.<\/li>\n<li>N\u00e3o ter\u00e1 de pagar quaisquer encargos adicionais aquando da entrega.<\/li>\n<li>Na rara eventualidade de problemas relacionados com a alf\u00e2ndega, a nossa equipa tratar\u00e1 do processo de desalfandegamento em seu nome para garantir uma experi\u00eancia de entrega sem problemas.<\/li>\n<p>Informa\u00e7\u00f5es importantes sobre as devolu\u00e7\u00f5es:<\/p>\n<li>Se decidir devolver a sua encomenda ou solicitar um reembolso, tenha em aten\u00e7\u00e3o que os impostos e direitos pagos em seu nome ao abrigo das condi\u00e7\u00f5es DDP n\u00e3o podem ser reembolsados.<\/li>\n<p>Consulte os nossos <a href=\"https:\/\/gpdstore.net\/pt-pt\/terms-of-service\/\" target=\"_blank\" rel=\"nofollow noopener\">Termos e Condi\u00e7\u00f5es<\/a> para obter informa\u00e7\u00f5es pormenorizadas.\n<\/ul>\n<p>[\/cg_accordion]\n[cg_accordion title=\"APOIO AO CLIENTE\"]<\/p>\n<p>Tem uma pergunta? Estamos a uma curta mensagem de texto de ter o seu problema resolvido!<br \/>\n[\/cg_accordion]\n[cg_accordion title=\"O QUE EST\u00c1 INCLU\u00cdDO\"]<\/p>\n<ul>\n<li>1x BiWIN 2230 NVMe<\/li>\n<\/ul>\n<p>[\/cg_accordion]\n","protected":false},"featured_media":206313,"template":"","meta":{"_acf_changed":false},"product_brand":[],"product_cat":[5392],"product_tag":[9056],"woo-feed-brand":[],"class_list":{"0":"post-206311","1":"product","2":"type-product","3":"status-publish","4":"has-post-thumbnail","6":"product_cat-acessorios","7":"product_tag-hardware-pt-pt-2","8":"product_shipping_class-low-end","9":"pa_accessory-type-suplementos","10":"pa_brand-biwin","12":"first","13":"outofstock","14":"sold-individually","15":"taxable","16":"shipping-taxable","17":"purchasable","18":"product-type-simple"},"acf":[],"aioseo_notices":[],"_links":{"self":[{"href":"https:\/\/gpdstore.net\/pt-pt\/wp-json\/wp\/v2\/product\/206311","targetHints":{"allow":["GET"]}}],"collection":[{"href":"https:\/\/gpdstore.net\/pt-pt\/wp-json\/wp\/v2\/product"}],"about":[{"href":"https:\/\/gpdstore.net\/pt-pt\/wp-json\/wp\/v2\/types\/product"}],"wp:featuredmedia":[{"embeddable":true,"href":"https:\/\/gpdstore.net\/pt-pt\/wp-json\/wp\/v2\/media\/206313"}],"wp:attachment":[{"href":"https:\/\/gpdstore.net\/pt-pt\/wp-json\/wp\/v2\/media?parent=206311"}],"wp:term":[{"taxonomy":"product_brand","embeddable":true,"href":"https:\/\/gpdstore.net\/pt-pt\/wp-json\/wp\/v2\/product_brand?post=206311"},{"taxonomy":"product_cat","embeddable":true,"href":"https:\/\/gpdstore.net\/pt-pt\/wp-json\/wp\/v2\/product_cat?post=206311"},{"taxonomy":"product_tag","embeddable":true,"href":"https:\/\/gpdstore.net\/pt-pt\/wp-json\/wp\/v2\/product_tag?post=206311"},{"taxonomy":"woo-feed-brand","embeddable":true,"href":"https:\/\/gpdstore.net\/pt-pt\/wp-json\/wp\/v2\/woo-feed-brand?post=206311"}],"curies":[{"name":"wp","href":"https:\/\/api.w.org\/{rel}","templated":true}]}}