{"id":203662,"date":"2023-03-26T17:20:14","date_gmt":"2023-03-26T17:20:14","guid":{"rendered":"https:\/\/gpdstore.net\/sem%20categoria\/gpd-win-max-2-gaming-handheld-pc\/"},"modified":"2026-04-02T03:46:53","modified_gmt":"2026-04-02T03:46:53","slug":"gpd-win-max-2","status":"publish","type":"product","link":"https:\/\/gpdstore.net\/pt-pt\/product\/gpd-win-max-2\/","title":{"rendered":"GPD WIN MAX 2 Gaming Handheld PC"},"content":{"rendered":"\n<p>O GPD WIN MAX 2, dispon\u00edvel na GPD Store, \u00e9 um impressionante Ultrabook que combina trabalho e divers\u00e3o num \u00fanico dispositivo. Este PC Gaming Port\u00e1til possui um processador AMD Ryzen 7 6800U de alto desempenho com oito n\u00facleos e dezasseis threads, capaz de atingir at\u00e9 4,7GHz entre um TDP configur\u00e1vel de 15W-28W. A AMD Radeon 680M fornece at\u00e9 2,2GHz de pot\u00eancia, garantindo imagens suaves no ecr\u00e3 t\u00e1til IPS de 10,1&#8243;.  <\/p>\n\n<p>Medindo umas compactas 8,9 x 6,2 x 0,9 polegadas (22,7 \u00d7 16,0 \u00d7 2,3 cm) e pesando pouco mais de um quilograma, o GPD WIN MAX 2 \u00e9 altamente port\u00e1til e pode facilmente caber numa mala ou estojo de port\u00e1til. Este PC de jogos port\u00e1til suporta at\u00e9 32GB de RAM LPDDR5-6400 MT\/s e at\u00e9 2TB de SSD, com uma ranhura adicional na parte traseira para at\u00e9 2TB m.2 PCIe 3.0 SSD.  <\/p>\n\n<p>O GPD WIN MAX 2 vem tamb\u00e9m equipado com controlos de jogo completos, incluindo dois man\u00edpulos anal\u00f3gicos com sensor de efeito Hall, um D-Pad de jogo e gatilhos de efeito Hall. Existem ainda dois bot\u00f5es adicionais na parte de tr\u00e1s que podem ser configurados a teu gosto. Este Ultrabook tamb\u00e9m disp\u00f5e de WiFi 6 r\u00e1pido e Bluetooth 5.2, com suporte opcional de 4G LTE para dados m\u00f3veis.  <\/p>\n\n<p>O GPD WIN MAX 2 \u00e9 alimentado por uma bateria de pol\u00edmero de l\u00edtio de 67Wh, que proporciona at\u00e9 14 horas de utiliza\u00e7\u00e3o ligeira, 6-8 horas de utiliza\u00e7\u00e3o moderada e 3 horas de utiliza\u00e7\u00e3o intensa. Al\u00e9m disso, com uma porta Thunderbolt 4, podes ligar uma placa gr\u00e1fica externa (eGPU) para um desempenho ainda mais r\u00e1pido. Tens ainda uma porta HDMI 2.1 incorporada para a visualiza\u00e7\u00e3o de dois monitores.  <\/p>\n\n<p>No geral, o GPD WIN MAX 2 \u00e9 um PC de jogos port\u00e1til excecional que transita perfeitamente entre o trabalho e o lazer, com uma excelente dura\u00e7\u00e3o da bateria. Quer estejas a trabalhar em documentos de escrit\u00f3rio exigentes ou a jogar os teus jogos AAA favoritos, este Ultrabook tem tudo o que precisas. <\/p>\n\n<p><\/p>\n","protected":false},"excerpt":{"rendered":"<ul>\n<li>AMD <strong>Ryzen 7 6800U<\/strong> @2.7GHz TDP 15-28W<\/li>\n<li>AMD Radeon 680M <strong>12 CUs @2200 MHz<\/strong><\/li>\n<li><strong>at\u00e9 32GB LPDDR5-6400 MT\/s<\/strong><\/li>\n<li><strong>at\u00e9 2TB<\/strong> SSD PCI-E <strong>NVMe<\/strong> de alta velocidade<\/li>\n<li>Suporte para WiFi 6 e Bluetooth <strong>5.2<\/strong>  <\/li>\n<\/ul>\n[cg_accordion title=\"INFORMA\u00c7\u00d5ES DE PAGAMENTO\"]<\/p>\n<p>Utilizamos a mais recente tecnologia em processamento de pagamentos, o que lhe permite efetuar o checkout atrav\u00e9s do seu cart\u00e3o de d\u00e9bito\/cr\u00e9dito ou PayPal para uma experi\u00eancia r\u00e1pida e segura.[\/cg_accordion]\n[cg_accordion title=\"GARANTIA\"]<\/p>\n<p>2 anos de garantia da <a href=\"https:\/\/droix.net\/\" target=\"_blank\" rel=\"nofollow noopener\">DROIX Global<\/a> para a sua paz de esp\u00edrito[\/cg_accordion]\n[cg_accordion title=\"PRE\u00c7OS, IMPOSTOS E ENVIO\"]<\/p>\n<p><strong><u>Nota:<\/u><\/strong><\/p>\n<ul>\n<li>Clientes dos Estados Unidos: O pre\u00e7o apresentado N\u00c3O inclui TAXAS nem impostos. A responsabilidade pelo desalfandegamento e pelo pagamento de quaisquer impostos\/taxas associadas recai sobre o cliente. <\/li>\n<li>Clientes da UE: O pre\u00e7o apresentado inclui o IMPOSTO aplic\u00e1vel, que pode ir at\u00e9 25% consoante o pa\u00eds.<\/li>\n<li>Clientes do Canad\u00e1: O pre\u00e7o apresentado inclui os impostos aplic\u00e1veis, que podem incluir 5% de GST e impostos adicionais sobre vendas provinciais (PST), imposto sobre vendas harmonizado (HST) ou imposto sobre vendas do Quebec (QST), dependendo da sua prov\u00edncia.<\/li>\n<\/ul>\n<p><strong>APENAS para clientes da UE:<\/strong> Expresso DDP (Delivered Duty Paid). Isto significa que: <\/p>\n<ul>\n<li>Todos os direitos aduaneiros e impostos est\u00e3o inclu\u00eddos no pre\u00e7o apresentado na p\u00e1gina do produto.<\/li>\n<li>N\u00e3o ter\u00e1 de pagar quaisquer encargos adicionais aquando da entrega.<\/li>\n<li>Na rara eventualidade de problemas relacionados com a alf\u00e2ndega, a nossa equipa tratar\u00e1 do processo de desalfandegamento em seu nome para garantir uma experi\u00eancia de entrega sem problemas.<\/li>\n<p>Informa\u00e7\u00f5es importantes sobre as devolu\u00e7\u00f5es:<\/p>\n<li>Se decidir devolver a sua encomenda ou solicitar um reembolso, tenha em aten\u00e7\u00e3o que os impostos e direitos pagos em seu nome ao abrigo das condi\u00e7\u00f5es DDP n\u00e3o podem ser reembolsados.<\/li>\n<p>Consulte os nossos <a href=\"https:\/\/droix.net\/terms-and-conditions\/\" target=\"_blank\" rel=\"nofollow noopener\">Termos e Condi\u00e7\u00f5es<\/a> para obter informa\u00e7\u00f5es pormenorizadas.\n<\/ul>\n<p>[\/cg_accordion]\n[cg_accordion title=\"APOIO AO CLIENTE\"]<\/p>\n<p>Tem uma pergunta? Estamos a uma curta mensagem de texto de ter o seu problema resolvido! <\/p>\n<p>Consulte os nossos <a href=\"https:\/\/gpdstore.net\/pt-pt\/terms-of-service\/\" target=\"_blank\" rel=\"nofollow noopener\">Termos e Condi\u00e7\u00f5es<\/a> para obter informa\u00e7\u00f5es pormenorizadas.\n<\/ul>\n<p>[\/cg_accordion]\n[cg_accordion title=\"O QUE EST\u00c1 INCLU\u00cdDO\"]<\/p>\n<ul>\n<li>1x GPD WIN MAX 2<\/li>\n<li>1x Adaptador de alimenta\u00e7\u00e3o<\/li>\n<li>1x Cabo USB tipo C<\/li>\n<li>1x Manual do utilizador<\/li>\n<\/ul>\n<p>[\/cg_accordion]\n","protected":false},"featured_media":203664,"template":"","meta":{"_acf_changed":false},"product_brand":[],"product_cat":[5901],"product_tag":[17852],"woo-feed-brand":[5757],"class_list":{"0":"post-203662","1":"product","2":"type-product","3":"status-publish","4":"has-post-thumbnail","6":"product_cat-gpd-handheld-pc-para-jogos-2","7":"product_tag-gpd-win-max-2-pt-pt","8":"product_shipping_class-premium","9":"pa_bluetooth-5-2-pt-pt","10":"pa_display-type-h-ips-pt-pt","11":"pa_graphics-gpu-model-radeon-680m-pt-pt","12":"pa_i-o-video-1x-hdmi-2-1-pt-pt","13":"pa_i-o-video-via-1x-usb-4-0-type-c-40gb-s-pt-pt","14":"pa_memory-ram-capacity-16-gb-pt-pt-2","15":"pa_memory-ram-capacity-32-gb-pt-pt","16":"pa_memory-ram-technology-lpddr5-pt-pt","17":"pa_processor-cpu-model-ryzen-7-6800u","18":"pa_storage-capacity-1tb-pt-pt-2","19":"pa_storage-capacity-2tb-pt-pt","20":"pa_wi-fi-wi-fi-6-pt-pt","21":"woo-feed-brand-gpd-pt-pt","23":"first","24":"outofstock","25":"taxable","26":"shipping-taxable","27":"purchasable","28":"product-type-variable","29":"has-default-attributes"},"acf":[],"aioseo_notices":[],"_links":{"self":[{"href":"https:\/\/gpdstore.net\/pt-pt\/wp-json\/wp\/v2\/product\/203662","targetHints":{"allow":["GET"]}}],"collection":[{"href":"https:\/\/gpdstore.net\/pt-pt\/wp-json\/wp\/v2\/product"}],"about":[{"href":"https:\/\/gpdstore.net\/pt-pt\/wp-json\/wp\/v2\/types\/product"}],"wp:featuredmedia":[{"embeddable":true,"href":"https:\/\/gpdstore.net\/pt-pt\/wp-json\/wp\/v2\/media\/203664"}],"wp:attachment":[{"href":"https:\/\/gpdstore.net\/pt-pt\/wp-json\/wp\/v2\/media?parent=203662"}],"wp:term":[{"taxonomy":"product_brand","embeddable":true,"href":"https:\/\/gpdstore.net\/pt-pt\/wp-json\/wp\/v2\/product_brand?post=203662"},{"taxonomy":"product_cat","embeddable":true,"href":"https:\/\/gpdstore.net\/pt-pt\/wp-json\/wp\/v2\/product_cat?post=203662"},{"taxonomy":"product_tag","embeddable":true,"href":"https:\/\/gpdstore.net\/pt-pt\/wp-json\/wp\/v2\/product_tag?post=203662"},{"taxonomy":"woo-feed-brand","embeddable":true,"href":"https:\/\/gpdstore.net\/pt-pt\/wp-json\/wp\/v2\/woo-feed-brand?post=203662"}],"curies":[{"name":"wp","href":"https:\/\/api.w.org\/{rel}","templated":true}]}}