{"id":192523,"date":"2023-03-26T13:55:57","date_gmt":"2023-03-26T13:55:57","guid":{"rendered":"https:\/\/gpdstore.net\/sem%20categoria\/mini-portatil-gpd-pocket-3\/"},"modified":"2026-01-07T00:10:34","modified_gmt":"2026-01-07T00:10:34","slug":"gpd-pocket-3","status":"publish","type":"product","link":"https:\/\/gpdstore.net\/pt-pt\/product\/gpd-pocket-3\/","title":{"rendered":"Mini port\u00e1til GPD Pocket 3"},"content":{"rendered":"\n<figure class=\"wp-block-video\"><video controls=\"\" poster=\"https:\/\/gpdstore.net\/wp-content\/uploads\/2023\/03\/s-l1600-2025-11-11T121147209.webp\" src=\"https:\/\/gpdstore.net\/wp-content\/uploads\/2023\/03\/kaezXFcAdRaf7bFG0dm_1100204901809_mp4_265_hd-1.mp4\"><\/video><\/figure>\n\n<div class=\"wp-block-columns is-layout-flex wp-container-core-columns-is-layout-28f84493 wp-block-columns-is-layout-flex\">\n<div class=\"wp-block-column is-layout-flow wp-block-column-is-layout-flow\" style=\"flex-basis:33.33%\">\n<figure class=\"wp-block-image size-full\"><a href=\"https:\/\/gpdstore.net\/wp-content\/uploads\/2023\/03\/Wholesale-Price-GPD-Pocket-3-Mini-Laptop-16GB-1TB-i7-GPD-Pocket-3jpg_.webp\"><img fetchpriority=\"high\" decoding=\"async\" width=\"800\" height=\"800\" src=\"https:\/\/gpdstore.net\/wp-content\/uploads\/2023\/03\/Wholesale-Price-GPD-Pocket-3-Mini-Laptop-16GB-1TB-i7-GPD-Pocket-3jpg_.webp\" alt=\"GPD Pocket 3, um mini port&#xE1;til compacto e potente concebido para uma computa&#xE7;&#xE3;o vers&#xE1;til e portabilidade.\" class=\"wp-image-1263941\" srcset=\"https:\/\/gpdstore.net\/wp-content\/uploads\/2023\/03\/Wholesale-Price-GPD-Pocket-3-Mini-Laptop-16GB-1TB-i7-GPD-Pocket-3jpg_.webp 800w, https:\/\/gpdstore.net\/wp-content\/uploads\/2023\/03\/Wholesale-Price-GPD-Pocket-3-Mini-Laptop-16GB-1TB-i7-GPD-Pocket-3jpg_-600x600.webp 600w, https:\/\/gpdstore.net\/wp-content\/uploads\/2023\/03\/Wholesale-Price-GPD-Pocket-3-Mini-Laptop-16GB-1TB-i7-GPD-Pocket-3jpg_-150x150.webp 150w, https:\/\/gpdstore.net\/wp-content\/uploads\/2023\/03\/Wholesale-Price-GPD-Pocket-3-Mini-Laptop-16GB-1TB-i7-GPD-Pocket-3jpg_-768x768.webp 768w, https:\/\/gpdstore.net\/wp-content\/uploads\/2023\/03\/Wholesale-Price-GPD-Pocket-3-Mini-Laptop-16GB-1TB-i7-GPD-Pocket-3jpg_-65x65.webp 65w, https:\/\/gpdstore.net\/wp-content\/uploads\/2023\/03\/Wholesale-Price-GPD-Pocket-3-Mini-Laptop-16GB-1TB-i7-GPD-Pocket-3jpg_-360x360.webp 360w, https:\/\/gpdstore.net\/wp-content\/uploads\/2023\/03\/Wholesale-Price-GPD-Pocket-3-Mini-Laptop-16GB-1TB-i7-GPD-Pocket-3jpg_-441x441.webp 441w, https:\/\/gpdstore.net\/wp-content\/uploads\/2023\/03\/Wholesale-Price-GPD-Pocket-3-Mini-Laptop-16GB-1TB-i7-GPD-Pocket-3jpg_-100x100.webp 100w\" sizes=\"(max-width: 800px) 100vw, 800px\" \/><\/a><\/figure>\n<\/div>\n\n\n\n<div class=\"wp-block-column is-layout-flow wp-block-column-is-layout-flow\" style=\"flex-basis:66.66%\">\n<h2 class=\"wp-block-heading\"><strong><br\/><\/strong><strong>GPD Pocket 3: Pot\u00eancia compacta com<br\/>Desempenho do Intel Pentium Gold 7505<\/strong><\/h2>\n\n\n\n<p>O <strong>GPD Pocket 3<\/strong> est\u00e1 agora dispon\u00edvel numa configura\u00e7\u00e3o optimizada que inclui o <a href=\"https:\/\/www.intel.com\/content\/www\/us\/en\/products\/sku\/208667\/intel-pentium-gold-7505-processor-4m-cache-up-to-3-50-ghz-with-ipu\/specifications.html\" target=\"_blank\" rel=\"noopener nofollow\" title=\"\">processador Intel Pentium Gold 7505<\/a>. Com quatro n\u00facleos e oito threads, e velocidades de aumento at\u00e9 3,5GHz, este CPU proporciona um desempenho s\u00f3lido para a produtividade di\u00e1ria e multitarefa. <\/p>\n\n\n\n<p>Emparelhado com 16GB de RAM LPDDR4x a 3733MHz e um SSD M.2 <a href=\"https:\/\/droix.net\/product\/ayn-odin-2-super-dock\/\" target=\"_blank\" rel=\"noopener nofollow\" title=\"\">NVMe<\/a> r\u00e1pido, o Pocket 3 proporciona uma experi\u00eancia suave para tarefas como edi\u00e7\u00e3o de documentos, navega\u00e7\u00e3o na Web, transmiss\u00e3o de v\u00eddeo e trabalho criativo ligeiro. O seu design compacto e sistema de portas modular tornam-no ideal para profissionais e entusiastas que necessitam de um dispositivo Windows potente mas port\u00e1til. <\/p>\n\n\n\n<p>Quer estejas a trabalhar remotamente, a viajar ou precises de um PC ultra-port\u00e1til e vers\u00e1til, o GPD Pocket 3 com Intel Pentium Gold atinge o equil\u00edbrio perfeito entre desempenho e portabilidade.<\/p>\n<\/div>\n<\/div>\n\n<h2 class=\"wp-block-heading has-text-align-center\">Concebida para profissionais: Versatilidade, controlo e excel\u00eancia de design<\/h2>\n\n<div class=\"wp-block-columns is-layout-flex wp-container-core-columns-is-layout-28f84493 wp-block-columns-is-layout-flex\">\n<div class=\"wp-block-column is-layout-flow wp-block-column-is-layout-flow\">\n<figure class=\"wp-block-image size-full\"><img decoding=\"async\" width=\"300\" height=\"300\" src=\"https:\/\/gpdstore.net\/wp-content\/uploads\/2023\/03\/87affa8a-19ce-4c6d-891b-43840ae1d1f6__CR00300300_PT0_SX300_V1___.jpg\" alt=\"O mini port&#xE1;til GPD Pocket 3 possui um ecr&#xE3; com rota&#xE7;&#xE3;o de 180 graus e capacidade de virar 180 graus, oferecendo op&#xE7;&#xF5;es flex&#xED;veis de visualiza&#xE7;&#xE3;o e utiliza&#xE7;&#xE3;o\" class=\"wp-image-1263942\" srcset=\"https:\/\/gpdstore.net\/wp-content\/uploads\/2023\/03\/87affa8a-19ce-4c6d-891b-43840ae1d1f6__CR00300300_PT0_SX300_V1___.jpg 300w, https:\/\/gpdstore.net\/wp-content\/uploads\/2023\/03\/87affa8a-19ce-4c6d-891b-43840ae1d1f6__CR00300300_PT0_SX300_V1___-150x150.jpg 150w, https:\/\/gpdstore.net\/wp-content\/uploads\/2023\/03\/87affa8a-19ce-4c6d-891b-43840ae1d1f6__CR00300300_PT0_SX300_V1___-65x65.jpg 65w, https:\/\/gpdstore.net\/wp-content\/uploads\/2023\/03\/87affa8a-19ce-4c6d-891b-43840ae1d1f6__CR00300300_PT0_SX300_V1___-100x100.jpg 100w\" sizes=\"(max-width: 300px) 100vw, 300px\" \/><\/figure>\n\n\n\n<h3 class=\"wp-block-heading\"><strong><strong>Um ecr\u00e3 que se adapta:<\/strong> O ecr\u00e3 girat\u00f3rio de 180\u00b0 com durabilidade de metalurgia do p\u00f3.<\/strong><\/h3>\n\n\n\n<p>O nosso ecr\u00e3 girat\u00f3rio de conce\u00e7\u00e3o inovadora, fabricado com tecnologia avan\u00e7ada de metalurgia do p\u00f3, permite uma rota\u00e7\u00e3o suave de 180 graus com uma s\u00f3 m\u00e3o em torno do eixo Y. Resistiu com sucesso a rigorosos testes de durabilidade, suportando 100.000 opera\u00e7\u00f5es rob\u00f3ticas cont\u00ednuas (incluindo rota\u00e7\u00e3o, abertura e fecho) com uma impressionante taxa de manuten\u00e7\u00e3o de 99,3%. <\/p>\n<\/div>\n\n\n\n<div class=\"wp-block-column is-layout-flow wp-block-column-is-layout-flow\">\n<figure class=\"wp-block-image size-full\"><img decoding=\"async\" width=\"300\" height=\"300\" src=\"https:\/\/gpdstore.net\/wp-content\/uploads\/2023\/03\/9728f488-7c9a-4702-8194-6d4228a0fa83__CR00300300_PT0_SX300_V1___.jpg\" alt=\"Mini port&#xE1;til GPD Pocket 3 com suporte para stylus, permitindo uma introdu&#xE7;&#xE3;o precisa e uma maior produtividade.\" class=\"wp-image-1263943\" srcset=\"https:\/\/gpdstore.net\/wp-content\/uploads\/2023\/03\/9728f488-7c9a-4702-8194-6d4228a0fa83__CR00300300_PT0_SX300_V1___.jpg 300w, https:\/\/gpdstore.net\/wp-content\/uploads\/2023\/03\/9728f488-7c9a-4702-8194-6d4228a0fa83__CR00300300_PT0_SX300_V1___-150x150.jpg 150w, https:\/\/gpdstore.net\/wp-content\/uploads\/2023\/03\/9728f488-7c9a-4702-8194-6d4228a0fa83__CR00300300_PT0_SX300_V1___-65x65.jpg 65w, https:\/\/gpdstore.net\/wp-content\/uploads\/2023\/03\/9728f488-7c9a-4702-8194-6d4228a0fa83__CR00300300_PT0_SX300_V1___-100x100.jpg 100w\" sizes=\"(max-width: 300px) 100vw, 300px\" \/><\/figure>\n\n\n\n<h3 class=\"wp-block-heading\"><strong><strong><strong>Introdu\u00e7\u00e3o de precis\u00e3o:<\/strong> Utiliza o teclado QWERTY premiado com o Red Dot e o Stylus de 4096 n\u00edveis.<\/strong><\/strong><\/h3>\n\n\n\n<p>A Pocket 3 inclui suporte para stylus ativo com 4096 n\u00edveis de sensibilidade \u00e0 press\u00e3o, proporcionando uma precis\u00e3o de escrita original. Compat\u00edvel com a Caneta para Surface atrav\u00e9s do protocolo Microsoft MPP 2.0, permite tomar notas, fazer anota\u00e7\u00f5es e assinaturas, possibilitando a cria\u00e7\u00e3o de conte\u00fados precisos e criativos em qualquer altura. <\/p>\n<\/div>\n\n\n\n<div class=\"wp-block-column is-layout-flow wp-block-column-is-layout-flow\">\n<figure class=\"wp-block-image size-full\"><img loading=\"lazy\" decoding=\"async\" width=\"300\" height=\"300\" src=\"https:\/\/gpdstore.net\/wp-content\/uploads\/2023\/03\/a2d68f01-c1f4-4886-afb1-90dae8b01b16__CR00300300_PT0_SX300_V1___.jpg\" alt=\"Mini port&#xE1;til GPD Pocket 3 com uma c&#xE2;mara ultrafina de 1080P, que proporciona uma qualidade de v&#xED;deo de alta defini&#xE7;&#xE3;o para chamadas de v&#xED;deo claras e n&#xED;tidas\" class=\"wp-image-1263944\" srcset=\"https:\/\/gpdstore.net\/wp-content\/uploads\/2023\/03\/a2d68f01-c1f4-4886-afb1-90dae8b01b16__CR00300300_PT0_SX300_V1___.jpg 300w, https:\/\/gpdstore.net\/wp-content\/uploads\/2023\/03\/a2d68f01-c1f4-4886-afb1-90dae8b01b16__CR00300300_PT0_SX300_V1___-150x150.jpg 150w, https:\/\/gpdstore.net\/wp-content\/uploads\/2023\/03\/a2d68f01-c1f4-4886-afb1-90dae8b01b16__CR00300300_PT0_SX300_V1___-65x65.jpg 65w, https:\/\/gpdstore.net\/wp-content\/uploads\/2023\/03\/a2d68f01-c1f4-4886-afb1-90dae8b01b16__CR00300300_PT0_SX300_V1___-100x100.jpg 100w\" sizes=\"(max-width: 300px) 100vw, 300px\" \/><\/figure>\n\n\n\n<h3 class=\"wp-block-heading\"><strong><strong><strong>Comunica\u00e7\u00e3o clara:<\/strong> Liga-te em qualquer lugar com a c\u00e2mara ultrafina de \u00e2ngulo amplo de 1080P.<\/strong><\/strong><\/h3>\n\n\n\n<p>Mini c\u00e2mara ultrafina de alta defini\u00e7\u00e3o 1080P com 2 milh\u00f5es de pix\u00e9is e um amplo campo de vis\u00e3o de 77\u00b0. Isto permite-te comunicar com a fam\u00edlia atrav\u00e9s de um webcast em direto ou realizar videoconfer\u00eancias com colegas a qualquer hora e em qualquer lugar. <\/p>\n<\/div>\n<\/div>\n\n<div class=\"wp-block-columns is-layout-flex wp-container-core-columns-is-layout-28f84493 wp-block-columns-is-layout-flex\">\n<div class=\"wp-block-column is-layout-flow wp-block-column-is-layout-flow\">\n<figure class=\"wp-block-image size-full\"><img loading=\"lazy\" decoding=\"async\" width=\"300\" height=\"400\" src=\"https:\/\/gpdstore.net\/wp-content\/uploads\/2023\/03\/dfaad9ca-c981-4178-9f69-19a4a5cf5f38__CR00300400_PT0_SX300_V1___.jpg\" alt=\"Mini-port&#xE1;til GPD Pocket 3 com controlo KVM, oferecendo uma integra&#xE7;&#xE3;o e gest&#xE3;o perfeitas de v&#xE1;rios dispositivos a partir de uma &#xFA;nica interface\" class=\"wp-image-1263945\" srcset=\"https:\/\/gpdstore.net\/wp-content\/uploads\/2023\/03\/dfaad9ca-c981-4178-9f69-19a4a5cf5f38__CR00300400_PT0_SX300_V1___.jpg 300w, https:\/\/gpdstore.net\/wp-content\/uploads\/2023\/03\/dfaad9ca-c981-4178-9f69-19a4a5cf5f38__CR00300400_PT0_SX300_V1___-150x200.jpg 150w\" sizes=\"(max-width: 300px) 100vw, 300px\" \/><\/figure>\n<\/div>\n\n\n\n<div class=\"wp-block-column is-layout-flow wp-block-column-is-layout-flow\">\n<h3 class=\"wp-block-heading\"><strong>Poder de administra\u00e7\u00e3o de TI:<\/strong> Acesso ao servidor de n\u00edvel de hardware atrav\u00e9s do m\u00f3dulo KVM de troca a quente.<\/h3>\n\n\n\n<p>Ao contr\u00e1rio do &#8220;ambiente de trabalho remoto&#8221;, o m\u00f3dulo de controlo KVM \u00e9 utilizado para o controlo de acesso ao n\u00edvel do hardware, abrangendo todo o processo de utiliza\u00e7\u00e3o do servidor visado, desde o arranque, defini\u00e7\u00f5es da BIOS at\u00e9 \u00e0s opera\u00e7\u00f5es no sistema operativo.<\/p>\n\n\n\n<p>\u00c9 hot-swappable mas n\u00e3o tem IP KVM, pelo que n\u00e3o suporta gest\u00e3o remota e \u00e9 adequado para gerir equipamento de rede local que n\u00e3o tenha teclado, rato e ecr\u00e3.<\/p>\n\n\n\n<p>*M\u00f3dulo KVM\/RS-232\/Stylus vendido separadamente<\/p>\n<\/div>\n\n\n\n<div class=\"wp-block-column is-layout-flow wp-block-column-is-layout-flow\">\n<figure class=\"wp-block-image size-full\"><img loading=\"lazy\" decoding=\"async\" width=\"350\" height=\"175\" src=\"https:\/\/gpdstore.net\/wp-content\/uploads\/2023\/03\/c011901a-1c49-4ed6-b6e2-a74a6089bf57__CR00350175_PT0_SX350_V1___-1.jpg\" alt=\"Mini-port&#xE1;til GPD Pocket 3 com um teclado QWERTY, concebido para uma escrita confort&#xE1;vel e eficiente num formato compacto\" class=\"wp-image-1263946\" srcset=\"https:\/\/gpdstore.net\/wp-content\/uploads\/2023\/03\/c011901a-1c49-4ed6-b6e2-a74a6089bf57__CR00350175_PT0_SX350_V1___-1.jpg 350w, https:\/\/gpdstore.net\/wp-content\/uploads\/2023\/03\/c011901a-1c49-4ed6-b6e2-a74a6089bf57__CR00350175_PT0_SX350_V1___-1-150x75.jpg 150w\" sizes=\"(max-width: 350px) 100vw, 350px\" \/><\/figure>\n\n\n\n<h3 class=\"wp-block-heading\"><strong>&#8220;Teclado &#8220;QWERTY<\/strong><\/h3>\n\n\n\n<p>O nosso aclamado teclado &#8220;QWERTY&#8221; estilo chocolate chiclet, que ganhou o pr\u00e9mio alem\u00e3o Red Dot Award, est\u00e1 optimizado para escrever com ambas as m\u00e3os, concentrando as teclas mais importantes no centro, o que torna muito confort\u00e1vel jogar jogos controlados pelo teclado e pelo rato neste dispositivo!<\/p>\n<\/div>\n<\/div>\n\n<h2 class=\"wp-block-heading has-text-align-center\">Entradas de n\u00edvel profissional: Controlo de hardware e digita\u00e7\u00e3o ergon\u00f3mica<\/h2>\n\n<figure class=\"wp-block-image aligncenter size-full\"><img loading=\"lazy\" decoding=\"async\" width=\"1024\" height=\"678\" src=\"https:\/\/gpdstore.net\/wp-content\/uploads\/2023\/03\/GPD-POCKET-3-MARKETING-IMAGE-2-1024x678-1.jpg\" alt=\"Mini port&#xE1;til GPD Pocket 3 capaz de ligar v&#xE1;rios ecr&#xE3;s para uma maior produtividade e multitarefas\" class=\"wp-image-1263947\" srcset=\"https:\/\/gpdstore.net\/wp-content\/uploads\/2023\/03\/GPD-POCKET-3-MARKETING-IMAGE-2-1024x678-1.jpg 1024w, https:\/\/gpdstore.net\/wp-content\/uploads\/2023\/03\/GPD-POCKET-3-MARKETING-IMAGE-2-1024x678-1-600x397.jpg 600w, https:\/\/gpdstore.net\/wp-content\/uploads\/2023\/03\/GPD-POCKET-3-MARKETING-IMAGE-2-1024x678-1-768x509.jpg 768w, https:\/\/gpdstore.net\/wp-content\/uploads\/2023\/03\/GPD-POCKET-3-MARKETING-IMAGE-2-1024x678-1-360x238.jpg 360w, https:\/\/gpdstore.net\/wp-content\/uploads\/2023\/03\/GPD-POCKET-3-MARKETING-IMAGE-2-1024x678-1-990x655.jpg 990w, https:\/\/gpdstore.net\/wp-content\/uploads\/2023\/03\/GPD-POCKET-3-MARKETING-IMAGE-2-1024x678-1-441x292.jpg 441w, https:\/\/gpdstore.net\/wp-content\/uploads\/2023\/03\/GPD-POCKET-3-MARKETING-IMAGE-2-1024x678-1-150x99.jpg 150w\" sizes=\"(max-width: 1024px) 100vw, 1024px\" \/><\/figure>\n\n<p>A GPD est\u00e1 de volta com a terceira itera\u00e7\u00e3o da sua popular linha de mini port\u00e1teis, com o apropriadamente chamado <strong>GPD Pocket 3<\/strong>! Este port\u00e1til de formato pequeno, repleto de funcionalidades, est\u00e1 totalmente equipado e \u00e9 suficientemente flex\u00edvel para satisfazer todas as tuas necessidades inform\u00e1ticas di\u00e1rias com facilidade<\/p>\n\n<p>Para al\u00e9m da infinidade de interfaces que o dispositivo j\u00e1 possui (USB, Thunderbolt, RJ45, etc.), o GPD Pocket 3 tamb\u00e9m possui uma &#8220;interface de liga\u00e7\u00e3o modular&#8221;. Isto permite-te ajustar livremente as portas do <strong>GPD Pocket 3<\/strong> de acordo com as tuas necessidades. Queres uma porta USB extra para outro dispositivo? N\u00e3o h\u00e1 problema. Precisas de fazer interface com um servidor? \u00c9 f\u00e1cil com o m\u00f3dulo KVM dedicado!     <\/p>\n\n<p>No final do dia, o <strong>GPD Pocket 3<\/strong> est\u00e1 repleto de carater\u00edsticas e fun\u00e7\u00f5es \u00fateis. Tens um microfone incorporado? J\u00e1 o tens. Ecr\u00e3 rotativo de 360 graus? Claro! Porta HDMI? J\u00e1 l\u00e1 est\u00e1s!      <\/p>\n\n<p>Quer estejas interessado no modelo topo de gama ou no modelo b\u00e1sico, estar\u00e1s a adquirir um computador port\u00e1til altamente port\u00e1til e personaliz\u00e1vel para se adaptar perfeitamente a ti.<\/p>\n\n<figure class=\"wp-block-image aligncenter size-full\"><img loading=\"lazy\" decoding=\"async\" width=\"970\" height=\"600\" src=\"https:\/\/gpdstore.net\/wp-content\/uploads\/2023\/03\/28ee65cf-aa50-4535-b107-c1d20069d506__CR00970600_PT0_SX970_V1___.jpg\" alt=\"Par&#xE2;metros do sistema do mini port&#xE1;til GPD Pocket 3, incluindo especifica&#xE7;&#xF5;es do processador, mem&#xF3;ria, armazenamento e ecr&#xE3; para um desempenho &#xF3;timo.\" class=\"wp-image-1263948\" srcset=\"https:\/\/gpdstore.net\/wp-content\/uploads\/2023\/03\/28ee65cf-aa50-4535-b107-c1d20069d506__CR00970600_PT0_SX970_V1___.jpg 970w, https:\/\/gpdstore.net\/wp-content\/uploads\/2023\/03\/28ee65cf-aa50-4535-b107-c1d20069d506__CR00970600_PT0_SX970_V1___-600x371.jpg 600w, https:\/\/gpdstore.net\/wp-content\/uploads\/2023\/03\/28ee65cf-aa50-4535-b107-c1d20069d506__CR00970600_PT0_SX970_V1___-768x475.jpg 768w, https:\/\/gpdstore.net\/wp-content\/uploads\/2023\/03\/28ee65cf-aa50-4535-b107-c1d20069d506__CR00970600_PT0_SX970_V1___-360x223.jpg 360w, https:\/\/gpdstore.net\/wp-content\/uploads\/2023\/03\/28ee65cf-aa50-4535-b107-c1d20069d506__CR00970600_PT0_SX970_V1___-441x273.jpg 441w, https:\/\/gpdstore.net\/wp-content\/uploads\/2023\/03\/28ee65cf-aa50-4535-b107-c1d20069d506__CR00970600_PT0_SX970_V1___-150x93.jpg 150w\" sizes=\"(max-width: 970px) 100vw, 970px\" \/><\/figure>\n","protected":false},"excerpt":{"rendered":"<ul>\n<li>Intel\u00ae Pentium\u00ae Gold 7505 at\u00e9 3,50 GHz; 4 n\u00facleos\/8 threads<\/li>\n<li><strong>16GB LPDDR4x RAM<\/strong> @3733Mhz<\/li>\n<li><strong>Thunderbolt 4 \/ Ecr\u00e3 t\u00e1til de 8&#8243; \/ Leitor de impress\u00f5es digitais<\/strong><\/li>\n<li><strong>At\u00e9 4TB<\/strong> de SSD PCI-E NVMe<\/li>\n<li>Modular com <strong>portas KVM\/RS-232 <\/strong>(vendido separadamente)<\/li>\n<\/ul>\n<p><img loading=\"lazy\" decoding=\"async\" src=\"https:\/\/gpdstore.net\/wp-content\/uploads\/2024\/08\/POCKET-4-FREEBIE-LONG.jpg\" alt=\"Cartaz promocional para o GPD Pocket 4 que oferece um estojo de prote\u00e7\u00e3o gratuito. O texto diz: \"PRESENTES GR\u00c1TIS - CAIXA DE PROTEC\u00c7\u00c3O - ADICIONADA AUTOMATICAMENTE AO CARRINHO\", acompanhado por uma imagem de uma elegante caixa de prote\u00e7\u00e3o preta\" width=\"1000\" height=\"140\" class=\"alignnone size-full wp-image-973719\" srcset=\"https:\/\/gpdstore.net\/wp-content\/uploads\/2024\/08\/POCKET-4-FREEBIE-LONG.jpg 1000w, https:\/\/gpdstore.net\/wp-content\/uploads\/2024\/08\/POCKET-4-FREEBIE-LONG-600x84.jpg 600w, https:\/\/gpdstore.net\/wp-content\/uploads\/2024\/08\/POCKET-4-FREEBIE-LONG-768x108.jpg 768w, https:\/\/gpdstore.net\/wp-content\/uploads\/2024\/08\/POCKET-4-FREEBIE-LONG-360x50.jpg 360w, https:\/\/gpdstore.net\/wp-content\/uploads\/2024\/08\/POCKET-4-FREEBIE-LONG-990x139.jpg 990w, https:\/\/gpdstore.net\/wp-content\/uploads\/2024\/08\/POCKET-4-FREEBIE-LONG-441x62.jpg 441w, https:\/\/gpdstore.net\/wp-content\/uploads\/2024\/08\/POCKET-4-FREEBIE-LONG-150x21.jpg 150w\" sizes=\"(max-width: 1000px) 100vw, 1000px\" \/><\/p>\n<p> [cg_accordion title=\"INFORMA\u00c7\u00d5ES DE PAGAMENTO\"] Utilizamos a mais recente tecnologia em processamento de pagamentos, o que te permite fazer o checkout atrav\u00e9s do teu cart\u00e3o de d\u00e9bito\/cr\u00e9dito ou PayPal para uma experi\u00eancia r\u00e1pida e segura.[\/cg_accordion] [cg_accordion title=\"GARANTIA\"] 2 anos de garantia da <a href=\"https:\/\/droix.net\/\" target=\"_blank\" rel=\"nofollow noopener\">DROIX Global<\/a> para a tua paz de esp\u00edrito[\/cg_accordion] [cg_accordion title=\"GARANTIA DE QUALIDADE E ENSAIOS PR\u00c9-EXPEDI\u00c7\u00c3O\"] Garante a satisfa\u00e7\u00e3o do cliente ao mais alto n\u00edvel: Cada dispositivo \u00e9 submetido a testes rigorosos e a uma verifica\u00e7\u00e3o de garantia de qualidade multiponto antes de ser enviado. A nossa equipa dedicada verifica o desempenho, a funcionalidade e a integridade dos componentes para garantir que o teu dispositivo GPD est\u00e1 em perfeitas condi\u00e7\u00f5es de funcionamento \u00e0 chegada, proporcionando-te confian\u00e7a e paz de esp\u00edrito.[\/cg_accordion] [cg_accordion title=\"PRE\u00c7OS, IMPOSTOS E ENVIO\"] <strong><u>Nota:<\/u><\/strong><\/p>\n<ul>\n<li>Clientes dos Estados Unidos: O pre\u00e7o apresentado N\u00c3O inclui TAXAS nem impostos. O cliente \u00e9 respons\u00e1vel pelo desalfandegamento e pelo pagamento de quaisquer impostos ou taxas associadas. <\/li>\n<li>Clientes da UE: O pre\u00e7o apresentado inclui o IMPOSTO aplic\u00e1vel, que pode ir at\u00e9 25%, dependendo do teu pa\u00eds.<\/li>\n<li>Clientes do Canad\u00e1: O pre\u00e7o apresentado inclui os impostos aplic\u00e1veis, que podem incluir 5% de GST e impostos adicionais sobre vendas provinciais (PST), imposto sobre vendas harmonizado (HST) ou imposto sobre vendas do Quebeque (QST), dependendo da tua prov\u00edncia.<\/li>\n<\/ul>\n<p><strong>APENAS para clientes da UE:<\/strong> Entrega expressa DDP (Delivered Duty Paid). Isto significa que: <\/p>\n<ul>\n<li style=\"list-style-type: none;\">\n<ul>\n<li>Todos os direitos aduaneiros e impostos est\u00e3o inclu\u00eddos no pre\u00e7o apresentado na p\u00e1gina do produto.<\/li>\n<li>N\u00e3o ter\u00e1s de pagar quaisquer encargos adicionais aquando da entrega.<\/li>\n<li>Na rara eventualidade de problemas relacionados com a alf\u00e2ndega, a nossa equipa tratar\u00e1 do processo de desalfandegamento em teu nome para garantir uma experi\u00eancia de entrega sem problemas.<\/li>\n<p>Informa\u00e7\u00f5es importantes sobre devolu\u00e7\u00f5es:<\/p>\n<li>Se decidires devolver a tua encomenda ou pedir um reembolso, tem em aten\u00e7\u00e3o que os impostos e direitos pagos em teu nome ao abrigo das condi\u00e7\u00f5es DDP n\u00e3o podem ser reembolsados.<\/li>\n<p>Consulta a nossa<\/ul>\n<\/li>\n<\/ul>\n<p><a href=\"https:\/\/droix.net\/terms-and-conditions\/\" target=\"_blank\" rel=\"nofollow noopener\">Termos e condi\u00e7\u00f5es<\/a><\/p>\n<ul>para obteres informa\u00e7\u00f5es pormenorizadas.<\/ul>\n<p>[\/cg_accordion] [cg_accordion title=\"APOIO AO CLIENTE\"]  Tens uma pergunta? Estamos a uma curta mensagem de texto de ter o teu problema resolvido!  Consulta os nossos <a href=\"https:\/\/gpdstore.net\/en-gb\/terms-of-service\/\" target=\"_blank\" rel=\"nofollow noopener\">Termos e Condi\u00e7\u00f5es<\/a> para obteres informa\u00e7\u00f5es detalhadas.  [\/cg_accordion] [cg_accordion title=\"O QUE EST\u00c1 INCLU\u00cdDO\"]<\/p>\n<ul>\n<li>1x GPD Pocket 3<\/li>\n<li>1x Adaptador de corrente<\/li>\n<li>1x Cabo USB Tipo C<\/li>\n<li>1x Manual do utilizador<\/li>\n<li>1x Caneta GPD<\/li>\n<\/ul>\n<p>[\/cg_accordion]<\/p>\n","protected":false},"featured_media":30948,"template":"","meta":{"_acf_changed":false},"product_brand":[],"product_cat":[7061,8641,7060],"product_tag":[14536,8642],"woo-feed-brand":[5757],"class_list":{"0":"post-192523","1":"product","2":"type-product","3":"status-publish","4":"has-post-thumbnail","6":"product_cat-computadores-portateis","7":"product_cat-tablet-computador-portatil","8":"product_cat-mini-computadores-portateis-gpd","9":"product_tag-8xmsale-pt-pt-2","10":"product_tag-gpd-pocket-3-pt-pt","11":"product_shipping_class-premium","12":"pa_bluetooth-5-pt-pt","13":"pa_brand-gpd","14":"pa_display-type-h-ips-pt-pt","15":"pa_graphics-gpu-model-core-i3-1125g4-graficos-uhd-pt-pt","16":"pa_graphics-gpu-model-core-i7-1195g7-graficos-iris-xe-pt-pt","17":"pa_graphics-gpu-model-pentium-gold-7505-graficos-uhd-pt-pt","18":"pa_i-o-video-1x-hdmi-2-0b-pt-pt","19":"pa_i-o-video-via-1x-usb-4-0-type-c-40gb-s-pt-pt","20":"pa_memory-ram-capacity-8-gb-pt-pt","21":"pa_memory-ram-capacity-16-gb-pt-pt-2","22":"pa_memory-ram-technology-lpddr4x-pt-pt-2","23":"pa_processor-cpu-model-intel-core-i3-1125g4","24":"pa_processor-cpu-model-intel-core-i7-1195g7","25":"pa_processor-cpu-model-intel-pentium-gold-7505","26":"pa_processor-cpu-model-pentium-silver-n6000","27":"pa_storage-capacity-512-gb-pt-pt","28":"pa_storage-capacity-1tb-pt-pt-2","29":"pa_wi-fi-wi-fi-6-pt-pt","30":"woo-feed-brand-gpd-pt-pt","32":"first","33":"instock","34":"sale","35":"taxable","36":"shipping-taxable","37":"purchasable","38":"product-type-variable","39":"has-default-attributes"},"acf":[],"aioseo_notices":[],"_links":{"self":[{"href":"https:\/\/gpdstore.net\/pt-pt\/wp-json\/wp\/v2\/product\/192523","targetHints":{"allow":["GET"]}}],"collection":[{"href":"https:\/\/gpdstore.net\/pt-pt\/wp-json\/wp\/v2\/product"}],"about":[{"href":"https:\/\/gpdstore.net\/pt-pt\/wp-json\/wp\/v2\/types\/product"}],"wp:featuredmedia":[{"embeddable":true,"href":"https:\/\/gpdstore.net\/pt-pt\/wp-json\/wp\/v2\/media\/30948"}],"wp:attachment":[{"href":"https:\/\/gpdstore.net\/pt-pt\/wp-json\/wp\/v2\/media?parent=192523"}],"wp:term":[{"taxonomy":"product_brand","embeddable":true,"href":"https:\/\/gpdstore.net\/pt-pt\/wp-json\/wp\/v2\/product_brand?post=192523"},{"taxonomy":"product_cat","embeddable":true,"href":"https:\/\/gpdstore.net\/pt-pt\/wp-json\/wp\/v2\/product_cat?post=192523"},{"taxonomy":"product_tag","embeddable":true,"href":"https:\/\/gpdstore.net\/pt-pt\/wp-json\/wp\/v2\/product_tag?post=192523"},{"taxonomy":"woo-feed-brand","embeddable":true,"href":"https:\/\/gpdstore.net\/pt-pt\/wp-json\/wp\/v2\/woo-feed-brand?post=192523"}],"curies":[{"name":"wp","href":"https:\/\/api.w.org\/{rel}","templated":true}]}}