{"id":191288,"date":"2023-03-24T18:47:23","date_gmt":"2023-03-24T18:47:23","guid":{"rendered":"https:\/\/gpdstore.net\/sem%20categoria\/gpd-win-4-gaming-handheld-pc\/"},"modified":"2025-12-23T10:36:49","modified_gmt":"2025-12-23T10:36:49","slug":"gpd-win-4","status":"publish","type":"product","link":"https:\/\/gpdstore.net\/pt-pt\/product\/gpd-win-4\/","title":{"rendered":"GPD WIN 4 Gaming Handheld PC"},"content":{"rendered":"\n<p>Se \u00e9 um jogador \u00e1vido que adora levar os seus jogos para todo o lado, vai ficar entusiasmado com o mais recente PC de jogos port\u00e1til da GPD, o GPD WIN 4. Com o seu tamanho compacto e especifica\u00e7\u00f5es potentes, este dispositivo ir\u00e1 certamente impressionar at\u00e9 os jogadores mais exigentes. <\/p>\n\n<p>Com apenas 8,6 x 3,6 x 1,10 polegadas (22,0 \u00d7 9,2 \u00d7 2,8 cm) e pesando apenas cerca de 570 g, o GPD WIN 4 \u00e9 incrivelmente port\u00e1til. \u00c9 ainda mais pequeno do que o seu antecessor, o GPD WIN 3, o que o torna f\u00e1cil de colocar numa pequena mala ou no bolso do casaco e levar consigo para onde quer que v\u00e1. <\/p>\n\n<p>Uma das carater\u00edsticas de destaque do GPD WIN 4 \u00e9 o seu processador AMD Ryzen 7 6800U com oito n\u00facleos e dezasseis threads a funcionar at\u00e9 4,7GHz @ 28W TDP. Este, juntamente com a Radeon 680M at\u00e9 2,2Ghz, permite uma jogabilidade suave dos mais recentes jogos AAA para Windows neste PC de jogos port\u00e1til em defini\u00e7\u00f5es jog\u00e1veis. Quer goste de jogos de tiro na primeira pessoa, jogos de interpreta\u00e7\u00e3o de pap\u00e9is ou simula\u00e7\u00f5es desportivas, o GPD WIN 4 tem tudo o que precisa.  <\/p>\n\n<p>Em termos de mem\u00f3ria e armazenamento, o GPD WIN 4 oferece uma escolha de 16 GB ou 32 GB de RAM LPDDR5-6400 MT&#8217;s e at\u00e9 2 TB de mem\u00f3ria r\u00e1pida SSD suportando at\u00e9 M.2 PCIe 4.0 NVMe 2280 SSD. Isto significa que ter\u00e1 muito espa\u00e7o para armazenar os seus jogos e outros ficheiros e, com as velocidades de leitura e escrita extremamente r\u00e1pidas do SSD, n\u00e3o ter\u00e1 de esperar muito tempo pelo carregamento dos seus jogos.  <\/p>\n\n<p>O GPD WIN 4 tamb\u00e9m possui conetividade sem fios r\u00e1pida com 802.11 a\/b\/g\/n\/ac\/ax WiFi 6 e Bluetooth 5.2. E se estiver em viagem e precisar de acesso \u00e0 Internet, pode adquirir um m\u00f3dulo acopl\u00e1vel vendido separadamente que suporta cart\u00f5es nano-sim 4G LTE para dados m\u00f3veis. <\/p>\n\n<p>O dispositivo possui um ecr\u00e3 t\u00e1til H-IPS de 6 polegadas com uma resolu\u00e7\u00e3o nativa de 1920&#215;1080, suportando 40Hz e 60 Hz para taxas de fotogramas configur\u00e1veis. Isto garante que os jogos mais antigos ser\u00e3o executados sem problemas no GPD WIN 4, sem quaisquer problemas de rota\u00e7\u00e3o do ecr\u00e3 que podem ocorrer com outras consolas port\u00e1teis. <\/p>\n\n<p>O GPD WIN 4 tamb\u00e9m oferece um controlo impressionante e um esquema de design que faz lembrar a Sony PSP, com joysticks duplos com sensor hall, D-pad de estilo cl\u00e1ssico e bot\u00f5es de gatilho anal\u00f3gicos lineares com ilumina\u00e7\u00e3o LED. Al\u00e9m disso, existem dois bot\u00f5es personaliz\u00e1veis na parte de tr\u00e1s do dispositivo, permitindo-lhe configurar os seus controlos como quiser. <\/p>\n\n<p>Se pretender aumentar ainda mais o desempenho do GPD WIN 4, pode ligar uma placa gr\u00e1fica externa (eGPU) atrav\u00e9s da porta USB 4 de alta velocidade, que suporta at\u00e9 40 Gbps. O dispositivo tamb\u00e9m inclui uma porta USB 3.2 Gen 2 para dados e carregamento, bem como uma porta USB Tipo A para perif\u00e9ricos adicionais. <\/p>\n\n<p>Com uma bateria de pol\u00edmero de l\u00edtio de 45,62 Wh, o GPD WIN 4 pode durar at\u00e9 10 horas em utiliza\u00e7\u00e3o ligeira, 3-6 horas em utiliza\u00e7\u00e3o moderada e cerca de 2 horas em utiliza\u00e7\u00e3o intensa. Isto significa que pode jogar os seus jogos favoritos em qualquer lugar sem se preocupar com a falta de energia. <\/p>\n\n<p>Em conclus\u00e3o, o GPD WIN 4 \u00e9 uma pot\u00eancia de jogo altamente port\u00e1til que \u00e9 perfeita para jogar em viagem. Quer esteja a ir para o trabalho, a viajar ou apenas a relaxar em casa, este PC de jogos port\u00e1til ir\u00e1 certamente proporcionar-lhe horas de entretenimento. Por isso, porque n\u00e3o comprar um hoje e experimentar jogos AAA de topo de gama?  <\/p>\n","protected":false},"excerpt":{"rendered":"<ul>\n<li><strong>AMD Ryzen 7 6800U<\/strong> \/ AMD Radeon 680M<\/li>\n<li><strong>at\u00e9 32GB<\/strong> LPDDR5 a 6400 MT\/s<\/li>\n<li><strong>at\u00e9 2TB<\/strong> SSD PCI-E <strong>M.2<\/strong> 2280 de alta velocidade<\/li>\n<li>Ecr\u00e3 t\u00e1til com <strong>tecnologia IPS de 6&#8243;<\/strong>.<\/li>\n<li>Suporte para <strong>WiFi 6<\/strong> e <strong>Bluetooth 5.2<\/strong>  <\/li>\n<\/ul>\n<p><img fetchpriority=\"high\" decoding=\"async\" src=\"https:\/\/gpdstore.net\/wp-content\/uploads\/2024\/03\/WIN-4-FREE-GIFTS.jpg\" alt=\"\" width=\"2000\" height=\"500\" class=\"alignnone size-full wp-image-4175\" srcset=\"https:\/\/gpdstore.net\/wp-content\/uploads\/2024\/03\/WIN-4-FREE-GIFTS.jpg 2000w, https:\/\/gpdstore.net\/wp-content\/uploads\/2024\/03\/WIN-4-FREE-GIFTS-600x150.jpg 600w, https:\/\/gpdstore.net\/wp-content\/uploads\/2024\/03\/WIN-4-FREE-GIFTS-1200x300.jpg 1200w, https:\/\/gpdstore.net\/wp-content\/uploads\/2024\/03\/WIN-4-FREE-GIFTS-768x192.jpg 768w, https:\/\/gpdstore.net\/wp-content\/uploads\/2024\/03\/WIN-4-FREE-GIFTS-1536x384.jpg 1536w, https:\/\/gpdstore.net\/wp-content\/uploads\/2024\/03\/WIN-4-FREE-GIFTS-360x90.jpg 360w, https:\/\/gpdstore.net\/wp-content\/uploads\/2024\/03\/WIN-4-FREE-GIFTS-990x248.jpg 990w, https:\/\/gpdstore.net\/wp-content\/uploads\/2024\/03\/WIN-4-FREE-GIFTS-441x110.jpg 441w, https:\/\/gpdstore.net\/wp-content\/uploads\/2024\/03\/WIN-4-FREE-GIFTS-150x38.jpg 150w\" sizes=\"(max-width: 2000px) 100vw, 2000px\" \/><\/p>\n[cg_accordion title=\"INFORMA\u00c7\u00d5ES DE PAGAMENTO\"]<\/p>\n<p>Utilizamos a mais recente tecnologia em processamento de pagamentos, o que lhe permite efetuar o checkout atrav\u00e9s do seu cart\u00e3o de d\u00e9bito\/cr\u00e9dito ou PayPal para uma experi\u00eancia r\u00e1pida e segura.[\/cg_accordion]\n[cg_accordion title=\"GARANTIA\"]<\/p>\n<p>2 anos de garantia da <a href=\"https:\/\/droix.net\/\" target=\"_blank\" rel=\"nofollow noopener\">DROIX Global<\/a> para a sua paz de esp\u00edrito[\/cg_accordion]\n[cg_accordion title=\"GARANTIA DE QUALIDADE E ENSAIOS PR\u00c9-EXPEDI\u00c7\u00c3O\"]<\/p>\n<p>Garante a satisfa\u00e7\u00e3o do cliente ao mais alto n\u00edvel: Todos os dispositivos s\u00e3o submetidos a testes rigorosos e a uma verifica\u00e7\u00e3o de garantia de qualidade multiponto antes de serem enviados. A nossa equipa dedicada verifica o desempenho, a funcionalidade e a integridade dos componentes para garantir que o teu dispositivo GPD est\u00e1 em perfeitas condi\u00e7\u00f5es de funcionamento \u00e0 chegada, proporcionando-te confian\u00e7a e paz de esp\u00edrito. [\/cg_accordion]\n[cg_accordion title=\"PRE\u00c7OS, IMPOSTOS E ENVIO\"]<\/p>\n<p><strong><u>Nota:<\/u><\/strong><\/p>\n<ul>\n<li>Clientes dos Estados Unidos: O pre\u00e7o apresentado N\u00c3O inclui TAXAS nem impostos. A responsabilidade pelo desalfandegamento e pelo pagamento de quaisquer impostos\/taxas associadas recai sobre o cliente. <\/li>\n<li>Clientes da UE: O pre\u00e7o apresentado inclui o IMPOSTO aplic\u00e1vel, que pode ir at\u00e9 25% consoante o pa\u00eds.<\/li>\n<li>Clientes do Canad\u00e1: O pre\u00e7o apresentado inclui os impostos aplic\u00e1veis, que podem incluir 5% de GST e impostos adicionais sobre vendas provinciais (PST), imposto sobre vendas harmonizado (HST) ou imposto sobre vendas do Quebec (QST), dependendo da sua prov\u00edncia.<\/li>\n<\/ul>\n<p><strong>APENAS para clientes da UE:<\/strong> Expresso DDP (Delivered Duty Paid). Isto significa que: <\/p>\n<ul>\n<li>Todos os direitos aduaneiros e impostos est\u00e3o inclu\u00eddos no pre\u00e7o apresentado na p\u00e1gina do produto.<\/li>\n<li>N\u00e3o ter\u00e1 de pagar quaisquer encargos adicionais aquando da entrega.<\/li>\n<li>Na rara eventualidade de problemas relacionados com a alf\u00e2ndega, a nossa equipa tratar\u00e1 do processo de desalfandegamento em seu nome para garantir uma experi\u00eancia de entrega sem problemas.<\/li>\n<p>Informa\u00e7\u00f5es importantes sobre as devolu\u00e7\u00f5es:<\/p>\n<li>Se decidir devolver a sua encomenda ou solicitar um reembolso, tenha em aten\u00e7\u00e3o que os impostos e direitos pagos em seu nome ao abrigo das condi\u00e7\u00f5es DDP n\u00e3o podem ser reembolsados.<\/li>\n<p>Consulte os nossos <a href=\"https:\/\/droix.net\/terms-and-conditions\/\" target=\"_blank\" rel=\"nofollow noopener\">Termos e Condi\u00e7\u00f5es<\/a> para obter informa\u00e7\u00f5es pormenorizadas.\n<\/ul>\n<p>[\/cg_accordion]\n[cg_accordion title=\"APOIO AO CLIENTE\"]<\/p>\n<p>Tem uma pergunta? Estamos a uma curta mensagem de texto de ter o seu problema resolvido! <\/p>\n<p>Consulte os nossos <a href=\"https:\/\/gpdstore.net\/pt-pt\/terms-of-service\/\" target=\"_blank\" rel=\"nofollow noopener\">Termos e Condi\u00e7\u00f5es<\/a> para obter informa\u00e7\u00f5es pormenorizadas.\n<\/ul>\n<p>[\/cg_accordion]\n[cg_accordion title=\"O QUE EST\u00c1 INCLU\u00cdDO\"]<\/p>\n<ul>\n<li>1x GPD WIN 4<\/li>\n<li>1x Adaptador de alimenta\u00e7\u00e3o<\/li>\n<li>1x Cabo USB tipo C<\/li>\n<li>1x Manual do utilizador<\/li>\n<\/ul>\n<p>[\/cg_accordion]\n","protected":false},"featured_media":191379,"template":"","meta":{"_acf_changed":false},"product_brand":[],"product_cat":[5901],"product_tag":[17901,6882],"woo-feed-brand":[5757],"class_list":{"0":"post-191288","1":"product","2":"type-product","3":"status-publish","4":"has-post-thumbnail","6":"product_cat-gpd-handheld-pc-para-jogos-2","7":"product_tag-10gpdsale-pt-pt","8":"product_tag-gpd-win-4-pt-pt","9":"product_shipping_class-premium","10":"pa_bluetooth-5-2-pt-pt","11":"pa_display-type-h-ips-pt-pt","12":"pa_graphics-gpu-model-radeon-680m-pt-pt","13":"pa_i-o-video-via-1x-usb-4-0-type-c-40gb-s-pt-pt","14":"pa_memory-ram-capacity-16-gb-pt-pt-2","15":"pa_memory-ram-capacity-32-gb-pt-pt","16":"pa_memory-ram-technology-lpddr5-pt-pt","17":"pa_processor-cpu-model-ryzen-7-6800u","18":"pa_storage-capacity-512-gb-pt-pt","19":"pa_storage-capacity-1tb-pt-pt-2","20":"pa_storage-capacity-2tb-pt-pt","21":"pa_wi-fi-wi-fi-6-pt-pt","22":"woo-feed-brand-gpd-pt-pt","24":"first","25":"outofstock","26":"sale","27":"taxable","28":"shipping-taxable","29":"purchasable","30":"product-type-variable","31":"has-default-attributes"},"acf":[],"aioseo_notices":[],"_links":{"self":[{"href":"https:\/\/gpdstore.net\/pt-pt\/wp-json\/wp\/v2\/product\/191288","targetHints":{"allow":["GET"]}}],"collection":[{"href":"https:\/\/gpdstore.net\/pt-pt\/wp-json\/wp\/v2\/product"}],"about":[{"href":"https:\/\/gpdstore.net\/pt-pt\/wp-json\/wp\/v2\/types\/product"}],"wp:featuredmedia":[{"embeddable":true,"href":"https:\/\/gpdstore.net\/pt-pt\/wp-json\/wp\/v2\/media\/191379"}],"wp:attachment":[{"href":"https:\/\/gpdstore.net\/pt-pt\/wp-json\/wp\/v2\/media?parent=191288"}],"wp:term":[{"taxonomy":"product_brand","embeddable":true,"href":"https:\/\/gpdstore.net\/pt-pt\/wp-json\/wp\/v2\/product_brand?post=191288"},{"taxonomy":"product_cat","embeddable":true,"href":"https:\/\/gpdstore.net\/pt-pt\/wp-json\/wp\/v2\/product_cat?post=191288"},{"taxonomy":"product_tag","embeddable":true,"href":"https:\/\/gpdstore.net\/pt-pt\/wp-json\/wp\/v2\/product_tag?post=191288"},{"taxonomy":"woo-feed-brand","embeddable":true,"href":"https:\/\/gpdstore.net\/pt-pt\/wp-json\/wp\/v2\/woo-feed-brand?post=191288"}],"curies":[{"name":"wp","href":"https:\/\/api.w.org\/{rel}","templated":true}]}}