{"id":187838,"date":"2023-03-24T16:08:28","date_gmt":"2023-03-24T16:08:28","guid":{"rendered":"https:\/\/gpdstore.net\/sem%20categoria\/modulo-de-expansao-gpd-pocket-3-kvm-e-rs-232\/"},"modified":"2026-01-06T02:00:34","modified_gmt":"2026-01-06T02:00:34","slug":"gpd-pocket-3-kvm-and-rs-232-expansion-module","status":"publish","type":"product","link":"https:\/\/gpdstore.net\/pt-pt\/product\/gpd-pocket-3-kvm-and-rs-232-expansion-module\/","title":{"rendered":"GPD Pocket 3 M\u00f3dulo de expans\u00e3o KVM e RS-232"},"content":{"rendered":"\n<p>Leve o seu GPD Pocket 3 para o pr\u00f3ximo n\u00edvel com as nossas portas de expans\u00e3o KVM e RS-232! Estes acess\u00f3rios inovadores ligam-se \u00e0 parte de tr\u00e1s do seu dispositivo e proporcionam novas funcionalidades para uma s\u00e9rie de aplica\u00e7\u00f5es. Escolha entre o comutador KVM para controlar v\u00e1rios dispositivos a partir de um teclado e rato, ou a porta RS-232 para comunica\u00e7\u00e3o em s\u00e9rie. Tenha em aten\u00e7\u00e3o que s\u00f3 pode ser utilizada uma porta de cada vez. Actualize hoje o seu GPD Pocket 3 para uma maior produtividade e versatilidade!<\/p>\n","protected":false},"excerpt":{"rendered":"<ul>\n<li><strong>Acess\u00f3rio oficial do GPD<\/strong><\/li>\n<li>Pacote combinado com <strong>dois<\/strong> m\u00f3dulos de expans\u00e3o<\/li>\n<li>Liga e controla servidores atrav\u00e9s do m\u00f3dulo <strong>KVM<\/strong> <\/li>\n<li>Interface com m\u00e1quinas industriais atrav\u00e9s de <strong>RS232<\/strong><\/li>\n<\/ul>\n[cg_accordion title=\"INFORMA\u00c7\u00d5ES DE PAGAMENTO\"]<\/p>\n<p>Utilizamos a mais recente tecnologia de processamento de pagamentos, que lhe permite efetuar o checkout atrav\u00e9s de Apple Pay, Google Pay, cart\u00e3o de d\u00e9bito\/cr\u00e9dito, PayPal ou m\u00e9todos BNPL, como Klarna, Affirm ou AfterPay, para uma experi\u00eancia r\u00e1pida e segura.[\/cg_accordion]\n[cg_accordion title=\"GARANTIA\"]<\/p>\n<p>2 anos de garantia da <a href=\"https:\/\/droix.net\/\" target=\"_blank\" rel=\"nofollow noopener\">DROIX Global<\/a> para a sua paz de esp\u00edrito[\/cg_accordion]\n[cg_accordion title=\"PRE\u00c7OS, IMPOSTOS E ENVIO\"]<\/p>\n<p><strong><u>Nota:<\/u><\/strong><\/p>\n<ul>\n<li>Clientes dos Estados Unidos: O pre\u00e7o apresentado N\u00c3O inclui TAXAS nem impostos. A responsabilidade pelo desalfandegamento e pelo pagamento de quaisquer impostos\/taxas associadas recai sobre o cliente. <\/li>\n<li>Clientes da UE: O pre\u00e7o apresentado inclui o IMPOSTO aplic\u00e1vel, que pode ir at\u00e9 25% consoante o pa\u00eds.<\/li>\n<li>Clientes do Canad\u00e1: O pre\u00e7o apresentado inclui os impostos aplic\u00e1veis, que podem incluir 5% de GST e impostos adicionais sobre vendas provinciais (PST), imposto sobre vendas harmonizado (HST) ou imposto sobre vendas do Quebec (QST), dependendo da sua prov\u00edncia.<\/li>\n<\/ul>\n<p><strong>APENAS para clientes da UE:<\/strong> Expresso DDP (Delivered Duty Paid). Isto significa que: <\/p>\n<ul>\n<li>Todos os direitos aduaneiros e impostos est\u00e3o inclu\u00eddos no pre\u00e7o apresentado na p\u00e1gina do produto.<\/li>\n<li>N\u00e3o ter\u00e1 de pagar quaisquer encargos adicionais aquando da entrega.<\/li>\n<li>Na rara eventualidade de problemas relacionados com a alf\u00e2ndega, a nossa equipa tratar\u00e1 do processo de desalfandegamento em seu nome para garantir uma experi\u00eancia de entrega sem problemas.<\/li>\n<p>Informa\u00e7\u00f5es importantes sobre as devolu\u00e7\u00f5es:<\/p>\n<li>Se decidir devolver a sua encomenda ou solicitar um reembolso, tenha em aten\u00e7\u00e3o que os impostos e direitos pagos em seu nome ao abrigo das condi\u00e7\u00f5es DDP n\u00e3o podem ser reembolsados.<\/li>\n<p>Consulte os nossos <a href=\"https:\/\/gpdstore.net\/pt-pt\/terms-of-service\/\" target=\"_blank\" rel=\"nofollow noopener\">Termos e Condi\u00e7\u00f5es<\/a> para obter informa\u00e7\u00f5es pormenorizadas.\n<\/ul>\n<p>[\/cg_accordion]\n[cg_accordion title=\"APOIO AO CLIENTE\"]<\/p>\n<p>Tem uma pergunta? Estamos a uma curta mensagem de texto de ter o seu problema resolvido!<br \/>\n[\/cg_accordion]\n[cg_accordion title=\"O QUE EST\u00c1 INCLU\u00cdDO\"]<\/p>\n<ul>\n<li>1x GPD Pocket 3 KVM &amp; RS-232 Module<\/li>\n<\/ul>\n<p>[\/cg_accordion]\n","protected":false},"featured_media":187887,"template":"","meta":{"_acf_changed":false},"product_brand":[],"product_cat":[5392],"product_tag":[15763,18552],"woo-feed-brand":[5757],"class_list":{"0":"post-187838","1":"product","2":"type-product","3":"status-publish","4":"has-post-thumbnail","6":"product_cat-acessorios","7":"product_tag-20xmsale-pt-pt-2","8":"product_tag-gpd-pocket-3-accessory-pt-pt","9":"product_shipping_class-low-end","10":"pa_accessory-type-suplementos","11":"woo-feed-brand-gpd-pt-pt","13":"first","14":"instock","15":"sale","16":"taxable","17":"shipping-taxable","18":"purchasable","19":"product-type-simple"},"acf":[],"aioseo_notices":[],"_links":{"self":[{"href":"https:\/\/gpdstore.net\/pt-pt\/wp-json\/wp\/v2\/product\/187838","targetHints":{"allow":["GET"]}}],"collection":[{"href":"https:\/\/gpdstore.net\/pt-pt\/wp-json\/wp\/v2\/product"}],"about":[{"href":"https:\/\/gpdstore.net\/pt-pt\/wp-json\/wp\/v2\/types\/product"}],"wp:featuredmedia":[{"embeddable":true,"href":"https:\/\/gpdstore.net\/pt-pt\/wp-json\/wp\/v2\/media\/187887"}],"wp:attachment":[{"href":"https:\/\/gpdstore.net\/pt-pt\/wp-json\/wp\/v2\/media?parent=187838"}],"wp:term":[{"taxonomy":"product_brand","embeddable":true,"href":"https:\/\/gpdstore.net\/pt-pt\/wp-json\/wp\/v2\/product_brand?post=187838"},{"taxonomy":"product_cat","embeddable":true,"href":"https:\/\/gpdstore.net\/pt-pt\/wp-json\/wp\/v2\/product_cat?post=187838"},{"taxonomy":"product_tag","embeddable":true,"href":"https:\/\/gpdstore.net\/pt-pt\/wp-json\/wp\/v2\/product_tag?post=187838"},{"taxonomy":"woo-feed-brand","embeddable":true,"href":"https:\/\/gpdstore.net\/pt-pt\/wp-json\/wp\/v2\/woo-feed-brand?post=187838"}],"curies":[{"name":"wp","href":"https:\/\/api.w.org\/{rel}","templated":true}]}}