{"id":184836,"date":"2023-03-24T16:14:32","date_gmt":"2023-03-24T16:14:32","guid":{"rendered":"https:\/\/gpdstore.net\/sem%20categoria\/estojo-gpd-win-3-4-hardshell\/"},"modified":"2025-12-23T10:33:24","modified_gmt":"2025-12-23T10:33:24","slug":"gpd-win-3-4-hardshell-case","status":"publish","type":"product","link":"https:\/\/gpdstore.net\/pt-pt\/product\/gpd-win-3-4-hardshell-case\/","title":{"rendered":"Mala GPD WIN 3\/4 Hardshell"},"content":{"rendered":"\n<p>Proteja as suas consolas de jogos GPD WIN 3 e GPD WIN 4 com a nossa capa protetora dur\u00e1vel, leve e elegante. Fabricada com materiais de alta qualidade, esta capa oferece uma prote\u00e7\u00e3o superior contra impactos, riscos e danos externos. Com um forro interior macio e um fecho de correr seguro, \u00e9 o acess\u00f3rio perfeito para a sua consola de jogos para PC.  <\/p>\n","protected":false},"excerpt":{"rendered":"<ul>\n<li>Capa protetora <strong>oficial<\/strong> do GPD para GPD Win 3\/4<\/li>\n<li>Concha exterior de pol\u00edmero sint\u00e9tico <strong>dur\u00e1vel<\/strong> <\/li>\n<li>Forro em tecido macio para <strong>maior prote\u00e7\u00e3o<\/strong>.<\/li>\n<li><strong>Compartimento de rede separado<\/strong> para perif\u00e9ricos.<\/li>\n<li>Design elegante com fecho de correr seguro.<\/li>\n<\/ul>\n[cg_accordion title=\"INFORMA\u00c7\u00d5ES DE PAGAMENTO\"]<\/p>\n<p>Utilizamos a mais recente tecnologia de processamento de pagamentos, que lhe permite efetuar o checkout atrav\u00e9s de Apple Pay, Google Pay, cart\u00e3o de d\u00e9bito\/cr\u00e9dito, PayPal ou m\u00e9todos BNPL, como Klarna, Affirm ou AfterPay, para uma experi\u00eancia r\u00e1pida e segura.[\/cg_accordion]\n[cg_accordion title=\"GARANTIA\"]<\/p>\n<p>2 anos de garantia da <a href=\"https:\/\/droix.net\/\" target=\"_blank\" rel=\"nofollow noopener\">DROIX Global<\/a> para a sua paz de esp\u00edrito[\/cg_accordion]\n[cg_accordion title=\"PRE\u00c7OS, IMPOSTOS E ENVIO\"]<\/p>\n<p><strong><u>Nota:<\/u><\/strong><\/p>\n<ul>\n<li>Clientes dos Estados Unidos: O pre\u00e7o apresentado N\u00c3O inclui TAXAS nem impostos. A responsabilidade pelo desalfandegamento e pelo pagamento de quaisquer impostos\/taxas associadas recai sobre o cliente. <\/li>\n<li>Clientes da UE: O pre\u00e7o apresentado inclui o IMPOSTO aplic\u00e1vel, que pode ir at\u00e9 25% consoante o pa\u00eds.<\/li>\n<li>Clientes do Canad\u00e1: O pre\u00e7o apresentado inclui os impostos aplic\u00e1veis, que podem incluir 5% de GST e impostos adicionais sobre vendas provinciais (PST), imposto sobre vendas harmonizado (HST) ou imposto sobre vendas do Quebec (QST), dependendo da sua prov\u00edncia.<\/li>\n<\/ul>\n<p><strong>APENAS para clientes da UE:<\/strong> Expresso DDP (Delivered Duty Paid). Isto significa que: <\/p>\n<ul>\n<li>Todos os direitos aduaneiros e impostos est\u00e3o inclu\u00eddos no pre\u00e7o apresentado na p\u00e1gina do produto.<\/li>\n<li>N\u00e3o ter\u00e1 de pagar quaisquer encargos adicionais aquando da entrega.<\/li>\n<li>Na rara eventualidade de problemas relacionados com a alf\u00e2ndega, a nossa equipa tratar\u00e1 do processo de desalfandegamento em seu nome para garantir uma experi\u00eancia de entrega sem problemas.<\/li>\n<p>Informa\u00e7\u00f5es importantes sobre as devolu\u00e7\u00f5es:<\/p>\n<li>Se decidir devolver a sua encomenda ou solicitar um reembolso, tenha em aten\u00e7\u00e3o que os impostos e direitos pagos em seu nome ao abrigo das condi\u00e7\u00f5es DDP n\u00e3o podem ser reembolsados.<\/li>\n<p>Consulte os nossos <a href=\"https:\/\/gpdstore.net\/pt-pt\/terms-of-service\/\" target=\"_blank\" rel=\"nofollow noopener\">Termos e Condi\u00e7\u00f5es<\/a> para obter informa\u00e7\u00f5es pormenorizadas.\n<\/ul>\n<p>[\/cg_accordion]\n[cg_accordion title=\"APOIO AO CLIENTE\"]<\/p>\n<p>Tem uma pergunta? Estamos a uma curta mensagem de texto de ter o seu problema resolvido!<br \/>\n[\/cg_accordion]\n[cg_accordion title=\"O QUE EST\u00c1 INCLU\u00cdDO\"]<\/p>\n<ul>\n<li>1x Mala GPD WIN 3\/4<\/li>\n<\/ul>\n<p>[\/cg_accordion]\n","protected":false},"featured_media":184839,"template":"","meta":{"_acf_changed":false},"product_brand":[],"product_cat":[5392],"product_tag":[8306],"woo-feed-brand":[5757],"class_list":{"0":"post-184836","1":"product","2":"type-product","3":"status-publish","4":"has-post-thumbnail","6":"product_cat-acessorios","7":"product_tag-gpd-win-3-accessory-pt-pt","8":"product_shipping_class-low-end","9":"pa_accessory-type-estojo-de-protecao","10":"pa_brand-gpd","11":"woo-feed-brand-gpd-pt-pt","13":"first","14":"outofstock","15":"taxable","16":"shipping-taxable","17":"purchasable","18":"product-type-simple"},"acf":[],"aioseo_notices":[],"_links":{"self":[{"href":"https:\/\/gpdstore.net\/pt-pt\/wp-json\/wp\/v2\/product\/184836","targetHints":{"allow":["GET"]}}],"collection":[{"href":"https:\/\/gpdstore.net\/pt-pt\/wp-json\/wp\/v2\/product"}],"about":[{"href":"https:\/\/gpdstore.net\/pt-pt\/wp-json\/wp\/v2\/types\/product"}],"wp:featuredmedia":[{"embeddable":true,"href":"https:\/\/gpdstore.net\/pt-pt\/wp-json\/wp\/v2\/media\/184839"}],"wp:attachment":[{"href":"https:\/\/gpdstore.net\/pt-pt\/wp-json\/wp\/v2\/media?parent=184836"}],"wp:term":[{"taxonomy":"product_brand","embeddable":true,"href":"https:\/\/gpdstore.net\/pt-pt\/wp-json\/wp\/v2\/product_brand?post=184836"},{"taxonomy":"product_cat","embeddable":true,"href":"https:\/\/gpdstore.net\/pt-pt\/wp-json\/wp\/v2\/product_cat?post=184836"},{"taxonomy":"product_tag","embeddable":true,"href":"https:\/\/gpdstore.net\/pt-pt\/wp-json\/wp\/v2\/product_tag?post=184836"},{"taxonomy":"woo-feed-brand","embeddable":true,"href":"https:\/\/gpdstore.net\/pt-pt\/wp-json\/wp\/v2\/woo-feed-brand?post=184836"}],"curies":[{"name":"wp","href":"https:\/\/api.w.org\/{rel}","templated":true}]}}