{"id":178406,"date":"2023-11-17T17:45:40","date_gmt":"2023-11-17T17:45:40","guid":{"rendered":"https:\/\/gpdstore.net\/sem%20categoria\/gpd-win-mini-pc-de-mao-para-jogos\/"},"modified":"2025-12-19T16:28:39","modified_gmt":"2025-12-19T16:28:39","slug":"gpd-win-mini","status":"publish","type":"product","link":"https:\/\/gpdstore.net\/pt-pt\/product\/gpd-win-mini\/","title":{"rendered":"GPD WIN Mini Gaming Handheld PC"},"content":{"rendered":"\n<figure class=\"wp-block-video\"><video controls=\"\" src=\"https:\/\/gpdstore.net\/wp-content\/uploads\/\"><\/video><\/figure>\n\n<div class=\"wp-block-columns is-layout-flex wp-container-core-columns-is-layout-28f84493 wp-block-columns-is-layout-flex\">\n<div class=\"wp-block-column is-layout-flow wp-block-column-is-layout-flow\" style=\"flex-basis:33.33%\">\n<figure class=\"wp-block-image size-full\"><img fetchpriority=\"high\" decoding=\"async\" width=\"640\" height=\"640\" src=\"https:\/\/gpdstore.net\/wp-content\/uploads\/2024\/03\/4ebac7a0-58e9-47ef-a036-783efd2a5e00._CR00640640_.jpg\" alt=\"gpd win mini 2024\" class=\"wp-image-1650\" srcset=\"https:\/\/gpdstore.net\/wp-content\/uploads\/2024\/03\/4ebac7a0-58e9-47ef-a036-783efd2a5e00._CR00640640_.jpg 640w, https:\/\/gpdstore.net\/wp-content\/uploads\/2024\/03\/4ebac7a0-58e9-47ef-a036-783efd2a5e00._CR00640640_-600x600.jpg 600w, https:\/\/gpdstore.net\/wp-content\/uploads\/2024\/03\/4ebac7a0-58e9-47ef-a036-783efd2a5e00._CR00640640_-150x150.jpg 150w, https:\/\/gpdstore.net\/wp-content\/uploads\/2024\/03\/4ebac7a0-58e9-47ef-a036-783efd2a5e00._CR00640640_-441x441.jpg 441w, https:\/\/gpdstore.net\/wp-content\/uploads\/2024\/03\/4ebac7a0-58e9-47ef-a036-783efd2a5e00._CR00640640_-100x100.jpg 100w\" sizes=\"(max-width: 640px) 100vw, 640px\" \/><\/figure>\n<\/div>\n\n\n\n<div class=\"wp-block-column is-layout-flow wp-block-column-is-layout-flow\" style=\"flex-basis:66.66%\">\n<h2 class=\"wp-block-heading\"><strong>GPD WIN Mini (2023 Edition) &#8211; AMD Ryzen 7 7840U Handheld Gaming PC | 7&#8243; 120Hz LTPS Screen | 32GB\/64GB LPDDR5 | OcuLink SGLM Support &#8211; Best Value UMPC<\/strong><\/h2>\n\n\n\n<p>Why pay 2025 flagship prices? The GPD WIN Mini (2023 Edition) remains the ultimate &#8220;Silicon Sweet Spot.&#8221; Powered by the legendary AMD Ryzen 7 7840U, it delivers the perfect balance of Zen 4 power and portability for gamers who demand elite performance without the &#8220;Strix Point&#8221; premium. This Mobile Gaming PC redefines on-the-go gaming by seamlessly integrating the raw power of top-tier hardware into a form factor that comfortably nestles in the palm of your hand. Brace yourself for unparalleled gaming adventures with the GPD WIN Mini, your portal to gaming excellence in a compact, lightweight, and formidable package.<\/p>\n<\/div>\n<\/div>\n\n<h2 class=\"wp-block-heading has-text-align-center\">A precis\u00e3o combina com a portabilidade: Os controlos avan\u00e7ados e o design em forma de concha do GPD WIN Mini<\/h2>\n\n<div class=\"wp-block-columns is-layout-flex wp-container-core-columns-is-layout-28f84493 wp-block-columns-is-layout-flex\">\n<div class=\"wp-block-column is-layout-flow wp-block-column-is-layout-flow\">\n<figure class=\"wp-block-image size-full\"><img decoding=\"async\" width=\"300\" height=\"300\" src=\"https:\/\/gpdstore.net\/wp-content\/uploads\/2024\/03\/cc2489ee-271a-4803-836e-eb3326d46fd8.__CR1310638638_PT0_SX300_V1___-1.png\" alt=\"GPD Win Mini Joysticks\" class=\"wp-image-1652\" srcset=\"https:\/\/gpdstore.net\/wp-content\/uploads\/2024\/03\/cc2489ee-271a-4803-836e-eb3326d46fd8.__CR1310638638_PT0_SX300_V1___-1.png 300w, https:\/\/gpdstore.net\/wp-content\/uploads\/2024\/03\/cc2489ee-271a-4803-836e-eb3326d46fd8.__CR1310638638_PT0_SX300_V1___-1-150x150.png 150w, https:\/\/gpdstore.net\/wp-content\/uploads\/2024\/03\/cc2489ee-271a-4803-836e-eb3326d46fd8.__CR1310638638_PT0_SX300_V1___-1-100x100.png 100w\" sizes=\"(max-width: 300px) 100vw, 300px\" \/><\/figure>\n\n\n\n<h3 class=\"wp-block-heading\"><strong><strong>Zero Zonas Mortas:<\/strong> Consegue 37,5% de precis\u00e3o melhorada com mini joysticks de efeito Hall.<\/strong><\/h3>\n\n\n\n<p>Os mini joysticks de efeito Hall incorporados adoptam um design afundado com suporte de press\u00e3o para baixo para L3 e R3, e s\u00e3o infinitamente ajust\u00e1veis e super-lineares. Ap\u00f3s a calibra\u00e7\u00e3o, os joysticks de efeito Hall melhoraram a precis\u00e3o de retorno e a precis\u00e3o da divis\u00e3o de tens\u00e3o em 37,5% e 25%, respetivamente, em compara\u00e7\u00e3o com os joysticks normais, eliminando quase completamente a possibilidade de ocorr\u00eancia de zonas mortas no ponto central. <\/p>\n<\/div>\n\n\n\n<div class=\"wp-block-column is-layout-flow wp-block-column-is-layout-flow\">\n<figure class=\"wp-block-image size-full\"><img decoding=\"async\" src=\"https:\/\/gpdstore.net\/wp-content\/uploads\/\" alt=\"GPD Win Mini L2 R2\" class=\"wp-image-1654\"\/><\/figure>\n\n\n\n<h3 class=\"wp-block-heading\"><strong><strong>Realismo imersivo:<\/strong> Simula\u00e7\u00e3o de disparos e acelera\u00e7\u00e3o com accionadores anal\u00f3gicos lineares L2\/R2.<\/strong><\/h3>\n\n\n\n<p>Em compara\u00e7\u00e3o com o WIN 2, os gatilhos L2 \/ R2 do WIN Mini foram alterados para bot\u00f5es de gatilho anal\u00f3gicos lineares, simulando com precis\u00e3o a resposta do bot\u00e3o sob diferentes intensidades e permitindo disparos precisos, acelera\u00e7\u00e3o e outras opera\u00e7\u00f5es. Isto proporciona uma experi\u00eancia mais realista das mudan\u00e7as din\u00e2micas nos jogos, uma utiliza\u00e7\u00e3o confort\u00e1vel do comando e uma maior imers\u00e3o e jogabilidade nos jogos. <\/p>\n<\/div>\n\n\n\n<div class=\"wp-block-column is-layout-flow wp-block-column-is-layout-flow\">\n<figure class=\"wp-block-image size-full\"><img decoding=\"async\" width=\"300\" height=\"300\" src=\"https:\/\/gpdstore.net\/wp-content\/uploads\/2024\/05\/81bbfc87-3418-4c8a-90fa-bd4c521a3eba.__CR1710559559_PT0_SX300_V1___-1.png\" alt=\"GPD WIN Mini SSD\" class=\"wp-image-1655\" srcset=\"https:\/\/gpdstore.net\/wp-content\/uploads\/2024\/05\/81bbfc87-3418-4c8a-90fa-bd4c521a3eba.__CR1710559559_PT0_SX300_V1___-1.png 300w, https:\/\/gpdstore.net\/wp-content\/uploads\/2024\/05\/81bbfc87-3418-4c8a-90fa-bd4c521a3eba.__CR1710559559_PT0_SX300_V1___-1-150x150.png 150w, https:\/\/gpdstore.net\/wp-content\/uploads\/2024\/05\/81bbfc87-3418-4c8a-90fa-bd4c521a3eba.__CR1710559559_PT0_SX300_V1___-1-65x65.png 65w, https:\/\/gpdstore.net\/wp-content\/uploads\/2024\/05\/81bbfc87-3418-4c8a-90fa-bd4c521a3eba.__CR1710559559_PT0_SX300_V1___-1-100x100.png 100w\" sizes=\"(max-width: 300px) 100vw, 300px\" \/><\/figure>\n\n\n\n<h3 class=\"wp-block-heading\"><strong><strong>Atraso zero: Elimina os tempos de carregamento com at\u00e9 4TB de armazenamento SSD PCIe 4.0.<\/strong><\/strong><\/h3>\n\n\n\n<p>O AMD Ryzen 7 7840U suporta a especifica\u00e7\u00e3o PCIe Gen4 com uma taxa de transfer\u00eancia m\u00e1xima te\u00f3rica de at\u00e9 7.877GB\/s. A configura\u00e7\u00e3o oficial inclui um WD SN740 M.2 2230 de 512GB a 2TB SSD (PCIe Gen4), com uma velocidade de leitura e escrita sequencial medida de at\u00e9 5150MB\/s, e \u00e9 expans\u00edvel sem limites.  <br\/><\/p>\n<\/div>\n<\/div>\n\n<h2 class=\"wp-block-heading has-text-align-center\">Liberta todo o potencial: Conectividade, personaliza\u00e7\u00e3o e ecossistema<\/h2>\n\n<div class=\"wp-block-columns is-layout-flex wp-container-core-columns-is-layout-28f84493 wp-block-columns-is-layout-flex\">\n<div class=\"wp-block-column is-layout-flow wp-block-column-is-layout-flow\" style=\"flex-basis:33.33%\">\n<figure class=\"wp-block-image size-full\"><img loading=\"lazy\" decoding=\"async\" width=\"300\" height=\"300\" src=\"https:\/\/gpdstore.net\/wp-content\/uploads\/2024\/03\/49ca9adf-2d79-4de3-8125-bfa7036712ac.__CR00742742_PT0_SX300_V1___.png\" alt=\"65W\" class=\"wp-image-1656\" srcset=\"https:\/\/gpdstore.net\/wp-content\/uploads\/2024\/03\/49ca9adf-2d79-4de3-8125-bfa7036712ac.__CR00742742_PT0_SX300_V1___.png 300w, https:\/\/gpdstore.net\/wp-content\/uploads\/2024\/03\/49ca9adf-2d79-4de3-8125-bfa7036712ac.__CR00742742_PT0_SX300_V1___-150x150.png 150w, https:\/\/gpdstore.net\/wp-content\/uploads\/2024\/03\/49ca9adf-2d79-4de3-8125-bfa7036712ac.__CR00742742_PT0_SX300_V1___-65x65.png 65w, https:\/\/gpdstore.net\/wp-content\/uploads\/2024\/03\/49ca9adf-2d79-4de3-8125-bfa7036712ac.__CR00742742_PT0_SX300_V1___-100x100.png 100w\" sizes=\"(max-width: 300px) 100vw, 300px\" \/><\/figure>\n<\/div>\n\n\n\n<div class=\"wp-block-column is-layout-flow wp-block-column-is-layout-flow\" style=\"flex-basis:66.66%\">\n<h3 class=\"wp-block-heading\"><br\/><br\/>Porta tipo C com todas as funcionalidades<\/h3>\n\n\n\n<p>Quando a porta USB4 \u00e9 utilizada, o WIN Mini continua a poder carregar e transferir \u00e1udio, v\u00eddeo e dados atrav\u00e9s desta porta Type-C completa com uma largura de banda de 10 Gbps (USB 3.2 Gen 2) e suporte para um ecr\u00e3 externo de 8K@60Hz.<\/p>\n<\/div>\n<\/div>\n\n<h2 class=\"wp-block-heading\"><strong>Liberta uma capacidade de processamento inigual\u00e1vel: Domina o AMD Ryzen<\/strong><\/h2>\n\n<p>Zen 4 Performance: The Legendary 7840U &#8220;Phoenix&#8221;<\/p>\n\n<p>The Emulation King: Native AVX-512 support makes the 7840U faster than many newer chips for PS3 (RPCS3) and Xbox 360 (Xenia) emulation.<\/p>\n\n<p>Radeon 780M + AFMF 2: Boost your frame rates in AAA titles like <em>Cyberpunk 2077<\/em> using the latest AMD Fluid Motion Frames software.<\/p>\n\n<p>64GB LPDDR5 Power: One of the few ultra-portables offering massive RAM configurations for heavy multitasking and virtualization.<\/p>\n\n<p>This Portable Gaming PC fearlessly tackles the most demanding gaming titles and resource-intensive applications, showcasing unparalleled prowess. Immerse yourself in seamless multitasking, accelerated load times, and ultra-smooth gameplay as you traverse the expansive gaming universe on the go.<\/p>\n\n<p>The AMD Ryzen 7 7840U remains a fan favorite in 2025 for its incredible efficiency-to-power ratio.<\/p>\n\n<h2 class=\"wp-block-heading\"><strong>Eleva os visuais para al\u00e9m da realidade: Gr\u00e1ficos AMD Radeon<\/strong><\/h2>\n\n<p>Desfrute de imagens de jogos que transcendem a realidade, cortesia dos gr\u00e1ficos AMD Radeon alojados no GPD WIN Mini. A <g id=\"gid_0\">AMD Radeon 780M<\/g> (modelo 7840U), com 12 unidades de computa\u00e7\u00e3o e velocidades de rel\u00f3gio at\u00e9 2700 MHz, ou a AMD Radeon 760M (modelo 7640U), com 8 unidades de computa\u00e7\u00e3o e velocidades de rel\u00f3gio at\u00e9 2600 MHz, proporcionam gr\u00e1ficos realistas de cortar a respira\u00e7\u00e3o e velocidades de fotogramas ultra-responsivas. Mergulhe em paisagens exuberantes, ambientes realistas e a\u00e7\u00e3o explosiva, tudo apresentado na tela do tamanho da palma da m\u00e3o desta maravilha dos jogos port\u00e1teis.  <\/p>\n\n<h2 class=\"wp-block-heading\"><strong>Mem\u00f3ria e armazenamento inabal\u00e1veis: Desempenho poderoso<\/strong><\/h2>\n\n<p>Recuse-se a fazer ced\u00eancias no que diz respeito \u00e0 mem\u00f3ria e ao armazenamento. O GPD WIN Mini apresenta duas op\u00e7\u00f5es de RAM: uns impressionantes 64 GB <a href=\"https:\/\/en.wikipedia.org\/wiki\/LPDDR\">LPDDR5<\/a> 6400 MT\/s com o modelo 7840U, ou uns robustos 16 GB LPDDR5 6400 MT\/s com o modelo 7640U. Garantindo que est\u00e1 equipado para lidar sem problemas com os cen\u00e1rios multitarefa mais intensivos. Com op\u00e7\u00f5es de armazenamento at\u00e9 uns colossais 2TB PCIe 4.0 x 4 NVMe 1.3\/1.4, desfrute de um amplo espa\u00e7o para a sua extensa biblioteca de jogos, ficheiros multim\u00e9dia e muito mais. N\u00e3o h\u00e1 mais compromissos, apenas pot\u00eancia pura na ponta dos dedos.    <\/p>\n\n<h2 class=\"wp-block-heading\"><strong>Dom\u00ednio Visual Elevado: Revela o ecr\u00e3 para jogos de 7 polegadas com 120 Hz de alta taxa de atualiza\u00e7\u00e3o<\/strong><\/h2>\n\n<p>Mergulhe num reino de perfei\u00e7\u00e3o visual com o revolucion\u00e1rio ecr\u00e3 de 7 polegadas para jogos, uma sinfonia de tecnologia LTPS e uma taxa de atualiza\u00e7\u00e3o elevada de 120 Hz de cortar a respira\u00e7\u00e3o. Envolvido na sexta gera\u00e7\u00e3o da Corning Gorilla Glass, este ecr\u00e3 cativa com tempos de resposta mais baixos, enquanto o revestimento antirreflexo AF+AR orquestra um ecr\u00e3 sem reflexos, conduzindo a um brilho radiante de 500 nits. Uma resolu\u00e7\u00e3o de 1080P pinta meticulosamente cada pixel, enquanto a op\u00e7\u00e3o de alternar entre taxas de atualiza\u00e7\u00e3o de 60Hz e 120Hz esculpe a sua experi\u00eancia visual. A 314PPI, a nitidez e a imers\u00e3o convergem, e a inova\u00e7\u00e3o n\u00e3o p\u00e1ra &#8211; o escurecimento DC garante uma indulg\u00eancia sem cintila\u00e7\u00e3o nas maravilhas do mundo dos jogos.   <\/p>\n\n<h2 class=\"wp-block-heading\"><strong>Carrega o teu GPD WIN Mini com a esta\u00e7\u00e3o de ancoragem GPD G1 eGPU<\/strong><\/h2>\n\n<p>A esta\u00e7\u00e3o de ancoragem GPD G1 eGPU com placa gr\u00e1fica redefine o desempenho dos jogos com a sua GPU AMD Radeon RX 7600M XT com arquitetura RDNA 3.0, proporcionando visuais deslumbrantes e uma jogabilidade suave. Com 8 GB de RAM GDDR6, a multitarefa torna-se perfeita e os tempos de carregamento extremamente r\u00e1pidos elevam a sua experi\u00eancia de jogo. A compatibilidade com <g id=\"gid_0\">OCuLink<\/g> e USB 4 garante uma conetividade vers\u00e1til entre dispositivos, incluindo o GPD WIN Mini, enquanto as m\u00faltiplas portas gr\u00e1ficas e de v\u00eddeo permitem a liga\u00e7\u00e3o a tr\u00eas ecr\u00e3s externos para uma configura\u00e7\u00e3o envolvente. O sistema de arrefecimento ativo da GPD G1 mant\u00e9m o desempenho ideal durante sess\u00f5es intensas.   <\/p>\n\n<h2 class=\"wp-block-heading\"><strong>Controlos de jogos: Uma revolu\u00e7\u00e3o na precis\u00e3o<\/strong><\/h2>\n\n<p>O GPD WIN Mini leva os controlos dos jogos para o n\u00edvel seguinte. Os Joysticks duplos de efeito Hall proporcionam uma entrada precisa e reactiva, enquanto o design Infinito e Ultra-Linear elimina as zonas mortas, assegurando que cada movimento conta. A funcionalidade L3\/R3, quando premida, proporciona uma camada extra de controlo. Os bot\u00f5es Linear Analog Trigger L2 e R2 oferecem uma sensibilidade inigual\u00e1vel, permitindo-lhe afinar as suas ac\u00e7\u00f5es. A adi\u00e7\u00e3o de bot\u00f5es macro program\u00e1veis, D-pad cl\u00e1ssico e bot\u00f5es de menu permite-lhe personalizar a sua experi\u00eancia de jogo at\u00e9 ao mais \u00ednfimo pormenor.    <\/p>\n\n<h2 class=\"wp-block-heading\"><strong>Experi\u00eancia de entrada elevada: Teclado e Touchpad de excel\u00eancia<\/strong><\/h2>\n\n<p>Com um teclado QWERTY completo com teclas de tesoura e um design retroiluminado, o computador port\u00e1til para jogos GPD WIN Mini transcende o mero jogo. Transforma-se numa pot\u00eancia de produtividade em movimento, permitindo-lhe alternar sem problemas entre trabalho e divers\u00e3o. O touchpad de precis\u00e3o, com suporte para gestos com at\u00e9 4 dedos, introduz um novo n\u00edvel de controlo, quer esteja a navegar em menus ou a editar documentos. Este PC Port\u00e1til para Jogos n\u00e3o se destina apenas a jogos; destina-se a melhorar toda a sua experi\u00eancia de computa\u00e7\u00e3o port\u00e1til.   <\/p>\n\n<h2 class=\"wp-block-heading\"><strong>Audiovisuais imersivos: Efeitos sonoros DTS:X Ultra<\/strong><\/h2>\n\n<p>Prepare-se para uma experi\u00eancia audiovisual imersiva que desafia as expectativas. O GPD WIN Mini possui dois altifalantes hiper-lineares incorporados, complementados pelos <a href=\"DTS:X%20Ultra%20Sound%20Effects\">efeitos de som DTS:X Ultra<\/a>. Estes efeitos simulam a experi\u00eancia de \u00e1udio de uma configura\u00e7\u00e3o f\u00edsica de 7.1 canais, envolvendo-o em cada som, quer seja o farfalhar das folhas ou o rugido explosivo de um tiroteio. Com suporte para auscultadores e colunas, \u00e9 garantida uma aventura auditiva que combina com o espet\u00e1culo visual.   <\/p>\n\n<h2 class=\"wp-block-heading\"><strong>Conectividade para al\u00e9m dos limites: Wi-Fi 6 e Bluetooth 5.2<\/strong><\/h2>\n\n<p>Mantenha-se ligado, independentemente de onde a sua viagem de jogo o levar. O GPD WIN Mini suporta Wi-Fi 6 IEEE 802.11 a\/b\/g\/n\/ac\/ax com suporte de banda de frequ\u00eancia dupla 2.4G\/5G e uma taxa de transmiss\u00e3o m\u00e1xima de canal duplo de 2402Mbps. Isto garante jogos online sem problemas, transfer\u00eancias r\u00e1pidas e transmiss\u00e3o cont\u00ednua. Com o Bluetooth 5.2, pode ligar facilmente perif\u00e9ricos, auscultadores e muito mais, tornando este PC para jogos compacto no seu derradeiro centro de jogos m\u00f3vel.   <\/p>\n\n<h2 class=\"wp-block-heading\"><strong>Interfaces de E\/S vers\u00e1teis: USB4 e USB 3.2 Gen 2 Type-C<\/strong><\/h2>\n\n<p>O GPD WIN Mini est\u00e1 equipado com uma gama diversificada de interfaces de E\/S, incluindo uma porta USB4 extremamente r\u00e1pida com velocidades at\u00e9 40 Gbps. Al\u00e9m disso, a porta USB 3.2 Gen 2 Type-C oferece velocidades at\u00e9 10 Gbps, assegurando transfer\u00eancias de dados extremamente r\u00e1pidas e uma conetividade perif\u00e9rica sem problemas. A inclus\u00e3o da porta OCuLink (SFF-8612) acrescenta ainda mais versatilidade a este computador port\u00e1til para jogos, tornando-o num hub para todas as suas necessidades de conetividade.  <\/p>\n\n<h2 class=\"wp-block-heading\"><strong>Armazenamento expans\u00edvel: ranhura microSD para maior comodidade<\/strong><\/h2>\n\n<p>O GPD WIN Mini n\u00e3o se fica pelo amplo armazenamento interno. Inclui uma ranhura microSD com protocolo SD 3.0, suportando a interface de barramento UHS-I, a classe de velocidade de v\u00eddeo V30 e um desempenho de E\/S impressionante. Com uma velocidade de leitura te\u00f3rica de 160 MB\/s e uma velocidade de escrita de 120MB\/s, expande sem esfor\u00e7o o seu armazenamento em movimento. Compat\u00edvel com cart\u00f5es microSDHC, microSDXC e microSDUC, desfrute da flexibilidade de transportar facilmente os seus suportes, documentos e ficheiros.   <\/p>\n\n<h2 class=\"wp-block-heading\"><strong>Sess\u00f5es de jogo prolongadas: Bateria de longa dura\u00e7\u00e3o<\/strong><\/h2>\n\n<p>Jogue durante longos per\u00edodos de tempo sem a preocupa\u00e7\u00e3o de ficar sem bateria. O GPD WIN Mini est\u00e1 equipado com uma bateria de pol\u00edmero de l\u00edtio de 44,24 Wh que se adapta \u00e0 sua utiliza\u00e7\u00e3o. Quer esteja envolvido em sess\u00f5es de jogo intensas ou precise de realizar tarefas de trabalho, a dura\u00e7\u00e3o da bateria n\u00e3o o vai desiludir. Experimente at\u00e9 3 horas de utiliza\u00e7\u00e3o intensa, 6-8 horas de utiliza\u00e7\u00e3o moderada ou umas impressionantes 14 horas de utiliza\u00e7\u00e3o ligeira, dependendo do seu cen\u00e1rio de utiliza\u00e7\u00e3o espec\u00edfico.   <\/p>\n\n<h2 class=\"wp-block-heading\"><strong>Criado para a eleg\u00e2ncia: Design de concha em tom de ferrugem<\/strong><\/h2>\n\n<p>O GPD WIN Mini n\u00e3o \u00e9 apenas uma pot\u00eancia em termos de desempenho; \u00e9 uma obra-prima em termos de design. O design em forma de concha com cor de ferrugem, fabricado em liga de alum\u00ednio de primeira qualidade, n\u00e3o s\u00f3 exala eleg\u00e2ncia como tamb\u00e9m garante durabilidade. O formato compacto de 6,6 x 4,2 x 1,02 polegadas (16,8\u00d710,9\u00d72,6 cm) e um peso de apenas 520 g tornam-no f\u00e1cil de colocar na mala ou no bolso, garantindo que a excel\u00eancia dos jogos est\u00e1 sempre ao seu alcance.  <\/p>\n\n<h2 class=\"wp-block-heading\"><strong>Porque deves escolher o GPD WIN Mini<\/strong><\/h2>\n\n<p>Em conclus\u00e3o, o GPD WIN Mini Portable Gaming PC n\u00e3o \u00e9 apenas um dispositivo de jogos; \u00e9 uma pot\u00eancia port\u00e1til que garante um desempenho sem compromissos, uma versatilidade excecional e uma experi\u00eancia de jogo envolvente que ultrapassa as expectativas. Com hardware de topo, design cuidado e um formato que redefine a portabilidade, este PC compacto para jogos \u00e9 a sua porta de entrada para a grandeza dos jogos em movimento. Eleve o seu estilo de vida de jogo com o GPD WIN Mini e embarque numa viagem que esbate as linhas entre a realidade e os mundos virtuais.  <\/p>\n\n<h3 class=\"wp-block-heading\"><strong>Order Your GPD WIN Mini \u2013 In Stock &amp; Ready to Ship<\/strong><\/h3>\n\n<p>Secure the best-value ultra-portable on the market. Get flagship power without the flagship price tag.<\/p>\n\n<ul class=\"wp-block-list\">\n<li>Authentic GPD Product: Guaranteed genuine Zen 4 hardware.<\/li>\n\n\n\n<li>12-Month Official Warranty: Full support for your high-performance investment.<\/li>\n\n\n\n<li>Global Express Shipping: Tracked and insured delivery to your door.<\/li>\n<\/ul>\n\n<p>Explora a nossa an\u00e1lise completa do GPD WIN Mini <a href=\"https:\/\/droix.net\/blogs\/gpd-win-mini-review\/\">aqui<\/a>. Interessado na esta\u00e7\u00e3o de ancoragem GPD G1 eGPU para melhorar o teu desempenho nos jogos? Mergulha na nossa an\u00e1lise detalhada da esta\u00e7\u00e3o de ancoragem GPD G1 eGPU <a href=\"https:\/\/droix.net\/blogs\/gpd-g1-egpu-docking-station-review\/\">aqui<\/a>.<\/p>\n","protected":false},"excerpt":{"rendered":"<ul>\n<li>CPU: AMD Ryzen 5 \/ 7<strong> 7640U \/ 7840U <\/strong> <\/li>\n<li>GPU: AMD Radeon<strong> 760M \/ 780M<\/strong><\/li>\n<li>RAM: at\u00e9<strong> 64GB LPDDR5 @ 6400 MT\/s<\/strong><\/li>\n<li>ARMAZENAMENTO: at\u00e9<strong> 2TB<\/strong> <strong>Gen 4<\/strong> PCI-E NVMe SSD<\/li>\n<li>CONECTIVIDADE: Suporta Wi-Fi<strong> 6<\/strong> e Bluetooth <strong>5.2<\/strong> <\/li>\n<\/ul>\n[cg_accordion title=\"INFORMA\u00c7\u00d5ES DE PAGAMENTO\"]<\/p>\n<p>Utilizamos a mais recente tecnologia em processamento de pagamentos, o que lhe permite efetuar o checkout atrav\u00e9s do seu cart\u00e3o de d\u00e9bito\/cr\u00e9dito ou PayPal para uma experi\u00eancia r\u00e1pida e segura.[\/cg_accordion]\n[cg_accordion title=\"GARANTIA\"]<\/p>\n<p>2 anos de garantia da <a href=\"https:\/\/droix.net\/\" target=\"_blank\" rel=\"nofollow noopener\">DROIX Global<\/a> para a sua paz de esp\u00edrito[\/cg_accordion]\n[cg_accordion title=\"GARANTIA DE QUALIDADE E ENSAIOS PR\u00c9-EXPEDI\u00c7\u00c3O\"]<\/p>\n<p>Garante a satisfa\u00e7\u00e3o do cliente ao mais alto n\u00edvel: Todos os dispositivos s\u00e3o submetidos a testes rigorosos e a uma verifica\u00e7\u00e3o de garantia de qualidade multiponto antes de serem enviados. A nossa equipa dedicada verifica o desempenho, a funcionalidade e a integridade dos componentes para garantir que o teu dispositivo GPD est\u00e1 em perfeitas condi\u00e7\u00f5es de funcionamento \u00e0 chegada, proporcionando-te confian\u00e7a e paz de esp\u00edrito. [\/cg_accordion]\n[cg_accordion title=\"PRE\u00c7OS, IMPOSTOS E ENVIO\"]<\/p>\n<p><strong><u>Nota:<\/u><\/strong><\/p>\n<ul>\n<li>Clientes dos Estados Unidos: O pre\u00e7o apresentado N\u00c3O inclui TAXAS nem impostos. A responsabilidade pelo desalfandegamento e pelo pagamento de quaisquer impostos\/taxas associadas recai sobre o cliente. <\/li>\n<li>Clientes da UE: O pre\u00e7o apresentado inclui o IMPOSTO aplic\u00e1vel, que pode ir at\u00e9 25% consoante o pa\u00eds.<\/li>\n<li>Clientes do Canad\u00e1: O pre\u00e7o apresentado inclui os impostos aplic\u00e1veis, que podem incluir 5% de GST e impostos adicionais sobre vendas provinciais (PST), imposto sobre vendas harmonizado (HST) ou imposto sobre vendas do Quebec (QST), dependendo da sua prov\u00edncia.<\/li>\n<\/ul>\n<p><strong>APENAS para clientes da UE:<\/strong> Expresso DDP (Delivered Duty Paid). Isto significa que: <\/p>\n<ul>\n<li>Todos os direitos aduaneiros e impostos est\u00e3o inclu\u00eddos no pre\u00e7o apresentado na p\u00e1gina do produto.<\/li>\n<li>N\u00e3o ter\u00e1 de pagar quaisquer encargos adicionais aquando da entrega.<\/li>\n<li>Na rara eventualidade de problemas relacionados com a alf\u00e2ndega, a nossa equipa tratar\u00e1 do processo de desalfandegamento em seu nome para garantir uma experi\u00eancia de entrega sem problemas.<\/li>\n<p>Informa\u00e7\u00f5es importantes sobre as devolu\u00e7\u00f5es:<\/p>\n<li>Se decidir devolver a sua encomenda ou solicitar um reembolso, tenha em aten\u00e7\u00e3o que os impostos e direitos pagos em seu nome ao abrigo das condi\u00e7\u00f5es DDP n\u00e3o podem ser reembolsados.<\/li>\n<p>Consulte os nossos <a href=\"https:\/\/droix.net\/terms-and-conditions\/\" target=\"_blank\" rel=\"nofollow noopener\">Termos e Condi\u00e7\u00f5es<\/a> para obter informa\u00e7\u00f5es pormenorizadas.\n<\/ul>\n<p>[\/cg_accordion]\n[cg_accordion title=\"APOIO AO CLIENTE\"]<\/p>\n<p>Tem uma pergunta? Estamos a uma curta mensagem de texto de ter o seu problema resolvido! <\/p>\n<p>Consulte os nossos <a href=\"https:\/\/gpdstore.net\/pt-pt\/terms-of-service\/\" target=\"_blank\" rel=\"nofollow noopener\">Termos e Condi\u00e7\u00f5es<\/a> para obter informa\u00e7\u00f5es pormenorizadas.\n<\/ul>\n<p>[\/cg_accordion]\n[cg_accordion title=\"O QUE EST\u00c1 INCLU\u00cdDO\"]<\/p>\n<ul>\n<li>1x GPD WIN Mini<\/li>\n<li>1x Cabo USB-C<\/li>\n<li>1x Ficha de alimenta\u00e7\u00e3o<\/li>\n<li>1x Al\u00e7a de transporte<\/li>\n<li>1x Conversor USB C &gt; A<\/li>\n<li>1x Guia do utilizador<\/li>\n<\/ul>\n<p>[\/cg_accordion]\n","protected":false},"featured_media":178999,"template":"","meta":{"_acf_changed":false},"product_brand":[],"product_cat":[5901],"product_tag":[16890,8212],"woo-feed-brand":[5757],"class_list":{"0":"post-178406","1":"product","2":"type-product","3":"status-publish","4":"has-post-thumbnail","6":"product_cat-gpd-handheld-pc-para-jogos-2","7":"product_tag-13xmsale-pt-pt","8":"product_tag-gpd-win-mini-pt-pt","9":"product_shipping_class-premium","10":"pa_bluetooth-5-2-pt-pt","11":"pa_brand-gpd","12":"pa_graphics-gpu-model-graficos-intel-iris-xe-pt-pt","13":"pa_graphics-gpu-model-radeon-760m-pt-pt","14":"pa_i-o-video-1x-oculink-pt-pt","15":"pa_i-o-video-via-1x-usb-4-0-type-c-40gb-s-pt-pt","16":"pa_i-o-video-via-1x-usb-3-2-gen-2-type-c-pt-pt","17":"pa_memory-ram-capacity-16-gb-pt-pt-2","18":"pa_memory-ram-capacity-32-gb-pt-pt","19":"pa_memory-ram-capacity-64-gb-pt-pt","20":"pa_memory-ram-technology-lpddr5-pt-pt","21":"pa_processor-cpu-model-amd-ryzen-5-7640u","22":"pa_processor-cpu-model-amd-ryzen-7-7840u","23":"pa_storage-capacity-1tb-pt-pt-2","24":"pa_storage-capacity-4tb-pt-pt","25":"pa_storage-capacity-512-gb-pt-pt","26":"pa_storage-technology-pcie-gen-4-pt-pt","27":"pa_wi-fi-wi-fi-6-pt-pt","28":"woo-feed-brand-gpd-pt-pt","30":"first","31":"outofstock","32":"sale","33":"taxable","34":"shipping-taxable","35":"purchasable","36":"product-type-variable","37":"has-default-attributes"},"acf":[],"aioseo_notices":[],"_links":{"self":[{"href":"https:\/\/gpdstore.net\/pt-pt\/wp-json\/wp\/v2\/product\/178406","targetHints":{"allow":["GET"]}}],"collection":[{"href":"https:\/\/gpdstore.net\/pt-pt\/wp-json\/wp\/v2\/product"}],"about":[{"href":"https:\/\/gpdstore.net\/pt-pt\/wp-json\/wp\/v2\/types\/product"}],"wp:featuredmedia":[{"embeddable":true,"href":"https:\/\/gpdstore.net\/pt-pt\/wp-json\/wp\/v2\/media\/178999"}],"wp:attachment":[{"href":"https:\/\/gpdstore.net\/pt-pt\/wp-json\/wp\/v2\/media?parent=178406"}],"wp:term":[{"taxonomy":"product_brand","embeddable":true,"href":"https:\/\/gpdstore.net\/pt-pt\/wp-json\/wp\/v2\/product_brand?post=178406"},{"taxonomy":"product_cat","embeddable":true,"href":"https:\/\/gpdstore.net\/pt-pt\/wp-json\/wp\/v2\/product_cat?post=178406"},{"taxonomy":"product_tag","embeddable":true,"href":"https:\/\/gpdstore.net\/pt-pt\/wp-json\/wp\/v2\/product_tag?post=178406"},{"taxonomy":"woo-feed-brand","embeddable":true,"href":"https:\/\/gpdstore.net\/pt-pt\/wp-json\/wp\/v2\/woo-feed-brand?post=178406"}],"curies":[{"name":"wp","href":"https:\/\/api.w.org\/{rel}","templated":true}]}}