{"id":172331,"date":"2023-11-17T16:30:05","date_gmt":"2023-11-17T16:30:05","guid":{"rendered":"https:\/\/gpdstore.net\/sem%20categoria\/pc-portatil-para-jogos-gpd-win-max-2-2023\/"},"modified":"2025-12-19T16:33:21","modified_gmt":"2025-12-19T16:33:21","slug":"gpd-win-max-2-2023","status":"publish","type":"product","link":"https:\/\/gpdstore.net\/pt-pt\/product\/gpd-win-max-2-2023\/","title":{"rendered":"GPD WIN MAX 2 2023 PC de m\u00e3o para jogos"},"content":{"rendered":"\n<figure class=\"wp-block-video\"><video controls=\"\" muted=\"\" poster=\"https:\/\/gpdstore.net\/wp-content\/uploads\/2024\/03\/q2hzxpbiybborpwbpolh-ezgif.com-webp-to-png-converter.png\" src=\"https:\/\/gpdstore.net\/wp-content\/uploads\/2024\/05\/gpd-win-max-2.mp4\"><\/video><\/figure>\n\n<div class=\"wp-block-columns is-layout-flex wp-container-core-columns-is-layout-28f84493 wp-block-columns-is-layout-flex\">\n<div class=\"wp-block-column is-layout-flow wp-block-column-is-layout-flow\" style=\"flex-basis:33.33%\">\n<figure class=\"wp-block-image size-full\"><img fetchpriority=\"high\" decoding=\"async\" width=\"669\" height=\"582\" src=\"https:\/\/gpdstore.net\/wp-content\/uploads\/2024\/05\/7044098-1.png\" alt=\"gpd win max 2\" class=\"wp-image-1642\" srcset=\"https:\/\/gpdstore.net\/wp-content\/uploads\/2024\/05\/7044098-1.png 669w, https:\/\/gpdstore.net\/wp-content\/uploads\/2024\/05\/7044098-1-150x130.png 150w, https:\/\/gpdstore.net\/wp-content\/uploads\/2024\/05\/7044098-1-600x522.png 600w, https:\/\/gpdstore.net\/wp-content\/uploads\/2024\/05\/7044098-1-441x384.png 441w\" sizes=\"(max-width: 669px) 100vw, 669px\" \/><\/figure>\n<\/div>\n\n\n\n<div class=\"wp-block-column is-layout-flow wp-block-column-is-layout-flow\" style=\"flex-basis:66.66%\">\n<h2 class=\"wp-block-heading\"><strong>GPD WIN MAX 2 2023 Handheld Gaming PC &#8211; AMD Ryzen 7 7840U (Zen 4), 10.1&#8243; 2.5K Display, 64GB RAM, OcuLink Support<\/strong><\/h2>\n\n\n\n<p>Why pay 2025 flagship prices when the GPD WIN MAX 2 2023 remains a top-tier contender? Powered by the legendary AMD Ryzen 7 7840U, this device is the ultimate &#8220;Silicon Sweet Spot&#8221; for gamers and professionals who demand 2.5K resolution and desktop-grade multitasking without the 2025 premium.<\/p>\n<\/div>\n<\/div>\n\n<h2 class=\"wp-block-heading has-text-align-center\">Concebido para a excel\u00eancia: Controlos de precis\u00e3o, versatilidade profissional e refrigera\u00e7\u00e3o inteligente<\/h2>\n\n<div class=\"wp-block-columns is-layout-flex wp-container-core-columns-is-layout-28f84493 wp-block-columns-is-layout-flex\">\n<div class=\"wp-block-column is-layout-flow wp-block-column-is-layout-flow\">\n<figure class=\"wp-block-image size-full\"><img decoding=\"async\" width=\"300\" height=\"300\" src=\"https:\/\/gpdstore.net\/wp-content\/uploads\/2024\/05\/074b1b41-54da-4de3-8a68-9035e22feb91.__CR880899899_PT0_SX300_V1___-1.jpg\" alt=\"remo&#xE7;&#xE3;o de bot&#xF5;es para gpd win max 2\" class=\"wp-image-1643\" srcset=\"https:\/\/gpdstore.net\/wp-content\/uploads\/2024\/05\/074b1b41-54da-4de3-8a68-9035e22feb91.__CR880899899_PT0_SX300_V1___-1.jpg 300w, https:\/\/gpdstore.net\/wp-content\/uploads\/2024\/05\/074b1b41-54da-4de3-8a68-9035e22feb91.__CR880899899_PT0_SX300_V1___-1-150x150.jpg 150w, https:\/\/gpdstore.net\/wp-content\/uploads\/2024\/05\/074b1b41-54da-4de3-8a68-9035e22feb91.__CR880899899_PT0_SX300_V1___-1-100x100.jpg 100w\" sizes=\"(max-width: 300px) 100vw, 300px\" \/><\/figure>\n\n\n\n<h3 class=\"wp-block-heading\"><strong><strong><strong>A vantagem do sensor Hall:<\/strong> como a indu\u00e7\u00e3o magn\u00e9tica elimina o &#8220;desvio do stick&#8221; e o desgaste f\u00edsico.<\/strong><\/strong><\/h3>\n\n\n\n<p>O potenci\u00f3metro tradicional que se baseia na escova de resist\u00eancia para gerar o sinal de tens\u00e3o \u00e9 propenso a problemas de \u201cderiva\u201d causados pelo desgaste durante uma utiliza\u00e7\u00e3o prolongada. Com o WIN Max 2 2023, introduzimos pela primeira vez sticks com sensor Hall com bobinas de indut\u00e2ncia incorporadas. O princ\u00edpio de funcionamento da indu\u00e7\u00e3o magn\u00e9tica (s\u00e3o gerados diferentes fluxos magn\u00e9ticos quando o bast\u00e3o roda para diferentes posi\u00e7\u00f5es, o que, por sua vez, gera diferentes sinais de tens\u00e3o) determina que os bast\u00f5es com sensor Hall n\u00e3o t\u00eam desgaste e, por conseguinte, n\u00e3o t\u00eam o problema do desvio do bast\u00e3o<\/p>\n<\/div>\n\n\n\n<div class=\"wp-block-column is-layout-flow wp-block-column-is-layout-flow\">\n<figure class=\"wp-block-image size-full\"><img decoding=\"async\" src=\"https:\/\/gpdstore.net\/wp-content\/uploads\/\" alt=\"tampas magn&#xE9;ticas para gpd\" class=\"wp-image-1645\"\/><\/figure>\n\n\n\n<h3 class=\"wp-block-heading\"><strong><strong><strong><strong>Magnetic Stealth Covers:<\/strong> Hide the joysticks for a clean, professional look in meetings.<\/strong><\/strong><\/strong><\/h3>\n\n\n\n<p>O controlador de jogos incorporado no PC de jogos port\u00e1til pode torn\u00e1-lo inadequado para o local de trabalho! Para resolver este problema, adicion\u00e1mos duas capas de stick para o WIN Max 2 2023. O design magn\u00e9tico garante que as duas capas n\u00e3o caem durante a utiliza\u00e7\u00e3o do dispositivo. Quando jogas, tamb\u00e9m podes guardar as capas no compartimento traseiro, o que ajuda a evitar perdas acidentais!<\/p>\n<\/div>\n\n\n\n<div class=\"wp-block-column is-layout-flow wp-block-column-is-layout-flow\">\n<figure class=\"wp-block-image size-full\"><img decoding=\"async\" width=\"300\" height=\"300\" src=\"https:\/\/gpdstore.net\/wp-content\/uploads\/2024\/05\/5f397565-522a-44f6-910c-e7d2cec4ed88.__CR107012291229_PT0_SX300_V1___-1.jpg\" alt=\"arrefecimento win max 2\" class=\"wp-image-1646\" srcset=\"https:\/\/gpdstore.net\/wp-content\/uploads\/2024\/05\/5f397565-522a-44f6-910c-e7d2cec4ed88.__CR107012291229_PT0_SX300_V1___-1.jpg 300w, https:\/\/gpdstore.net\/wp-content\/uploads\/2024\/05\/5f397565-522a-44f6-910c-e7d2cec4ed88.__CR107012291229_PT0_SX300_V1___-1-150x150.jpg 150w, https:\/\/gpdstore.net\/wp-content\/uploads\/2024\/05\/5f397565-522a-44f6-910c-e7d2cec4ed88.__CR107012291229_PT0_SX300_V1___-1-100x100.jpg 100w\" sizes=\"(max-width: 300px) 100vw, 300px\" \/><\/figure>\n\n\n\n<h3 class=\"wp-block-heading\"><strong><strong>Hardware avan\u00e7ado:<\/strong> Aproveita um turbofan de alto desempenho e tubos de calor duplos para um fluxo de ar robusto.<\/strong><\/h3>\n\n\n\n<p>O GPD WIN MAX 2 2023 inclui um sistema de arrefecimento melhorado para PC com um turbofan de grandes dimens\u00f5es + tubos de calor duplos, que se caracteriza por um sopro de ar lateral de grande volume e um controlo de velocidade altamente inteligente. Quando a temperatura interna for inferior a 40\u00b0C, a velocidade da ventoinha n\u00e3o exceder\u00e1 20% da sua capacidade m\u00e1xima. Quando a temperatura interna atinge mais de 40\u00b0C, a velocidade da ventoinha aumenta em incrementos de 2% PWM at\u00e9 atingir o seu limite m\u00e1ximo (100%).<\/p>\n<\/div>\n<\/div>\n\n<h3 class=\"wp-block-heading\"><strong>UM PRAZER VISUAL: ECR\u00c3 T\u00c1CTIL DE CONTROLO DE 10,1 POLEGADAS<\/strong><\/h3>\n\n<figure class=\"wp-block-image size-large\"><img loading=\"lazy\" decoding=\"async\" width=\"1200\" height=\"782\" src=\"https:\/\/gpdstore.net\/wp-content\/uploads\/2024\/05\/7044066-1-1200x782.png\" alt=\"GPD win max com PC\" class=\"wp-image-1648\" srcset=\"https:\/\/gpdstore.net\/wp-content\/uploads\/2024\/05\/7044066-1-1200x782.png 1200w, https:\/\/gpdstore.net\/wp-content\/uploads\/2024\/05\/7044066-1-150x98.png 150w, https:\/\/gpdstore.net\/wp-content\/uploads\/2024\/05\/7044066-1-600x391.png 600w, https:\/\/gpdstore.net\/wp-content\/uploads\/2024\/05\/7044066-1-768x501.png 768w, https:\/\/gpdstore.net\/wp-content\/uploads\/2024\/05\/7044066-1-990x645.png 990w, https:\/\/gpdstore.net\/wp-content\/uploads\/2024\/05\/7044066-1-441x287.png 441w, https:\/\/gpdstore.net\/wp-content\/uploads\/2024\/05\/7044066-1.png 1442w\" sizes=\"(max-width: 1200px) 100vw, 1200px\" \/><\/figure>\n\n<p>Prepara-te para te surpreenderes com o ecr\u00e3 t\u00e1til de 10,1&#8243; com controlo de toque de 10 pontos do GPD WIN MAX 2 2023. Com uma rela\u00e7\u00e3o de aspeto 16:10 e uma resolu\u00e7\u00e3o de 1920&#215;1200, este ecr\u00e3 vibrante proporciona imagens impressionantes. Suportando resolu\u00e7\u00f5es at\u00e9 2560&#215;1600 e uma densidade de p\u00edxeis de 299 <a href=\"https:\/\/www.displayninja.com\/what-is-pixel-density\/\">PPI<\/a>, todos os detalhes s\u00e3o n\u00edtidos e claros para uma experi\u00eancia de jogo envolvente.  <\/p>\n\n<h2 class=\"wp-block-heading\"><strong><strong>Zen 4 Performance: The Emulation King<\/strong><\/strong><\/h2>\n\n<p>The 7840U Phoenix architecture remains a fan favorite in 2025 for its incredible efficiency.<\/p>\n\n<p>Native OcuLink: Skip the USB4 bottlenecks. Connect directly to the GPD G1 eGPU for a 4K desktop experience.<\/p>\n\n<p>Pro-Grade Emulation: Native AVX-512 support allows for superior PS3 (RPCS3) and Xbox 360 (Xenia) performance compared to many newer, more expensive handhelds.<\/p>\n\n<p>Software Boosted: Fully compatible with AMD AFMF 2 and FSR 3.1, allowing you to play AAA titles at smooth frame rates on the 10.1&#8243; screen.<\/p>\n\n<h2 class=\"wp-block-heading\"><strong>GR\u00c1FICOS QUE SURPREENDEM: AMD RADEON 780M GPU<\/strong><\/h2>\n\n<p>Deixa-te impressionar pelos visuais deslumbrantes do GPD WIN MAX 2 2023, gra\u00e7as \u00e0 sua <a href=\"https:\/\/www.notebookcheck.net\/AMD-Radeon-780M-GPU-Benchmarks-and-Specs.680539.0.html\" target=\"_blank\" rel=\"noreferrer noopener nofollow\">GPU AMD Radeon 780M<\/a>. Esta potente placa gr\u00e1fica proporciona taxas de fotogramas suaves e gr\u00e1ficos de cortar a respira\u00e7\u00e3o para uma experi\u00eancia de jogo visualmente deslumbrante.<\/p>\n\n<h2 class=\"wp-block-heading\"><strong>MEM\u00d3RIA INIGUAL\u00c1VEL: AT\u00c9 64 GB DE RAM LPDDR5<\/strong><\/h2>\n\n<p>O GPD WIN MAX 2 2023 est\u00e1 equipado com uma mem\u00f3ria RAM <a href=\"https:\/\/en.wikipedia.org\/wiki\/LPDDR\">LPDDR5<\/a> de 6400 MT\/s extremamente r\u00e1pida, que garante tempos de carregamento r\u00e1pidos, multitarefas sem problemas e uma jogabilidade suave em cen\u00e1rios exigentes.<\/p>\n\n<h2 class=\"wp-block-heading\"><strong>ARMAZENAMENTO AMPLO: M.2 NVME 2280 SSD 4TB <\/strong><\/h2>\n\n<p>Esquece a possibilidade de ficar sem espa\u00e7o de armazenamento com o espa\u00e7oso SSD M.2 <a href=\"https:\/\/en.wikipedia.org\/wiki\/NVM_Express#:~:text=NVM%20Express%20(NVMe)%20or%20Non,via%20the%20PCI%20Express%20bus.\">NVME<\/a> 2280 com uma capacidade impressionante de 4 TB. Diz adeus \u00e0 elimina\u00e7\u00e3o de jogos por falta de espa\u00e7o; com o GPD WIN MAX 2 2023, as possibilidades s\u00e3o infinitas.<\/p>\n\n<h2 class=\"wp-block-heading\"><strong>MANT\u00c9M-TE LIGADO: WI-FI 6 E BLUETOOTH 5.2<\/strong><\/h2>\n\n<p>A conetividade \u00e9 fundamental com o <a href=\"https:\/\/www.theverge.com\/2019\/2\/21\/18232026\/wi-fi-6-speed-explained-router-wifi-how-does-work\">WiFi 6<\/a> para liga\u00e7\u00f5es \u00e0 Internet extremamente r\u00e1pidas e est\u00e1veis, garantindo experi\u00eancias de jogo online suaves. <a href=\"https:\/\/www.bluetooth.com\/bluetooth-resources\/whats-new-in-core-spec-version-5-2\/\">O Bluetooth 5.2<\/a> permite-te ligar perif\u00e9ricos sem fios para uma experi\u00eancia de jogo verdadeiramente envolvente.<\/p>\n\n<h2 class=\"wp-block-heading\"><strong>CONECTIVIDADE SEM FALHAS: PORTAS VERS\u00c1TEIS<\/strong><\/h2>\n\n<p>O GPD WIN MAX 2 2023 disp\u00f5e de uma gama de portas para todas as necessidades de jogos e perif\u00e9ricos. Com 1x USB 4, 1x USB 3.2 Gen 2 Type-C, 2x portas USB 3.2 Gen 2 Type-A e uma porta <a href=\"https:\/\/blog.fosketts.net\/2017\/06\/22\/what-is-oculink\/\" target=\"_blank\" rel=\"noreferrer noopener nofollow\">OCuLink<\/a>(SFF-8612), liga facilmente dispositivos externos. <\/p>\n\n<h2 class=\"wp-block-heading\"><strong>CARACTER\u00cdSTICAS MELHORADAS PARA UMA COMODIDADE INIGUAL\u00c1VEL<\/strong><\/h2>\n\n<p>O GPD WIN MAX 2 2023 proporciona-te uma experi\u00eancia de jogo perfeita com um sensor de impress\u00f5es digitais para um desbloqueio r\u00e1pido e seguro do dispositivo. O Microsoft Precision Touchpad (PTP) garante um controlo suave e preciso do cursor, e o teclado retroiluminado permite jogar em ambientes com pouca luz. <\/p>\n\n<h2 class=\"wp-block-heading\"><strong>ENERGIA QUE DURA: BATERIA DE LONGA DURA\u00c7\u00c3O<\/strong><\/h2>\n\n<p>A bateria de pol\u00edmero de l\u00edtio de 67Wh do GPD WIN MAX 2 2023 proporciona at\u00e9 3 horas de utiliza\u00e7\u00e3o intensa, 6-8 horas de utiliza\u00e7\u00e3o moderada e umas impressionantes 14 horas de utiliza\u00e7\u00e3o ligeira, garantindo uma fonte de alimenta\u00e7\u00e3o fi\u00e1vel e duradoura para os jogadores.<\/p>\n\n<h2 class=\"wp-block-heading\"><strong>DESIGN COMPACTO E LEVE<\/strong><\/h2>\n\n<p>O GPD WIN MAX 2 2023 oferece um desempenho poderoso num design compacto e leve, medindo apenas 8,9 x 6,2 x 0,9 polegadas e pesando apenas 1005g. Fabricado com materiais de alta qualidade, garante durabilidade e qualidade de constru\u00e7\u00e3o para jogos em movimento. <\/p>\n\n<h2 class=\"wp-block-heading\"><strong>WINDOWS 11 HOME PR\u00c9-INSTALADO<\/strong><\/h2>\n\n<p>O GPD WIN MAX 2 2023 vem pr\u00e9-instalado com o <a href=\"https:\/\/www.microsoft.com\/en-gb\/windows\/windows-11\" target=\"_blank\" rel=\"noreferrer noopener nofollow\">Windows 11 Home<\/a>, oferecendo uma experi\u00eancia de jogo optimizada com a sua interface intuitiva e funcionalidades de jogo melhoradas.<\/p>\n\n<h2 class=\"wp-block-heading\"><strong>CONCLUS\u00c3O<\/strong><\/h2>\n\n<p>O GPD WIN MAX 2 2023 \u00e9 o derradeiro PC de jogos port\u00e1til, proporcionando um desempenho de jogo topo de gama num formato compacto. Com o CPU AMD Ryzen 7 7840U ou Ryzen 5 7640U, GPU AMD Radeon 780M e at\u00e9 64 GB de RAM, garante um desempenho excecional para jogos exigentes. O ecr\u00e3 de controlo t\u00e1til de 10,1&#8243;, as op\u00e7\u00f5es de conetividade vers\u00e1teis e as funcionalidades pr\u00e1ticas tornam os jogos em movimento muito f\u00e1ceis. Com uma bateria de longa dura\u00e7\u00e3o e um design compacto, desfruta de jogos sem limites.   <\/p>\n\n<h3 class=\"wp-block-heading\"><strong>Pr\u00f3s do GPD WIN MAX 2 2023:<\/strong><\/h3>\n\n<ol class=\"wp-block-list\">\n<li>Powerful Performance: AMD Ryzen 7 7840U CPU and Ryzen 5 7640U with AMD Radeon 780M GPU deliver impressive performance for demanding games.<\/li>\n\n\n\n<li>Compact and Portable: The GPD WIN MAX 2 2023 offers unparalleled portability, making it easy to game on the go.<\/li>\n\n\n\n<li>Stunning Display: The 10.1&#8243; touch control display provides vibrant visuals and a high-resolution experience.<\/li>\n\n\n\n<li>Versatile Connectivity: The GPD WIN MAX 2 2023 offers a range of ports and wireless connectivity options, ensuring seamless integration with peripherals and online gaming experiences.<\/li>\n\n\n\n<li>Ample Storage: The spacious 4TB SSD eliminates the need to constantly delete and reinstall games.<\/li>\n<\/ol>\n\n<h3 class=\"wp-block-heading\">Order Your GPD WIN MAX 2 \u2013 In Stock &amp; Ready to Ship<\/h3>\n\n<p>Get the industry\u2019s most versatile work-and-play hybrid with a full 12-month official warranty.<\/p>\n\n<ul class=\"wp-block-list\">\n<li>Status: In Stock (Ships within 24 hours).<\/li>\n\n\n\n<li>Shipping: Insured worldwide express delivery.<\/li>\n\n\n\n<li>Support: Authorized GPD technical assistance included.<\/li>\n<\/ul>\n\n<p>L\u00ea a nossa an\u00e1lise completa do GPD WIN MAX 2 2023 <a href=\"https:\/\/droix.net\/blogs\/gpd-win-max-2-2023-review\/\">aqui<\/a> para conheceres as fun\u00e7\u00f5es detalhadas, os benchmarks, a jogabilidade e o desempenho da emula\u00e7\u00e3o.<\/p>\n","protected":false},"excerpt":{"rendered":"<ul>\n<li>CPU: AMD Ryzen 5 \/ 7<strong> 7640U \/ 7840U <\/strong> <\/li>\n<li>GPU: AMD Radeon<strong> 760M \/ 780M<\/strong><\/li>\n<li>RAM: at\u00e9<strong> 64GB LPDDR5X @ 6400 MT\/s<\/strong><\/li>\n<li>ARMAZENAMENTO: at\u00e9<strong> 4TB<\/strong> <strong>Gen 3<\/strong> PCI-E NVMe SSD<\/li>\n<li>CONECTIVIDADE: Suporta Wi-Fi<strong> 6<\/strong> e Bluetooth <strong>5.2<\/strong> <\/li>\n<\/ul>\n[cg_accordion title=\"INFORMA\u00c7\u00d5ES DE PAGAMENTO\"]<\/p>\n<p>Utilizamos a mais recente tecnologia em processamento de pagamentos, o que lhe permite efetuar o checkout atrav\u00e9s do seu cart\u00e3o de d\u00e9bito\/cr\u00e9dito ou PayPal para uma experi\u00eancia r\u00e1pida e segura.[\/cg_accordion]\n[cg_accordion title=\"GARANTIA\"]<\/p>\n<p>2 anos de garantia da <a href=\"https:\/\/droix.net\/\" target=\"_blank\" rel=\"nofollow noopener\">DROIX Global<\/a> para a sua paz de esp\u00edrito[\/cg_accordion]\n[cg_accordion title=\"GARANTIA DE QUALIDADE E ENSAIOS PR\u00c9-EXPEDI\u00c7\u00c3O\"]<\/p>\n<p>Garante a satisfa\u00e7\u00e3o do cliente ao mais alto n\u00edvel: Todos os dispositivos s\u00e3o submetidos a testes rigorosos e a uma verifica\u00e7\u00e3o de garantia de qualidade multiponto antes de serem enviados. A nossa equipa dedicada verifica o desempenho, a funcionalidade e a integridade dos componentes para garantir que o teu dispositivo GPD est\u00e1 em perfeitas condi\u00e7\u00f5es de funcionamento \u00e0 chegada, proporcionando-te confian\u00e7a e paz de esp\u00edrito. [\/cg_accordion]\n[cg_accordion title=\"PRE\u00c7OS, IMPOSTOS E ENVIO\"]<\/p>\n<p><strong><u>Nota:<\/u><\/strong><\/p>\n<ul>\n<li>Clientes dos Estados Unidos: O pre\u00e7o apresentado N\u00c3O inclui TAXAS nem impostos. A responsabilidade pelo desalfandegamento e pelo pagamento de quaisquer impostos\/taxas associadas recai sobre o cliente. <\/li>\n<li>Clientes da UE: O pre\u00e7o apresentado inclui o IMPOSTO aplic\u00e1vel, que pode ir at\u00e9 25% consoante o pa\u00eds.<\/li>\n<li>Clientes do Canad\u00e1: O pre\u00e7o apresentado inclui os impostos aplic\u00e1veis, que podem incluir 5% de GST e impostos adicionais sobre vendas provinciais (PST), imposto sobre vendas harmonizado (HST) ou imposto sobre vendas do Quebec (QST), dependendo da sua prov\u00edncia.<\/li>\n<\/ul>\n<p><strong>APENAS para clientes da UE:<\/strong> Expresso DDP (Delivered Duty Paid). Isto significa que: <\/p>\n<ul>\n<li>Todos os direitos aduaneiros e impostos est\u00e3o inclu\u00eddos no pre\u00e7o apresentado na p\u00e1gina do produto.<\/li>\n<li>N\u00e3o ter\u00e1 de pagar quaisquer encargos adicionais aquando da entrega.<\/li>\n<li>Na rara eventualidade de problemas relacionados com a alf\u00e2ndega, a nossa equipa tratar\u00e1 do processo de desalfandegamento em seu nome para garantir uma experi\u00eancia de entrega sem problemas.<\/li>\n<p>Informa\u00e7\u00f5es importantes sobre as devolu\u00e7\u00f5es:<\/p>\n<li>Se decidir devolver a sua encomenda ou solicitar um reembolso, tenha em aten\u00e7\u00e3o que os impostos e direitos pagos em seu nome ao abrigo das condi\u00e7\u00f5es DDP n\u00e3o podem ser reembolsados.<\/li>\n<p>Consulte os nossos <a href=\"https:\/\/droix.net\/terms-and-conditions\/\" target=\"_blank\" rel=\"nofollow noopener\">Termos e Condi\u00e7\u00f5es<\/a> para obter informa\u00e7\u00f5es pormenorizadas.\n<\/ul>\n<p>[\/cg_accordion]\n[cg_accordion title=\"APOIO AO CLIENTE\"]<\/p>\n<p>Tem uma pergunta? Estamos a uma curta mensagem de texto de ter o seu problema resolvido! <\/p>\n<p>Consulte os nossos <a href=\"https:\/\/gpdstore.net\/pt-pt\/terms-of-service\/\" target=\"_blank\" rel=\"nofollow noopener\">Termos e Condi\u00e7\u00f5es<\/a> para obter informa\u00e7\u00f5es pormenorizadas.\n<\/ul>\n<p>[\/cg_accordion]\n[cg_accordion title=\"O QUE EST\u00c1 INCLU\u00cdDO\"]<\/p>\n<ul>\n<li>1x GPD WIN MAX 2 2023<\/li>\n<li>1x Adaptador de alimenta\u00e7\u00e3o<\/li>\n<li>1x Cabo USB tipo C<\/li>\n<li>1x Manual do utilizador<\/li>\n<\/ul>\n<p>[\/cg_accordion]\n","protected":false},"featured_media":172539,"template":"","meta":{"_acf_changed":false},"product_brand":[],"product_cat":[5901],"product_tag":[15924,17852],"woo-feed-brand":[5757],"class_list":{"0":"post-172331","1":"product","2":"type-product","3":"status-publish","4":"has-post-thumbnail","6":"product_cat-gpd-handheld-pc-para-jogos-2","7":"product_tag-15xmsale-pt-pt","8":"product_tag-gpd-win-max-2-pt-pt","9":"product_shipping_class-premium","10":"pa_bluetooth-5-2-pt-pt","11":"pa_brand-gpd","12":"pa_graphics-gpu-model-radeon-760m-pt-pt","13":"pa_graphics-gpu-model-graficos-intel-iris-xe-pt-pt","14":"pa_i-o-video-1x-hdmi-2-1-pt-pt","15":"pa_i-o-video-1x-oculink-pt-pt","16":"pa_i-o-video-via-1x-usb-4-0-type-c-40gb-s-pt-pt","17":"pa_memory-ram-capacity-16-gb-pt-pt-2","18":"pa_memory-ram-capacity-32-gb-pt-pt","19":"pa_memory-ram-capacity-64-gb-pt-pt","20":"pa_memory-ram-technology-lpddr5x-pt-pt","21":"pa_processor-cpu-model-amd-ryzen-5-7640u","22":"pa_processor-cpu-model-amd-ryzen-7-7840u","23":"pa_storage-capacity-1tb-pt-pt-2","24":"pa_storage-capacity-2tb-pt-pt","25":"pa_storage-capacity-4tb-pt-pt","26":"pa_storage-technology-pcie-gen-3-pt-pt","27":"pa_wi-fi-wi-fi-6-pt-pt","28":"woo-feed-brand-gpd-pt-pt","30":"first","31":"outofstock","32":"sale","33":"taxable","34":"shipping-taxable","35":"purchasable","36":"product-type-variable","37":"has-default-attributes"},"acf":[],"aioseo_notices":[],"_links":{"self":[{"href":"https:\/\/gpdstore.net\/pt-pt\/wp-json\/wp\/v2\/product\/172331","targetHints":{"allow":["GET"]}}],"collection":[{"href":"https:\/\/gpdstore.net\/pt-pt\/wp-json\/wp\/v2\/product"}],"about":[{"href":"https:\/\/gpdstore.net\/pt-pt\/wp-json\/wp\/v2\/types\/product"}],"wp:featuredmedia":[{"embeddable":true,"href":"https:\/\/gpdstore.net\/pt-pt\/wp-json\/wp\/v2\/media\/172539"}],"wp:attachment":[{"href":"https:\/\/gpdstore.net\/pt-pt\/wp-json\/wp\/v2\/media?parent=172331"}],"wp:term":[{"taxonomy":"product_brand","embeddable":true,"href":"https:\/\/gpdstore.net\/pt-pt\/wp-json\/wp\/v2\/product_brand?post=172331"},{"taxonomy":"product_cat","embeddable":true,"href":"https:\/\/gpdstore.net\/pt-pt\/wp-json\/wp\/v2\/product_cat?post=172331"},{"taxonomy":"product_tag","embeddable":true,"href":"https:\/\/gpdstore.net\/pt-pt\/wp-json\/wp\/v2\/product_tag?post=172331"},{"taxonomy":"woo-feed-brand","embeddable":true,"href":"https:\/\/gpdstore.net\/pt-pt\/wp-json\/wp\/v2\/woo-feed-brand?post=172331"}],"curies":[{"name":"wp","href":"https:\/\/api.w.org\/{rel}","templated":true}]}}